{"id":10764,"date":"2021-06-21T16:13:31","date_gmt":"2021-06-21T08:13:31","guid":{"rendered":"https:\/\/www.agriculture-machine.com\/?p=10764"},"modified":"2024-09-18T16:12:33","modified_gmt":"2024-09-18T08:12:33","slug":"small-corn-peeler-thresher-for-sale","status":"publish","type":"product","link":"https:\/\/www.agriculture-machine.com\/tr\/small-corn-peeler-thresher-for-sale\/","title":{"rendered":"K\u00fc\u00e7\u00fck m\u0131s\u0131r soyucu | Mini m\u0131s\u0131r ay\u0131r\u0131c\u0131 makinesi"},"content":{"rendered":"<p class=\"translation-block\">Dikey k\u00fc\u00e7\u00fck <strong>m\u0131s\u0131r soyucu ve ay\u0131klay\u0131c\u0131<\/strong> makinesi iki fonksiyona sahiptir, biri soyma di\u011feri ay\u0131klamad\u0131r. Ayr\u0131ca, mini m\u0131s\u0131r ay\u0131klay\u0131c\u0131 makinesi elektrik motorlar\u0131 veya benzin motorlar\u0131 ile donat\u0131labilir. <\/p>    <p>\u00c7\u0131k\u0131\u015f kapasitesi 1500-2000 kg\/s (m\u0131s\u0131r taneleri), bu da ev kullan\u0131m\u0131 i\u00e7in \u00e7ok uygundur. Ailenizde m\u0131s\u0131r yeti\u015ftiriyorsan\u0131z, b\u00f6yle k\u00fc\u00e7\u00fck bir m\u0131s\u0131r soyucu ve ay\u0131klay\u0131c\u0131 makine alabilirsiniz, bu da m\u0131s\u0131r i\u015fleme i\u015flemini \u00e7ok pratik hale getirir.<\/p>    <figure class=\"wp-block-embed is-type-video is-provider-youtube wp-block-embed-youtube wp-embed-aspect-16-9 wp-has-aspect-ratio\"><div class=\"wp-block-embed__wrapper\"> <iframe loading=\"lazy\" title=\"Y\u00fcksek Verimli M\u0131s\u0131r Par\u00e7alama ve Ay\u0131klama Makinesi \u0130\u015fletimi | Tar\u0131m Makineleri \u00d6nc\u00fcs\u00fc\" width=\"500\" height=\"281\" src=\"https:\/\/www.youtube.com\/embed\/Hfeg1nPOT2Y?feature=oembed\" frameborder=\"0\" allow=\"accelerometer; autoplay; clipboard-write; encrypted-media; gyroscope; picture-in-picture; web-share\" referrerpolicy=\"strict-origin-when-cross-origin\" allowfullscreen><\/iframe> <\/div><figcaption class=\"wp-element-caption\">Ta\u015f\u0131nabilir k\u00fc\u00e7\u00fck m\u0131s\u0131r soyucu ve ay\u0131klay\u0131c\u0131 \u00e7al\u0131\u015fma videosu<\/figcaption><\/figure>    <h2 class=\"wp-block-heading\">K\u00fc\u00e7\u00fck m\u0131s\u0131r soyucu ve ay\u0131klay\u0131c\u0131ya k\u0131sa giri\u015f<\/h2>    <p>Ev m\u0131s\u0131r soyma ve ay\u0131klama makinemiz kullan\u0131m\u0131 kolayd\u0131r ve m\u0131s\u0131r soyulduktan sonra ay\u0131klama i\u015flemi yap\u0131lmadan \u00e7al\u0131\u015fmaz. Makine k\u00fc\u00e7\u00fck olmas\u0131na ra\u011fmen, g\u00fcnl\u00fck aile ihtiya\u00e7lar\u0131n\u0131 kar\u015f\u0131lamak i\u00e7in verimli \u00e7al\u0131\u015f\u0131r. <\/p>    <p>Ayr\u0131ca, m\u0131s\u0131r soyma ve ay\u0131klama makinesi iyi \u00e7al\u0131\u015f\u0131r ve i\u015flenmi\u015f m\u0131s\u0131r ko\u00e7an\u0131 tamamd\u0131r ve az k\u0131r\u0131lm\u0131\u015ft\u0131r. Ayr\u0131ca temizdir ve m\u0131s\u0131r ko\u00e7an\u0131 tekrar elenmesine gerek kalmaz, zaman ve emek tasarrufu sa\u011flar. <\/p>    <p class=\"translation-block\">Ayr\u0131ca, daha b\u00fcy\u00fck modellerde m\u0131s\u0131r ay\u0131klama makineleri, <a href=\"https:\/\/www.agriculture-machine.com\/tr\/multifunctional-thresher-for-maize-beans-sorghum-millet\/\"><strong>\u00e7ok fonksiyonlu ay\u0131klama makineleri<\/strong><\/a>, pirin\u00e7 ve bu\u011fday ay\u0131klama makineleri ve <a href=\"https:\/\/www.agriculture-machine.com\/tr\/small-sweet-corn-sheller-for-fresh-maize\/\"><strong>tatl\u0131 m\u0131s\u0131r ay\u0131klama makineleri<\/strong><\/a> de mevcuttur. M\u00fc\u015fteriler ihtiya\u00e7lar\u0131na g\u00f6re makine se\u00e7ebilirler.<\/p>    <figure class=\"wp-block-gallery has-nested-images columns-default is-cropped wp-block-gallery-2 is-layout-flex wp-block-gallery-is-layout-flex\"> <figure class=\"wp-block-image size-large\"><img loading=\"lazy\" decoding=\"async\" width=\"720\" height=\"540\" data-id=\"13409\" src=\"https:\/\/www.agriculture-machine.com\/wp-content\/uploads\/2022\/05\/small-maize-peeler-and-thresher.jpg\" alt=\"k\u00fc\u00e7\u00fck m\u0131s\u0131r soyucu ve ay\u0131klay\u0131c\u0131\" class=\"wp-image-13409\" title=\"k\u00fc\u00e7\u00fck m\u0131s\u0131r soyucu ve ay\u0131klay\u0131c\u0131\" srcset=\"https:\/\/www.agriculture-machine.com\/wp-content\/uploads\/2022\/05\/small-maize-peeler-and-thresher.jpg 720w, https:\/\/www.agriculture-machine.com\/wp-content\/uploads\/2022\/05\/small-maize-peeler-and-thresher-360x270.jpg 360w, https:\/\/www.agriculture-machine.com\/wp-content\/uploads\/2022\/05\/small-maize-peeler-and-thresher-240x180.jpg 240w\" sizes=\"auto, (max-width: 720px) 100vw, 720px\" \/><figcaption class=\"wp-element-caption\">k\u00fc\u00e7\u00fck m\u0131s\u0131r soyucu ve ay\u0131klay\u0131c\u0131<\/figcaption><\/figure>    <figure class=\"wp-block-image size-large\"><img loading=\"lazy\" decoding=\"async\" width=\"720\" height=\"540\" data-id=\"13410\" src=\"https:\/\/www.agriculture-machine.com\/wp-content\/uploads\/2022\/05\/corn-threshing-machine.jpg\" alt=\"m\u0131s\u0131r ay\u0131klama makinesi\" class=\"wp-image-13410\" title=\"m\u0131s\u0131r ay\u0131klama makinesi\" srcset=\"https:\/\/www.agriculture-machine.com\/wp-content\/uploads\/2022\/05\/corn-threshing-machine.jpg 720w, https:\/\/www.agriculture-machine.com\/wp-content\/uploads\/2022\/05\/corn-threshing-machine-360x270.jpg 360w, https:\/\/www.agriculture-machine.com\/wp-content\/uploads\/2022\/05\/corn-threshing-machine-240x180.jpg 240w\" sizes=\"auto, (max-width: 720px) 100vw, 720px\" \/><figcaption class=\"wp-element-caption\">m\u0131s\u0131r ay\u0131klama makinesi<\/figcaption><\/figure>    <figure class=\"wp-block-image size-large\"><img loading=\"lazy\" decoding=\"async\" width=\"720\" height=\"540\" data-id=\"13411\" src=\"https:\/\/www.agriculture-machine.com\/wp-content\/uploads\/2022\/05\/mini-corn-thresher.jpg\" alt=\"mini m\u0131s\u0131r ay\u0131klay\u0131c\u0131\" class=\"wp-image-13411\" title=\"mini m\u0131s\u0131r ay\u0131klay\u0131c\u0131\" srcset=\"https:\/\/www.agriculture-machine.com\/wp-content\/uploads\/2022\/05\/mini-corn-thresher.jpg 720w, https:\/\/www.agriculture-machine.com\/wp-content\/uploads\/2022\/05\/mini-corn-thresher-360x270.jpg 360w, https:\/\/www.agriculture-machine.com\/wp-content\/uploads\/2022\/05\/mini-corn-thresher-240x180.jpg 240w\" sizes=\"auto, (max-width: 720px) 100vw, 720px\" \/><figcaption class=\"wp-element-caption\">mini m\u0131s\u0131r ay\u0131klay\u0131c\u0131<\/figcaption><\/figure> <\/figure>    <h2 class=\"wp-block-heading\">K\u00fc\u00e7\u00fck \u00f6l\u00e7ekli m\u0131s\u0131r ay\u0131klama makinesinin yap\u0131s\u0131<\/h2>    <p>Bu k\u00fc\u00e7\u00fck \u00f6l\u00e7ekli m\u0131s\u0131r ay\u0131klama makinesi, esasen malzeme giri\u015fi, \u00e7er\u00e7eve, g\u00fc\u00e7 (elektrik motoru veya benzin motoru), m\u0131s\u0131r taneleri \u00e7\u0131k\u0131\u015f\u0131, kabuk, ve ay\u0131klama odas\u0131, fan vb. bile\u015fenlerden olu\u015fur. <\/p>    <figure class=\"wp-block-image aligncenter size-full\"><img loading=\"lazy\" decoding=\"async\" width=\"720\" height=\"540\" src=\"https:\/\/www.agriculture-machine.com\/wp-content\/uploads\/2022\/05\/small-scale-corn-threshing-machines-structure.jpg\" alt=\"k\u00fc\u00e7\u00fck \u00f6l\u00e7ekli m\u0131s\u0131r ay\u0131klama makinesinin yap\u0131s\u0131\" class=\"wp-image-13406\" title=\"k\u00fc\u00e7\u00fck \u00f6l\u00e7ekli m\u0131s\u0131r ay\u0131klama makinesinin yap\u0131s\u0131\" srcset=\"https:\/\/www.agriculture-machine.com\/wp-content\/uploads\/2022\/05\/small-scale-corn-threshing-machines-structure.jpg 720w, https:\/\/www.agriculture-machine.com\/wp-content\/uploads\/2022\/05\/small-scale-corn-threshing-machines-structure-360x270.jpg 360w, https:\/\/www.agriculture-machine.com\/wp-content\/uploads\/2022\/05\/small-scale-corn-threshing-machines-structure-240x180.jpg 240w\" sizes=\"auto, (max-width: 720px) 100vw, 720px\" \/><figcaption class=\"wp-element-caption\">small-scale corn threshing machine&#8217;s structure<\/figcaption><\/figure>    <h2 class=\"wp-block-heading\" id=\"h-5-reasons-to-use-the-mini-corn-thresher-machine\">Mini m\u0131s\u0131r ay\u0131klay\u0131c\u0131 makineyi kullanman\u0131n 5 nedeni<\/h2>    <ol class=\"wp-block-list\"> <li>The threshing effect is high. Its capacity is 2000 kg per hour. So, it can meet people&#8217;s threshing needs, when the corn is harvested.<\/li>    <li>High removal rate. It has a 99% removal rate. So we don&#8217;t need to worry about missing a lot of corn seeds.<\/li>    <li>Besleme giri\u015fi geni\u015ftir, besleme giri\u015finin geni\u015fli\u011fi 330mm ve uzunlu\u011fu 360mm'dir. Bir seferde \u00e7ok miktarda m\u0131s\u0131r besleyebilir. Bu da zaman ve enerji tasarrufu sa\u011flar, bu k\u00fc\u00e7\u00fck ev m\u0131s\u0131r soyucu ve ay\u0131klay\u0131c\u0131 makineyi kullan\u0131rken.<\/li>    <li>Tohumlar ve ko\u00e7anlar otomatik olarak daha az zaman ve \u00e7aba ile ayr\u0131l\u0131r ve m\u0131s\u0131r ko\u00e7anlar\u0131 ile m\u0131s\u0131r taneleri otomatik olarak ayr\u0131l\u0131r.<\/li>    <li>Birden fazla fonksiyonla soyma ve ay\u0131klamay\u0131 tamamlayabilir.<\/li> <\/ol>    <figure class=\"wp-block-image aligncenter size-full\"><img loading=\"lazy\" decoding=\"async\" width=\"720\" height=\"540\" src=\"https:\/\/www.agriculture-machine.com\/wp-content\/uploads\/2022\/05\/traditional-threshing-method.jpg\" alt=\"Geleneksel ay\u0131klama y\u00f6ntemi\" class=\"wp-image-13412\" title=\"Geleneksel ay\u0131klama y\u00f6ntemi\" srcset=\"https:\/\/www.agriculture-machine.com\/wp-content\/uploads\/2022\/05\/traditional-threshing-method.jpg 720w, https:\/\/www.agriculture-machine.com\/wp-content\/uploads\/2022\/05\/traditional-threshing-method-360x270.jpg 360w, https:\/\/www.agriculture-machine.com\/wp-content\/uploads\/2022\/05\/traditional-threshing-method-240x180.jpg 240w\" sizes=\"auto, (max-width: 720px) 100vw, 720px\" \/><figcaption class=\"wp-element-caption\">Geleneksel ay\u0131klama y\u00f6ntemi<\/figcaption><\/figure>    <h2 class=\"wp-block-heading\" id=\"h-advantages-of-small-maize-peeler-and-thresher-machine\">K\u00fc\u00e7\u00fck m\u0131s\u0131r soyucu ve ay\u0131klay\u0131c\u0131 makinesinin avantajlar\u0131<\/h2>    <p>Mini m\u0131s\u0131r soyucu ve ay\u0131klay\u0131c\u0131 makinesi kal\u0131nla\u015ft\u0131r\u0131lm\u0131\u015f ve g\u00fc\u00e7lendirilmi\u015f bir \u00e7er\u00e7eveye sahiptir. Bu nedenle, daha uzun servis \u00f6mr\u00fcne sahiptir. Ayn\u0131 zamanda, sa\u011flam bir \u00e7er\u00e7eve ay\u0131klay\u0131c\u0131 makinenin daha stabil ve dayan\u0131kl\u0131 \u00e7al\u0131\u015fmas\u0131n\u0131 sa\u011flar. Dikey m\u0131s\u0131r ay\u0131klay\u0131c\u0131da \u00e7ok g\u00fc\u00e7l\u00fc bir fan bulunur, ay\u0131klama sonras\u0131 m\u0131s\u0131r taneleri \u00f6zellikle temizdir. Bu nedenle, m\u0131s\u0131r taneleri do\u011frudan sat\u0131labilir.<\/p>    <figure class=\"wp-block-image aligncenter size-full\"><img loading=\"lazy\" decoding=\"async\" width=\"720\" height=\"540\" src=\"https:\/\/www.agriculture-machine.com\/wp-content\/uploads\/2022\/05\/maize-peeler-and-thresher-machine.jpg\" alt=\"m\u0131s\u0131r soyucu ve ay\u0131klay\u0131c\u0131 makinesi\" class=\"wp-image-13413\" title=\"m\u0131s\u0131r soyucu ve ay\u0131klay\u0131c\u0131 makinesi\" srcset=\"https:\/\/www.agriculture-machine.com\/wp-content\/uploads\/2022\/05\/maize-peeler-and-thresher-machine.jpg 720w, https:\/\/www.agriculture-machine.com\/wp-content\/uploads\/2022\/05\/maize-peeler-and-thresher-machine-360x270.jpg 360w, https:\/\/www.agriculture-machine.com\/wp-content\/uploads\/2022\/05\/maize-peeler-and-thresher-machine-240x180.jpg 240w\" sizes=\"auto, (max-width: 720px) 100vw, 720px\" \/><figcaption class=\"wp-element-caption\">m\u0131s\u0131r soyucu ve ay\u0131klay\u0131c\u0131 makinesi<\/figcaption><\/figure>    <h2 class=\"wp-block-heading\" id=\"h-use-of-small-corn-peeler-thresher\">K\u00fc\u00e7\u00fck m\u0131s\u0131r soyucu ve ay\u0131klay\u0131c\u0131 kullan\u0131m\u0131<\/h2>    <ol class=\"wp-block-list\"> <li>\u0130lk olarak, m\u0131s\u0131r soyucu ve ay\u0131klay\u0131c\u0131y\u0131 ba\u015flat\u0131n. Ve makinede herhangi bir sorun olup olmad\u0131\u011f\u0131n\u0131 kontrol edin. <\/li>    <li>Makinede herhangi bir sorun yoksa, m\u0131s\u0131r\u0131 do\u011frudan makine giri\u015fine koyun. <\/li>    <li>Then the maize peeler and thresher&#8217;s threshing device will work. <\/li>    <li>Son olarak, makine m\u0131s\u0131r ko\u00e7anlar\u0131n\u0131, kabuklar\u0131 ve taneleri farkl\u0131 \u00e7\u0131k\u0131\u015flardan bo\u015falt\u0131r. <\/li>    <li>Sadece m\u0131s\u0131r\u0131 makineye koyun, makine otomatik olarak soyma ve ay\u0131klamay\u0131 tamamlar.<\/li> <\/ol>    <figure class=\"wp-block-gallery has-nested-images columns-default is-cropped wp-block-gallery-3 is-layout-flex wp-block-gallery-is-layout-flex\"> <figure class=\"wp-block-image size-large\"><a href=\"https:\/\/www.agriculture-machine.com\/wp-content\/uploads\/2021\/06\/Use-of-small-corn-peeler-thresher.jpg\"><img loading=\"lazy\" decoding=\"async\" width=\"415\" height=\"540\" data-id=\"10778\" src=\"https:\/\/www.agriculture-machine.com\/wp-content\/uploads\/2021\/06\/Use-of-small-corn-peeler-thresher.jpg\" alt=\"\" class=\"wp-image-10778\" srcset=\"https:\/\/www.agriculture-machine.com\/wp-content\/uploads\/2021\/06\/Use-of-small-corn-peeler-thresher.jpg 415w, https:\/\/www.agriculture-machine.com\/wp-content\/uploads\/2021\/06\/Use-of-small-corn-peeler-thresher-208x270.jpg 208w\" sizes=\"auto, (max-width: 415px) 100vw, 415px\" \/><\/a><\/figure>    <figure class=\"wp-block-image size-large\"><a href=\"https:\/\/www.agriculture-machine.com\/wp-content\/uploads\/2021\/06\/Use-of-mini-corn-peeler-thresher.jpg\"><img loading=\"lazy\" decoding=\"async\" width=\"415\" height=\"540\" data-id=\"10777\" src=\"https:\/\/www.agriculture-machine.com\/wp-content\/uploads\/2021\/06\/Use-of-mini-corn-peeler-thresher.jpg\" alt=\"\" class=\"wp-image-10777\" srcset=\"https:\/\/www.agriculture-machine.com\/wp-content\/uploads\/2021\/06\/Use-of-mini-corn-peeler-thresher.jpg 415w, https:\/\/www.agriculture-machine.com\/wp-content\/uploads\/2021\/06\/Use-of-mini-corn-peeler-thresher-208x270.jpg 208w\" sizes=\"auto, (max-width: 415px) 100vw, 415px\" \/><\/a><\/figure> <\/figure>    <h2 class=\"wp-block-heading\" id=\"h-difference-between-the-two-types-of-corn-thresher\">\u0130ki tip m\u0131s\u0131r ay\u0131klay\u0131c\u0131 aras\u0131ndaki fark<\/h2>    <p>Ba\u015fka bir m\u0131s\u0131r soyucu ve ay\u0131klay\u0131c\u0131 da mevcuttur. Bunlar a\u015fa\u011f\u0131daki y\u00f6nlerden farkl\u0131d\u0131r.<\/p>    <ol class=\"wp-block-list\"> <li>Farkl\u0131 g\u00fc\u00e7ler. The <a href=\"https:\/\/www.agriculture-machine.com\/tr\/maize-peeler-and-thresher\/\">\u00d6nceki soyma ve ay\u0131klama tipi<\/a> Elektrik motorlar\u0131, benzin motorlar\u0131 ve dizel motorlar kullan\u0131labilir. Bu dik k\u00fc\u00e7\u00fck m\u0131s\u0131r soyucu ve ay\u0131klay\u0131c\u0131 makinenin g\u00fcc\u00fc bir dizel motor gerektirmez, sadece bir motor ve benzin motoru ile \u00e7al\u0131\u015ft\u0131r\u0131labilir. <\/li>    <li>Boyutlar\u0131 farkl\u0131d\u0131r. Dikey m\u0131s\u0131r ay\u0131klay\u0131c\u0131 daha k\u00fc\u00e7\u00fckt\u00fcr.<\/li>    <li>Di\u011fer m\u0131s\u0131r soyucu ve ay\u0131klay\u0131c\u0131lar\u0131n kapasitesi daha b\u00fcy\u00fckt\u00fcr.<\/li> <\/ol>    <h2 class=\"wp-block-heading\" id=\"h-reseller-customers\">Bayilik m\u00fc\u015fterileri<\/h2>    <p class=\"translation-block\">Bu makinenin boyutu \u00e7ok k\u00fc\u00e7\u00fckt\u00fcr ve ev kullan\u0131m\u0131 i\u00e7in \u00e7ok uygundur. Bayiler i\u00e7in bu makine al\u0131m i\u00e7in \u00e7ok uygundur. \u00c7ok iyi bir yat\u0131r\u0131m projesidir. Bir 40 HQ konteyner yakla\u015f\u0131k 600 adet b\u00f6yle makineyi ta\u015f\u0131yabilir. Sonra yerel \u00e7ift\u00e7ilere sat\u0131l\u0131r. T\u0131pk\u0131 Zimbabve'deki m\u00fc\u015fterilerimizin <a href=\"https:\/\/www.agriculture-machine.com\/tr\/40-hq-agriculture-machine-sold-to-zimbabwe\/\">bir\u00e7ok k\u00fc\u00e7\u00fck \u00e7ok fonksiyonlu ay\u0131klay\u0131c\u0131<\/a> sat\u0131n al\u0131p, sipari\u015fler almaya ba\u015flamas\u0131 gibi, \u00e7\u00fcnk\u00fc bu k\u00fc\u00e7\u00fck makine ev kullan\u0131m\u0131 i\u00e7in \u00e7ok uygundur.<\/p>    <figure class=\"wp-block-gallery has-nested-images columns-default is-cropped wp-block-gallery-4 is-layout-flex wp-block-gallery-is-layout-flex\"> <figure class=\"wp-block-image size-large\"><a href=\"https:\/\/www.agriculture-machine.com\/wp-content\/uploads\/2022\/05\/mini-maize-procesor.jpg\"><img loading=\"lazy\" decoding=\"async\" width=\"720\" height=\"540\" data-id=\"13415\" src=\"https:\/\/www.agriculture-machine.com\/wp-content\/uploads\/2022\/05\/mini-maize-procesor.jpg\" alt=\"mini m\u0131s\u0131r i\u015fleyici\" class=\"wp-image-13415\" title=\"mini m\u0131s\u0131r i\u015fleyici\" srcset=\"https:\/\/www.agriculture-machine.com\/wp-content\/uploads\/2022\/05\/mini-maize-procesor.jpg 720w, https:\/\/www.agriculture-machine.com\/wp-content\/uploads\/2022\/05\/mini-maize-procesor-360x270.jpg 360w, https:\/\/www.agriculture-machine.com\/wp-content\/uploads\/2022\/05\/mini-maize-procesor-240x180.jpg 240w\" sizes=\"auto, (max-width: 720px) 100vw, 720px\" \/><\/a><figcaption class=\"wp-element-caption\">mini m\u0131s\u0131r i\u015fleyici<\/figcaption><\/figure>    <figure class=\"wp-block-image size-large\"><a href=\"https:\/\/www.agriculture-machine.com\/wp-content\/uploads\/2022\/05\/small-corn-thresher.jpg\"><img loading=\"lazy\" decoding=\"async\" width=\"720\" height=\"540\" data-id=\"13414\" src=\"https:\/\/www.agriculture-machine.com\/wp-content\/uploads\/2022\/05\/small-corn-thresher.jpg\" alt=\"k\u00fc\u00e7\u00fck m\u0131s\u0131r ay\u0131klay\u0131c\u0131\" class=\"wp-image-13414\" title=\"k\u00fc\u00e7\u00fck m\u0131s\u0131r ay\u0131klay\u0131c\u0131\" srcset=\"https:\/\/www.agriculture-machine.com\/wp-content\/uploads\/2022\/05\/small-corn-thresher.jpg 720w, https:\/\/www.agriculture-machine.com\/wp-content\/uploads\/2022\/05\/small-corn-thresher-360x270.jpg 360w, https:\/\/www.agriculture-machine.com\/wp-content\/uploads\/2022\/05\/small-corn-thresher-240x180.jpg 240w\" sizes=\"auto, (max-width: 720px) 100vw, 720px\" \/><\/a><figcaption class=\"wp-element-caption\">k\u00fc\u00e7\u00fck m\u0131s\u0131r ay\u0131klay\u0131c\u0131<\/figcaption><\/figure> <\/figure>    <h2 class=\"wp-block-heading\" id=\"h-specification-of-the-home-use-corn-peeling-and-threshing-machine\">Ev kullan\u0131m\u0131 m\u0131s\u0131r soyma ve ay\u0131klama makinesinin \u00f6zellikleri<\/h2>    <figure class=\"wp-block-table is-style-stripes\"><table><tbody><tr><td>Model<\/td><td>K\u00fc\u00e7\u00fck m\u0131s\u0131r soyucu ve ay\u0131klay\u0131c\u0131<\/td><\/tr><tr><td>G\u00fc\u00e7<\/td><td>benzinli motor veya elektrik motoru<\/td><\/tr><tr><td>Kapasite<\/td><td>1500-2000kg\/h<\/td><\/tr><tr><td>Makine a\u011f\u0131rl\u0131\u011f\u0131<\/td><td>65kg<\/td><\/tr><tr><td>Makine boyutu<\/td><td>440*400*800mm<\/td><\/tr><\/tbody><\/table><figcaption class=\"wp-element-caption\">corn peeling and threshing machine&#8217;s parameter<\/figcaption><\/figure>    <h2 class=\"wp-block-heading\">Meksika'ya sat\u0131lan Kombine m\u0131s\u0131r soyucu ve ay\u0131klay\u0131c\u0131<\/h2>    <p>Ge\u00e7en hafta Meksikal\u0131 m\u00fc\u015fterimiz bizden 20 k\u00fc\u00e7\u00fck m\u0131s\u0131r soyucu ve ay\u0131klay\u0131c\u0131 sipari\u015f etti. M\u0131s\u0131r soyma ve ay\u0131klama makinesini web sitemizden \u00f6\u011frendi ve ileti\u015fim bilgilerini b\u0131rakt\u0131. <\/p>    <p>Our sales manager added the customer&#8217;s WhatsApp, and through thorough communication, we realized that our small corn threshers were perfect for the customer&#8217;s needs. <\/p>    <p>M\u00fc\u015fteri sonunda ev m\u0131s\u0131r soyma ve ay\u0131klama makinemizi almaya karar verdi. \u0130\u015fte makinenin paketleme ve sevkiyat resmi.<\/p>    <figure class=\"wp-block-gallery has-nested-images columns-default is-cropped wp-block-gallery-5 is-layout-flex wp-block-gallery-is-layout-flex\"> <figure class=\"wp-block-image size-large\"><img loading=\"lazy\" decoding=\"async\" width=\"720\" height=\"540\" data-id=\"13416\" src=\"https:\/\/www.agriculture-machine.com\/wp-content\/uploads\/2022\/05\/wooden-case-package-of-corn-thresher.jpg\" alt=\"Ah\u015fap kasa ambalaj\u0131nda m\u0131s\u0131r ay\u0131klay\u0131c\u0131\" class=\"wp-image-13416\" title=\"Ah\u015fap kasa ambalaj\u0131nda m\u0131s\u0131r ay\u0131klay\u0131c\u0131\" srcset=\"https:\/\/www.agriculture-machine.com\/wp-content\/uploads\/2022\/05\/wooden-case-package-of-corn-thresher.jpg 720w, https:\/\/www.agriculture-machine.com\/wp-content\/uploads\/2022\/05\/wooden-case-package-of-corn-thresher-360x270.jpg 360w, https:\/\/www.agriculture-machine.com\/wp-content\/uploads\/2022\/05\/wooden-case-package-of-corn-thresher-240x180.jpg 240w\" sizes=\"auto, (max-width: 720px) 100vw, 720px\" \/><figcaption class=\"wp-element-caption\">Ah\u015fap kasa ambalaj\u0131nda m\u0131s\u0131r ay\u0131klay\u0131c\u0131<\/figcaption><\/figure>    <figure class=\"wp-block-image size-large\"><img loading=\"lazy\" decoding=\"async\" width=\"720\" height=\"540\" data-id=\"13417\" src=\"https:\/\/www.agriculture-machine.com\/wp-content\/uploads\/2022\/05\/loading-of-the-machine.jpg\" alt=\"Makinenin y\u00fcklenmesi\" class=\"wp-image-13417\" title=\"Makinenin y\u00fcklenmesi\" srcset=\"https:\/\/www.agriculture-machine.com\/wp-content\/uploads\/2022\/05\/loading-of-the-machine.jpg 720w, https:\/\/www.agriculture-machine.com\/wp-content\/uploads\/2022\/05\/loading-of-the-machine-360x270.jpg 360w, https:\/\/www.agriculture-machine.com\/wp-content\/uploads\/2022\/05\/loading-of-the-machine-240x180.jpg 240w\" sizes=\"auto, (max-width: 720px) 100vw, 720px\" \/><figcaption class=\"wp-element-caption\">Makinenin y\u00fcklenmesi<\/figcaption><\/figure>    <figure class=\"wp-block-image size-large\"><img loading=\"lazy\" decoding=\"async\" width=\"720\" height=\"540\" data-id=\"13404\" src=\"https:\/\/www.agriculture-machine.com\/wp-content\/uploads\/2022\/05\/shipping-of-corn-peeler-and-thresher.jpg\" alt=\"m\u0131s\u0131r soyucu ve ay\u0131klay\u0131c\u0131 sevkiyat\u0131\" class=\"wp-image-13404\" title=\"m\u0131s\u0131r soyucu ve ay\u0131klay\u0131c\u0131 sevkiyat\u0131\" srcset=\"https:\/\/www.agriculture-machine.com\/wp-content\/uploads\/2022\/05\/shipping-of-corn-peeler-and-thresher.jpg 720w, https:\/\/www.agriculture-machine.com\/wp-content\/uploads\/2022\/05\/shipping-of-corn-peeler-and-thresher-360x270.jpg 360w, https:\/\/www.agriculture-machine.com\/wp-content\/uploads\/2022\/05\/shipping-of-corn-peeler-and-thresher-240x180.jpg 240w\" sizes=\"auto, (max-width: 720px) 100vw, 720px\" \/><figcaption class=\"wp-element-caption\">m\u0131s\u0131r soyucu ve ay\u0131klay\u0131c\u0131 sevkiyat\u0131<\/figcaption><\/figure> <\/figure>    <h2 class=\"wp-block-heading\">\u0130stedi\u011finiz zaman bizimle ileti\u015fime ge\u00e7in<\/h2>    <p>M\u0131s\u0131r ay\u0131rma ve ay\u0131klama makinemize ilgi duyuyorsan\u0131z veya herhangi bir sorunuz varsa, size detayl\u0131 bilgi ve profesyonel dan\u0131\u015fmanl\u0131k sa\u011flamaya her zaman haz\u0131r\u0131z. L\u00fctfen hemen bizimle ileti\u015fime ge\u00e7mekten \u00e7ekinmeyin! Profesyonel ekibimiz size hizmet etmek ve endi\u015felerinizi yan\u0131tlamak i\u00e7in memnun olacakt\u0131r.<\/p>","protected":false},"excerpt":{"rendered":"<p>Bu k\u00fc\u00e7\u00fck m\u0131s\u0131r soyucu ve ay\u0131klay\u0131c\u0131 makinesidir. Ev kullan\u0131m\u0131 i\u00e7in \u00e7ok uygundur. Kapasitesi 1500-2000 kg\/s (m\u0131s\u0131r taneleri). <\/p>","protected":false},"author":1,"featured_media":13408,"parent":0,"comment_status":"closed","ping_status":"closed","template":"","tags":[2614],"product-type":[872],"class_list":["post-10764","product","type-product","status-publish","has-post-thumbnail","hentry","tag-thresher","product-type-thresher-sheller"],"_links":{"self":[{"href":"https:\/\/www.agriculture-machine.com\/tr\/wp-json\/wp\/v2\/product\/10764","targetHints":{"allow":["GET"]}}],"collection":[{"href":"https:\/\/www.agriculture-machine.com\/tr\/wp-json\/wp\/v2\/product"}],"about":[{"href":"https:\/\/www.agriculture-machine.com\/tr\/wp-json\/wp\/v2\/types\/product"}],"author":[{"embeddable":true,"href":"https:\/\/www.agriculture-machine.com\/tr\/wp-json\/wp\/v2\/users\/1"}],"replies":[{"embeddable":true,"href":"https:\/\/www.agriculture-machine.com\/tr\/wp-json\/wp\/v2\/comments?post=10764"}],"wp:featuredmedia":[{"embeddable":true,"href":"https:\/\/www.agriculture-machine.com\/tr\/wp-json\/wp\/v2\/media\/13408"}],"wp:attachment":[{"href":"https:\/\/www.agriculture-machine.com\/tr\/wp-json\/wp\/v2\/media?parent=10764"}],"wp:term":[{"taxonomy":"post_tag","embeddable":true,"href":"https:\/\/www.agriculture-machine.com\/tr\/wp-json\/wp\/v2\/tags?post=10764"},{"taxonomy":"product-type","embeddable":true,"href":"https:\/\/www.agriculture-machine.com\/tr\/wp-json\/wp\/v2\/product-type?post=10764"}],"curies":[{"name":"wp","href":"https:\/\/api.w.org\/{rel}","templated":true}]}}