{"id":10781,"date":"2021-06-22T16:21:32","date_gmt":"2021-06-22T08:21:32","guid":{"rendered":"https:\/\/www.agriculture-machine.com\/?p=10781"},"modified":"2024-09-23T11:27:07","modified_gmt":"2024-09-23T03:27:07","slug":"small-home-use-corn-thresher","status":"publish","type":"product","link":"https:\/\/www.agriculture-machine.com\/tr\/small-home-use-corn-thresher\/","title":{"rendered":"Ev kullan\u0131m\u0131 m\u0131s\u0131r ay\u0131r\u0131c\u0131 | Sat\u0131l\u0131k k\u00fc\u00e7\u00fck m\u0131s\u0131r ay\u0131r\u0131c\u0131"},"content":{"rendered":"<p>Bu, \u00e7ift makaral\u0131 ev kullan\u0131m\u0131 m\u0131s\u0131r ay\u0131r\u0131c\u0131d\u0131r. Saman ay\u0131rma etkisi daha h\u0131zl\u0131 ve daha iyidir. Makine iki g\u00fc\u00e7 moduyla donat\u0131labilir: elektrik motoru ve benzinli motor. Makine yap\u0131s\u0131 \u00e7ok k\u00fc\u00e7\u00fck olup, ev kullan\u0131m\u0131 i\u00e7in de \u00e7ok uygundur.<\/p>    <figure class=\"wp-block-embed is-type-video is-provider-youtube wp-block-embed-youtube wp-embed-aspect-16-9 wp-has-aspect-ratio\"><div class=\"wp-block-embed__wrapper\"> <iframe loading=\"lazy\" title=\"\u00c7ift\u00e7iler favori arac\u0131! m\u0131s\u0131r kabu\u011fu ay\u0131r\u0131c\u0131 makinesi \/ m\u0131s\u0131r ay\u0131r\u0131c\u0131 \/ m\u0131s\u0131r kabu\u011fu ay\u0131rma \/ m\u0131s\u0131r kabu\u011fu ay\u0131r\u0131c\u0131\" width=\"500\" height=\"281\" src=\"https:\/\/www.youtube.com\/embed\/DvmhM1jNc0A?feature=oembed\" frameborder=\"0\" allow=\"accelerometer; autoplay; clipboard-write; encrypted-media; gyroscope; picture-in-picture; web-share\" referrerpolicy=\"strict-origin-when-cross-origin\" allowfullscreen><\/iframe> <\/div><figcaption class=\"wp-element-caption\">k\u00fc\u00e7\u00fck ev kullan\u0131m\u0131 m\u0131s\u0131r ay\u0131r\u0131c\u0131 makinesi \u00e7al\u0131\u015fma videosu<\/figcaption><\/figure>    <h2 class=\"wp-block-heading\" id=\"h-structure-of-small-corn-thresher\">K\u00fc\u00e7\u00fck m\u0131s\u0131r ay\u0131r\u0131c\u0131 yap\u0131s\u0131<\/h2>    <p id=\"h-this-type-of-household-corn-thresher-has-a-double-roller\">Bu tip ev kullan\u0131m\u0131 m\u0131s\u0131r ay\u0131r\u0131c\u0131 \u00e7ift makaral\u0131d\u0131r.&nbsp;<\/p>    <figure class=\"wp-block-image aligncenter size-large\"><img loading=\"lazy\" decoding=\"async\" width=\"720\" height=\"540\" src=\"https:\/\/www.agriculture-machine.com\/wp-content\/uploads\/2021\/06\/double-roller-corn-thresher-1.jpg\" alt=\"\u00e7ift makaral\u0131 m\u0131s\u0131r ay\u0131r\u0131c\u0131\" class=\"wp-image-10794\" srcset=\"https:\/\/www.agriculture-machine.com\/wp-content\/uploads\/2021\/06\/double-roller-corn-thresher-1.jpg 720w, https:\/\/www.agriculture-machine.com\/wp-content\/uploads\/2021\/06\/double-roller-corn-thresher-1-360x270.jpg 360w, https:\/\/www.agriculture-machine.com\/wp-content\/uploads\/2021\/06\/double-roller-corn-thresher-1-240x180.jpg 240w\" sizes=\"auto, (max-width: 720px) 100vw, 720px\" \/><figcaption class=\"wp-element-caption\">\u00e7ift makaral\u0131 m\u0131s\u0131r ay\u0131r\u0131c\u0131<\/figcaption><\/figure>    <h2 class=\"wp-block-heading\" id=\"h-machine-details-display\">Makine detaylar\u0131 g\u00f6sterimi<br><\/h2>    <div class=\"wp-block-columns is-layout-flex wp-container-core-columns-is-layout-9d6595d7 wp-block-columns-is-layout-flex\"> <div class=\"wp-block-column is-layout-flow wp-block-column-is-layout-flow\"> <figure class=\"wp-block-image size-large is-resized\"><img loading=\"lazy\" decoding=\"async\" width=\"360\" height=\"307\" src=\"https:\/\/www.agriculture-machine.com\/wp-content\/uploads\/2021\/06\/corn-inlet.jpg\" alt=\"m\u0131s\u0131r giri\u015f\" class=\"wp-image-10790\" style=\"width:180px;height:154px\" srcset=\"https:\/\/www.agriculture-machine.com\/wp-content\/uploads\/2021\/06\/corn-inlet.jpg 360w, https:\/\/www.agriculture-machine.com\/wp-content\/uploads\/2021\/06\/corn-inlet-317x270.jpg 317w\" sizes=\"auto, (max-width: 360px) 100vw, 360px\" \/><figcaption class=\"wp-element-caption\">m\u0131s\u0131r giri\u015f<\/figcaption><\/figure> <\/div>    <div class=\"wp-block-column is-layout-flow wp-block-column-is-layout-flow\"> <p>Makine \u00e7al\u0131\u015fmaya ba\u015flad\u0131\u011f\u0131nda, ayn\u0131 anda \u00e7ok say\u0131da m\u0131s\u0131r koyabilirsiniz.<\/p> <\/div> <\/div>    <div class=\"wp-block-columns is-layout-flex wp-container-core-columns-is-layout-9d6595d7 wp-block-columns-is-layout-flex\"> <div class=\"wp-block-column is-layout-flow wp-block-column-is-layout-flow\"> <p>14 di\u015fli vard\u0131r.<\/p>    <p>Di\u015fleri ayarlayarak b\u00fcy\u00fck ve k\u00fc\u00e7\u00fck m\u0131s\u0131r i\u015fleyebilirsiniz.<\/p> <\/div>    <div class=\"wp-block-column is-layout-flow wp-block-column-is-layout-flow\"> <figure class=\"wp-block-image size-large is-resized\"><img loading=\"lazy\" decoding=\"async\" width=\"360\" height=\"307\" src=\"https:\/\/www.agriculture-machine.com\/wp-content\/uploads\/2021\/06\/gear.jpg\" alt=\"di\u015fli\" class=\"wp-image-10791\" style=\"width:270px;height:230px\" srcset=\"https:\/\/www.agriculture-machine.com\/wp-content\/uploads\/2021\/06\/gear.jpg 360w, https:\/\/www.agriculture-machine.com\/wp-content\/uploads\/2021\/06\/gear-317x270.jpg 317w\" sizes=\"auto, (max-width: 360px) 100vw, 360px\" \/><figcaption class=\"wp-element-caption\">di\u015fli<\/figcaption><\/figure> <\/div> <\/div>    <div class=\"wp-block-columns is-layout-flex wp-container-core-columns-is-layout-9d6595d7 wp-block-columns-is-layout-flex\"> <div class=\"wp-block-column is-layout-flow wp-block-column-is-layout-flow\"> <figure class=\"wp-block-image size-large is-resized\"><img loading=\"lazy\" decoding=\"async\" width=\"360\" height=\"307\" src=\"https:\/\/www.agriculture-machine.com\/wp-content\/uploads\/2021\/06\/corn-cob-outlet.jpg\" alt=\"m\u0131s\u0131r ko\u00e7an\u0131 \u00e7\u0131k\u0131\u015f\u0131\" class=\"wp-image-10792\" style=\"width:270px;height:230px\" srcset=\"https:\/\/www.agriculture-machine.com\/wp-content\/uploads\/2021\/06\/corn-cob-outlet.jpg 360w, https:\/\/www.agriculture-machine.com\/wp-content\/uploads\/2021\/06\/corn-cob-outlet-317x270.jpg 317w\" sizes=\"auto, (max-width: 360px) 100vw, 360px\" \/><figcaption class=\"wp-element-caption\">m\u0131s\u0131r ko\u00e7an\u0131 \u00e7\u0131k\u0131\u015f\u0131<\/figcaption><\/figure> <\/div>    <div class=\"wp-block-column is-layout-flow wp-block-column-is-layout-flow\"> <p>Bu, m\u0131s\u0131r ko\u00e7an\u0131 \u00e7\u0131k\u0131\u015f\u0131d\u0131r<\/p>    <p>M\u0131s\u0131r ay\u0131r\u0131ld\u0131ktan sonra, ko\u00e7an buradan \u00e7\u0131kar.<\/p> <\/div> <\/div>    <div class=\"wp-block-columns is-layout-flex wp-container-core-columns-is-layout-9d6595d7 wp-block-columns-is-layout-flex\"> <div class=\"wp-block-column is-layout-flow wp-block-column-is-layout-flow\"> <p>4 tekerlek vard\u0131r.<\/p>    <p>Ta\u015f\u0131nmas\u0131 \u00e7ok uygun, bu nedenle \u00e7al\u0131\u015fma alan\u0131 s\u0131n\u0131rl\u0131 de\u011fildir<\/p> <\/div>    <div class=\"wp-block-column is-layout-flow wp-block-column-is-layout-flow\"> <figure class=\"wp-block-image size-large is-resized\"><img loading=\"lazy\" decoding=\"async\" width=\"360\" height=\"307\" src=\"https:\/\/www.agriculture-machine.com\/wp-content\/uploads\/2021\/06\/wheel.jpg\" alt=\"Ev kullan\u0131m\u0131 m\u0131s\u0131r ay\u0131r\u0131c\u0131 tekerle\u011fi\" class=\"wp-image-10793\" style=\"width:270px;height:230px\" srcset=\"https:\/\/www.agriculture-machine.com\/wp-content\/uploads\/2021\/06\/wheel.jpg 360w, https:\/\/www.agriculture-machine.com\/wp-content\/uploads\/2021\/06\/wheel-317x270.jpg 317w\" sizes=\"auto, (max-width: 360px) 100vw, 360px\" \/><figcaption class=\"wp-element-caption\">ev kullan\u0131m\u0131 m\u0131s\u0131r ay\u0131r\u0131c\u0131 tekerle\u011fi<\/figcaption><\/figure> <\/div> <\/div>    <h2 class=\"wp-block-heading\" id=\"h-use-of-small-corn-thresher\">K\u00fc\u00e7\u00fck m\u0131s\u0131r ay\u0131r\u0131c\u0131 kullan\u0131m\u0131<\/h2>    <p>Bu Ev kullan\u0131m\u0131 m\u0131s\u0131r ay\u0131rma makinesi her evde bulunmaya de\u011fer. Ne kadar \u00e7ok m\u0131s\u0131r yeti\u015ftirirseniz yeti\u015ftirin, b\u00f6yle bir makine sat\u0131n alabilirsiniz. \u00c7ok k\u00fc\u00e7\u00fck oldu\u011fu i\u00e7in alan kaplamaz ve \u00e7\u0131kt\u0131 da ev kullan\u0131m\u0131 i\u00e7in uygundur.<\/p>    <figure class=\"wp-block-gallery has-nested-images columns-default is-cropped wp-block-gallery-2 is-layout-flex wp-block-gallery-is-layout-flex\"> <figure class=\"wp-block-image size-large\"><a href=\"https:\/\/www.agriculture-machine.com\/wp-content\/uploads\/2021\/06\/Home-use-corn-thresher.jpg\"><img loading=\"lazy\" decoding=\"async\" width=\"720\" height=\"540\" data-id=\"10796\" src=\"https:\/\/www.agriculture-machine.com\/wp-content\/uploads\/2021\/06\/Home-use-corn-thresher.jpg\" alt=\"Ev kullan\u0131m\u0131 m\u0131s\u0131r ay\u0131r\u0131c\u0131\" class=\"wp-image-10796\" srcset=\"https:\/\/www.agriculture-machine.com\/wp-content\/uploads\/2021\/06\/Home-use-corn-thresher.jpg 720w, https:\/\/www.agriculture-machine.com\/wp-content\/uploads\/2021\/06\/Home-use-corn-thresher-360x270.jpg 360w, https:\/\/www.agriculture-machine.com\/wp-content\/uploads\/2021\/06\/Home-use-corn-thresher-240x180.jpg 240w\" sizes=\"auto, (max-width: 720px) 100vw, 720px\" \/><\/a><figcaption class=\"wp-element-caption\">Ev kullan\u0131m\u0131 m\u0131s\u0131r ay\u0131r\u0131c\u0131<\/figcaption><\/figure>    <figure class=\"wp-block-image size-large\"><a href=\"https:\/\/www.agriculture-machine.com\/wp-content\/uploads\/2021\/06\/use-of-Household-corn-thresher.jpg\"><img loading=\"lazy\" decoding=\"async\" width=\"720\" height=\"540\" data-id=\"10797\" src=\"https:\/\/www.agriculture-machine.com\/wp-content\/uploads\/2021\/06\/use-of-Household-corn-thresher.jpg\" alt=\"Ev kullan\u0131m\u0131-M\u0131s\u0131r-ay\u0131r\u0131c\u0131 kullan\u0131m\u0131\" class=\"wp-image-10797\" srcset=\"https:\/\/www.agriculture-machine.com\/wp-content\/uploads\/2021\/06\/use-of-Household-corn-thresher.jpg 720w, https:\/\/www.agriculture-machine.com\/wp-content\/uploads\/2021\/06\/use-of-Household-corn-thresher-360x270.jpg 360w, https:\/\/www.agriculture-machine.com\/wp-content\/uploads\/2021\/06\/use-of-Household-corn-thresher-240x180.jpg 240w\" sizes=\"auto, (max-width: 720px) 100vw, 720px\" \/><\/a><figcaption class=\"wp-element-caption\">Ev kullan\u0131m\u0131-M\u0131s\u0131r-ay\u0131r\u0131c\u0131 kullan\u0131m\u0131<\/figcaption><\/figure> <\/figure>    <h2 class=\"wp-block-heading\" id=\"h-ten-points-to-the-operation-of-small-corn-thresher\">K\u00fc\u00e7\u00fck m\u0131s\u0131r ay\u0131r\u0131c\u0131 kullan\u0131m\u0131yla ilgili on nokta<\/h2>    <p>\u0130\u015flem dikkatsiz yap\u0131l\u0131rsa, makineye zarar vermekle kalmaz, ciddi ki\u015fisel yaralanmalara ve ekonomik kay\u0131plara da yol a\u00e7ar.<\/p>    <h3 class=\"wp-block-heading\" id=\"h-1-v-belt-of-household-corn-thresher\">(1) Ev kullan\u0131m\u0131 m\u0131s\u0131r kay\u0131\u015f\u0131<\/h3>    <p>M\u0131s\u0131r ay\u0131r\u0131c\u0131 \u00fc\u00e7gen kay\u0131\u015f gerilmesine dikkat edin. \u00c7ok s\u0131k olursa makine zarar g\u00f6rebilir, \u00e7ok gev\u015fek olursa kay\u0131\u015f kayabilir ve yeniden ayarlanmas\u0131 gerekir.<\/p>    <h3 class=\"wp-block-heading\" id=\"h-2-pulley\">(2) Kasnak<\/h3>    <p>M\u0131s\u0131r ay\u0131r\u0131c\u0131 kay\u0131\u015f kasna\u011f\u0131 gibi iletim sisteminin normal durumda olup olmad\u0131\u011f\u0131n\u0131 kontrol edin. Bir anormallik varsa, ayar yap\u0131lmas\u0131 gerekir.<\/p>    <h3 class=\"wp-block-heading\" id=\"h-3-motor-steering\">(3) Motor y\u00f6n\u00fc<\/h3>    <p>\u0130\u015fe ba\u015flamadan \u00f6nce, ilk olarak motor d\u00f6n\u00fc\u015f y\u00f6n\u00fcn\u00fcn do\u011fru olup olmad\u0131\u011f\u0131n\u0131 do\u011frulay\u0131n, yani m\u0131s\u0131r ay\u0131r\u0131c\u0131y\u0131 \u00e7al\u0131\u015ft\u0131r\u0131n ve 5-10 saniye g\u00f6zlemleyin. Anormal ses veya titre\u015fim yoksa, ay\u0131rma i\u015flemi devam etmelidir.<\/p>    <h3 class=\"wp-block-heading\" id=\"h-4-corn-dry-humidity\">(4) M\u0131s\u0131r kuruluk nem oran\u0131<\/h3>    <p>M\u0131s\u0131r\u0131n kuruluk ve nem durumu, ay\u0131rma etkisiyle do\u011frudan ilgilidir. Nem oran\u0131 d\u00fc\u015f\u00fck olan m\u0131s\u0131r, iyi ay\u0131rma etkisi, temiz ay\u0131rma ve h\u0131zl\u0131 ay\u0131rma sa\u011flar.<\/p>    <h3 class=\"wp-block-heading\" id=\"h-5-feeding-at-a-uniform-speed-and-appropriate-amount\">(5) Besleme h\u0131z\u0131n\u0131 ve uygun miktar\u0131 d\u00fczenli tutmak<\/h3>    <p>M\u0131s\u0131r ko\u00e7anlar\u0131n\u0131n beslenmesi \u00e7al\u0131\u015fma s\u0131ras\u0131nda kesintiye u\u011framamal\u0131d\u0131r. \u0130nsanlar s\u00fcrekli ve e\u015fit \u015fekilde beslenmelidir. Aksi takdirde, m\u0131s\u0131r ay\u0131rma kalitesi ve verimlili\u011fi etkilenebilir ve makine ciddi durumlarda t\u0131kanabilir veya zarar g\u00f6rebilir.<\/p>    <h3 class=\"wp-block-heading\" id=\"h-6-bolt-screw-roller-inspection\">(6) Civata vida silindir incelemesi<\/h3>    <p>Saman ay\u0131r\u0131c\u0131 d\u00fczg\u00fcn \u00e7al\u0131\u015fmaya devam edebilmesi i\u00e7in, drum ve yatak yuvas\u0131n\u0131 sabitleyen civata ve vidalar\u0131 her zaman kontrol edin ve gerekirse s\u0131k\u0131n.<\/p>    <h3 class=\"wp-block-heading\" id=\"h-7-exposed-part-inspection\">(7) A\u00e7\u0131kta kalan par\u00e7a incelemesi<\/h3>    <p>T\u00fcm a\u00e7\u0131kta kalan par\u00e7alar i\u00e7in koruyucu cihazlar sa\u011flanmal\u0131d\u0131r. Her operasyon \u00f6ncesinde, saman ay\u0131r\u0131c\u0131daki vida, fan, sal\u0131n\u0131m \u00e7ubu\u011fu, yatak yuvas\u0131 ve di\u011fer hareketli par\u00e7alar\u0131n civatalar\u0131n\u0131 kontrol edin ve gev\u015fek olmamal\u0131d\u0131r.<\/p>    <h3 class=\"wp-block-heading\" id=\"h-8-machine-troubleshooting\">(8) Makine ar\u0131zas\u0131 giderme<\/h3>    <p>\u00c7al\u0131\u015f\u0131rken, herhangi bir m\u0131s\u0131r ay\u0131r\u0131c\u0131 bak\u0131m\u0131na izin verilmez ve t\u00fcm i\u015flemler kapan\u0131\u015ftan sonra yap\u0131lmal\u0131d\u0131r.<\/p>    <h3 class=\"wp-block-heading\" id=\"h-9-parts-lubrication-maintenance-of-home-use-corn-thresher\">(9) Ev kullan\u0131m\u0131 m\u0131s\u0131r ay\u0131r\u0131c\u0131 ya\u011flama bak\u0131m\u0131 par\u00e7alar\u0131<\/h3>    <p>M\u0131s\u0131r ay\u0131r\u0131c\u0131 uzun s\u00fcreli \u00e7al\u0131\u015ft\u0131r\u0131ld\u0131\u011f\u0131nda, di\u015fli \u00e7entikleme gibi do\u011fal a\u015f\u0131nmalar olu\u015fabilir ve bu da ay\u0131rma kalitesini etkiler. Makinenin \u00f6mr\u00fcn\u00fc uzatmak ve daha iyi ekonomik faydalar sa\u011flamak i\u00e7in, a\u015f\u0131nm\u0131\u015f t\u00fcm par\u00e7alar zaman\u0131nda ve do\u011fru \u015fekilde ya\u011flanmal\u0131 ve bak\u0131m\u0131 yap\u0131lmal\u0131d\u0131r.<\/p>    <h3 class=\"wp-block-heading\" id=\"h-10-machine-storage-of-small-corn-thresher\">(10) K\u00fc\u00e7\u00fck m\u0131s\u0131r ay\u0131r\u0131c\u0131 makinesi depolama<\/h3>    <p>K\u00fc\u00e7\u00fck ev kullan\u0131m\u0131 m\u0131s\u0131r ay\u0131r\u0131c\u0131 \u00e7al\u0131\u015fma s\u00fcresi \u00e7ok uzun de\u011fildir, genellikle m\u0131s\u0131r hasat sezonunda yo\u011funla\u015f\u0131r ve geri kalan zamanlarda bo\u015fta kal\u0131r. Bu nedenle, makinenin depolanmas\u0131na dikkat edilmelidir, makine temiz, nemden, yang\u0131ndan ve rutubetten korunmal\u0131, gelecek y\u0131l kullan\u0131labilir hale getirilmelidir.<\/p>    <figure class=\"wp-block-gallery has-nested-images columns-default is-cropped wp-block-gallery-3 is-layout-flex wp-block-gallery-is-layout-flex\"> <figure class=\"wp-block-image size-large\"><img loading=\"lazy\" decoding=\"async\" width=\"720\" height=\"540\" data-id=\"10811\" src=\"https:\/\/www.agriculture-machine.com\/wp-content\/uploads\/2021\/06\/3.jpg\" alt=\"ev kullan\u0131m\u0131 m\u0131s\u0131r ay\u0131r\u0131c\u0131 \" class=\"wp-image-10811\" srcset=\"https:\/\/www.agriculture-machine.com\/wp-content\/uploads\/2021\/06\/3.jpg 720w, https:\/\/www.agriculture-machine.com\/wp-content\/uploads\/2021\/06\/3-360x270.jpg 360w, https:\/\/www.agriculture-machine.com\/wp-content\/uploads\/2021\/06\/3-240x180.jpg 240w\" sizes=\"auto, (max-width: 720px) 100vw, 720px\" \/><figcaption class=\"wp-element-caption\">ev kullan\u0131m\u0131 m\u0131s\u0131r ay\u0131r\u0131c\u0131 <\/figcaption><\/figure> <\/figure>    <h2 class=\"wp-block-heading\" id=\"h-machine-parameters\">Ev kullan\u0131m\u0131 m\u0131s\u0131r ay\u0131r\u0131c\u0131 makinesi parametreleri<\/h2>    <figure class=\"wp-block-table is-style-stripes\"><table><tbody><tr><td>M\u0131s\u0131r ay\u0131r\u0131c\u0131 makinesi<br><\/td><td>\uff08\u00c7ift makaral\u0131 tip\uff09<\/td><\/tr><tr><td>G\u00fc\u00e7<\/td><td>benzinli motor veya elektrik motoru<\/td><\/tr><tr><td>Kapasite<\/td><td>1500-2000kg\/h<\/td><\/tr><tr><td>A\u011f\u0131rl\u0131k<\/td><td>60kg<\/td><\/tr><tr><td>Boyut<\/td><td>750*460*375mm<\/td><\/tr><\/tbody><\/table><figcaption class=\"wp-element-caption\">ev kullan\u0131m\u0131 m\u0131s\u0131r kabu\u011fu ay\u0131r\u0131c\u0131 teknik verileri<\/figcaption><\/figure>    <h2 class=\"wp-block-heading\">\u0130stedi\u011finiz zaman bizimle ileti\u015fime ge\u00e7in<\/h2>    <p>Ev kullan\u0131m\u0131 k\u00fc\u00e7\u00fck m\u0131s\u0131r ay\u0131r\u0131c\u0131 ile ilgileniyorsan\u0131z, l\u00fctfen bizimle ileti\u015fime ge\u00e7in, size detayl\u0131 \u00fcr\u00fcn bilgisi sa\u011flayaca\u011f\u0131z. En iyi \u00e7\u00f6z\u00fcm\u00fc sunmay\u0131 d\u00f6rt g\u00f6zle bekliyoruz!<\/p>","protected":false},"excerpt":{"rendered":"<p>Bu k\u00fc\u00e7\u00fck ev kullan\u0131m\u0131 m\u0131s\u0131r ay\u0131r\u0131c\u0131 makinesidir. Kapasitesi 1500-2000 kg\/h'dir. K\u00fc\u00e7\u00fck boyutlu ve ev kullan\u0131m\u0131 i\u00e7in \u00e7ok uygundur.<\/p>","protected":false},"author":1,"featured_media":10810,"parent":0,"comment_status":"closed","ping_status":"closed","template":"","tags":[2614],"product-type":[872],"class_list":["post-10781","product","type-product","status-publish","has-post-thumbnail","hentry","tag-thresher","product-type-thresher-sheller"],"_links":{"self":[{"href":"https:\/\/www.agriculture-machine.com\/tr\/wp-json\/wp\/v2\/product\/10781","targetHints":{"allow":["GET"]}}],"collection":[{"href":"https:\/\/www.agriculture-machine.com\/tr\/wp-json\/wp\/v2\/product"}],"about":[{"href":"https:\/\/www.agriculture-machine.com\/tr\/wp-json\/wp\/v2\/types\/product"}],"author":[{"embeddable":true,"href":"https:\/\/www.agriculture-machine.com\/tr\/wp-json\/wp\/v2\/users\/1"}],"replies":[{"embeddable":true,"href":"https:\/\/www.agriculture-machine.com\/tr\/wp-json\/wp\/v2\/comments?post=10781"}],"wp:featuredmedia":[{"embeddable":true,"href":"https:\/\/www.agriculture-machine.com\/tr\/wp-json\/wp\/v2\/media\/10810"}],"wp:attachment":[{"href":"https:\/\/www.agriculture-machine.com\/tr\/wp-json\/wp\/v2\/media?parent=10781"}],"wp:term":[{"taxonomy":"post_tag","embeddable":true,"href":"https:\/\/www.agriculture-machine.com\/tr\/wp-json\/wp\/v2\/tags?post=10781"},{"taxonomy":"product-type","embeddable":true,"href":"https:\/\/www.agriculture-machine.com\/tr\/wp-json\/wp\/v2\/product-type?post=10781"}],"curies":[{"name":"wp","href":"https:\/\/api.w.org\/{rel}","templated":true}]}}