{"id":10893,"date":"2021-07-12T17:20:09","date_gmt":"2021-07-12T09:20:09","guid":{"rendered":"https:\/\/www.agriculture-machine.com\/?p=10893"},"modified":"2024-05-30T11:25:41","modified_gmt":"2024-05-30T03:25:41","slug":"peanut-groundmut-sheller-removing-machine","status":"publish","type":"product","link":"https:\/\/www.agriculture-machine.com\/tr\/peanut-groundmut-sheller-removing-machine\/","title":{"rendered":"Yerf\u0131st\u0131\u011f\u0131 Kabu\u011fu Ay\u0131r\u0131c\u0131, Yerf\u0131st\u0131\u011f\u0131 Hasad\u0131 i\u00e7in"},"content":{"rendered":"<p>Bu yerf\u0131st\u0131\u011f\u0131 kabu\u011fu ay\u0131klama makinesi, b\u00fcy\u00fck miktarda yerf\u0131st\u0131\u011f\u0131 verimini verimli bir \u015fekilde i\u015flemek i\u00e7in tasarlanm\u0131\u015ft\u0131r ve t\u00fcm \u00e7iftlikler ve g\u0131da i\u015fleme tesisleri i\u00e7in uygundur. Makine, yerf\u0131st\u0131\u011f\u0131 kabuklar\u0131n\u0131 h\u0131zla soyabilir ve yerf\u0131st\u0131\u011f\u0131 \u00e7ekirdeklerinin b\u00fct\u00fcn kalmas\u0131n\u0131 sa\u011flar, \u00e7\u0131k\u0131\u015f kapasitesi 800-1100kg\/saat'e kadar \u00e7\u0131kabilir.<\/p>    <figure class=\"wp-block-embed aligncenter is-type-video is-provider-youtube wp-block-embed-youtube wp-embed-aspect-16-9 wp-has-aspect-ratio\"><div class=\"wp-block-embed__wrapper\"> <iframe loading=\"lazy\" title=\"Y\u00fcksek verimli yerf\u0131st\u0131\u011f\u0131 kabu\u011fu ay\u0131klama makinesi, yerf\u0131st\u0131\u011f\u0131 kabu\u011fu ay\u0131klay\u0131c\u0131\" width=\"500\" height=\"281\" src=\"https:\/\/www.youtube.com\/embed\/xr2Nq49hSSs?feature=oembed\" frameborder=\"0\" allow=\"accelerometer; autoplay; clipboard-write; encrypted-media; gyroscope; picture-in-picture; web-share\" referrerpolicy=\"strict-origin-when-cross-origin\" allowfullscreen><\/iframe> <\/div><figcaption class=\"wp-element-caption\">Yerf\u0131st\u0131\u011f\u0131 kabu\u011fu ay\u0131klama makinesinin \u00e7al\u0131\u015fma videosu<\/figcaption><\/figure>    <h2 class=\"wp-block-heading\" id=\"h-brief-introduction-of-peanut-sheller-removing-machine\"><span class=\"has-inline-color has-black-color\">Yerf\u0131st\u0131\u011f\u0131 kabu\u011fu ay\u0131klama makinesi k\u0131sa tan\u0131t\u0131m\u0131<\/span><\/h2>    <p>As a common crop, peanuts often appear in people&#8217;s daily lives. The shell of peanuts is inedible, and artificial threshing is difficult, so more and more users are buying peanut sheller removing machines. <\/p>    <p>Yerf\u0131st\u0131\u011f\u0131 kabu\u011fu ay\u0131klama makinemiz, orijinal yerf\u0131st\u0131\u011f\u0131 kabu\u011fu makinesine bir\u00e7ok geli\u015ftirme i\u00e7erir ve benzin, dizel ve elektrikle \u00e7al\u0131\u015fabilir. Manuel hasada k\u0131yasla, yerf\u0131st\u0131\u011f\u0131 kabuklar\u0131n\u0131 yerf\u0131st\u0131\u011f\u0131 kabu\u011fu ay\u0131klay\u0131c\u0131lar\u0131ndan \u00e7\u0131karmak, \u00e7ift\u00e7ilerin i\u015f g\u00fcc\u00fcn\u00fc b\u00fcy\u00fck \u00f6l\u00e7\u00fcde azalt\u0131r, zaman ve emek tasarrufu sa\u011flar ve verimlili\u011fi art\u0131r\u0131r.<\/p>    <figure class=\"wp-block-image aligncenter size-large\"><img loading=\"lazy\" decoding=\"async\" width=\"720\" height=\"540\" src=\"https:\/\/www.agriculture-machine.com\/wp-content\/uploads\/2021\/07\/Peanut-sheller-removing-machine.jpg\" alt=\"Yerf\u0131st\u0131\u011f\u0131 kabu\u011fu ay\u0131klama makinesi\" class=\"wp-image-10913\" srcset=\"https:\/\/www.agriculture-machine.com\/wp-content\/uploads\/2021\/07\/Peanut-sheller-removing-machine.jpg 720w, https:\/\/www.agriculture-machine.com\/wp-content\/uploads\/2021\/07\/Peanut-sheller-removing-machine-360x270.jpg 360w, https:\/\/www.agriculture-machine.com\/wp-content\/uploads\/2021\/07\/Peanut-sheller-removing-machine-240x180.jpg 240w\" sizes=\"auto, (max-width: 720px) 100vw, 720px\" \/><figcaption class=\"wp-element-caption\">Yerf\u0131st\u0131\u011f\u0131 kabu\u011fu ay\u0131klama makinesi<\/figcaption><\/figure>    <h2 class=\"wp-block-heading\" id=\"h-structure-of-groundnut-thresher\"><span class=\"has-inline-color has-black-color\">Yerf\u0131st\u0131\u011f\u0131 kabu\u011fu yap\u0131s\u0131<\/span> makine<\/h2>    <p>Yerf\u0131st\u0131\u011f\u0131 kabu\u011fu ay\u0131klama makinemiz, be\u015f ana b\u00f6l\u00fcmden olu\u015fur: giri\u015f, dizel motor, \u00e7\u0131k\u0131\u015f, b\u00fcy\u00fck lastikler ve \u00e7eki\u015f \u00e7er\u00e7evesi. Yerf\u0131st\u0131\u011f\u0131 ay\u0131klay\u0131c\u0131m\u0131z, dizel motorla \u00e7al\u0131\u015f\u0131r ve dizel ile g\u00fc\u00e7 alabilir, bu da dizel kullanan m\u00fc\u015fterilerin ihtiya\u00e7lar\u0131n\u0131 kar\u015f\u0131lar. B\u00fcy\u00fck lastikler ve \u00e7eki\u015f \u00e7er\u00e7evesi uyum i\u00e7inde \u00e7al\u0131\u015f\u0131r, bu da yerf\u0131st\u0131\u011f\u0131 ay\u0131klay\u0131c\u0131s\u0131n\u0131n hareketini daha uygun hale getirir ve i\u015f g\u00fcc\u00fcnden tasarruf sa\u011flar.<\/p>    <figure class=\"wp-block-image aligncenter size-large\"><img loading=\"lazy\" decoding=\"async\" width=\"720\" height=\"540\" src=\"https:\/\/www.agriculture-machine.com\/wp-content\/uploads\/2021\/07\/Structure.jpg\" alt=\"Yerf\u0131st\u0131\u011f\u0131 kabu\u011fu ay\u0131klama makinesi\" class=\"wp-image-10895\" srcset=\"https:\/\/www.agriculture-machine.com\/wp-content\/uploads\/2021\/07\/Structure.jpg 720w, https:\/\/www.agriculture-machine.com\/wp-content\/uploads\/2021\/07\/Structure-360x270.jpg 360w, https:\/\/www.agriculture-machine.com\/wp-content\/uploads\/2021\/07\/Structure-240x180.jpg 240w\" sizes=\"auto, (max-width: 720px) 100vw, 720px\" \/><figcaption class=\"wp-element-caption\">Yerf\u0131st\u0131\u011f\u0131 kabu\u011fu ay\u0131klama makinesi<\/figcaption><\/figure>    <h2 class=\"wp-block-heading\" id=\"h-advantages-of-our-groundnut-sheller\"><span class=\"has-inline-color has-black-color\">Yerf\u0131st\u0131\u011f\u0131 kabu\u011fu ay\u0131klay\u0131c\u0131s\u0131n\u0131n avantajlar\u0131<\/span><\/h2>    <p class=\"translation-block\">Our automatic <a href=\"https:\/\/www.agriculture-machine.com\/tr\/combined-peanut-cleaning-and-shelling-machine\/\">peanut sheller machine<\/a> has the advantages of a compact structure, easy operation, and stable and reliable performance. It has high peeling efficiency, low crushing rate, good sorting, and low loss rate. Our peanut sheller removing machine can peel at least 800 kilograms per hour, the peeling rate is greater than or equal to 98%, and our breakage rate does not exceed 4%.<\/p>    <p>Yerf\u0131st\u0131\u011f\u0131 kabu\u011fu ay\u0131klama makinesi, elektrik, benzin ve dizel ile \u00e7al\u0131\u015ft\u0131r\u0131l\u0131r, bu nedenle bir\u00e7ok se\u00e7ene\u011finiz vard\u0131r. Afrika m\u00fc\u015fterilerinin ihtiya\u00e7lar\u0131n\u0131 kar\u015f\u0131lamak i\u00e7in, yerf\u0131st\u0131\u011f\u0131 kabu\u011fu ay\u0131klama makinesinin alt\u0131na bir destek ve \u00e7eki\u015f \u00e7er\u00e7evesi ekledik. Bu ihtiyac\u0131n\u0131z varsa, l\u00fctfen bizimle ileti\u015fime ge\u00e7in, size \u00f6zel yapabiliriz.<\/p>    <figure class=\"wp-block-table is-style-stripes\"><table><tbody><tr><td>Model<\/td><td>6BHD-800B (\u00c7ift tamburlu)<\/td><\/tr><tr><td>Verimlilik(kg\/saat)<\/td><td>\u2265800&#8211;1100<\/td><\/tr><tr><td>hasar oran\u0131(%)<\/td><td>\u22644.0<\/td><\/tr><tr><td>hasar oran\u0131(%)<\/td><td>\u22643.5<\/td><\/tr><tr><td>Soyma oran\u0131(%)<\/td><td>\u226598<\/td><\/tr><tr><td>\u0130ncelik oran\u0131(%)<\/td><td>\u22643.0<\/td><\/tr><tr><td>Kay\u0131p oran\u0131(%)<\/td><td>\u22640.5<\/td><\/tr><tr><td>Y\u00fckleme g\u00fcr\u00fclt\u00fcs\u00fc dB(A)<\/td><td>\u226490<\/td><\/tr><\/tbody><\/table><figcaption class=\"wp-element-caption\">Yerf\u0131st\u0131\u011f\u0131 kabu\u011fu ay\u0131klama makinesi teknik verileri<\/figcaption><\/figure>    <h2 class=\"wp-block-heading\" id=\"h-working-process-of-peanut-thresher\"><span class=\"has-inline-color has-black-color\">Yerf\u0131st\u0131\u011f\u0131 ay\u0131klama makinesinin \u00e7al\u0131\u015fma s\u00fcreci<\/span><\/h2>   <div id=\"rank-math-howto\" class=\"rank-math-block\" > <div class=\"rank-math-howto-description\">  <\/div>  <div class=\"rank-math-steps\"> <div id=\"howto-step-1717037437398\" class=\"rank-math-step\"> <div class=\"rank-math-step-content\"><p>Yerf\u0131st\u0131\u011f\u0131, besleme haznesinden \u00f6n tambura girer ve ard\u0131ndan yerf\u0131st\u0131\u011f\u0131, ask\u0131 g\u00f6vdesinin d\u00f6n\u00fc\u015f\u00fc ve konveks plakan\u0131n s\u00fcrt\u00fcnme kuvvetiyle ayr\u0131l\u0131r, \u00e7ekirdekler ve kabuklar ayr\u0131l\u0131r. Ayr\u0131lan yerf\u0131st\u0131\u011f\u0131 \u00e7ekirdekleri ve kabuklar, ayn\u0131 anda \u00f6n konveks plaka \u00fczerinden d\u00fc\u015fer ve \u00f6n kayd\u0131rma plakas\u0131ndan ge\u00e7er.<\/p> <\/div> <\/div> <div id=\"howto-step-1717037451816\" class=\"rank-math-step\"> <div class=\"rank-math-step-content\"><p>Hava kanal\u0131nda, yerf\u0131st\u0131\u011f\u0131 kabuklar\u0131 r\u00fczgarla yerf\u0131st\u0131\u011f\u0131 kabu\u011fu ay\u0131klama makinesinden \u00fcflenir; yerf\u0131st\u0131\u011f\u0131 \u00e7ekirdekleri ve soyulmam\u0131\u015f yerf\u0131st\u0131klar\u0131 yo\u011funluk ay\u0131rma eleklerine d\u00fc\u015fer ve se\u00e7ilir, se\u00e7ilen yerf\u0131st\u0131klar\u0131, \u00e7ekirdekler boyunca elek y\u00fczeyinden ge\u00e7erek torbaya girer.<\/p> <\/div> <\/div> <div id=\"howto-step-1717037488983\" class=\"rank-math-step\"> <div class=\"rank-math-step-content\"><p>Soyulmam\u0131\u015f yerf\u0131st\u0131klar\u0131, elek y\u00fczeyine d\u00fc\u015fer ve ard\u0131ndan bo\u015faltma oluklar\u0131 arac\u0131l\u0131\u011f\u0131yla hava konvey\u00f6r\u00fcne g\u00f6nderilir, hava konvey\u00f6r\u00fc onlar\u0131 arka tambura ikinci soyma i\u00e7in g\u00f6nderir.<\/p> <\/div> <\/div> <div id=\"howto-step-1717037590696\" class=\"rank-math-step\"> <div class=\"rank-math-step-content\"><p>Son olarak, soyulmu\u015f \u00e7ekirdekler ve kabuklar konveks plaka d\u00fc\u015f\u00fc\u015f\u00fcnden ge\u00e7er ve ard\u0131ndan \u00f6n hava se\u00e7imiyle, yo\u011funluk ayr\u0131m\u0131 yap\u0131l\u0131r ve se\u00e7ilir. T\u00fcm kabuklar b\u00f6ylece ayr\u0131lm\u0131\u015f olur.<\/p> <\/div> <\/div> <\/div> <\/div>       <figure class=\"wp-block-image aligncenter size-large\"><img loading=\"lazy\" decoding=\"async\" width=\"720\" height=\"540\" src=\"https:\/\/www.agriculture-machine.com\/wp-content\/uploads\/2021\/07\/start-end.jpg\" alt=\"Yer f\u0131st\u0131\u011f\u0131 kabuklama makinesi\" class=\"wp-image-10899\" srcset=\"https:\/\/www.agriculture-machine.com\/wp-content\/uploads\/2021\/07\/start-end.jpg 720w, https:\/\/www.agriculture-machine.com\/wp-content\/uploads\/2021\/07\/start-end-360x270.jpg 360w, https:\/\/www.agriculture-machine.com\/wp-content\/uploads\/2021\/07\/start-end-240x180.jpg 240w\" sizes=\"auto, (max-width: 720px) 100vw, 720px\" \/><figcaption class=\"wp-element-caption\">yerf\u0131st\u0131\u011f\u0131 ay\u0131klay\u0131c\u0131<\/figcaption><\/figure>    <h2 class=\"wp-block-heading\" id=\"h-maintenance-of-peanut-thresher\"><span class=\"has-inline-color has-black-color\">Yerf\u0131st\u0131\u011f\u0131 kabu\u011fu ay\u0131klama makinesi bak\u0131m\u0131<\/span><\/h2>    <ol class=\"wp-block-list\"> <li>Yerf\u0131st\u0131\u011f\u0131 kabu\u011fu ay\u0131klama makinesi, \u00fc\u00e7gen kay\u0131\u015f kullan\u0131r. Yeni kay\u0131\u015f bir s\u00fcre kullan\u0131ld\u0131ktan sonra yava\u015f yava\u015f uzar ve gev\u015fer, bu nedenle her iletim kay\u0131\u015f\u0131n\u0131n gerilimini d\u00fczenli olarak kontrol etmek, uyumlu par\u00e7alar aras\u0131ndaki bo\u015flu\u011fun uygun olup olmad\u0131\u011f\u0131n\u0131 kontrol etmek ve zaman\u0131nda ayarlamak gerekir.<\/li>    <li>During operation, you should always pay attention to whether the machine&#8217;s speed, sound, and temperature are normal.<\/li>    <li>You should check the screen body&#8217;s suspension shaft and all the movable joints&#8217; bearings in time for lack of oil and wear, and if they appear, they should be replaced in time.<\/li>    <li>Her i\u015flemden sonra, meyve s\u00fcrtme makinesinin elek alt\u0131, yani bal\u0131k pullar\u0131n\u0131n delikleri ve diki\u015fleri, d\u00fczenli olarak tel f\u0131r\u00e7a ile temizlenir.<\/li>    <li>\u0130\u015fleme sezonundan sonra, yerf\u0131st\u0131\u011f\u0131 kabu\u011fu ay\u0131klama makinesine kapsaml\u0131 bir bak\u0131m yap\u0131n. Kontrol sonras\u0131, hasarl\u0131 par\u00e7alar\u0131 onar\u0131n ve makineden kir ve kal\u0131nt\u0131 yerf\u0131st\u0131klar\u0131n\u0131 temizleyin.<\/li>    <li>Yerf\u0131st\u0131\u011f\u0131 ay\u0131klay\u0131c\u0131 kullan\u0131ld\u0131ktan sonra, kay\u0131\u015f\u0131 \u00e7\u0131kar\u0131n ve makineyi kuru bir depoda saklay\u0131n. Kayd\u0131ktan sonra, i\u00e7 duvara as\u0131n ve g\u00fcne\u015f \u0131\u015f\u0131\u011f\u0131na maruz kalmayan bir yerde saklay\u0131n.<\/li> <\/ol>    <h2 class=\"wp-block-heading\" id=\"h-something-about-stock-and-shipping\"><span class=\"has-inline-color has-black-color\">Stok ve sevkiyat hakk\u0131nda bir \u015feyler<\/span><\/h2>    <p>A\u015fa\u011f\u0131daki resimde g\u00f6r\u00fcld\u00fc\u011f\u00fc gibi, fabrikam\u0131z g\u00fc\u00e7l\u00fcd\u00fcr, bu y\u00fczden yeterli stokumuz var, \u00fcr\u00fcnlerimizi g\u00fcvenle sat\u0131n alabilirsiniz. \u0130lk resim, boyas\u0131z yerf\u0131st\u0131\u011f\u0131 kabu\u011fu ay\u0131klama makinesi, ikinci resim ise bitmi\u015f \u00fcr\u00fcn. <\/p>    <p>Yerf\u0131st\u0131\u011f\u0131 ay\u0131klay\u0131c\u0131m\u0131z zarif g\u00f6r\u00fcn\u00fcyor ve sat\u0131n alman\u0131zdan memnuniyet duyar\u0131z. Teslimat konusunda, ah\u015fap kutular kullan\u0131yoruz ve yeterli g\u00fcvenlik \u00f6nlemleri al\u0131yoruz. Bu nedenle, ta\u015f\u0131mada makineye zarar gelmesinden endi\u015fe etmeyin.<\/p>    <figure class=\"wp-block-gallery aligncenter has-nested-images columns-default is-cropped wp-block-gallery-2 is-layout-flex wp-block-gallery-is-layout-flex\"> <figure class=\"wp-block-image size-large\"><img loading=\"lazy\" decoding=\"async\" width=\"720\" height=\"540\" data-id=\"10900\" src=\"https:\/\/www.agriculture-machine.com\/wp-content\/uploads\/2021\/07\/groundnut-sheller-machine.jpg\" alt=\"Yer f\u0131st\u0131\u011f\u0131 kabuklama makinesi\" class=\"wp-image-10900\" srcset=\"https:\/\/www.agriculture-machine.com\/wp-content\/uploads\/2021\/07\/groundnut-sheller-machine.jpg 720w, https:\/\/www.agriculture-machine.com\/wp-content\/uploads\/2021\/07\/groundnut-sheller-machine-360x270.jpg 360w, https:\/\/www.agriculture-machine.com\/wp-content\/uploads\/2021\/07\/groundnut-sheller-machine-240x180.jpg 240w\" sizes=\"auto, (max-width: 720px) 100vw, 720px\" \/><figcaption class=\"wp-element-caption\">Yer f\u0131st\u0131\u011f\u0131 kabuklama makinesi<\/figcaption><\/figure>    <figure class=\"wp-block-image size-large\"><img loading=\"lazy\" decoding=\"async\" width=\"720\" height=\"540\" data-id=\"10901\" src=\"https:\/\/www.agriculture-machine.com\/wp-content\/uploads\/2021\/07\/stock.jpg\" alt=\"stok\" class=\"wp-image-10901\" srcset=\"https:\/\/www.agriculture-machine.com\/wp-content\/uploads\/2021\/07\/stock.jpg 720w, https:\/\/www.agriculture-machine.com\/wp-content\/uploads\/2021\/07\/stock-360x270.jpg 360w, https:\/\/www.agriculture-machine.com\/wp-content\/uploads\/2021\/07\/stock-240x180.jpg 240w\" sizes=\"auto, (max-width: 720px) 100vw, 720px\" \/><figcaption class=\"wp-element-caption\">stok<\/figcaption><\/figure>    <figure class=\"wp-block-image size-large\"><img loading=\"lazy\" decoding=\"async\" width=\"720\" height=\"540\" data-id=\"10902\" src=\"https:\/\/www.agriculture-machine.com\/wp-content\/uploads\/2021\/07\/factory.jpg\" alt=\"Yerf\u0131st\u0131\u011f\u0131 Kabuklama Makinesi\" class=\"wp-image-10902\" srcset=\"https:\/\/www.agriculture-machine.com\/wp-content\/uploads\/2021\/07\/factory.jpg 720w, https:\/\/www.agriculture-machine.com\/wp-content\/uploads\/2021\/07\/factory-360x270.jpg 360w, https:\/\/www.agriculture-machine.com\/wp-content\/uploads\/2021\/07\/factory-240x180.jpg 240w\" sizes=\"auto, (max-width: 720px) 100vw, 720px\" \/><figcaption class=\"wp-element-caption\">Yerf\u0131st\u0131\u011f\u0131 Kabuklama Makinesi<\/figcaption><\/figure>    <figure class=\"wp-block-image aligncenter size-large\"><img loading=\"lazy\" decoding=\"async\" width=\"720\" height=\"540\" data-id=\"10903\" src=\"https:\/\/www.agriculture-machine.com\/wp-content\/uploads\/2021\/07\/packaging.jpg\" alt=\"ambalajlama\" class=\"wp-image-10903\" srcset=\"https:\/\/www.agriculture-machine.com\/wp-content\/uploads\/2021\/07\/packaging.jpg 720w, https:\/\/www.agriculture-machine.com\/wp-content\/uploads\/2021\/07\/packaging-360x270.jpg 360w, https:\/\/www.agriculture-machine.com\/wp-content\/uploads\/2021\/07\/packaging-240x180.jpg 240w\" sizes=\"auto, (max-width: 720px) 100vw, 720px\" \/><figcaption class=\"wp-element-caption\">ambalajlama<\/figcaption><\/figure> <\/figure>    <h2 class=\"wp-block-heading\" id=\"h-the-price-of-peanut-thresher\"><span class=\"has-inline-color has-black-color\">Yerf\u0131st\u0131\u011f\u0131 ay\u0131klama makinesi fiyat\u0131<\/span><\/h2>    <p>Farkl\u0131 bile\u015fenler nedeniyle size net bir fiyat veremiyoruz, ancak size en d\u00fc\u015f\u00fcnceli hizmeti ve en uygun fiyat\u0131 verece\u011fimize s\u00f6z veriyoruz. \u0130leti\u015fim bilgilerinizi b\u0131rakabilirsiniz, personelimiz 24 saat i\u00e7inde sizinle ileti\u015fime ge\u00e7ecektir, dan\u0131\u015fmanl\u0131k almak i\u00e7in ho\u015fgeldiniz.<\/p>    <h2 class=\"wp-block-heading\" id=\"h-technical-parameter\">Teknik parametre<\/h2>    <figure class=\"wp-block-image aligncenter size-large\"><img loading=\"lazy\" decoding=\"async\" width=\"720\" height=\"360\" src=\"https:\/\/www.agriculture-machine.com\/wp-content\/uploads\/2021\/07\/Technical-parameter-of-peanut-sheller-removing-machine-720x360.jpg\" alt=\"Yerf\u0131st\u0131\u011f\u0131 kabu\u011fu ay\u0131klama makinesi teknik parametreleri\" class=\"wp-image-10918\" srcset=\"https:\/\/www.agriculture-machine.com\/wp-content\/uploads\/2021\/07\/Technical-parameter-of-peanut-sheller-removing-machine-720x360.jpg 720w, https:\/\/www.agriculture-machine.com\/wp-content\/uploads\/2021\/07\/Technical-parameter-of-peanut-sheller-removing-machine-360x180.jpg 360w, https:\/\/www.agriculture-machine.com\/wp-content\/uploads\/2021\/07\/Technical-parameter-of-peanut-sheller-removing-machine-768x384.jpg 768w, https:\/\/www.agriculture-machine.com\/wp-content\/uploads\/2021\/07\/Technical-parameter-of-peanut-sheller-removing-machine.jpg 900w\" sizes=\"auto, (max-width: 720px) 100vw, 720px\" \/><figcaption class=\"wp-element-caption\">Yerf\u0131st\u0131\u011f\u0131 kabu\u011fu ay\u0131klama makinesi teknik parametreleri<\/figcaption><\/figure>    <p class=\"translation-block\">A\u015fa\u011f\u0131da bu makinenin detayl\u0131 parametre listesi bulunmaktad\u0131r, referans olarak kullan\u0131labilir. Daha fazla t\u00fcr ve detay \u00f6\u011frenmek isterseniz, l\u00fctfen bizimle ileti\u015fime ge\u00e7mekten \u00e7ekinmeyin.<\/p>","protected":false},"excerpt":{"rendered":"<p>Yerf\u0131st\u0131\u011f\u0131 kabu\u011fu ay\u0131klama makinemiz kullan\u0131m\u0131 kolayd\u0131r ve elektrik, benzin, dizel ile \u00e7al\u0131\u015ft\u0131r\u0131labilir, sizin i\u00e7in bir\u00e7ok se\u00e7enek mevcuttur.<\/p>","protected":false},"author":1,"featured_media":10896,"parent":0,"comment_status":"closed","ping_status":"closed","template":"","tags":[798,797,648,866],"product-type":[895,872],"class_list":["post-10893","product","type-product","status-publish","has-post-thumbnail","hentry","tag-groundnut","tag-peanut","tag-removing-groundnut-shell","tag-removing-peanut-shell","product-type-peanut-sheller","product-type-thresher-sheller"],"_links":{"self":[{"href":"https:\/\/www.agriculture-machine.com\/tr\/wp-json\/wp\/v2\/product\/10893","targetHints":{"allow":["GET"]}}],"collection":[{"href":"https:\/\/www.agriculture-machine.com\/tr\/wp-json\/wp\/v2\/product"}],"about":[{"href":"https:\/\/www.agriculture-machine.com\/tr\/wp-json\/wp\/v2\/types\/product"}],"author":[{"embeddable":true,"href":"https:\/\/www.agriculture-machine.com\/tr\/wp-json\/wp\/v2\/users\/1"}],"replies":[{"embeddable":true,"href":"https:\/\/www.agriculture-machine.com\/tr\/wp-json\/wp\/v2\/comments?post=10893"}],"wp:featuredmedia":[{"embeddable":true,"href":"https:\/\/www.agriculture-machine.com\/tr\/wp-json\/wp\/v2\/media\/10896"}],"wp:attachment":[{"href":"https:\/\/www.agriculture-machine.com\/tr\/wp-json\/wp\/v2\/media?parent=10893"}],"wp:term":[{"taxonomy":"post_tag","embeddable":true,"href":"https:\/\/www.agriculture-machine.com\/tr\/wp-json\/wp\/v2\/tags?post=10893"},{"taxonomy":"product-type","embeddable":true,"href":"https:\/\/www.agriculture-machine.com\/tr\/wp-json\/wp\/v2\/product-type?post=10893"}],"curies":[{"name":"wp","href":"https:\/\/api.w.org\/{rel}","templated":true}]}}