{"id":10960,"date":"2021-07-30T09:28:50","date_gmt":"2021-07-30T01:28:50","guid":{"rendered":"https:\/\/www.agriculture-machine.com\/?p=10960"},"modified":"2024-09-23T11:18:08","modified_gmt":"2024-09-23T03:18:08","slug":"different-types-of-disc-harrow-for-sale","status":"publish","type":"product","link":"https:\/\/www.agriculture-machine.com\/tr\/different-types-of-disc-harrow-for-sale\/","title":{"rendered":"Sat\u0131l\u0131k farkl\u0131 disk pulluk t\u00fcrleri"},"content":{"rendered":"<h2 class=\"wp-block-heading\" id=\"h-introduction\">Giri\u015f <\/h2>    <p>Disk pulluk, bir tarak \u00e7er\u00e7evesi, bir tarak grubu, bir \u00e7eki\u015f veya ask\u0131 cihaz\u0131 ve bir sapma ayar mekanizmas\u0131ndan olu\u015fur. Bu makine, topra\u011f\u0131, kompostu ve yabani otlar\u0131 yayar ve bunlar\u0131n tarla y\u00fczeyine yap\u0131\u015fmas\u0131n\u0131 sa\u011flar. Bu makine esasen, ekim \u00f6ncesi toprak haz\u0131rl\u0131\u011f\u0131 i\u00e7in topra\u011f\u0131 gev\u015fetmek amac\u0131yla s\u00fcrme sonras\u0131 kullan\u0131l\u0131r. Ayr\u0131ca, yabani otlar\u0131 temizlemek veya hafif \u00e7apta i\u015flemek ve hasattan sonra sap tarlas\u0131nda sap temizli\u011fi yapmak i\u00e7in de kullan\u0131l\u0131r.<\/p>    <figure class=\"wp-block-image size-large is-resized\"><img loading=\"lazy\" decoding=\"async\" src=\"https:\/\/www.agriculture-machine.com\/wp-content\/uploads\/2021\/07\/disc-harrow-2-344x540.jpg\" alt=\"disk pulluk\" class=\"wp-image-10982\" width=\"839\" height=\"1317\" srcset=\"https:\/\/www.agriculture-machine.com\/wp-content\/uploads\/2021\/07\/disc-harrow-2-344x540.jpg 344w, https:\/\/www.agriculture-machine.com\/wp-content\/uploads\/2021\/07\/disc-harrow-2-172x270.jpg 172w, https:\/\/www.agriculture-machine.com\/wp-content\/uploads\/2021\/07\/disc-harrow-2.jpg 720w\" sizes=\"auto, (max-width: 839px) 100vw, 839px\" \/><figcaption>disk pulluk<\/figcaption><\/figure>    <h2 class=\"wp-block-heading\" id=\"h-the-main-difference-between-disc-harrow-and-disc-plow\">Ana fark disc pulluk ile disk pulluk aras\u0131ndaki fark:<\/h2>    <p class=\"translation-block\">Disk pulluk ile disk pulluk benzer isimlere sahip oldu\u011fundan, bir\u00e7ok ki\u015fi bu iki arac\u0131 kar\u0131\u015ft\u0131r\u0131r ve ayn\u0131 i\u015flevi g\u00f6rd\u00fcklerini d\u00fc\u015f\u00fcn\u00fcr. Asl\u0131nda, bir\u00e7ok farklar\u0131 vard\u0131r. Bunlar\u0131 \u015fu y\u00f6nlerden ay\u0131rt ederiz:<\/p>    <p>1. \u00c7al\u0131\u015ft\u0131klar\u0131 nesne ve makinelerin fonksiyonlar\u0131 farkl\u0131d\u0131r: disk pulluk esasen, s\u00fcr\u00fclmemi\u015f araziyi s\u00fcrmek i\u00e7in kullan\u0131l\u0131r, disk pulluk ise i\u015flenmi\u015f topra\u011f\u0131n k\u0131r\u0131lmas\u0131 ve d\u00fczle\u015ftirilmesi i\u00e7in kullan\u0131l\u0131r.<\/p>    <p>2. Ba\u011flant\u0131 \u015fekli farkl\u0131d\u0131r: disk pulluk \u00fc\u00e7 noktal\u0131 ask\u0131 tipi olup, disk pulluk ise b\u00fcy\u00fck \u00e7eki\u015f tipi ve k\u00fc\u00e7\u00fck ask\u0131 tipi vard\u0131r.<\/p>    <p>3. Makinenin yap\u0131s\u0131 ve \u00e7al\u0131\u015fma s\u0131ras\u0131nda kuvvet farkl\u0131d\u0131r: disk pulluk, \u00fc\u00e7 noktal\u0131 ask\u0131ya tak\u0131lan pullukta oldu\u011fu gibi, iki veya birka\u00e7 disk pulluk g\u00f6vdesi ve toprak \u00e7evirme plakas\u0131 yerine, pulluk b\u0131\u00e7a\u011f\u0131n\u0131n tak\u0131ld\u0131\u011f\u0131 konumda bulunur.<\/p>    <h2 class=\"wp-block-heading\" id=\"h-advantages-of-disc-harrow\">Disk pullu\u011fun avantajlar\u0131<\/h2>    <ol class=\"wp-block-list\"><li>Disk pulluk, tar\u0131m makinelerinin y\u00fckselen y\u0131ld\u0131z\u0131 gibidir ve d\u00fcnya genelinde bir\u00e7ok \u00fclkede ve b\u00f6lgede yayg\u0131n olarak kullan\u0131l\u0131r. G\u00fcn\u00fcm\u00fczde, bir\u00e7ok \u00fclkede disk pullu\u011fun \u00f6nemi, b\u00f6lme pullu\u011fu kadar \u00f6nemlidir. <\/li><li>Daha az g\u00fc\u00e7 gerektirir ve y\u00fcksek \u00e7al\u0131\u015fma verimlili\u011fi sa\u011flar. Enerji tasarrufu yapabilir, topra\u011f\u0131n a\u015f\u0131r\u0131 s\u00fcr\u00fclmesini \u00f6nler ve pulluk sonras\u0131 toprak tamamen kar\u0131\u015f\u0131r, bu da mikroorganizmalar\u0131n aktivitesini ve kimyasal ayr\u0131\u015fmay\u0131 te\u015fvik eder. <\/li><li>G\u00fc\u00e7l\u00fc sap temizleme yetene\u011fi, iyi toprak k\u0131rma etkisi, d\u00fc\u015f\u00fck \u00e7al\u0131\u015fma direnci, y\u00fcksek \u00fcretim verimlili\u011fi, d\u00fc\u015f\u00fck i\u015fletme maliyeti ve nem koruma avantajlar\u0131 vard\u0131r ve tohum ekim kalitesini art\u0131rabilir.<\/li><\/ol>    <h2 class=\"wp-block-heading\" id=\"h-three-types\">\u00dc\u00e7 tip <\/h2>    <h3 class=\"wp-block-heading\">Farkl\u0131 \u00f6zelliklere sahip \u00fc\u00e7 tip disk pulluk mevcuttur, ihtiya\u00e7lar\u0131n\u0131za uygun olan\u0131 se\u00e7ebilirsiniz.<\/h3>    <p>Tarama s\u0131ras\u0131nda tarafs\u0131z \u00e7eki\u015f, y\u00fcksek \u00e7al\u0131\u015fma verimlili\u011fi, makul g\u00fc\u00e7 kullan\u0131m\u0131 ve topra\u011fa giri\u015f ve k\u0131rma konusunda g\u00fc\u00e7l\u00fc yetene\u011fe sahiptir. Tarama sonras\u0131 y\u00fczey d\u00fcz ve toprak gev\u015fek olur. Kar\u015f\u0131t hafif disk pulluk, a\u011f\u0131r toprak, \u00e7orak arazi ve yabani otlar i\u00e7in uygundur. B\u00fcy\u00fck beygir g\u00fcc\u00fc ile e\u015fle\u015ftirilmi\u015f kar\u015f\u0131t hafif disk pulluk.<\/p>    <figure class=\"wp-block-gallery columns-2 is-cropped wp-block-gallery-2 is-layout-flex wp-block-gallery-is-layout-flex\"><ul class=\"blocks-gallery-grid\"><li class=\"blocks-gallery-item\"><figure><img loading=\"lazy\" decoding=\"async\" width=\"540\" height=\"540\" src=\"https:\/\/www.agriculture-machine.com\/wp-content\/uploads\/2021\/07\/Opposed-light-disc-harrow3-540x540.jpg\" alt=\"Opposed\u00a0light disc harrow\" data-id=\"10986\" data-full-url=\"https:\/\/www.agriculture-machine.com\/wp-content\/uploads\/2021\/07\/Opposed-light-disc-harrow3.jpg\" data-link=\"https:\/\/www.agriculture-machine.com\/different-types-of-disc-harrow-for-sale\/opposed-light-disc-harrow3\/\" class=\"wp-image-10986\" srcset=\"https:\/\/www.agriculture-machine.com\/wp-content\/uploads\/2021\/07\/Opposed-light-disc-harrow3-540x540.jpg 540w, https:\/\/www.agriculture-machine.com\/wp-content\/uploads\/2021\/07\/Opposed-light-disc-harrow3-270x270.jpg 270w, https:\/\/www.agriculture-machine.com\/wp-content\/uploads\/2021\/07\/Opposed-light-disc-harrow3.jpg 750w\" sizes=\"auto, (max-width: 540px) 100vw, 540px\" \/><\/figure><\/li><li class=\"blocks-gallery-item\"><figure><img loading=\"lazy\" decoding=\"async\" width=\"408\" height=\"540\" src=\"https:\/\/www.agriculture-machine.com\/wp-content\/uploads\/2021\/07\/Opposed-light-disc-harrow-2-1-408x540.jpg\" alt=\"Opposed\u00a0light disc harrow\" data-id=\"10985\" data-full-url=\"https:\/\/www.agriculture-machine.com\/wp-content\/uploads\/2021\/07\/Opposed-light-disc-harrow-2-1.jpg\" data-link=\"https:\/\/www.agriculture-machine.com\/different-types-of-disc-harrow-for-sale\/opposed-light-disc-harrow-2-2\/\" class=\"wp-image-10985\" srcset=\"https:\/\/www.agriculture-machine.com\/wp-content\/uploads\/2021\/07\/Opposed-light-disc-harrow-2-1-408x540.jpg 408w, https:\/\/www.agriculture-machine.com\/wp-content\/uploads\/2021\/07\/Opposed-light-disc-harrow-2-1-204x270.jpg 204w, https:\/\/www.agriculture-machine.com\/wp-content\/uploads\/2021\/07\/Opposed-light-disc-harrow-2-1.jpg 720w\" sizes=\"auto, (max-width: 408px) 100vw, 408px\" \/><\/figure><\/li><\/ul><\/figure>    <p>Kar\u015f\u0131t hafif disk pulluk teknik parametreleri<\/p>    <figure class=\"wp-block-table is-style-stripes\"><table><tbody><tr><td>Model<\/td><td>1BQDX-1.3<\/td><td>1BQDX-1.6<\/td><td>1BQDX-2.0<\/td><td>1BQDX-2.4<\/td><td>1BQDX-2.8<\/td><td>1BQDX-3.0<\/td><\/tr><tr><td>Kesim geni\u015fli\u011fi(mm)<\/td><td>1300<\/td><td>1600<\/td><td>2000<\/td><td>2400<\/td><td>2800<\/td><td>3000<\/td><\/tr><tr><td>Q&#8217; ty of disc<\/td><td>16<\/td><td>20<\/td><td>24<\/td><td>28<\/td><td>32<\/td><td>36<\/td><\/tr><tr><td>A\u011f\u0131rl\u0131k(kg)<\/td><td>330<\/td><td>390<\/td><td>460<\/td><td>560<\/td><td>600<\/td><td>650<\/td><\/tr><tr><td>Trakt\u00f6r g\u00fcc\u00fc\uff08hp)<\/td><td>35-40<\/td><td>40-45<\/td><td>50-60<\/td><td>60-75<\/td><td>75-85<\/td><td>85-100<\/td><\/tr><\/tbody><\/table><\/figure>    <h3 class=\"wp-block-heading\">Montaj hafif g\u00f6rev disk pullu\u011fu<\/h3>    <p>Bu tip disk pulluk, esasen, s\u00fcrme sonras\u0131 topra\u011f\u0131 k\u0131rmak, ekim \u00f6ncesi toprak haz\u0131rl\u0131\u011f\u0131 yapmak, topra\u011f\u0131 gev\u015fetmek, toprak ve g\u00fcbre kar\u0131\u015f\u0131m\u0131n\u0131 yapmak ve hafif toprakta sap temizleme i\u015flemi yapmak i\u00e7in uygundur. Makinenin yap\u0131s\u0131 makul, sa\u011flaml\u0131k ve dayan\u0131kl\u0131l\u0131k \u00f6zelliklerine sahip, kullan\u0131m\u0131 kolay, bak\u0131m gerektirmeyen, g\u00fc\u00e7l\u00fc toprak k\u0131rma yetene\u011fi ve tarama sonras\u0131 d\u00fczg\u00fcn y\u00fczey sa\u011flar. Uyumlu beygir g\u00fcc\u00fc biraz daha k\u00fc\u00e7\u00fckt\u00fcr ve montaj hafif g\u00f6rev disk pullu\u011funun kesim derinli\u011fi di\u011fer ikiye g\u00f6re daha k\u00fc\u00e7\u00fckt\u00fcr.<\/p>    <figure class=\"wp-block-gallery columns-2 is-cropped wp-block-gallery-3 is-layout-flex wp-block-gallery-is-layout-flex\"><ul class=\"blocks-gallery-grid\"><li class=\"blocks-gallery-item\"><figure><img loading=\"lazy\" decoding=\"async\" width=\"720\" height=\"540\" src=\"https:\/\/www.agriculture-machine.com\/wp-content\/uploads\/2021\/07\/Mounted-light-duty-disc-harrow-1.jpg\" alt=\"Sat\u0131\u015fta farkl\u0131 tipte disk pulluklar: \u00dc\u00e7 ana tip disk pulluk\" data-id=\"10987\" data-full-url=\"https:\/\/www.agriculture-machine.com\/wp-content\/uploads\/2021\/07\/Mounted-light-duty-disc-harrow-1.jpg\" data-link=\"https:\/\/www.agriculture-machine.com\/different-types-of-disc-harrow-for-sale\/mounted-light-duty-disc-harrow-3\/\" class=\"wp-image-10987\" srcset=\"https:\/\/www.agriculture-machine.com\/wp-content\/uploads\/2021\/07\/Mounted-light-duty-disc-harrow-1.jpg 720w, https:\/\/www.agriculture-machine.com\/wp-content\/uploads\/2021\/07\/Mounted-light-duty-disc-harrow-1-360x270.jpg 360w, https:\/\/www.agriculture-machine.com\/wp-content\/uploads\/2021\/07\/Mounted-light-duty-disc-harrow-1-240x180.jpg 240w\" sizes=\"auto, (max-width: 720px) 100vw, 720px\" \/><figcaption class=\"blocks-gallery-item__caption\">Makinenin detaylar\u0131<\/figcaption><\/figure><\/li><li class=\"blocks-gallery-item\"><figure><img loading=\"lazy\" decoding=\"async\" width=\"720\" height=\"540\" src=\"https:\/\/www.agriculture-machine.com\/wp-content\/uploads\/2021\/07\/Mounted-light-duty-disc-harrow-2-1.jpg\" alt=\"Makinenin detaylar\u0131 2\" data-id=\"10988\" data-full-url=\"https:\/\/www.agriculture-machine.com\/wp-content\/uploads\/2021\/07\/Mounted-light-duty-disc-harrow-2-1.jpg\" data-link=\"https:\/\/www.agriculture-machine.com\/different-types-of-disc-harrow-for-sale\/mounted-light-duty-disc-harrow-2-2\/\" class=\"wp-image-10988\" srcset=\"https:\/\/www.agriculture-machine.com\/wp-content\/uploads\/2021\/07\/Mounted-light-duty-disc-harrow-2-1.jpg 720w, https:\/\/www.agriculture-machine.com\/wp-content\/uploads\/2021\/07\/Mounted-light-duty-disc-harrow-2-1-360x270.jpg 360w, https:\/\/www.agriculture-machine.com\/wp-content\/uploads\/2021\/07\/Mounted-light-duty-disc-harrow-2-1-240x180.jpg 240w\" sizes=\"auto, (max-width: 720px) 100vw, 720px\" \/><\/figure><\/li><\/ul><\/figure>    <p>Montaj hafif g\u00f6rev disk pullu\u011fu teknik parametreleri<\/p>    <figure class=\"wp-block-table is-style-stripes\"><table><tbody><tr><td>Model<\/td><td>1BQX-1.1<\/td><td>1BQX-1.3<\/td><td>1BQX-1.5<\/td><td>1BQX-1.7<\/td><td>1BQX-1.9<\/td><td>1BQX-2.3<\/td><\/tr><tr><td>Kesim geni\u015fli\u011fi(mm)<\/td><td>1100<\/td><td>1300<\/td><td>1500<\/td><td>1700<\/td><td>1900<\/td><td>2300<\/td><\/tr><tr><td>Q&#8217; ty of disc<\/td><td>12<\/td><td>14<\/td><td>16<\/td><td>18<\/td><td>20<\/td><td>24<\/td><\/tr><tr><td>A\u011f\u0131rl\u0131k(kg)<\/td><td>200<\/td><td>220<\/td><td>240<\/td><td>260<\/td><td>310<\/td><td>360<\/td><\/tr><tr><td>Trakt\u00f6r g\u00fcc\u00fc\uff08hp)<\/td><td>15<\/td><td>18<\/td><td>25<\/td><td>40<\/td><td>50<\/td><td>60<\/td><\/tr><\/tbody><\/table><\/figure>    <h3 class=\"wp-block-heading\">Montaj orta g\u00f6rev disk pulluk<\/h3>    <p>1BJX montaj orta g\u00f6rev disk pulluk, di\u015fli b\u0131\u00e7aklar kullan\u0131r ve arka pulluk grubu disk pulluk b\u0131\u00e7aklar\u0131 kullan\u0131r. Kuru tarla s\u00fcrmeden \u00f6nce sap temizleme, s\u00fcrme sonras\u0131 topra\u011f\u0131 k\u0131rma ve hafif toprakta pulluk yerine disk kullan\u0131m\u0131 i\u00e7in uygundur. Bu seriye ait tarak b\u0131\u00e7aklar\u0131m\u0131z y\u00fcksek kaliteli olup uzun hizmet \u00f6mr\u00fcne sahiptir. T\u00fcm makine g\u00fczel hatlara, \u00e7e\u015fitli renklere ve tam \u00e7e\u015fitlere sahiptir, farkl\u0131 beygir g\u00fcc\u00fcne sahip d\u00f6rt tekerlekli trakt\u00f6rlerin kay\u0131\u015flar\u0131na uygundur. D\u00fcz y\u00fczey yo\u011fun tar\u0131m gereksinimlerini kar\u015f\u0131layabilir.<\/p>    <figure class=\"wp-block-gallery columns-2 is-cropped wp-block-gallery-4 is-layout-flex wp-block-gallery-is-layout-flex\"><ul class=\"blocks-gallery-grid\"><li class=\"blocks-gallery-item\"><figure><img loading=\"lazy\" decoding=\"async\" width=\"720\" height=\"540\" src=\"https:\/\/www.agriculture-machine.com\/wp-content\/uploads\/2021\/07\/Mounted-middle-duty-disc-harrow-1.jpg\" alt=\"Montaj orta g\u00f6rev disk pulluk\" data-id=\"10989\" data-full-url=\"https:\/\/www.agriculture-machine.com\/wp-content\/uploads\/2021\/07\/Mounted-middle-duty-disc-harrow-1.jpg\" data-link=\"https:\/\/www.agriculture-machine.com\/different-types-of-disc-harrow-for-sale\/mounted-middle-duty-disc-harrow-3\/\" class=\"wp-image-10989\" srcset=\"https:\/\/www.agriculture-machine.com\/wp-content\/uploads\/2021\/07\/Mounted-middle-duty-disc-harrow-1.jpg 720w, https:\/\/www.agriculture-machine.com\/wp-content\/uploads\/2021\/07\/Mounted-middle-duty-disc-harrow-1-360x270.jpg 360w, https:\/\/www.agriculture-machine.com\/wp-content\/uploads\/2021\/07\/Mounted-middle-duty-disc-harrow-1-240x180.jpg 240w\" sizes=\"auto, (max-width: 720px) 100vw, 720px\" \/><figcaption class=\"blocks-gallery-item__caption\">Montaj orta g\u00f6rev disk pulluk<\/figcaption><\/figure><\/li><li class=\"blocks-gallery-item\"><figure><img loading=\"lazy\" decoding=\"async\" width=\"720\" height=\"540\" src=\"https:\/\/www.agriculture-machine.com\/wp-content\/uploads\/2021\/07\/Mounted-middle-duty-disc-harrow-2-1.jpg\" alt=\"Montaj orta g\u00f6rev disk pulluk\" data-id=\"10990\" data-full-url=\"https:\/\/www.agriculture-machine.com\/wp-content\/uploads\/2021\/07\/Mounted-middle-duty-disc-harrow-2-1.jpg\" data-link=\"https:\/\/www.agriculture-machine.com\/different-types-of-disc-harrow-for-sale\/mounted-middle-duty-disc-harrow-2-2\/\" class=\"wp-image-10990\" srcset=\"https:\/\/www.agriculture-machine.com\/wp-content\/uploads\/2021\/07\/Mounted-middle-duty-disc-harrow-2-1.jpg 720w, https:\/\/www.agriculture-machine.com\/wp-content\/uploads\/2021\/07\/Mounted-middle-duty-disc-harrow-2-1-360x270.jpg 360w, https:\/\/www.agriculture-machine.com\/wp-content\/uploads\/2021\/07\/Mounted-middle-duty-disc-harrow-2-1-240x180.jpg 240w\" sizes=\"auto, (max-width: 720px) 100vw, 720px\" \/><figcaption class=\"blocks-gallery-item__caption\">Montaj orta g\u00f6rev disk pulluk<\/figcaption><\/figure><\/li><\/ul><\/figure>    <p>Montaj orta g\u00f6rev disk pullu\u011fu teknik parametreleri<\/p>    <figure class=\"wp-block-table is-style-stripes\"><table><tbody><tr><td>Model<\/td><td>1BJX-1.6<\/td><td>1BJX-1.8<\/td><td>1BJX-2.0<\/td><td>1BJX-2.2<\/td><td>1BJX-2.4<\/td><td>1BJX-2.5<\/td><\/tr><tr><td>Kesim geni\u015fli\u011fi(mm)<\/td><td>1600<\/td><td>1800<\/td><td>2000<\/td><td>2200<\/td><td>2400<\/td><td>2500<\/td><\/tr><tr><td>Q&#8217; ty of disc<\/td><td>14<\/td><td>16<\/td><td>18<\/td><td>20<\/td><td>22<\/td><td>24<\/td><\/tr><tr><td>A\u011f\u0131rl\u0131k(kg)<\/td><td>350<\/td><td>380<\/td><td>420<\/td><td>470<\/td><td>540<\/td><td>650<\/td><\/tr><tr><td>Trakt\u00f6r g\u00fcc\u00fc\uff08hp)<\/td><td>30<\/td><td>40<\/td><td>50<\/td><td>60<\/td><td>70<\/td><td>80<\/td><\/tr><\/tbody><\/table><\/figure>    <h2 class=\"wp-block-heading\" id=\"h-precautions\">\u00d6nlemler<\/h2>    <ol class=\"wp-block-list\"><li>Kullanmadan \u00f6nce ba\u011flant\u0131 c\u0131vatalar\u0131n\u0131n ve somunlar\u0131n\u0131n gev\u015fek olup olmad\u0131\u011f\u0131n\u0131 kontrol edin, \u00f6zellikle kare mil somunlar\u0131n\u0131n s\u0131k\u0131la\u015ft\u0131r\u0131lmas\u0131 gerekir. Kare milin sonunda bulunan somun s\u0131k\u0131lmal\u0131 ve kilitlenmelidir. Tarak b\u0131\u00e7a\u011f\u0131nda sallant\u0131 olmamal\u0131d\u0131r, aksi takdirde, tarak b\u0131\u00e7a\u011f\u0131n\u0131n i\u00e7 deli\u011fi kare milin yuvarlanmas\u0131na neden olur.<\/li><li>As\u0131l\u0131 pullu\u011fun kald\u0131r\u0131lmas\u0131 ve indirilmesi yava\u015f ve istikrarl\u0131 olmal\u0131d\u0131r. A\u015f\u0131r\u0131 kullan\u0131m izin verilmez ve insan v\u00fccudu, pullu\u011fu topra\u011fa zorlamak i\u00e7in a\u011f\u0131rl\u0131\u011f\u0131n\u0131 art\u0131rmamal\u0131d\u0131r.<\/li><li>\u0130\u015flem s\u0131ras\u0131nda, tarak tamiri, muayene ve ayar kesinlikle yasakt\u0131r. Trakt\u00f6r, tarakla \u00e7al\u0131\u015f\u0131rken keskin d\u00f6n\u00fc\u015fler yap\u0131lmamal\u0131 ve \u00e7eki\u015fli pulluk geri al\u0131nmamal\u0131d\u0131r. <\/li><li>Ciddi toprak erozyonu ve s\u00fcr\u00fcklenme durumunda, nedenleri analiz edilmeli ve giderilmeli, zorunlu operasyon yap\u0131lmamal\u0131d\u0131r. Tarak yere yak\u0131nsa, tarak b\u0131\u00e7aklar\u0131n\u0131n s\u0131rt, ta\u015f s\u0131rt\u0131 vb. ile temas etmesine izin verilmez. <\/li><li>Parselleri ta\u015f\u0131mak veya k\u0131sa mesafe nakliyat yapmak i\u00e7in, tarak mekanizmas\u0131 en y\u00fcksek konuma kald\u0131r\u0131lmal\u0131 ve kilitlenmelidir, b\u00f6ylece tar\u0131m aleti ta\u015f\u0131maya haz\u0131r hale gelir ve s\u0131n\u0131r zinciri s\u0131k\u0131l\u0131r. <\/li><\/ol>    <h2 class=\"wp-block-heading\" id=\"h-our-service\">Hizmetimiz<\/h2>    <p>Uzun y\u0131llard\u0131r kurulu olan bir fabrikay\u0131z. \u00dcretti\u011fimiz makineler y\u00fcksek kaliteli malzemelerden yap\u0131lm\u0131\u015f ve g\u00fcvenilir kaliteyi sa\u011flamak i\u00e7in birka\u00e7 kez kontrol edilmi\u015ftir. \u00c7al\u0131\u015fanlar\u0131m\u0131z da uzun y\u0131llara dayanan deneyime sahip uzmanlard\u0131r, iyi hizmet tutumu ve y\u00fcksek \u00e7al\u0131\u015fma verimlili\u011fine sahiptirler. \u00dcr\u00fcnlerimizle ilgileniyorsan\u0131z ve makinelerimiz hakk\u0131nda daha fazla detay \u00f6\u011frenmek istiyorsan\u0131z, ileti\u015fim bilgilerinizi b\u0131rakabilirsiniz, personelimiz 24 saat i\u00e7inde sizinle ileti\u015fime ge\u00e7ecektir, dan\u0131\u015fmanl\u0131k i\u00e7in ho\u015fgeldiniz.<\/p>","protected":false},"excerpt":{"rendered":"<p>Introduction Disc harrow is composed of a raked frame, a rake group, a traction or suspension device, and a deflection adjustment mechanism. It is a machine that spreads the ground, compost, and weeds to make them adhere to the surface of the farmland. This machine is mainly used to loosen the soil after plowing\u00a0to meet [&hellip;]<\/p>\n","protected":false},"author":1,"featured_media":10991,"parent":0,"comment_status":"closed","ping_status":"closed","template":"","tags":[698],"product-type":[878],"class_list":["post-10960","product","type-product","status-publish","has-post-thumbnail","hentry","tag-tractor","product-type-manual-tractor"],"_links":{"self":[{"href":"https:\/\/www.agriculture-machine.com\/tr\/wp-json\/wp\/v2\/product\/10960","targetHints":{"allow":["GET"]}}],"collection":[{"href":"https:\/\/www.agriculture-machine.com\/tr\/wp-json\/wp\/v2\/product"}],"about":[{"href":"https:\/\/www.agriculture-machine.com\/tr\/wp-json\/wp\/v2\/types\/product"}],"author":[{"embeddable":true,"href":"https:\/\/www.agriculture-machine.com\/tr\/wp-json\/wp\/v2\/users\/1"}],"replies":[{"embeddable":true,"href":"https:\/\/www.agriculture-machine.com\/tr\/wp-json\/wp\/v2\/comments?post=10960"}],"wp:featuredmedia":[{"embeddable":true,"href":"https:\/\/www.agriculture-machine.com\/tr\/wp-json\/wp\/v2\/media\/10991"}],"wp:attachment":[{"href":"https:\/\/www.agriculture-machine.com\/tr\/wp-json\/wp\/v2\/media?parent=10960"}],"wp:term":[{"taxonomy":"post_tag","embeddable":true,"href":"https:\/\/www.agriculture-machine.com\/tr\/wp-json\/wp\/v2\/tags?post=10960"},{"taxonomy":"product-type","embeddable":true,"href":"https:\/\/www.agriculture-machine.com\/tr\/wp-json\/wp\/v2\/product-type?post=10960"}],"curies":[{"name":"wp","href":"https:\/\/api.w.org\/{rel}","templated":true}]}}