{"id":10993,"date":"2021-08-16T17:44:40","date_gmt":"2021-08-16T09:44:40","guid":{"rendered":"https:\/\/www.agriculture-machine.com\/?p=10993"},"modified":"2024-08-20T17:43:17","modified_gmt":"2024-08-20T09:43:17","slug":"potato-harvester-two-models-of-potato-harvester","status":"publish","type":"product","link":"https:\/\/www.agriculture-machine.com\/tr\/potato-harvester-two-models-of-potato-harvester\/","title":{"rendered":"\u0130ki Model Patates Hasat Makinesi Sat\u0131\u015fta"},"content":{"rendered":"<p class=\"translation-block\">Patates<strong> hasat makinesi<\/strong> esas olarak yer alt\u0131 patateslerinin, tatl\u0131 patateslerin, havu\u00e7lar\u0131n vb. hasad\u0131n\u0131 tamamlamak i\u00e7in kullan\u0131l\u0131r. Farkl\u0131 toprak tiplerine uygundur: kumlu toprak, t\u0131nl\u0131 toprak ve orta yap\u0131\u015fkan toprak. <\/p>    <p>Makine, meyveyi topraktan \u00e7\u0131kar\u0131p y\u0131\u011far, i\u015f g\u00fcc\u00fc t\u00fcketimini azalt\u0131r ve toplama i\u015flemini kolayla\u015ft\u0131r\u0131r. Derin kazma kapasitesi sayesinde patateslere zarar vermez.<\/p>    <figure class=\"wp-block-embed aligncenter is-type-video is-provider-youtube wp-block-embed-youtube wp-embed-aspect-16-9 wp-has-aspect-ratio\"><div class=\"wp-block-embed__wrapper\"> <iframe loading=\"lazy\" title=\"Patates Hasad Verimlili\u011fini Geli\u015fmi\u015f Kombine Patates Hasat Makinemizle Maksimize Edin#hasat\" width=\"500\" height=\"281\" src=\"https:\/\/www.youtube.com\/embed\/4WllxEhKSvg?feature=oembed\" frameborder=\"0\" allow=\"accelerometer; autoplay; clipboard-write; encrypted-media; gyroscope; picture-in-picture; web-share\" referrerpolicy=\"strict-origin-when-cross-origin\" allowfullscreen><\/iframe> <\/div><figcaption class=\"wp-element-caption\">Patates kazma makinesi \u00e7al\u0131\u015fma videosu<\/figcaption><\/figure>    <p class=\"translation-block\">Bu makine, Hollanda, ABD, Kanada, Almanya, Fransa, Rusya vb. bir\u00e7ok \u00fclkede pop\u00fclerdir (<strong><em><a href=\"https:\/\/www.agriculture-machine.com\/tr\/automatic-potato-harvesting-machine\/\">Neden Otomatik Patates Hasat Makineleri Kanada \u00dclkelerinde Pop\u00fclerdir<\/a><\/em><\/strong>). Burada \u00e7e\u015fitli \u00e7al\u0131\u015fma senaryolar\u0131 bulunmaktad\u0131r.<\/p>    <figure class=\"wp-block-image aligncenter size-full\"><img loading=\"lazy\" decoding=\"async\" width=\"720\" height=\"540\" src=\"https:\/\/www.agriculture-machine.com\/wp-content\/uploads\/2021\/07\/working-scene.jpg\" alt=\"\u00e7al\u0131\u015fma sahas\u0131\" class=\"wp-image-10998\" srcset=\"https:\/\/www.agriculture-machine.com\/wp-content\/uploads\/2021\/07\/working-scene.jpg 720w, https:\/\/www.agriculture-machine.com\/wp-content\/uploads\/2021\/07\/working-scene-360x270.jpg 360w, https:\/\/www.agriculture-machine.com\/wp-content\/uploads\/2021\/07\/working-scene-240x180.jpg 240w\" sizes=\"auto, (max-width: 720px) 100vw, 720px\" \/><figcaption class=\"wp-element-caption\">patates kazma makinesi \u00e7al\u0131\u015fma sahnesi<\/figcaption><\/figure>    <h2 class=\"wp-block-heading\" id=\"h-introduction-about-our-potato-harvester\">Patates hasat makinemiz hakk\u0131nda giri\u015f<\/h2>    <p>The harvester machine can help people harvest the crop efficiently. Our potato harvester equipment is specially designed according to our country&#8217;s characteristics of potato planting. The yield that the machine can harvest is more than a dozen people can harvest.<\/p>    <p>T\u00fcm operasyon s\u00fcreci sorunsuzdur. Makine ba\u011flama ve kullanma a\u00e7\u0131s\u0131ndan pratiktir. Esnektir, pratiktir, y\u00fcksek hasat verimlili\u011fine sahiptir, g\u00f6m\u00fcl\u00fc patatesleri azd\u0131r ve patateslere zarar vermez. <\/p>    <figure class=\"wp-block-image aligncenter size-large\"><img loading=\"lazy\" decoding=\"async\" width=\"720\" height=\"539\" src=\"https:\/\/www.agriculture-machine.com\/wp-content\/uploads\/2021\/07\/potato-harvester-2.jpg\" alt=\"patates hasat makinesi\" class=\"wp-image-11003\" srcset=\"https:\/\/www.agriculture-machine.com\/wp-content\/uploads\/2021\/07\/potato-harvester-2.jpg 720w, https:\/\/www.agriculture-machine.com\/wp-content\/uploads\/2021\/07\/potato-harvester-2-360x270.jpg 360w, https:\/\/www.agriculture-machine.com\/wp-content\/uploads\/2021\/07\/potato-harvester-2-240x180.jpg 240w\" sizes=\"auto, (max-width: 720px) 100vw, 720px\" \/><figcaption class=\"wp-element-caption\">patates kaz\u0131c\u0131 makinesi<\/figcaption><\/figure>    <p>The machine can turn over the soil. The remaining agricultural film is turned directly on the ground, which is more convenient to clean up. It is also conducive to the growth of the next season&#8217;s crops. So our potato reaping machine is favored by users everywhere.<\/p>    <figure class=\"wp-block-image aligncenter size-large\"><img loading=\"lazy\" decoding=\"async\" width=\"720\" height=\"530\" src=\"https:\/\/www.agriculture-machine.com\/wp-content\/uploads\/2021\/07\/potato-harvester-2-1.jpg\" alt=\"\" class=\"wp-image-11004\" srcset=\"https:\/\/www.agriculture-machine.com\/wp-content\/uploads\/2021\/07\/potato-harvester-2-1.jpg 720w, https:\/\/www.agriculture-machine.com\/wp-content\/uploads\/2021\/07\/potato-harvester-2-1-360x265.jpg 360w\" sizes=\"auto, (max-width: 720px) 100vw, 720px\" \/><figcaption class=\"wp-element-caption\">Sat\u0131l\u0131k patates hasat makinesi<\/figcaption><\/figure>    <h2 class=\"wp-block-heading\">Patates kaz\u0131y\u0131c\u0131s\u0131n\u0131n \u00e7al\u0131\u015fma prensibi<\/h2>    <ol class=\"wp-block-list\"> <li>\u00c7al\u0131\u015fmadan \u00f6nce, makineyi trakt\u00f6re ba\u011flay\u0131n. Farkl\u0131 patates hasat makineleri, farkl\u0131 beygir g\u00fcc\u00fcne sahip trakt\u00f6rlerle uyum sa\u011flamal\u0131d\u0131r.<\/li>    <li>Trakt\u00f6r ileri do\u011fru hareket ederken, patates toplama makinesi birlikte \u00e7al\u0131\u015fmaya ba\u015flamal\u0131d\u0131r.<\/li>    <li>\u00c7al\u0131\u015fma prensibi, trakt\u00f6r\u00fcn PTO tahriki alt\u0131nda, titre\u015fimli ekran\u0131n titre\u015fimiyle toprak ve yumrular\u0131n ayr\u0131lmas\u0131d\u0131r. Toprak, titre\u015fimli ekran\u0131n bo\u015flu\u011funa d\u00fc\u015fer ve patatesler ekranda kal\u0131r.<\/li> <\/ol>    <h2 class=\"wp-block-heading\">Potato harvesting machine&#8217;s main structure <\/h2>    <p>Patates hasat makinesi birka\u00e7 par\u00e7adan olu\u015fur: tekerlek, kuyruk tekerle\u011fi destek \u00e7er\u00e7evesi, titre\u015fimli ekran, koruyucu kapak, \u00e7eki\u015f \u00e7er\u00e7evesi, PTO ve ask\u0131 pimleri. Daha fazla detay i\u00e7in a\u015fa\u011f\u0131daki resme bakabilirsiniz.<\/p>    <figure class=\"wp-block-image aligncenter size-full\"><img loading=\"lazy\" decoding=\"async\" width=\"720\" height=\"528\" src=\"https:\/\/www.agriculture-machine.com\/wp-content\/uploads\/2021\/07\/structure-2.jpg\" alt=\"yap\u0131\" class=\"wp-image-11002\" srcset=\"https:\/\/www.agriculture-machine.com\/wp-content\/uploads\/2021\/07\/structure-2.jpg 720w, https:\/\/www.agriculture-machine.com\/wp-content\/uploads\/2021\/07\/structure-2-360x264.jpg 360w\" sizes=\"auto, (max-width: 720px) 100vw, 720px\" \/><figcaption class=\"wp-element-caption\">hasat makinesi yap\u0131s\u0131<\/figcaption><\/figure>    <h2 class=\"wp-block-heading\">Teknik parametreler<\/h2>    <p>\u0130ki model patates hasat makinemiz vard\u0131r: tek s\u0131ral\u0131 ve iki s\u0131ral\u0131 patates hasat makineleri. Detayl\u0131 bilgiyi sayfadan edinebilirsiniz. Daha fazla bilgi i\u00e7in personelimize dan\u0131\u015fabilirsiniz.<\/p>    <figure class=\"wp-block-gallery has-nested-images columns-default is-cropped wp-block-gallery-2 is-layout-flex wp-block-gallery-is-layout-flex\"> <figure class=\"wp-block-image size-large\"><img loading=\"lazy\" decoding=\"async\" width=\"720\" height=\"540\" data-id=\"11005\" src=\"https:\/\/www.agriculture-machine.com\/wp-content\/uploads\/2021\/07\/single-row.jpg\" alt=\"tek s\u0131ra\" class=\"wp-image-11005\" srcset=\"https:\/\/www.agriculture-machine.com\/wp-content\/uploads\/2021\/07\/single-row.jpg 720w, https:\/\/www.agriculture-machine.com\/wp-content\/uploads\/2021\/07\/single-row-360x270.jpg 360w, https:\/\/www.agriculture-machine.com\/wp-content\/uploads\/2021\/07\/single-row-240x180.jpg 240w\" sizes=\"auto, (max-width: 720px) 100vw, 720px\" \/><figcaption class=\"wp-element-caption\">tek s\u0131ra<\/figcaption><\/figure>    <figure class=\"wp-block-image size-large\"><img loading=\"lazy\" decoding=\"async\" width=\"720\" height=\"540\" data-id=\"11006\" src=\"https:\/\/www.agriculture-machine.com\/wp-content\/uploads\/2021\/07\/two-rows.jpg\" alt=\"iki s\u0131ra\" class=\"wp-image-11006\" srcset=\"https:\/\/www.agriculture-machine.com\/wp-content\/uploads\/2021\/07\/two-rows.jpg 720w, https:\/\/www.agriculture-machine.com\/wp-content\/uploads\/2021\/07\/two-rows-360x270.jpg 360w, https:\/\/www.agriculture-machine.com\/wp-content\/uploads\/2021\/07\/two-rows-240x180.jpg 240w\" sizes=\"auto, (max-width: 720px) 100vw, 720px\" \/><figcaption class=\"wp-element-caption\">iki s\u0131ra<\/figcaption><\/figure> <\/figure>    <figure class=\"wp-block-table is-style-stripes\"><table><tbody><tr><td>Model<\/td><td>4U-1<\/td><td>4U-2<\/td><\/tr><tr><td>Hasat s\u0131ralar\u0131<\/td><td>1<\/td><td>2<\/td><\/tr><tr><td>Kesim geni\u015fli\u011fi(mm)<\/td><td>600<\/td><td>900\/1300\/1600\/1800<\/td><\/tr><tr><td>Kesme derinli\u011fi(mm)<\/td><td>100-250<\/td><td>100-250<\/td><\/tr><tr><td>PTO d\u00f6n\u00fc\u015f h\u0131z\u0131(r\/dak)<\/td><td>540-720<\/td><td>540-720<\/td><\/tr><tr><td>A\u011f\u0131rl\u0131k(kg)<\/td><td>160<\/td><td>260\/335\/390\/440<\/td><\/tr><tr><td>Trakt\u00f6r g\u00fcc\u00fc(hp)<\/td><td>20-30<\/td><td>40\/50\/70\/80<\/td><\/tr><tr><td>Monte Cat<\/td><td>\u00fc\u00e7 noktal\u0131 ask\u0131 Kat \u2161<\/td><td>\u00fc\u00e7 noktal\u0131 ask\u0131 Kat \u2161<\/td><\/tr><\/tbody><\/table><figcaption class=\"wp-element-caption\">Her iki hasat modeli i\u00e7in parametre bilgisi<\/figcaption><\/figure>    <h2 class=\"wp-block-heading\">\u0130\u015fe ba\u015flamadan \u00f6nce haz\u0131rl\u0131k<\/h2>    <ol class=\"wp-block-list\"> <li>Patates hasat makinesinin \u00e7e\u015fitli par\u00e7alar\u0131n\u0131 \u00f6nceden s\u00f6k\u00fcn ve temizleme s\u0131ras\u0131nda yatak par\u00e7alar\u0131na ya\u011f s\u00fcr\u00fcn, b\u00f6ylece yataklar\u0131n d\u00fczg\u00fcn \u00e7al\u0131\u015fmas\u0131n\u0131 sa\u011flay\u0131n.<\/li>    <li>Toprakta \u00e7al\u0131\u015f\u0131rken, b\u00fcy\u00fck ta\u015flar, belirgin ta\u015flar vb. olmad\u0131\u011f\u0131ndan emin olunmal\u0131d\u0131r. Ama\u00e7, patates kaz\u0131c\u0131s\u0131n\u0131n di\u015flere ve b\u0131\u00e7aklara zarar vermemesini sa\u011flamakt\u0131r.<\/li> <\/ol>    <h2 class=\"wp-block-heading\">Hasat makinesinin avantajlar\u0131<\/h2>    <ol class=\"wp-block-list\"> <li>Y\u00fcksek verimlidir, bu makine yakla\u015f\u0131k saatte 0.27 hektar hasat yapabilir ve yakla\u015f\u0131k 180 kg\/s besleme kapasitesine sahiptir.<\/li>    <li>Patates hasat makinesi h\u0131zla toprak s\u0131zd\u0131r\u0131r ve patatesin epidermisine zarar vermez. Yard\u0131mc\u0131 depolama d\u00fczenlidir ve patates hasat oran\u0131 y\u00fcksektir.<\/li>    <li>Kalan film temiz bir \u015fekilde geri kazan\u0131l\u0131r ve makine, patatesleri verimli ve h\u0131zl\u0131 bir \u015fekilde tek seferde kazabilir.<\/li>    <li>Konvey\u00f6r zinciri \u00f6zel tasar\u0131ma sahiptir ve dayan\u0131kl\u0131d\u0131r.<\/li>    <li>\u00c7er\u00e7eve yap\u0131s\u0131 kullan\u0131r, bu nedenle patates hasat makinesi hafiftir, dayan\u0131kl\u0131d\u0131r ve kurulumu daha pratiktir.<\/li>    <li>Genel tasar\u0131m, uzun s\u00fcreli tekrar eden deneyler sonras\u0131 mekanik ilkelerine uygun olarak yap\u0131lm\u0131\u015ft\u0131r. Geni\u015f uyumluluk, y\u00fcksek \u00e7al\u0131\u015fma verimlili\u011fi, d\u00fc\u015f\u00fck g\u00fc\u00e7 talebi, h\u0131zl\u0131 geri kazan\u0131m sa\u011flar ve \u00e7e\u015fitli topraklara uyum sa\u011flar.<\/li> <\/ol>    <figure class=\"wp-block-gallery has-nested-images columns-default is-cropped wp-block-gallery-3 is-layout-flex wp-block-gallery-is-layout-flex\"> <figure class=\"wp-block-image size-large\"><img loading=\"lazy\" decoding=\"async\" width=\"720\" height=\"540\" data-id=\"15509\" src=\"https:\/\/www.agriculture-machine.com\/wp-content\/uploads\/2021\/08\/potato-digging-machine.webp\" alt=\"patates kazma makinesi\" class=\"wp-image-15509\" srcset=\"https:\/\/www.agriculture-machine.com\/wp-content\/uploads\/2021\/08\/potato-digging-machine.webp 720w, https:\/\/www.agriculture-machine.com\/wp-content\/uploads\/2021\/08\/potato-digging-machine-360x270.webp 360w, https:\/\/www.agriculture-machine.com\/wp-content\/uploads\/2021\/08\/potato-digging-machine-240x180.webp 240w\" sizes=\"auto, (max-width: 720px) 100vw, 720px\" \/><figcaption class=\"wp-element-caption\">patates kazma makinesi<\/figcaption><\/figure>    <figure class=\"wp-block-image size-large\"><img loading=\"lazy\" decoding=\"async\" width=\"720\" height=\"540\" data-id=\"15510\" src=\"https:\/\/www.agriculture-machine.com\/wp-content\/uploads\/2021\/08\/potato-harvesting-machine-for-sale.webp\" alt=\"Sat\u0131l\u0131k patates hasat makinesi\" class=\"wp-image-15510\" srcset=\"https:\/\/www.agriculture-machine.com\/wp-content\/uploads\/2021\/08\/potato-harvesting-machine-for-sale.webp 720w, https:\/\/www.agriculture-machine.com\/wp-content\/uploads\/2021\/08\/potato-harvesting-machine-for-sale-360x270.webp 360w, https:\/\/www.agriculture-machine.com\/wp-content\/uploads\/2021\/08\/potato-harvesting-machine-for-sale-240x180.webp 240w\" sizes=\"auto, (max-width: 720px) 100vw, 720px\" \/><figcaption class=\"wp-element-caption\">Sat\u0131l\u0131k patates hasat makinesi<\/figcaption><\/figure> <\/figure>    <h2 class=\"wp-block-heading\">Teknik bak\u0131m ve depolama<\/h2>    <ol class=\"wp-block-list\"> <li>Her vardiya sonunda, makinenin her par\u00e7as\u0131ndaki toprak temizlenmelidir.<\/li>    <li>Farkl\u0131 par\u00e7alar\u0131n ba\u011flant\u0131 elemanlar\u0131n\u0131 kontrol edin ve gev\u015feklerse zaman\u0131nda s\u0131k\u0131n.<\/li>    <li>D\u00f6nen par\u00e7alar\u0131n hareketli olup olmad\u0131\u011f\u0131n\u0131 kontrol edin. Normal de\u011filse, zaman\u0131nda ayarlay\u0131n ve giderin.<\/li>    <li>Makine uzun s\u00fcre kullan\u0131lmad\u0131\u011f\u0131nda, ya\u011fmurdan korunmal\u0131 ve asidik maddelerle temas\u0131ndan ka\u00e7\u0131n\u0131lmal\u0131d\u0131r, korozyonu \u00f6nlemek i\u00e7in. B\u0131\u00e7aklar ya\u011f ile muamele edilmelidir.<\/li> <\/ol>    <p>Geli\u015fmi\u015f patates hasat makinemize ilgi duyuyorsan\u0131z, l\u00fctfen daha fazla detay ve \u00f6zelle\u015ftirme se\u00e7enekleri i\u00e7in profesyonel ekibimizle ileti\u015fime ge\u00e7in. Sizi dinlemek ve en uygun \u00e7\u00f6z\u00fcm\u00fc sunmak i\u00e7in sab\u0131rs\u0131zlan\u0131yoruz.<\/p>","protected":false},"excerpt":{"rendered":"<p>Patates hasat makinesi, b\u00fcy\u00fck patates veya tatl\u0131 patates tarlalar\u0131nda yayg\u0131n olarak kullan\u0131l\u0131r. Tek s\u0131ral\u0131 ve \u00e7ift s\u0131ral\u0131 se\u00e7enekler mevcuttur, bu da patates hasat verimlili\u011fini art\u0131rabilir.<\/p>","protected":false},"author":1,"featured_media":11000,"parent":0,"comment_status":"closed","ping_status":"closed","template":"","tags":[843,842],"product-type":[871],"class_list":["post-10993","product","type-product","status-publish","has-post-thumbnail","hentry","tag-potatoes","tag-sweet-potatoes","product-type-harvester"],"_links":{"self":[{"href":"https:\/\/www.agriculture-machine.com\/tr\/wp-json\/wp\/v2\/product\/10993","targetHints":{"allow":["GET"]}}],"collection":[{"href":"https:\/\/www.agriculture-machine.com\/tr\/wp-json\/wp\/v2\/product"}],"about":[{"href":"https:\/\/www.agriculture-machine.com\/tr\/wp-json\/wp\/v2\/types\/product"}],"author":[{"embeddable":true,"href":"https:\/\/www.agriculture-machine.com\/tr\/wp-json\/wp\/v2\/users\/1"}],"replies":[{"embeddable":true,"href":"https:\/\/www.agriculture-machine.com\/tr\/wp-json\/wp\/v2\/comments?post=10993"}],"wp:featuredmedia":[{"embeddable":true,"href":"https:\/\/www.agriculture-machine.com\/tr\/wp-json\/wp\/v2\/media\/11000"}],"wp:attachment":[{"href":"https:\/\/www.agriculture-machine.com\/tr\/wp-json\/wp\/v2\/media?parent=10993"}],"wp:term":[{"taxonomy":"post_tag","embeddable":true,"href":"https:\/\/www.agriculture-machine.com\/tr\/wp-json\/wp\/v2\/tags?post=10993"},{"taxonomy":"product-type","embeddable":true,"href":"https:\/\/www.agriculture-machine.com\/tr\/wp-json\/wp\/v2\/product-type?post=10993"}],"curies":[{"name":"wp","href":"https:\/\/api.w.org\/{rel}","templated":true}]}}