{"id":11043,"date":"2021-08-07T16:29:49","date_gmt":"2021-08-07T08:29:49","guid":{"rendered":"https:\/\/www.agriculture-machine.com\/?p=11043"},"modified":"2024-09-26T09:28:27","modified_gmt":"2024-09-26T01:28:27","slug":"heavy-disc-harrow-hydraulic-trailed-heavy-duty-harrow","status":"publish","type":"product","link":"https:\/\/www.agriculture-machine.com\/tr\/heavy-disc-harrow-hydraulic-trailed-heavy-duty-harrow\/","title":{"rendered":"A\u011f\u0131r disk pulluk | Hidrolik \u00e7eki\u015fli a\u011f\u0131r hizmet tipi pulluk"},"content":{"rendered":"<p>\u00c7eki\u015f a\u011f\u0131r disk pulluk, bir toprak i\u015fleme arac\u0131d\u0131r. Bir\u00e7ok konveks diske sahip bir t\u0131rm\u0131k grubu i\u00e7erir. Bu diskler, \u00e7al\u0131\u015fma par\u00e7as\u0131 olarak yatay bir \u015faft \u00fczerine sabitlenmi\u015ftir. A\u011f\u0131r toprak, \u00e7orak arazi ve yabani alanlara g\u00fc\u00e7l\u00fc uyum sa\u011flar.<\/p>    <p>Esasen, ekilmeyen araziyi s\u00fcrmek, s\u00fcrmeden \u00f6nce saplar\u0131 temizlemek, s\u00fcrme sonras\u0131 toprak i\u015flemi, toprak gev\u015fetme vb. i\u00e7in kullan\u0131l\u0131r. A\u011f\u0131r disk pulluk \u00e7al\u0131\u015f\u0131rken, y\u00fczey g\u00fcbreleri ve pestisitleri y\u00fczey topra\u011f\u0131yla kar\u0131\u015ft\u0131rabilir, d\u00fczle\u015ftirme ve nem koruma etkisi sa\u011flar.<\/p>    <figure class=\"wp-block-embed aligncenter is-type-video is-provider-youtube wp-block-embed-youtube wp-embed-aspect-16-9 wp-has-aspect-ratio\"><div class=\"wp-block-embed__wrapper\"> <iframe loading=\"lazy\" title=\"Hidrolik izli a\u011f\u0131r hizmet tipi pulluk \u00e7al\u0131\u015fma videosu|disk a\u011f\u0131r pulluk geri bildirim videosu\" width=\"500\" height=\"281\" src=\"https:\/\/www.youtube.com\/embed\/VSU8fbMLO7A?feature=oembed\" frameborder=\"0\" allow=\"accelerometer; autoplay; clipboard-write; encrypted-media; gyroscope; picture-in-picture; web-share\" referrerpolicy=\"strict-origin-when-cross-origin\" allowfullscreen><\/iframe> <\/div><figcaption class=\"wp-element-caption\">Tarla a\u011f\u0131r disk pullu\u011fu \u00e7al\u0131\u015fma videosu<\/figcaption><\/figure>    <h2 class=\"wp-block-heading\">A\u011f\u0131r disk pullu\u011fu yap\u0131s\u0131<\/h2>    <p>Disk pulluk genellikle bir t\u0131rm\u0131k grubu, t\u0131rm\u0131k \u00e7er\u00e7evesi, e\u011filme ayar mekanizmas\u0131 ve ba\u011flama cihaz\u0131ndan olu\u015fur.<\/p>    <h3 class=\"wp-block-heading\" id=\"h-rake-group\">T\u0131rm\u0131k grubu<\/h3>    <p>T\u0131rm\u0131k grubu, t\u0131rm\u0131k b\u0131\u00e7aklar\u0131, ara borular, kare \u015faftlar, yataklar ve temizleyicilerden olu\u015fur. Pulluk b\u0131\u00e7aklar\u0131 genellikle k\u00fcresel disklerdir. \u0130ki tip disk vard\u0131r: tam b\u0131\u00e7ak ve di\u015fli b\u0131\u00e7ak. \u0130lk tip yap\u0131m\u0131 basit ve ta\u015flama kolayd\u0131r. \u0130kinci tip, topra\u011fa giri\u015f g\u00fcc\u00fc y\u00fcksektir. Bu, toprak ve sap otlar\u0131n\u0131 kesmeye yard\u0131mc\u0131 olur.<\/p>    <p>Ve b\u0131\u00e7ak merkezinde kare delik bulunur ve kare \u015fafttan ge\u00e7er. \u00c7al\u0131\u015f\u0131rken, pulluk b\u0131\u00e7aklar\u0131 kare \u015faftla birlikte d\u00f6ner. Bu, yatak arac\u0131l\u0131\u011f\u0131yla t\u0131rm\u0131k \u00e7er\u00e7evesine ba\u011flan\u0131r ve ayn\u0131 \u015faft \u00fczerindeki t\u0131rm\u0131k b\u0131\u00e7aklar\u0131 ara bir t\u00fcp ile ayr\u0131l\u0131r.<\/p>    <figure class=\"wp-block-gallery has-nested-images columns-2 is-cropped wp-block-gallery-2 is-layout-flex wp-block-gallery-is-layout-flex\"> <figure class=\"wp-block-image size-large\"><a href=\"https:\/\/www.agriculture-machine.com\/wp-content\/uploads\/2021\/08\/\u5168\u5203.jpg\"><img loading=\"lazy\" decoding=\"async\" width=\"720\" height=\"540\" data-id=\"11053\" src=\"https:\/\/www.agriculture-machine.com\/wp-content\/uploads\/2021\/08\/\u5168\u5203.jpg\" alt=\"Tam b\u0131\u00e7ak disk\" class=\"wp-image-11053\" srcset=\"https:\/\/www.agriculture-machine.com\/wp-content\/uploads\/2021\/08\/\u5168\u5203.jpg 720w, https:\/\/www.agriculture-machine.com\/wp-content\/uploads\/2021\/08\/\u5168\u5203-360x270.jpg 360w, https:\/\/www.agriculture-machine.com\/wp-content\/uploads\/2021\/08\/\u5168\u5203-240x180.jpg 240w\" sizes=\"auto, (max-width: 720px) 100vw, 720px\" \/><\/a><figcaption class=\"wp-element-caption\">Tam b\u0131\u00e7ak disk<\/figcaption><\/figure>    <figure class=\"wp-block-image size-large\"><a href=\"https:\/\/www.agriculture-machine.com\/wp-content\/uploads\/2021\/08\/\u7f3a\u53e3\u5203.jpg\"><img loading=\"lazy\" decoding=\"async\" width=\"720\" height=\"540\" data-id=\"11054\" src=\"https:\/\/www.agriculture-machine.com\/wp-content\/uploads\/2021\/08\/\u7f3a\u53e3\u5203.jpg\" alt=\"Di\u015fli b\u0131\u00e7ak diski\" class=\"wp-image-11054\" srcset=\"https:\/\/www.agriculture-machine.com\/wp-content\/uploads\/2021\/08\/\u7f3a\u53e3\u5203.jpg 720w, https:\/\/www.agriculture-machine.com\/wp-content\/uploads\/2021\/08\/\u7f3a\u53e3\u5203-360x270.jpg 360w, https:\/\/www.agriculture-machine.com\/wp-content\/uploads\/2021\/08\/\u7f3a\u53e3\u5203-240x180.jpg 240w\" sizes=\"auto, (max-width: 720px) 100vw, 720px\" \/><\/a><figcaption class=\"wp-element-caption\">Di\u015fli b\u0131\u00e7ak diski<\/figcaption><\/figure> <\/figure>    <h3 class=\"wp-block-heading\" id=\"h-rake-frame\"> T\u0131rm\u0131k \u00e7er\u00e7evesi<\/h3>    <p>T\u0131rm\u0131k \u00e7er\u00e7evesi, disk pulluk grubu, ayar mekanizmas\u0131, ba\u011flama cihaz\u0131 ve di\u011fer bile\u015fenleri takmak i\u00e7in kullan\u0131l\u0131r. <\/p>    <p>Baz\u0131 t\u0131rm\u0131k \u00e7er\u00e7eveleri, gerekti\u011finde denge a\u011f\u0131rl\u0131klar\u0131 eklemek i\u00e7in y\u00fck kutusu ile donat\u0131lm\u0131\u015ft\u0131r. <\/p>    <p>A\u011f\u0131r disk pullu\u011funun farkl\u0131 derinliklerde ayarlanmas\u0131n\u0131 sa\u011flayan e\u011filme a\u00e7\u0131s\u0131 ayar mekanizmas\u0131.<\/p>    <figure class=\"wp-block-gallery has-nested-images columns-default is-cropped wp-block-gallery-3 is-layout-flex wp-block-gallery-is-layout-flex\"> <figure class=\"wp-block-image size-large\"><a href=\"https:\/\/www.agriculture-machine.com\/wp-content\/uploads\/2021\/08\/4.jpg\"><img loading=\"lazy\" decoding=\"async\" width=\"720\" height=\"540\" data-id=\"11052\" src=\"https:\/\/www.agriculture-machine.com\/wp-content\/uploads\/2021\/08\/4.jpg\" alt=\"Hidrolik izli kar\u015f\u0131t a\u011f\u0131r disk pulluk\" class=\"wp-image-11052\" srcset=\"https:\/\/www.agriculture-machine.com\/wp-content\/uploads\/2021\/08\/4.jpg 720w, https:\/\/www.agriculture-machine.com\/wp-content\/uploads\/2021\/08\/4-360x270.jpg 360w, https:\/\/www.agriculture-machine.com\/wp-content\/uploads\/2021\/08\/4-240x180.jpg 240w\" sizes=\"auto, (max-width: 720px) 100vw, 720px\" \/><\/a><figcaption class=\"wp-element-caption\">Hidrolik izli kar\u015f\u0131t a\u011f\u0131r disk pulluk<\/figcaption><\/figure>    <figure class=\"wp-block-image size-large\"><a href=\"https:\/\/www.agriculture-machine.com\/wp-content\/uploads\/2021\/08\/3.jpg\"><img loading=\"lazy\" decoding=\"async\" width=\"720\" height=\"540\" data-id=\"11051\" src=\"https:\/\/www.agriculture-machine.com\/wp-content\/uploads\/2021\/08\/3.jpg\" alt=\"Hidrolik izli kar\u015f\u0131t a\u011f\u0131r hizmet tipi pulluk\" class=\"wp-image-11051\" srcset=\"https:\/\/www.agriculture-machine.com\/wp-content\/uploads\/2021\/08\/3.jpg 720w, https:\/\/www.agriculture-machine.com\/wp-content\/uploads\/2021\/08\/3-360x270.jpg 360w, https:\/\/www.agriculture-machine.com\/wp-content\/uploads\/2021\/08\/3-240x180.jpg 240w\" sizes=\"auto, (max-width: 720px) 100vw, 720px\" \/><\/a><figcaption class=\"wp-element-caption\">Hidrolik izli kar\u015f\u0131t a\u011f\u0131r hizmet tipi pulluk<\/figcaption><\/figure> <\/figure>    <h3 class=\"wp-block-heading\" id=\"h-deflection-adjustment-mechanism\"> Sap ayarlama mekanizmas\u0131 <\/h3>    <p>A\u00e7\u0131 ayarlay\u0131c\u0131lar, vida tipi, di\u015fli plakal\u0131, hidrolik, c\u0131vata tipi, bask\u0131 plakas\u0131 tipi ve el kolu tipi gibi \u00e7e\u015fitli t\u00fcrlerde bulunur.<\/p>    <p>Braket, \u00e7eki\u015f ana kiri\u015fi \u00fczerine sabitlenir, \u00fcst ve alt kayd\u0131rma plakalar\u0131 \u00e7eki\u015f \u00e7er\u00e7evesine sabitlenir ve ana \u015ferit boyunca hareket edebilir, hareket aral\u0131\u011f\u0131 di\u015fli plakas\u0131 ucundaki braket taraf\u0131ndan s\u0131n\u0131rland\u0131r\u0131l\u0131r.<\/p>    <h3 class=\"wp-block-heading\" id=\"h-hooking-device\">Ba\u011flama cihaz\u0131<\/h3>    <p>\u00c7eki\u015f, trakt\u00f6rle bir \u00e7eki\u015f cihaz\u0131 veya ask\u0131 cihaz\u0131 arac\u0131l\u0131\u011f\u0131yla ba\u011flanan a\u011f\u0131r disk pulluktur.<\/p>    <h2 class=\"wp-block-heading\">\u00c7iftlik aletleri pullu\u011funun \u00e7al\u0131\u015fma prensibi<\/h2>    <ul class=\"wp-block-list\"> <li>Konveks diskler, \u00e7al\u0131\u015fma par\u00e7as\u0131 olarak kullan\u0131l\u0131r.<\/li>    <li>B\u0131\u00e7ak kenar y\u00fczeyi, yere dik ve ileri y\u00f6nle ayarlanabilir bir e\u011filme a\u00e7\u0131s\u0131na sahiptir.<\/li>    <li>Pulluk b\u0131\u00e7aklar\u0131n\u0131n kesme y\u00fczeyi, yere dik olacak \u015fekilde ve ileri y\u00f6nle ayarlanabilir bir e\u011filme a\u00e7\u0131s\u0131na sahiptir.<\/li> <\/ul>    <figure class=\"wp-block-embed is-type-video is-provider-youtube wp-block-embed-youtube wp-embed-aspect-16-9 wp-has-aspect-ratio\"><div class=\"wp-block-embed__wrapper\"> <iframe loading=\"lazy\" title=\"Hidrolik izli a\u011f\u0131r hizmet tipi pulluk \u00e7al\u0131\u015fma videosu|disk a\u011f\u0131r pulluk geri bildirim videosu\" width=\"500\" height=\"281\" src=\"https:\/\/www.youtube.com\/embed\/H3_jjq-Vs5w?feature=oembed\" frameborder=\"0\" allow=\"accelerometer; autoplay; clipboard-write; encrypted-media; gyroscope; picture-in-picture; web-share\" referrerpolicy=\"strict-origin-when-cross-origin\" allowfullscreen><\/iframe> <\/div><figcaption class=\"wp-element-caption\">Tar\u0131m a\u011f\u0131r disk pullu\u011fu \u00e7al\u0131\u015fma alan\u0131<\/figcaption><\/figure>    <h2 class=\"wp-block-heading\">Hidrolik izli a\u011f\u0131r hizmet tipi pulluk avantajlar\u0131<\/h2>    <ul class=\"wp-block-list\"> <li>Sa\u011flam, a\u015famal\u0131 \u00e7er\u00e7eve ve dayan\u0131kl\u0131 yatak ask\u0131lar\u0131 \u00e7al\u0131\u015fma \u00f6mr\u00fcn\u00fc uzat\u0131r.<\/li>    <li>Ba\u011f\u0131ms\u0131z dil dilim b\u0131\u00e7ak tak\u0131mlar\u0131, bir bacakla uyum sa\u011flar.<\/li>    <li>A\u011f\u0131r a\u015fa\u011f\u0131 kuvvet, her b\u0131\u00e7a\u011f\u0131n daha derin kazmas\u0131n\u0131 sa\u011flar.<\/li>    <li>Di\u015fli b\u0131\u00e7aklar topra\u011fa g\u00f6m\u00fcl\u00fcr.<\/li>    <li>D\u00fcz b\u0131\u00e7aklar ince bir y\u00fczey b\u0131rak\u0131r.<\/li>    <li>T\u0131kan\u0131kl\u0131\u011fa yard\u0131mc\u0131 olan \u00e7amur temizleyiciler.<\/li> <\/ul>    <figure class=\"wp-block-image aligncenter size-full\"><img loading=\"lazy\" decoding=\"async\" width=\"720\" height=\"540\" src=\"https:\/\/www.agriculture-machine.com\/wp-content\/uploads\/2021\/08\/9.jpg\" alt=\"Farkl\u0131 b\u0131\u00e7ak t\u00fcrleri\" class=\"wp-image-11060\" srcset=\"https:\/\/www.agriculture-machine.com\/wp-content\/uploads\/2021\/08\/9.jpg 720w, https:\/\/www.agriculture-machine.com\/wp-content\/uploads\/2021\/08\/9-360x270.jpg 360w, https:\/\/www.agriculture-machine.com\/wp-content\/uploads\/2021\/08\/9-240x180.jpg 240w\" sizes=\"auto, (max-width: 720px) 100vw, 720px\" \/><figcaption class=\"wp-element-caption\">Farkl\u0131 b\u0131\u00e7ak t\u00fcrleri<\/figcaption><\/figure>    <h2 class=\"wp-block-heading\">Trakt\u00f6r disk pullu\u011fu yap\u0131land\u0131rma formu<\/h2>    <p>T\u0131rm\u0131k grubunun yap\u0131land\u0131rmas\u0131na g\u00f6re, \u00fc\u00e7 tipe ayr\u0131l\u0131r: tek s\u0131ral\u0131 kar\u015f\u0131t tip, \u00e7ift s\u0131ral\u0131 kar\u015f\u0131t tip ve ofset tip a\u011f\u0131r disk pulluk.<\/p>    <ol class=\"wp-block-list\"> <li><strong>Tek s\u0131ral\u0131 kar\u015f\u0131t tip<\/strong>. Sol ve sa\u011f taraflar, tek s\u0131ra halinde d\u00fczenlenmi\u015ftir. Sol ve sa\u011f s\u0131ralar, kar\u015f\u0131t i\u00e7b\u00fckey y\u00fczeye sahip bir veya daha fazla t\u0131rm\u0131k grubundan olu\u015fur. Sulanabilir arazi, hasat sonras\u0131 saplar ve kuru tarlalar\u0131n y\u00fczey s\u00fcrme i\u015flemleri i\u00e7in kullan\u0131l\u0131r.<\/li>    <li><strong>\u00c7ift s\u0131ral\u0131 kar\u015f\u0131t tip. <\/strong>Her s\u00fctun, sol ve sa\u011fdaki iki s\u0131ra t\u0131rm\u0131k grubu ile simetrik olarak d\u00fczenlenmi\u015ftir. \u00d6n iki s\u0131ra t\u0131rm\u0131k grubunun disklerinin i\u00e7b\u00fckey y\u00fczeyleri birbirine kar\u015f\u0131t durur.<\/li>    <li><strong>Ofset tipi<\/strong>. \u00d6n ve arka disklerin i\u00e7b\u00fckey y\u00fczeyleri kar\u015f\u0131t iki s\u0131ra t\u0131rm\u0131k grubundan olu\u015fur. T\u0131rm\u0131klar\u0131n geni\u015f ofset merkezi \u00e7izgisi, \u00e7al\u0131\u015fma s\u0131ras\u0131nda trakt\u00f6r\u00fcn uzunlamas\u0131na ekseninden uzakla\u015fabilir. Geni\u015f ofset t\u0131rm\u0131k, 3 metreyi a\u015fabilir. Bir bah\u00e7ede kullan\u0131ld\u0131\u011f\u0131nda, g\u00f6lgenin alt\u0131na \u00e7al\u0131\u015fmak i\u00e7in ofset t\u0131rm\u0131k uzat\u0131labilir. Ofset t\u0131rm\u0131kta eksik i\u015fleme alan\u0131 olmad\u0131\u011f\u0131 i\u00e7in, alan operasyonlar\u0131nda da yayg\u0131n \u015fekilde kullan\u0131l\u0131r.<\/li> <\/ol>    <figure class=\"wp-block-gallery has-nested-images columns-default is-cropped wp-block-gallery-4 is-layout-flex wp-block-gallery-is-layout-flex\"> <figure class=\"wp-block-image size-large\"><img loading=\"lazy\" decoding=\"async\" width=\"720\" height=\"540\" data-id=\"11055\" src=\"https:\/\/www.agriculture-machine.com\/wp-content\/uploads\/2021\/08\/5.jpg\" alt=\"Tam b\u0131\u00e7ak disk a\u011f\u0131r pulluk\" class=\"wp-image-11055\" srcset=\"https:\/\/www.agriculture-machine.com\/wp-content\/uploads\/2021\/08\/5.jpg 720w, https:\/\/www.agriculture-machine.com\/wp-content\/uploads\/2021\/08\/5-360x270.jpg 360w, https:\/\/www.agriculture-machine.com\/wp-content\/uploads\/2021\/08\/5-240x180.jpg 240w\" sizes=\"auto, (max-width: 720px) 100vw, 720px\" \/><figcaption class=\"wp-element-caption\">Tam b\u0131\u00e7ak disk a\u011f\u0131r pulluk<\/figcaption><\/figure>    <figure class=\"wp-block-image size-large\"><img loading=\"lazy\" decoding=\"async\" width=\"720\" height=\"540\" data-id=\"11056\" src=\"https:\/\/www.agriculture-machine.com\/wp-content\/uploads\/2021\/08\/6.jpg\" alt=\"Di\u015fli b\u0131\u00e7ak diski\" class=\"wp-image-11056\" srcset=\"https:\/\/www.agriculture-machine.com\/wp-content\/uploads\/2021\/08\/6.jpg 720w, https:\/\/www.agriculture-machine.com\/wp-content\/uploads\/2021\/08\/6-360x270.jpg 360w, https:\/\/www.agriculture-machine.com\/wp-content\/uploads\/2021\/08\/6-240x180.jpg 240w\" sizes=\"auto, (max-width: 720px) 100vw, 720px\" \/><figcaption class=\"wp-element-caption\">Di\u015fli b\u0131\u00e7ak diski<\/figcaption><\/figure> <\/figure>    <h2 class=\"wp-block-heading\" id=\"h-how-to-choose-a-disc-heavy-harrow\">Toprak i\u015fleme ekipman\u0131n\u0131z\u0131 nas\u0131l se\u00e7ersiniz?<\/h2>    <ul class=\"wp-block-list\"> <li>1BZ serisi hidrolik a\u011f\u0131r disk pulluk y\u00fcksek \u00e7al\u0131\u015fma verimlili\u011fi ve g\u00fc\u00e7l\u00fc toprak penetrasyon yetene\u011fine sahiptir.<\/li>    <li>Bu t\u00fcr t\u0131rm\u0131k, yap\u0131\u015fkan toprak, \u00e7orak arazi ve yabani alanlara iyi uyum sa\u011flar.<\/li>    <li>T\u0131rm\u0131k ayr\u0131ca hidrolik kald\u0131rma kau\u00e7uk tekerleklerle donat\u0131lm\u0131\u015ft\u0131r.<\/li>    <li>Bu nedenle, t\u0131rm\u0131k verimlili\u011fini ve hizmet \u00f6mr\u00fcn\u00fc b\u00fcy\u00fck \u00f6l\u00e7\u00fcde art\u0131rabilir.<\/li> <\/ul>    <figure class=\"wp-block-gallery has-nested-images columns-default is-cropped wp-block-gallery-5 is-layout-flex wp-block-gallery-is-layout-flex\"> <figure class=\"wp-block-image size-large\"><img loading=\"lazy\" decoding=\"async\" width=\"720\" height=\"540\" data-id=\"11057\" src=\"https:\/\/www.agriculture-machine.com\/wp-content\/uploads\/2021\/08\/7.jpg\" alt=\"Hidrolik \u00e7eki\u015fli katlanabilir kanatl\u0131 a\u011f\u0131r pulluk\" class=\"wp-image-11057\" srcset=\"https:\/\/www.agriculture-machine.com\/wp-content\/uploads\/2021\/08\/7.jpg 720w, https:\/\/www.agriculture-machine.com\/wp-content\/uploads\/2021\/08\/7-360x270.jpg 360w, https:\/\/www.agriculture-machine.com\/wp-content\/uploads\/2021\/08\/7-240x180.jpg 240w\" sizes=\"auto, (max-width: 720px) 100vw, 720px\" \/><figcaption class=\"wp-element-caption\">Hidrolik \u00e7eki\u015fli katlanabilir kanatl\u0131 a\u011f\u0131r pulluk<\/figcaption><\/figure>    <figure class=\"wp-block-image size-large\"><img loading=\"lazy\" decoding=\"async\" width=\"720\" height=\"540\" data-id=\"11058\" src=\"https:\/\/www.agriculture-machine.com\/wp-content\/uploads\/2021\/08\/8.jpg\" alt=\"Hidrolik \u00e7eki\u015fli disk a\u011f\u0131r pulluk\" class=\"wp-image-11058\" srcset=\"https:\/\/www.agriculture-machine.com\/wp-content\/uploads\/2021\/08\/8.jpg 720w, https:\/\/www.agriculture-machine.com\/wp-content\/uploads\/2021\/08\/8-360x270.jpg 360w, https:\/\/www.agriculture-machine.com\/wp-content\/uploads\/2021\/08\/8-240x180.jpg 240w\" sizes=\"auto, (max-width: 720px) 100vw, 720px\" \/><figcaption class=\"wp-element-caption\">Hidrolik \u00e7eki\u015fli disk a\u011f\u0131r pulluk<\/figcaption><\/figure> <\/figure>    <h2 class=\"wp-block-heading\">Disk a\u011f\u0131r pulluk parametreleri<\/h2>    <figure class=\"wp-block-table is-style-stripes\"><table><tbody><tr><td>Model<\/td><td>\u00c7al\u0131\u015fma geni\u015fli\u011fi (mm)<\/td><td>\u00c7al\u0131\u015fma derinli\u011fi (mm)<\/td><td>Disk \u00e7ap\u0131 (mm)<\/td><td>Disk say\u0131s\u0131 (adet)<\/td><td>A\u011f\u0131rl\u0131k (kg)<\/td><td>E\u015fle\u015fen g\u00fc\u00e7 (hp)<\/td><td>Ba\u011flant\u0131<\/td><\/tr><tr><td>1BZ-1.8<\/td><td>1800<\/td><td>200<\/td><td>660<\/td><td>16<\/td><td>1160<\/td><td>70<\/td><td>Trakt\u00f6rle hidrolik izli<\/td><\/tr><tr><td>1BZ-2.2<\/td><td>2200<\/td><td>200<\/td><td>660<\/td><td>20<\/td><td>1250<\/td><td>80<\/td><td>Trakt\u00f6rle hidrolik izli<\/td><\/tr><tr><td>1BZ-2.5<\/td><td>2500<\/td><td>200<\/td><td>660<\/td><td>24<\/td><td>1350<\/td><td>90<\/td><td>Trakt\u00f6rle hidrolik izli<\/td><\/tr><tr><td>1BZ-3.0<\/td><td>3000<\/td><td>200<\/td><td>660<\/td><td>28<\/td><td>1430<\/td><td>100<\/td><td>Trakt\u00f6rle hidrolik izli<\/td><\/tr><tr><td>1BZ-3.4<\/td><td>3400<\/td><td>200<\/td><td>660<\/td><td>32<\/td><td>1550<\/td><td>120<\/td><td>Trakt\u00f6rle hidrolik izli<\/td><\/tr><tr><td>1BZ-4.0<\/td><td>4000<\/td><td>200<\/td><td>660<\/td><td>36<\/td><td>1900<\/td><td>150<\/td><td>Trakt\u00f6rle hidrolik izli<\/td><\/tr><tr><td>1BZ-5.3 <\/td><td>5300<\/td><td>200<\/td><td>660<\/td><td>48<\/td><td>2500<\/td><td>180<\/td><td>Trakt\u00f6rle hidrolik izli<\/td><\/tr><\/tbody><\/table><figcaption class=\"wp-element-caption\">Hidrolik izli a\u011f\u0131r disk pulluk parametreleri<\/figcaption><\/figure>    <figure class=\"wp-block-table is-style-stripes\"><table><tbody><tr><td>Model<\/td><td>1BZD-2.6<\/td><td>1BZD-3.0<\/td><td> 1BZD-3.3<\/td><td>1BZD-4.0<\/td><td>1BZD-4.3<\/td><td>1BZD-4.8<\/td><td> 1BZDF-4.5 <\/td><\/tr><tr><td>\u00c7al\u0131\u015fma geni\u015fli\u011fi (mm)<\/td><td>2600<\/td><td>3000<\/td><td>3300<\/td><td>4000<\/td><td>4400<\/td><td>4800<\/td><td>4500<\/td><\/tr><tr><td>\u00c7al\u0131\u015fma derinli\u011fi (mm)<\/td><td>200-250<\/td><td>200-250<\/td><td> 200-250 <\/td><td> 200-250 <\/td><td> 200-250 <\/td><td>200-250 <\/td><td>250<\/td><\/tr><tr><td>Disk \u00e7ap\u0131 (mm)<\/td><td>660<\/td><td>660<\/td><td>660<\/td><td>660<\/td><td>660<\/td><td>660<\/td><td>660<\/td><\/tr><tr><td>Disk kal\u0131nl\u0131\u011f\u0131 (mm)<\/td><td>5<\/td><td>5<\/td><td>5<\/td><td>5<\/td><td>5<\/td><td>5<\/td><td>6<\/td><\/tr><tr><td>Disk say\u0131s\u0131 (adet)<\/td><td>16<\/td><td>18<\/td><td>20<\/td><td>24<\/td><td>28<\/td><td>32<\/td><td>40<\/td><\/tr><tr><td>A\u011f\u0131rl\u0131k(kg)<\/td><td>1150<\/td><td>1250<\/td><td>1350<\/td><td>1500<\/td><td>1600<\/td><td>1800<\/td><td>3200<\/td><\/tr><tr><td>E\u015fle\u015fen g\u00fc\u00e7 (hp)<\/td><td>60-70<\/td><td>70-80<\/td><td>80-90<\/td><td><br>90-100<br><\/td><td>100-110<\/td><td>110-120<\/td><td>150-160<\/td><\/tr><tr><td>Ba\u011flant\u0131<\/td><td>Trakt\u00f6rle hidrolik izli<\/td><td>Trakt\u00f6rle hidrolik izli<\/td><td>Trakt\u00f6rle hidrolik izli<\/td><td>Trakt\u00f6rle hidrolik izli<\/td><td>Trakt\u00f6rle hidrolik izli<\/td><td>Trakt\u00f6rle hidrolik izli<\/td><td>hidrolik izli katlanabilir<\/td><\/tr><\/tbody><\/table><figcaption class=\"wp-element-caption\">Hidrolik izli kar\u015f\u0131t a\u011f\u0131r hizmet tipi pulluk parametreleri<\/figcaption><\/figure>    <h2 class=\"wp-block-heading\">Tarla k\u00fclt\u00fcr pullu\u011funun do\u011fru kullan\u0131m\u0131 ve bak\u0131m\u0131<\/h2>    <ul class=\"wp-block-list\"> <li>Kullan\u0131m s\u0131ras\u0131nda, t\u0131rm\u0131k b\u0131\u00e7a\u011f\u0131, temizleyici, kare \u015faft, yatak, a\u00e7\u0131 ayarlay\u0131c\u0131 ve \u00e7e\u015fitli ba\u011flant\u0131 par\u00e7alar\u0131n\u0131n teknik durumunu s\u0131k s\u0131k kontrol edin.<\/li>    <li>\u00d6zellikle a\u011f\u0131r disk pullu\u011funun u\u00e7 somunlar\u0131 ve her yatakl\u0131\u011f\u0131n sabitleme c\u0131vatalar\u0131.<\/li>    <li>\u0130\u015flemeden sonra, a\u011f\u0131r disk pullu\u011funun t\u0131rm\u0131k grubu temizlenir ve bak\u0131m\u0131 yap\u0131l\u0131r.<\/li>    <li>Ta\u015f\u0131ma tekerle\u011fi kullan\u0131lmazsa, disk pulluk grubuna erken zarar verir.<\/li>    <li>Tarlada veya toprak yollar\u0131na yak\u0131n ta\u015f\u0131mada, e\u011fim a\u00e7\u0131s\u0131n\u0131 s\u0131f\u0131ra ayarlay\u0131n.<\/li> <\/ul>    <p>Herhangi bir sorunuz veya bu \u00fcr\u00fcn hakk\u0131nda daha fazla bilgiye ihtiyac\u0131n\u0131z varsa, l\u00fctfen sa\u011fdaki formu doldurun, sizinle \u00e7al\u0131\u015fmay\u0131 d\u00f6rt g\u00f6zle bekliyoruz.<\/p>","protected":false},"excerpt":{"rendered":"<p>The traction heavy disc harrow is a tillage tool. It has a rake group composed of a plurality of concave discs. These discs are fixed on a horizontal shaft as a working part. It has strong adaptability to heavy soil, wasteland, and weedy plots. It is mainly used for plowing uncultivated land, also for stubble [&hellip;]<\/p>\n","protected":false},"author":1,"featured_media":11062,"parent":0,"comment_status":"closed","ping_status":"closed","template":"","tags":[698],"product-type":[950,955,2],"class_list":["post-11043","product","type-product","status-publish","has-post-thumbnail","hentry","tag-tractor","product-type-arable-plows","product-type-arable-plows-products","product-type-products"],"_links":{"self":[{"href":"https:\/\/www.agriculture-machine.com\/tr\/wp-json\/wp\/v2\/product\/11043","targetHints":{"allow":["GET"]}}],"collection":[{"href":"https:\/\/www.agriculture-machine.com\/tr\/wp-json\/wp\/v2\/product"}],"about":[{"href":"https:\/\/www.agriculture-machine.com\/tr\/wp-json\/wp\/v2\/types\/product"}],"author":[{"embeddable":true,"href":"https:\/\/www.agriculture-machine.com\/tr\/wp-json\/wp\/v2\/users\/1"}],"replies":[{"embeddable":true,"href":"https:\/\/www.agriculture-machine.com\/tr\/wp-json\/wp\/v2\/comments?post=11043"}],"wp:featuredmedia":[{"embeddable":true,"href":"https:\/\/www.agriculture-machine.com\/tr\/wp-json\/wp\/v2\/media\/11062"}],"wp:attachment":[{"href":"https:\/\/www.agriculture-machine.com\/tr\/wp-json\/wp\/v2\/media?parent=11043"}],"wp:term":[{"taxonomy":"post_tag","embeddable":true,"href":"https:\/\/www.agriculture-machine.com\/tr\/wp-json\/wp\/v2\/tags?post=11043"},{"taxonomy":"product-type","embeddable":true,"href":"https:\/\/www.agriculture-machine.com\/tr\/wp-json\/wp\/v2\/product-type?post=11043"}],"curies":[{"name":"wp","href":"https:\/\/api.w.org\/{rel}","templated":true}]}}