{"id":1105,"date":"2018-10-19T08:51:53","date_gmt":"2018-10-19T00:51:53","guid":{"rendered":"https:\/\/www.agriculture-machine.com\/?p=1105"},"modified":"2024-09-18T16:07:36","modified_gmt":"2024-09-18T08:07:36","slug":"multifunctional-thresher-machine","status":"publish","type":"product","link":"https:\/\/www.agriculture-machine.com\/tr\/multifunctional-thresher-machine\/","title":{"rendered":"\u00c7ok fonksiyonlu ay\u0131klay\u0131c\u0131 makine"},"content":{"rendered":"<h2 class=\"wp-block-heading\">Bu\u011fday ay\u0131klay\u0131c\u0131 makinesinin k\u0131sa tan\u0131t\u0131m\u0131<\/h2>    <p>The multipurpose thresher machine consists of a feeding hopper, a drum, a screen and a shelf.It integrates threshing, separating, straw chopping as a whole and can be used for wheat, barley, rice, sorghum, millet, beans and rapeseed.The special design towards bigger inlet make it convenient to place raw materials. In addition,It is better to choose crop with 80% moisture,which can reduce breakage rate.<\/p>    <figure class=\"wp-block-embed is-type-rich is-provider-embed-handler wp-block-embed-embed-handler wp-embed-aspect-16-9 wp-has-aspect-ratio\"><div class=\"wp-block-embed__wrapper\"> <iframe loading=\"lazy\" title=\"bu\u011fday arpa pirin\u00e7 m\u0131s\u0131r dar\u0131 fasulye ve kanola ay\u0131klay\u0131c\u0131 makine\" width=\"500\" height=\"281\" src=\"https:\/\/www.youtube.com\/embed\/0Y2dKaS3GxI?feature=oembed\" frameborder=\"0\" allow=\"accelerometer; autoplay; clipboard-write; encrypted-media; gyroscope; picture-in-picture; web-share\" referrerpolicy=\"strict-origin-when-cross-origin\" allowfullscreen><\/iframe> <\/div><\/figure>    <h2 class=\"wp-block-heading\">Bu\u011fday ay\u0131klay\u0131c\u0131 makinesinin teknik parametresi<\/h2>    <div class=\"table-responsive\"> <table class=\"table\" border=\"1\"> <tbody> <tr style=\"background-color: #f79646;\"> <td width=\"284\">Model<\/td> <td width=\"316\">DT-60<\/td> <\/tr> <tr style=\"background-color: #fbd5b5;\"> <td rowspan=\"3\" width=\"284\">&nbsp;<br>G\u00fc\u00e7<\/td> <td width=\"316\">&gt;3kw motor<\/td> <\/tr> <tr> <td width=\"316\">170F benzinli motor<\/td> <\/tr> <tr> <td width=\"316\">8HP dizel motor<\/td> <\/tr> <tr style=\"background-color: #fbd5b5;\"> <td width=\"284\">Kapasite<\/td> <td width=\"316\">800-1000kg\/h<\/td> <\/tr> <tr> <td width=\"284\">Fan h\u0131z\u0131<\/td> <td width=\"316\">2450r\/dk<\/td> <\/tr> <tr style=\"background-color: #fbd5b5;\"> <td width=\"284\">Makine boyutu<\/td> <td width=\"316\">1490*1270*1480mm<\/td> <\/tr> <tr> <td width=\"284\">Ambalaj boyutu<\/td> <td width=\"316\">1280*960*1010mm(1.24CBM)<\/td> <\/tr> <tr style=\"background-color: #fbd5b5;\"> <td width=\"284\">A\u011f\u0131rl\u0131k<\/td> <td width=\"316\">150kg<\/td> <\/tr> <tr> <td width=\"284\">Ulusal standartlar\u0131n uygulanmas\u0131<\/td> <td width=\"316\">DG\/T 016-2006<\/td> <\/tr> <tr style=\"background-color: #fbd5b5;\"> <td width=\"284\">&nbsp;<\/td> <td width=\"316\">JB\/T 9778-2008<\/td> <\/tr> <\/tbody> <\/table> <\/div>    <figure class=\"wp-block-image\"><img decoding=\"async\" src=\"https:\/\/www.agriculture-machine.com\/wp-content\/uploads\/2018\/10\/thresher-machine5.jpg\" alt=\"thresher-machine5\"\/><\/figure>    <h2 class=\"wp-block-heading\">Bu\u011fday ay\u0131klay\u0131c\u0131 makinesinin \u00e7al\u0131\u015fma prensibi<\/h2>    <p>Makine \u00e7al\u0131\u015f\u0131rken, mahsul s\u00fcrekli ve e\u015fit olarak beslenir. Tarak ile tambur aras\u0131ndaki diapozonlarda s\u00fcrt\u00fcnme, s\u0131k\u0131\u015ft\u0131rma, \u00e7arp\u0131\u015fma ve sallanma ile mahs\u00fcl saplardan ayr\u0131l\u0131r. Kaba daneden ayr\u0131ld\u0131ktan sonra saplar draught fan taraf\u0131ndan \u00fcflenir. Bu arada, \u00e7ekirdekler di\u011fer bir \u00e7\u0131k\u0131\u015ftan \u00e7\u0131kar.<br><img decoding=\"async\" style=\"width: 400px; float: left; margin-right: 10px;\" src=\"https:\/\/www.agriculture-machine.com\/wp-content\/uploads\/2018\/10\/thresher-machine4.jpg\" alt=\"thresher-machine4\"><img decoding=\"async\" style=\"width: 400px;\" src=\"https:\/\/www.agriculture-machine.com\/wp-content\/uploads\/2018\/10\/thresher-machine3.jpg\" alt=\"thresher-machine3\"><\/p>    <h2 class=\"wp-block-heading\">Savunulabilir yedek par\u00e7alar<\/h2>    <div class=\"table-responsive\"> <table class=\"table\" border=\"1\"> <tbody> <tr> <td width=\"189\">\u0130sim<\/td> <td width=\"189\">Resim<\/td> <td width=\"189\">\u015eartname<\/td> <\/tr> <tr> <td width=\"189\">\u00dc\u00e7gen kay\u0131\u015f<\/td> <td width=\"189\"><img decoding=\"async\" src=\"https:\/\/www.agriculture-machine.com\/wp-content\/uploads\/2018\/10\/thresher-machine.jpg\" alt=\"thresher-machine\"><\/td> <td width=\"189\">A1473<\/td> <\/tr> <tr> <td width=\"189\">Axle bearing<\/td> <td width=\"189\"><img decoding=\"async\" src=\"https:\/\/www.agriculture-machine.com\/wp-content\/uploads\/2018\/10\/thresher-machine2-1.jpg\" alt=\"thresher-machine2\"><\/td> <td width=\"189\">6009 <p>&nbsp;<\/p> <p>6204<\/p> <\/td> <\/tr> <tr> <td width=\"189\">Pazo<\/td> <td width=\"189\"><img decoding=\"async\" src=\"https:\/\/www.agriculture-machine.com\/wp-content\/uploads\/2018\/10\/thresher-machine3-1.jpg\" alt=\"thresher-machine3\"><\/td> <td width=\"189\">12.7\/960mm<\/td> <\/tr> <\/tbody> <\/table> <\/div>    <h2 class=\"wp-block-heading\">Bu\u011fday ay\u0131klay\u0131c\u0131 makinesinin uygulanmas\u0131<\/h2>    <p>Di\u011fer ay\u0131klay\u0131c\u0131lara k\u0131yasla, bizim ay\u0131klay\u0131c\u0131m\u0131z daha geni\u015f uygulama alan\u0131na sahiptir ve arpa, dar\u0131, bu\u011fday, soya fasulyesi, m\u0131s\u0131r ve kanola gibi \u00fcr\u00fcnler i\u00e7in kullan\u0131labilir. \u00dcr\u00fcn boyutuna g\u00f6re bir ekran\u0131n de\u011fi\u015ftirilmesi gerekir.<\/p>    <h2 class=\"wp-block-heading\">Bu\u011fday ay\u0131klay\u0131c\u0131 makinesinin avantaj\u0131<\/h2>    <p>1.Y\u00fcksek temizleme oran\u0131. \u00c7\u0131k\u0131\u015ftaki ek fan, safs\u0131zl\u0131klar\u0131 iki kez \u00fcfler; bu da nihai \u00e7ekirdeklerin daha temiz olmas\u0131n\u0131 sa\u011flar.<br>2.D\u00fc\u015f\u00fck kay\u0131p oran\u0131. %1.5'ten az ve neredeyse t\u00fcm \u00e7ekirdekler toplanabilir.<br>3.Y\u00fcksek korozyon direnci. Makinenin uzun hizmet \u00f6mr\u00fcn\u00fc sa\u011flar.<br>4.Kullan\u0131m\u0131 kolay. \u00d6zelliklere uygun, herkes kullanabilir<br>5.Rahat hareket. \u0130ki tekerlek ile ay\u0131klay\u0131c\u0131 makine hareket ettirilebilir.<br>6. Bir\u00e7ok fonksiyon. Arpa, dar\u0131, bu\u011fday, soya fasulyesi, dar\u0131 ve kanola gibi \u00fcr\u00fcnler i\u00e7in bu makine kullan\u0131ma uygundur; ekran boyutunu de\u011fi\u015ftirerek elde edilir.<br><img decoding=\"async\" style=\"width: 100%;\" src=\"https:\/\/www.agriculture-machine.com\/wp-content\/uploads\/2018\/10\/thresher-machine6.jpg\" alt=\"thresher-machine6\"><\/p>    <h2 class=\"wp-block-heading\">SSS<\/h2>    <p>1.Siz \u00fcretici misiniz?<br>&nbsp;Evet, bizdeyiz. Fabrikam\u0131z\u0131 ziyaret etmek i\u00e7in ho\u015f geldiniz.<br>2.Makinenin voltaj\u0131n\u0131 iste\u011fimize g\u00f6re de\u011fi\u015ftirebilir misiniz?<br>&nbsp;Evet, yapabiliriz.<br>Pazarlama sonras\u0131 hizmetleriniz nas\u0131l?<br>&nbsp;M\u00fchendisimiz kurulum ve \u00e7al\u0131\u015fanlar\u0131n\u0131z i\u00e7in e\u011fitim vermek \u00fczere d\u0131\u015far\u0131 \u00e7\u0131kabilir.<br>4.Makinenizin garanti s\u00fcresi?<br>&nbsp;T\u00fckenebilir yedek par\u00e7alar hari\u00e7 1 y\u0131l.<br>5.Makinenin teslim s\u00fcresi nas\u0131l?<br>&nbsp;Genelde b\u00fcy\u00fck makineler veya \u00fcretim hatt\u0131 i\u00e7in 5-15 g\u00fcn gerekir ve m\u00fczakere edilmi\u015f teslim s\u00fcresi i\u00e7inde \u00e7ok daha uzun olabilir.<br><img decoding=\"async\" style=\"width: 100%;\" src=\"https:\/\/www.agriculture-machine.com\/wp-content\/uploads\/2018\/10\/thresher-machine8.jpg\" alt=\"thresher-machine8\"><\/p>","protected":false},"excerpt":{"rendered":"<p>Brief introduction of wheat thresher machine The multipurpose thresher machine consists of a feeding hopper, a drum, a screen and a shelf.It integrates threshing, separating, straw chopping as a whole and can be used for wheat, barley, rice, sorghum, millet, beans and rapeseed.The special design towards bigger inlet make it convenient to place raw materials. [&hellip;]<\/p>\n","protected":false},"author":1,"featured_media":2037,"parent":0,"comment_status":"closed","ping_status":"closed","template":"","tags":[2614],"product-type":[894],"class_list":["post-1105","product","type-product","status-publish","has-post-thumbnail","hentry","tag-thresher","product-type-rice-and-wheat-thresher"],"_links":{"self":[{"href":"https:\/\/www.agriculture-machine.com\/tr\/wp-json\/wp\/v2\/product\/1105","targetHints":{"allow":["GET"]}}],"collection":[{"href":"https:\/\/www.agriculture-machine.com\/tr\/wp-json\/wp\/v2\/product"}],"about":[{"href":"https:\/\/www.agriculture-machine.com\/tr\/wp-json\/wp\/v2\/types\/product"}],"author":[{"embeddable":true,"href":"https:\/\/www.agriculture-machine.com\/tr\/wp-json\/wp\/v2\/users\/1"}],"replies":[{"embeddable":true,"href":"https:\/\/www.agriculture-machine.com\/tr\/wp-json\/wp\/v2\/comments?post=1105"}],"wp:featuredmedia":[{"embeddable":true,"href":"https:\/\/www.agriculture-machine.com\/tr\/wp-json\/wp\/v2\/media\/2037"}],"wp:attachment":[{"href":"https:\/\/www.agriculture-machine.com\/tr\/wp-json\/wp\/v2\/media?parent=1105"}],"wp:term":[{"taxonomy":"post_tag","embeddable":true,"href":"https:\/\/www.agriculture-machine.com\/tr\/wp-json\/wp\/v2\/tags?post=1105"},{"taxonomy":"product-type","embeddable":true,"href":"https:\/\/www.agriculture-machine.com\/tr\/wp-json\/wp\/v2\/product-type?post=1105"}],"curies":[{"name":"wp","href":"https:\/\/api.w.org\/{rel}","templated":true}]}}