{"id":11066,"date":"2021-08-11T17:31:26","date_gmt":"2021-08-11T09:31:26","guid":{"rendered":"https:\/\/www.agriculture-machine.com\/?p=11066"},"modified":"2024-08-20T17:43:27","modified_gmt":"2024-08-20T09:43:27","slug":"corn-stalk-reaping-machinecorn-stalk-reapermaize-straw-reaper","status":"publish","type":"product","link":"https:\/\/www.agriculture-machine.com\/tr\/corn-stalk-reaping-machinecorn-stalk-reapermaize-straw-reaper\/","title":{"rendered":"M\u0131s\u0131r Sap\u0131 Bi\u00e7me Makinesi Maize Straw Reaper Hasat \u0130\u00e7in"},"content":{"rendered":"<p>M\u0131s\u0131r sap\u0131 bi\u00e7me makinesi, ayn\u0131 zamanda m\u0131s\u0131r sap\u0131 bi\u00e7me ve m\u0131s\u0131r sap\u0131 bi\u00e7me olarak da adland\u0131r\u0131l\u0131r. M\u0131s\u0131r olgunla\u015ft\u0131\u011f\u0131nda veya olgunlu\u011fa yak\u0131nken dik duran m\u0131s\u0131r saplar\u0131n\u0131 hasat eder.<\/p>    <p>Kavrama zinciri ta\u015f\u0131ma cihaz\u0131 vard\u0131r. Hasat edilen saplar, trakt\u00f6r\u00fcn arka veya sa\u011f arka taraf\u0131nda yatay olarak demetler halinde dizilir. Bu, \u00e7ubuk veya m\u0131s\u0131r ko\u00e7an\u0131 ile waxy hasad\u0131 ve \u00fcretim alanlar\u0131 ve hayvanc\u0131l\u0131k alanlar\u0131 olmayan alanlar i\u00e7in uygundur.<\/p>    <figure class=\"wp-block-gallery has-nested-images columns-default is-cropped wp-block-gallery-2 is-layout-flex wp-block-gallery-is-layout-flex\"> <figure class=\"wp-block-image size-large\"><a href=\"https:\/\/www.agriculture-machine.com\/wp-content\/uploads\/2021\/08\/\u753b\u677f-7.jpg\"><img loading=\"lazy\" decoding=\"async\" width=\"720\" height=\"540\" data-id=\"11087\" src=\"https:\/\/www.agriculture-machine.com\/wp-content\/uploads\/2021\/08\/\u753b\u677f-7.jpg\" alt=\"m\u0131s\u0131r sap\u0131 bi\u00e7me\" class=\"wp-image-11087\" srcset=\"https:\/\/www.agriculture-machine.com\/wp-content\/uploads\/2021\/08\/\u753b\u677f-7.jpg 720w, https:\/\/www.agriculture-machine.com\/wp-content\/uploads\/2021\/08\/\u753b\u677f-7-360x270.jpg 360w, https:\/\/www.agriculture-machine.com\/wp-content\/uploads\/2021\/08\/\u753b\u677f-7-240x180.jpg 240w\" sizes=\"auto, (max-width: 720px) 100vw, 720px\" \/><\/a><figcaption class=\"wp-element-caption\">m\u0131s\u0131r sap\u0131 bi\u00e7me<\/figcaption><\/figure>    <figure class=\"wp-block-image size-large\"><a href=\"https:\/\/www.agriculture-machine.com\/wp-content\/uploads\/2021\/08\/\u753b\u677f-6.jpg\"><img loading=\"lazy\" decoding=\"async\" width=\"720\" height=\"540\" data-id=\"11086\" src=\"https:\/\/www.agriculture-machine.com\/wp-content\/uploads\/2021\/08\/\u753b\u677f-6.jpg\" alt=\"m\u0131s\u0131r sap\u0131 bi\u00e7me makinesi\" class=\"wp-image-11086\" srcset=\"https:\/\/www.agriculture-machine.com\/wp-content\/uploads\/2021\/08\/\u753b\u677f-6.jpg 720w, https:\/\/www.agriculture-machine.com\/wp-content\/uploads\/2021\/08\/\u753b\u677f-6-360x270.jpg 360w, https:\/\/www.agriculture-machine.com\/wp-content\/uploads\/2021\/08\/\u753b\u677f-6-240x180.jpg 240w\" sizes=\"auto, (max-width: 720px) 100vw, 720px\" \/><\/a><figcaption class=\"wp-element-caption\">m\u0131s\u0131r sap\u0131 bi\u00e7me makinesi<\/figcaption><\/figure> <\/figure>    <h2 class=\"wp-block-heading\">M\u0131s\u0131r sap\u0131 bi\u00e7me makinesi \u00e7al\u0131\u015fma prensibi<\/h2>    <p>\u00c7al\u0131\u015fma s\u0131ras\u0131nda, m\u0131s\u0131r sap\u0131 bi\u00e7me makinesi m\u0131s\u0131r s\u0131rt\u0131 boyunca ilerler. Ve kesme b\u0131\u00e7a\u011f\u0131 m\u0131s\u0131r saplar\u0131n\u0131 keser. Saplar, \u00fcst, orta ve alt ta\u015f\u0131ma zincirlerinin sa\u011f taraf\u0131nda \u00e7\u0131k\u0131\u015f yapar ve do\u011fal olarak yerle\u015ftirilir, b\u00f6ylece hasat tamamlan\u0131r.<\/p>    <figure class=\"wp-block-embed aligncenter is-type-video is-provider-youtube wp-block-embed-youtube wp-embed-aspect-16-9 wp-has-aspect-ratio\"><div class=\"wp-block-embed__wrapper\"> <iframe loading=\"lazy\" title=\"M\u0131s\u0131r Sap\u0131 Bi\u00e7me Makinesi \u00e7al\u0131\u015fma videosu|M\u0131s\u0131r Sap\u0131 Bi\u00e7me|Maize Straw Reaper\" width=\"500\" height=\"281\" src=\"https:\/\/www.youtube.com\/embed\/Ge8t8kxGNUQ?feature=oembed\" frameborder=\"0\" allow=\"accelerometer; autoplay; clipboard-write; encrypted-media; gyroscope; picture-in-picture; web-share\" referrerpolicy=\"strict-origin-when-cross-origin\" allowfullscreen><\/iframe> <\/div><figcaption class=\"wp-element-caption\">Saman kesme hasat makinesi nas\u0131l \u00e7al\u0131\u015f\u0131r<\/figcaption><\/figure>    <h2 class=\"wp-block-heading\">M\u0131s\u0131r sap\u0131 bi\u00e7me makinesinin yap\u0131s\u0131<\/h2>    <p>M\u0131s\u0131r sap\u0131 bi\u00e7me makinesi, \u00e7ubuk kesme cihaz\u0131, ta\u015f\u0131ma cihaz\u0131, hidrolik kald\u0131r\u0131c\u0131 ve benzerlerinden olu\u015fur. Bunlar s\u0131ras\u0131yla trakt\u00f6r\u00fcn \u00f6n\u00fcnde ve sa\u011f\u0131nda d\u00fczenlenmi\u015ftir. <\/p>    <p>Testere b\u0131\u00e7a\u011f\u0131 ile kesilir ve kavrama ve ta\u015f\u0131ma \u015feklini benimser. Dikey saman\u0131 do\u011frudan tarlada hasat edebilir. Ve saman\u0131 trakt\u00f6r\u00fcn sa\u011f taraf\u0131nda demetler halinde koyar.<\/p>    <figure class=\"wp-block-gallery has-nested-images columns-default is-cropped wp-block-gallery-3 is-layout-flex wp-block-gallery-is-layout-flex\"> <figure class=\"wp-block-image aligncenter size-large\"><a href=\"https:\/\/www.agriculture-machine.com\/wp-content\/uploads\/2021\/08\/\u753b\u677f-9.jpg\"><img loading=\"lazy\" decoding=\"async\" width=\"720\" height=\"540\" data-id=\"11075\" src=\"https:\/\/www.agriculture-machine.com\/wp-content\/uploads\/2021\/08\/\u753b\u677f-9.jpg\" alt=\"m\u0131s\u0131r sap\u0131 bi\u00e7me makinesinin ana yap\u0131s\u0131\" class=\"wp-image-11075\" srcset=\"https:\/\/www.agriculture-machine.com\/wp-content\/uploads\/2021\/08\/\u753b\u677f-9.jpg 720w, https:\/\/www.agriculture-machine.com\/wp-content\/uploads\/2021\/08\/\u753b\u677f-9-360x270.jpg 360w, https:\/\/www.agriculture-machine.com\/wp-content\/uploads\/2021\/08\/\u753b\u677f-9-240x180.jpg 240w\" sizes=\"auto, (max-width: 720px) 100vw, 720px\" \/><\/a><figcaption class=\"wp-element-caption\">m\u0131s\u0131r sap\u0131 bi\u00e7me makinesinin ana yap\u0131s\u0131<\/figcaption><\/figure> <\/figure>    <h2 class=\"wp-block-heading\">M\u0131s\u0131r sap\u0131 do\u011frama makinesinin avantajlar\u0131<\/h2>    <ul class=\"wp-block-list\"> <li>\u0130\u015flem s\u0131ras\u0131nda yolu manuel olarak temizlemeye gerek yoktur, bu da i\u015f g\u00fcc\u00fcn\u00fc tasarruf eder ve verimlili\u011fi art\u0131r\u0131r.<\/li>    <li>Kesme ba\u015fl\u0131\u011f\u0131, y\u00fcksekli\u011fi kontrol etmek i\u00e7in ya\u011f silindiri taraf\u0131ndan kontrol edilir.<\/li>    <li>Hasat edilen samanlar, toplama, depolama ve ta\u015f\u0131ma kolayl\u0131\u011f\u0131 i\u00e7in ayn\u0131 y\u00f6nde d\u00fczg\u00fcn \u015fekilde dizilir.<\/li>    <li>Hasat verimlili\u011fi y\u00fcksektir, saatte 5-10 d\u00f6n\u00fcm \u00e7al\u0131\u015ft\u0131r\u0131labilir.<\/li>    <li>Kesim y\u00f6ntemi, testere b\u0131\u00e7aklar\u0131n\u0131n \u00fcst \u00fcste binerek ve kayd\u0131rarak kesilmesidir, kesme h\u0131z\u0131 y\u00fcksektir, kesim tamamlan\u0131r ve \u00f6l\u00fc k\u00f6\u015feler b\u0131rak\u0131lmaz. K\u0131rp\u0131k d\u00fczenli kesilir ve titre\u015fim k\u00fc\u00e7\u00fckt\u00fcr.<\/li> <\/ul>    <h2 class=\"wp-block-heading\">Makine parametreleri  <\/h2>    <figure class=\"wp-block-table is-style-stripes\"><table><tbody><tr><td>Destek g\u00fcc\u00fc<\/td><td>20 beygirden fazla g\u00fcce sahip tek silindirli k\u00fc\u00e7\u00fck d\u00f6rt tekerlekli trakt\u00f6r<\/td><\/tr><tr><td>\u0130\u015fletme verimlili\u011fi<\/td><td>5-10 d\u00f6n\u00fcm\/saat<\/td><\/tr><tr><td>T\u00fcm makine a\u011f\u0131rl\u0131\u011f\u0131<\/td><td>510kg<\/td><\/tr><tr><td>Ba\u011flant\u0131 \u015fekli<\/td><td>asmak<\/td><\/tr><tr><td>Teorik hasat hatas\u0131 aral\u0131\u011f\u0131<\/td><td>550-650mm<\/td><\/tr><tr><td>Hasat geni\u015fli\u011fi<\/td><td>2.2 metre (teorik olarak 4 s\u0131ra)<\/td><\/tr><tr><td>G\u00fc\u00e7 kayna\u011f\u0131<\/td><td>tek silindir: kay\u0131\u015f kasna\u011f\u0131, arka tekerlek;<br>\u00e7ok silindirli: arka \u00e7\u0131k\u0131\u015f mili, arka tekerlek<\/td><\/tr><tr><td>Ta\u015f\u0131ma y\u00f6ntemi<\/td><td>kavrama ve ta\u015f\u0131ma<\/td><\/tr><tr><td>Testere b\u0131\u00e7a\u011f\u0131n\u0131n yerden maksimum y\u00fcksekli\u011fi<\/td><td>300mm<\/td><\/tr><tr><td>Bile\u015fenler<\/td><td>kesme \u00e7ubu\u011fu cihaz\u0131, ta\u015f\u0131ma cihaz\u0131, hidrolik kald\u0131r\u0131c\u0131<\/td><\/tr><\/tbody><\/table><figcaption class=\"wp-element-caption\">Maize sap\u0131 bi\u00e7me makinesi teknik verileri<\/figcaption><\/figure>    <figure class=\"wp-block-gallery has-nested-images columns-default is-cropped wp-block-gallery-4 is-layout-flex wp-block-gallery-is-layout-flex\"> <figure class=\"wp-block-image aligncenter size-large\"><a href=\"https:\/\/www.agriculture-machine.com\/wp-content\/uploads\/2021\/08\/\u753b\u677f-8.jpg\"><img loading=\"lazy\" decoding=\"async\" width=\"720\" height=\"540\" data-id=\"11076\" src=\"https:\/\/www.agriculture-machine.com\/wp-content\/uploads\/2021\/08\/\u753b\u677f-8.jpg\" alt=\"m\u0131s\u0131r sap\u0131 bi\u00e7me makinesinin trakt\u00f6r \u00fczerindeki gereksinimleri\" class=\"wp-image-11076\" srcset=\"https:\/\/www.agriculture-machine.com\/wp-content\/uploads\/2021\/08\/\u753b\u677f-8.jpg 720w, https:\/\/www.agriculture-machine.com\/wp-content\/uploads\/2021\/08\/\u753b\u677f-8-360x270.jpg 360w, https:\/\/www.agriculture-machine.com\/wp-content\/uploads\/2021\/08\/\u753b\u677f-8-240x180.jpg 240w\" sizes=\"auto, (max-width: 720px) 100vw, 720px\" \/><\/a><figcaption class=\"wp-element-caption\">m\u0131s\u0131r sap\u0131 bi\u00e7me makinesinin trakt\u00f6r \u00fczerindeki gereksinimleri<\/figcaption><\/figure> <\/figure>    <h2 class=\"wp-block-heading\">M\u0131s\u0131r sap\u0131 bi\u00e7me makinesi, saman k\u0131rma ve geri d\u00f6n\u00fc\u015f\u00fcm makinesi aras\u0131ndaki fark<\/h2>    <h3 class=\"wp-block-heading\" id=\"h-corn-stalk-reaping-machine\">M\u0131s\u0131r sap\u0131 bi\u00e7me makinesi <\/h3>    <p>M\u0131s\u0131r sap\u0131 bi\u00e7me makinesi, \u00f6zel tip ve ama\u00e7l\u0131 bir hasat makinesidir. E\u015fek veya ko\u00e7anl\u0131 veya ko\u00e7ans\u0131z saman\u0131 hasat eder ve kolay toplama i\u00e7in makinenin arkas\u0131nda veya arkas\u0131nda yatay olarak yayar. Sadece m\u0131s\u0131r de\u011fil, ayn\u0131 zamanda otlak hasad\u0131 i\u00e7in de kullan\u0131labilir. Ve do\u011frudan tek par\u00e7a halinde saman hasat edebilir.<\/p>    <figure class=\"wp-block-gallery has-nested-images columns-default is-cropped wp-block-gallery-5 is-layout-flex wp-block-gallery-is-layout-flex\"> <figure class=\"wp-block-image size-large\"><a href=\"https:\/\/www.agriculture-machine.com\/wp-content\/uploads\/2021\/08\/\u672a\u6807\u9898-1.jpg\"><img loading=\"lazy\" decoding=\"async\" width=\"720\" height=\"540\" data-id=\"11077\" src=\"https:\/\/www.agriculture-machine.com\/wp-content\/uploads\/2021\/08\/\u672a\u6807\u9898-1.jpg\" alt=\"M\u0131s\u0131r sap\u0131 bi\u00e7me makinesi \u00e7al\u0131\u015f\u0131rken\" class=\"wp-image-11077\" srcset=\"https:\/\/www.agriculture-machine.com\/wp-content\/uploads\/2021\/08\/\u672a\u6807\u9898-1.jpg 720w, https:\/\/www.agriculture-machine.com\/wp-content\/uploads\/2021\/08\/\u672a\u6807\u9898-1-360x270.jpg 360w, https:\/\/www.agriculture-machine.com\/wp-content\/uploads\/2021\/08\/\u672a\u6807\u9898-1-240x180.jpg 240w\" sizes=\"auto, (max-width: 720px) 100vw, 720px\" \/><\/a><figcaption class=\"wp-element-caption\">M\u0131s\u0131r sap\u0131 bi\u00e7me makinesi \u00e7al\u0131\u015f\u0131rken<\/figcaption><\/figure>    <figure class=\"wp-block-image size-large\"><a href=\"https:\/\/www.agriculture-machine.com\/wp-content\/uploads\/2021\/08\/201903051540197185.jpgw640qm_\u526f\u672c.jpg\"><img loading=\"lazy\" decoding=\"async\" width=\"720\" height=\"540\" data-id=\"11078\" src=\"https:\/\/www.agriculture-machine.com\/wp-content\/uploads\/2021\/08\/201903051540197185.jpgw640qm_\u526f\u672c.jpg\" alt=\"M\u0131s\u0131r sap\u0131 bi\u00e7me makinesiyle hasat edilen samanlar\" class=\"wp-image-11078\" srcset=\"https:\/\/www.agriculture-machine.com\/wp-content\/uploads\/2021\/08\/201903051540197185.jpgw640qm_\u526f\u672c.jpg 720w, https:\/\/www.agriculture-machine.com\/wp-content\/uploads\/2021\/08\/201903051540197185.jpgw640qm_\u526f\u672c-360x270.jpg 360w, https:\/\/www.agriculture-machine.com\/wp-content\/uploads\/2021\/08\/201903051540197185.jpgw640qm_\u526f\u672c-240x180.jpg 240w\" sizes=\"auto, (max-width: 720px) 100vw, 720px\" \/><\/a><figcaption class=\"wp-element-caption\">M\u0131s\u0131r sap\u0131 bi\u00e7me makinesiyle hasat edilen samanlar<\/figcaption><\/figure> <\/figure>    <h3 class=\"wp-block-heading\" id=\"h-straw-crushing-and-recycling-machine\"><a href=\"https:\/\/www.agriculture-machine.com\/tr\/silage-harvester-machine-with-tractor\/\">Saman k\u0131rma ve geri d\u00f6n\u00fc\u015f\u00fcm makinesi<\/a><\/h3>    <p>Saman k\u0131rma ve geri d\u00f6n\u00fc\u015f\u00fcm makinesinin fonksiyonu, k\u0131rma ve geri d\u00f6n\u00fc\u015f\u00fcm yapmakt\u0131r. Dik veya devrilmi\u015f \u00fcr\u00fcn sap\u0131 i\u00e7in uygundur. Makine do\u011frudan saman\u0131 k\u0131rar. Daha sonra, k\u0131r\u0131lm\u0131\u015f saman, bo\u015faltma deli\u011finden \u00e7\u0131kar ve depolama kutusuna d\u00fc\u015fer.<\/p>    <p>Saman k\u0131rma ve geri d\u00f6n\u00fc\u015f\u00fcm makinesiyle hasat edilen ye\u015fil saman\u0131 silaj yapmak i\u00e7in do\u011frudan kullanabilirsiniz. Ayr\u0131ca kuru saman\u0131 biyok\u00fctle yak\u0131t\u0131 yapmak i\u00e7in kullanabilirsiniz. Ayr\u0131ca, yenilebilir mantar i\u00e7in besin kayna\u011f\u0131 olarak da kullanabilirsiniz.<\/p>    <figure class=\"wp-block-gallery has-nested-images columns-default is-cropped wp-block-gallery-6 is-layout-flex wp-block-gallery-is-layout-flex\"> <figure class=\"wp-block-image size-large\"><a href=\"https:\/\/www.agriculture-machine.com\/wp-content\/uploads\/2021\/08\/corn-silage-harvester.jpg\"><img loading=\"lazy\" decoding=\"async\" width=\"720\" height=\"540\" data-id=\"11080\" src=\"https:\/\/www.agriculture-machine.com\/wp-content\/uploads\/2021\/08\/corn-silage-harvester.jpg\" alt=\"Saman k\u0131rma ve geri d\u00f6n\u00fc\u015f\u00fcm makinesi\" class=\"wp-image-11080\" srcset=\"https:\/\/www.agriculture-machine.com\/wp-content\/uploads\/2021\/08\/corn-silage-harvester.jpg 720w, https:\/\/www.agriculture-machine.com\/wp-content\/uploads\/2021\/08\/corn-silage-harvester-360x270.jpg 360w, https:\/\/www.agriculture-machine.com\/wp-content\/uploads\/2021\/08\/corn-silage-harvester-240x180.jpg 240w\" sizes=\"auto, (max-width: 720px) 100vw, 720px\" \/><\/a><figcaption class=\"wp-element-caption\">Saman k\u0131rma ve geri d\u00f6n\u00fc\u015f\u00fcm makinesi<\/figcaption><\/figure>    <figure class=\"wp-block-image size-large\"><a href=\"https:\/\/www.agriculture-machine.com\/wp-content\/uploads\/2021\/08\/81342a0cfb04464ebfbcd713c8bdc9e7_c5_q75_864x486_\u526f\u672c.jpg\"><img loading=\"lazy\" decoding=\"async\" width=\"720\" height=\"540\" data-id=\"11079\" src=\"https:\/\/www.agriculture-machine.com\/wp-content\/uploads\/2021\/08\/81342a0cfb04464ebfbcd713c8bdc9e7_c5_q75_864x486_\u526f\u672c.jpg\" alt=\"Saman, saman k\u0131rma ve geri d\u00f6n\u00fc\u015f\u00fcm makinesiyle hasat edilmi\u015ftir\" class=\"wp-image-11079\" srcset=\"https:\/\/www.agriculture-machine.com\/wp-content\/uploads\/2021\/08\/81342a0cfb04464ebfbcd713c8bdc9e7_c5_q75_864x486_\u526f\u672c.jpg 720w, https:\/\/www.agriculture-machine.com\/wp-content\/uploads\/2021\/08\/81342a0cfb04464ebfbcd713c8bdc9e7_c5_q75_864x486_\u526f\u672c-360x270.jpg 360w, https:\/\/www.agriculture-machine.com\/wp-content\/uploads\/2021\/08\/81342a0cfb04464ebfbcd713c8bdc9e7_c5_q75_864x486_\u526f\u672c-240x180.jpg 240w\" sizes=\"auto, (max-width: 720px) 100vw, 720px\" \/><\/a><figcaption class=\"wp-element-caption\">Saman, saman k\u0131rma ve geri d\u00f6n\u00fc\u015f\u00fcm makinesiyle hasat edilmi\u015ftir<\/figcaption><\/figure> <\/figure>    <p>Her iki saman hasat makinesi t\u00fcr\u00fcn\u00fcn de avantajlar\u0131 ve kullan\u0131mlar\u0131 vard\u0131r. \u0130htiyac\u0131n\u0131za g\u00f6re se\u00e7im yapabilirsiniz. Ayn\u0131 zamanda, ihtiya\u00e7lar\u0131n\u0131za g\u00f6re en uygun modeli de \u00f6nerebiliriz.<\/p>    <h2 class=\"wp-block-heading\" id=\"h-corn-stalk-reaping-machine-display\">Makine fabrikas\u0131 g\u00f6sterimi<\/h2>    <figure class=\"wp-block-gallery has-nested-images columns-2 is-cropped wp-block-gallery-7 is-layout-flex wp-block-gallery-is-layout-flex\"> <figure class=\"wp-block-image size-large\"><a href=\"https:\/\/www.agriculture-machine.com\/wp-content\/uploads\/2021\/08\/\u753b\u677f-4.jpg\"><img loading=\"lazy\" decoding=\"async\" width=\"720\" height=\"540\" data-id=\"11084\" src=\"https:\/\/www.agriculture-machine.com\/wp-content\/uploads\/2021\/08\/\u753b\u677f-4.jpg\" alt=\"M\u0131s\u0131r sap\u0131 bi\u00e7me makinesi g\u00f6sterimi \" class=\"wp-image-11084\" srcset=\"https:\/\/www.agriculture-machine.com\/wp-content\/uploads\/2021\/08\/\u753b\u677f-4.jpg 720w, https:\/\/www.agriculture-machine.com\/wp-content\/uploads\/2021\/08\/\u753b\u677f-4-360x270.jpg 360w, https:\/\/www.agriculture-machine.com\/wp-content\/uploads\/2021\/08\/\u753b\u677f-4-240x180.jpg 240w\" sizes=\"auto, (max-width: 720px) 100vw, 720px\" \/><\/a><figcaption class=\"wp-element-caption\">M\u0131s\u0131r sap\u0131 bi\u00e7me makinesi g\u00f6sterimi <\/figcaption><\/figure>    <figure class=\"wp-block-image size-large\"><a href=\"https:\/\/www.agriculture-machine.com\/wp-content\/uploads\/2021\/08\/\u753b\u677f-3.jpg\"><img loading=\"lazy\" decoding=\"async\" width=\"720\" height=\"540\" data-id=\"11083\" src=\"https:\/\/www.agriculture-machine.com\/wp-content\/uploads\/2021\/08\/\u753b\u677f-3.jpg\" alt=\"m\u0131s\u0131r sap\u0131 bi\u00e7me g\u00f6sterimi\" class=\"wp-image-11083\" srcset=\"https:\/\/www.agriculture-machine.com\/wp-content\/uploads\/2021\/08\/\u753b\u677f-3.jpg 720w, https:\/\/www.agriculture-machine.com\/wp-content\/uploads\/2021\/08\/\u753b\u677f-3-360x270.jpg 360w, https:\/\/www.agriculture-machine.com\/wp-content\/uploads\/2021\/08\/\u753b\u677f-3-240x180.jpg 240w\" sizes=\"auto, (max-width: 720px) 100vw, 720px\" \/><\/a><figcaption class=\"wp-element-caption\">m\u0131s\u0131r sap\u0131 bi\u00e7me g\u00f6sterimi<\/figcaption><\/figure>    <figure class=\"wp-block-image size-large\"><a href=\"https:\/\/www.agriculture-machine.com\/wp-content\/uploads\/2021\/08\/\u753b\u677f-2.jpg\"><img loading=\"lazy\" decoding=\"async\" width=\"720\" height=\"540\" data-id=\"11082\" src=\"https:\/\/www.agriculture-machine.com\/wp-content\/uploads\/2021\/08\/\u753b\u677f-2.jpg\" alt=\"maize straw reaper g\u00f6sterimi\" class=\"wp-image-11082\" srcset=\"https:\/\/www.agriculture-machine.com\/wp-content\/uploads\/2021\/08\/\u753b\u677f-2.jpg 720w, https:\/\/www.agriculture-machine.com\/wp-content\/uploads\/2021\/08\/\u753b\u677f-2-360x270.jpg 360w, https:\/\/www.agriculture-machine.com\/wp-content\/uploads\/2021\/08\/\u753b\u677f-2-240x180.jpg 240w\" sizes=\"auto, (max-width: 720px) 100vw, 720px\" \/><\/a><figcaption class=\"wp-element-caption\">maize straw reaper g\u00f6sterimi<\/figcaption><\/figure>    <figure class=\"wp-block-image size-large\"><a href=\"https:\/\/www.agriculture-machine.com\/wp-content\/uploads\/2021\/08\/\u753b\u677f-1.jpg\"><img loading=\"lazy\" decoding=\"async\" width=\"720\" height=\"540\" data-id=\"11081\" src=\"https:\/\/www.agriculture-machine.com\/wp-content\/uploads\/2021\/08\/\u753b\u677f-1.jpg\" alt=\"maize straw reaper g\u00f6sterimi \" class=\"wp-image-11081\" srcset=\"https:\/\/www.agriculture-machine.com\/wp-content\/uploads\/2021\/08\/\u753b\u677f-1.jpg 720w, https:\/\/www.agriculture-machine.com\/wp-content\/uploads\/2021\/08\/\u753b\u677f-1-360x270.jpg 360w, https:\/\/www.agriculture-machine.com\/wp-content\/uploads\/2021\/08\/\u753b\u677f-1-240x180.jpg 240w\" sizes=\"auto, (max-width: 720px) 100vw, 720px\" \/><\/a><figcaption class=\"wp-element-caption\">maize straw reaper g\u00f6sterimi <\/figcaption><\/figure> <\/figure>    <h2 class=\"wp-block-heading\">Kullan\u0131m \u00f6nlemleri<\/h2>    <ul class=\"wp-block-list\"> <li>\u0130\u015fleme ba\u015flamadan \u00f6nce makineyi hata ay\u0131klay\u0131n, makinenin iyi \u00e7al\u0131\u015ft\u0131\u011f\u0131ndan emin olun.<\/li>    <li>K\u0131rp\u0131k y\u00fcksekli\u011fini kald\u0131rma \u00e7ubu\u011funun vidas\u0131n\u0131 ayarlayarak ayarlayabilirsiniz. Hasat \u00f6ncesinde, kesme b\u0131\u00e7a\u011f\u0131n\u0131 topra\u011fa ve zemine de\u011fecek \u015fekilde ayarlay\u0131n ve ard\u0131ndan deneme kesimi yaparak kesim durumunun uygun olup olmad\u0131\u011f\u0131n\u0131 kontrol edin. Uygun de\u011filse, gereksinimleri kar\u015f\u0131layacak \u015fekilde ayarlay\u0131n ve hasada ba\u015flay\u0131n. Genellikle, k\u0131rp\u0131k y\u00fcksekli\u011fi 3-5 cm'den fazla olmal\u0131d\u0131r, b\u00f6ylece kesici zarar g\u00f6rmez.<\/li>    <li>Hasat \u00f6ncesinde \u015fanz\u0131man\u0131n ya\u011f seviyesini kontrol edin ve eksiklik varsa, zaman\u0131nda ya\u011f ekleyin. Zincir bir s\u00fcre \u00e7al\u0131\u015ft\u0131ktan sonra, bir miktar ya\u011flama ya\u011f\u0131 damlar.<\/li>    <li>Ayr\u0131ca, verimlili\u011fi art\u0131rmak i\u00e7in hasat y\u00f6ntemleri aras\u0131nda, tarlan\u0131n etraf\u0131nda dairesel olarak hasat yapmakt\u0131r.<\/li>    <li>Bir s\u00fcre kullan\u0131mdan sonra, kesici kenar a\u015f\u0131n\u0131r ve k\u00f6relir. Bu durumda, g\u00fc\u00e7 tasarrufu sa\u011flamak i\u00e7in el tipi ta\u015flama makinesiyle kesici kenar\u0131 bilenin. Ancak, kesici kenar\u0131 bilenirken a\u015f\u0131r\u0131 \u0131s\u0131nmay\u0131 ve damlamay\u0131 \u00f6nleyin, b\u00f6ylece kesici kenar\u0131n dayan\u0131kl\u0131l\u0131\u011f\u0131 azalmaz.<\/li> <\/ul>    <h2 class=\"wp-block-heading\" id=\"h-maintenance-of-the-machine\">Makinenin bak\u0131m\u0131 <\/h2>    <p>Makine \u00e7al\u0131\u015fmas\u0131 tamamland\u0131ktan sonra zaman\u0131nda kontrol edin. Makinenin \u00e7al\u0131\u015fmas\u0131 s\u0131ras\u0131nda herhangi bir hasar olup olmad\u0131\u011f\u0131n\u0131 kontrol edin. E\u011fer bulunursa, hemen tamir ve bak\u0131m yap\u0131n.<\/p>    <p>Makine uzun s\u00fcre kullan\u0131lmad\u0131\u011f\u0131nda ve saklanmas\u0131 gerekti\u011finde, yataklamalar\u0131 ve ta\u015f\u0131ma par\u00e7alar\u0131n\u0131 ya\u011flay\u0131n, paslanmay\u0131 ve kullan\u0131m\u0131n\u0131 engelleyin.<\/p>","protected":false},"excerpt":{"rendered":"<p>M\u0131s\u0131r sap\u0131 bi\u00e7me makinesi, tarladaki t\u00fcm saplar\u0131 geri kazanmak ve yeniden kullanmak i\u00e7in hasat eder. Bu, hem i\u015f g\u00fcc\u00fcn\u00fc tasarruf eder hem de verimlili\u011fi art\u0131r\u0131r.<\/p>","protected":false},"author":1,"featured_media":11089,"parent":0,"comment_status":"closed","ping_status":"closed","template":"","tags":[961],"product-type":[871,1,2],"class_list":["post-11066","product","type-product","status-publish","has-post-thumbnail","hentry","tag-maize-straw-reaper","product-type-harvester","product-type-other","product-type-products"],"_links":{"self":[{"href":"https:\/\/www.agriculture-machine.com\/tr\/wp-json\/wp\/v2\/product\/11066","targetHints":{"allow":["GET"]}}],"collection":[{"href":"https:\/\/www.agriculture-machine.com\/tr\/wp-json\/wp\/v2\/product"}],"about":[{"href":"https:\/\/www.agriculture-machine.com\/tr\/wp-json\/wp\/v2\/types\/product"}],"author":[{"embeddable":true,"href":"https:\/\/www.agriculture-machine.com\/tr\/wp-json\/wp\/v2\/users\/1"}],"replies":[{"embeddable":true,"href":"https:\/\/www.agriculture-machine.com\/tr\/wp-json\/wp\/v2\/comments?post=11066"}],"wp:featuredmedia":[{"embeddable":true,"href":"https:\/\/www.agriculture-machine.com\/tr\/wp-json\/wp\/v2\/media\/11089"}],"wp:attachment":[{"href":"https:\/\/www.agriculture-machine.com\/tr\/wp-json\/wp\/v2\/media?parent=11066"}],"wp:term":[{"taxonomy":"post_tag","embeddable":true,"href":"https:\/\/www.agriculture-machine.com\/tr\/wp-json\/wp\/v2\/tags?post=11066"},{"taxonomy":"product-type","embeddable":true,"href":"https:\/\/www.agriculture-machine.com\/tr\/wp-json\/wp\/v2\/product-type?post=11066"}],"curies":[{"name":"wp","href":"https:\/\/api.w.org\/{rel}","templated":true}]}}