{"id":11093,"date":"2021-08-18T15:50:35","date_gmt":"2021-08-18T07:50:35","guid":{"rendered":"https:\/\/www.agriculture-machine.com\/?p=11093"},"modified":"2024-09-18T16:17:13","modified_gmt":"2024-09-18T08:17:13","slug":"vibrating-sieving-machine-grain-screening-machine","status":"publish","type":"product","link":"https:\/\/www.agriculture-machine.com\/tr\/vibrating-sieving-machine-grain-screening-machine\/","title":{"rendered":"Titre\u015fimli elek | Tah\u0131l tarama makinesi"},"content":{"rendered":"<h2 class=\"wp-block-heading\">Titre\u015fimli elek makinesinin tan\u0131t\u0131m\u0131<\/h2>    <p>Titre\u015fimli elek makinesi, k\u00fc\u00e7\u00fck ve orta \u00f6l\u00e7ekli tah\u0131l temizleme ve eleme makinesidir, amac\u0131 tah\u0131ldaki yapraklar, kepek kabuklar\u0131, toz ve di\u011fer safs\u0131zl\u0131klar\u0131 gidermektir. <\/p>    <p class=\"translation-block\">Bir <a href=\"https:\/\/www.agriculture-machine.com\/tr\/peanut-groundmut-sheller-removing-machine\/\">saplama makinesi<\/a> kullan\u0131ld\u0131ktan sonra, tah\u0131llar\u0131 kabuklar\u0131ndan ay\u0131rmak i\u00e7in titre\u015fimli elek makinesi kullanabilirsiniz. Tah\u0131l eleme makinesi g\u00fczel g\u00f6r\u00fcn\u00fcml\u00fc ve kompakt yap\u0131ya sahiptir. Buna ra\u011fmen, ta\u015f\u0131nmas\u0131 kolay ve kullan\u0131m\u0131 pratiktir. Bu makine, safs\u0131zl\u0131k giderme verimlili\u011fi ve d\u00fc\u015f\u00fck enerji t\u00fcketimi avantajlar\u0131na sahiptir. Ekran, kullan\u0131c\u0131n\u0131n ihtiya\u00e7lar\u0131na g\u00f6re rastgele de\u011fi\u015ftirilebilir ve elekler farkl\u0131 malzeme \u00e7e\u015fitlerine uygundur.<\/p>    <figure class=\"wp-block-embed is-type-video is-provider-youtube wp-block-embed-youtube wp-embed-aspect-16-9 wp-has-aspect-ratio\"><div class=\"wp-block-embed__wrapper\"> <iframe loading=\"lazy\" title=\"Titre\u015fimli elek makinesinin \u00e7al\u0131\u015fma videosu | tah\u0131l eleme makinesi\" width=\"500\" height=\"281\" src=\"https:\/\/www.youtube.com\/embed\/C69m_ahdRSo?feature=oembed\" frameborder=\"0\" allow=\"accelerometer; autoplay; clipboard-write; encrypted-media; gyroscope; picture-in-picture; web-share\" referrerpolicy=\"strict-origin-when-cross-origin\" allowfullscreen><\/iframe> <\/div><\/figure>    <h2 class=\"wp-block-heading\" id=\"h-components-of-vibrating-sieving-machine\">Titre\u015fimli elek makinesinin bile\u015fenleri<\/h2>    <p>Makine, bir ka\u00e7 par\u00e7adan olu\u015fur, bunlar aras\u0131nda bir hazne, bir \u00e7er\u00e7eve, bir transmisyon mekanizmas\u0131, bir fan ve bir elek bulunur. \u00c7er\u00e7eve aya\u011f\u0131 d\u00f6rt tekerlekle donat\u0131lm\u0131\u015ft\u0131r, b\u00f6ylece kolayca hareket ettirilebilir; elekler ve \u00e7er\u00e7eve, \u00e7e\u015fitli par\u00e7alar\u0131n kolayca de\u011fi\u015ftirilmesi i\u00e7in b\u00f6lmeli yap\u0131ya sahiptir.<\/p>    <h2 class=\"wp-block-heading\">Titre\u015fimli elek makinesinin makine parametreleri<\/h2>    <p>Makinemizin iki farkl\u0131 modeli vard\u0131r, k\u00fc\u00e7\u00fck ve orta \u00f6l\u00e7eklidir. Kendi ihtiya\u00e7lar\u0131n\u0131za g\u00f6re uygun modeli se\u00e7ebilirsiniz ve a\u015fa\u011f\u0131daki tablodan detayl\u0131 parametreleri alabilirsiniz.<\/p>    <figure class=\"wp-block-gallery columns-2 is-cropped wp-block-gallery-2 is-layout-flex wp-block-gallery-is-layout-flex\"><ul class=\"blocks-gallery-grid\"><li class=\"blocks-gallery-item\"><figure><img loading=\"lazy\" decoding=\"async\" width=\"720\" height=\"540\" src=\"https:\/\/www.agriculture-machine.com\/wp-content\/uploads\/2021\/08\/2.jpg\" alt=\"k\u00fc\u00e7\u00fck boyut\" data-id=\"11099\" data-full-url=\"https:\/\/www.agriculture-machine.com\/wp-content\/uploads\/2021\/08\/2.jpg\" data-link=\"https:\/\/www.agriculture-machine.com\/?attachment_id=11099\" class=\"wp-image-11099\" srcset=\"https:\/\/www.agriculture-machine.com\/wp-content\/uploads\/2021\/08\/2.jpg 720w, https:\/\/www.agriculture-machine.com\/wp-content\/uploads\/2021\/08\/2-360x270.jpg 360w, https:\/\/www.agriculture-machine.com\/wp-content\/uploads\/2021\/08\/2-240x180.jpg 240w\" sizes=\"auto, (max-width: 720px) 100vw, 720px\" \/><figcaption class=\"blocks-gallery-item__caption\">k\u00fc\u00e7\u00fck boyut<\/figcaption><\/figure><\/li><li class=\"blocks-gallery-item\"><figure><img loading=\"lazy\" decoding=\"async\" width=\"720\" height=\"540\" src=\"https:\/\/www.agriculture-machine.com\/wp-content\/uploads\/2021\/08\/1-1.jpg\" alt=\"orta boyut\" data-id=\"11100\" data-full-url=\"https:\/\/www.agriculture-machine.com\/wp-content\/uploads\/2021\/08\/1-1.jpg\" data-link=\"https:\/\/www.agriculture-machine.com\/?attachment_id=11100\" class=\"wp-image-11100\" srcset=\"https:\/\/www.agriculture-machine.com\/wp-content\/uploads\/2021\/08\/1-1.jpg 720w, https:\/\/www.agriculture-machine.com\/wp-content\/uploads\/2021\/08\/1-1-360x270.jpg 360w, https:\/\/www.agriculture-machine.com\/wp-content\/uploads\/2021\/08\/1-1-240x180.jpg 240w\" sizes=\"auto, (max-width: 720px) 100vw, 720px\" \/><figcaption class=\"blocks-gallery-item__caption\">orta boyut<\/figcaption><\/figure><\/li><\/ul><\/figure>    <figure class=\"wp-block-table is-style-stripes\"><table><tbody><tr><td><strong>Model <\/strong><strong><\/strong><\/td><td><strong>ZDS-1 <\/strong><strong><\/strong><\/td><td><strong>ZDS-2 <\/strong><strong><\/strong><\/td><\/tr><tr><td>G\u00fc\u00e7<\/td><td>2.2kw<\/td><td>2.2kw<\/td><\/tr><tr><td>Kapasite<\/td><td>2t\/h<\/td><td>1t\/h<\/td><\/tr><tr><td>K\u0131r\u0131lma oran\u0131<\/td><td>\u22660.1%<\/td><td>\u22660.1%<\/td><\/tr><tr><td>Devir H\u0131z\u0131<\/td><td>1400r\/dak<\/td><td>1400r\/dak<\/td><\/tr><tr><td>Boyut<\/td><td>1600*800*1000mm<\/td><td>2350*1100*1100mm<\/td><\/tr><tr><td>Qingdao FOB<\/td><td>&nbsp;<\/td><td>&nbsp;<\/td><\/tr><\/tbody><\/table><\/figure>    <h2 class=\"wp-block-heading\">Titre\u015fimli elek makinesinin \u00e7al\u0131\u015fma s\u00fcreci<\/h2>    <ol class=\"wp-block-list\" type=\"1\"><li>Tah\u0131l eleme makinesini yatay konuma getirin ve g\u00fc\u00e7 kayna\u011f\u0131n\u0131 a\u00e7\u0131n. Ard\u0131ndan, \u00e7al\u0131\u015ft\u0131rma anahtar\u0131n\u0131 kullanarak motorun saat y\u00f6n\u00fcnde d\u00f6nd\u00fc\u011f\u00fcnden emin olun. Bu, makinenin do\u011fru \u00e7al\u0131\u015fma durumuna ge\u00e7ti\u011fini g\u00f6sterir.<\/li><li>\u0130stenen malzemeleri hazneye d\u00f6k\u00fcn ve ard\u0131ndan malzeme tanelerinin b\u00fcy\u00fckl\u00fc\u011f\u00fcne g\u00f6re haznenin alt\u0131ndaki durdurma plakas\u0131n\u0131 ayarlay\u0131n. Ama\u00e7, malzemelerin e\u015fit \u015fekilde \u00fcst ekrana girmesini sa\u011flamakt\u0131r.<\/li><li>Ekran\u0131n \u00fcst k\u0131sm\u0131ndaki silindirik fan\u0131n, hava ak\u0131\u015f\u0131n\u0131 do\u011fru \u015fekilde tahliye ucuna y\u00f6nlendirdi\u011finden emin olun. Hava giri\u015fi fan\u0131n alt ucundad\u0131r ve do\u011frudan bez torbaya ba\u011flanabilir, b\u00f6ylece tah\u0131ldaki hafif at\u0131klar\u0131 al\u0131r.<\/li><li>Titre\u015fimli ekran\u0131n alt k\u0131sm\u0131nda d\u00f6rt yatak bulunur, bunlar \u00e7er\u00e7eve \u00fczerindeki kanal \u00e7eli\u011fine s\u0131ras\u0131yla sabitlenmi\u015ftir, bu sayede do\u011frusal kar\u015f\u0131l\u0131kl\u0131 hareket sa\u011flarlar: ekran\u0131n \u00fcst kaba ekran\u0131, malzemedeki b\u00fcy\u00fck par\u00e7ac\u0131klar\u0131n safs\u0131zl\u0131klar\u0131n\u0131 temizler, alt ince ekran ise k\u00fc\u00e7\u00fck par\u00e7ac\u0131klar\u0131n safs\u0131zl\u0131klar\u0131n\u0131 giderir.<\/li><li>Sonunda, temiz \u00fcr\u00fcn elde edebilirsiniz.<\/li><\/ol>    <h2 class=\"wp-block-heading\">Tah\u0131l eleme makinesinin avantajlar\u0131<\/h2>    <p>1. Makine kompakt yap\u0131ya sahiptir, stabil \u00e7al\u0131\u015f\u0131r ve dikkatli bir ekran kullan\u0131r, b\u00f6ylece i\u015f\u00e7ilik yo\u011funlu\u011funu b\u00fcy\u00fck \u00f6l\u00e7\u00fcde azalt\u0131r ve verimlili\u011fi art\u0131r\u0131r.<\/p>    <p>2. Ekranlar, kullan\u0131c\u0131n\u0131n ihtiya\u00e7lar\u0131na g\u00f6re rastgele de\u011fi\u015ftirilebilir, b\u00f6ylece farkl\u0131 malzeme \u00e7e\u015fitlerine uygun hale gelir ve pirin\u00e7, yer f\u0131st\u0131\u011f\u0131, m\u0131s\u0131r, soya fasulyesi ve di\u011fer tah\u0131llar\u0131 ay\u0131rabilir.<\/p>    <p>3. \u00c7o\u011fu tah\u0131l yeti\u015ftiricisi ve hasat\u00e7\u0131 \u00e7ift\u00e7i ile yem \u00fcretim tesisleri i\u00e7in uygundur ve tah\u0131ldaki veya ya\u011fl\u0131 tohumlardaki her t\u00fcrl\u00fc safs\u0131zl\u0131k ve tozu temiz ve detayl\u0131 bir \u015fekilde giderir.<\/p>    <p>4. K\u00fc\u00e7\u00fck bir alan kaplar ve makine kolay hareket edebilmesi i\u00e7in tekerleklerle donat\u0131lm\u0131\u015ft\u0131r.<\/p>    <p>5. Toz giderme verimlili\u011fi belirgindir, enerji t\u00fcketimi d\u00fc\u015f\u00fckt\u00fcr ve makine kullan\u0131m\u0131 kolayd\u0131r.<\/p>    <h2 class=\"wp-block-heading\">Titre\u015fimli elek makinesinin kullan\u0131m\u0131 \u00f6nlemleri<\/h2>    <p>1. Don&#8217;t reach into the operating part of the equipment.<\/p>    <p>2. \u00c7al\u0131\u015ft\u0131r\u0131rken, ana fan\u0131n ok y\u00f6n\u00fcnde \u00e7al\u0131\u015fmas\u0131 gerekir.<\/p>    <p>3. If mechanical and electrical failure or abnormal noise occurs during the operation of the equipment, then you should shut down the machine immediately to inspect, so the hidden dangers can be eliminated before normal operation. Equipment maintenance should be carried out by professionals, and you can&#8217;t disassemble key parts at will.<\/p>    <p>4. Koruyucu kapak rastgele s\u00f6k\u00fclemez.<\/p>    <h2 class=\"wp-block-heading\">\u015eirketimizin g\u00fcc\u00fc<\/h2>    <p>We are a company established for many years, with strong strength and rich export experience. We have enough vibrating sieving\u00a0machines in stock. Our products have sufficient inventory, and we have to check the production process. Therefore, you needn&#8217;t worry about product inventory and quality issues. Our products are sold to many countries and received unanimous praise. If you have interest in our products, you can leave your contact information and our staff will contact you within 24 hours.<\/p>    <figure class=\"wp-block-gallery columns-2 is-cropped wp-block-gallery-3 is-layout-flex wp-block-gallery-is-layout-flex\"><ul class=\"blocks-gallery-grid\"><li class=\"blocks-gallery-item\"><figure><img loading=\"lazy\" decoding=\"async\" width=\"720\" height=\"540\" src=\"https:\/\/www.agriculture-machine.com\/wp-content\/uploads\/2021\/08\/3-1.jpg\" alt=\"stok\" data-id=\"11101\" data-full-url=\"https:\/\/www.agriculture-machine.com\/wp-content\/uploads\/2021\/08\/3-1.jpg\" data-link=\"https:\/\/www.agriculture-machine.com\/?attachment_id=11101\" class=\"wp-image-11101\" srcset=\"https:\/\/www.agriculture-machine.com\/wp-content\/uploads\/2021\/08\/3-1.jpg 720w, https:\/\/www.agriculture-machine.com\/wp-content\/uploads\/2021\/08\/3-1-360x270.jpg 360w, https:\/\/www.agriculture-machine.com\/wp-content\/uploads\/2021\/08\/3-1-240x180.jpg 240w\" sizes=\"auto, (max-width: 720px) 100vw, 720px\" \/><figcaption class=\"blocks-gallery-item__caption\">stok<\/figcaption><\/figure><\/li><li class=\"blocks-gallery-item\"><figure><img loading=\"lazy\" decoding=\"async\" width=\"720\" height=\"540\" src=\"https:\/\/www.agriculture-machine.com\/wp-content\/uploads\/2021\/08\/4-1.jpg\" alt=\"stok\" data-id=\"11102\" data-full-url=\"https:\/\/www.agriculture-machine.com\/wp-content\/uploads\/2021\/08\/4-1.jpg\" data-link=\"https:\/\/www.agriculture-machine.com\/?attachment_id=11102\" class=\"wp-image-11102\" srcset=\"https:\/\/www.agriculture-machine.com\/wp-content\/uploads\/2021\/08\/4-1.jpg 720w, https:\/\/www.agriculture-machine.com\/wp-content\/uploads\/2021\/08\/4-1-360x270.jpg 360w, https:\/\/www.agriculture-machine.com\/wp-content\/uploads\/2021\/08\/4-1-240x180.jpg 240w\" sizes=\"auto, (max-width: 720px) 100vw, 720px\" \/><figcaption class=\"blocks-gallery-item__caption\">stok<\/figcaption><\/figure><\/li><\/ul><\/figure>","protected":false},"excerpt":{"rendered":"<p>Introduction of vibrating sieving machine Vibrating sieving\u00a0machine is a small and medium-sized grain cleaning, and screening machine, its aim is to remove leaves, bran husks, dust, and other sundries in the grain. After using a thresher machine to shell crops, then you can use a vibrating sieving\u00a0machine to clean them. The grain screening machine has [&hellip;]<\/p>\n","protected":false},"author":1,"featured_media":11103,"parent":0,"comment_status":"closed","ping_status":"closed","template":"","tags":[487],"product-type":[1],"class_list":["post-11093","product","type-product","status-publish","has-post-thumbnail","hentry","tag-grain","product-type-other"],"_links":{"self":[{"href":"https:\/\/www.agriculture-machine.com\/tr\/wp-json\/wp\/v2\/product\/11093","targetHints":{"allow":["GET"]}}],"collection":[{"href":"https:\/\/www.agriculture-machine.com\/tr\/wp-json\/wp\/v2\/product"}],"about":[{"href":"https:\/\/www.agriculture-machine.com\/tr\/wp-json\/wp\/v2\/types\/product"}],"author":[{"embeddable":true,"href":"https:\/\/www.agriculture-machine.com\/tr\/wp-json\/wp\/v2\/users\/1"}],"replies":[{"embeddable":true,"href":"https:\/\/www.agriculture-machine.com\/tr\/wp-json\/wp\/v2\/comments?post=11093"}],"wp:featuredmedia":[{"embeddable":true,"href":"https:\/\/www.agriculture-machine.com\/tr\/wp-json\/wp\/v2\/media\/11103"}],"wp:attachment":[{"href":"https:\/\/www.agriculture-machine.com\/tr\/wp-json\/wp\/v2\/media?parent=11093"}],"wp:term":[{"taxonomy":"post_tag","embeddable":true,"href":"https:\/\/www.agriculture-machine.com\/tr\/wp-json\/wp\/v2\/tags?post=11093"},{"taxonomy":"product-type","embeddable":true,"href":"https:\/\/www.agriculture-machine.com\/tr\/wp-json\/wp\/v2\/product-type?post=11093"}],"curies":[{"name":"wp","href":"https:\/\/api.w.org\/{rel}","templated":true}]}}