{"id":1116,"date":"2018-10-19T09:18:57","date_gmt":"2018-10-19T01:18:57","guid":{"rendered":"https:\/\/www.agriculture-machine.com\/?p=1116"},"modified":"2024-09-23T11:12:25","modified_gmt":"2024-09-23T03:12:25","slug":"almond-kernel-separator-machine","status":"publish","type":"product","link":"https:\/\/www.agriculture-machine.com\/tr\/almond-kernel-separator-machine\/","title":{"rendered":"Badem \u00e7ekirde\u011fi ay\u0131r\u0131c\u0131 makine"},"content":{"rendered":"<p>Badem \u00e7ekirde\u011fi ay\u0131r\u0131c\u0131 makine, badem ve ceviz k\u0131rma makinesinin kullan\u0131m\u0131nda temel bir makinedir. Bademler \u00f6\u011f\u00fct\u00fcld\u00fc\u011f\u00fcnde, ham maddeler k\u0131r\u0131lm\u0131\u015f kabuk ve \u00e7ekirdek ile kar\u0131\u015ft\u0131r\u0131l\u0131r ve bademden kay\u0131s\u0131 kabu\u011funu ay\u0131rmak i\u00e7in bir makineye konur.<\/p> <p>Badem makinesi, besleme haznesi, sallama elek, fan, g\u00f6vde \u00e7er\u00e7evesi ve di\u011fer par\u00e7alardan olu\u015fur. Daha dayan\u0131kl\u0131, stabil ve darbeye dayan\u0131kl\u0131 olan kau\u00e7uk yatak kullan\u0131yoruz.<\/p> <p><img decoding=\"async\" style=\"width: 345px; margin-right: 10px; float: left;\" src=\"https:\/\/www.agriculture-machine.com\/wp-content\/uploads\/2018\/10\/almond-kernel-separator-machine-1.jpg\" \/><img decoding=\"async\" style=\"width: 345px;\" src=\"https:\/\/www.agriculture-machine.com\/wp-content\/uploads\/2018\/10\/almond-kernel-separator-machine-3.jpg\" \/><\/p> <p>Badem makinesi, kabuk ve \u00e7ekirdek aras\u0131ndaki \u00f6zg\u00fcl a\u011f\u0131rl\u0131k ve ask\u0131ya alma h\u0131z\u0131ndaki fark\u0131 kullan\u0131r ve par\u00e7ac\u0131klar\u0131n aras\u0131ndan yukar\u0131ya do\u011fru ge\u00e7en gaz ak\u0131m\u0131yla kabuklar\u0131n ayr\u0131lmas\u0131n\u0131 sa\u011flar. Kullan\u0131m\u0131 kolayd\u0131r; \u00b7 K\u00fc\u00e7\u00fck ayak izi ve \u00fcretim hatt\u0131n\u0131 kolayca kurma imkan\u0131 sa\u011flar.<\/p> <p>Genel olarak, Badem \u00e7ekirde\u011fi ay\u0131r\u0131c\u0131 makine, \u00e7ift\u00e7ilerin badem ve ceviz i\u015flemede iyi bir yard\u0131mc\u0131d\u0131r.<\/p> <p class=\"translation-block\"><span style=\"font-size: 32px; color: red;\"><strong>Technical parameter <\/strong><\/span><br \/> <img decoding=\"async\" style=\"width: 345px; margin-right: 10px; float: left;\" src=\"https:\/\/www.agriculture-machine.com\/wp-content\/uploads\/2018\/10\/almond-kernel-separator-machine-5.jpg\" \/><img decoding=\"async\" style=\"width: 345px;\" src=\"https:\/\/www.agriculture-machine.com\/wp-content\/uploads\/2018\/10\/almond-kernel-separator-machine-6.jpg\" \/><\/p> <div class=\"table-responsive\"> <table class=\"table\" border=\"1\"> <tbody> <tr> <td width=\"259\"><strong><b>Model<\/b><\/strong><\/td> <td width=\"362\"><strong><b>XF-500<\/b><\/strong><\/td> <\/tr> <tr> <td width=\"259\">g\u00fc\u00e7<\/td> <td width=\"362\">3 kw<\/td> <\/tr> <tr> <td width=\"259\">\u00c7ekirdek \u00e7\u0131k\u0131\u015f\u0131<\/td> <td width=\"362\">200-400 KG \/ SA<\/td> <\/tr> <tr> <td width=\"259\">A\u011f\u0131rl\u0131k<\/td> <td width=\"362\">200 kg<\/td> <\/tr> <tr> <td width=\"259\">Boyutlar<\/td> <td width=\"362\">2540*900*1500 mm<\/td> <\/tr> <\/tbody> <\/table> <\/div>","protected":false},"excerpt":{"rendered":"<p>The almond kernel separator machine\u00a0is an essential machine for the use of almond and walnut cracked machine . When the almonds are pulverized, the raw materials mixed with the crushed shell and the kernel are placed in a machine to separate the apricot shell from the almonds. The almond machine\u00a0consists of such parts as the [&hellip;]<\/p>\n","protected":false},"author":1,"featured_media":1120,"parent":0,"comment_status":"closed","ping_status":"closed","template":"","tags":[2628],"product-type":[918,1],"class_list":["post-1116","product","type-product","status-publish","has-post-thumbnail","hentry","tag-almond","product-type-almond-cracker-and-separator","product-type-other"],"_links":{"self":[{"href":"https:\/\/www.agriculture-machine.com\/tr\/wp-json\/wp\/v2\/product\/1116","targetHints":{"allow":["GET"]}}],"collection":[{"href":"https:\/\/www.agriculture-machine.com\/tr\/wp-json\/wp\/v2\/product"}],"about":[{"href":"https:\/\/www.agriculture-machine.com\/tr\/wp-json\/wp\/v2\/types\/product"}],"author":[{"embeddable":true,"href":"https:\/\/www.agriculture-machine.com\/tr\/wp-json\/wp\/v2\/users\/1"}],"replies":[{"embeddable":true,"href":"https:\/\/www.agriculture-machine.com\/tr\/wp-json\/wp\/v2\/comments?post=1116"}],"wp:featuredmedia":[{"embeddable":true,"href":"https:\/\/www.agriculture-machine.com\/tr\/wp-json\/wp\/v2\/media\/1120"}],"wp:attachment":[{"href":"https:\/\/www.agriculture-machine.com\/tr\/wp-json\/wp\/v2\/media?parent=1116"}],"wp:term":[{"taxonomy":"post_tag","embeddable":true,"href":"https:\/\/www.agriculture-machine.com\/tr\/wp-json\/wp\/v2\/tags?post=1116"},{"taxonomy":"product-type","embeddable":true,"href":"https:\/\/www.agriculture-machine.com\/tr\/wp-json\/wp\/v2\/product-type?post=1116"}],"curies":[{"name":"wp","href":"https:\/\/api.w.org\/{rel}","templated":true}]}}