{"id":11169,"date":"2021-09-11T15:39:47","date_gmt":"2021-09-11T07:39:47","guid":{"rendered":"https:\/\/www.agriculture-machine.com\/?p=11169"},"modified":"2025-10-14T17:31:48","modified_gmt":"2025-10-14T09:31:48","slug":"horizontal-tmr-feed-mixer-for-sale-forage-mixer-mash-mixer","status":"publish","type":"product","link":"https:\/\/www.agriculture-machine.com\/tr\/horizontal-tmr-feed-mixer-for-sale-forage-mixer-mash-mixer\/","title":{"rendered":"Yatay TMR Yem Kar\u0131\u015ft\u0131r\u0131c\u0131 Sat\u0131\u015f | P\u00fcre Yemi Kar\u0131\u015ft\u0131rma Makinesi"},"content":{"rendered":"<p>Yatay TMR yem kar\u0131\u015ft\u0131r\u0131c\u0131, modern \u00e7iftlikler ve yem fabrikalar\u0131 i\u00e7in tasarlanm\u0131\u015f, \u00f6\u011f\u00fctme, kar\u0131\u015ft\u0131rma ve harmanlama olmak \u00fczere \u00fc\u00e7 temel fonksiyonu entegre eden bir kar\u0131\u015ft\u0131rma cihaz\u0131d\u0131r. <\/p>    <p>Saatte 3 ila 10 ton silaj ve kaba yem i\u015fleyebilir, ayn\u0131 zamanda kaba yem, konsantre yem ve \u00e7e\u015fitli besin katk\u0131lar\u0131n\u0131 (mineraller ve vitaminler gibi) kar\u0131\u015ft\u0131rarak bilimsel olarak dengeli toplam kar\u0131\u015f\u0131k rasyonlar elde eder. <\/p>    <p>Featuring a dual-spiral cutting and mixing system, it achieves over 95% uniformity in mixing, effectively increasing cattle and sheep feed intake by 20% and reducing feeding costs by 15%. This makes it an ideal solution for enhancing profitability in modern livestock operations.<\/p>    <figure class=\"wp-block-embed aligncenter is-type-video is-provider-youtube wp-block-embed-youtube wp-embed-aspect-16-9 wp-has-aspect-ratio\"><div class=\"wp-block-embed__wrapper\"> <iframe loading=\"lazy\" title=\"Silaj Kar\u0131\u015ft\u0131r\u0131c\u0131 Makinesi: Zaman Tasarrufu ve Hayvanc\u0131l\u0131k Yeminizin Besin De\u011ferini Maksimize Edin!\" width=\"500\" height=\"281\" src=\"https:\/\/www.youtube.com\/embed\/gefgc3TXZ3Y?feature=oembed\" frameborder=\"0\" allow=\"accelerometer; autoplay; clipboard-write; encrypted-media; gyroscope; picture-in-picture; web-share\" referrerpolicy=\"strict-origin-when-cross-origin\" allowfullscreen><\/iframe> <\/div><figcaption class=\"wp-element-caption\">Silaj yem kar\u0131\u015ft\u0131rma makinesinin \u00e7al\u0131\u015fma videosu<\/figcaption><\/figure>    <h2 class=\"wp-block-heading\">Yatay yem kar\u0131\u015ft\u0131r\u0131c\u0131 avantajlar\u0131<\/h2>    <ul class=\"wp-block-list\"> <li>Y\u00fcksek dayan\u0131kl\u0131 yap\u0131: a\u015f\u0131nmaya ve darbelere dayan\u0131kl\u0131 y\u00fcksek ala\u015f\u0131ml\u0131 \u00e7elik kesme b\u0131\u00e7aklar\u0131 ile donat\u0131lm\u0131\u015ft\u0131r, stabil bir yap\u0131, d\u00fczg\u00fcn \u00e7al\u0131\u015fma ve uzun servis \u00f6mr\u00fc sa\u011flar.<\/li>    <li>Y\u00fcksek verimli \u00e7ift h\u0131zl\u0131 tahrik sistemi: kesim ve kar\u0131\u015ft\u0131rma i\u00e7in ba\u011f\u0131ms\u0131z \u00e7ift h\u0131zl\u0131 transmisyon verimlili\u011fi @ art\u0131r\u0131r, \u00f6nemli \u00f6l\u00e7\u00fcde i\u015f\u00e7ilik ve zaman maliyetlerini azalt\u0131r.<\/li>    <li>Ak\u0131ll\u0131 hassas kar\u0131\u015ft\u0131rma: otomatik besleme ve optimize edilmi\u015f bo\u015faltma sistemi, \u226595% kar\u0131\u015ft\u0131rma homojenli\u011fi sa\u011flar, b\u00f6ylece hassas ve tutarl\u0131 besin oranlar\u0131n\u0131 garanti eder.<\/li>    <li>Kolay bak\u0131m, d\u00fc\u015f\u00fck maliyet: kolay s\u00f6k\u00fcm ve denetim i\u00e7in mod\u00fcler tasar\u0131m; \u00e7ift hidrolik ve mekanik tahrik sistemi ar\u0131za oran\u0131n\u0131 en aza indirir, bak\u0131m d\u00f6ng\u00fclerini 0 k\u0131salt\u0131r.<\/li>    <li>Geni\u015f uygulama alan\u0131: m\u0131s\u0131r saplar\u0131, otlak otu ve silaj gibi \u00e7e\u015fitli kaba yemleri i\u015flerken, katk\u0131 maddelerini do\u011frudan entegre eder ve lif yap\u0131s\u0131na zarar vermez.<\/li>    <li>Esnek \u00f6zelle\u015ftirme: kapasite, besleme y\u00f6ntemleri, bo\u015faltma d\u00fczenleri ve g\u00fc\u00e7 kaynaklar\u0131n\u0131 (elektrikli motor veya dizel motor) \u00e7iftlik \u00f6l\u00e7e\u011fi ve operasyonel ihtiya\u00e7lara g\u00f6re ayarlayabilirsiniz.<\/li> <\/ul>    <figure class=\"wp-block-gallery has-nested-images columns-default is-cropped wp-block-gallery-2 is-layout-flex wp-block-gallery-is-layout-flex\"> <figure class=\"wp-block-image size-large\"><a href=\"https:\/\/www.agriculture-machine.com\/wp-content\/uploads\/2021\/08\/Customer-specific.jpg\"><img loading=\"lazy\" decoding=\"async\" width=\"720\" height=\"540\" data-id=\"11178\" src=\"https:\/\/www.agriculture-machine.com\/wp-content\/uploads\/2021\/08\/Customer-specific.jpg\" alt=\"M\u00fc\u015fteri \u00f6zel\" class=\"wp-image-11178\" srcset=\"https:\/\/www.agriculture-machine.com\/wp-content\/uploads\/2021\/08\/Customer-specific.jpg 720w, https:\/\/www.agriculture-machine.com\/wp-content\/uploads\/2021\/08\/Customer-specific-360x270.jpg 360w, https:\/\/www.agriculture-machine.com\/wp-content\/uploads\/2021\/08\/Customer-specific-240x180.jpg 240w\" sizes=\"auto, (max-width: 720px) 100vw, 720px\" \/><\/a><figcaption class=\"wp-element-caption\">M\u00fc\u015fteri \u00f6zel<\/figcaption><\/figure>    <figure class=\"wp-block-image size-large\"><a href=\"https:\/\/www.agriculture-machine.com\/wp-content\/uploads\/2021\/08\/Customer-specific-2.jpg\"><img loading=\"lazy\" decoding=\"async\" width=\"720\" height=\"540\" data-id=\"11179\" src=\"https:\/\/www.agriculture-machine.com\/wp-content\/uploads\/2021\/08\/Customer-specific-2.jpg\" alt=\"M\u00fc\u015fteri \u00f6zel\" class=\"wp-image-11179\" srcset=\"https:\/\/www.agriculture-machine.com\/wp-content\/uploads\/2021\/08\/Customer-specific-2.jpg 720w, https:\/\/www.agriculture-machine.com\/wp-content\/uploads\/2021\/08\/Customer-specific-2-360x270.jpg 360w, https:\/\/www.agriculture-machine.com\/wp-content\/uploads\/2021\/08\/Customer-specific-2-240x180.jpg 240w\" sizes=\"auto, (max-width: 720px) 100vw, 720px\" \/><\/a><figcaption class=\"wp-element-caption\">M\u00fc\u015fteri \u00f6zel<\/figcaption><\/figure> <\/figure>    <h2 class=\"wp-block-heading\" id=\"h-structure-of-tmr-feed-mixer\">TMR yem kar\u0131\u015ft\u0131r\u0131c\u0131 yap\u0131s\u0131<\/h2>    <p>Yem kar\u0131\u015ft\u0131r\u0131c\u0131 birka\u00e7 par\u00e7adan olu\u015fur. Daha fazla bilgi i\u00e7in a\u015fa\u011f\u0131daki resmi inceleyebilirsiniz.<\/p>    <figure class=\"wp-block-gallery has-nested-images columns-default is-cropped wp-block-gallery-3 is-layout-flex wp-block-gallery-is-layout-flex\"> <figure class=\"wp-block-image aligncenter size-large\"><a href=\"https:\/\/www.agriculture-machine.com\/wp-content\/uploads\/2021\/08\/structure.png\"><img loading=\"lazy\" decoding=\"async\" width=\"720\" height=\"540\" data-id=\"11175\" src=\"https:\/\/www.agriculture-machine.com\/wp-content\/uploads\/2021\/08\/structure.png\" alt=\"yap\u0131\" class=\"wp-image-11175\" srcset=\"https:\/\/www.agriculture-machine.com\/wp-content\/uploads\/2021\/08\/structure.png 720w, https:\/\/www.agriculture-machine.com\/wp-content\/uploads\/2021\/08\/structure-360x270.png 360w, https:\/\/www.agriculture-machine.com\/wp-content\/uploads\/2021\/08\/structure-240x180.png 240w\" sizes=\"auto, (max-width: 720px) 100vw, 720px\" \/><\/a><figcaption class=\"wp-element-caption\">yap\u0131<\/figcaption><\/figure> <\/figure>    <h3 class=\"wp-block-heading\">\u0130\u00e7 sistem<\/h3>    <p>Yatay yem kar\u0131\u015ft\u0131r\u0131c\u0131s\u0131n\u0131n i\u00e7 sistemi esas olarak bir ana vida ve \u00fczerinde bulunan iki yard\u0131mc\u0131 vida olmak \u00fczere \u00fc\u00e7 vida i\u00e7erir.<\/p>    <p class=\"translation-block\">M\u0131s\u0131r saplar\u0131n\u0131 <a href=\"https:\/\/www.agriculture-machine.com\/tr\/corn-stalk-reaping-machinecorn-stalk-reapermaize-straw-reaper\/\">m\u0131s\u0131r sap\u0131 bi\u00e7me makinesi<\/a> ile kestikten sonra, bunlar\u0131 yatay yem kar\u0131\u015ft\u0131r\u0131c\u0131ya besleyebilirsiniz. Kar\u0131\u015ft\u0131r\u0131c\u0131 i\u00e7inde, malzemeler her iki u\u00e7tan merkeze do\u011fru d\u00f6nd\u00fcr\u00fcl\u00fcp kar\u0131\u015ft\u0131r\u0131l\u0131r. <\/p>    <p>B\u0131\u00e7aklar daha sonra hareket ederken farkl\u0131 lifli yemleri ve samanlar\u0131 kesip kar\u0131\u015ft\u0131r\u0131r. Bu s\u00fcre\u00e7, toplam kar\u0131\u015f\u0131k rasyonun etkili bir \u015fekilde toz haline getirilmesine ve kar\u0131\u015ft\u0131r\u0131lmas\u0131na yard\u0131mc\u0131 olur.<\/p>    <figure class=\"wp-block-gallery has-nested-images columns-default is-cropped wp-block-gallery-4 is-layout-flex wp-block-gallery-is-layout-flex\"> <figure class=\"wp-block-image size-large\"><a href=\"https:\/\/www.agriculture-machine.com\/wp-content\/uploads\/2021\/08\/Internal-system.jpg\"><img loading=\"lazy\" decoding=\"async\" width=\"720\" height=\"540\" data-id=\"11173\" src=\"https:\/\/www.agriculture-machine.com\/wp-content\/uploads\/2021\/08\/Internal-system.jpg\" alt=\"\u0130\u00e7 sistem\" class=\"wp-image-11173\" srcset=\"https:\/\/www.agriculture-machine.com\/wp-content\/uploads\/2021\/08\/Internal-system.jpg 720w, https:\/\/www.agriculture-machine.com\/wp-content\/uploads\/2021\/08\/Internal-system-360x270.jpg 360w, https:\/\/www.agriculture-machine.com\/wp-content\/uploads\/2021\/08\/Internal-system-240x180.jpg 240w\" sizes=\"auto, (max-width: 720px) 100vw, 720px\" \/><\/a><figcaption class=\"wp-element-caption\">\u0130\u00e7 sistem<\/figcaption><\/figure>    <figure class=\"wp-block-image size-large\"><a href=\"https:\/\/www.agriculture-machine.com\/wp-content\/uploads\/2021\/08\/three-augers.jpg\"><img loading=\"lazy\" decoding=\"async\" width=\"720\" height=\"540\" data-id=\"11174\" src=\"https:\/\/www.agriculture-machine.com\/wp-content\/uploads\/2021\/08\/three-augers.jpg\" alt=\"\u00fc\u00e7 vida\" class=\"wp-image-11174\" srcset=\"https:\/\/www.agriculture-machine.com\/wp-content\/uploads\/2021\/08\/three-augers.jpg 720w, https:\/\/www.agriculture-machine.com\/wp-content\/uploads\/2021\/08\/three-augers-360x270.jpg 360w, https:\/\/www.agriculture-machine.com\/wp-content\/uploads\/2021\/08\/three-augers-240x180.jpg 240w\" sizes=\"auto, (max-width: 720px) 100vw, 720px\" \/><\/a><figcaption class=\"wp-element-caption\">\u00fc\u00e7 vida<\/figcaption><\/figure> <\/figure>    <h3 class=\"wp-block-heading\">Bo\u015faltma sistemi<\/h3>    <p>Bo\u015faltma kap\u0131s\u0131 kontrol sistemi, hidrolik silindir, sabit destek, ba\u011flant\u0131 destek ve kayd\u0131rmal\u0131 bo\u015faltma par\u00e7as\u0131n\u0131 i\u00e7erir. <\/p>    <p>The sliding baffle for discharging is mounted on the reciprocating shaft of the hydraulic oil cylinder, allowing it to either open for discharge or close to acting as a stopper. The outlet can be positioned on either the left or right side based on the user&#8217;s requirements.<\/p>    <figure class=\"wp-block-gallery has-nested-images columns-default is-cropped wp-block-gallery-5 is-layout-flex wp-block-gallery-is-layout-flex\"> <figure class=\"wp-block-image size-large\"><a href=\"https:\/\/www.agriculture-machine.com\/wp-content\/uploads\/2021\/08\/Outlet.jpg\"><img loading=\"lazy\" decoding=\"async\" width=\"720\" height=\"540\" data-id=\"11180\" src=\"https:\/\/www.agriculture-machine.com\/wp-content\/uploads\/2021\/08\/Outlet.jpg\" alt=\"\u00c7\u0131k\u0131\u015f\" class=\"wp-image-11180\" srcset=\"https:\/\/www.agriculture-machine.com\/wp-content\/uploads\/2021\/08\/Outlet.jpg 720w, https:\/\/www.agriculture-machine.com\/wp-content\/uploads\/2021\/08\/Outlet-360x270.jpg 360w, https:\/\/www.agriculture-machine.com\/wp-content\/uploads\/2021\/08\/Outlet-240x180.jpg 240w\" sizes=\"auto, (max-width: 720px) 100vw, 720px\" \/><\/a><figcaption class=\"wp-element-caption\">\u00c7\u0131k\u0131\u015f<\/figcaption><\/figure>    <figure class=\"wp-block-image size-large\"><a href=\"https:\/\/www.agriculture-machine.com\/wp-content\/uploads\/2021\/08\/Outlet-2.jpg\"><img loading=\"lazy\" decoding=\"async\" width=\"720\" height=\"540\" data-id=\"11181\" src=\"https:\/\/www.agriculture-machine.com\/wp-content\/uploads\/2021\/08\/Outlet-2.jpg\" alt=\"\u00c7\u0131k\u0131\u015f\" class=\"wp-image-11181\" srcset=\"https:\/\/www.agriculture-machine.com\/wp-content\/uploads\/2021\/08\/Outlet-2.jpg 720w, https:\/\/www.agriculture-machine.com\/wp-content\/uploads\/2021\/08\/Outlet-2-360x270.jpg 360w, https:\/\/www.agriculture-machine.com\/wp-content\/uploads\/2021\/08\/Outlet-2-240x180.jpg 240w\" sizes=\"auto, (max-width: 720px) 100vw, 720px\" \/><\/a><figcaption class=\"wp-element-caption\">\u00c7\u0131k\u0131\u015f<\/figcaption><\/figure> <\/figure>    <h3 class=\"wp-block-heading\">Yem ekleme sistemi<\/h3>    <p>Makine, geli\u015fmi\u015f ot besleme mekanizmas\u0131 ve benzersiz ot besleme silindiri cihaz\u0131 ile donat\u0131lm\u0131\u015ft\u0131r. Ot otomatik besleme sa\u011flar, d\u00fczg\u00fcn ot beslemesini garanti eder ve y\u00fcksek \u00fcretim verimlili\u011fine sahiptir.<\/p>    <h3 class=\"wp-block-heading\">Tart\u0131m ve \u00f6l\u00e7\u00fcm sistemi<\/h3>    <p>Sistem, d\u00f6rt k\u00f6pr\u00fc tipi y\u00fck sens\u00f6r\u00fc ve y\u00fck g\u00f6stergesi kontrol cihaz\u0131ndan olu\u015fur. 220V g\u00fc\u00e7 kayna\u011f\u0131yla \u00e7al\u0131\u015f\u0131r ve sinyalleri d\u00f6rt y\u00f6nl\u00fc k\u00f6pr\u00fc tart\u0131m sens\u00f6r\u00fc arac\u0131l\u0131\u011f\u0131yla tart\u0131m g\u00f6stergesine iletir. <\/p>    <p>Birincil ama\u00e7, br\u00fct a\u011f\u0131rl\u0131k, net a\u011f\u0131rl\u0131k, tepe de\u011fer ve net a\u011f\u0131rl\u0131\u011f\u0131 g\u00f6stermektir. Ayr\u0131ca, tart\u0131m ve \u00f6l\u00e7\u00fcm sistemi a\u015f\u0131r\u0131 y\u00fck alarm fonksiyonuna sahiptir.<\/p>    <h2 class=\"wp-block-heading\">Silaj kar\u0131\u015ft\u0131rma makinesi \u00e7al\u0131\u015fma prensibi<\/h2>    <ol class=\"wp-block-list\"> <li>\u00c7al\u0131\u015fma s\u0131ras\u0131nda, m\u0131s\u0131r saplar\u0131, silaj, konsantre yem ve katk\u0131 maddeleri belirli oranlarda besleme haznesine verilir.<\/li>    <li>Ekipman, besleme giri\u015finden ham maddeleri otomatik olarak yakalar ve gev\u015fetir. \u0130\u00e7eride, y\u00fcksek h\u0131zl\u0131 d\u00f6nen spiral b\u0131\u00e7ak silindiri, kaba lifleri par\u00e7alara ay\u0131r\u0131r, malzeme uzunlu\u011funu \u22645cm ile kontrol eder ve b\u00f6ylece homojen kar\u0131\u015f\u0131m\u0131 kolayla\u015ft\u0131r\u0131r.<\/li>    <li>Daha sonra, spiral kar\u0131\u015ft\u0131r\u0131c\u0131 b\u0131\u00e7aklar ileri ve geri y\u00f6nlerde d\u00f6n\u00fc\u015f yaparak malzemeyi s\u0131k\u0131\u015ft\u0131r\u0131r, keser ve devrilir, b\u00f6ylece nem ve besin maddelerinin tam n\u00fcfuz etmesini ve b\u00fct\u00fcnle\u015fmesini sa\u011flar.<\/li>    <li>Kar\u0131\u015ft\u0131rma tamamland\u0131ktan sonra, hidrolik sistem veya elektrik kontroll\u00fc bo\u015faltma kap\u0131s\u0131 h\u0131zla bitmi\u015f yemi d\u0131\u015far\u0131 atar. Bu \u00fcr\u00fcn, do\u011frudan besleme veya depolama i\u00e7in haz\u0131rd\u0131r ve y\u00fcksek verimli s\u00fcrekli \u00e7al\u0131\u015fma sa\u011flar.<\/li> <\/ol>    <figure class=\"wp-block-embed aligncenter is-type-video is-provider-youtube wp-block-embed-youtube wp-embed-aspect-16-9 wp-has-aspect-ratio\"><div class=\"wp-block-embed__wrapper\"> <iframe loading=\"lazy\" title=\"Yatay yem kar\u0131\u015ft\u0131r\u0131c\u0131|Yatay yem kar\u0131\u015ft\u0131r\u0131c\u0131 kullan\u0131m\u0131yla \u00e7al\u0131\u015fma videosu, ev veya \u00e7iftlik yeti\u015ftiricili\u011fi i\u00e7in\" width=\"500\" height=\"281\" src=\"https:\/\/www.youtube.com\/embed\/uB7qDZ2-q9o?feature=oembed\" frameborder=\"0\" allow=\"accelerometer; autoplay; clipboard-write; encrypted-media; gyroscope; picture-in-picture; web-share\" referrerpolicy=\"strict-origin-when-cross-origin\" allowfullscreen><\/iframe> <\/div><figcaption class=\"wp-element-caption\">Silaj yem kar\u0131\u015ft\u0131rma makinesinin \u00e7al\u0131\u015fma videosu<\/figcaption><\/figure>    <h2 class=\"wp-block-heading\">Silaj yem kar\u0131\u015ft\u0131r\u0131c\u0131 parametreleri<\/h2>    <p>\u00dc\u00e7 tip yem kar\u0131\u015ft\u0131r\u0131c\u0131 sunuyoruz. Ayr\u0131nt\u0131l\u0131 bilgileri a\u015fa\u011f\u0131daki sayfada bulabilirsiniz.<\/p>    <figure class=\"wp-block-table is-style-stripes\"><table><tbody><tr><td>Model<\/td><td>\/<\/td><td>TMR-5<\/td><td>TMR-9<\/td><td>TMR-12<\/td><\/tr><tr><td>Boyut<\/td><td>mm<\/td><td>3930*1850*2260<\/td><td>4820*2130*2480<\/td><td>5.6*2.4*2.5<\/td><\/tr><tr><td>A\u011f\u0131rl\u0131k<\/td><td>kg<\/td><td>1600<\/td><td>3300<\/td><td>4500<\/td><\/tr><tr><td>Vida d\u00f6n\u00fc\u015f h\u0131z\u0131<\/td><td>R\/dak<\/td><td>23.5<\/td><td>23.5<\/td><td>23.5<\/td><\/tr><tr><td>Kar\u0131\u015ft\u0131rma odas\u0131n\u0131n hacmi<\/td><td>metrek\u00fcp<\/td><td>5<\/td><td>9<\/td><td>12<\/td><\/tr><tr><td>Yap\u0131 tipi<\/td><td>\/<\/td><td>sabit<\/td><td>sabit<\/td><td>mobil<\/td><\/tr><tr><td>Destek g\u00fc\u00e7 aral\u0131\u011f\u0131<\/td><td>kw<\/td><td>11\u201415<\/td><td>22\u201430<\/td><td>50-75<\/td><\/tr><tr><td>Destek g\u00fc\u00e7 formu<\/td><td>\/<\/td><td>Elektrikli motor<\/td><td>Elektrikli motor<\/td><td>Elektrikli motor<\/td><\/tr><\/tbody><\/table><figcaption class=\"wp-element-caption\">silaj yem kar\u0131\u015ft\u0131r\u0131c\u0131 teknik verileri<\/figcaption><\/figure>    <p class=\"translation-block\">\u00d6zetle, bizim <a href=\"https:\/\/en.wikipedia.org\/wiki\/Silage\" target=\"_blank\" rel=\"noopener\">silaj<\/a> kar\u0131\u015ft\u0131r\u0131c\u0131m\u0131z, yem kalitesini art\u0131rmak, \u00e7ift\u00e7ilik giderlerini azaltmak ve sa\u011fl\u0131kl\u0131 hayvan b\u00fcy\u00fcmesini desteklemek i\u00e7in de\u011ferli bir ara\u00e7t\u0131r. B\u00fcy\u00fck bir \u00e7iftlik veya k\u00fc\u00e7\u00fck bir aile \u00e7iftli\u011fi i\u015fletiyorsan\u0131z, bizimle ileti\u015fime ge\u00e7mekten \u00e7ekinmeyin, ve birlikte ekipman ihtiya\u00e7lar\u0131n\u0131z i\u00e7in do\u011fru \u00e7\u00f6z\u00fcm\u00fc bulal\u0131m.<\/p>","protected":false},"excerpt":{"rendered":"<p>The horizontal feed mixer combines the functions of crushing, mixing, and blending in one machine. It can efficiently process 3-10 tons of silage material per hour with a mixing uniformity of up to 95%.<\/p>","protected":false},"author":1,"featured_media":11175,"parent":0,"comment_status":"closed","ping_status":"closed","template":"","tags":[2630,591],"product-type":[1],"class_list":["post-11169","product","type-product","status-publish","has-post-thumbnail","hentry","tag-feed","tag-silage","product-type-other"],"_links":{"self":[{"href":"https:\/\/www.agriculture-machine.com\/tr\/wp-json\/wp\/v2\/product\/11169","targetHints":{"allow":["GET"]}}],"collection":[{"href":"https:\/\/www.agriculture-machine.com\/tr\/wp-json\/wp\/v2\/product"}],"about":[{"href":"https:\/\/www.agriculture-machine.com\/tr\/wp-json\/wp\/v2\/types\/product"}],"author":[{"embeddable":true,"href":"https:\/\/www.agriculture-machine.com\/tr\/wp-json\/wp\/v2\/users\/1"}],"replies":[{"embeddable":true,"href":"https:\/\/www.agriculture-machine.com\/tr\/wp-json\/wp\/v2\/comments?post=11169"}],"wp:featuredmedia":[{"embeddable":true,"href":"https:\/\/www.agriculture-machine.com\/tr\/wp-json\/wp\/v2\/media\/11175"}],"wp:attachment":[{"href":"https:\/\/www.agriculture-machine.com\/tr\/wp-json\/wp\/v2\/media?parent=11169"}],"wp:term":[{"taxonomy":"post_tag","embeddable":true,"href":"https:\/\/www.agriculture-machine.com\/tr\/wp-json\/wp\/v2\/tags?post=11169"},{"taxonomy":"product-type","embeddable":true,"href":"https:\/\/www.agriculture-machine.com\/tr\/wp-json\/wp\/v2\/product-type?post=11169"}],"curies":[{"name":"wp","href":"https:\/\/api.w.org\/{rel}","templated":true}]}}