{"id":11221,"date":"2021-08-30T14:37:38","date_gmt":"2021-08-30T06:37:38","guid":{"rendered":"https:\/\/www.agriculture-machine.com\/?p=11221"},"modified":"2024-09-23T11:24:20","modified_gmt":"2024-09-23T03:24:20","slug":"grain-winnower-machine-seed-winnowerseed-winnowing-machine","status":"publish","type":"product","link":"https:\/\/www.agriculture-machine.com\/tr\/grain-winnower-machine-seed-winnowerseed-winnowing-machine\/","title":{"rendered":"Tah\u0131l savurma makinesi | Tohum savurma makinesi | Tohum savurma makinesi"},"content":{"rendered":"<p>Yangchang, \u00c7incede, odun k\u00fcrekler ve di\u011fer tar\u0131m ara\u00e7lar\u0131 kullan\u0131larak tah\u0131l, fasulye vb. yaymak ve r\u00fczgarla kabuk, yaprak ve tozlar\u0131 uzakla\u015ft\u0131rmak anlam\u0131na gelir. \u015eu anda, ekim alan\u0131nda kullan\u0131lan makineye tah\u0131l savurma makinesi denir.<\/p>    <figure class=\"wp-block-gallery columns-2 is-cropped wp-block-gallery-2 is-layout-flex wp-block-gallery-is-layout-flex\"><ul class=\"blocks-gallery-grid\"><li class=\"blocks-gallery-item\"><figure><img loading=\"lazy\" decoding=\"async\" width=\"720\" height=\"540\" src=\"https:\/\/www.agriculture-machine.com\/wp-content\/uploads\/2021\/08\/The-scene-of-raising-grains-to-remove-dust-by-wind.png\" alt=\"R\u00fczgarla toplanan tah\u0131llardan toz kald\u0131rma sahnesi\" data-id=\"11235\" data-full-url=\"https:\/\/www.agriculture-machine.com\/wp-content\/uploads\/2021\/08\/The-scene-of-raising-grains-to-remove-dust-by-wind.png\" data-link=\"https:\/\/www.agriculture-machine.com\/?attachment_id=11235\" class=\"wp-image-11235\" srcset=\"https:\/\/www.agriculture-machine.com\/wp-content\/uploads\/2021\/08\/The-scene-of-raising-grains-to-remove-dust-by-wind.png 720w, https:\/\/www.agriculture-machine.com\/wp-content\/uploads\/2021\/08\/The-scene-of-raising-grains-to-remove-dust-by-wind-360x270.png 360w, https:\/\/www.agriculture-machine.com\/wp-content\/uploads\/2021\/08\/The-scene-of-raising-grains-to-remove-dust-by-wind-240x180.png 240w\" sizes=\"auto, (max-width: 720px) 100vw, 720px\" \/><figcaption class=\"blocks-gallery-item__caption\">R\u00fczgarla toplanan tah\u0131llardan toz kald\u0131rma sahnesi<\/figcaption><\/figure><\/li><li class=\"blocks-gallery-item\"><figure><img loading=\"lazy\" decoding=\"async\" width=\"720\" height=\"540\" src=\"https:\/\/www.agriculture-machine.com\/wp-content\/uploads\/2021\/08\/the-scene-of-YangChang.jpg\" alt=\"YangChang sahnesi\" data-id=\"11234\" data-full-url=\"https:\/\/www.agriculture-machine.com\/wp-content\/uploads\/2021\/08\/the-scene-of-YangChang.jpg\" data-link=\"https:\/\/www.agriculture-machine.com\/?attachment_id=11234\" class=\"wp-image-11234\" srcset=\"https:\/\/www.agriculture-machine.com\/wp-content\/uploads\/2021\/08\/the-scene-of-YangChang.jpg 720w, https:\/\/www.agriculture-machine.com\/wp-content\/uploads\/2021\/08\/the-scene-of-YangChang-360x270.jpg 360w, https:\/\/www.agriculture-machine.com\/wp-content\/uploads\/2021\/08\/the-scene-of-YangChang-240x180.jpg 240w\" sizes=\"auto, (max-width: 720px) 100vw, 720px\" \/><figcaption class=\"blocks-gallery-item__caption\">YangChang sahnesi<\/figcaption><\/figure><\/li><\/ul><\/figure>    <h2 class=\"wp-block-heading\" id=\"h-introduction-to-grain-winnower-machine\">Tah\u0131l savurma makinesi tan\u0131t\u0131m\u0131<\/h2>    <p>Tah\u0131l savurma makinesi, tah\u0131llar\u0131n basit temizli\u011fi i\u00e7in kullan\u0131lan bir ekipmand\u0131r. Hafif ve b\u00fcy\u00fck kirleticileri tah\u0131llardan uzakla\u015ft\u0131rabilir, tah\u0131llar\u0131 se\u00e7ip s\u0131n\u0131fland\u0131rabilir, b\u00f6ylece tah\u0131l depolama kolayla\u015f\u0131r.<\/p>    <figure class=\"wp-block-gallery columns-2 is-cropped wp-block-gallery-3 is-layout-flex wp-block-gallery-is-layout-flex\"><ul class=\"blocks-gallery-grid\"><li class=\"blocks-gallery-item\"><figure><img loading=\"lazy\" decoding=\"async\" width=\"720\" height=\"540\" src=\"https:\/\/www.agriculture-machine.com\/wp-content\/uploads\/2021\/08\/Seed-winnowing-machine.jpg\" alt=\"Tohum Savurma Makinesi\" data-id=\"11238\" data-full-url=\"https:\/\/www.agriculture-machine.com\/wp-content\/uploads\/2021\/08\/Seed-winnowing-machine.jpg\" data-link=\"https:\/\/www.agriculture-machine.com\/?attachment_id=11238\" class=\"wp-image-11238\" srcset=\"https:\/\/www.agriculture-machine.com\/wp-content\/uploads\/2021\/08\/Seed-winnowing-machine.jpg 720w, https:\/\/www.agriculture-machine.com\/wp-content\/uploads\/2021\/08\/Seed-winnowing-machine-360x270.jpg 360w, https:\/\/www.agriculture-machine.com\/wp-content\/uploads\/2021\/08\/Seed-winnowing-machine-240x180.jpg 240w\" sizes=\"auto, (max-width: 720px) 100vw, 720px\" \/><figcaption class=\"blocks-gallery-item__caption\">Tohum Savurma Makinesi<\/figcaption><\/figure><\/li><li class=\"blocks-gallery-item\"><figure><img loading=\"lazy\" decoding=\"async\" width=\"720\" height=\"540\" src=\"https:\/\/www.agriculture-machine.com\/wp-content\/uploads\/2021\/08\/Seed-winnower.jpg\" alt=\"Tohum savurma makinesi\" data-id=\"11237\" data-full-url=\"https:\/\/www.agriculture-machine.com\/wp-content\/uploads\/2021\/08\/Seed-winnower.jpg\" data-link=\"https:\/\/www.agriculture-machine.com\/?attachment_id=11237\" class=\"wp-image-11237\" srcset=\"https:\/\/www.agriculture-machine.com\/wp-content\/uploads\/2021\/08\/Seed-winnower.jpg 720w, https:\/\/www.agriculture-machine.com\/wp-content\/uploads\/2021\/08\/Seed-winnower-360x270.jpg 360w, https:\/\/www.agriculture-machine.com\/wp-content\/uploads\/2021\/08\/Seed-winnower-240x180.jpg 240w\" sizes=\"auto, (max-width: 720px) 100vw, 720px\" \/><figcaption class=\"blocks-gallery-item__caption\">Tohum savurma makinesi<\/figcaption><\/figure><\/li><\/ul><\/figure>    <h2 class=\"wp-block-heading\">Tohum savurma makinesinin fonksiyonu<\/h2>    <p>The seed winnowing machine uses the principle of wind resistance to removing the bark, sand, etc. from the grain. What&#8217;s more, this grain winnower machine is a dual-purpose flashlight. And it is equipped with an adjustable speed switch to adjust the wind speed. Most importantly, it uses a high-quality motor and is durable. In addition, the machine can be used in manual mode when there is no electricity. You can use it to remove impurities from grains such as corn, wheat, rice, buckwheat, sorghum, soybeans, etc. Thus, it is widely used in individual farmers, small and medium-sized grain harvesters, granaries, etc. for gross grain cleaning and fine grain selection.<\/p>    <figure class=\"wp-block-gallery columns-1 is-cropped wp-block-gallery-4 is-layout-flex wp-block-gallery-is-layout-flex\"><ul class=\"blocks-gallery-grid\"><li class=\"blocks-gallery-item\"><figure><img loading=\"lazy\" decoding=\"async\" width=\"720\" height=\"540\" src=\"https:\/\/www.agriculture-machine.com\/wp-content\/uploads\/2021\/08\/application-of-grain-winnower-machine.jpg\" alt=\"Tah\u0131l savurma makinesi uygulamas\u0131\" data-id=\"11236\" data-full-url=\"https:\/\/www.agriculture-machine.com\/wp-content\/uploads\/2021\/08\/application-of-grain-winnower-machine.jpg\" data-link=\"https:\/\/www.agriculture-machine.com\/?attachment_id=11236\" class=\"wp-image-11236\" srcset=\"https:\/\/www.agriculture-machine.com\/wp-content\/uploads\/2021\/08\/application-of-grain-winnower-machine.jpg 720w, https:\/\/www.agriculture-machine.com\/wp-content\/uploads\/2021\/08\/application-of-grain-winnower-machine-360x270.jpg 360w, https:\/\/www.agriculture-machine.com\/wp-content\/uploads\/2021\/08\/application-of-grain-winnower-machine-240x180.jpg 240w\" sizes=\"auto, (max-width: 720px) 100vw, 720px\" \/><figcaption class=\"blocks-gallery-item__caption\">Tah\u0131l savurma makinesi uygulamas\u0131<\/figcaption><\/figure><\/li><\/ul><\/figure>    <h2 class=\"wp-block-heading\">Tohum savurma makinesinin \u00e7al\u0131\u015fma prensibi<\/h2>    <p>R\u00fczgar direnci prensibi kullan\u0131larak, tah\u0131l, kabuk ve kumun r\u00fczgar diren\u00e7 katsay\u0131lar\u0131 farkl\u0131d\u0131r. Tah\u0131l y\u00fckselirken, kabuk yak\u0131nlara d\u00fc\u015fer, tah\u0131l ortada, kum ise uzaklara d\u00fc\u015fer.<br>H\u0131zla d\u00f6nen tekerlekler ve kay\u0131\u015flar taraf\u0131ndan s\u00fcr\u00fclen kar\u0131\u015f\u0131m, tah\u0131l, kepek ve k\u00fc\u00e7\u00fck ta\u015flar d\u0131\u015far\u0131 at\u0131l\u0131r. Atma h\u0131z\u0131 ayn\u0131 oldu\u011fu i\u00e7in, b\u00fcy\u00fck k\u00fctlenin kinetik enerjisi b\u00fcy\u00fckt\u00fcr ve hava direncini a\u015fma mesafesi uzundur. Bu nedenle, k\u00fc\u00e7\u00fck k\u00fctleli hareket mesafesi de k\u00fc\u00e7\u00fckt\u00fcr. B\u00f6ylece ay\u0131rma amac\u0131 ger\u00e7ekle\u015ftirilir. Yak\u0131nda saman. Ortada tah\u0131l. Ve uzaklarda \u00e7ak\u0131l ta\u015flar\u0131, ta\u015f ne kadar a\u011f\u0131rsa, o kadar uza\u011fa at\u0131l\u0131r.<\/p>    <h2 class=\"wp-block-heading\">Tohum savurma makinesinin avantajlar\u0131<\/h2>    <p>Manuel ve elektrikli \u00e7ift kullan\u0131ml\u0131<br>D\u00fc\u015f\u00fck g\u00fc\u00e7 t\u00fcketimi<br>zaman ve enerji tasarrufu<br>Basit ve kullan\u0131\u015fl\u0131 operasyon<br>Birden fazla fonksiyona sahip bir tohum savurma makinesi, \u00e7e\u015fitli tah\u0131llar\u0131 temizleyip s\u0131n\u0131fland\u0131rabilir.<\/p>    <h2 class=\"wp-block-heading\">Tah\u0131l savurma makinesinin yap\u0131s\u0131<\/h2>    <p>Tah\u0131l savurma makinesinin ana yap\u0131s\u0131 motor r\u00fczgar t\u00fcrbini rotor, destek, hazne, kanal, anahtar, \u00e7\u0131k\u0131\u015f, giri\u015ften olu\u015fur.<\/p>    <figure class=\"wp-block-gallery columns-1 is-cropped wp-block-gallery-5 is-layout-flex wp-block-gallery-is-layout-flex\"><ul class=\"blocks-gallery-grid\"><li class=\"blocks-gallery-item\"><figure><img loading=\"lazy\" decoding=\"async\" width=\"720\" height=\"540\" src=\"https:\/\/www.agriculture-machine.com\/wp-content\/uploads\/2021\/08\/structure-of-Seed-winnower.gif\" alt=\"Tohum savurma makinesinin yap\u0131s\u0131\" data-id=\"11231\" data-full-url=\"https:\/\/www.agriculture-machine.com\/wp-content\/uploads\/2021\/08\/structure-of-Seed-winnower.gif\" data-link=\"https:\/\/www.agriculture-machine.com\/?attachment_id=11231\" class=\"wp-image-11231\"\/><figcaption class=\"blocks-gallery-item__caption\">Tohum savurma makinesinin yap\u0131s\u0131<\/figcaption><\/figure><\/li><\/ul><\/figure>    <h2 class=\"wp-block-heading\">Tohum savurma makinesi kullanma gereklili\u011fi<\/h2>    <p>Ak\u0131ll\u0131 ve otomatik operasyon y\u00f6ntemlerinin kullan\u0131m\u0131, tar\u0131m\u0131n geli\u015fiminin ka\u00e7\u0131n\u0131lmaz bir trendi olacakt\u0131r. Ayr\u0131ca, gelecekte verimli ve enerji tasarruflu tar\u0131m makineleri geli\u015ftirmek i\u00e7in etkili bir yol olacakt\u0131r. Asl\u0131nda, geli\u015fmi\u015f tar\u0131ma sahip \u00fclkeler y\u00fcksek yo\u011funluklu otomatik mekanik operasyonlar benimsemi\u015ftir. Bu, hem \u00e7al\u0131\u015fma verimlili\u011fini art\u0131r\u0131r hem de i\u015fletme maliyetlerini azalt\u0131r. Ayn\u0131 zamanda, uluslararas\u0131 pazarda tar\u0131m \u00fcr\u00fcnlerinin miktar ve fiyat a\u00e7\u0131s\u0131ndan mutlak avantajlar\u0131n\u0131 art\u0131rm\u0131\u015ft\u0131r. Bu nedenle, tohum savurma makinesi tar\u0131m\u0131n geli\u015fiminde b\u00fcy\u00fck \u00f6neme sahiptir.<\/p>    <h2 class=\"wp-block-heading\">\u00c7al\u0131\u015fma videosu<\/h2>    <figure class=\"wp-block-embed is-type-video is-provider-youtube wp-block-embed-youtube wp-embed-aspect-16-9 wp-has-aspect-ratio\"><div class=\"wp-block-embed__wrapper\"> <iframe loading=\"lazy\" title=\"Tah\u0131l savurma makinesi \u00e7al\u0131\u015fma videosu | Tohum temizleme ve atma i\u00e7in tah\u0131l s\u0131ralama makinesi\" width=\"500\" height=\"281\" src=\"https:\/\/www.youtube.com\/embed\/Vf-7DVgkHV8?feature=oembed\" frameborder=\"0\" allow=\"accelerometer; autoplay; clipboard-write; encrypted-media; gyroscope; picture-in-picture; web-share\" referrerpolicy=\"strict-origin-when-cross-origin\" allowfullscreen><\/iframe> <\/div><\/figure>    <h2 class=\"wp-block-heading\">Parametre<\/h2>    <figure class=\"wp-block-table\"><table><tbody><tr><td>Model<\/td><td>TZYC-1<\/td><td>Yedek par\u00e7alar <\/td><\/tr><tr><td>G\u00fc\u00e7<\/td><td>1.5kw <\/td><td>2 tekerlek,2 ekran<\/td><\/tr><tr><td>Kapasite<\/td><td>1500-2000kg\/h <\/td><td>2 tekerlek,2 ekran<\/td><\/tr><tr><td>A\u011f\u0131rl\u0131k<\/td><td>18kg <\/td><td>2 tekerlek,2 ekran<\/td><\/tr><tr><td> Boyut <\/td><td>1100*<em>500<\/em>*1000mm<\/td><td>2 tekerlek,2 ekran<\/td><\/tr><\/tbody><\/table><\/figure>","protected":false},"excerpt":{"rendered":"<p>Yangchang, a Chinese word, is interpreted as the use of wooden shovels and other agricultural tools to spread grains, beans, etc., and use the wind to remove shells, leaves, and dust. Now, the machine currently used in the raising field is called a grain winnower machine. Introduction to grain winnower machine The grain winnower machine [&hellip;]<\/p>\n","protected":false},"author":1,"featured_media":11257,"parent":0,"comment_status":"closed","ping_status":"closed","template":"","tags":[487,486,2616],"product-type":[1],"class_list":["post-11221","product","type-product","status-publish","has-post-thumbnail","hentry","tag-grain","tag-seed","tag-winnower","product-type-other"],"_links":{"self":[{"href":"https:\/\/www.agriculture-machine.com\/tr\/wp-json\/wp\/v2\/product\/11221","targetHints":{"allow":["GET"]}}],"collection":[{"href":"https:\/\/www.agriculture-machine.com\/tr\/wp-json\/wp\/v2\/product"}],"about":[{"href":"https:\/\/www.agriculture-machine.com\/tr\/wp-json\/wp\/v2\/types\/product"}],"author":[{"embeddable":true,"href":"https:\/\/www.agriculture-machine.com\/tr\/wp-json\/wp\/v2\/users\/1"}],"replies":[{"embeddable":true,"href":"https:\/\/www.agriculture-machine.com\/tr\/wp-json\/wp\/v2\/comments?post=11221"}],"wp:featuredmedia":[{"embeddable":true,"href":"https:\/\/www.agriculture-machine.com\/tr\/wp-json\/wp\/v2\/media\/11257"}],"wp:attachment":[{"href":"https:\/\/www.agriculture-machine.com\/tr\/wp-json\/wp\/v2\/media?parent=11221"}],"wp:term":[{"taxonomy":"post_tag","embeddable":true,"href":"https:\/\/www.agriculture-machine.com\/tr\/wp-json\/wp\/v2\/tags?post=11221"},{"taxonomy":"product-type","embeddable":true,"href":"https:\/\/www.agriculture-machine.com\/tr\/wp-json\/wp\/v2\/product-type?post=11221"}],"curies":[{"name":"wp","href":"https:\/\/api.w.org\/{rel}","templated":true}]}}