{"id":11227,"date":"2021-09-08T18:08:17","date_gmt":"2021-09-08T10:08:17","guid":{"rendered":"https:\/\/www.agriculture-machine.com\/?p=11227"},"modified":"2024-09-18T16:17:45","modified_gmt":"2024-09-18T08:17:45","slug":"wheat-planter-wheat-seeder-wheat-grain-drill-for-sale","status":"publish","type":"product","link":"https:\/\/www.agriculture-machine.com\/tr\/wheat-planter-wheat-seeder-wheat-grain-drill-for-sale\/","title":{"rendered":"Bu\u011fday ekim | Bu\u011fday tohumlama | Bu\u011fday tah\u0131l makinesi sat\u0131l\u0131k"},"content":{"rendered":"<p>\u015eu anda, tar\u0131m makinelerinin kullan\u0131m\u0131 g\u00f6rece yayg\u0131nd\u0131r ve bu\u011fday ekiminde bu\u011fday ekim makinesinin verimli kullan\u0131m\u0131, \u00e7ift\u00e7ilerin i\u015f y\u00fck\u00fcn\u00fc azaltabilir, ayn\u0131 zamanda \u00e7al\u0131\u015fma s\u00fcresini k\u0131saltarak \u00e7ift\u00e7ilerin verimlili\u011fini \u00f6nemli \u00f6l\u00e7\u00fcde art\u0131rabilir.<\/p>    <h2 class=\"wp-block-heading\">Bu\u011fday ekleyici tan\u0131t\u0131m\u0131<\/h2>    <p>Bu\u011fday ekici, toprakta bu\u011fday tohumlar\u0131n\u0131 ekmek i\u00e7in mekanik bir ekipmand\u0131r. \u015eu anda, trakt\u00f6rler bu\u011fday ekicileriyle ekim yapmaktad\u0131r ve tah\u0131l ekici, g\u00fcbreleme makineleriyle uyum sa\u011flayabilir. <\/p>    <p>The machine is suitable for fertilizing and planting wheat in plain and hilly areas. It has the characteristics of good general performance, a wide application range, and uniform seeding. Compared with traditional farming methods, the wheat planter can reduce the amount of seed input and ensure the uniformity of seeding. At the same time, the soil covering effect is relatively high. It can not only reduce the farmer&#8217;s planting input cost but also ensure the quality of wheat planting.<\/p>    <figure class=\"wp-block-gallery columns-2 is-cropped wp-block-gallery-2 is-layout-flex wp-block-gallery-is-layout-flex\"><ul class=\"blocks-gallery-grid\"><li class=\"blocks-gallery-item\"><figure><img loading=\"lazy\" decoding=\"async\" width=\"720\" height=\"540\" src=\"https:\/\/www.agriculture-machine.com\/wp-content\/uploads\/2021\/08\/4-4.jpg\" alt=\"bu\u011fday ekicisi\" data-id=\"11239\" data-full-url=\"https:\/\/www.agriculture-machine.com\/wp-content\/uploads\/2021\/08\/4-4.jpg\" data-link=\"https:\/\/www.agriculture-machine.com\/?attachment_id=11239\" class=\"wp-image-11239\" srcset=\"https:\/\/www.agriculture-machine.com\/wp-content\/uploads\/2021\/08\/4-4.jpg 720w, https:\/\/www.agriculture-machine.com\/wp-content\/uploads\/2021\/08\/4-4-360x270.jpg 360w, https:\/\/www.agriculture-machine.com\/wp-content\/uploads\/2021\/08\/4-4-240x180.jpg 240w\" sizes=\"auto, (max-width: 720px) 100vw, 720px\" \/><figcaption class=\"blocks-gallery-item__caption\">bu\u011fday ekicisi<\/figcaption><\/figure><\/li><li class=\"blocks-gallery-item\"><figure><img loading=\"lazy\" decoding=\"async\" width=\"720\" height=\"540\" src=\"https:\/\/www.agriculture-machine.com\/wp-content\/uploads\/2021\/08\/6-2.jpg\" alt=\"\u00e7al\u0131\u015fma sahas\u0131\" data-id=\"11240\" data-full-url=\"https:\/\/www.agriculture-machine.com\/wp-content\/uploads\/2021\/08\/6-2.jpg\" data-link=\"https:\/\/www.agriculture-machine.com\/?attachment_id=11240\" class=\"wp-image-11240\" srcset=\"https:\/\/www.agriculture-machine.com\/wp-content\/uploads\/2021\/08\/6-2.jpg 720w, https:\/\/www.agriculture-machine.com\/wp-content\/uploads\/2021\/08\/6-2-360x270.jpg 360w, https:\/\/www.agriculture-machine.com\/wp-content\/uploads\/2021\/08\/6-2-240x180.jpg 240w\" sizes=\"auto, (max-width: 720px) 100vw, 720px\" \/><figcaption class=\"blocks-gallery-item__caption\">\u00e7al\u0131\u015fma sahas\u0131<\/figcaption><\/figure><\/li><\/ul><\/figure>    <h2 class=\"wp-block-heading\" id=\"h-features-of-the-our-wheat-planter\">Bizim bu\u011fday ekicimizin \u00f6zellikleri<\/h2>    <p>1. Makine b\u00fcy\u00fck boyutludur ve b\u00fcy\u00fck ve orta \u00f6l\u00e7ekli trakt\u00f6rlerle birlikte kullan\u0131lmal\u0131d\u0131r. \u00dc\u00e7 nokta ask\u0131ya alma durumundad\u0131r, bu\u011fday\u0131n birle\u015fim geni\u015fli\u011fi ile uyumludur ve birlikte \u00e7al\u0131\u015fmas\u0131 kolayd\u0131r.<\/p>    <p>2. Bu bu\u011fday tah\u0131l ekici, tek ba\u015f\u0131na kullan\u0131labilir veya ekleme kutusu eklenerek ekim ve g\u00fcbrelemenin ayn\u0131 anda yap\u0131lmas\u0131n\u0131 sa\u011flar.<\/p>    <p>3. Bu makine sadece bu\u011fday tohumlar\u0131n\u0131 de\u011fil, ayn\u0131 zamanda y\u00fcksek arazi pirinci, dar\u0131 ve \u0131spanak gibi di\u011fer tohumlar\u0131 da ekebilir.<\/p>    <p>4. Makine, ekim sonras\u0131 do\u011frudan topra\u011f\u0131 kaplayan bir bask\u0131 tekerle\u011fi ile donat\u0131lm\u0131\u015ft\u0131r.<\/p>    <p>5. Bu\u011fday ekicisi, 20 s\u0131ral\u0131 \u00e7izgisel ekim uygular, bu da ekim verimlili\u011finin son derece y\u00fcksek olmas\u0131n\u0131 sa\u011flar.<\/p>    <figure class=\"wp-block-gallery columns-2 is-cropped wp-block-gallery-3 is-layout-flex wp-block-gallery-is-layout-flex\"><ul class=\"blocks-gallery-grid\"><li class=\"blocks-gallery-item\"><figure><img loading=\"lazy\" decoding=\"async\" width=\"720\" height=\"540\" src=\"https:\/\/www.agriculture-machine.com\/wp-content\/uploads\/2021\/08\/1-3.jpg\" alt=\"2BXF-20\" data-id=\"11241\" data-full-url=\"https:\/\/www.agriculture-machine.com\/wp-content\/uploads\/2021\/08\/1-3.jpg\" data-link=\"https:\/\/www.agriculture-machine.com\/?attachment_id=11241\" class=\"wp-image-11241\" srcset=\"https:\/\/www.agriculture-machine.com\/wp-content\/uploads\/2021\/08\/1-3.jpg 720w, https:\/\/www.agriculture-machine.com\/wp-content\/uploads\/2021\/08\/1-3-360x270.jpg 360w, https:\/\/www.agriculture-machine.com\/wp-content\/uploads\/2021\/08\/1-3-240x180.jpg 240w\" sizes=\"auto, (max-width: 720px) 100vw, 720px\" \/><figcaption class=\"blocks-gallery-item__caption\">2BXF-20<\/figcaption><\/figure><\/li><li class=\"blocks-gallery-item\"><figure><img loading=\"lazy\" decoding=\"async\" width=\"720\" height=\"540\" src=\"https:\/\/www.agriculture-machine.com\/wp-content\/uploads\/2021\/08\/2-2.jpg\" alt=\"2BXF-20 detaylar\u0131\" data-id=\"11242\" data-full-url=\"https:\/\/www.agriculture-machine.com\/wp-content\/uploads\/2021\/08\/2-2.jpg\" data-link=\"https:\/\/www.agriculture-machine.com\/?attachment_id=11242\" class=\"wp-image-11242\" srcset=\"https:\/\/www.agriculture-machine.com\/wp-content\/uploads\/2021\/08\/2-2.jpg 720w, https:\/\/www.agriculture-machine.com\/wp-content\/uploads\/2021\/08\/2-2-360x270.jpg 360w, https:\/\/www.agriculture-machine.com\/wp-content\/uploads\/2021\/08\/2-2-240x180.jpg 240w\" sizes=\"auto, (max-width: 720px) 100vw, 720px\" \/><figcaption class=\"blocks-gallery-item__caption\">2BXF-20 detaylar\u0131<\/figcaption><\/figure><\/li><\/ul><\/figure>    <h2 class=\"wp-block-heading\">Bu\u011fday ekicisinin \u00e7al\u0131\u015fma prensibi<\/h2>    <p>Bu\u011fday ekici, trakt\u00f6r taraf\u0131ndan \u00e7ekilir ve trakt\u00f6r\u00fcn g\u00fcc\u00fc, g\u00fc\u00e7 aktar\u0131m cihaz\u0131 arac\u0131l\u0131\u011f\u0131yla d\u00f6ner i\u015fleme cihaz\u0131na iletilir, b\u00f6ylece toprak \u00e7evrilir ve s\u0131rt desteklenir. G\u00fc\u00e7 taraf\u0131ndan tahrik edilen \u00e7eki\u015f cihaz\u0131, bu\u011fday ekicisinin y\u00fcr\u00fcy\u00fc\u015f\u00fcn\u00fc sa\u011flar ve b\u00f6ylece tohum g\u00fcbreleme a\u00e7\u0131c\u0131s\u0131n\u0131 toprak a\u00e7maya y\u00f6nlendirir. <\/p>    <p>Ayn\u0131 zamanda, trakt\u00f6r bask\u0131 tekerle\u011fi ileriye do\u011fru hareket ettirir ve zinciri d\u00f6nd\u00fcr\u00fcr, b\u00f6ylece g\u00fcbreleme \u015faft\u0131 ve tohumlama \u015faft\u0131n\u0131n d\u00f6n\u00fc\u015f\u00fcn\u00fc sa\u011flar, b\u00f6ylece tohumlar ve g\u00fcbreler g\u00fcbre kutusundan \u00e7\u0131kar ve boru boyunca g\u00fcbre a\u00e7\u0131c\u0131 ve tohum a\u00e7\u0131c\u0131ya girer. Son olarak, hendek i\u00e7ine ak\u0131p, toprak kaplayan bask\u0131 tekerle\u011fi taraf\u0131ndan bast\u0131r\u0131larak bu\u011fday ekimini tamamlar.<\/p>    <p>Bu\u011fday\u0131n temel \u00f6zelli\u011fi, yaln\u0131zca ekilmesi gereken topra\u011f\u0131n \u00e7evrilmesidir, bu da araziye verilen zarar\u0131 azalt\u0131r ve t\u00fcm ekim i\u015flemlerini tek seferde tamamlar, zaman ve maliyet tasarrufu sa\u011flar.<\/p>    <h2 class=\"wp-block-heading\">\u0130\u015fletme notlar\u0131<\/h2>    <p>1. \u0130\u015fleme ba\u015flamadan \u00f6nce, tarladaki engeller temizlenmelidir.<\/p>    <p>2. Muayene, tamir, ayar, bak\u0131m vb. i\u015flemler yap\u0131l\u0131rken, \u00f6nce trakt\u00f6r kapat\u0131lmal\u0131d\u0131r.<\/p>    <p>3. Birim d\u00f6nerken, geri giderken ve transfer edilirken, makinenin kald\u0131r\u0131lmas\u0131 gerekir.<\/p>    <p>4. \u0130\u015flem s\u0131ras\u0131nda, geri \u00e7ekilmekten ve gereksiz park edilmekten ka\u00e7\u0131n\u0131n, tohumlar\u0131n veya g\u00fcbrelerin birikmesini veya s\u0131rtlar\u0131n k\u0131r\u0131lmas\u0131n\u0131 \u00f6nlemek i\u00e7in.<\/p>    <p>5. Kuvvetli r\u00fczgar, ya\u011fmur ve g\u00f6receli toprak nem oran\u0131 p'i a\u015farsa, operasyon yap\u0131lmamal\u0131d\u0131r.<\/p>","protected":false},"excerpt":{"rendered":"<p>At present, the application of agricultural machinery is relatively common, and the efficient application of wheat planter in the process of wheat planting can reduce the labor intensity of farmers, at the same time it can&nbsp;shorten the labor time so that the work efficiency of farmers has been significantly improved. Introduction of wheat planter The [&hellip;]<\/p>\n","protected":false},"author":1,"featured_media":0,"parent":0,"comment_status":"closed","ping_status":"closed","template":"","tags":[492,158],"product-type":[870,883],"class_list":["post-11227","product","type-product","status-publish","hentry","tag-planter","tag-wheat","product-type-planter","product-type-wheat-planter"],"_links":{"self":[{"href":"https:\/\/www.agriculture-machine.com\/tr\/wp-json\/wp\/v2\/product\/11227","targetHints":{"allow":["GET"]}}],"collection":[{"href":"https:\/\/www.agriculture-machine.com\/tr\/wp-json\/wp\/v2\/product"}],"about":[{"href":"https:\/\/www.agriculture-machine.com\/tr\/wp-json\/wp\/v2\/types\/product"}],"author":[{"embeddable":true,"href":"https:\/\/www.agriculture-machine.com\/tr\/wp-json\/wp\/v2\/users\/1"}],"replies":[{"embeddable":true,"href":"https:\/\/www.agriculture-machine.com\/tr\/wp-json\/wp\/v2\/comments?post=11227"}],"wp:attachment":[{"href":"https:\/\/www.agriculture-machine.com\/tr\/wp-json\/wp\/v2\/media?parent=11227"}],"wp:term":[{"taxonomy":"post_tag","embeddable":true,"href":"https:\/\/www.agriculture-machine.com\/tr\/wp-json\/wp\/v2\/tags?post=11227"},{"taxonomy":"product-type","embeddable":true,"href":"https:\/\/www.agriculture-machine.com\/tr\/wp-json\/wp\/v2\/product-type?post=11227"}],"curies":[{"name":"wp","href":"https:\/\/api.w.org\/{rel}","templated":true}]}}