{"id":1128,"date":"2018-10-19T09:37:33","date_gmt":"2018-10-19T01:37:33","guid":{"rendered":"https:\/\/www.agriculture-machine.com\/?p=1128"},"modified":"2026-02-25T17:08:07","modified_gmt":"2026-02-25T09:08:07","slug":"rice-mill","status":"publish","type":"product","link":"https:\/\/www.agriculture-machine.com\/tr\/rice-mill\/","title":{"rendered":"Pirinc de\u011firmeni makinesi | Pirin\u00e7 ay\u0131r\u0131c\u0131 | Pirin\u00e7 \u00f6\u011f\u00fctme makinesi"},"content":{"rendered":"<p class=\"translation-block\">Pirinc de\u011firmen makinesi, pirin\u00e7 i\u015fleme i\u00e7in kullan\u0131l\u0131r. Besleme haznesi, pirin\u00e7 kabu\u011fu ay\u0131r\u0131c\u0131, kahverengi pirin\u00e7 ve saman ay\u0131r\u0131c\u0131, \u00f6\u011f\u00fctme \u00fcnitesi ve hava jetli \u00fcfleyici gibi b\u00f6l\u00fcmlerden olu\u015fur. SB serisi d\u00f6rt farkl\u0131 pirin\u00e7 de\u011firmen makinesi vard\u0131r: SB-05, SB-10, SB-30, SB-50. Farkl\u0131 t\u00fcrler farkl\u0131 kapasitelerde olup, ihtiya\u00e7lar\u0131n\u0131za g\u00f6re uygun olan\u0131 se\u00e7ebilirsiniz.<\/p>    <figure class=\"wp-block-embed is-type-rich is-provider-embed-handler wp-block-embed-embed-handler wp-embed-aspect-16-9 wp-has-aspect-ratio\"><div class=\"wp-block-embed__wrapper\"> <iframe loading=\"lazy\" title=\"d\u00fc\u015f\u00fck fiyatl\u0131 beyaz pirin\u00e7 makinesi \/ pirin\u00e7 tarlas\u0131 \u00f6\u011f\u00fctme makinesi \/ pirin\u00e7 kabu\u011fu ay\u0131r\u0131c\u0131 makinesi \/ pirin\u00e7 kabu\u011fu ay\u0131r\u0131c\u0131\" width=\"500\" height=\"281\" src=\"https:\/\/www.youtube.com\/embed\/hUoRDbPM0K4?feature=oembed\" frameborder=\"0\" allow=\"accelerometer; autoplay; clipboard-write; encrypted-media; gyroscope; picture-in-picture; web-share\" referrerpolicy=\"strict-origin-when-cross-origin\" allowfullscreen><\/iframe> <\/div><figcaption class=\"wp-element-caption\">D\u00f6rt t\u00fcr k\u00fc\u00e7\u00fck pirin\u00e7 de\u011firmeni videosu<\/figcaption><\/figure>    <p><br>SB-30 birle\u015fik pirin\u00e7 de\u011firmeni, pirin\u00e7 i\u015fleme i\u00e7in kapsaml\u0131 bir ekipmand\u0131r. Pirin\u00e7, titre\u015fimli ekran ve m\u0131knat\u0131s cihaz\u0131 arac\u0131l\u0131\u011f\u0131yla makineye konur. Kau\u00e7uk silindirin, emme ve hava se\u00e7imi fonksiyonlar\u0131n\u0131n yard\u0131m\u0131yla, kabuk pirincin d\u0131\u015f\u0131ndan \u00e7\u0131kar\u0131l\u0131r ve daha sonra beyaz hale getirilir. Kabuk ve saman gibi di\u011fer kirleticiler \u00fcflenerek at\u0131l\u0131r. Son olarak, beyaz pirin\u00e7 d\u0131\u015far\u0131 at\u0131l\u0131r. <\/p>    <p>Pirinc kabu\u011fu ay\u0131r\u0131c\u0131, kapsaml\u0131 bir d\u00fczenlemeye, makul tasar\u0131ma, kompakt yap\u0131ya, basit ve g\u00fcvenilir \u00e7al\u0131\u015fmaya ve d\u00fc\u015f\u00fck g\u00fcr\u00fclt\u00fcye sahiptir. Beyaz pirin\u00e7 \u00f6\u011f\u00fctme hassasiyeti standarda ula\u015fabilir. D\u00fc\u015f\u00fck g\u00fc\u00e7 t\u00fcketimi ve y\u00fcksek \u00e7al\u0131\u015fma verimlili\u011fi ile yeni nesil birle\u015fik pirin\u00e7 \u00f6\u011f\u00fct\u00fcc\u00fc makineleridir.<\/p>    <h2 class=\"wp-block-heading\" id=\"h-parameter-of-rice-milling-machine\">Pirinc \u00f6\u011f\u00fct\u00fcc\u00fc makinesi parametresi<\/h2>    <div class=\"table-responsive\" style=\"border: 1 px solir #f79646;\"> <table class=\"table table-striped\"> <tbody> <tr style=\"background-color: #f79646;\"> <td width=\"116\">Model<\/td> <td width=\"79\">SB-05D<\/td> <td width=\"123\">SB-10D<\/td> <td width=\"230\">SB-30D<\/td> <td width=\"107\">SB-50D<\/td> <\/tr> <tr style=\"background-color: #fbd5b5;\"> <td width=\"116\">G\u00fc\u00e7<\/td> <td width=\"79\">10hp \/5.5 KW<\/td> <td width=\"123\">15hp \/11KW<\/td> <td width=\"230\">&nbsp;&nbsp;&nbsp;&nbsp;18hp \/15 KW<\/td> <td width=\"107\">30hp \/22KW<\/td> <\/tr> <tr> <td width=\"116\">Kapasite<\/td> <td width=\"79\">400-600kg\/s<\/td> <td width=\"123\">700-1000kg\/s<\/td> <td width=\"230\">&nbsp;&nbsp;&nbsp;1100-1500kg\/s<\/td> <td width=\"107\">1800-2300kg\/s<\/td> <\/tr> <tr style=\"background-color: #fbd5b5;\"> <td width=\"116\">Net a\u011f\u0131rl\u0131k<\/td> <td width=\"79\">130kg<\/td> <td width=\"123\">230kg<\/td> <td width=\"230\">&nbsp;&nbsp;&nbsp;&nbsp;&nbsp;270kg<\/td> <td width=\"107\">530kg<\/td> <\/tr> <tr> <td width=\"116\">Br\u00fct a\u011f\u0131rl\u0131k<\/td> <td width=\"79\">160kg<\/td> <td width=\"123\">&nbsp;285kg<\/td> <td width=\"230\">&nbsp;&nbsp;&nbsp;&nbsp;&nbsp;300kg<\/td> <td width=\"107\">580kg<\/td> <\/tr> <tr style=\"background-color: #fbd5b5;\"> <td width=\"116\">Genel boyut<\/td> <td width=\"79\">860*692*1290mm<\/td> <td width=\"123\">760*730*1735mm<\/td> <td width=\"230\">1070*760*1760mm<\/td> <td width=\"107\">2400*1080*2080mm<\/td> <\/tr> <tr> <td width=\"116\">Y\u00fckleme Miktar\u0131\/20GP<\/td> <td width=\"79\">27 set<\/td> <td width=\"123\">24 set<\/td> <td width=\"230\">18 set<\/td> <td width=\"107\">12 set<\/td> <\/tr> <\/tbody> <\/table> <\/div>    <h2 class=\"wp-block-heading\" id=\"h-working-principle-of-rice-milling-machine\">Pirinc de\u011firmeni makinesinin \u00e7al\u0131\u015fma prensibi<\/h2>    <p>Pirinc ilk olarak titre\u015fimli elek ve m\u0131knat\u0131s cihaz\u0131ndan makineye girer ve ard\u0131ndan kau\u00e7uk silindire ge\u00e7er. Hava \u00fcfleme ve hava jetleri ile \u00f6\u011f\u00fctme odas\u0131na ge\u00e7er, pirin\u00e7 temizleme, kabuk ay\u0131rma, hava \u00fcfleme, se\u00e7me, \u00f6\u011f\u00fctme ve parlatma i\u015flemlerini ard\u0131\u015f\u0131k olarak tamamlar. Kabuk, saman, k\u0131r\u0131k pirin\u00e7 ve beyaz pirin\u00e7 s\u0131ras\u0131yla makineden \u00e7\u0131kar. \u00c7\u0131k\u0131\u015f\u0131n alt\u0131nda bir kap yerle\u015ftirmek, pirinci toplamak i\u00e7in daha iyidir.<\/p>    <figure class=\"wp-block-image aligncenter\"><img decoding=\"async\" src=\"https:\/\/www.agriculture-machine.com\/wp-content\/uploads\/2018\/10\/Rice-mill5.jpg\" alt=\"Pirinc \u00f6\u011f\u00fct\u00fcc\u00fc makinesi\"\/><figcaption class=\"wp-element-caption\">Pirinc \u00f6\u011f\u00fct\u00fcc\u00fc makinesi<\/figcaption><\/figure>    <h2 class=\"wp-block-heading\" id=\"h-rice-mills-machines-advantage\">Rice mill machines&#8217; advantage<\/h2>    <ul class=\"wp-block-list\"> <li>Pirinc \u00f6\u011f\u00fct\u00fcc\u00fc makineleri, makul bir d\u00fczenleme, kompakt yap\u0131 ve az g\u00fcr\u00fclt\u00fc ile \u00e7al\u0131\u015f\u0131r.<\/li>    <li>Pirinc i\u015fleme makinesi hafif ve kullan\u0131m\u0131 kolayd\u0131r, daha az g\u00fc\u00e7 t\u00fcketir ve y\u00fcksek verim sa\u011flar.<\/li>    <li>Pirinc \u00f6\u011f\u00fct\u00fcc\u00fc makineleri, y\u00fcksek safl\u0131kta beyaz pirin\u00e7 \u00fcretebilir ve ulusal standarda uygun, daha az kabuk ve k\u0131r\u0131k pirin\u00e7 i\u00e7erir, bu y\u00fczden k\u0131rsal alanlar i\u00e7in \u00e7ok iyi bir pirin\u00e7 i\u015fleme makinesidir.<\/li>    <li>Y\u00fcksek kapasite. Bu serinin en b\u00fcy\u00fck kapasitesi 2.3t\/saat olup, i\u015f\u00e7ilik s\u00fcresini azaltabilir.<\/li>    <li>D\u00fc\u015f\u00fck k\u0131r\u0131lma oran\u0131 (%3). Neredeyse t\u00fcm pirin\u00e7 b\u00fct\u00fcn halde tutulabilir.<\/li>    <li>Pirinc de\u011firmen makineleri sadece pirinci \u00f6\u011f\u00fctmekle kalmaz, ayn\u0131 zamanda parlatabilir, b\u00f6ylece nihai pirin\u00e7 parlak ve beyaz olur.<\/li>    <li>Farkl\u0131 modellerin farkl\u0131 kapasiteleri vard\u0131r, bu y\u00fczden ger\u00e7ek durumunuza g\u00f6re uygun olan\u0131 se\u00e7in.<\/li>    <li>Makine ta\u015f\u0131nabilir ve ev kullan\u0131m\u0131 i\u00e7in uygundur, pirin\u00e7 \u00f6\u011f\u00fctme makinesinin gelece\u011fi iyidir.<\/li> <\/ul>    <figure class=\"wp-block-image alignnone\"><img decoding=\"async\" src=\"https:\/\/www.agriculture-machine.com\/wp-content\/uploads\/2018\/10\/Rice-mill1.jpg\" alt=\"Pirinc \u00f6\u011f\u00fct\u00fcc\u00fc makinenin i\u00e7 yap\u0131s\u0131\"\/><figcaption class=\"wp-element-caption\">Rice milling machine&#8217;s inner structure<\/figcaption><\/figure>    <h2 class=\"wp-block-heading\" id=\"h-the-prospect-of-rice-milling-machine\">Pirinc \u00f6\u011f\u00fct\u00fcc\u00fc makinesinin gelece\u011fi<\/h2>    <p>Pirin\u00e7 fiyatlar\u0131 piyasada \u00e7e\u015fitlidir, bu pirin\u00e7ler aras\u0131ndaki fark nedir?<\/p>    <ul class=\"wp-block-list\"> <li>Yeni pirin\u00e7: Bu y\u0131l hasat edilen ve k\u0131sa s\u00fcrede kabuklar\u0131 soyulup parlat\u0131lm\u0131\u015f pirin\u00e7. Yeni pirincin en b\u00fcy\u00fck \u00f6zelli\u011fi, b\u00fcy\u00fck bir lezzetle aromas\u0131d\u0131r. Yeni pirin\u00e7le yap\u0131lan \u00e7orba aromal\u0131d\u0131r ve taze pi\u015firilen pirin\u00e7 yap\u0131\u015fkan ve \u00e7i\u011fnenebilir olur.<\/li>    <li>Eski pirin\u00e7: Y\u0131llarca depolanm\u0131\u015f ve s\u0131cakl\u0131k, nem ve di\u011fer fakt\u00f6rlerin etkisiyle tad\u0131 iyi olmayan pirin\u00e7. Eski pirincin besin de\u011feri yeni pirince g\u00f6re daha k\u00f6t\u00fcd\u00fcr.<\/li> <\/ul>    <figure class=\"wp-block-image aligncenter\"><img decoding=\"async\" src=\"https:\/\/www.agriculture-machine.com\/wp-content\/uploads\/2018\/10\/Rice-mill3.jpg\" alt=\"pirin\u00e7 kabu\u011fu ay\u0131r\u0131c\u0131 makinesi\"\/><figcaption class=\"wp-element-caption\">pirin\u00e7 kabu\u011fu ay\u0131r\u0131c\u0131 makinesi<\/figcaption><\/figure>    <p>Yeni pirin\u00e7 ile eski pirin\u00e7 aras\u0131nda h\u00e2l\u00e2 bir\u00e7ok fark vard\u0131r. Marketlerde sat\u0131lan ucuz pirin\u00e7, eski pirin\u00e7le kar\u0131\u015ft\u0131r\u0131lm\u0131\u015ft\u0131r. Genellikle insanlar bu fark\u0131 fark edemez, bu da sa\u011fl\u0131\u011f\u0131m\u0131za zararl\u0131d\u0131r. Taizy SB serisi pirin\u00e7 de\u011firmenleri k\u00fc\u00e7\u00fck ve zariftir, bireysel veya g\u0131da end\u00fcstrisi i\u00e7in rekabet\u00e7i fiyatlara sahiptir. Ev veya ticari kullan\u0131m i\u00e7in b\u00f6yle bir makine almak istiyorsan\u0131z pi\u015fman olmazs\u0131n\u0131z.<\/p>    <figure class=\"wp-block-image aligncenter\"><img decoding=\"async\" src=\"https:\/\/www.agriculture-machine.com\/wp-content\/uploads\/2018\/10\/Rice-mill6.jpg\" alt=\"Kabu\u011fu ay\u0131r\u0131c\u0131 makinesi\"\/><figcaption class=\"wp-element-caption\">Kabu\u011fu ay\u0131r\u0131c\u0131 makinesi<\/figcaption><\/figure>    <h2 class=\"wp-block-heading\" id=\"h-how-to-use-a-rice-mill-machine\">Pirincin \u00f6\u011f\u00fct\u00fcc\u00fc makinesini nas\u0131l kullan\u0131l\u0131r?<\/h2>    <ul class=\"wp-block-list\"> <li>Ba\u011flant\u0131 gereksinimleri: Pirin\u00e7 de\u011firmen makinesi, orijinal ayd\u0131nlatma devresiyle payla\u015f\u0131lmamal\u0131d\u0131r. Ana g\u00fc\u00e7 anahtar\u0131ndan do\u011frudan bak\u0131r veya al\u00fcminyum tel ile 4 mm\u00b2 veya daha fazla ile ba\u011flanmal\u0131d\u0131r. Priz kullanmak yasakt\u0131r ve 10A veya daha fazla kesici anahtar kullan\u0131lmas\u0131 \u00f6nerilir.<\/li>    <li>\u00c7al\u0131\u015fma y\u00f6ntemi: Pirin\u00e7 kabu\u011fu ay\u0131r\u0131c\u0131y\u0131 \u00e7al\u0131\u015ft\u0131rmadan \u00f6nce, operat\u00f6rler t\u00fcm par\u00e7alar\u0131n civatalar\u0131n\u0131n gev\u015fek olup olmad\u0131\u011f\u0131n\u0131 dikkatlice kontrol etmeli ve kapa\u011f\u0131 a\u00e7arak silindir bo\u015flu\u011funun do\u011fru olup olmad\u0131\u011f\u0131n\u0131 kontrol etmelidir.<\/li>    <li>Operat\u00f6r, anahtar\u0131 a\u00e7mal\u0131 ve makineyi 1-3 dakika bo\u015fta \u00e7al\u0131\u015ft\u0131rmal\u0131d\u0131r. Her \u015fey normalse, makine kullan\u0131labilir. Prizi \u00e7\u0131kar\u0131rken, y\u00fck\u00fc yava\u015f\u00e7a art\u0131rmak gerekir, aksi takdirde t\u0131kanma olabilir.<\/li>    <li>Kullan\u0131c\u0131, \u00f6nce besleme giri\u015fini kapatmal\u0131 ve \u00f6\u011f\u00fctme i\u015flemi bitmeden pirin\u00e7 kabu\u011fu makinesini durdurmal\u0131d\u0131r.<\/li>    <li>Daha y\u00fcksek kapasite istiyorsan\u0131z <a href=\"https:\/\/www.agriculture-machine.com\/tr\/rice-milling-plant-machine\/\"><strong>pirin\u00e7 de\u011firmeni makineleri<\/strong><\/a>, l\u00fctfen a\u015fa\u011f\u0131daki ba\u011flant\u0131y\u0131 a\u00e7\u0131n ve 10 tonluk b\u00fcy\u00fck boyutta birle\u015fik pirin\u00e7 de\u011firmeni g\u00f6r\u00fcn.<br><\/li> <\/ul>    <h2 class=\"wp-block-heading\" id=\"h-the-successful-case-of-rice-mill-machine\">Pirinc de\u011firmen makinesinin ba\u015far\u0131l\u0131 \u00f6rne\u011fi<\/h2>    <p>Bu hafta, G\u00fcney Afrika'ya 5 set pirin\u00e7 de\u011firmen makinesi satt\u0131k ve bu m\u00fc\u015fteri, yerel \u00e7ift\u00e7ilere satmak isteyen bir bayi. \u0130lk i\u015fbirli\u011fi olarak, sadece deneme sipari\u015fi olarak 5 set sat\u0131n ald\u0131 ve makineler iyi \u00e7al\u0131\u015f\u0131rsa daha fazla alacak. G\u00fcvenimiz, tekrar sipari\u015f verecekleri y\u00f6n\u00fcnde, \u00e7\u00fcnk\u00fc makinelerimizin kalitesi \u00e7ok iyi ve bir sonraki i\u015fbirli\u011fini d\u00f6rt g\u00f6zle bekliyoruz.<\/p>    <h2 class=\"wp-block-heading\" id=\"h-faq\">SSS<\/h2>   <div id=\"rank-math-faq\" class=\"rank-math-block\"> <div class=\"rank-math-list\"> <div id=\"faq-question-1772010427656\" class=\"rank-math-list-item\"> <h3 class=\"rank-math-question\">4 farkl\u0131 pirin\u00e7 de\u011firmen makineleri aras\u0131ndaki fark nedir?<\/h3> <div class=\"rank-math-answer\">  <p> Kapasiteleri farkl\u0131d\u0131r, bu y\u00fczden farkl\u0131 motorlarla uyumludur.<\/p>  <\/div> <\/div> <div id=\"faq-question-1772010435622\" class=\"rank-math-list-item\"> <h3 class=\"rank-math-question\">Son pirin\u00e7te k\u0131r\u0131k pirin\u00e7 var m\u0131?<\/h3> <div class=\"rank-math-answer\">  <p> K\u0131r\u0131k oran\u0131 %1\u2019den azd\u0131r.<\/p>  <\/div> <\/div> <div id=\"faq-question-1772010447825\" class=\"rank-math-list-item\"> <h3 class=\"rank-math-question\">Zay\u0131f yedek par\u00e7alar nelerdir?<\/h3> <div class=\"rank-math-answer\">  <p>Lastik silindiri, ta\u015f\u0131ma ba\u015fl\u0131\u011f\u0131, alt\u0131gen ekran, pirin\u00e7 silindiri, fan kanad\u0131, fan \u00e7\u0131k\u0131\u015f astar\u0131.<\/p>  <\/div> <\/div> <\/div> <\/div>   <figure class=\"wp-block-image aligncenter size-large is-resized\"><img loading=\"lazy\" decoding=\"async\" width=\"418\" height=\"540\" src=\"https:\/\/www.agriculture-machine.com\/wp-content\/uploads\/2018\/10\/Rice-mill7-418x540.jpg\" alt=\"Pirinc \u00f6\u011f\u00fct\u00fcc\u00fc7\" class=\"wp-image-1991\" srcset=\"https:\/\/www.agriculture-machine.com\/wp-content\/uploads\/2018\/10\/Rice-mill7-418x540.jpg 418w, https:\/\/www.agriculture-machine.com\/wp-content\/uploads\/2018\/10\/Rice-mill7-209x270.jpg 209w, https:\/\/www.agriculture-machine.com\/wp-content\/uploads\/2018\/10\/Rice-mill7.jpg 750w\" sizes=\"auto, (max-width: 418px) 100vw, 418px\" \/><\/figure>    <p>E\u011fer pirin\u00e7 kabu\u011fu makinemiz ilgilendiriyorsa, l\u00fctfen bizimle ileti\u015fime ge\u00e7mekten ve fabrikam\u0131z\u0131 ziyaret etmekten \u00e7ekinmeyin, profesyonel ekibimiz size detayl\u0131 \u00fcr\u00fcn bilgisi sa\u011flayacakt\u0131r. Geli\u015fmi\u015f teknolojimizi ve m\u00fckemmel kalitemizi sizinle payla\u015fmay\u0131 ve en iyi \u00e7\u00f6z\u00fcm\u00fc sunmay\u0131 d\u00f6rt g\u00f6zle bekliyoruz.<\/p>","protected":false},"excerpt":{"rendered":"<p>Pirinc de\u011firmen makineleri, kabuk ay\u0131rma, kahverengi pirin\u00e7 ay\u0131rma ve \u00f6\u011f\u00fctme ad\u0131mlar\u0131n\u0131 kullanarak pirinci y\u00fcksek kaliteli beyaz pirince verimli ve hassas bir \u015fekilde i\u015fler. \u00c7e\u015fitli t\u00fcrleri mevcuttur ve bu yaz\u0131 ile daha iyi anlayabilirsiniz.<\/p>","protected":false},"author":1,"featured_media":1135,"parent":0,"comment_status":"closed","ping_status":"closed","template":"","tags":[796],"product-type":[905],"class_list":["post-1128","product","type-product","status-publish","has-post-thumbnail","hentry","tag-rice","product-type-small-rice-mill"],"_links":{"self":[{"href":"https:\/\/www.agriculture-machine.com\/tr\/wp-json\/wp\/v2\/product\/1128","targetHints":{"allow":["GET"]}}],"collection":[{"href":"https:\/\/www.agriculture-machine.com\/tr\/wp-json\/wp\/v2\/product"}],"about":[{"href":"https:\/\/www.agriculture-machine.com\/tr\/wp-json\/wp\/v2\/types\/product"}],"author":[{"embeddable":true,"href":"https:\/\/www.agriculture-machine.com\/tr\/wp-json\/wp\/v2\/users\/1"}],"replies":[{"embeddable":true,"href":"https:\/\/www.agriculture-machine.com\/tr\/wp-json\/wp\/v2\/comments?post=1128"}],"wp:featuredmedia":[{"embeddable":true,"href":"https:\/\/www.agriculture-machine.com\/tr\/wp-json\/wp\/v2\/media\/1135"}],"wp:attachment":[{"href":"https:\/\/www.agriculture-machine.com\/tr\/wp-json\/wp\/v2\/media?parent=1128"}],"wp:term":[{"taxonomy":"post_tag","embeddable":true,"href":"https:\/\/www.agriculture-machine.com\/tr\/wp-json\/wp\/v2\/tags?post=1128"},{"taxonomy":"product-type","embeddable":true,"href":"https:\/\/www.agriculture-machine.com\/tr\/wp-json\/wp\/v2\/product-type?post=1128"}],"curies":[{"name":"wp","href":"https:\/\/api.w.org\/{rel}","templated":true}]}}