{"id":11285,"date":"2021-09-03T14:01:03","date_gmt":"2021-09-03T06:01:03","guid":{"rendered":"https:\/\/www.agriculture-machine.com\/?p=11285"},"modified":"2024-09-23T11:18:32","modified_gmt":"2024-09-23T03:18:32","slug":"electric-grain-hammer-mill-grain-mill-grinder-grain-grinding","status":"publish","type":"product","link":"https:\/\/www.agriculture-machine.com\/tr\/electric-grain-hammer-mill-grain-mill-grinder-grain-grinding\/","title":{"rendered":"Elektrikli tah\u0131l \u00e7eki\u00e7li de\u011firmen | Tah\u0131l de\u011firmen \u00f6\u011f\u00fct\u00fcc\u00fc | Tah\u0131l \u00f6\u011f\u00fctme"},"content":{"rendered":"<p>Tah\u0131l de\u011firmeni \u00f6\u011f\u00fct\u00fcc\u00fc, en yayg\u0131n kullan\u0131lan t\u00fcrd\u00fcr. \u00c7ok y\u00f6nl\u00fcl\u00fc\u011f\u00fc iyidir. Metal yabanc\u0131 maddeler de\u011firmene girdi\u011finde, sadece ekranlar\u0131 k\u0131rar. B\u00fcy\u00fck kazalar olmaz ve yap\u0131s\u0131 \u00fc\u00e7 b\u00f6l\u00fcmden olu\u015fur: besleme mekanizmas\u0131, k\u0131rma odas\u0131 ve bo\u015faltma b\u00f6l\u00fcm\u00fc.<\/p>    <figure class=\"wp-block-embed is-type-video is-provider-youtube wp-block-embed-youtube wp-embed-aspect-16-9 wp-has-aspect-ratio\"><div class=\"wp-block-embed__wrapper\"> <iframe loading=\"lazy\" title=\"Elektrikli tah\u0131l \u00e7eki\u00e7li de\u011firmen \u00e7al\u0131\u015fma videosu | tah\u0131l de\u011firmeni \u00f6\u011f\u00fct\u00fcc\u00fc\" width=\"500\" height=\"281\" src=\"https:\/\/www.youtube.com\/embed\/LrGfvzii4tI?feature=oembed\" frameborder=\"0\" allow=\"accelerometer; autoplay; clipboard-write; encrypted-media; gyroscope; picture-in-picture; web-share\" referrerpolicy=\"strict-origin-when-cross-origin\" allowfullscreen><\/iframe> <\/div><figcaption class=\"wp-element-caption\">Y\u00fcksek verimli tah\u0131l de\u011firmeni \u00f6\u011f\u00fct\u00fcc\u00fc \u00e7al\u0131\u015fma videosu<\/figcaption><\/figure>    <h2 class=\"wp-block-heading\">Tah\u0131l de\u011firmeni \u00f6\u011f\u00fct\u00fcc\u00fcs\u00fcn\u00fcn i\u015flevi<\/h2>    <p><font style=\"vertical-align: inherit;\"><font style=\"vertical-align: inherit;\">Tah\u0131l de\u011firmenleri, farmas\u00f6tik, g\u0131da, kimya, bilimsel ve di\u011fer end\u00fcstriyel sekt\u00f6rlerde ni\u015fasta i\u00e7eren malzemeleri i\u015flemek i\u00e7in kullan\u0131l\u0131r. Elektrikli tah\u0131l \u00e7eki\u00e7li de\u011firmen ile toz elde edebilirsiniz. Malzeme, \u00f6\u011f\u00fctme diskinin etkisiyle toz haline gelir.<\/font><\/font><\/p>    <p>Ekipman, toz emme cihaz\u0131 ile donat\u0131lm\u0131\u015ft\u0131r, toz kirlili\u011fi yoktur. D\u00fc\u015f\u00fck s\u0131cakl\u0131k, d\u00fc\u015f\u00fck g\u00fcr\u00fclt\u00fc ve y\u00fcksek verimlilik \u00f6zelliklerine sahiptir. Kimyasal maddeler ve \u00c7in t\u0131bbi maddeleri gibi kuru ve k\u0131r\u0131lgan malzemeleri k\u0131rmak i\u00e7in uygundur.<\/p>    <figure class=\"wp-block-gallery has-nested-images columns-default is-cropped wp-block-gallery-2 is-layout-flex wp-block-gallery-is-layout-flex\"> <figure class=\"wp-block-image size-large\"><img loading=\"lazy\" decoding=\"async\" width=\"720\" height=\"540\" data-id=\"11288\" src=\"https:\/\/www.agriculture-machine.com\/wp-content\/uploads\/2021\/08\/5-3.jpg\" alt=\"Tah\u0131l de\u011firmeni \u00f6\u011f\u00fct\u00fcc\u00fc\" class=\"wp-image-11288\" srcset=\"https:\/\/www.agriculture-machine.com\/wp-content\/uploads\/2021\/08\/5-3.jpg 720w, https:\/\/www.agriculture-machine.com\/wp-content\/uploads\/2021\/08\/5-3-360x270.jpg 360w, https:\/\/www.agriculture-machine.com\/wp-content\/uploads\/2021\/08\/5-3-240x180.jpg 240w\" sizes=\"auto, (max-width: 720px) 100vw, 720px\" \/><figcaption class=\"wp-element-caption\">Tah\u0131l de\u011firmeni \u00f6\u011f\u00fct\u00fcc\u00fc<\/figcaption><\/figure>    <figure class=\"wp-block-image size-large\"><img loading=\"lazy\" decoding=\"async\" width=\"720\" height=\"540\" data-id=\"11289\" src=\"https:\/\/www.agriculture-machine.com\/wp-content\/uploads\/2021\/08\/6-3.jpg\" alt=\"elektrikli tah\u0131l de\u011firmeni \u00f6\u011f\u00fct\u00fcc\u00fc\" class=\"wp-image-11289\" srcset=\"https:\/\/www.agriculture-machine.com\/wp-content\/uploads\/2021\/08\/6-3.jpg 720w, https:\/\/www.agriculture-machine.com\/wp-content\/uploads\/2021\/08\/6-3-360x270.jpg 360w, https:\/\/www.agriculture-machine.com\/wp-content\/uploads\/2021\/08\/6-3-240x180.jpg 240w\" sizes=\"auto, (max-width: 720px) 100vw, 720px\" \/><figcaption class=\"wp-element-caption\">elektrikli tah\u0131l de\u011firmeni \u00f6\u011f\u00fct\u00fcc\u00fc<\/figcaption><\/figure> <\/figure>    <h2 class=\"wp-block-heading\" id=\"h-working-principle\">\u00c7al\u0131\u015fma prensibi<\/h2>    <p>Motor \u00e7al\u0131\u015ft\u0131r\u0131ld\u0131ktan sonra, g\u00fc\u00e7 V-kay\u0131s\u0131 arac\u0131l\u0131\u011f\u0131yla kay\u0131\u015f kasas\u0131na iletilir, bu da ana milin d\u00f6nmesini sa\u011flar ve hareketli ve sabit \u00f6\u011f\u00fctme disklerinin birbirine g\u00f6re hareket etmesine neden olur, b\u00f6ylece s\u0131k\u0131\u015ft\u0131rma ve \u00f6\u011f\u00fctme etkisi olu\u015fur. Orta k\u0131sm\u0131ndaki \u00f6\u011f\u00fctme diski, i\u00e7indeki malzemeleri tamamen k\u0131rar.  <\/p>    <figure class=\"wp-block-gallery has-nested-images columns-default is-cropped wp-block-gallery-3 is-layout-flex wp-block-gallery-is-layout-flex\"> <figure class=\"wp-block-image size-large\"><img loading=\"lazy\" decoding=\"async\" width=\"720\" height=\"540\" data-id=\"11396\" src=\"https:\/\/www.agriculture-machine.com\/wp-content\/uploads\/2021\/09\/IMG_20210730_112620_\u526f\u672c.jpg\" alt=\"disk k\u0131r\u0131c\u0131\" class=\"wp-image-11396\" srcset=\"https:\/\/www.agriculture-machine.com\/wp-content\/uploads\/2021\/09\/IMG_20210730_112620_\u526f\u672c.jpg 720w, https:\/\/www.agriculture-machine.com\/wp-content\/uploads\/2021\/09\/IMG_20210730_112620_\u526f\u672c-360x270.jpg 360w, https:\/\/www.agriculture-machine.com\/wp-content\/uploads\/2021\/09\/IMG_20210730_112620_\u526f\u672c-240x180.jpg 240w\" sizes=\"auto, (max-width: 720px) 100vw, 720px\" \/><figcaption class=\"wp-element-caption\">disk k\u0131r\u0131c\u0131<\/figcaption><\/figure>    <figure class=\"wp-block-image size-large\"><img loading=\"lazy\" decoding=\"async\" width=\"720\" height=\"540\" data-id=\"11397\" src=\"https:\/\/www.agriculture-machine.com\/wp-content\/uploads\/2021\/09\/IMG_20210730_112641_\u526f\u672c.jpg\" alt=\"disk k\u0131r\u0131c\u0131\" class=\"wp-image-11397\" srcset=\"https:\/\/www.agriculture-machine.com\/wp-content\/uploads\/2021\/09\/IMG_20210730_112641_\u526f\u672c.jpg 720w, https:\/\/www.agriculture-machine.com\/wp-content\/uploads\/2021\/09\/IMG_20210730_112641_\u526f\u672c-360x270.jpg 360w, https:\/\/www.agriculture-machine.com\/wp-content\/uploads\/2021\/09\/IMG_20210730_112641_\u526f\u672c-240x180.jpg 240w\" sizes=\"auto, (max-width: 720px) 100vw, 720px\" \/><figcaption class=\"wp-element-caption\">disk k\u0131r\u0131c\u0131<\/figcaption><\/figure> <\/figure>    <h2 class=\"wp-block-heading\">\u00c7al\u0131\u015fma y\u00f6ntemleri<\/h2>    <p>1. This grain mill grinder&#8217;s package is as a whole. After unpacking, move it to an appropriate location, then place it steadily, and connect it to the power supply for trial use.<\/p>    <p>2. Before use, check whether there is any looseness and other abnormal phenomena in the transmission part of the machine. The direction of the machine&#8217;s operation should be consistent with the direction shown by the arrow.<\/p>    <p>3. Kullan\u0131mdan \u00f6nce 1-2 dakika bo\u015f \u00e7al\u0131\u015fma testi yap\u0131n ve herhangi bir anormallik olmad\u0131\u011f\u0131ndan emin olun. Malzeme beslemeden \u00f6nce, g\u00fc\u00e7 t\u00fcketimini ve motorun \u00e7al\u0131\u015fmas\u0131n\u0131 g\u00f6zlemleyin. Kademeli olarak malzeme ak\u0131\u015f\u0131n\u0131 art\u0131r\u0131n.<\/p>    <p>4. Malzeme \u00e7ok nemli ve yap\u0131\u015fkansa, toz \u00e7\u0131k\u0131\u015f\u0131n\u0131 etkiler, malzemenin kurutulmas\u0131 veya daha kal\u0131n bir elek kullan\u0131lmas\u0131 gerekir.<\/p>    <p>5. Makineyi durdurmadan \u00f6nce, beslemeyi durdurun ve makinenin 5-20 dakika \u00e7al\u0131\u015fmas\u0131na izin verin. Ama\u00e7, kal\u0131nt\u0131 malzemeleri azaltmakt\u0131r.<\/p>    <h2 class=\"wp-block-heading\">Tah\u0131l de\u011firmeni \u00f6\u011f\u00fct\u00fcc\u00fc avantajlar\u0131<\/h2>    <p>1. Y\u00fcksek verimlilik ve g\u00fc\u00e7l\u00fc k\u0131rma yetene\u011fi.<\/p>    <p>2. Y\u00fcksek h\u0131zl\u0131 d\u00f6nen \u00f6\u011f\u00fctme diski, malzeme par\u00e7alar\u0131na g\u00fc\u00e7l\u00fc bir etki yapar ve bu da g\u00fc\u00e7l\u00fc bir \u00f6\u011f\u00fctme etkisi sa\u011flar.<\/p>    <p>3. \u00dcretim s\u00fcrecinde y\u00fcksek esneklik: \u00e7eki\u00e7li de\u011firmenimiz \u00e7e\u015fitli ekranlarla kullan\u0131labilir, bu nedenle k\u0131rma, kaba ve ince \u00f6\u011f\u00fctme i\u00e7in uygundur.<\/p>    <p>4. Kullan\u0131m\u0131 kolay, g\u00fcvenli ve bak\u0131m\u0131 basittir. <\/p>    <p class=\"translation-block\">5. Makinenin geni\u015f uygulama alan\u0131 vard\u0131r, <a href=\"https:\/\/www.agriculture-machine.com\/tr\/corn-grinder-machine\/\">m\u0131s\u0131r \u00f6\u011f\u00fctme<\/a>, soya peyniri, ni\u015fasta ve pirin\u00e7 unu i\u00e7in uygundur ve di\u011fer g\u0131da end\u00fcstrilerinde de kullan\u0131labilir. <a href=\"https:\/\/www.agriculture-machine.com\/tr\/corn-grits-making-machine\/\">m\u0131s\u0131r \u00f6\u011f\u00fct\u00fclebilir<\/a>, bu\u011fday, pirin\u00e7, dar\u0131, soya fasulyesi ve di\u011fer \u00fcr\u00fcnleri kuru toz haline getirebilir.\u00a0<\/p>    <figure class=\"wp-block-gallery has-nested-images columns-default is-cropped wp-block-gallery-4 is-layout-flex wp-block-gallery-is-layout-flex\"> <figure class=\"wp-block-image size-large\"><img loading=\"lazy\" decoding=\"async\" width=\"720\" height=\"540\" data-id=\"11292\" src=\"https:\/\/www.agriculture-machine.com\/wp-content\/uploads\/2021\/08\/1-4.jpg\" alt=\"sonu\u00e7\" class=\"wp-image-11292\" srcset=\"https:\/\/www.agriculture-machine.com\/wp-content\/uploads\/2021\/08\/1-4.jpg 720w, https:\/\/www.agriculture-machine.com\/wp-content\/uploads\/2021\/08\/1-4-360x270.jpg 360w, https:\/\/www.agriculture-machine.com\/wp-content\/uploads\/2021\/08\/1-4-240x180.jpg 240w\" sizes=\"auto, (max-width: 720px) 100vw, 720px\" \/><figcaption class=\"wp-element-caption\">sonu\u00e7<\/figcaption><\/figure>    <figure class=\"wp-block-image size-large\"><img loading=\"lazy\" decoding=\"async\" width=\"720\" height=\"540\" data-id=\"11293\" src=\"https:\/\/www.agriculture-machine.com\/wp-content\/uploads\/2021\/08\/2-3.jpg\" alt=\"sonu\u00e7\" class=\"wp-image-11293\" srcset=\"https:\/\/www.agriculture-machine.com\/wp-content\/uploads\/2021\/08\/2-3.jpg 720w, https:\/\/www.agriculture-machine.com\/wp-content\/uploads\/2021\/08\/2-3-360x270.jpg 360w, https:\/\/www.agriculture-machine.com\/wp-content\/uploads\/2021\/08\/2-3-240x180.jpg 240w\" sizes=\"auto, (max-width: 720px) 100vw, 720px\" \/><figcaption class=\"wp-element-caption\">sonu\u00e7<\/figcaption><\/figure> <\/figure>    <h2 class=\"wp-block-heading\">Tah\u0131l de\u011firmeni \u00f6\u011f\u00fct\u00fcc\u00fc bak\u0131m\u0131<\/h2>    <p>1. Rutin olarak yataklar\u0131 kontrol edin ve makinenin normal \u00e7al\u0131\u015fmas\u0131n\u0131 sa\u011flamak i\u00e7in y\u00fcksek h\u0131zl\u0131 ya\u011f\u0131 de\u011fi\u015ftirin. A\u015f\u0131nm\u0131\u015f par\u00e7alar\u0131 s\u0131k s\u0131k kontrol edin. A\u011f\u0131r a\u015f\u0131nma varsa, zaman\u0131nda de\u011fi\u015ftirin.<\/p>    <p>2. Makine kullan\u0131l\u0131rken, spindle h\u0131z\u0131 kademeli olarak azalmaya ba\u015flarsa, motoru a\u015fa\u011f\u0131ya ayarlamal\u0131s\u0131n\u0131z. B\u00f6ylece makine belirtilen h\u0131za ula\u015fabilir. Bir anormallik varsa, makine kapat\u0131lmal\u0131 ve kontrol edilmelidir.<\/p>    <p>3. Metal malzemeler, \u00f6rne\u011fin \u00e7iviler, demir bloklar vb., makine \u00e7al\u0131\u015f\u0131rken i\u00e7eri girmemelidir. \u0130\u015f bitiminde, makinenin t\u00fcm par\u00e7alar\u0131ndaki kal\u0131nt\u0131lar\u0131 temizlemelisiniz. Uzun s\u00fcre kullan\u0131lmayacaksa, makineyi temizleyip bir branda ile \u00f6rtmelisiniz.<\/p>    <h2 class=\"wp-block-heading\">Verimlilik art\u0131rma program\u0131<\/h2>    <p>Yard\u0131mc\u0131 \u00f6nlemler almak, k\u0131r\u0131c\u0131 verimlili\u011fini etkili \u015fekilde art\u0131rabilir. K\u0131rma i\u015flemine havaland\u0131rma sistemi ekleyerek malzemelerin ekran deliklerinden ge\u00e7i\u015fini kolayla\u015ft\u0131rabilirsiniz. Bu, k\u0131r\u0131c\u0131lar\u0131n tarama verimlili\u011fini art\u0131r\u0131r ve k\u0131rma s\u0131ras\u0131nda bas\u0131nc\u0131 azalt\u0131r.<\/p>","protected":false},"excerpt":{"rendered":"<p>Bu tah\u0131l de\u011firmeni \u00f6\u011f\u00fct\u00fcc\u00fc, bu\u011fday, pirin\u00e7, m\u0131s\u0131r, dar\u0131, soya fasulyesi ve di\u011fer \u00fcr\u00fcnleri kuru toz haline getiren bir makinedir.\u00a0<\/p>","protected":false},"author":1,"featured_media":11289,"parent":0,"comment_status":"closed","ping_status":"closed","template":"","tags":[2631],"product-type":[873],"class_list":["post-11285","product","type-product","status-publish","has-post-thumbnail","hentry","tag-hammer","product-type-corn-grains-grinding-equipment"],"_links":{"self":[{"href":"https:\/\/www.agriculture-machine.com\/tr\/wp-json\/wp\/v2\/product\/11285","targetHints":{"allow":["GET"]}}],"collection":[{"href":"https:\/\/www.agriculture-machine.com\/tr\/wp-json\/wp\/v2\/product"}],"about":[{"href":"https:\/\/www.agriculture-machine.com\/tr\/wp-json\/wp\/v2\/types\/product"}],"author":[{"embeddable":true,"href":"https:\/\/www.agriculture-machine.com\/tr\/wp-json\/wp\/v2\/users\/1"}],"replies":[{"embeddable":true,"href":"https:\/\/www.agriculture-machine.com\/tr\/wp-json\/wp\/v2\/comments?post=11285"}],"wp:featuredmedia":[{"embeddable":true,"href":"https:\/\/www.agriculture-machine.com\/tr\/wp-json\/wp\/v2\/media\/11289"}],"wp:attachment":[{"href":"https:\/\/www.agriculture-machine.com\/tr\/wp-json\/wp\/v2\/media?parent=11285"}],"wp:term":[{"taxonomy":"post_tag","embeddable":true,"href":"https:\/\/www.agriculture-machine.com\/tr\/wp-json\/wp\/v2\/tags?post=11285"},{"taxonomy":"product-type","embeddable":true,"href":"https:\/\/www.agriculture-machine.com\/tr\/wp-json\/wp\/v2\/product-type?post=11285"}],"curies":[{"name":"wp","href":"https:\/\/api.w.org\/{rel}","templated":true}]}}