{"id":1139,"date":"2018-10-19T09:50:54","date_gmt":"2018-10-19T01:50:54","guid":{"rendered":"https:\/\/www.agriculture-machine.com\/?p=1139"},"modified":"2024-09-23T11:38:21","modified_gmt":"2024-09-23T03:38:21","slug":"palm-kernel-cracker-machine","status":"publish","type":"product","link":"https:\/\/www.agriculture-machine.com\/tr\/palm-kernel-cracker-machine\/","title":{"rendered":"Palmiye \u00c7ekirde\u011fi K\u0131rma Makinesi"},"content":{"rendered":"<p>Sert kabuk nedeniyle palmiye i\u015flemek farkl\u0131d\u0131r. Palmiye \u00e7ekirde\u011fi k\u0131rma makinesi kabu\u011fu \u00e7\u0131kar\u0131p iyi bir f\u0131nd\u0131k elde edebilir. Palmiye \u00e7ekirde\u011fi k\u0131rma makinesinin kapasitesi 300-400kg\/s ve 2.2kw motor, f\u0131nd\u0131k i\u00e7in daha az hasar, makinede kabuk ve f\u0131nd\u0131klar\u0131 ay\u0131rmak i\u00e7in ekran teli vard\u0131r. Palmiye \u00e7ekirde\u011fi k\u0131rma makinesi sadece palmiye i\u00e7in de\u011fil, ayn\u0131 zamanda badem, bademler, Amerikan f\u0131st\u0131\u011f\u0131, f\u0131nd\u0131k vb. i\u00e7in de uygundur. Palmiye \u00e7ekirde\u011fi k\u0131rma makineleri Nijerya, Pakistan vb. \u00fclkelerde iyi sat\u0131lmaktad\u0131r. \u00c7o\u011fu m\u00fc\u015fteri, kendi \u00fclkelerinden ald\u0131\u011f\u0131 ham madde ile palmiye \u00e7ekirde\u011fi k\u0131rma makinesini test etmek \u00fczere fabrikam\u0131z\u0131 ziyaret eder ve test sonu\u00e7lar\u0131ndan memnun kal\u0131rlar.<\/p> <p><img decoding=\"async\" src=\"https:\/\/www.agriculture-machine.com\/wp-content\/uploads\/2018\/10\/Palm-Kernel-cracker-machine-5.jpg\" style=\"width:380px;margin-right:20px;float:left;\"><img decoding=\"async\" src=\"https:\/\/www.agriculture-machine.com\/wp-content\/uploads\/2018\/10\/Palm-Kernel-cracker-machine-4.jpg\" style=\"width:380px;\"><\/p>","protected":false},"excerpt":{"rendered":"<p>It different to process the palm because of hard shell. Palm kernel cracker machine can remove the shell to get good nut. Capacity for palm kernel cracker machine\u00a0is 300-400kg\/h and 2.2kw motor, less damage for nut, the machine have screen mesh to separate\u00a0the shell and nuts. Palm kernel cracker machine\u00a0is not only for palm, also [&hellip;]<\/p>\n","protected":false},"author":1,"featured_media":1142,"parent":0,"comment_status":"closed","ping_status":"closed","template":"","tags":[2638,2637],"product-type":[918,1],"class_list":["post-1139","product","type-product","status-publish","has-post-thumbnail","hentry","tag-kernel","tag-palm","product-type-almond-cracker-and-separator","product-type-other"],"_links":{"self":[{"href":"https:\/\/www.agriculture-machine.com\/tr\/wp-json\/wp\/v2\/product\/1139","targetHints":{"allow":["GET"]}}],"collection":[{"href":"https:\/\/www.agriculture-machine.com\/tr\/wp-json\/wp\/v2\/product"}],"about":[{"href":"https:\/\/www.agriculture-machine.com\/tr\/wp-json\/wp\/v2\/types\/product"}],"author":[{"embeddable":true,"href":"https:\/\/www.agriculture-machine.com\/tr\/wp-json\/wp\/v2\/users\/1"}],"replies":[{"embeddable":true,"href":"https:\/\/www.agriculture-machine.com\/tr\/wp-json\/wp\/v2\/comments?post=1139"}],"wp:featuredmedia":[{"embeddable":true,"href":"https:\/\/www.agriculture-machine.com\/tr\/wp-json\/wp\/v2\/media\/1142"}],"wp:attachment":[{"href":"https:\/\/www.agriculture-machine.com\/tr\/wp-json\/wp\/v2\/media?parent=1139"}],"wp:term":[{"taxonomy":"post_tag","embeddable":true,"href":"https:\/\/www.agriculture-machine.com\/tr\/wp-json\/wp\/v2\/tags?post=1139"},{"taxonomy":"product-type","embeddable":true,"href":"https:\/\/www.agriculture-machine.com\/tr\/wp-json\/wp\/v2\/product-type?post=1139"}],"curies":[{"name":"wp","href":"https:\/\/api.w.org\/{rel}","templated":true}]}}