{"id":11394,"date":"2021-09-07T14:23:39","date_gmt":"2021-09-07T06:23:39","guid":{"rendered":"https:\/\/www.agriculture-machine.com\/?p=11394"},"modified":"2026-02-25T17:31:26","modified_gmt":"2026-02-25T09:31:26","slug":"rice-miller-machine-small-household-rice-mill-rice-milling-machine","status":"publish","type":"product","link":"https:\/\/www.agriculture-machine.com\/tr\/rice-miller-machine-small-household-rice-mill-rice-milling-machine\/","title":{"rendered":"Pirinc \u00f6\u011f\u00fct\u00fcc\u00fc makinesi | K\u00fc\u00e7\u00fck ev tipi pirin\u00e7 de\u011firmeni | Pirin\u00e7 de\u011firmen makinesi"},"content":{"rendered":"<h2 class=\"wp-block-heading\" id=\"h-introduction-of-rice-miller-machine\">Pirincin \u00f6\u011f\u00fct\u00fcc\u00fc makinenin tan\u0131t\u0131m\u0131<\/h2>    <p>Pirin\u00e7 de\u011firici makinesi, mekanik ekipman\u0131n kuvvetini kullanarak kahverengi pirinci soyup beyazlatan bir cihazd\u0131r.<\/p>    <h2 class=\"wp-block-heading\">Pirincin de\u011firmen makinesinin \u00e7al\u0131\u015fma prensibi<\/h2>    <p>Kahverengi pirin\u00e7, tahliye haznesinden beyazlatma odas\u0131na akarken, i\u00e7 bas\u0131n\u00e7 ve mekanik kuvvet nedeniyle, kahverengi pirin\u00e7 beyazlatma odas\u0131nda s\u0131k\u0131\u015f\u0131r. <\/p>    <p>Kahverengi pirin\u00e7 ile \u00f6\u011f\u00fctme tekerle\u011fi aras\u0131ndaki s\u00fcrt\u00fcnme ve temas sonucu, kahverengi pirincin kabuk tabakas\u0131n\u0131 h\u0131zla \u00e7\u0131karabilir ve belirli bir ayar s\u00fcresi i\u00e7inde beyaz pirin\u00e7le \u00f6l\u00e7\u00fclen ince beyazl\u0131k seviyesine ula\u015fabilir.<\/p>    <figure class=\"wp-block-embed is-type-video is-provider-youtube wp-block-embed-youtube wp-embed-aspect-4-3 wp-has-aspect-ratio\"><div class=\"wp-block-embed__wrapper\"> <iframe loading=\"lazy\" title=\"Motor tipi geli\u015ftirilmi\u015f pirin\u00e7 de\u011firmeni | Y\u00fcksek verimli pirin\u00e7 de\u011firmeni | Fabrika do\u011frudan pirin\u00e7 de\u011firmeni\" width=\"500\" height=\"375\" src=\"https:\/\/www.youtube.com\/embed\/BxvKOok0_f4?feature=oembed\" frameborder=\"0\" allow=\"accelerometer; autoplay; clipboard-write; encrypted-media; gyroscope; picture-in-picture; web-share\" referrerpolicy=\"strict-origin-when-cross-origin\" allowfullscreen><\/iframe> <\/div><\/figure>    <h2 class=\"wp-block-heading\">Pirincin \u00f6\u011f\u00fct\u00fcc\u00fc makinenin yap\u0131s\u0131<\/h2>    <p>Pirin\u00e7 de\u011firici makinesi, bir hazne, pirin\u00e7 \u00f6\u011f\u00fctme odas\u0131, bo\u015faltma deli\u011fi ve ayar kolundan olu\u015fur.<\/p>    <h2 class=\"wp-block-heading\">Pirin\u00e7 \u00f6\u011f\u00fctme makinesinin avantajlar\u0131<\/h2>    <p>Pirincin de\u011firmen makinesi kompakt yap\u0131ya ve g\u00fczel g\u00f6r\u00fcn\u00fcme sahiptir. Ayr\u0131ca, k\u00fc\u00e7\u00fck boyutu ta\u015f\u0131may\u0131 kolayla\u015ft\u0131r\u0131r. Daha d\u00fc\u015f\u00fck enerji t\u00fcketimi, uzun hizmet \u00f6mr\u00fc sa\u011flar. Kullan\u0131m\u0131 ve bak\u0131m\u0131 kolayd\u0131r. Ayr\u0131ca, \u00e7e\u015fitli pirin\u00e7 t\u00fcrleri i\u015flenebilir ve pirin\u00e7 kabu\u011fu ile pirin\u00e7 kepe\u011fi ayr\u0131labilir. <\/p>    <p>Generally, the rice yield rate of rice reaches more than 95%, and the broken rice rate is low. So that the processed finished rice is bright, white, fragrant, and very delicious. Small household rice mills can also be used for the dehulling of corn, wheat, barley, mung beans, buckwheat, and coffee. <\/p>    <p>Thus, it becomes a good machine for individual households, urban supermarkets, grain shops, farmers&#8217; markets, etc., for on-site processing.<\/p>    <h2 class=\"wp-block-heading\">Pirincin modelleri <\/h2>    <p>\u015eimdi, temel model, geli\u015ftirilmi\u015f model ve en yeni model olmak \u00fczere \u00fc\u00e7 farkl\u0131 pirin\u00e7 de\u011firmeni s\u0131n\u0131f\u0131m\u0131z var.<\/p>    <p>The basic model can meet daily production needs, but the upgraded model has been upgraded in color and function. The broken rice rate is low, so the rice milling efficiency is higher, and the performance is better. What&#8217;s more, the latest model adds the stone removal function compared to the upgraded model. <\/p>    <p>\u00c7\u00fcnk\u00fc ta\u015flar, demir bloklar gibi sert nesneler pirin\u00e7 de\u011firmen odas\u0131na girerse, bu, pirin\u00e7 de\u011firmen odas\u0131n\u0131n \u00e7al\u0131\u015fma par\u00e7alar\u0131na geri d\u00f6n\u00fc\u015f\u00fc olmayan hasar verir ve b\u00f6ylece pirin\u00e7 de\u011firmen makinesinin hizmet \u00f6mr\u00fcn\u00fc azalt\u0131r. <\/p>    <p>Bu nedenle, en yeni pirin\u00e7 de\u011firmeninin ta\u015f \u00e7\u0131karma par\u00e7alar\u0131n\u0131n art\u0131r\u0131lmas\u0131, bu t\u00fcr hasarlar\u0131 azaltabilir ve hizmet \u00f6mr\u00fcn\u00fc uzatabilir. Ayn\u0131 zamanda, \u00f6\u011f\u00fct\u00fclm\u00fc\u015f pirin\u00e7 daha \u015feffaf ve beyaz hale gelir.<\/p>    <h3 class=\"wp-block-heading\">Temel model<\/h3>    <figure class=\"wp-block-gallery has-nested-images columns-2 is-cropped wp-block-gallery-2 is-layout-flex wp-block-gallery-is-layout-flex\"> <figure class=\"wp-block-image size-large\"><a href=\"https:\/\/www.agriculture-machine.com\/wp-content\/uploads\/2021\/09\/the-basic-model-rice-miller-machine-40x.jpg\"><img loading=\"lazy\" decoding=\"async\" width=\"720\" height=\"540\" data-id=\"11410\" src=\"https:\/\/www.agriculture-machine.com\/wp-content\/uploads\/2021\/09\/the-basic-model-rice-miller-machine-40x.jpg\" alt=\"temel-model-pirin\u00e7-de\u011firmeni-40x\" class=\"wp-image-11410\" srcset=\"https:\/\/www.agriculture-machine.com\/wp-content\/uploads\/2021\/09\/the-basic-model-rice-miller-machine-40x.jpg 720w, https:\/\/www.agriculture-machine.com\/wp-content\/uploads\/2021\/09\/the-basic-model-rice-miller-machine-40x-360x270.jpg 360w, https:\/\/www.agriculture-machine.com\/wp-content\/uploads\/2021\/09\/the-basic-model-rice-miller-machine-40x-240x180.jpg 240w\" sizes=\"auto, (max-width: 720px) 100vw, 720px\" \/><\/a><figcaption class=\"wp-element-caption\">temel-model-pirin\u00e7-de\u011firmeni-40x<\/figcaption><\/figure>    <figure class=\"wp-block-image size-large\"><a href=\"https:\/\/www.agriculture-machine.com\/wp-content\/uploads\/2021\/09\/the-basic-model-rice-mill-40B.jpg\"><img loading=\"lazy\" decoding=\"async\" width=\"720\" height=\"540\" data-id=\"11409\" src=\"https:\/\/www.agriculture-machine.com\/wp-content\/uploads\/2021\/09\/the-basic-model-rice-mill-40B.jpg\" alt=\"temel-model-pirin\u00e7-de\u011firmeni-40B\" class=\"wp-image-11409\" srcset=\"https:\/\/www.agriculture-machine.com\/wp-content\/uploads\/2021\/09\/the-basic-model-rice-mill-40B.jpg 720w, https:\/\/www.agriculture-machine.com\/wp-content\/uploads\/2021\/09\/the-basic-model-rice-mill-40B-360x270.jpg 360w, https:\/\/www.agriculture-machine.com\/wp-content\/uploads\/2021\/09\/the-basic-model-rice-mill-40B-240x180.jpg 240w\" sizes=\"auto, (max-width: 720px) 100vw, 720px\" \/><\/a><figcaption class=\"wp-element-caption\">temel-model-pirin\u00e7-de\u011firmeni-40B<\/figcaption><\/figure>    <figure class=\"wp-block-image size-large\"><a href=\"https:\/\/www.agriculture-machine.com\/wp-content\/uploads\/2021\/09\/The-basic-model-rice-milling-machine-80.jpg\"><img loading=\"lazy\" decoding=\"async\" width=\"720\" height=\"540\" data-id=\"11411\" src=\"https:\/\/www.agriculture-machine.com\/wp-content\/uploads\/2021\/09\/The-basic-model-rice-milling-machine-80.jpg\" alt=\"Temel-model-pirin\u00e7-de\u011firmeni-80\" class=\"wp-image-11411\" srcset=\"https:\/\/www.agriculture-machine.com\/wp-content\/uploads\/2021\/09\/The-basic-model-rice-milling-machine-80.jpg 720w, https:\/\/www.agriculture-machine.com\/wp-content\/uploads\/2021\/09\/The-basic-model-rice-milling-machine-80-360x270.jpg 360w, https:\/\/www.agriculture-machine.com\/wp-content\/uploads\/2021\/09\/The-basic-model-rice-milling-machine-80-240x180.jpg 240w\" sizes=\"auto, (max-width: 720px) 100vw, 720px\" \/><\/a><figcaption class=\"wp-element-caption\">Temel-model-pirin\u00e7-de\u011firmeni-80<\/figcaption><\/figure>    <figure class=\"wp-block-image size-large\"><a href=\"https:\/\/www.agriculture-machine.com\/wp-content\/uploads\/2021\/09\/the-basic-model-Direct-connected-rice-mill.jpg\"><img loading=\"lazy\" decoding=\"async\" width=\"720\" height=\"540\" data-id=\"11408\" src=\"https:\/\/www.agriculture-machine.com\/wp-content\/uploads\/2021\/09\/the-basic-model-Direct-connected-rice-mill.jpg\" alt=\"temel-model-do\u011frudan-ba\u011flant\u0131l\u0131-pirin\u00e7-de\u011firmeni\" class=\"wp-image-11408\" srcset=\"https:\/\/www.agriculture-machine.com\/wp-content\/uploads\/2021\/09\/the-basic-model-Direct-connected-rice-mill.jpg 720w, https:\/\/www.agriculture-machine.com\/wp-content\/uploads\/2021\/09\/the-basic-model-Direct-connected-rice-mill-360x270.jpg 360w, https:\/\/www.agriculture-machine.com\/wp-content\/uploads\/2021\/09\/the-basic-model-Direct-connected-rice-mill-240x180.jpg 240w\" sizes=\"auto, (max-width: 720px) 100vw, 720px\" \/><\/a><figcaption class=\"wp-element-caption\">temel-model-do\u011frudan-ba\u011flant\u0131l\u0131-pirin\u00e7-de\u011firmeni<\/figcaption><\/figure> <\/figure>    <h3 class=\"wp-block-heading\">Geli\u015ftirilmi\u015f model<\/h3>    <figure class=\"wp-block-gallery has-nested-images columns-default is-cropped wp-block-gallery-3 is-layout-flex wp-block-gallery-is-layout-flex\"> <figure class=\"wp-block-image size-large\"><a href=\"https:\/\/www.agriculture-machine.com\/wp-content\/uploads\/2021\/09\/The-upgraded-model-rice-mill.jpg\"><img loading=\"lazy\" decoding=\"async\" width=\"720\" height=\"540\" data-id=\"11415\" src=\"https:\/\/www.agriculture-machine.com\/wp-content\/uploads\/2021\/09\/The-upgraded-model-rice-mill.jpg\" alt=\"Geli\u015ftirilmi\u015f model pirin\u00e7 de\u011firmeni\" class=\"wp-image-11415\" srcset=\"https:\/\/www.agriculture-machine.com\/wp-content\/uploads\/2021\/09\/The-upgraded-model-rice-mill.jpg 720w, https:\/\/www.agriculture-machine.com\/wp-content\/uploads\/2021\/09\/The-upgraded-model-rice-mill-360x270.jpg 360w, https:\/\/www.agriculture-machine.com\/wp-content\/uploads\/2021\/09\/The-upgraded-model-rice-mill-240x180.jpg 240w\" sizes=\"auto, (max-width: 720px) 100vw, 720px\" \/><\/a><figcaption class=\"wp-element-caption\">Geli\u015ftirilmi\u015f model pirin\u00e7 de\u011firmeni<\/figcaption><\/figure>    <figure class=\"wp-block-image size-large\"><a href=\"https:\/\/www.agriculture-machine.com\/wp-content\/uploads\/2021\/09\/Upgraded-rice-mill-with-grinding-and-refining-function.jpg\"><img loading=\"lazy\" decoding=\"async\" width=\"720\" height=\"540\" data-id=\"11416\" src=\"https:\/\/www.agriculture-machine.com\/wp-content\/uploads\/2021\/09\/Upgraded-rice-mill-with-grinding-and-refining-function.jpg\" alt=\"Geli\u015ftirilmi\u015f pirin\u00e7 de\u011firmeni, \u00f6\u011f\u00fctme ve rafine fonksiyonlar\u0131yla\" class=\"wp-image-11416\" srcset=\"https:\/\/www.agriculture-machine.com\/wp-content\/uploads\/2021\/09\/Upgraded-rice-mill-with-grinding-and-refining-function.jpg 720w, https:\/\/www.agriculture-machine.com\/wp-content\/uploads\/2021\/09\/Upgraded-rice-mill-with-grinding-and-refining-function-360x270.jpg 360w, https:\/\/www.agriculture-machine.com\/wp-content\/uploads\/2021\/09\/Upgraded-rice-mill-with-grinding-and-refining-function-240x180.jpg 240w\" sizes=\"auto, (max-width: 720px) 100vw, 720px\" \/><\/a><figcaption class=\"wp-element-caption\">Geli\u015ftirilmi\u015f pirin\u00e7 de\u011firmeni, \u00f6\u011f\u00fctme ve rafine fonksiyonlar\u0131yla<\/figcaption><\/figure> <\/figure>    <h3 class=\"wp-block-heading\">En yeni model<\/h3>    <figure class=\"wp-block-gallery has-nested-images columns-default is-cropped wp-block-gallery-4 is-layout-flex wp-block-gallery-is-layout-flex\"> <figure class=\"wp-block-image size-large\"><a href=\"https:\/\/www.agriculture-machine.com\/wp-content\/uploads\/2021\/09\/The-latest-model-rice-mill-with-stone-remover.jpg\"><img loading=\"lazy\" decoding=\"async\" width=\"720\" height=\"540\" data-id=\"11417\" src=\"https:\/\/www.agriculture-machine.com\/wp-content\/uploads\/2021\/09\/The-latest-model-rice-mill-with-stone-remover.jpg\" alt=\"En yeni model ta\u015f gidericili pirin\u00e7 de\u011firmeni\" class=\"wp-image-11417\" srcset=\"https:\/\/www.agriculture-machine.com\/wp-content\/uploads\/2021\/09\/The-latest-model-rice-mill-with-stone-remover.jpg 720w, https:\/\/www.agriculture-machine.com\/wp-content\/uploads\/2021\/09\/The-latest-model-rice-mill-with-stone-remover-360x270.jpg 360w, https:\/\/www.agriculture-machine.com\/wp-content\/uploads\/2021\/09\/The-latest-model-rice-mill-with-stone-remover-240x180.jpg 240w\" sizes=\"auto, (max-width: 720px) 100vw, 720px\" \/><\/a><figcaption class=\"wp-element-caption\">En yeni model ta\u015f gidericili pirin\u00e7 de\u011firmeni<\/figcaption><\/figure>    <figure class=\"wp-block-image size-large\"><a href=\"https:\/\/www.agriculture-machine.com\/wp-content\/uploads\/2021\/09\/The-latest-model-rice-milling-machine-with-stone-remover.jpg\"><img loading=\"lazy\" decoding=\"async\" width=\"720\" height=\"540\" data-id=\"11413\" src=\"https:\/\/www.agriculture-machine.com\/wp-content\/uploads\/2021\/09\/The-latest-model-rice-milling-machine-with-stone-remover.jpg\" alt=\"En yeni model ta\u015f gidericili pirin\u00e7 de\u011firmeni\" class=\"wp-image-11413\" srcset=\"https:\/\/www.agriculture-machine.com\/wp-content\/uploads\/2021\/09\/The-latest-model-rice-milling-machine-with-stone-remover.jpg 720w, https:\/\/www.agriculture-machine.com\/wp-content\/uploads\/2021\/09\/The-latest-model-rice-milling-machine-with-stone-remover-360x270.jpg 360w, https:\/\/www.agriculture-machine.com\/wp-content\/uploads\/2021\/09\/The-latest-model-rice-milling-machine-with-stone-remover-240x180.jpg 240w\" sizes=\"auto, (max-width: 720px) 100vw, 720px\" \/><\/a><figcaption class=\"wp-element-caption\">En yeni model ta\u015f gidericili pirin\u00e7 de\u011firmeni<\/figcaption><\/figure> <\/figure>    <h2 class=\"wp-block-heading\" id=\"h-working-video-of-rice-mill\">Pirin\u00e7 de\u011firmeninin \u00e7al\u0131\u015fma videosu<\/h2>    <figure class=\"wp-block-embed is-type-video is-provider-youtube wp-block-embed-youtube wp-embed-aspect-4-3 wp-has-aspect-ratio\"><div class=\"wp-block-embed__wrapper\"> <iframe loading=\"lazy\" title=\"Benzinli \u00e7al\u0131\u015fan pirin\u00e7 de\u011firmeni|pirin\u00e7 de\u011firmeni|pirin\u00e7 de\u011firmen makinesi|Y\u00fcksek verimli pirin\u00e7 de\u011firmeni\" width=\"500\" height=\"375\" src=\"https:\/\/www.youtube.com\/embed\/qViU3o8LdnQ?feature=oembed\" frameborder=\"0\" allow=\"accelerometer; autoplay; clipboard-write; encrypted-media; gyroscope; picture-in-picture; web-share\" referrerpolicy=\"strict-origin-when-cross-origin\" allowfullscreen><\/iframe> <\/div><\/figure>    <h2 class=\"wp-block-heading\">Pirin\u00e7 de\u011firmeninin parametreleri<\/h2>    <figure class=\"wp-block-table\"><table><tbody><tr><td>Model <\/td><td>Tip 80 Pirin\u00e7 De\u011firmeni<\/td><\/tr><tr><td>Mil h\u0131z\u0131 <\/td><td>1600r\/dak<\/td><\/tr><tr><td>Metre silindiri \u00e7ap\u0131<\/td><td>80mm<\/td><\/tr><tr><td>Verimlilik<\/td><td>\u2265150kg\/saat<\/td><\/tr><tr><td>Pirincin \u00e7\u0131k\u0131\u015f oran\u0131<\/td><td>\u226565%<\/td><\/tr><tr><td>K\u0131r\u0131k pirin\u00e7 oran\u0131<\/td><td>\u226430%<\/td><\/tr><tr><td>Ton ba\u015f\u0131na elektrik t\u00fcketimi <\/td><td>\u226412KW.h\/t<\/td><\/tr><tr><td>Gerilim<\/td><td>220v<\/td><\/tr><tr><td>De\u011ferlendirilmi\u015f g\u00fc\u00e7 <\/td><td>2.2KW<\/td><\/tr><tr><td>Aksesuarlar <\/td><td>Giri\u015f ve \u00e7\u0131k\u0131\u015f haznesi, motor, tekerlek V kay\u0131\u015f\u0131<\/td><\/tr><tr><td>Boyutlar (mm) <\/td><td>670x400x1090<\/td><\/tr><tr><td>Ambalaj boyutu (mm) <\/td><td>590x660x340<\/td><\/tr><tr><td>A\u011f\u0131rl\u0131k<\/td><td>30kg<\/td><\/tr><\/tbody><\/table><\/figure>    <h2 class=\"wp-block-heading\">Farkl\u0131 konfig\u00fcrasyonlardaki pirin\u00e7 de\u011firmeni<\/h2>    <p>\u0130htiyac\u0131n\u0131za g\u00f6re Shakron toz giderme cihaz\u0131 ve kendi emi\u015fli besleme cihaz\u0131 ekleyebilirsiniz. Ayr\u0131ca, elektrik eri\u015fimi zor ise, benzin motoru ile de donat\u0131labilir.<\/p>    <figure class=\"wp-block-gallery has-nested-images columns-default is-cropped wp-block-gallery-5 is-layout-flex wp-block-gallery-is-layout-flex\"> <figure class=\"wp-block-image size-large\"><a href=\"https:\/\/www.agriculture-machine.com\/wp-content\/uploads\/2021\/09\/Rice-mill-with-Shacron-dust-removal-device.jpg\"><img loading=\"lazy\" decoding=\"async\" width=\"720\" height=\"540\" data-id=\"11418\" src=\"https:\/\/www.agriculture-machine.com\/wp-content\/uploads\/2021\/09\/Rice-mill-with-Shacron-dust-removal-device.jpg\" alt=\"Shakron toz giderme cihazl\u0131 pirin\u00e7 de\u011firmeni\" class=\"wp-image-11418\" srcset=\"https:\/\/www.agriculture-machine.com\/wp-content\/uploads\/2021\/09\/Rice-mill-with-Shacron-dust-removal-device.jpg 720w, https:\/\/www.agriculture-machine.com\/wp-content\/uploads\/2021\/09\/Rice-mill-with-Shacron-dust-removal-device-360x270.jpg 360w, https:\/\/www.agriculture-machine.com\/wp-content\/uploads\/2021\/09\/Rice-mill-with-Shacron-dust-removal-device-240x180.jpg 240w\" sizes=\"auto, (max-width: 720px) 100vw, 720px\" \/><\/a><figcaption class=\"wp-element-caption\">Shackron toz giderme cihazl\u0131 pirin\u00e7 de\u011firmeni<\/figcaption><\/figure> <\/figure>","protected":false},"excerpt":{"rendered":"<p>Introduction of rice miller machine The rice miller machine is a device that uses the force of mechanical equipment to peel and whitens brown rice. Working principle of the rice miller machine When the brown rice flows from the hopper into the whitening chamber, due to the internal pressure of the pressing thallium and the [&hellip;]<\/p>\n","protected":false},"author":1,"featured_media":11421,"parent":0,"comment_status":"closed","ping_status":"closed","template":"","tags":[796],"product-type":[875],"class_list":["post-11394","product","type-product","status-publish","has-post-thumbnail","hentry","tag-rice","product-type-rice-mill-category"],"_links":{"self":[{"href":"https:\/\/www.agriculture-machine.com\/tr\/wp-json\/wp\/v2\/product\/11394","targetHints":{"allow":["GET"]}}],"collection":[{"href":"https:\/\/www.agriculture-machine.com\/tr\/wp-json\/wp\/v2\/product"}],"about":[{"href":"https:\/\/www.agriculture-machine.com\/tr\/wp-json\/wp\/v2\/types\/product"}],"author":[{"embeddable":true,"href":"https:\/\/www.agriculture-machine.com\/tr\/wp-json\/wp\/v2\/users\/1"}],"replies":[{"embeddable":true,"href":"https:\/\/www.agriculture-machine.com\/tr\/wp-json\/wp\/v2\/comments?post=11394"}],"wp:featuredmedia":[{"embeddable":true,"href":"https:\/\/www.agriculture-machine.com\/tr\/wp-json\/wp\/v2\/media\/11421"}],"wp:attachment":[{"href":"https:\/\/www.agriculture-machine.com\/tr\/wp-json\/wp\/v2\/media?parent=11394"}],"wp:term":[{"taxonomy":"post_tag","embeddable":true,"href":"https:\/\/www.agriculture-machine.com\/tr\/wp-json\/wp\/v2\/tags?post=11394"},{"taxonomy":"product-type","embeddable":true,"href":"https:\/\/www.agriculture-machine.com\/tr\/wp-json\/wp\/v2\/product-type?post=11394"}],"curies":[{"name":"wp","href":"https:\/\/api.w.org\/{rel}","templated":true}]}}