{"id":11439,"date":"2021-09-10T11:36:56","date_gmt":"2021-09-10T03:36:56","guid":{"rendered":"https:\/\/www.agriculture-machine.com\/?p=11439"},"modified":"2024-09-18T15:52:14","modified_gmt":"2024-09-18T07:52:14","slug":"combined-rice-mill-rice-milling-and-crushing-machine","status":"publish","type":"product","link":"https:\/\/www.agriculture-machine.com\/tr\/combined-rice-mill-rice-milling-and-crushing-machine\/","title":{"rendered":"Birle\u015fik pirin\u00e7 de\u011firmeni | Pirin\u00e7 \u00f6\u011f\u00fctme ve k\u0131rma makinesi"},"content":{"rendered":"<h2 class=\"wp-block-heading\" id=\"h-introduction-of-rice-milling-and-crushing-combined-machine\">Pirincin \u00f6\u011f\u00fctme ve k\u0131rma kombine makinesinin tan\u0131t\u0131m\u0131<\/h2>    <p>Kombine pirin\u00e7 de\u011firmeni, pirin\u00e7 de\u011firmenine bir k\u0131r\u0131c\u0131 ekleyerek, bir makinenin iki farkl\u0131 fonksiyona sahip olmas\u0131n\u0131 sa\u011flar. Bu sayede, hem \u00e7ok ama\u00e7l\u0131 kullan\u0131labilir hem de m\u00fc\u015fterilerin \u00fcretim maliyetleri azalt\u0131labilir.<\/p>    <figure class=\"wp-block-embed is-type-video is-provider-youtube wp-block-embed-youtube wp-embed-aspect-16-9 wp-has-aspect-ratio\"><div class=\"wp-block-embed__wrapper\"> <iframe loading=\"lazy\" title=\"Dolap tipi pirin\u00e7 \u00f6\u011f\u00fctme ve k\u0131rma kombine makinesi | kolay saklama, kombine pirin\u00e7 de\u011firmeni\" width=\"500\" height=\"281\" src=\"https:\/\/www.youtube.com\/embed\/Tc7TcedbRMQ?feature=oembed\" frameborder=\"0\" allow=\"accelerometer; autoplay; clipboard-write; encrypted-media; gyroscope; picture-in-picture; web-share\" referrerpolicy=\"strict-origin-when-cross-origin\" allowfullscreen><\/iframe> <\/div><figcaption class=\"wp-element-caption\">kombine pirin\u00e7 de\u011firmeni \u00e7al\u0131\u015fma alan\u0131<\/figcaption><\/figure>    <p class=\"translation-block\">Ayn\u0131 zamanda, iki makine tek bir motor kullan\u0131r, bu da daha verimlidir. M\u0131s\u0131r, soya fasulyesi, biber, t\u0131bbi malzemeler, baharatlar vb. k\u0131rmak i\u00e7in uygundur. Bu nedenle <a href=\"https:\/\/www.agriculture-machine.com\/tr\/uses-and-maintenance-of-rice-mill-machine\/\">fabrikalar, k\u0131rsal evler, yem i\u015fleme tesisleri, k\u00fc\u00e7\u00fck i\u015fletmeler ve di\u011fer yerlerde yayg\u0131n olarak kullan\u0131l\u0131r<\/a>. Ayr\u0131ca, m\u00fc\u015fteriler kendi ihtiya\u00e7lar\u0131na g\u00f6re farkl\u0131 modeller ve farkl\u0131 \u00e7\u0131k\u0131\u015flar se\u00e7ebilirler.<\/p>    <h2 class=\"wp-block-heading\">Pirince \u00f6\u011f\u00fctme ve k\u0131rma makinesinin yap\u0131s\u0131<\/h2>    <p>Makine esasen d\u00f6rt b\u00f6l\u00fcmden olu\u015fur: pirin\u00e7 makinesi, de\u011firmen, motor ve \u00e7er\u00e7eve. Kombine pirin\u00e7 de\u011firmeni, makine kapa\u011f\u0131, pirin\u00e7 silindiri, pirin\u00e7 elekleri, b\u0131\u00e7ak, besleyici, ay\u0131r\u0131c\u0131, kasnak ve ayar cihaz\u0131ndan olu\u015fur. K\u0131r\u0131c\u0131, besleme hunisi, k\u0131rma odas\u0131, bo\u015faltma deli\u011fi, \u00e7er\u00e7eve ve di\u011fer par\u00e7alardan olu\u015fur.<\/p>    <figure class=\"wp-block-gallery has-nested-images columns-2 is-cropped wp-block-gallery-2 is-layout-flex wp-block-gallery-is-layout-flex\"> <figure class=\"wp-block-image size-large\"><a href=\"https:\/\/www.agriculture-machine.com\/wp-content\/uploads\/2021\/09\/structure-of-the-rice-mill-part-of-the-combined-rice-mill.jpg\"><img loading=\"lazy\" decoding=\"async\" width=\"720\" height=\"540\" data-id=\"11445\" src=\"https:\/\/www.agriculture-machine.com\/wp-content\/uploads\/2021\/09\/structure-of-the-rice-mill-part-of-the-combined-rice-mill.jpg\" alt=\"pirin\u00e7 de\u011firmeninin yap\u0131s\u0131 ve b\u00f6l\u00fcmleri\" class=\"wp-image-11445\" srcset=\"https:\/\/www.agriculture-machine.com\/wp-content\/uploads\/2021\/09\/structure-of-the-rice-mill-part-of-the-combined-rice-mill.jpg 720w, https:\/\/www.agriculture-machine.com\/wp-content\/uploads\/2021\/09\/structure-of-the-rice-mill-part-of-the-combined-rice-mill-360x270.jpg 360w, https:\/\/www.agriculture-machine.com\/wp-content\/uploads\/2021\/09\/structure-of-the-rice-mill-part-of-the-combined-rice-mill-240x180.jpg 240w\" sizes=\"auto, (max-width: 720px) 100vw, 720px\" \/><\/a><figcaption class=\"wp-element-caption\">kombine pirin\u00e7 de\u011firmeni<\/figcaption><\/figure>    <figure class=\"wp-block-image size-large\"><a href=\"https:\/\/www.agriculture-machine.com\/wp-content\/uploads\/2021\/09\/structure-of-the-rice-mill-part-of-the-rice-milling-and-crushing-machine.jpg\"><img loading=\"lazy\" decoding=\"async\" width=\"720\" height=\"540\" data-id=\"11446\" src=\"https:\/\/www.agriculture-machine.com\/wp-content\/uploads\/2021\/09\/structure-of-the-rice-mill-part-of-the-rice-milling-and-crushing-machine.jpg\" alt=\"pirin\u00e7 de\u011firmeninin yap\u0131s\u0131 ve b\u00f6l\u00fcmleri\" class=\"wp-image-11446\" srcset=\"https:\/\/www.agriculture-machine.com\/wp-content\/uploads\/2021\/09\/structure-of-the-rice-mill-part-of-the-rice-milling-and-crushing-machine.jpg 720w, https:\/\/www.agriculture-machine.com\/wp-content\/uploads\/2021\/09\/structure-of-the-rice-mill-part-of-the-rice-milling-and-crushing-machine-360x270.jpg 360w, https:\/\/www.agriculture-machine.com\/wp-content\/uploads\/2021\/09\/structure-of-the-rice-mill-part-of-the-rice-milling-and-crushing-machine-240x180.jpg 240w\" sizes=\"auto, (max-width: 720px) 100vw, 720px\" \/><\/a><figcaption class=\"wp-element-caption\">pirin\u00e7 de\u011firici makinesi<\/figcaption><\/figure>    <figure class=\"wp-block-image size-large\"><a href=\"https:\/\/www.agriculture-machine.com\/wp-content\/uploads\/2021\/09\/structure-of-the-crushing-part-of-the-combined-rice-mill-1.jpg\"><img loading=\"lazy\" decoding=\"async\" width=\"720\" height=\"540\" data-id=\"11449\" src=\"https:\/\/www.agriculture-machine.com\/wp-content\/uploads\/2021\/09\/structure-of-the-crushing-part-of-the-combined-rice-mill-1.jpg\" alt=\"k\u0131rma b\u00f6l\u00fcm\u00fcn\u00fcn yap\u0131s\u0131 ve b\u00f6l\u00fcmleri\" class=\"wp-image-11449\" srcset=\"https:\/\/www.agriculture-machine.com\/wp-content\/uploads\/2021\/09\/structure-of-the-crushing-part-of-the-combined-rice-mill-1.jpg 720w, https:\/\/www.agriculture-machine.com\/wp-content\/uploads\/2021\/09\/structure-of-the-crushing-part-of-the-combined-rice-mill-1-360x270.jpg 360w, https:\/\/www.agriculture-machine.com\/wp-content\/uploads\/2021\/09\/structure-of-the-crushing-part-of-the-combined-rice-mill-1-240x180.jpg 240w\" sizes=\"auto, (max-width: 720px) 100vw, 720px\" \/><\/a><figcaption class=\"wp-element-caption\">pirin\u00e7 i\u015fleme makinesi<\/figcaption><\/figure>    <figure class=\"wp-block-image size-large\"><a href=\"https:\/\/www.agriculture-machine.com\/wp-content\/uploads\/2021\/09\/structure-of-the-crushing-part-of-the-rice-milling-and-crushing-machine.jpg\"><img loading=\"lazy\" decoding=\"async\" width=\"720\" height=\"540\" data-id=\"11450\" src=\"https:\/\/www.agriculture-machine.com\/wp-content\/uploads\/2021\/09\/structure-of-the-crushing-part-of-the-rice-milling-and-crushing-machine.jpg\" alt=\"k\u0131rma b\u00f6l\u00fcm\u00fcn\u00fcn yap\u0131s\u0131\" class=\"wp-image-11450\" srcset=\"https:\/\/www.agriculture-machine.com\/wp-content\/uploads\/2021\/09\/structure-of-the-crushing-part-of-the-rice-milling-and-crushing-machine.jpg 720w, https:\/\/www.agriculture-machine.com\/wp-content\/uploads\/2021\/09\/structure-of-the-crushing-part-of-the-rice-milling-and-crushing-machine-360x270.jpg 360w, https:\/\/www.agriculture-machine.com\/wp-content\/uploads\/2021\/09\/structure-of-the-crushing-part-of-the-rice-milling-and-crushing-machine-240x180.jpg 240w\" sizes=\"auto, (max-width: 720px) 100vw, 720px\" \/><\/a><figcaption class=\"wp-element-caption\">beyaz pirin\u00e7 yapma makinesi<\/figcaption><\/figure> <\/figure>    <h2 class=\"wp-block-heading\">Kombine pirin\u00e7 de\u011firmeninin avantajlar\u0131 <\/h2>    <ol class=\"wp-block-list\"> <li>Bu makinenin pirin\u00e7 \u00f6\u011f\u00fctme b\u00f6l\u00fcm\u00fc, pirinci bir seferde i\u015fleyebilir ve pirin\u00e7, kepek ve k\u0131r\u0131k pirin\u00e7 ayr\u0131m\u0131n\u0131 ayn\u0131 anda tamamlar. K\u0131rma b\u00f6l\u00fcm\u00fc, pirin\u00e7, m\u0131s\u0131r, sorgum, fasulye, patates ve saplar\u0131 k\u0131rmak i\u00e7in kullan\u0131labilir.<\/li>    <li>G\u00f6vde y\u00fcksek kaliteli malzemelerden yap\u0131lm\u0131\u015ft\u0131r, kal\u0131nla\u015ft\u0131r\u0131lm\u0131\u015f \u00e7elik levha, sa\u011flam ve dayan\u0131kl\u0131, g\u00fczel ve c\u00f6mert.<\/li>    <li>M\u00fckemmel motor, g\u00fc\u00e7l\u00fc ve stabil g\u00fc\u00e7 sa\u011flar.<\/li>    <li>Bu kombine pirin\u00e7 de\u011firmeni, makul yap\u0131, kompakt model, basit kullan\u0131m, kolay bak\u0131m, h\u0131zl\u0131 pirin\u00e7 \u00f6\u011f\u00fctme h\u0131z\u0131, d\u00fc\u015f\u00fck g\u00fc\u00e7 t\u00fcketimi, g\u00fcvenlik ve g\u00fcvenilirlik avantajlar\u0131na sahiptir.<\/li>    <li>Pirince \u00f6\u011f\u00fctme odas\u0131, bir par\u00e7a d\u00f6k\u00fcm olup, her iki u\u00e7ta destek tasar\u0131m\u0131, pirin\u00e7 silindrinin daha stabil olmas\u0131n\u0131 sa\u011flar, k\u0131r\u0131k pirin\u00e7 oran\u0131n\u0131 etkili bi\u00e7imde azalt\u0131r ve pirin\u00e7 silindrinin \u00f6mr\u00fcn\u00fc uzat\u0131r.<\/li>    <li>Pirincin silindire destekli tasar\u0131m\u0131, \u00e7al\u0131\u015f\u0131rken daha stabil olmas\u0131n\u0131 sa\u011flar, k\u0131r\u0131k pirin\u00e7 oran\u0131n\u0131 azalt\u0131r ve pirin\u00e7 silindrinin \u00f6mr\u00fcn\u00fc uzat\u0131r.<\/li>    <li>Geleneksel pirin\u00e7 b\u0131\u00e7aklar\u0131 yerine paslanmaz \u00e7elikten yap\u0131lm\u0131\u015f pirin\u00e7 rulolar kullan\u0131l\u0131r ve performans\u0131 \u00fcst\u00fcn olur. \u00c7elik fan t\u00fcp\u00fc daha dayan\u0131kl\u0131d\u0131r, kolay k\u0131r\u0131lmaz ve uzun \u00f6m\u00fcr sa\u011flar.<\/li>    <li>Pirince elek takmak i\u00e7in bo\u015fluk boyutunu se\u00e7ebilirsiniz.<\/li> <\/ol>    <h2 class=\"wp-block-heading\">Pirincin \u00f6\u011f\u00fctme ve k\u0131rma makinesinin \u00e7al\u0131\u015fma prensibi<\/h2>    <h3 class=\"wp-block-heading\">Pirincin \u00f6\u011f\u00fct\u00fcc\u00fc b\u00f6l\u00fcm\u00fc:<\/h3>    <p>Pirincin besleyiciye girmesiyle, pirin\u00e7 rulolar ve pirin\u00e7 b\u0131\u00e7aklar\u0131 taraf\u0131ndan s\u0131k\u0131l\u0131r. Bu ad\u0131mda, pirin\u00e7 kabu\u011fu \u00e7\u0131kar\u0131l\u0131r ve bo\u015faltma deli\u011fine y\u00f6nlendirilir. <\/p>    <p>Benzersiz bo\u015faltma deli\u011fi tasar\u0131m\u0131, b\u00fct\u00fcn pirinci k\u0131r\u0131k pirincin ayr\u0131lmas\u0131n\u0131 sa\u011flar. Ayn\u0131 zamanda, k\u0131r\u0131k pirin\u00e7 kepe\u011fi, ekran arac\u0131l\u0131\u011f\u0131yla kepek torbas\u0131na girer ve kullan\u0131c\u0131 kepek tozunu yem olarak kullanabilir.<\/p>    <figure class=\"wp-block-gallery has-nested-images columns-default is-cropped wp-block-gallery-3 is-layout-flex wp-block-gallery-is-layout-flex\"> <figure class=\"wp-block-image size-large\"><a href=\"https:\/\/www.agriculture-machine.com\/wp-content\/uploads\/2021\/09\/The-rice-milling-part-of-the-combined-rice-mill-scaled.jpg\"><img loading=\"lazy\" decoding=\"async\" width=\"720\" height=\"480\" data-id=\"11531\" src=\"https:\/\/www.agriculture-machine.com\/wp-content\/uploads\/2021\/09\/The-rice-milling-part-of-the-combined-rice-mill-720x480.jpg\" alt=\"Kombine pirin\u00e7 de\u011firmeninin pirin\u00e7 \u00f6\u011f\u00fctme b\u00f6l\u00fcm\u00fc\" class=\"wp-image-11531\" srcset=\"https:\/\/www.agriculture-machine.com\/wp-content\/uploads\/2021\/09\/The-rice-milling-part-of-the-combined-rice-mill-720x480.jpg 720w, https:\/\/www.agriculture-machine.com\/wp-content\/uploads\/2021\/09\/The-rice-milling-part-of-the-combined-rice-mill-360x240.jpg 360w, https:\/\/www.agriculture-machine.com\/wp-content\/uploads\/2021\/09\/The-rice-milling-part-of-the-combined-rice-mill-768x512.jpg 768w, https:\/\/www.agriculture-machine.com\/wp-content\/uploads\/2021\/09\/The-rice-milling-part-of-the-combined-rice-mill-1536x1024.jpg 1536w, https:\/\/www.agriculture-machine.com\/wp-content\/uploads\/2021\/09\/The-rice-milling-part-of-the-combined-rice-mill-2048x1365.jpg 2048w\" sizes=\"auto, (max-width: 720px) 100vw, 720px\" \/><\/a><figcaption class=\"wp-element-caption\">Pirince \u00f6\u011f\u00fctme b\u00f6l\u00fcm\u00fc <\/figcaption><\/figure> <\/figure>    <h3 class=\"wp-block-heading\">K\u0131rma b\u00f6l\u00fcm\u00fc:<\/h3>    <p>Ham madde, y\u00fcksek h\u0131zl\u0131 d\u00f6nen di\u015fli diskte s\u00fcrekli vurulur ve toz haline gelir. Farkl\u0131 boyutlardaki ekranlar kullan\u0131larak tozun partik\u00fcl boyutu kontrol edilir.<\/p>    <figure class=\"wp-block-gallery has-nested-images columns-default is-cropped wp-block-gallery-4 is-layout-flex wp-block-gallery-is-layout-flex\"> <figure class=\"wp-block-image size-large\"><a href=\"https:\/\/www.agriculture-machine.com\/wp-content\/uploads\/2021\/09\/The-crushing-part-of-the-combined-rice-mill-scaled.jpg\"><img loading=\"lazy\" decoding=\"async\" width=\"720\" height=\"540\" data-id=\"11532\" src=\"https:\/\/www.agriculture-machine.com\/wp-content\/uploads\/2021\/09\/The-crushing-part-of-the-combined-rice-mill-720x540.jpg\" alt=\"Kombine pirin\u00e7 de\u011firmeninin k\u0131rma b\u00f6l\u00fcm\u00fc\" class=\"wp-image-11532\" srcset=\"https:\/\/www.agriculture-machine.com\/wp-content\/uploads\/2021\/09\/The-crushing-part-of-the-combined-rice-mill-720x540.jpg 720w, https:\/\/www.agriculture-machine.com\/wp-content\/uploads\/2021\/09\/The-crushing-part-of-the-combined-rice-mill-360x270.jpg 360w, https:\/\/www.agriculture-machine.com\/wp-content\/uploads\/2021\/09\/The-crushing-part-of-the-combined-rice-mill-240x180.jpg 240w, https:\/\/www.agriculture-machine.com\/wp-content\/uploads\/2021\/09\/The-crushing-part-of-the-combined-rice-mill-768x576.jpg 768w, https:\/\/www.agriculture-machine.com\/wp-content\/uploads\/2021\/09\/The-crushing-part-of-the-combined-rice-mill-1536x1152.jpg 1536w, https:\/\/www.agriculture-machine.com\/wp-content\/uploads\/2021\/09\/The-crushing-part-of-the-combined-rice-mill-2048x1536.jpg 2048w\" sizes=\"auto, (max-width: 720px) 100vw, 720px\" \/><\/a><figcaption class=\"wp-element-caption\">K\u0131rma b\u00f6l\u00fcm\u00fc<\/figcaption><\/figure> <\/figure>    <h2 class=\"wp-block-heading\">Pirinc de\u011firicisinin \u00e7al\u0131\u015fma videosu<\/h2>    <figure class=\"wp-block-embed is-type-video is-provider-youtube wp-block-embed-youtube wp-embed-aspect-16-9 wp-has-aspect-ratio\"><div class=\"wp-block-embed__wrapper\"> <iframe loading=\"lazy\" title=\"Kombine pirin\u00e7 de\u011firmeni |\u00a0Pirinc \u00f6\u011f\u00fctme ve k\u0131rma makinesi|Pirinc \u00f6\u011f\u00fctme ve k\u0131rma kombine makinesi\" width=\"500\" height=\"281\" src=\"https:\/\/www.youtube.com\/embed\/ZmceG6M6LfY?feature=oembed\" frameborder=\"0\" allow=\"accelerometer; autoplay; clipboard-write; encrypted-media; gyroscope; picture-in-picture; web-share\" referrerpolicy=\"strict-origin-when-cross-origin\" allowfullscreen><\/iframe> <\/div><figcaption class=\"wp-element-caption\">entegre pirin\u00e7 i\u015fleme s\u00fcreci<\/figcaption><\/figure>    <h2 class=\"wp-block-heading\">Kombine pirin\u00e7 de\u011firmeni parametreleri<\/h2>    <figure class=\"wp-block-table is-style-stripes\"><table><tbody><tr><td>Model<\/td><td>6N80-9FZ23 kombine pirin\u00e7 de\u011firmeni<\/td><\/tr><tr><td>Nominal motor h\u0131z\u0131 <\/td><td>1600r\/dak<br><\/td><\/tr><tr><td>Metre silindiri \u00e7ap\u0131 <\/td><td>80mm<\/td><\/tr><tr><td>Pirincin \u00fcretkenli\u011fi <\/td><td>\u2265150kg\/saat<\/td><\/tr><tr><td>Pirincin \u00e7\u0131k\u0131\u015f oran\u0131 <\/td><td>\u226565%<\/td><\/tr><tr><td>K\u0131r\u0131k pirin\u00e7 oran\u0131 <\/td><td>\u226430%<\/td><\/tr><tr><td>elek halkas\u0131 \u00e7ap\u0131 <\/td><td>\u2265150kg\/saat<\/td><\/tr><tr><td>Rotor \u00e7ap\u0131 <\/td><td>230mm<\/td><\/tr><tr><td>elek halkas\u0131 \u00e7ap\u0131 <\/td><td>280mm<\/td><\/tr><tr><td>Ekran boyutu (mm) <\/td><td>840\u00d7100<\/td><\/tr><tr><td>Aksesuarlar <\/td><td>Hopper giri\u015f ve \u00e7\u0131k\u0131\u015f\u0131nda, 2 set ekran, koruyucu kapak, motor tekerle\u011fi, V kay\u0131\u015f\u0131<\/td><\/tr><\/tbody><\/table><figcaption class=\"wp-element-caption\">Pirince i\u015fleme makinesi teknik verileri<\/figcaption><\/figure>    <h2 class=\"wp-block-heading\">Model ve yap\u0131land\u0131rma<\/h2>    <p>Mevcut temel modeller aras\u0131nda, tek-koval\u0131 veya \u00e7ift-koval\u0131 pirin\u00e7 \u00f6\u011f\u00fctme ve k\u0131rma kombine makineleri, kombine makineler ve dolap tipi pirin\u00e7 \u00f6\u011f\u00fctme ve k\u0131rma entegre makineleri se\u00e7ebilirsiniz. Ayr\u0131ca, geli\u015ftirilmi\u015f modelde, pen\u00e7e de\u011firmenli olan\u0131 veya \u00f6\u011f\u00fctme ve rafine fonksiyonuna sahip olan\u0131 se\u00e7ebilirsiniz. Ayn\u0131 zamanda, bizim kombine pirin\u00e7 de\u011firmenimizin g\u00fc\u00e7 se\u00e7imi y\u00fcksek kaliteli bir motor olup, makinenizin kullan\u0131m \u00f6mr\u00fcn\u00fc uzatabilir.<\/p>    <figure class=\"wp-block-gallery has-nested-images columns-3 is-cropped wp-block-gallery-5 is-layout-flex wp-block-gallery-is-layout-flex\"> <figure class=\"wp-block-image size-large\"><a href=\"https:\/\/www.agriculture-machine.com\/wp-content\/uploads\/2021\/09\/type-100-30-double-bucket-rice-milling-and-crushing-combined-machine.jpg\"><img loading=\"lazy\" decoding=\"async\" width=\"720\" height=\"540\" data-id=\"11524\" src=\"https:\/\/www.agriculture-machine.com\/wp-content\/uploads\/2021\/09\/type-100-30-double-bucket-rice-milling-and-crushing-combined-machine.jpg\" alt=\"tip-100-30-\u00e7ift-koval\u0131-pirin\u00e7-\u00f6\u011f\u00fctme-ve-k\u0131rma-kombine-makinesi\" class=\"wp-image-11524\" srcset=\"https:\/\/www.agriculture-machine.com\/wp-content\/uploads\/2021\/09\/type-100-30-double-bucket-rice-milling-and-crushing-combined-machine.jpg 720w, https:\/\/www.agriculture-machine.com\/wp-content\/uploads\/2021\/09\/type-100-30-double-bucket-rice-milling-and-crushing-combined-machine-360x270.jpg 360w, https:\/\/www.agriculture-machine.com\/wp-content\/uploads\/2021\/09\/type-100-30-double-bucket-rice-milling-and-crushing-combined-machine-240x180.jpg 240w\" sizes=\"auto, (max-width: 720px) 100vw, 720px\" \/><\/a><figcaption class=\"wp-element-caption\">tip-100-30-\u00e7ift-koval\u0131-pirin\u00e7-\u00f6\u011f\u00fctme-ve-k\u0131rma-kombine-makinesi<\/figcaption><\/figure>    <figure class=\"wp-block-image size-large\"><a href=\"https:\/\/www.agriculture-machine.com\/wp-content\/uploads\/2021\/09\/ZLN4-21-combined-rice-mill.jpg\"><img loading=\"lazy\" decoding=\"async\" width=\"720\" height=\"540\" data-id=\"11527\" src=\"https:\/\/www.agriculture-machine.com\/wp-content\/uploads\/2021\/09\/ZLN4-21-combined-rice-mill.jpg\" alt=\"ZLN4-21-kombine-pirin\u00e7-de\u011firmeni\" class=\"wp-image-11527\" srcset=\"https:\/\/www.agriculture-machine.com\/wp-content\/uploads\/2021\/09\/ZLN4-21-combined-rice-mill.jpg 720w, https:\/\/www.agriculture-machine.com\/wp-content\/uploads\/2021\/09\/ZLN4-21-combined-rice-mill-360x270.jpg 360w, https:\/\/www.agriculture-machine.com\/wp-content\/uploads\/2021\/09\/ZLN4-21-combined-rice-mill-240x180.jpg 240w\" sizes=\"auto, (max-width: 720px) 100vw, 720px\" \/><\/a><figcaption class=\"wp-element-caption\">ZLN4-21-kombine-pirin\u00e7-de\u011firmeni<\/figcaption><\/figure>    <figure class=\"wp-block-image size-large\"><a href=\"https:\/\/www.agriculture-machine.com\/wp-content\/uploads\/2021\/09\/type-40B-20-combined-rice-mill.jpg\"><img loading=\"lazy\" decoding=\"async\" width=\"720\" height=\"540\" data-id=\"11523\" src=\"https:\/\/www.agriculture-machine.com\/wp-content\/uploads\/2021\/09\/type-40B-20-combined-rice-mill.jpg\" alt=\"tip-40B-20-kombine-pirin\u00e7-de\u011firmeni\" class=\"wp-image-11523\" srcset=\"https:\/\/www.agriculture-machine.com\/wp-content\/uploads\/2021\/09\/type-40B-20-combined-rice-mill.jpg 720w, https:\/\/www.agriculture-machine.com\/wp-content\/uploads\/2021\/09\/type-40B-20-combined-rice-mill-360x270.jpg 360w, https:\/\/www.agriculture-machine.com\/wp-content\/uploads\/2021\/09\/type-40B-20-combined-rice-mill-240x180.jpg 240w\" sizes=\"auto, (max-width: 720px) 100vw, 720px\" \/><\/a><figcaption class=\"wp-element-caption\">tip-40B-20-kombine-pirin\u00e7-de\u011firmeni<\/figcaption><\/figure>    <figure class=\"wp-block-image size-large\"><a href=\"https:\/\/www.agriculture-machine.com\/wp-content\/uploads\/2021\/09\/Upgraded-combined-rice-mill-with-claw-crusher.jpg\"><img loading=\"lazy\" decoding=\"async\" width=\"720\" height=\"540\" data-id=\"11525\" src=\"https:\/\/www.agriculture-machine.com\/wp-content\/uploads\/2021\/09\/Upgraded-combined-rice-mill-with-claw-crusher.jpg\" alt=\"Geli\u015fmi\u015f kombine pirin\u00e7 de\u011firmeni, pen\u00e7e k\u0131r\u0131c\u0131 ile donat\u0131lm\u0131\u015ft\u0131r\" class=\"wp-image-11525\" srcset=\"https:\/\/www.agriculture-machine.com\/wp-content\/uploads\/2021\/09\/Upgraded-combined-rice-mill-with-claw-crusher.jpg 720w, https:\/\/www.agriculture-machine.com\/wp-content\/uploads\/2021\/09\/Upgraded-combined-rice-mill-with-claw-crusher-360x270.jpg 360w, https:\/\/www.agriculture-machine.com\/wp-content\/uploads\/2021\/09\/Upgraded-combined-rice-mill-with-claw-crusher-240x180.jpg 240w\" sizes=\"auto, (max-width: 720px) 100vw, 720px\" \/><\/a><figcaption class=\"wp-element-caption\">Geli\u015fmi\u015f kombine pirin\u00e7 de\u011firmeni, pen\u00e7e k\u0131r\u0131c\u0131 ile donat\u0131lm\u0131\u015ft\u0131r<\/figcaption><\/figure>    <figure class=\"wp-block-image size-large\"><a href=\"https:\/\/www.agriculture-machine.com\/wp-content\/uploads\/2021\/09\/Combined-rice-mill-with-grinding-and-refining-function.jpg\"><img loading=\"lazy\" decoding=\"async\" width=\"720\" height=\"540\" data-id=\"11522\" src=\"https:\/\/www.agriculture-machine.com\/wp-content\/uploads\/2021\/09\/Combined-rice-mill-with-grinding-and-refining-function.jpg\" alt=\"Kombine-pirin\u00e7-de\u011firmeni-rafine ve \u00f6\u011f\u00fctme fonksiyonlu\" class=\"wp-image-11522\" srcset=\"https:\/\/www.agriculture-machine.com\/wp-content\/uploads\/2021\/09\/Combined-rice-mill-with-grinding-and-refining-function.jpg 720w, https:\/\/www.agriculture-machine.com\/wp-content\/uploads\/2021\/09\/Combined-rice-mill-with-grinding-and-refining-function-360x270.jpg 360w, https:\/\/www.agriculture-machine.com\/wp-content\/uploads\/2021\/09\/Combined-rice-mill-with-grinding-and-refining-function-240x180.jpg 240w\" sizes=\"auto, (max-width: 720px) 100vw, 720px\" \/><\/a><figcaption class=\"wp-element-caption\">Kombine-pirin\u00e7-de\u011firmeni-rafine ve \u00f6\u011f\u00fctme fonksiyonlu<\/figcaption><\/figure>    <figure class=\"wp-block-image size-large\"><a href=\"https:\/\/www.agriculture-machine.com\/wp-content\/uploads\/2021\/09\/Cabinet-type-rice-milling-and-crushing-machine.jpg\"><img loading=\"lazy\" decoding=\"async\" width=\"720\" height=\"540\" data-id=\"11521\" src=\"https:\/\/www.agriculture-machine.com\/wp-content\/uploads\/2021\/09\/Cabinet-type-rice-milling-and-crushing-machine.jpg\" alt=\"Dolap tipi pirin\u00e7 \u00f6\u011f\u00fctme ve k\u0131rma makinesi\" class=\"wp-image-11521\" srcset=\"https:\/\/www.agriculture-machine.com\/wp-content\/uploads\/2021\/09\/Cabinet-type-rice-milling-and-crushing-machine.jpg 720w, https:\/\/www.agriculture-machine.com\/wp-content\/uploads\/2021\/09\/Cabinet-type-rice-milling-and-crushing-machine-360x270.jpg 360w, https:\/\/www.agriculture-machine.com\/wp-content\/uploads\/2021\/09\/Cabinet-type-rice-milling-and-crushing-machine-240x180.jpg 240w\" sizes=\"auto, (max-width: 720px) 100vw, 720px\" \/><\/a><figcaption class=\"wp-element-caption\">Dolap tipi pirin\u00e7 \u00f6\u011f\u00fctme ve k\u0131rma makinesi<\/figcaption><\/figure> <\/figure>    <h2 class=\"wp-block-heading\">\u0130stedi\u011finiz zaman bizimle ileti\u015fime ge\u00e7in<\/h2>    <p>Geli\u015fmi\u015f kombine pirin\u00e7 de\u011firmen makinemizle ilgileniyorsan\u0131z, l\u00fctfen daha fazla detay i\u00e7in profesyonel ekibimizle ileti\u015fime ge\u00e7mekten \u00e7ekinmeyin. Size \u00f6zel \u00e7\u00f6z\u00fcmler sunmaktan memnuniyet duyar\u0131z.<\/p>","protected":false},"excerpt":{"rendered":"<p>Geli\u015fmi\u015f \u00f6\u011f\u00fctme verimlili\u011fi ve ince pirin\u00e7 kalitesi kontrol\u00fc ile, geli\u015fmi\u015f kombine pirin\u00e7 de\u011firmenlerimiz, bitmi\u015f pirincin kalitesi ve tad\u0131n\u0131 en iyi seviyede tutar.<\/p>","protected":false},"author":1,"featured_media":15235,"parent":0,"comment_status":"closed","ping_status":"closed","template":"","tags":[796],"product-type":[875],"class_list":["post-11439","product","type-product","status-publish","has-post-thumbnail","hentry","tag-rice","product-type-rice-mill-category"],"_links":{"self":[{"href":"https:\/\/www.agriculture-machine.com\/tr\/wp-json\/wp\/v2\/product\/11439","targetHints":{"allow":["GET"]}}],"collection":[{"href":"https:\/\/www.agriculture-machine.com\/tr\/wp-json\/wp\/v2\/product"}],"about":[{"href":"https:\/\/www.agriculture-machine.com\/tr\/wp-json\/wp\/v2\/types\/product"}],"author":[{"embeddable":true,"href":"https:\/\/www.agriculture-machine.com\/tr\/wp-json\/wp\/v2\/users\/1"}],"replies":[{"embeddable":true,"href":"https:\/\/www.agriculture-machine.com\/tr\/wp-json\/wp\/v2\/comments?post=11439"}],"wp:featuredmedia":[{"embeddable":true,"href":"https:\/\/www.agriculture-machine.com\/tr\/wp-json\/wp\/v2\/media\/15235"}],"wp:attachment":[{"href":"https:\/\/www.agriculture-machine.com\/tr\/wp-json\/wp\/v2\/media?parent=11439"}],"wp:term":[{"taxonomy":"post_tag","embeddable":true,"href":"https:\/\/www.agriculture-machine.com\/tr\/wp-json\/wp\/v2\/tags?post=11439"},{"taxonomy":"product-type","embeddable":true,"href":"https:\/\/www.agriculture-machine.com\/tr\/wp-json\/wp\/v2\/product-type?post=11439"}],"curies":[{"name":"wp","href":"https:\/\/api.w.org\/{rel}","templated":true}]}}