{"id":11660,"date":"2021-10-15T16:29:24","date_gmt":"2021-10-15T08:29:24","guid":{"rendered":"https:\/\/www.agriculture-machine.com\/?p=11660"},"modified":"2026-02-11T17:21:38","modified_gmt":"2026-02-11T09:21:38","slug":"peanut-planter-peanut-planting-machine","status":"publish","type":"product","link":"https:\/\/www.agriculture-machine.com\/tr\/peanut-planter-peanut-planting-machine\/","title":{"rendered":"Yer F\u0131st\u0131\u011f\u0131 Ekim Makinesi"},"content":{"rendered":"<p>Yer f\u0131st\u0131\u011f\u0131 dikim makinesi, g\u00fcbreleme, tohum ekimi ve toprak kaplamay\u0131 tek bir birimde entegre eder. P\u00fcsk\u00fcrtme, mulching, yuvarlama ve d\u00f6ner \u00e7apalama gibi iste\u011fe ba\u011fl\u0131 fonksiyonlar, dikim gereksinimlerine g\u00f6re se\u00e7ilebilir, \u00e7ok ama\u00e7l\u0131 \u00e7al\u0131\u015fma sa\u011flar ve \u00e7oklu i\u015flemleri tek ge\u00e7i\u015fte tamamlar.<\/p>    <p>Ekipman, 2 s\u0131ral\u0131, 4 s\u0131ral\u0131, 6 s\u0131ral\u0131 ve 8 s\u0131ral\u0131 modeller dahil olmak \u00fczere \u00e7e\u015fitli konfig\u00fcrasyonlar sunar ve \u00f6zelle\u015ftirilebilir s\u0131ra say\u0131lar\u0131yla desteklenir. R\u00fctu\u015f dikimi, plastik mulching dikimi ve d\u00fcz arazi dikimi gibi \u00e7e\u015fitli dikim y\u00f6ntemlerini destekler.<\/p>    <p>Mechanized operation significantly boosts planting efficiency. Compared to traditional manual methods, it saves substantial labor time, reduces farmers&#8217; workload intensity, and enhances planting standardization, making it the ideal equipment for modern large-scale peanut cultivation.<\/p>    <figure class=\"wp-block-embed aligncenter is-type-video is-provider-youtube wp-block-embed-youtube wp-embed-aspect-16-9 wp-has-aspect-ratio\"><div class=\"wp-block-embed__wrapper\"> <iframe loading=\"lazy\" title=\"Yeni Modern Tar\u0131m Teknolojisi! Yerf\u0131st\u0131\u011f\u0131 ekici, tek t\u0131kla hasat yapmaya yard\u0131mc\u0131 olur \ud83c\udf31\ud83d\ude9c#yerf\u0131st\u0131\u011f\u0131 #ekici\" width=\"500\" height=\"281\" src=\"https:\/\/www.youtube.com\/embed\/s8vec3aw-vU?feature=oembed\" frameborder=\"0\" allow=\"accelerometer; autoplay; clipboard-write; encrypted-media; gyroscope; picture-in-picture; web-share\" referrerpolicy=\"strict-origin-when-cross-origin\" allowfullscreen><\/iframe> <\/div><figcaption class=\"wp-element-caption\">Yerf\u0131st\u0131\u011f\u0131 ekicileri i\u00e7in h\u0131zl\u0131 ve hassas ekim teknikleri.<\/figcaption><\/figure>    <h2 class=\"wp-block-heading\" id=\"h-what-is-peanut-planter\">Yerf\u0131st\u0131\u011f\u0131 ekicisinin fonksiyonlar\u0131 nelerdir?<\/h2>    <p id=\"Peanut-planter\">Yerf\u0131st\u0131\u011f\u0131 ekici, \u00fc\u00e7 noktal\u0131 ask\u0131 tipi yerf\u0131st\u0131\u011f\u0131 ekim \u00e7oklu operasyon makinesidir. Ve bu makine, bir trakt\u00f6rle \u00e7al\u0131\u015fmal\u0131d\u0131r. Bu yerf\u0131st\u0131\u011f\u0131 ekim makinesi, hendek a\u00e7ma, s\u0131rt yapma, ekim, g\u00fcbreleme, p\u00fcsk\u00fcrtme, damla sulama borusu g\u00f6mme, film mal\u00e7lama ve toprak kapama gibi i\u015flemleri ayn\u0131 anda tamamlayabilir.<\/p>    <p id=\"Peanut-planter\">Also, this peanut planter&#8217;s ridge width, ridge height, seeding depth, seed number, row spacing, ridge distance, film width, and hanging position are all adjustable. Compared with manual operation, it can improve work efficiency by more than 20 times and can ensure consistent seeding row spacing, plant spacing, and depth.<\/p>    <figure class=\"wp-block-gallery has-nested-images columns-default is-cropped wp-block-gallery-2 is-layout-flex wp-block-gallery-is-layout-flex\"> <figure class=\"wp-block-image size-large\"><img loading=\"lazy\" decoding=\"async\" width=\"720\" height=\"540\" data-id=\"15656\" src=\"https:\/\/www.agriculture-machine.com\/wp-content\/uploads\/2021\/10\/6-row-groundnut-planting-machine.webp\" alt=\"6 s\u0131ral\u0131 yerf\u0131st\u0131\u011f\u0131 ekim makinesi\" class=\"wp-image-15656\" srcset=\"https:\/\/www.agriculture-machine.com\/wp-content\/uploads\/2021\/10\/6-row-groundnut-planting-machine.webp 720w, https:\/\/www.agriculture-machine.com\/wp-content\/uploads\/2021\/10\/6-row-groundnut-planting-machine-360x270.webp 360w, https:\/\/www.agriculture-machine.com\/wp-content\/uploads\/2021\/10\/6-row-groundnut-planting-machine-240x180.webp 240w\" sizes=\"auto, (max-width: 720px) 100vw, 720px\" \/><figcaption class=\"wp-element-caption\">6 s\u0131ral\u0131 yerf\u0131st\u0131\u011f\u0131 ekim makinesi<\/figcaption><\/figure>    <figure class=\"wp-block-image size-large\"><img loading=\"lazy\" decoding=\"async\" width=\"720\" height=\"540\" data-id=\"15657\" src=\"https:\/\/www.agriculture-machine.com\/wp-content\/uploads\/2021\/10\/tractor-driven-planter.webp\" alt=\"Trakt\u00f6rle \u00e7al\u0131\u015fan ekici\" class=\"wp-image-15657\" srcset=\"https:\/\/www.agriculture-machine.com\/wp-content\/uploads\/2021\/10\/tractor-driven-planter.webp 720w, https:\/\/www.agriculture-machine.com\/wp-content\/uploads\/2021\/10\/tractor-driven-planter-360x270.webp 360w, https:\/\/www.agriculture-machine.com\/wp-content\/uploads\/2021\/10\/tractor-driven-planter-240x180.webp 240w\" sizes=\"auto, (max-width: 720px) 100vw, 720px\" \/><figcaption class=\"wp-element-caption\">Trakt\u00f6rle \u00e7al\u0131\u015fan ekici<\/figcaption><\/figure> <\/figure>    <h2 class=\"wp-block-heading\">Yerf\u0131st\u0131\u011f\u0131 tohum ekim makinesinin avantajlar\u0131<\/h2>    <ul class=\"wp-block-list\"> <li>Bir ge\u00e7i\u015fte \u00e7oklu i\u015flemleri tamamlayabilen, tohum ekimi, g\u00fcbreleme, seviyelendirme, p\u00fcsk\u00fcrtme, mulching, mulching presleme ve toprak kaplama dahil.<\/li>    <li>2 s\u0131ral\u0131, 4 s\u0131ral\u0131, 6 s\u0131ral\u0131 ve 8 s\u0131ral\u0131 konfig\u00fcrasyonlarda mevcuttur ve \u00e7e\u015fitli dikim \u00f6l\u00e7eklerine uyacak \u015fekilde \u00f6zelle\u015ftirilebilir.<\/li>    <li>Y\u00fcksek hassasiyetli tohum da\u011f\u0131t\u0131c\u0131lar sayesinde, atlamalar ve tohum \u00e7\u00fcr\u00fcmesi en aza indirilir, ayr\u0131ca bitki aral\u0131\u011f\u0131 tar\u0131msal standartlara uygun hale getirilir.<\/li>    <li>D\u00fc\u015f\u00fck mekanik diren\u00e7, enerji t\u00fcketimini yakla\u015f\u0131k 0 azalt\u0131r, g\u00fc\u00e7 maliyetlerini tasarruf sa\u011flar.<\/li>    <li>Y\u00fcksek uyarlanabilirlik, yabani otlar\u0131n oldu\u011fu veya toprak haz\u0131rl\u0131\u011f\u0131n\u0131n optimal olmad\u0131\u011f\u0131 tarlalarda bile stabil \u00e7al\u0131\u015fma sa\u011flar.<\/li>    <li>Manuel eme\u011fi ortadan kald\u0131ran film presleme mekanizmas\u0131yla donat\u0131lm\u0131\u015ft\u0131r, b\u00f6ylece plastik mulching g\u00fc\u00e7l\u00fc r\u00fczgarlarda kald\u0131r\u0131lmaz ve dikim stabilitesi art\u0131r\u0131l\u0131r.<\/li> <\/ul>    <figure class=\"wp-block-gallery has-nested-images columns-2 is-cropped wp-block-gallery-3 is-layout-flex wp-block-gallery-is-layout-flex\"> <figure class=\"wp-block-image size-large\"><img loading=\"lazy\" decoding=\"async\" width=\"720\" height=\"540\" data-id=\"12760\" src=\"https:\/\/www.agriculture-machine.com\/wp-content\/uploads\/2022\/03\/4-rows-peanut-planter2.jpg\" alt=\"4 s\u0131ral\u0131 yerf\u0131st\u0131\u011f\u0131 ekici\" class=\"wp-image-12760\" title=\"4 s\u0131ral\u0131 yerf\u0131st\u0131\u011f\u0131 ekici\" srcset=\"https:\/\/www.agriculture-machine.com\/wp-content\/uploads\/2022\/03\/4-rows-peanut-planter2.jpg 720w, https:\/\/www.agriculture-machine.com\/wp-content\/uploads\/2022\/03\/4-rows-peanut-planter2-360x270.jpg 360w, https:\/\/www.agriculture-machine.com\/wp-content\/uploads\/2022\/03\/4-rows-peanut-planter2-240x180.jpg 240w\" sizes=\"auto, (max-width: 720px) 100vw, 720px\" \/><figcaption class=\"wp-element-caption\">4 s\u0131ral\u0131 yerf\u0131st\u0131\u011f\u0131 ekici<\/figcaption><\/figure>    <figure class=\"wp-block-image size-large\"><img loading=\"lazy\" decoding=\"async\" width=\"720\" height=\"540\" data-id=\"12761\" src=\"https:\/\/www.agriculture-machine.com\/wp-content\/uploads\/2022\/03\/gronudnut-planter2.jpg\" alt=\"yerf\u0131st\u0131\u011f\u0131 ekicisi\" class=\"wp-image-12761\" title=\"yerf\u0131st\u0131\u011f\u0131 ekicisi\" srcset=\"https:\/\/www.agriculture-machine.com\/wp-content\/uploads\/2022\/03\/gronudnut-planter2.jpg 720w, https:\/\/www.agriculture-machine.com\/wp-content\/uploads\/2022\/03\/gronudnut-planter2-360x270.jpg 360w, https:\/\/www.agriculture-machine.com\/wp-content\/uploads\/2022\/03\/gronudnut-planter2-240x180.jpg 240w\" sizes=\"auto, (max-width: 720px) 100vw, 720px\" \/><figcaption class=\"wp-element-caption\">yerf\u0131st\u0131\u011f\u0131 ekicisi<\/figcaption><\/figure>    <figure class=\"wp-block-image size-large\"><img loading=\"lazy\" decoding=\"async\" width=\"720\" height=\"540\" data-id=\"12762\" src=\"https:\/\/www.agriculture-machine.com\/wp-content\/uploads\/2022\/03\/peanut-seeder2.jpg\" alt=\"yerf\u0131st\u0131\u011f\u0131 tohum ekici\" class=\"wp-image-12762\" title=\"yerf\u0131st\u0131\u011f\u0131 tohum ekici\" srcset=\"https:\/\/www.agriculture-machine.com\/wp-content\/uploads\/2022\/03\/peanut-seeder2.jpg 720w, https:\/\/www.agriculture-machine.com\/wp-content\/uploads\/2022\/03\/peanut-seeder2-360x270.jpg 360w, https:\/\/www.agriculture-machine.com\/wp-content\/uploads\/2022\/03\/peanut-seeder2-240x180.jpg 240w\" sizes=\"auto, (max-width: 720px) 100vw, 720px\" \/><figcaption class=\"wp-element-caption\">yerf\u0131st\u0131\u011f\u0131 tohum ekici<\/figcaption><\/figure>    <figure class=\"wp-block-image size-large\"><img loading=\"lazy\" decoding=\"async\" width=\"720\" height=\"540\" data-id=\"12763\" src=\"https:\/\/www.agriculture-machine.com\/wp-content\/uploads\/2022\/03\/peanut-sowing-machine2.jpg\" alt=\"yerf\u0131st\u0131\u011f\u0131 ekim makinesi\" class=\"wp-image-12763\" title=\"yerf\u0131st\u0131\u011f\u0131 ekim makinesi\" srcset=\"https:\/\/www.agriculture-machine.com\/wp-content\/uploads\/2022\/03\/peanut-sowing-machine2.jpg 720w, https:\/\/www.agriculture-machine.com\/wp-content\/uploads\/2022\/03\/peanut-sowing-machine2-360x270.jpg 360w, https:\/\/www.agriculture-machine.com\/wp-content\/uploads\/2022\/03\/peanut-sowing-machine2-240x180.jpg 240w\" sizes=\"auto, (max-width: 720px) 100vw, 720px\" \/><figcaption class=\"wp-element-caption\">yerf\u0131st\u0131\u011f\u0131 ekim makinesi<\/figcaption><\/figure> <figcaption class=\"blocks-gallery-caption wp-element-caption\">yerf\u0131st\u0131\u011f\u0131 ekici<\/figcaption><\/figure>    <h2 class=\"wp-block-heading\">Groundnut planter&#8217;s working process<\/h2>    <p>\u0130lk olarak, g\u00fcbre kutusundaki g\u00fcbre, d\u0131\u015f tekerlek yar\u0131\u011f\u0131 g\u00fcbre uygulay\u0131c\u0131 arac\u0131l\u0131\u011f\u0131yla g\u00fcbreleme k\u00fcreklerine girer. K\u00fcrek, g\u00fcbreyi uygularken toprak tabakas\u0131n\u0131 kazar. <\/p>    <p>Ekim i\u015flemi tamamland\u0131\u011f\u0131nda, tohum sayac\u0131 i\u00e7indeki tohumlar di\u015fli taraf\u0131ndan s\u00fcr\u00fcklenerek hendeklere e\u015fit \u015fekilde da\u011f\u0131l\u0131r. B\u00f6ylece, ekim kutusundaki tohumlar ekiciye girer.<\/p>    <p>Hendek bo\u015faltma cihaz\u0131, yerf\u0131st\u0131\u011f\u0131 tohumlar\u0131n\u0131 iki hendekte e\u015fit \u015fekilde ekerken, toprak ve hendek a\u00e7ma i\u015flemini de tamamlar.<\/p>    <p>Herbisit tank\u0131, trakt\u00f6r\u00fcn \u00f6n ucuna monte edilmi\u015ftir ve hava giri\u015f ucu, trakt\u00f6r hava kompres\u00f6r\u00fcn\u00fcn hava depolama tank\u0131n\u0131n hava \u00e7\u0131k\u0131\u015f\u0131na tak\u0131lm\u0131\u015ft\u0131r. Trakt\u00f6r, p\u00fcsk\u00fcrtme amac\u0131yla belirli bir hava bas\u0131nc\u0131 sa\u011flayabilir, b\u00f6ylece bir seferde s\u0131rt yapma i\u015flemini tamamlar.<\/p>    <figure class=\"wp-block-embed aligncenter is-type-video is-provider-youtube wp-block-embed-youtube wp-embed-aspect-16-9 wp-has-aspect-ratio\"><div class=\"wp-block-embed__wrapper\"> <iframe loading=\"lazy\" title=\"Yer f\u0131st\u0131\u011f\u0131 ekim makinesi\/yer f\u0131st\u0131\u011f\u0131 ekici\/4 s\u0131ral\u0131 yer f\u0131st\u0131\u011f\u0131 ekici\" width=\"500\" height=\"281\" src=\"https:\/\/www.youtube.com\/embed\/g6o8jZJtyzg?list=PL58YSJlfYgUlCsCeUwNyy0Ae_f8BI3080\" frameborder=\"0\" allow=\"accelerometer; autoplay; clipboard-write; encrypted-media; gyroscope; picture-in-picture; web-share\" referrerpolicy=\"strict-origin-when-cross-origin\" allowfullscreen><\/iframe> <\/div><figcaption class=\"wp-element-caption\">Multi-functional peanut planter&#8217;s working video<\/figcaption><\/figure>    <h2 class=\"wp-block-heading\" id=\"h-peanut-planting-machine-s-model\">Peanut planting machine&#8217;s model<\/h2>    <p>2BH-2 tipi (bir s\u0131rt ve iki s\u0131ra), 2BH-4 tipi (iki s\u0131rt ve d\u00f6rt s\u0131ra), 2BH-6 tipi (\u00fc\u00e7 s\u0131rt ve alt\u0131 s\u0131ra).<\/p>    <p>Bunlar en pop\u00fcler modellerdir. Elbette, 8 s\u0131ral\u0131 ekim se\u00e7eneklerimiz de var ve ihtiya\u00e7lar\u0131n\u0131z\u0131 kar\u015f\u0131lamak i\u00e7in elimizden geleni yap\u0131yoruz.<\/p>    <figure class=\"wp-block-gallery has-nested-images columns-3 is-cropped wp-block-gallery-4 is-layout-flex wp-block-gallery-is-layout-flex\"> <figure class=\"wp-block-image size-large\"><img loading=\"lazy\" decoding=\"async\" width=\"720\" height=\"540\" data-id=\"12767\" src=\"https:\/\/www.agriculture-machine.com\/wp-content\/uploads\/2022\/03\/2-row-groundnut-seed-planter1.jpg\" alt=\"2 s\u0131ral\u0131 yerf\u0131st\u0131\u011f\u0131 tohum ekici\" class=\"wp-image-12767\" title=\"2 s\u0131ral\u0131 yerf\u0131st\u0131\u011f\u0131 tohum ekici\" srcset=\"https:\/\/www.agriculture-machine.com\/wp-content\/uploads\/2022\/03\/2-row-groundnut-seed-planter1.jpg 720w, https:\/\/www.agriculture-machine.com\/wp-content\/uploads\/2022\/03\/2-row-groundnut-seed-planter1-360x270.jpg 360w, https:\/\/www.agriculture-machine.com\/wp-content\/uploads\/2022\/03\/2-row-groundnut-seed-planter1-240x180.jpg 240w\" sizes=\"auto, (max-width: 720px) 100vw, 720px\" \/><figcaption class=\"wp-element-caption\">2 s\u0131ral\u0131 yerf\u0131st\u0131\u011f\u0131 tohum ekici<\/figcaption><\/figure>    <figure class=\"wp-block-image size-large\"><img loading=\"lazy\" decoding=\"async\" width=\"720\" height=\"540\" data-id=\"12769\" src=\"https:\/\/www.agriculture-machine.com\/wp-content\/uploads\/2022\/03\/tractor-drive-peanut-seeder1.jpg\" alt=\"trakt\u00f6rle \u00e7al\u0131\u015fan yerf\u0131st\u0131\u011f\u0131 ekici\" class=\"wp-image-12769\" title=\"trakt\u00f6rle \u00e7al\u0131\u015fan yerf\u0131st\u0131\u011f\u0131 ekici\" srcset=\"https:\/\/www.agriculture-machine.com\/wp-content\/uploads\/2022\/03\/tractor-drive-peanut-seeder1.jpg 720w, https:\/\/www.agriculture-machine.com\/wp-content\/uploads\/2022\/03\/tractor-drive-peanut-seeder1-360x270.jpg 360w, https:\/\/www.agriculture-machine.com\/wp-content\/uploads\/2022\/03\/tractor-drive-peanut-seeder1-240x180.jpg 240w\" sizes=\"auto, (max-width: 720px) 100vw, 720px\" \/><figcaption class=\"wp-element-caption\">trakt\u00f6rle \u00e7al\u0131\u015fan yerf\u0131st\u0131\u011f\u0131 ekici<\/figcaption><\/figure>    <figure class=\"wp-block-image size-large\"><img loading=\"lazy\" decoding=\"async\" width=\"720\" height=\"540\" data-id=\"12770\" src=\"https:\/\/www.agriculture-machine.com\/wp-content\/uploads\/2022\/03\/6-row-groundnut-seeder1.jpg\" alt=\"6 s\u0131ral\u0131 yerf\u0131st\u0131\u011f\u0131 tohum ekici\" class=\"wp-image-12770\" title=\"6 s\u0131ral\u0131 yerf\u0131st\u0131\u011f\u0131 tohum ekici\" srcset=\"https:\/\/www.agriculture-machine.com\/wp-content\/uploads\/2022\/03\/6-row-groundnut-seeder1.jpg 720w, https:\/\/www.agriculture-machine.com\/wp-content\/uploads\/2022\/03\/6-row-groundnut-seeder1-360x270.jpg 360w, https:\/\/www.agriculture-machine.com\/wp-content\/uploads\/2022\/03\/6-row-groundnut-seeder1-240x180.jpg 240w\" sizes=\"auto, (max-width: 720px) 100vw, 720px\" \/><figcaption class=\"wp-element-caption\">6 s\u0131ral\u0131 yerf\u0131st\u0131\u011f\u0131 tohum ekici<\/figcaption><\/figure> <figcaption class=\"blocks-gallery-caption wp-element-caption\">yerf\u0131st\u0131\u011f\u0131 ekici<\/figcaption><\/figure>    <h2 class=\"wp-block-heading\">Yerf\u0131st\u0131\u011f\u0131 ekim makinesinin teknik parametreleri<\/h2>    <figure class=\"wp-block-table is-style-stripes\"><table><tbody><tr><td>Model<\/td><td>2BHMF-2<\/td><td>2BHMF-4<\/td><td>2BHMF-6<\/td><\/tr><tr><td>uygun g\u00fc\u00e7<\/td><td>20-40hp<\/td><td>40-70hp<\/td><td>60-90hp<\/td><\/tr><tr><td>Boyut<\/td><td>2940\u00d71200\u00d71300mm<\/td><td>2940\u00d71600\u00d71300mm<\/td><td>2940\u00d71900\u00d71300mm<\/td><\/tr><tr><td>A\u011f\u0131rl\u0131k<\/td><td>180kg<\/td><td>350kg<\/td><td>450kg<\/td><\/tr><tr><td>tohum kutusu kapasitesi<\/td><td>10kg*2<\/td><td>10kg*4<\/td><td>10kg*6<\/td><\/tr><tr><td>S\u0131ra say\u0131s\u0131<\/td><td>2<\/td><td>4<\/td><td>6<\/td><\/tr><tr><td>s\u0131ra alan\u0131<\/td><td>300-350mm<\/td><td>300-350mm<\/td><td>300-350mm<\/td><\/tr><tr><td>tohum alan\u0131<\/td><td>80-300mm<\/td><td>80-300mm<\/td><td>80-300mm<\/td><\/tr><tr><td>verimlilik<\/td><td>0.5-0.8 d\u00f6n\u00fcm\/sa<\/td><td>0.8-1.6 d\u00f6n\u00fcm\/sa<\/td><td>1.6-3.2 d\u00f6n\u00fcm\/sa<\/td><\/tr><tr><td>tohumlama oran\u0131<\/td><td>&gt;98%<\/td><td>&gt;98%<\/td><td>&gt;98%<\/td><\/tr><\/tbody><\/table><figcaption class=\"wp-element-caption\">peanut planter&#8217;s parameter<\/figcaption><\/figure>    <p>Yer f\u0131st\u0131\u011f\u0131 alanlar\u0131n\u0131n s\u00fcrekli geni\u015flemesi ve yer f\u0131st\u0131\u011f\u0131n\u0131n g\u0131da, yenilebilir ya\u011f ve di\u011fer sekt\u00f6rlerde yayg\u0131n kullan\u0131m\u0131yla, mekanize dikim ka\u00e7\u0131n\u0131lmaz bir trend haline gelmi\u015ftir. <\/p>    <p class=\"translation-block\">Bu yer f\u0131st\u0131\u011f\u0131 dikim makinesi, <a href=\"https:\/\/www.agriculture-machine.com\/tr\/peanut-harvester\/\">yer f\u0131st\u0131\u011f\u0131 hasat makineleri<\/a>, <a href=\"https:\/\/www.agriculture-machine.com\/tr\/peanut-picker-machine\/\">yer f\u0131st\u0131\u011f\u0131 toplay\u0131c\u0131lar\u0131<\/a>, <a href=\"https:\/\/www.agriculture-machine.com\/tr\/peanut-groundnut-shell-removing-machine\/\">yer f\u0131st\u0131\u011f\u0131 kabuklay\u0131c\u0131lar\u0131<\/a>, <a href=\"https:\/\/www.agriculture-machine.com\/tr\/screw-oil-press-machine-screw-press-oil-extraction\/\">vida ya\u011f\u0131 pres makineleri<\/a> ve di\u011fer makinelerle entegre edilerek yer f\u0131st\u0131\u011f\u0131 end\u00fcstrisi i\u00e7in kapsaml\u0131 mekanize \u00e7\u00f6z\u00fcm olu\u015fturabilir.<\/p>    <h2 class=\"wp-block-heading\" id=\"h-normal-problem\">SSS<\/h2>   <div id=\"rank-math-faq\" class=\"rank-math-block\"> <div class=\"rank-math-list\"> <div id=\"faq-question-1706253089235\" class=\"rank-math-list-item\"> <h3 class=\"rank-math-question\">Bu yer f\u0131st\u0131\u011f\u0131 dikim makinesi i\u00e7in gereken beygir g\u00fcc\u00fc nedir?<\/h3> <div class=\"rank-math-answer\">  <p>Genellikle, 20\u201380 beygir g\u00fcc\u00fcnde trakt\u00f6r \u00f6nerilir (s\u0131ra say\u0131s\u0131na ba\u011fl\u0131 olarak). Trakt\u00f6r modelinize g\u00f6re uygun g\u00fc\u00e7 konfig\u00fcrasyonunu \u00f6nerebiliriz.<\/p>  <\/div> <\/div> <div id=\"faq-question-1706253093178\" class=\"rank-math-list-item\"> <h3 class=\"rank-math-question\">S\u0131ra say\u0131s\u0131, dikim ihtiya\u00e7lar\u0131ma g\u00f6re \u00f6zelle\u015ftirilebilir mi?<\/h3> <div class=\"rank-math-answer\">  <p>Evet. Makine 2-, 4-, 6- ve 8 s\u0131ral\u0131 modeller sunar ve dikim alan\u0131n\u0131za ve s\u0131ra aral\u0131\u011f\u0131 gereksinimlerinize g\u00f6re \u00f6zelle\u015ftirilebilir.<\/p>  <\/div> <\/div> <div id=\"faq-question-1706253101674\" class=\"rank-math-list-item\"> <h3 class=\"rank-math-question\">Plastik mulching dikimini destekliyor mu?<\/h3> <div class=\"rank-math-answer\">  <p>Evet. Opsiyonel mulching ve s\u0131zd\u0131rmazl\u0131k fonksiyonlar\u0131, ayn\u0131 anda tohum ekimi ve mulching yapmaya olanak tan\u0131r, nem tutmay\u0131 art\u0131r\u0131r ve fide \u00e7\u0131k\u0131\u015f oranlar\u0131n\u0131 y\u00fckseltir.<\/p>  <\/div> <\/div> <div id=\"faq-question-1770799273998\" class=\"rank-math-list-item\"> <h3 class=\"rank-math-question\">Tohum ekim aral\u0131\u011f\u0131 ve derinli\u011fi ayarlanabilir mi?<\/h3> <div class=\"rank-math-answer\">  <p>Evet. Bitki aral\u0131\u011f\u0131, s\u0131ra aral\u0131\u011f\u0131 ve tohum ekim derinli\u011fi, tar\u0131msal gereksinimleri ve b\u00f6lgesel dikim standartlar\u0131n\u0131 kar\u015f\u0131lamak \u00fczere ayarlanabilir.<\/p>  <\/div> <\/div> <div id=\"faq-question-1770800036248\" class=\"rank-math-list-item\"> <h3 class=\"rank-math-question\">Makine, yo\u011fun yabani otlu veya d\u00fczensiz arazi ko\u015fullar\u0131nda normal \u00e7al\u0131\u015fabilir mi?<\/h3> <div class=\"rank-math-answer\">  <p>Evet. Ekipman, g\u00fc\u00e7l\u00fc uyarlanabilirlik ile iyi tasarlanm\u0131\u015f bir yap\u0131ya sahiptir ve tipik arazi haz\u0131rlama ko\u015fullar\u0131nda stabil \u00e7al\u0131\u015fma sa\u011flar.<\/p>  <\/div> <\/div> <\/div> <\/div>   <p>\u00dcr\u00fcnlerimiz veya herhangi bir sorunuz varsa, l\u00fctfen bizimle ileti\u015fime ge\u00e7mekten \u00e7ekinmeyin. Profesyonel ekibimiz size detayl\u0131 \u00fcr\u00fcn bilgisi sa\u011flayacak ve t\u00fcm sorular\u0131n\u0131z\u0131 yan\u0131tlayacakt\u0131r.<\/p>","protected":false},"excerpt":{"rendered":"<p>Yer f\u0131st\u0131\u011f\u0131 dikim makinesi, tohum ekimi, g\u00fcbreleme, toprak kaplama ve mulching filmi d\u00f6\u015feme gibi \u00e7oklu fonksiyonlar\u0131 entegre eder. 2\u20138 s\u0131ra konfig\u00fcrasyonlar\u0131nda mevcuttur ve hem r\u00fctu\u015f dikimi hem de d\u00fcz arazi dikimi i\u00e7in uygundur.<\/p>","protected":false},"author":1,"featured_media":12758,"parent":0,"comment_status":"closed","ping_status":"closed","template":"","tags":[797,976,492],"product-type":[884],"class_list":["post-11660","product","type-product","status-publish","has-post-thumbnail","hentry","tag-peanut","tag-peanutplanter","tag-planter","product-type-peanut-planter"],"_links":{"self":[{"href":"https:\/\/www.agriculture-machine.com\/tr\/wp-json\/wp\/v2\/product\/11660","targetHints":{"allow":["GET"]}}],"collection":[{"href":"https:\/\/www.agriculture-machine.com\/tr\/wp-json\/wp\/v2\/product"}],"about":[{"href":"https:\/\/www.agriculture-machine.com\/tr\/wp-json\/wp\/v2\/types\/product"}],"author":[{"embeddable":true,"href":"https:\/\/www.agriculture-machine.com\/tr\/wp-json\/wp\/v2\/users\/1"}],"replies":[{"embeddable":true,"href":"https:\/\/www.agriculture-machine.com\/tr\/wp-json\/wp\/v2\/comments?post=11660"}],"wp:featuredmedia":[{"embeddable":true,"href":"https:\/\/www.agriculture-machine.com\/tr\/wp-json\/wp\/v2\/media\/12758"}],"wp:attachment":[{"href":"https:\/\/www.agriculture-machine.com\/tr\/wp-json\/wp\/v2\/media?parent=11660"}],"wp:term":[{"taxonomy":"post_tag","embeddable":true,"href":"https:\/\/www.agriculture-machine.com\/tr\/wp-json\/wp\/v2\/tags?post=11660"},{"taxonomy":"product-type","embeddable":true,"href":"https:\/\/www.agriculture-machine.com\/tr\/wp-json\/wp\/v2\/product-type?post=11660"}],"curies":[{"name":"wp","href":"https:\/\/api.w.org\/{rel}","templated":true}]}}