{"id":11750,"date":"2021-10-28T17:12:13","date_gmt":"2021-10-28T09:12:13","guid":{"rendered":"https:\/\/www.agriculture-machine.com\/?p=11750"},"modified":"2025-05-26T17:18:03","modified_gmt":"2025-05-26T09:18:03","slug":"screw-oil-press-machine-screw-press-oil-extraction","status":"publish","type":"product","link":"https:\/\/www.agriculture-machine.com\/tr\/screw-oil-press-machine-screw-press-oil-extraction\/","title":{"rendered":"Vida Ya\u011f\u0131 Presi F\u0131st\u0131k Susam Ya\u011f Tohumu \u00c7\u0131karma Ekipman\u0131"},"content":{"rendered":"<p class=\"translation-block\">Otomatik <strong>vida ya\u011f\u0131 presi<\/strong>, verimli ve enerji tasarruflu bir ya\u011f \u00e7\u0131karma ekipman\u0131d\u0131r, k\u00fc\u00e7\u00fck ve orta \u00f6l\u00e7ekli ya\u011f de\u011firmenleri ve aile at\u00f6lyelerinde yayg\u0131n olarak kullan\u0131l\u0131r, ya\u011f d\u00f6n\u00fc\u015f\u00fcm oran\u0131  -P aras\u0131ndad\u0131r.<\/p>    <p>Geleneksel ya\u011f \u00e7\u0131karma y\u00f6ntemine k\u0131yasla, bu ekipman\u0131n ya\u011f verimi %4 ila %6 artm\u0131\u015f ve enerji t\u00fcketimi yakla\u015f\u0131k ` azalm\u0131\u015ft\u0131r, bu da \u00fcretim verimlili\u011fini ve ekonomik faydalar\u0131 \u00f6nemli \u00f6l\u00e7\u00fcde art\u0131r\u0131r.<\/p>    <figure class=\"wp-block-image aligncenter size-full\" id=\"screw-oil-press-machine\"><img loading=\"lazy\" decoding=\"async\" width=\"720\" height=\"540\" src=\"https:\/\/www.agriculture-machine.com\/wp-content\/uploads\/2021\/10\/lQDPDhrQf3GNo9_NAu7NAu6wz-R60YbSrb4Bgth7WIAfAA_750_750.jpg\" alt=\"Vida ya\u011f\u0131 pres makinesi\" class=\"wp-image-11898\" title=\"Vida ya\u011f\u0131 pres makinesi\" srcset=\"https:\/\/www.agriculture-machine.com\/wp-content\/uploads\/2021\/10\/lQDPDhrQf3GNo9_NAu7NAu6wz-R60YbSrb4Bgth7WIAfAA_750_750.jpg 720w, https:\/\/www.agriculture-machine.com\/wp-content\/uploads\/2021\/10\/lQDPDhrQf3GNo9_NAu7NAu6wz-R60YbSrb4Bgth7WIAfAA_750_750-360x270.jpg 360w, https:\/\/www.agriculture-machine.com\/wp-content\/uploads\/2021\/10\/lQDPDhrQf3GNo9_NAu7NAu6wz-R60YbSrb4Bgth7WIAfAA_750_750-240x180.jpg 240w\" sizes=\"auto, (max-width: 720px) 100vw, 720px\" \/><figcaption class=\"wp-element-caption\">Vida ya\u011f\u0131 pres makinesi<\/figcaption><\/figure>    <p>Bu serideki ya\u011f presleri kullan\u0131m\u0131 kolayd\u0131r, k\u00fc\u00e7\u00fck alan kaplar ve \u00e7e\u015fitli ya\u011f bitkilerinin s\u0131cak ve so\u011fuk preslenmesine uygundur. F\u0131st\u0131k, soya, susam, hardal tohumu vb. 30'dan fazla ya\u011f tohumu i\u00e7in uygundur. Kuru kekin kalan ya\u011f\u0131 oran\u0131 %0.5-3.5 aras\u0131ndad\u0131r ve tek makinenin \u00fcretim kapasitesi 15kg\/h ile 550kg\/h aras\u0131ndad\u0131r.<\/p>    <figure class=\"wp-block-embed aligncenter is-type-video is-provider-youtube wp-block-embed-youtube wp-embed-aspect-16-9 wp-has-aspect-ratio\"><div class=\"wp-block-embed__wrapper\"> <iframe loading=\"lazy\" title=\"Boru ya\u011f\u0131 \u00e7\u0131karma ve filtreleme i\u015flemi yapan vida ya\u011f\u0131 presi ile susam ya\u011f\u0131 \u00e7\u0131karma makinesinin \u00e7al\u0131\u015fma videosu\" width=\"500\" height=\"281\" src=\"https:\/\/www.youtube.com\/embed\/7A41hiwDkj4?feature=oembed\" frameborder=\"0\" allow=\"accelerometer; autoplay; clipboard-write; encrypted-media; gyroscope; picture-in-picture; web-share\" referrerpolicy=\"strict-origin-when-cross-origin\" allowfullscreen><\/iframe> <\/div><figcaption class=\"wp-element-caption\">Screw oil press machine&#8217;s working video<\/figcaption><\/figure>    <p>Farkl\u0131 \u00fcretim gereksinimlerine g\u00f6re, 6YL-60, 6YL-70, 6YL-80, 6YL-100, 6YL-125 vb. \u00e7e\u015fitli modeller mevcuttur ve kullan\u0131c\u0131lar\u0131n \u00e7e\u015fitli ihtiya\u00e7lar\u0131n\u0131 kar\u015f\u0131lar.<\/p>    <h2 class=\"wp-block-heading\" id=\"h-introduction-of-screw-oil-press-machine\">Sat\u0131\u015fta olan vida ya\u011f\u0131 presi makinesi<\/h2>    <p>Otomatik vida ya\u011f\u0131 presi farkl\u0131 malzemelere g\u00f6re farkl\u0131 s\u0131cakl\u0131klar ayarlanabilir ve vakum filtrasyon yapabilir.<\/p>    <p>Kolu \u00e7evirerek, insanlar\u0131n malzemeyi s\u0131kmak i\u00e7in gereken bas\u0131nc\u0131 ayarlayabilirler. Ayn\u0131 zamanda, farkl\u0131 bas\u0131n\u00e7lar ile s\u0131k\u0131lan ya\u011f miktar\u0131 ve kek kal\u0131nl\u0131\u011f\u0131 da de\u011fi\u015fir. <\/p>    <figure class=\"wp-block-image aligncenter size-large is-resized\"><img loading=\"lazy\" decoding=\"async\" width=\"540\" height=\"540\" src=\"https:\/\/www.agriculture-machine.com\/wp-content\/uploads\/2021\/10\/\u5fae\u4fe1\u56fe\u7247_2021090216442810-540x540.jpg?v=1635402250\" alt=\"Vida ya\u011f\u0131 pres makinesi\" class=\"wp-image-11903\" title=\"vida ya\u011f\u0131 presi makinesi\" srcset=\"https:\/\/www.agriculture-machine.com\/wp-content\/uploads\/2021\/10\/\u5fae\u4fe1\u56fe\u7247_2021090216442810-540x540.jpg 540w, https:\/\/www.agriculture-machine.com\/wp-content\/uploads\/2021\/10\/\u5fae\u4fe1\u56fe\u7247_2021090216442810-270x270.jpg 270w, https:\/\/www.agriculture-machine.com\/wp-content\/uploads\/2021\/10\/\u5fae\u4fe1\u56fe\u7247_2021090216442810-768x768.jpg 768w, https:\/\/www.agriculture-machine.com\/wp-content\/uploads\/2021\/10\/\u5fae\u4fe1\u56fe\u7247_2021090216442810-1536x1536.jpg 1536w, https:\/\/www.agriculture-machine.com\/wp-content\/uploads\/2021\/10\/\u5fae\u4fe1\u56fe\u7247_2021090216442810-2048x2048.jpg 2048w\" sizes=\"auto, (max-width: 540px) 100vw, 540px\" \/><figcaption class=\"wp-element-caption\">Vida ya\u011f\u0131 pres makinesi<\/figcaption><\/figure>    <h2 class=\"wp-block-heading\">Vida ya\u011f\u0131 presi uygun malzemeler<\/h2>    <p>Vida ya\u011f\u0131 presi makinemiz yer f\u0131st\u0131\u011f\u0131, keten, susam, hardal tohumu, ay\u00e7i\u00e7e\u011fi, pamuk tohumu, soya, ceviz, biber tohumu, tung tohumu, hint ya\u011f\u0131, badem vb. i\u00e7in uygundur.<\/p>    <figure class=\"wp-block-image aligncenter size-large is-resized\"><img loading=\"lazy\" decoding=\"async\" width=\"502\" height=\"540\" src=\"https:\/\/www.agriculture-machine.com\/wp-content\/uploads\/2021\/10\/\u672a\u6807\u9898-1_05-502x540.jpg?v=1635402522\" alt=\"Vida ya\u011f\u0131 presi\" class=\"wp-image-11904\" title=\"\" srcset=\"https:\/\/www.agriculture-machine.com\/wp-content\/uploads\/2021\/10\/\u672a\u6807\u9898-1_05-502x540.jpg 502w, https:\/\/www.agriculture-machine.com\/wp-content\/uploads\/2021\/10\/\u672a\u6807\u9898-1_05-251x270.jpg 251w, https:\/\/www.agriculture-machine.com\/wp-content\/uploads\/2021\/10\/\u672a\u6807\u9898-1_05.jpg 750w\" sizes=\"auto, (max-width: 502px) 100vw, 502px\" \/><figcaption class=\"wp-element-caption\">Vida ya\u011f\u0131 presi<\/figcaption><\/figure>    <h2 class=\"wp-block-heading\">Vida presi yap\u0131s\u0131n\u0131n yap\u0131s\u0131<\/h2>    <p>Vida ya\u011f\u0131 presi yap\u0131s\u0131nda s\u0131cakl\u0131k reg\u00fclat\u00f6r\u00fc, duman \u00e7\u0131k\u0131\u015f, toz da\u011f\u0131t\u0131m kabini, ya\u011flama konumu, red\u00fckt\u00f6r, motor, besleme giri\u015fi, ayar b\u00f6lmesi, \u0131s\u0131t\u0131c\u0131 eleman, ya\u011f \u00e7\u0131k\u0131\u015f b\u00f6l\u00fcm\u00fc, pres b\u00f6l\u00fcm\u00fc, vakum ya\u011f\u0131 filtresi vb. bulunur.<\/p>    <figure class=\"wp-block-image aligncenter size-large is-resized\"><img loading=\"lazy\" decoding=\"async\" width=\"410\" height=\"540\" src=\"https:\/\/www.agriculture-machine.com\/wp-content\/uploads\/2021\/10\/\u672a\u6807\u9898-1_02-410x540.jpg?v=1635402558\" alt=\"makinenin yap\u0131s\u0131\" class=\"wp-image-11905\" srcset=\"https:\/\/www.agriculture-machine.com\/wp-content\/uploads\/2021\/10\/\u672a\u6807\u9898-1_02-410x540.jpg 410w, https:\/\/www.agriculture-machine.com\/wp-content\/uploads\/2021\/10\/\u672a\u6807\u9898-1_02-205x270.jpg 205w, https:\/\/www.agriculture-machine.com\/wp-content\/uploads\/2021\/10\/\u672a\u6807\u9898-1_02.jpg 750w\" sizes=\"auto, (max-width: 410px) 100vw, 410px\" \/><figcaption class=\"wp-element-caption\">machine&#8217;s structure<\/figcaption><\/figure>    <h2 class=\"wp-block-heading\">Vida ya\u011f\u0131 \u00e7\u0131kar\u0131c\u0131 \u00e7al\u0131\u015fma prensibi<\/h2>    <p>Vida ya\u011f\u0131 presi makinesinde, ham maddeler hoperden pres odas\u0131na girer. Daha sonra, vida taraf\u0131ndan i\u00e7eri itilerek preslenirler.<\/p>    <p>Y\u00fcksek bas\u0131n\u00e7 ve s\u00fcrt\u00fcnme, malzeme, vida ve odac\u0131k aras\u0131nda g\u00f6receli hareket yarat\u0131r ve \u0131s\u0131 \u00fcretir, bu da ya\u011f \u00e7\u0131karma s\u00fcrecine yard\u0131mc\u0131 olur.<\/p>    <p>The screw&#8217;s increasing diameter and decreasing pitch push the material forward and outward. While frictional heat helps denature proteins, increase plasticity, and reduce viscosity, thereby improving the oil yield and allowing oil to flow out through gaps in the press.<\/p>    <figure class=\"wp-block-embed aligncenter is-type-video is-provider-youtube wp-block-embed-youtube wp-embed-aspect-16-9 wp-has-aspect-ratio\"><div class=\"wp-block-embed__wrapper\"> <iframe loading=\"lazy\" title=\"Ya\u011f \u00c7\u0131karma Sihirbaz\u0131: Ya\u011f Presi Makinemizin G\u00fcc\u00fcn\u00fc Ke\u015ffedin!#ya\u011f #ya\u011fpresi\" width=\"500\" height=\"281\" src=\"https:\/\/www.youtube.com\/embed\/c8tV-bTnv3k?feature=oembed\" frameborder=\"0\" allow=\"accelerometer; autoplay; clipboard-write; encrypted-media; gyroscope; picture-in-picture; web-share\" referrerpolicy=\"strict-origin-when-cross-origin\" allowfullscreen><\/iframe> <\/div><figcaption class=\"wp-element-caption\">Vida ya\u011f\u0131 \u00e7\u0131kar\u0131c\u0131 makinesinin \u00e7al\u0131\u015fma videosu<\/figcaption><\/figure>    <h2 class=\"wp-block-heading\">Vida pres ya\u011f\u0131 \u00e7\u0131kar\u0131c\u0131 parametreleri<\/h2>    <figure class=\"wp-block-table\"><table class=\"has-black-color has-pale-cyan-blue-background-color has-text-color has-background\"><tbody><tr><td><strong>Model<\/strong><\/td><td><strong>6YL-60<\/strong><\/td><td><strong>6YL-70<\/strong><\/td><td><strong>6YL-80<\/strong><\/td><td><strong>6YL-100<\/strong><\/td><td><strong>6YL-125<\/strong><\/td><\/tr><tr><td>Vida \u00e7ap\u0131(mm)<\/td><td>\u03a655<\/td><td>\u03a665<\/td><td>\u03a680<\/td><td>\u03a6100<\/td><td>\u03a6125<\/td><\/tr><tr><td>Vida d\u00f6n\u00fc\u015f h\u0131z\u0131(r\/dak)<\/td><td>64<\/td><td>38<\/td><td>35<\/td><td>37<\/td><td>34<\/td><\/tr><tr><td>Ana g\u00fc\u00e7(kw)<\/td><td>2.2<\/td><td>3<\/td><td>4<\/td><td>7.5<\/td><td>15<\/td><\/tr><tr><td>Vakum pompas\u0131 g\u00fcc\u00fc(kw)<\/td><td>0.75<\/td><td>0.75<\/td><td>0.55<\/td><td>0.75<\/td><td>0.75<\/td><\/tr><tr><td>Is\u0131tma g\u00fcc\u00fc(kw)<\/td><td>0.9<\/td><td>1.8<\/td><td>2.2<\/td><td>3<\/td><td>3.75<\/td><\/tr><tr><td>Kapasi\u0307te\u0307t(kg\/h)<\/td><td>40-60<\/td><td>50-70<\/td><td>80-120<\/td><td>150-230<\/td><td>300-350<\/td><\/tr><tr><td>A\u011f\u0131rl\u0131k(kg)<\/td><td>240<\/td><td>280<\/td><td>880<\/td><td>1100<\/td><td>1400<\/td><\/tr><tr><td>Boyut(mm)<\/td><td>1200*480*1100<\/td><td>1400*500*1200<\/td><td>1700*110*1600<\/td><td>1900*1200*1300<\/td><td>2600*1300*2300<\/td><\/tr><\/tbody><\/table><figcaption class=\"wp-element-caption\">Screw press oil extraction&#8217;s parameter <\/figcaption><\/figure>    <h2 class=\"wp-block-heading\">Vida tohum \u00e7\u0131karma makinesi avantajlar\u0131<\/h2>    <ul class=\"wp-block-list\"> <li>Y\u00fcksek ya\u011f verimi: eski ekipmanlara k\u0131yasla, ya\u011f verimi %2-3 artabilir. \u0130\u015flenen her 100 pound f\u0131st\u0131ktan ortalama 2-6 pound ya\u011f elde edilebilir.<\/li>    <li>Enerji tasarrufu ve \u00e7evre dostu: ayn\u0131 \u00e7\u0131kt\u0131 alt\u0131nda @ elektrik tasarrufu sa\u011flar.<\/li>    <li>\u0130\u015f g\u00fcc\u00fcnden tasarruf ve y\u00fcksek verimlilik: ayn\u0131 \u00e7\u0131kt\u0131 alt\u0131nda ` tasarruf sa\u011flar, 1-2 ki\u015fi i\u015fletilebilir.<\/li>    <li>Geni\u015f uygulama alan\u0131: bir makine \u00e7ok ama\u00e7l\u0131d\u0131r, 30'dan fazla ya\u011f bitkisini presleyebilir (\u00f6rne\u011fin f\u0131st\u0131k, susam, ay\u00e7i\u00e7e\u011fi, pamuk tohumu, soya vb.).<\/li>    <li>Saf ya\u011f: kal\u0131nt\u0131 vakumla filtrelenir, ya\u011f kalitesi saf ve hijyenik karantina standard\u0131na uygundur.<\/li>    <li>K\u00fc\u00e7\u00fck zemin alan\u0131: pres at\u00f6lyesi sadece 10-20 metrekareye ihtiya\u00e7 duyar ve \u00fcretim talebini kar\u015f\u0131lar.<\/li>    <li>Ak\u0131ll\u0131 s\u0131cakl\u0131k kontrol\u00fc: k\u0131z\u0131l\u00f6tesi s\u0131cakl\u0131k kontrol sistemi kullan\u0131l\u0131r, presleme s\u0131cakl\u0131\u011f\u0131 ve nem otomatik olarak kontrol edilir, ya\u011f molek\u00fclleri do\u011frudan yumu\u015fat\u0131l\u0131r ve aktive edilir, ve ya\u011f verimi b\u00fcy\u00fck \u00f6l\u00e7\u00fcde art\u0131r\u0131l\u0131r.<\/li>    <li>Y\u00fcksek verimli filtrasyon: \u00e7ok a\u015famal\u0131 hassas filtrasyon cihaz\u0131 kullan\u0131larak ya\u011f filtrasyon bas\u0131nc\u0131 ve ham ya\u011f s\u0131cakl\u0131\u011f\u0131 art\u0131r\u0131l\u0131r, ya\u011f kalitesi daha saf ve filtrasyon h\u0131z\u0131 h\u0131zl\u0131d\u0131r.<\/li> <\/ul>    <figure class=\"wp-block-image aligncenter size-full is-resized\"><img loading=\"lazy\" decoding=\"async\" width=\"661\" height=\"496\" src=\"https:\/\/www.agriculture-machine.com\/wp-content\/uploads\/2021\/10\/EM\u622a\u56fe_201681154127.png\" alt=\"vida ya\u011f\u0131 presi makinesi\" class=\"wp-image-11906\" title=\"vida ya\u011f\u0131 presi makinesi\" srcset=\"https:\/\/www.agriculture-machine.com\/wp-content\/uploads\/2021\/10\/EM\u622a\u56fe_201681154127.png 661w, https:\/\/www.agriculture-machine.com\/wp-content\/uploads\/2021\/10\/EM\u622a\u56fe_201681154127-360x270.png 360w, https:\/\/www.agriculture-machine.com\/wp-content\/uploads\/2021\/10\/EM\u622a\u56fe_201681154127-240x180.png 240w\" sizes=\"auto, (max-width: 661px) 100vw, 661px\" \/><figcaption class=\"wp-element-caption\">vida pres ya\u011f\u0131 \u00e7\u0131kar\u0131c\u0131<\/figcaption><\/figure>    <figure class=\"wp-block-image aligncenter size-full\"><img loading=\"lazy\" decoding=\"async\" width=\"720\" height=\"540\" src=\"https:\/\/www.agriculture-machine.com\/wp-content\/uploads\/2021\/10\/press-oil-extractor-for-sale.webp\" alt=\"ya\u011f \u00e7\u0131kar\u0131c\u0131 pres sat\u0131\u015f\u0131\" class=\"wp-image-16303\" srcset=\"https:\/\/www.agriculture-machine.com\/wp-content\/uploads\/2021\/10\/press-oil-extractor-for-sale.webp 720w, https:\/\/www.agriculture-machine.com\/wp-content\/uploads\/2021\/10\/press-oil-extractor-for-sale-360x270.webp 360w, https:\/\/www.agriculture-machine.com\/wp-content\/uploads\/2021\/10\/press-oil-extractor-for-sale-240x180.webp 240w, https:\/\/www.agriculture-machine.com\/wp-content\/uploads\/2021\/10\/press-oil-extractor-for-sale-16x12.webp 16w\" sizes=\"auto, (max-width: 720px) 100vw, 720px\" \/><figcaption class=\"wp-element-caption\">ya\u011f \u00e7\u0131kar\u0131c\u0131 pres sat\u0131\u015f\u0131<\/figcaption><\/figure>    <h2 class=\"wp-block-heading\">Screw oil mill&#8217;s instructions for use<\/h2>    <ul class=\"wp-block-list\"> <li>Kullanmadan \u00f6nce ba\u011flant\u0131 elemanlar\u0131n\u0131 kontrol edin, gev\u015fek olmad\u0131klar\u0131ndan emin olun; kolu ve kasna\u011f\u0131 elle \u00e7evirerek i\u015flemin esnek ve anormal ses olmad\u0131\u011f\u0131n\u0131 kontrol edin.<\/li>    <li>Red\u00fckt\u00f6r\u00fc 30# ya\u011f\u0131 ile doldurun. Makineyi \u00e7al\u0131\u015ft\u0131rmadan \u00f6nce g\u00fcvenli bir \u015fekilde topraklay\u0131n.<\/li>    <li>Makineyi \u00fc\u00e7 fazl\u0131 d\u00f6rt telli g\u00fc\u00e7 kayna\u011f\u0131na ba\u011flay\u0131n ve makineyi a\u00e7t\u0131ktan sonra mil saat y\u00f6n\u00fcn\u00fcn tersine d\u00f6nmelidir.<\/li>    <li>Termostat\u0131, ya\u011f oran\u0131na g\u00f6re 120\u00b0C-160\u00b0C aras\u0131nda ayarlay\u0131n, ana makinenin \u0131s\u0131t\u0131c\u0131 anahtar\u0131n\u0131 a\u00e7\u0131n ve makineyi \u00f6n \u0131s\u0131t\u0131n.<\/li>    <li>Yeni makineyi kurduktan sonra, 4-8 saatlik bir \u00e7al\u0131\u015fma s\u00fcresi gerekir: Hoperden kuru ya\u011f kekini yava\u015f\u00e7a koyun ve tekrar tekrar presleyerek pres odas\u0131n\u0131 cilalay\u0131n.<\/li>    <li>Besleme malzemesini e\u015fit tutun, malzemenin k\u0131r\u0131lmas\u0131n\u0131 veya \u00e7ok fazla malzeme olmas\u0131n\u0131 \u00f6nleyin, makine normal y\u00fckl\u00fc, d\u00fczg\u00fcn \u00e7al\u0131\u015f\u0131yor, sesli ve ritmik.<\/li>    <li>Makineyi durdurmadan \u00f6nce beslemeyi durdurun, k\u00fc\u00e7\u00fck miktarda kek kal\u0131nt\u0131s\u0131 koyun, pres odas\u0131ndaki kalan malzemenin bo\u015falt\u0131lmas\u0131n\u0131 bekleyin ve kek \u00e7\u0131k\u0131\u015f\u0131 durduktan sonra makineyi durdurun.<\/li>    <li>Makineyi durdurduktan sonra, ayar vidas\u0131n\u0131 saat y\u00f6n\u00fcn\u00fcn tersine 1-3 tur \u00e7evirin ve sonunda g\u00fc\u00e7 kayna\u011f\u0131n\u0131 kesin.<\/li> <\/ul>    <figure class=\"wp-block-image aligncenter size-large\"><img loading=\"lazy\" decoding=\"async\" width=\"720\" height=\"540\" src=\"https:\/\/www.agriculture-machine.com\/wp-content\/uploads\/2021\/10\/\u65b0\u5efa\u6587\u4ef6\u5939-2IMG_20160528_152744-720x540.jpg?v=1635404815\" alt=\"vida ya\u011f\u0131 presi makinesi\" class=\"wp-image-11910\" title=\"vida ya\u011f\u0131 presi makinesi\" srcset=\"https:\/\/www.agriculture-machine.com\/wp-content\/uploads\/2021\/10\/\u65b0\u5efa\u6587\u4ef6\u5939-2IMG_20160528_152744-720x540.jpg 720w, https:\/\/www.agriculture-machine.com\/wp-content\/uploads\/2021\/10\/\u65b0\u5efa\u6587\u4ef6\u5939-2IMG_20160528_152744-360x270.jpg 360w, https:\/\/www.agriculture-machine.com\/wp-content\/uploads\/2021\/10\/\u65b0\u5efa\u6587\u4ef6\u5939-2IMG_20160528_152744-240x180.jpg 240w, https:\/\/www.agriculture-machine.com\/wp-content\/uploads\/2021\/10\/\u65b0\u5efa\u6587\u4ef6\u5939-2IMG_20160528_152744-768x576.jpg 768w, https:\/\/www.agriculture-machine.com\/wp-content\/uploads\/2021\/10\/\u65b0\u5efa\u6587\u4ef6\u5939-2IMG_20160528_152744-1536x1152.jpg 1536w, https:\/\/www.agriculture-machine.com\/wp-content\/uploads\/2021\/10\/\u65b0\u5efa\u6587\u4ef6\u5939-2IMG_20160528_152744-2048x1536.jpg 2048w\" sizes=\"auto, (max-width: 720px) 100vw, 720px\" \/><figcaption class=\"wp-element-caption\">vida ya\u011f\u0131 presi makinesi<\/figcaption><\/figure>    <figure class=\"wp-block-image aligncenter size-full\"><img loading=\"lazy\" decoding=\"async\" width=\"720\" height=\"540\" src=\"https:\/\/www.agriculture-machine.com\/wp-content\/uploads\/2021\/10\/oil-mill-machines.webp\" alt=\"ya\u011f de\u011firmeni makineleri\" class=\"wp-image-16304\" srcset=\"https:\/\/www.agriculture-machine.com\/wp-content\/uploads\/2021\/10\/oil-mill-machines.webp 720w, https:\/\/www.agriculture-machine.com\/wp-content\/uploads\/2021\/10\/oil-mill-machines-360x270.webp 360w, https:\/\/www.agriculture-machine.com\/wp-content\/uploads\/2021\/10\/oil-mill-machines-240x180.webp 240w, https:\/\/www.agriculture-machine.com\/wp-content\/uploads\/2021\/10\/oil-mill-machines-16x12.webp 16w\" sizes=\"auto, (max-width: 720px) 100vw, 720px\" \/><figcaption class=\"wp-element-caption\">ya\u011f de\u011firmeni makineleri<\/figcaption><\/figure>    <p class=\"translation-block\">Fabrikam\u0131z, hidrolik ya\u011f\u0131 presleri ( Ya\u011f \u00c7\u0131karma Makinesi |Vida Ya\u011f\u0131 Presi|Hidrolik Ya\u011f De\u011firmeni ) gibi di\u011fer t\u00fcrlerde ya\u011f\u0131 presleri de \u00fcretmektedir. \u0130lgileniyorsan\u0131z, sa\u011fdaki formu doldurun ve ham malzemenizi ve \u00f6zel ihtiya\u00e7lar\u0131n\u0131z\u0131 bize bildirin. Size uygun \u00f6nerilerde bulunaca\u011f\u0131z ve ya\u011f presleme i\u015finizin sorunsuz \u00e7al\u0131\u015fmas\u0131n\u0131 sa\u011flayaca\u011f\u0131z.<\/p>","protected":false},"excerpt":{"rendered":"<p>Otomatik vida ya\u011f\u0131 presi, vakum filtrasyonu, otomatik s\u0131cakl\u0131k kontrol fonksiyonu. Kolu d\u00f6nd\u00fcrerek malzemeyi s\u0131kmak i\u00e7in gereken bas\u0131nc\u0131 ayarlay\u0131n. Bu makineyle s\u0131k\u0131lan \u00fcr\u00fcn ya\u011f\u0131 iyi kaliteye, g\u00fczel aromaya ve y\u00fcksek ya\u011f verimine sahiptir ve genellikle bir\u00e7ok ki\u015fi taraf\u0131ndan be\u011fenilmektedir.<\/p>","protected":false},"author":1,"featured_media":11898,"parent":0,"comment_status":"closed","ping_status":"closed","template":"","tags":[2597,963,830,2599],"product-type":[162],"class_list":["post-11750","product","type-product","status-publish","has-post-thumbnail","hentry","tag-oil","tag-oil-press","tag-peanut-oil","tag-sesame-oil","product-type-other-type"],"_links":{"self":[{"href":"https:\/\/www.agriculture-machine.com\/tr\/wp-json\/wp\/v2\/product\/11750","targetHints":{"allow":["GET"]}}],"collection":[{"href":"https:\/\/www.agriculture-machine.com\/tr\/wp-json\/wp\/v2\/product"}],"about":[{"href":"https:\/\/www.agriculture-machine.com\/tr\/wp-json\/wp\/v2\/types\/product"}],"author":[{"embeddable":true,"href":"https:\/\/www.agriculture-machine.com\/tr\/wp-json\/wp\/v2\/users\/1"}],"replies":[{"embeddable":true,"href":"https:\/\/www.agriculture-machine.com\/tr\/wp-json\/wp\/v2\/comments?post=11750"}],"wp:featuredmedia":[{"embeddable":true,"href":"https:\/\/www.agriculture-machine.com\/tr\/wp-json\/wp\/v2\/media\/11898"}],"wp:attachment":[{"href":"https:\/\/www.agriculture-machine.com\/tr\/wp-json\/wp\/v2\/media?parent=11750"}],"wp:term":[{"taxonomy":"post_tag","embeddable":true,"href":"https:\/\/www.agriculture-machine.com\/tr\/wp-json\/wp\/v2\/tags?post=11750"},{"taxonomy":"product-type","embeddable":true,"href":"https:\/\/www.agriculture-machine.com\/tr\/wp-json\/wp\/v2\/product-type?post=11750"}],"curies":[{"name":"wp","href":"https:\/\/api.w.org\/{rel}","templated":true}]}}