{"id":1178,"date":"2018-10-20T03:23:39","date_gmt":"2018-10-19T19:23:39","guid":{"rendered":"https:\/\/www.agriculture-machine.com\/?p=1178"},"modified":"2024-09-23T11:19:36","modified_gmt":"2024-09-23T03:19:36","slug":"electric-olive-picking-machine","status":"publish","type":"product","link":"https:\/\/www.agriculture-machine.com\/tr\/electric-olive-picking-machine\/","title":{"rendered":"Elektrikli zeytin toplama makinesi f\u0131nd\u0131k meyve toplay\u0131c\u0131"},"content":{"rendered":"<p>Elektrikli zeytin toplama makinesi, bah\u00e7edeki f\u0131nd\u0131k a\u011fa\u00e7lar\u0131n\u0131n toplanmas\u0131 ve hasad\u0131 i\u00e7in \u00f6zel olarak tasarlanm\u0131\u015ft\u0131r. Makine kompakt yap\u0131ya, \u015f\u0131k g\u00f6r\u00fcn\u00fcme ve basit kullan\u0131ma sahiptir. Dahili ve harici t\u00fcpler y\u00fcksek mukavemetli al\u00fcminyum ala\u015f\u0131mdan yap\u0131lm\u0131\u015f olup kolayca ayarlanabilir, yani 2170-3000mm.<\/p> <p>Meyve toplay\u0131c\u0131 hafif ve dayan\u0131kl\u0131d\u0131r, zeytin, jujube, hurma gibi genel kuruyemi\u015flere geni\u015f \u00e7apta uygulanabilir.<\/p> <h2><strong><b>Birinci tip: GL-1 elektrikli meyve toplama makinesi<\/b><\/strong><\/h2> <p>Elektrikli zeytin toplama makinesinin ba\u015fl\u0131\u011f\u0131 dayan\u0131kl\u0131 ve y\u00fcksek mukavemetli bir par\u00e7ad\u0131r. Zeytin toplay\u0131c\u0131 makinesi 12V pil ve ev elektri\u011fi, k\u00fc\u00e7\u00fck jenerat\u00f6rler ve di\u011fer g\u00fc\u00e7 kaynaklar\u0131yla kullan\u0131labilir. Kullan\u0131m\u0131 pratik ve uygundur.<\/p> <figure id=\"attachment_3052\" aria-describedby=\"caption-attachment-3052\" style=\"width: 400px\" class=\"wp-caption aligncenter\"><img loading=\"lazy\" decoding=\"async\" class=\"wp-image-3052 size-full\" src=\"https:\/\/www.agriculture-machine.com\/wp-content\/uploads\/2018\/10\/99.jpg\" alt=\"zeytin hasat makinesi\" width=\"400\" height=\"500\" srcset=\"https:\/\/www.agriculture-machine.com\/wp-content\/uploads\/2018\/10\/99.jpg 400w, https:\/\/www.agriculture-machine.com\/wp-content\/uploads\/2018\/10\/99-216x270.jpg 216w\" sizes=\"auto, (max-width: 400px) 100vw, 400px\" \/><figcaption id=\"caption-attachment-3052\" class=\"wp-caption-text\">zeytin hasat makinesi<\/figcaption><\/figure> <h3>Meyve toplama teknik parametreleri<\/h3> <table> <tbody> <tr> <td width=\"284\">Model<\/td> <td width=\"284\">GL-1<\/td> <\/tr> <tr> <td width=\"284\">pil<\/td> <td width=\"284\">12V<\/td> <\/tr> <tr> <td width=\"284\">Uzunluk<\/td> <td width=\"284\">2170-3000mm<\/td> <\/tr> <tr> <td width=\"284\">Ba\u015fl\u0131k geni\u015fli\u011fi<\/td> <td width=\"284\">260mm<\/td> <\/tr> <tr> <td width=\"284\">Tel uzunlu\u011fu<\/td> <td width=\"284\">12m<\/td> <\/tr> <tr> <td width=\"284\">H\u0131z<\/td> <td width=\"284\">820r\/dak<\/td> <\/tr> <tr> <td width=\"284\">Ambalaj boyutu<\/td> <td width=\"284\">2170*160*260mm<\/td> <\/tr> <tr> <td width=\"284\">N.W\/G.W<\/td> <td width=\"284\">7.5kg\/11kg<\/td> <\/tr> <tr> <td width=\"284\">Not<\/td> <td width=\"284\">Al\u0131c\u0131, pili kendisi sat\u0131n almal\u0131d\u0131r<\/td> <\/tr> <\/tbody> <\/table> <h3><strong><b>Meyve toplama makinesinin yap\u0131s\u0131<\/b><\/strong><\/h3> <ul> <li>t\u0131rm\u0131k<\/li> <li>Motor g\u00f6vdesi koruyucu kapakla<\/li> <li>\u015faft<\/li> <li>kulp<\/li> <li>sigorta yuvas\u0131 (10 Amper)<\/li> <li>DC kelep\u00e7e<\/li> <li>ba\u011flant\u0131 kablosu (15m)<\/li> <li>2-3m teleskopik \u015faft<\/li> <li>5 ila 2.2m teleskopik \u015faft<\/li> <li>2m sabit \u015faft<\/li> <\/ul> <div id='gallery-1' class='gallery galleryid-1178 gallery-columns-2 gallery-size-full'><figure class='gallery-item'> \t\t\t<div class='gallery-icon portrait'> \t\t\t\t<a href='https:\/\/www.agriculture-machine.com\/tr\/electric-olive-picking-machine\/attachment\/88-3\/'><img loading=\"lazy\" decoding=\"async\" width=\"400\" height=\"500\" src=\"https:\/\/www.agriculture-machine.com\/wp-content\/uploads\/2018\/10\/88-1.jpg\" class=\"attachment-full size-full\" alt=\"zeytin hasat makinesi tan\u0131t\u0131m\u0131\" aria-describedby=\"gallery-1-3051\" srcset=\"https:\/\/www.agriculture-machine.com\/wp-content\/uploads\/2018\/10\/88-1.jpg 400w, https:\/\/www.agriculture-machine.com\/wp-content\/uploads\/2018\/10\/88-1-216x270.jpg 216w\" sizes=\"auto, (max-width: 400px) 100vw, 400px\" \/><\/a> \t\t\t<\/div> \t\t\t\t<figcaption class='wp-caption-text gallery-caption' id='gallery-1-3051'> \t\t\t\tzeytin hasat makinesi tan\u0131t\u0131m\u0131 \t\t\t\t<\/figcaption><\/figure><figure class='gallery-item'> \t\t\t<div class='gallery-icon portrait'> \t\t\t\t<a href='https:\/\/www.agriculture-machine.com\/tr\/electric-olive-picking-machine\/attachment\/77-3\/'><img loading=\"lazy\" decoding=\"async\" width=\"400\" height=\"500\" src=\"https:\/\/www.agriculture-machine.com\/wp-content\/uploads\/2018\/10\/77-1.jpg\" class=\"attachment-full size-full\" alt=\"zeytin hasat makinesi-2\" aria-describedby=\"gallery-1-3050\" srcset=\"https:\/\/www.agriculture-machine.com\/wp-content\/uploads\/2018\/10\/77-1.jpg 400w, https:\/\/www.agriculture-machine.com\/wp-content\/uploads\/2018\/10\/77-1-216x270.jpg 216w\" sizes=\"auto, (max-width: 400px) 100vw, 400px\" \/><\/a> \t\t\t<\/div> \t\t\t\t<figcaption class='wp-caption-text gallery-caption' id='gallery-1-3050'> \t\t\t\tzeytin hasat makinesi-2 \t\t\t\t<\/figcaption><\/figure> \t\t<\/div>  <p class=\"translation-block\"><strong><b>\u00a0<\/b><\/strong><\/p> <p class=\"translation-block\"><strong><b>\u00a0<\/b><\/strong><\/p> <h2><strong><b>\u0130kinci tip: GL-2 elektrikli meyve toplama makinesi<\/b><\/strong><\/h2> <p>Bu elektrikli meyve toplama makinesi, uzun di\u015fli topa benzeyen ve 12V pil ile \u00e7al\u0131\u015fan, tamamen i\u015f\u00e7ilik zaman\u0131n\u0131 tasarruf eden bir makinedir; \u015faft uzunlu\u011fu 2500mm ve ba\u015fl\u0131k geni\u015fli\u011fi 100mm'dir. 10m kablo uzunlu\u011fu, meyve hasad\u0131n\u0131 kolayla\u015ft\u0131r\u0131r.<\/p> <div id='gallery-2' class='gallery galleryid-1178 gallery-columns-2 gallery-size-full'><figure class='gallery-item'> \t\t\t<div class='gallery-icon portrait'> \t\t\t\t<a href='https:\/\/www.agriculture-machine.com\/tr\/electric-olive-picking-machine\/attachment\/222-2\/'><img loading=\"lazy\" decoding=\"async\" width=\"400\" height=\"500\" src=\"https:\/\/www.agriculture-machine.com\/wp-content\/uploads\/2018\/10\/222.jpg\" class=\"attachment-full size-full\" alt=\"zeytin hasat makinesi detay\" aria-describedby=\"gallery-2-3054\" srcset=\"https:\/\/www.agriculture-machine.com\/wp-content\/uploads\/2018\/10\/222.jpg 400w, https:\/\/www.agriculture-machine.com\/wp-content\/uploads\/2018\/10\/222-216x270.jpg 216w\" sizes=\"auto, (max-width: 400px) 100vw, 400px\" \/><\/a> \t\t\t<\/div> \t\t\t\t<figcaption class='wp-caption-text gallery-caption' id='gallery-2-3054'> \t\t\t\tzeytin hasat makinesi detay \t\t\t\t<\/figcaption><\/figure><figure class='gallery-item'> \t\t\t<div class='gallery-icon portrait'> \t\t\t\t<a href='https:\/\/www.agriculture-machine.com\/tr\/electric-olive-picking-machine\/attachment\/111-2\/'><img loading=\"lazy\" decoding=\"async\" width=\"400\" height=\"500\" src=\"https:\/\/www.agriculture-machine.com\/wp-content\/uploads\/2018\/10\/111.jpg\" class=\"attachment-full size-full\" alt=\"zeytin hasat makinesi detay-2\" srcset=\"https:\/\/www.agriculture-machine.com\/wp-content\/uploads\/2018\/10\/111.jpg 400w, https:\/\/www.agriculture-machine.com\/wp-content\/uploads\/2018\/10\/111-216x270.jpg 216w\" sizes=\"auto, (max-width: 400px) 100vw, 400px\" \/><\/a> \t\t\t<\/div><\/figure> \t\t<\/div>  <h3>Meyve toplama makinesi teknik parametreleri<\/h3> <table> <tbody> <tr> <td width=\"284\">Model<\/td> <td width=\"284\">GL-2<\/td> <\/tr> <tr> <td width=\"284\">pil<\/td> <td width=\"284\">12V<\/td> <\/tr> <tr> <td width=\"284\">Uzunluk<\/td> <td width=\"284\">2500mm<\/td> <\/tr> <tr> <td width=\"284\">Ba\u015fl\u0131k geni\u015fli\u011fi<\/td> <td width=\"284\">100mm<\/td> <\/tr> <tr> <td width=\"284\">Tel uzunlu\u011fu<\/td> <td width=\"284\">10m<\/td> <\/tr> <tr> <td width=\"284\">H\u0131z<\/td> <td width=\"284\">1800r\/dak<\/td> <\/tr> <tr> <td width=\"284\">Ambalaj boyutu<\/td> <td width=\"284\">2040*110*130mm<\/p> <p>380*255*215mm<\/td> <\/tr> <tr> <td width=\"284\">N.W\/G.W<\/td> <td width=\"284\">2.5kg\/ 3.35kg<\/td> <\/tr> <tr> <td width=\"284\">Not<\/td> <td width=\"284\">Al\u0131c\u0131, pili kendisi sat\u0131n almal\u0131d\u0131r<\/td> <\/tr> <\/tbody> <\/table> <h2><strong><b>\u00dc\u00e7\u00fcnc\u00fc tip<\/b><\/strong><strong><b>GL-3 benzinli motor meyve toplama makinesi <\/b><\/strong><\/h2> <p>Bu, 43cc benzinli motorla \u00e7al\u0131\u015fan ve 700ml yak\u0131t tank\u0131na sahip 2 zamanl\u0131 zeytin sallama makinesidir. Nominal \u00e7\u0131k\u0131\u015f g\u00fcc\u00fc 1.4kw\/7500rpm ve kanca \u00e7ap\u0131 44mm'dir, ayarlanamaz, t\u00fcp uzunlu\u011fu 150cm ile 225cm aras\u0131nda de\u011fi\u015fir. Y\u00fcksek \u00e7al\u0131\u015fma verimlili\u011fi ve d\u00fc\u015f\u00fck k\u0131r\u0131lma oran\u0131 onun iki belirgin \u00f6zelli\u011fidir.<\/p> <div id='gallery-3' class='gallery galleryid-1178 gallery-columns-2 gallery-size-full'><figure class='gallery-item'> \t\t\t<div class='gallery-icon portrait'> \t\t\t\t<a href='https:\/\/www.agriculture-machine.com\/tr\/electric-olive-picking-machine\/attachment\/44-2\/'><img loading=\"lazy\" decoding=\"async\" width=\"400\" height=\"500\" src=\"https:\/\/www.agriculture-machine.com\/wp-content\/uploads\/2018\/10\/44-1.jpg\" class=\"attachment-full size-full\" alt=\"benzinli motorlu meyve toplama makinesi-1\" aria-describedby=\"gallery-3-3047\" srcset=\"https:\/\/www.agriculture-machine.com\/wp-content\/uploads\/2018\/10\/44-1.jpg 400w, https:\/\/www.agriculture-machine.com\/wp-content\/uploads\/2018\/10\/44-1-216x270.jpg 216w\" sizes=\"auto, (max-width: 400px) 100vw, 400px\" \/><\/a> \t\t\t<\/div> \t\t\t\t<figcaption class='wp-caption-text gallery-caption' id='gallery-3-3047'> \t\t\t\tbenzinli motorlu meyve toplama makinesi-1 \t\t\t\t<\/figcaption><\/figure><figure class='gallery-item'> \t\t\t<div class='gallery-icon portrait'> \t\t\t\t<a href='https:\/\/www.agriculture-machine.com\/tr\/electric-olive-picking-machine\/attachment\/55-3\/'><img loading=\"lazy\" decoding=\"async\" width=\"400\" height=\"500\" src=\"https:\/\/www.agriculture-machine.com\/wp-content\/uploads\/2018\/10\/55-1.jpg\" class=\"attachment-full size-full\" alt=\"benzinli motorlu meyve toplama makinesi-2\" aria-describedby=\"gallery-3-3048\" srcset=\"https:\/\/www.agriculture-machine.com\/wp-content\/uploads\/2018\/10\/55-1.jpg 400w, https:\/\/www.agriculture-machine.com\/wp-content\/uploads\/2018\/10\/55-1-216x270.jpg 216w\" sizes=\"auto, (max-width: 400px) 100vw, 400px\" \/><\/a> \t\t\t<\/div> \t\t\t\t<figcaption class='wp-caption-text gallery-caption' id='gallery-3-3048'> \t\t\t\tbenzinli motorlu meyve toplama makinesi-2 \t\t\t\t<\/figcaption><\/figure> \t\t<\/div>  <h3>Meyve toplama makinesi teknik parametreleri<\/h3> <table> <tbody> <tr> <td width=\"284\">Model<\/td> <td width=\"284\">GL-3<\/td> <\/tr> <tr> <td width=\"284\">G\u00fc\u00e7<\/td> <td width=\"284\">Benzinli motor<\/td> <\/tr> <tr> <td width=\"284\">Motor tipi<\/td> <td width=\"284\">2 zamanl\u0131<\/td> <\/tr> <tr> <td width=\"284\">Hacim<\/td> <td width=\"284\">43cc<\/td> <\/tr> <tr> <td width=\"284\">Nominal \u00e7\u0131k\u0131\u015f g\u00fcc\u00fc<\/td> <td width=\"284\">1.4kw\/7500rpm<\/td> <\/tr> <tr> <td width=\"284\">Yak\u0131t tank\u0131 kapasitesi<\/td> <td width=\"284\">700ml<\/td> <\/tr> <tr> <td width=\"284\">Kanca \u00e7ap\u0131<\/td> <td width=\"284\">44mm<\/td> <\/tr> <tr> <td width=\"284\">Sallay\u0131c\u0131 uzunluk t\u00fcp\u00fc<\/td> <td width=\"284\">150cm-225cm<\/td> <\/tr> <tr> <td width=\"284\">Ambalaj<\/td> <td width=\"284\">360*300*240mm<\/p> <p>150*120*120mm<\/td> <\/tr> <tr> <td width=\"284\">Ambalaj a\u011f\u0131rl\u0131\u011f\u0131<\/td> <td width=\"284\">8.0kg<\/td> <\/tr> <\/tbody> <\/table> <h3>\u00dc\u00e7 tip i\u00e7in meyve toplama avantajlar\u0131<\/h3> <ol> <li>Geni\u015f uygulama. Zeytin hasat makinesi ayr\u0131ca hurma, jujube, pecan, kestane, jujube ve di\u011fer k\u00fc\u00e7\u00fck meyveleri de toplayabilir.<\/li> <li>Esnek bir \u015faft\u0131 vard\u0131r ve ba\u015fl\u0131\u011f\u0131n uzunlu\u011funu ayarlamak kolayd\u0131r.<\/li> <li>Kullan\u0131m\u0131 kolayd\u0131r. Meyve toplama elektrik veya benzinli motorla g\u00fc\u00e7lendirilmi\u015f olup, basit kullan\u0131m sa\u011flar.<\/li> <li>Y\u00fcksek toplay\u0131\u015f oran\u0131. T\u00fcm meyveler toplanabilir.<\/li> <li>Hasat sonras\u0131 meyveler k\u0131r\u0131lmaz kalabilir.<\/li> <\/ol> <h3>Meyve toplama makinesi ba\u015far\u0131 hikayesi<\/h3> <p>Kolay kullan\u0131m ve y\u00fcksek kapasite ile bu meyve sallay\u0131c\u0131, Afrika pazar\u0131nda pop\u00fclerdir. Ekim 2018'de zeytin hasat sezonunda, 20GP konteyner zeytin sallay\u0131c\u0131lar L\u00fcbnan'a sevk edilmi\u015ftir. Bu m\u00fc\u015fteri, \u00fcr\u00fcnleri ald\u0131ktan sonra yerel \u00e7ift\u00e7ilere da\u011f\u0131tacakt\u0131r ve a\u015fa\u011f\u0131daki detaylar paketleme resimlerini i\u00e7ermektedir.<\/p> <div id='gallery-4' class='gallery galleryid-1178 gallery-columns-2 gallery-size-full'><figure class='gallery-item'> \t\t\t<div class='gallery-icon portrait'> \t\t\t\t<a href='https:\/\/www.agriculture-machine.com\/tr\/electric-olive-picking-machine\/attachment\/22-2\/'><img loading=\"lazy\" decoding=\"async\" width=\"400\" height=\"500\" src=\"https:\/\/www.agriculture-machine.com\/wp-content\/uploads\/2018\/10\/22-1.jpg\" class=\"attachment-full size-full\" alt=\"g\u00f6nderim resmi-2\" aria-describedby=\"gallery-4-3044\" srcset=\"https:\/\/www.agriculture-machine.com\/wp-content\/uploads\/2018\/10\/22-1.jpg 400w, https:\/\/www.agriculture-machine.com\/wp-content\/uploads\/2018\/10\/22-1-216x270.jpg 216w\" sizes=\"auto, (max-width: 400px) 100vw, 400px\" \/><\/a> \t\t\t<\/div> \t\t\t\t<figcaption class='wp-caption-text gallery-caption' id='gallery-4-3044'> \t\t\t\tg\u00f6nderim resmi-2 \t\t\t\t<\/figcaption><\/figure><figure class='gallery-item'> \t\t\t<div class='gallery-icon portrait'> \t\t\t\t<a href='https:\/\/www.agriculture-machine.com\/tr\/electric-olive-picking-machine\/attachment\/66-3\/'><img loading=\"lazy\" decoding=\"async\" width=\"400\" height=\"500\" src=\"https:\/\/www.agriculture-machine.com\/wp-content\/uploads\/2018\/10\/66-1.jpg\" class=\"attachment-full size-full\" alt=\"g\u00f6nderim resmi-3\" aria-describedby=\"gallery-4-3049\" srcset=\"https:\/\/www.agriculture-machine.com\/wp-content\/uploads\/2018\/10\/66-1.jpg 400w, https:\/\/www.agriculture-machine.com\/wp-content\/uploads\/2018\/10\/66-1-216x270.jpg 216w\" sizes=\"auto, (max-width: 400px) 100vw, 400px\" \/><\/a> \t\t\t<\/div> \t\t\t\t<figcaption class='wp-caption-text gallery-caption' id='gallery-4-3049'> \t\t\t\tg\u00f6nderim resmi-3 \t\t\t\t<\/figcaption><\/figure> \t\t<\/div>  <h3>SSS<\/h3> <ol> <li>3 t\u00fcr meyve toplama makinesi aras\u0131ndaki fark nedir?<\/li> <\/ol> <p>\u0130lk iki tip elektriklidir, sonuncusu ise benzin motoru ile \u00e7al\u0131\u015f\u0131r.<\/p> <ol start=\"2\"> <li>Bu makineyle hangi meyveler toplanabilir?<\/li> <li>Hammadde zeytin, hurma, jujube, pecan, kestane, jujube ve di\u011fer k\u00fc\u00e7\u00fck meyveler olabilir<\/li> <li>Makinenin toplay\u0131\u015f oran\u0131 nedir?<\/li> <\/ol> <p>Bu meyve toplay\u0131c\u0131 y\u00fcksek verimle \u00e7al\u0131\u015fabilir ve a\u011fa\u00e7taki t\u00fcm meyveler hasat s\u0131ras\u0131nda toplanabilir.<\/p> <ol start=\"5\"> <li>Meyveler toplanmadan \u00f6nce k\u0131r\u0131l\u0131r m\u0131?<\/li> <\/ol> <p>Hay\u0131r, toplay\u0131c\u0131 makine meyveyi zarar vermeden tamamen hasat edebilir.<\/p>","protected":false},"excerpt":{"rendered":"<p>Electric olive picking machine is specially designed for the nut tree picking and harvesting in the orchard. Machine bears compact structure, beautiful shape and simple operation. What\u2019s more, internal and external tubes is made of high-strength aluminum alloy and can be adjusted easily, that is, 2170-3000mm. Fruit picker\u00a0is\u00a0light in weight and good in strength, widely [&hellip;]<\/p>\n","protected":false},"author":1,"featured_media":3064,"parent":0,"comment_status":"closed","ping_status":"closed","template":"","tags":[2633,2632],"product-type":[892],"class_list":["post-1178","product","type-product","status-publish","has-post-thumbnail","hentry","tag-olive","tag-picker","product-type-olive-picker"],"_links":{"self":[{"href":"https:\/\/www.agriculture-machine.com\/tr\/wp-json\/wp\/v2\/product\/1178","targetHints":{"allow":["GET"]}}],"collection":[{"href":"https:\/\/www.agriculture-machine.com\/tr\/wp-json\/wp\/v2\/product"}],"about":[{"href":"https:\/\/www.agriculture-machine.com\/tr\/wp-json\/wp\/v2\/types\/product"}],"author":[{"embeddable":true,"href":"https:\/\/www.agriculture-machine.com\/tr\/wp-json\/wp\/v2\/users\/1"}],"replies":[{"embeddable":true,"href":"https:\/\/www.agriculture-machine.com\/tr\/wp-json\/wp\/v2\/comments?post=1178"}],"wp:featuredmedia":[{"embeddable":true,"href":"https:\/\/www.agriculture-machine.com\/tr\/wp-json\/wp\/v2\/media\/3064"}],"wp:attachment":[{"href":"https:\/\/www.agriculture-machine.com\/tr\/wp-json\/wp\/v2\/media?parent=1178"}],"wp:term":[{"taxonomy":"post_tag","embeddable":true,"href":"https:\/\/www.agriculture-machine.com\/tr\/wp-json\/wp\/v2\/tags?post=1178"},{"taxonomy":"product-type","embeddable":true,"href":"https:\/\/www.agriculture-machine.com\/tr\/wp-json\/wp\/v2\/product-type?post=1178"}],"curies":[{"name":"wp","href":"https:\/\/api.w.org\/{rel}","templated":true}]}}