{"id":1190,"date":"2018-10-20T03:40:51","date_gmt":"2018-10-19T19:40:51","guid":{"rendered":"https:\/\/www.agriculture-machine.com\/?p=1190"},"modified":"2024-09-23T11:14:26","modified_gmt":"2024-09-23T03:14:26","slug":"cassava-slicer-machine","status":"publish","type":"product","link":"https:\/\/www.agriculture-machine.com\/tr\/cassava-slicer-machine\/","title":{"rendered":"Kenevir dilimleme makinesi \/ tatl\u0131 patates dilimleyici"},"content":{"rendered":"<p>Kenevir dilimleme makinesi, keneviri soyup dilimlere ay\u0131rabilir, b\u00f6ylece soyma ve dilimleme ayn\u0131 anda yap\u0131l\u0131r. Son dilimler \u00e7ok temizdir, d\u0131\u015f kabuk kalmaz ve kal\u0131nl\u0131k ihtiyac\u0131n\u0131za g\u00f6re ayarlanabilir.<\/p> <div align=\"center\"><\/div> <p>&nbsp;<\/p> <p>&nbsp;<\/p> <h2>Tatl\u0131 patates dilimleyicisinin \u00e7al\u0131\u015fma prensibi<\/h2> <ol> <li>Kenevir \u00f6nce delikli uzun bir silindire girer.<\/li> <li>Motor g\u00fcc\u00fcyle birka\u00e7 dakika s\u00fcrekli d\u00f6nerler ve kabuklar\u0131 \u00e7\u0131kar\u0131l\u0131r.<\/li> <li>\u00c7al\u0131\u015fma s\u0131ras\u0131nda operat\u00f6r, silindirin \u00e7\u0131k\u0131\u015f\u0131n\u0131 kapatabilir, b\u00f6ylece baz\u0131 kenevirler erken \u00e7\u0131kmaz.<\/li> <li>Son olarak, kabu\u011fu olmayan kenevir, keskin b\u0131\u00e7akla soyulur.<\/li> <li>Kenevir par\u00e7alar\u0131n\u0131 toplamak i\u00e7in makinenin \u00e7\u0131k\u0131\u015f\u0131na bir torba koymak daha iyidir.<\/li> <\/ol> <figure id=\"attachment_3110\" aria-describedby=\"caption-attachment-3110\" style=\"width: 667px\" class=\"wp-caption alignnone\"><img loading=\"lazy\" decoding=\"async\" class=\"wp-image-3110\" src=\"https:\/\/www.agriculture-machine.com\/wp-content\/uploads\/2018\/10\/cassava-peeling-machine-1.jpg\" alt=\"\" width=\"667\" height=\"667\" srcset=\"https:\/\/www.agriculture-machine.com\/wp-content\/uploads\/2018\/10\/cassava-peeling-machine-1.jpg 750w, https:\/\/www.agriculture-machine.com\/wp-content\/uploads\/2018\/10\/cassava-peeling-machine-1-270x270.jpg 270w, https:\/\/www.agriculture-machine.com\/wp-content\/uploads\/2018\/10\/cassava-peeling-machine-1-540x540.jpg 540w\" sizes=\"auto, (max-width: 667px) 100vw, 667px\" \/><figcaption id=\"caption-attachment-3110\" class=\"wp-caption-text\">kenevir soyma makinesi<\/figcaption><\/figure> <h2>Tatl\u0131 patates dilimleyicisinin avantajlar\u0131<\/h2> <ol> <li>Y\u00fcksek kapasite. Makinenin kapasitesi 4t\/h.<\/li> <li>Geni\u015f uygulama alan\u0131. Kenevir, tatl\u0131 patates ve patates gibi \u00fcr\u00fcnler i\u00e7in kullan\u0131l\u0131r.<\/li> <li>Kenevir soyma makinesi, m\u00fc\u015fteri gereksinimlerine g\u00f6re 3kw motor veya 8HP dizel motor ile e\u015fle\u015ftirilebilir.<\/li> <li>Tatl\u0131 patates dilimleme makinesinin kal\u0131nl\u0131\u011f\u0131 ayarlanabilir: 5mm'den 20mm'ye.<\/li> <li>Tatl\u0131 patates dilimleyici kolay kullan\u0131m, y\u00fcksek verimlilik ve az enerji t\u00fcketimi sa\u011flar.<\/li> <li>Makine, iki b\u00fcy\u00fck tekerlek sayesinde kolayca hareket ettirilebilir.<\/li> <\/ol> <figure id=\"attachment_3117\" aria-describedby=\"caption-attachment-3117\" style=\"width: 634px\" class=\"wp-caption alignnone\"><img loading=\"lazy\" decoding=\"async\" class=\"wp-image-3117\" src=\"https:\/\/www.agriculture-machine.com\/wp-content\/uploads\/2018\/10\/cassava-peeling-machine-8.jpg\" alt=\"\" width=\"634\" height=\"634\" srcset=\"https:\/\/www.agriculture-machine.com\/wp-content\/uploads\/2018\/10\/cassava-peeling-machine-8.jpg 750w, https:\/\/www.agriculture-machine.com\/wp-content\/uploads\/2018\/10\/cassava-peeling-machine-8-270x270.jpg 270w, https:\/\/www.agriculture-machine.com\/wp-content\/uploads\/2018\/10\/cassava-peeling-machine-8-540x540.jpg 540w\" sizes=\"auto, (max-width: 634px) 100vw, 634px\" \/><figcaption id=\"caption-attachment-3117\" class=\"wp-caption-text\">kenevir soyma makinesi<\/figcaption><\/figure> <figure id=\"attachment_3118\" aria-describedby=\"caption-attachment-3118\" style=\"width: 650px\" class=\"wp-caption alignnone\"><img loading=\"lazy\" decoding=\"async\" class=\"wp-image-3118\" src=\"https:\/\/www.agriculture-machine.com\/wp-content\/uploads\/2018\/10\/cassava-peeling-machine-9.jpg\" alt=\"\" width=\"650\" height=\"650\" srcset=\"https:\/\/www.agriculture-machine.com\/wp-content\/uploads\/2018\/10\/cassava-peeling-machine-9.jpg 750w, https:\/\/www.agriculture-machine.com\/wp-content\/uploads\/2018\/10\/cassava-peeling-machine-9-270x270.jpg 270w, https:\/\/www.agriculture-machine.com\/wp-content\/uploads\/2018\/10\/cassava-peeling-machine-9-540x540.jpg 540w\" sizes=\"auto, (max-width: 650px) 100vw, 650px\" \/><figcaption id=\"caption-attachment-3118\" class=\"wp-caption-text\">kenevir soyma makinesi<\/figcaption><\/figure> <h2>Tatl\u0131 patates dilimleyicisinin teknik parametresi<\/h2> <p>&nbsp;<\/p> <table> <tbody> <tr> <td width=\"284\">Model<\/td> <td width=\"284\">SL-04<\/td> <\/tr> <tr> <td width=\"284\">G\u00fc\u00e7<\/td> <td width=\"284\">3kw motor veya 8HP dizel motor<\/td> <\/tr> <tr> <td width=\"284\">Kapasite<\/td> <td width=\"284\">4t\/h<\/td> <\/tr> <tr> <td width=\"284\">A\u011f\u0131rl\u0131k<\/td> <td width=\"284\">150kg<\/td> <\/tr> <tr> <td width=\"284\">Boyut<\/td> <td width=\"284\">1650*800*1200mm<\/td> <\/tr> <\/tbody> <\/table> <h2>Tatl\u0131 patates dilimleyicisinin ba\u015far\u0131l\u0131 \u00f6rne\u011fi<\/h2> <p>2018 y\u0131l\u0131nda Kongo'dan \u00fc\u00e7 m\u00fc\u015fteri, 50 set tatl\u0131 patates kesme makinesi sipari\u015f etti. \u00d6ncelikle fabrikam\u0131z\u0131 ziyaret ederek makineyi detayl\u0131ca incelediler ve hammaddeleriyle test ettiler. Y\u00fcksek kapasitesi ve m\u00fckemmel \u00e7al\u0131\u015fma performans\u0131ndan etkilendiler, test sonras\u0131 hemen \u00f6deme yapt\u0131lar; bu, aram\u0131zdaki ilk i\u015fbirli\u011fidir.<\/p> <h3>M\u00fc\u015fterilerin resmi<\/h3> <figure id=\"attachment_3115\" aria-describedby=\"caption-attachment-3115\" style=\"width: 598px\" class=\"wp-caption alignnone\"><img loading=\"lazy\" decoding=\"async\" class=\"wp-image-3115\" src=\"https:\/\/www.agriculture-machine.com\/wp-content\/uploads\/2018\/10\/cassava-peeling-machine-6.jpg\" alt=\"\" width=\"598\" height=\"598\" srcset=\"https:\/\/www.agriculture-machine.com\/wp-content\/uploads\/2018\/10\/cassava-peeling-machine-6.jpg 750w, https:\/\/www.agriculture-machine.com\/wp-content\/uploads\/2018\/10\/cassava-peeling-machine-6-270x270.jpg 270w, https:\/\/www.agriculture-machine.com\/wp-content\/uploads\/2018\/10\/cassava-peeling-machine-6-540x540.jpg 540w\" sizes=\"auto, (max-width: 598px) 100vw, 598px\" \/><figcaption id=\"caption-attachment-3115\" class=\"wp-caption-text\">kenevir soyma makinesi<\/figcaption><\/figure> <figure id=\"attachment_3114\" aria-describedby=\"caption-attachment-3114\" style=\"width: 592px\" class=\"wp-caption alignnone\"><img loading=\"lazy\" decoding=\"async\" class=\"wp-image-3114\" src=\"https:\/\/www.agriculture-machine.com\/wp-content\/uploads\/2018\/10\/cassava-peeling-machine-5.jpg\" alt=\"\" width=\"592\" height=\"592\" srcset=\"https:\/\/www.agriculture-machine.com\/wp-content\/uploads\/2018\/10\/cassava-peeling-machine-5.jpg 750w, https:\/\/www.agriculture-machine.com\/wp-content\/uploads\/2018\/10\/cassava-peeling-machine-5-270x270.jpg 270w, https:\/\/www.agriculture-machine.com\/wp-content\/uploads\/2018\/10\/cassava-peeling-machine-5-540x540.jpg 540w\" sizes=\"auto, (max-width: 592px) 100vw, 592px\" \/><figcaption id=\"caption-attachment-3114\" class=\"wp-caption-text\">kenevir soyma makinesi<\/figcaption><\/figure> <h3>Tatl\u0131 patates dilimleyicisinin teslimat resmi<\/h3> <figure id=\"attachment_3111\" aria-describedby=\"caption-attachment-3111\" style=\"width: 593px\" class=\"wp-caption alignnone\"><img loading=\"lazy\" decoding=\"async\" class=\"wp-image-3111\" src=\"https:\/\/www.agriculture-machine.com\/wp-content\/uploads\/2018\/10\/cassava-peeling-machine-2.jpg\" alt=\"\" width=\"593\" height=\"593\" srcset=\"https:\/\/www.agriculture-machine.com\/wp-content\/uploads\/2018\/10\/cassava-peeling-machine-2.jpg 750w, https:\/\/www.agriculture-machine.com\/wp-content\/uploads\/2018\/10\/cassava-peeling-machine-2-270x270.jpg 270w, https:\/\/www.agriculture-machine.com\/wp-content\/uploads\/2018\/10\/cassava-peeling-machine-2-540x540.jpg 540w\" sizes=\"auto, (max-width: 593px) 100vw, 593px\" \/><figcaption id=\"caption-attachment-3111\" class=\"wp-caption-text\">kenevir soyma makinesi<\/figcaption><\/figure> <figure id=\"attachment_3112\" aria-describedby=\"caption-attachment-3112\" style=\"width: 594px\" class=\"wp-caption alignnone\"><img loading=\"lazy\" decoding=\"async\" class=\"wp-image-3112\" src=\"https:\/\/www.agriculture-machine.com\/wp-content\/uploads\/2018\/10\/cassava-peeling-machine-3.jpg\" alt=\"\" width=\"594\" height=\"594\" srcset=\"https:\/\/www.agriculture-machine.com\/wp-content\/uploads\/2018\/10\/cassava-peeling-machine-3.jpg 750w, https:\/\/www.agriculture-machine.com\/wp-content\/uploads\/2018\/10\/cassava-peeling-machine-3-270x270.jpg 270w, https:\/\/www.agriculture-machine.com\/wp-content\/uploads\/2018\/10\/cassava-peeling-machine-3-540x540.jpg 540w\" sizes=\"auto, (max-width: 594px) 100vw, 594px\" \/><figcaption id=\"caption-attachment-3112\" class=\"wp-caption-text\">kenevir soyma makinesi<\/figcaption><\/figure> <figure id=\"attachment_3113\" aria-describedby=\"caption-attachment-3113\" style=\"width: 589px\" class=\"wp-caption alignnone\"><img loading=\"lazy\" decoding=\"async\" class=\"wp-image-3113\" src=\"https:\/\/www.agriculture-machine.com\/wp-content\/uploads\/2018\/10\/cassava-peeling-machine-4.jpg\" alt=\"\" width=\"589\" height=\"589\" srcset=\"https:\/\/www.agriculture-machine.com\/wp-content\/uploads\/2018\/10\/cassava-peeling-machine-4.jpg 750w, https:\/\/www.agriculture-machine.com\/wp-content\/uploads\/2018\/10\/cassava-peeling-machine-4-270x270.jpg 270w, https:\/\/www.agriculture-machine.com\/wp-content\/uploads\/2018\/10\/cassava-peeling-machine-4-540x540.jpg 540w\" sizes=\"auto, (max-width: 589px) 100vw, 589px\" \/><figcaption id=\"caption-attachment-3113\" class=\"wp-caption-text\">kenevir soyma makinesi<\/figcaption><\/figure> <h2>SSS<\/h2> <ol> <li>Tatl\u0131 patates soyma makinesinin hammaddesi nedir?<\/li> <\/ol> <p>Hammadde kenevir, patates ve tatl\u0131 patates olabilir.<\/p> <ol start=\"2\"> <li>Kal\u0131nl\u0131k ayarlanabilir mi?<\/li> <\/ol> <p>Evet, tabii ki, 5mm ile 20mm aras\u0131nda de\u011fi\u015fir.<\/p> <ol start=\"3\"> <li>Makine, hammaddenin kabu\u011funu tamamen \u00e7\u0131karabilir mi?<\/li> <\/ol> <p>The skin removing rate is 95%, which means almost all rinds can be removed in the roller.<\/p> <ol start=\"4\"> <li>K\u0131r\u0131k kenevir par\u00e7alar\u0131 var m\u0131?<\/li> <\/ol> <p>Hay\u0131r, t\u00fcm par\u00e7alar b\u00fct\u00fcn kalabilir.<\/p> <p>Tatl\u0131 patates dilimleyicisinin sto\u011fu<\/p> <p>&nbsp;<\/p>","protected":false},"excerpt":{"rendered":"<p>Cassava slicing\u00a0machine\u00a0can peel cassava and then cut them\u00a0into slices, achieving\u00a0peeling and slicing\u00a0at the same time.\u00a0The final slices are very clean without outer husk, and its thickness can be adjusted according to your requirement. &nbsp; &nbsp; Working principle of sweet potato slicer The cassava\u00a0firstly goes into a long barrel with hole. They constantly rotate under the [&hellip;]<\/p>\n","protected":false},"author":1,"featured_media":3110,"parent":0,"comment_status":"closed","ping_status":"closed","template":"","tags":[2629],"product-type":[1],"class_list":["post-1190","product","type-product","status-publish","has-post-thumbnail","hentry","tag-slicer","product-type-other"],"_links":{"self":[{"href":"https:\/\/www.agriculture-machine.com\/tr\/wp-json\/wp\/v2\/product\/1190","targetHints":{"allow":["GET"]}}],"collection":[{"href":"https:\/\/www.agriculture-machine.com\/tr\/wp-json\/wp\/v2\/product"}],"about":[{"href":"https:\/\/www.agriculture-machine.com\/tr\/wp-json\/wp\/v2\/types\/product"}],"author":[{"embeddable":true,"href":"https:\/\/www.agriculture-machine.com\/tr\/wp-json\/wp\/v2\/users\/1"}],"replies":[{"embeddable":true,"href":"https:\/\/www.agriculture-machine.com\/tr\/wp-json\/wp\/v2\/comments?post=1190"}],"wp:featuredmedia":[{"embeddable":true,"href":"https:\/\/www.agriculture-machine.com\/tr\/wp-json\/wp\/v2\/media\/3110"}],"wp:attachment":[{"href":"https:\/\/www.agriculture-machine.com\/tr\/wp-json\/wp\/v2\/media?parent=1190"}],"wp:term":[{"taxonomy":"post_tag","embeddable":true,"href":"https:\/\/www.agriculture-machine.com\/tr\/wp-json\/wp\/v2\/tags?post=1190"},{"taxonomy":"product-type","embeddable":true,"href":"https:\/\/www.agriculture-machine.com\/tr\/wp-json\/wp\/v2\/product-type?post=1190"}],"curies":[{"name":"wp","href":"https:\/\/api.w.org\/{rel}","templated":true}]}}