{"id":11968,"date":"2021-11-02T16:44:10","date_gmt":"2021-11-02T08:44:10","guid":{"rendered":"https:\/\/www.agriculture-machine.com\/?p=11968"},"modified":"2024-09-18T15:58:28","modified_gmt":"2024-09-18T07:58:28","slug":"disc-plow-disc-plough-4-wheeler-disc-plow","status":"publish","type":"product","link":"https:\/\/www.agriculture-machine.com\/tr\/disc-plow-disc-plough-4-wheeler-disc-plow\/","title":{"rendered":"4 tekerlekli disk pulluk"},"content":{"rendered":"<p class=\"translation-block\"><strong>disk plow<\/strong>, \u00e7al\u0131\u015fabilir bir par\u00e7a olarak, bir veya birden fazla diskten olu\u015fabilen konveks bir diski kullan\u0131r. Her disk, ana e\u011fik kiri\u015fe kaynakl\u0131 plow s\u00fctununa ba\u011f\u0131ms\u0131z olarak monte edilmi\u015ftir. S\u00fcr\u00fcp arkas\u0131nda, s\u00fcr\u00fclmeden \u00f6nce, gev\u015fek toprak, toprak ve g\u00fcbre kar\u0131\u015f\u0131m\u0131 i\u00e7in sap d\u00fc\u015f\u00fcrme i\u015flemlerine uygundur.<\/p>    <p>Disc plows are generally matched with a tractor&#8217;s three-point suspension connection. During operation, the plow blade rotates to the plow and turns the soil. They are usually used for ploughing and plowing in dry farming areas or wastelands.<\/p>    <figure class=\"wp-block-embed aligncenter is-type-video is-provider-youtube wp-block-embed-youtube wp-embed-aspect-4-3 wp-has-aspect-ratio\"><div class=\"wp-block-embed__wrapper\"> <iframe loading=\"lazy\" title=\"Disk pulluk \/ Disk pulluk \/ Y\u00fcksek verimlilik \/ Y\u00fcksek kalite \/ D\u00fc\u015f\u00fck fiyat\" width=\"500\" height=\"375\" src=\"https:\/\/www.youtube.com\/embed\/OOuBYkUNlNE?list=PL58YSJlfYgUnj5S3_0o4aiLpAT6bvuqb0\" frameborder=\"0\" allow=\"accelerometer; autoplay; clipboard-write; encrypted-media; gyroscope; picture-in-picture; web-share\" referrerpolicy=\"strict-origin-when-cross-origin\" allowfullscreen><\/iframe> <\/div><figcaption class=\"wp-element-caption\">diskli plow \u00e7al\u0131\u015fma videosu<\/figcaption><\/figure>    <h2 class=\"wp-block-heading\" id=\"h-brief-introduction-of-the-disc-plow\">Diskli plow k\u0131sa tan\u0131t\u0131m<\/h2>    <p class=\"translation-block\">Tek y\u00f6n <strong>disk plow<\/strong>, trakt\u00f6r\u00fcn tam as\u0131l\u0131 ba\u011flant\u0131s\u0131yla e\u015fle\u015fir. Otluk dola\u015fma, t\u0131kanma yok, toprak yok, bitki saplar\u0131 ve k\u00f6klerini kesebilir ve \u00e7al\u0131\u015fma engeli daha d\u00fc\u015f\u00fckt\u00fcr.<\/p>    <p>\u00d6zellikle yabani otlar\u0131n \u00e7\u0131kt\u0131\u011f\u0131, saplar\u0131n uzun oldu\u011fu, toprak direncinin y\u00fcksek oldu\u011fu ve toprakta tu\u011fla ve par\u00e7alar bulundu\u011fu tarla operasyonlar\u0131na uygundur. <\/p>    <p class=\"translation-block\">Diskli plowlar, <a href=\"https:\/\/www.agriculture-machine.com\/tr\/heavy-disc-harrow-hydraulic-trailed-heavy-duty-harrow\/\">disk harrow<\/a> ile farkl\u0131d\u0131r. Diskli plowlar, i\u015flenmemi\u015f arazide s\u00fcrme ve s\u00fcrme operasyonlar\u0131 i\u00e7in kullan\u0131l\u0131rken, diskli harrow s\u0131n\u0131flama ve d\u00fczl\u00fck i\u00e7in kullan\u0131l\u0131r.<\/p>    <figure class=\"wp-block-image aligncenter size-large\"><img loading=\"lazy\" decoding=\"async\" width=\"720\" height=\"540\" src=\"https:\/\/www.agriculture-machine.com\/wp-content\/uploads\/2021\/11\/37-720x540.jpg?v=1635840282\" alt=\"Disk pulluk\" class=\"wp-image-11981\" title=\"Disk pulluk\" srcset=\"https:\/\/www.agriculture-machine.com\/wp-content\/uploads\/2021\/11\/37-720x540.jpg 720w, https:\/\/www.agriculture-machine.com\/wp-content\/uploads\/2021\/11\/37-360x270.jpg 360w, https:\/\/www.agriculture-machine.com\/wp-content\/uploads\/2021\/11\/37-240x180.jpg 240w, https:\/\/www.agriculture-machine.com\/wp-content\/uploads\/2021\/11\/37-768x576.jpg 768w, https:\/\/www.agriculture-machine.com\/wp-content\/uploads\/2021\/11\/37-1536x1152.jpg 1536w, https:\/\/www.agriculture-machine.com\/wp-content\/uploads\/2021\/11\/37-2048x1536.jpg 2048w\" sizes=\"auto, (max-width: 720px) 100vw, 720px\" \/><\/figure>    <h2 class=\"wp-block-heading\" id=\"h-the-structure-of-the-disc-plow-equipment\">Diskli plow ekipman\u0131n\u0131n yap\u0131s\u0131<\/h2>    <p>Makine g\u00f6vdesi, ba\u011flant\u0131 noktalar\u0131 ve diskleri dahil.<\/p>    <p>Sol kol kapa\u011f\u0131, sol destek kolu, di\u015fli kutusu, iletim di\u015flisi, kavrama man\u015fonu, joystick, zincir kutusu, disk mil\u0131 ve diskten olu\u015fur. Joystick di\u015fli kutusuna tak\u0131l\u0131r ve kavrama man\u015fonuna ba\u011flan\u0131r.<\/p>    <figure class=\"wp-block-gallery has-nested-images columns-default is-cropped wp-block-gallery-2 is-layout-flex wp-block-gallery-is-layout-flex\"> <figure class=\"wp-block-image size-large\"><img loading=\"lazy\" decoding=\"async\" width=\"720\" height=\"480\" data-id=\"11984\" src=\"https:\/\/www.agriculture-machine.com\/wp-content\/uploads\/2021\/11\/IMG_0537-4-720x480.jpg\" alt=\"\" class=\"wp-image-11984\" srcset=\"https:\/\/www.agriculture-machine.com\/wp-content\/uploads\/2021\/11\/IMG_0537-4-720x480.jpg 720w, https:\/\/www.agriculture-machine.com\/wp-content\/uploads\/2021\/11\/IMG_0537-4-360x240.jpg 360w, https:\/\/www.agriculture-machine.com\/wp-content\/uploads\/2021\/11\/IMG_0537-4-768x512.jpg 768w, https:\/\/www.agriculture-machine.com\/wp-content\/uploads\/2021\/11\/IMG_0537-4-1536x1024.jpg 1536w, https:\/\/www.agriculture-machine.com\/wp-content\/uploads\/2021\/11\/IMG_0537-4-2048x1365.jpg 2048w\" sizes=\"auto, (max-width: 720px) 100vw, 720px\" \/><\/figure>    <figure class=\"wp-block-image size-large\"><img loading=\"lazy\" decoding=\"async\" width=\"720\" height=\"480\" data-id=\"11985\" src=\"https:\/\/www.agriculture-machine.com\/wp-content\/uploads\/2021\/11\/IMG_0543-1-720x480.jpg\" alt=\"\" class=\"wp-image-11985\" srcset=\"https:\/\/www.agriculture-machine.com\/wp-content\/uploads\/2021\/11\/IMG_0543-1-720x480.jpg 720w, https:\/\/www.agriculture-machine.com\/wp-content\/uploads\/2021\/11\/IMG_0543-1-360x240.jpg 360w, https:\/\/www.agriculture-machine.com\/wp-content\/uploads\/2021\/11\/IMG_0543-1-768x512.jpg 768w, https:\/\/www.agriculture-machine.com\/wp-content\/uploads\/2021\/11\/IMG_0543-1-1536x1024.jpg 1536w, https:\/\/www.agriculture-machine.com\/wp-content\/uploads\/2021\/11\/IMG_0543-1-2048x1365.jpg 2048w\" sizes=\"auto, (max-width: 720px) 100vw, 720px\" \/><\/figure> <figcaption class=\"blocks-gallery-caption wp-element-caption\">Diskli plow<\/figcaption><\/figure>    <h2 class=\"wp-block-heading\" id=\"h-the-working-principle-of-the-disc-plow-machine\">Diskli plow makinesinin \u00e7al\u0131\u015fma prensibi<\/h2>    <p>Diskli plow\u2019un diski ayn\u0131 mil \u00fcst\u00fcne monte edilmi\u015ftir ve kuyruk tekerle\u011fi plow g\u00f6vdesinin sol taraf\u0131na monte edilmi\u015ftir; bu, yan bas\u0131nc\u0131 dengeler ve diskli plow\u2019un istikrarl\u0131 \u00e7al\u0131\u015fmas\u0131n\u0131 sa\u011flar.<\/p>    <p>Tar\u0131m kalitesini sa\u011flamak i\u00e7in kuyruk tekerinin yukar\u0131-a\u015fa\u011f\u0131 konumu ve sapma a\u00e7\u0131s\u0131 ayarlanabilir. \u00dcst ve alt \u00e7ubuklar ile sol-sa\u011f kald\u0131rma \u00e7ubuklar\u0131, trakt\u00f6re bilyeli mente\u015felerle ba\u011flan\u0131r. G\u00fc\u00e7 \u00e7\u0131k\u0131\u015f mil, evrensel eklem ve merkezi s\u00fcr\u00fcc\u00fc mili ile diskli plough\u2019a ba\u011flan\u0131r.<\/p>    <p>Diskli plow trakt\u00f6r taraf\u0131ndan ileri \u00e7ekildi\u011finde, disk kendi merkezi ekseni etraf\u0131nda d\u00f6ner, toprak disk \u00e7evresinde kesilir. K\u00fclt\u00fcr edilen topra\u011f\u0131n s\u00fcr\u00fcld\u00fc\u011f\u00fc toprak i\u00e7 y\u00fczeyine do\u011fru y\u00fckselir ve yan ve arkaya do\u011fru d\u00f6ner. S\u0131ra s\u0131ralar\u0131 s\u00fcr\u00fcld\u00fckten sonra geride kal\u0131r.<\/p>    <figure class=\"wp-block-embed aligncenter is-type-video is-provider-youtube wp-block-embed-youtube wp-embed-aspect-16-9 wp-has-aspect-ratio\"><div class=\"wp-block-embed__wrapper\"> <iframe loading=\"lazy\" title=\"G\u00fc\u00e7l\u00fc Disk S\u00fcr\u00fc\u015f\u00fc Eylemde: Diskli Plowumuzun Tam \u00c7al\u0131\u015f\u0131r Halde G\u00f6r\u00fcn\u00fcm\u00fcn\u00fc G\u00f6r\u00fcn!#discplow #plowing #plow\" width=\"500\" height=\"281\" src=\"https:\/\/www.youtube.com\/embed\/XEZDM_sTW5c?feature=oembed\" frameborder=\"0\" allow=\"accelerometer; autoplay; clipboard-write; encrypted-media; gyroscope; picture-in-picture; web-share\" referrerpolicy=\"strict-origin-when-cross-origin\" allowfullscreen><\/iframe> <\/div><figcaption class=\"wp-element-caption\">\u00c7ift\u00e7ilik plo dinle\u015fme alan\u0131 g\u00f6sterimi<\/figcaption><\/figure>    <h2 class=\"wp-block-heading\" id=\"h-applicable-land-for-the-disc-plough\">Uygulanabilir arazi<\/h2>    <p class=\"translation-block\"><a href=\"https:\/\/www.agriculture-machine.com\/tr\/disc-plough-disc-plow-for-sale\/\">disk plow<\/a>, i\u015flenen tarla veya \u00e7orak arazi i\u00e7in uygun olup, \u00f6zellikle y\u00fcksek verimli ye\u015fil g\u00fcbre tarlalar\u0131n\u0131 s\u00fcr\u00fcp pirin\u00e7 ve bu\u011fday saplar\u0131n\u0131 tarlaya geri getirmenin i\u00e7in uygun olan bir s\u00fcrme ve s\u00fcrme i\u015flemidir.<\/p>    <p>The plow&#8217;s passing performance and soil entry performance are good. The soil turning and mulching quality can meet the technical requirements of agricultural production, the farming obstruction is small, and the operation and adjustment are convenient.<\/p>    <figure class=\"wp-block-gallery has-nested-images columns-default is-cropped wp-block-gallery-3 is-layout-flex wp-block-gallery-is-layout-flex\"> <figure class=\"wp-block-image size-large\"><img loading=\"lazy\" decoding=\"async\" width=\"720\" height=\"540\" data-id=\"16308\" src=\"https:\/\/www.agriculture-machine.com\/wp-content\/uploads\/2021\/11\/agricultural-plough-for-sale.webp\" alt=\"sat\u0131l\u0131k tar\u0131msal plow\" class=\"wp-image-16308\" srcset=\"https:\/\/www.agriculture-machine.com\/wp-content\/uploads\/2021\/11\/agricultural-plough-for-sale.webp 720w, https:\/\/www.agriculture-machine.com\/wp-content\/uploads\/2021\/11\/agricultural-plough-for-sale-360x270.webp 360w, https:\/\/www.agriculture-machine.com\/wp-content\/uploads\/2021\/11\/agricultural-plough-for-sale-240x180.webp 240w, https:\/\/www.agriculture-machine.com\/wp-content\/uploads\/2021\/11\/agricultural-plough-for-sale-16x12.webp 16w\" sizes=\"auto, (max-width: 720px) 100vw, 720px\" \/><figcaption class=\"wp-element-caption\">sat\u0131l\u0131k tar\u0131msal plow<\/figcaption><\/figure>    <figure class=\"wp-block-image size-large\"><img loading=\"lazy\" decoding=\"async\" width=\"720\" height=\"540\" data-id=\"16309\" src=\"https:\/\/www.agriculture-machine.com\/wp-content\/uploads\/2021\/11\/field-disc-plough.webp\" alt=\"alan diskli plow\" class=\"wp-image-16309\" srcset=\"https:\/\/www.agriculture-machine.com\/wp-content\/uploads\/2021\/11\/field-disc-plough.webp 720w, https:\/\/www.agriculture-machine.com\/wp-content\/uploads\/2021\/11\/field-disc-plough-360x270.webp 360w, https:\/\/www.agriculture-machine.com\/wp-content\/uploads\/2021\/11\/field-disc-plough-240x180.webp 240w, https:\/\/www.agriculture-machine.com\/wp-content\/uploads\/2021\/11\/field-disc-plough-16x12.webp 16w\" sizes=\"auto, (max-width: 720px) 100vw, 720px\" \/><figcaption class=\"wp-element-caption\">alan diskli plow<\/figcaption><\/figure> <\/figure>    <h2 class=\"wp-block-heading\" id=\"h-parameter-of-the-disc-plow\">Diskli plow parametreleri<\/h2>    <figure class=\"wp-block-table is-style-stripes\"><table><tbody><tr><td>Model<\/td><td>1LYQ-220<\/td><td> 1LYQ- 315<\/td><td> 1LYQ- 320<\/td><td> 1LYQ- 325<\/td><td> 1LYQ- 425<\/td><td> 1LYQ- 525<\/td><td> 1LYQ- 625<\/td><\/tr><tr><td>Kesim geni\u015fli\u011fi(mm)<\/td><td>400<\/td><td>450<\/td><td>600<\/td><td>750<\/td><td>1000<\/td><td>1250<\/td><td>1500<\/td><\/tr><tr><td>Kesme derinli\u011fi(mm)<\/td><td>200<\/td><td>200<\/td><td>200<\/td><td>250-300<\/td><td> 250-300 <\/td><td> 250-300 <\/td><td> 250-300 <\/td><\/tr><tr><td>Di\u015fli \u00e7ap\u0131(mm)<\/td><td>510<\/td><td>460<\/td><td>510<\/td><td>600<\/td><td> 600 <\/td><td> 600 <\/td><td> 600 <\/td><\/tr><tr><td>Disk adedi<\/td><td>2<\/td><td>3<\/td><td>3<\/td><td>3<\/td><td>4<\/td><td>5<\/td><td>6<\/td><\/tr><tr><td>A\u011f\u0131rl\u0131k(kg)<\/td><td>140<\/td><td>160<\/td><td>190<\/td><td>420<\/td><td>490<\/td><td>565<\/td><td>640<\/td><\/tr><tr><td>Trakt\u00f6r tozu(hp)<\/td><td>18<\/td><td>25<\/td><td>25-40<\/td><td>50<\/td><td>90<\/td><td>120<\/td><td>160<\/td><\/tr><tr><td>Monte Cat<\/td><td>Cat1: \u00dc\u00e7 nokta ask\u0131 <\/td><td> Cat1 <\/td><td> Cat1 <\/td><td>Cat2: \u00dc\u00e7 nokta ask\u0131  <\/td><td> Cat2 <\/td><td> Cat2 <\/td><td> Cat2 <\/td><\/tr><\/tbody><\/table><figcaption class=\"wp-element-caption\">diskli plow\u2019un ayr\u0131nt\u0131l\u0131 teknik verileri<\/figcaption><\/figure>    <h2 class=\"wp-block-heading\" id=\"h-advantages-of-the-disc-plow-for-sale\">Diskli plow i\u00e7in sat\u0131\u015f avantajlar\u0131<\/h2>    <ul class=\"wp-block-list\"> <li>G\u00fcvenilir kalite. Kasa, kal\u0131nla\u015ft\u0131r\u0131lm\u0131\u015f \u00e7elik levhadan yap\u0131lm\u0131\u015ft\u0131r; sa\u011flam ve dayan\u0131kl\u0131d\u0131r, y\u00fcksek g\u00fc\u00e7l\u00fc \u00e7al\u0131\u015fma i\u00e7in uygundur, ya\u015flanmas\u0131 kolay de\u011fildir ve uzun hizmet \u00f6mr\u00fcne sahiptir.<\/li>    <li>G\u00fc\u00e7l\u00fc disk, daha \u00e7ok saman ve yabani ot bulunan pirin\u00e7 tarlalar\u0131 ile su i\u00e7eri\u011fi y\u00fcksek tarlalar i\u00e7in daha uygundur. Saman ve yabani otlar \u00fczerinde iyi bir do\u011frama ve \u00e7evirme etkisi vard\u0131r ve topra\u011f\u0131n havaland\u0131rma ve su ge\u00e7irgenli\u011fini etkili bi\u00e7imde iyile\u015ftirir.<\/li>    <li>Pirin\u00e7 sap\u0131 ve safran otu \u00e7ay\u0131 tarlalar\u0131nda \u00e7\u00fcr\u00fcmesi kolayd\u0131r; bu, tar\u0131msal organik verimlili\u011fi art\u0131rmaya yard\u0131mc\u0131 olur. Makinenin, ot dola\u015fmadan \u00e7al\u0131\u015fmas\u0131, ekim s\u00fcresini yakalamas\u0131, i\u015f\u00e7ilik tasarrufu, y\u00fcksek \u00e7al\u0131\u015fma kalitesi ve d\u00fc\u015f\u00fck maliyet gibi \u00f6zellikleri vard\u0131r.<\/li>    <li>Geni geni\u015f uygulama alan\u0131 ve d\u00fc\u015f\u00fck s\u00fcrt\u00fcnme engeli.<\/li> <\/ul>    <figure class=\"wp-block-gallery has-nested-images columns-default is-cropped wp-block-gallery-4 is-layout-flex wp-block-gallery-is-layout-flex\"> <figure class=\"wp-block-image size-large\"><img loading=\"lazy\" decoding=\"async\" width=\"720\" height=\"540\" data-id=\"16312\" src=\"https:\/\/www.agriculture-machine.com\/wp-content\/uploads\/2021\/11\/heavy-duty-disc-plough.webp\" alt=\"a\u011f\u0131r hizmet tipi diskli plow\" class=\"wp-image-16312\" srcset=\"https:\/\/www.agriculture-machine.com\/wp-content\/uploads\/2021\/11\/heavy-duty-disc-plough.webp 720w, https:\/\/www.agriculture-machine.com\/wp-content\/uploads\/2021\/11\/heavy-duty-disc-plough-360x270.webp 360w, https:\/\/www.agriculture-machine.com\/wp-content\/uploads\/2021\/11\/heavy-duty-disc-plough-240x180.webp 240w, https:\/\/www.agriculture-machine.com\/wp-content\/uploads\/2021\/11\/heavy-duty-disc-plough-16x12.webp 16w\" sizes=\"auto, (max-width: 720px) 100vw, 720px\" \/><figcaption class=\"wp-element-caption\">a\u011f\u0131r hizmet tipi diskli plow<\/figcaption><\/figure>    <figure class=\"wp-block-image size-large\"><img loading=\"lazy\" decoding=\"async\" width=\"720\" height=\"540\" data-id=\"16311\" src=\"https:\/\/www.agriculture-machine.com\/wp-content\/uploads\/2021\/11\/farming-equipment.webp\" alt=\"\u00e7ift\u00e7ilik ekipman\u0131\" class=\"wp-image-16311\" srcset=\"https:\/\/www.agriculture-machine.com\/wp-content\/uploads\/2021\/11\/farming-equipment.webp 720w, https:\/\/www.agriculture-machine.com\/wp-content\/uploads\/2021\/11\/farming-equipment-360x270.webp 360w, https:\/\/www.agriculture-machine.com\/wp-content\/uploads\/2021\/11\/farming-equipment-240x180.webp 240w, https:\/\/www.agriculture-machine.com\/wp-content\/uploads\/2021\/11\/farming-equipment-16x12.webp 16w\" sizes=\"auto, (max-width: 720px) 100vw, 720px\" \/><figcaption class=\"wp-element-caption\">\u00e7ift\u00e7ilik ekipman\u0131<\/figcaption><\/figure> <\/figure>    <h2 class=\"wp-block-heading\" id=\"h-maintenance-of-the-disc-plough\">Diskik kaz\u0131c\u0131 bak\u0131m\u0131<\/h2>    <ul class=\"wp-block-list\"> <li>Makinenin g\u00f6r\u00fcn\u00fcm\u00fcn\u00fc kapsaml\u0131 olarak kontrol edin ve boyas\u0131n\u0131 yenileyin; diskin ve spline miline ya\u011f s\u00fcr\u00fcn, paslanmay\u0131 \u00f6nleyin.<\/li>    <li>Transmisyon kutusu, on byte ve rulmanlar\u0131n ya\u011f seviyesini kontrol edin ve gerekirse hemen tamamlay\u0131n.<\/li>    <li>Ba\u011flant\u0131 vidalar\u0131n\u0131 kontrol edin ve s\u0131k\u0131n.<\/li>    <li>Vida ve split pinleri gibi zay\u0131f par\u00e7alar\u0131n hasar g\u00f6r\u00fcp g\u00f6rmedi\u011fini kontrol edin ve gerekirse de\u011fi\u015ftirin.<\/li>    <li>Ekipmandaki \u00e7amur, toz ve ya\u011f\u0131 tamamen temizleyin.<\/li>    <li>Ya\u011flama ya\u011f\u0131 ve gresleri tamamen de\u011fi\u015ftirin.<\/li> <\/ul>    <figure class=\"wp-block-image aligncenter size-large is-resized\" id=\"Disc-plough\"><img loading=\"lazy\" decoding=\"async\" width=\"540\" height=\"540\" src=\"https:\/\/www.agriculture-machine.com\/wp-content\/uploads\/2021\/11\/\u5706\u76d8\u72812-540x540.jpg?v=1635840878\" alt=\"Tek y\u00f6n diskli plow, trakt\u00f6r\u00fcn tam as\u0131l\u0131 ba\u011flant\u0131s\u0131 ile e\u015fle\u015fir. \u00c7al\u0131\u015fma s\u0131ras\u0131nda plow b\u0131\u00e7a\u011f\u0131 s\u00fcr\u00fcmeye d\u00f6nerek topra\u011f\u0131 s\u00fcrer ve \u00e7evirir.\" class=\"wp-image-11986\" title=\"Diskli plow\" srcset=\"https:\/\/www.agriculture-machine.com\/wp-content\/uploads\/2021\/11\/\u5706\u76d8\u72812-540x540.jpg 540w, https:\/\/www.agriculture-machine.com\/wp-content\/uploads\/2021\/11\/\u5706\u76d8\u72812-270x270.jpg 270w, https:\/\/www.agriculture-machine.com\/wp-content\/uploads\/2021\/11\/\u5706\u76d8\u72812-768x768.jpg 768w, https:\/\/www.agriculture-machine.com\/wp-content\/uploads\/2021\/11\/\u5706\u76d8\u72812.jpg 800w\" sizes=\"auto, (max-width: 540px) 100vw, 540px\" \/><figcaption class=\"wp-element-caption\">Disk pulluk<\/figcaption><\/figure>    <h2 class=\"wp-block-heading\">\u0130stedi\u011finiz zaman bizimle ileti\u015fime ge\u00e7in<\/h2>    <p>Whether you&#8217;re looking for new ways to increase crop yields or want to improve your farming efficiency, our disc plows can meet your needs. If you are interested in the machine, we sincerely welcome you to contact us and look forward to cooperating with you.<\/p>","protected":false},"excerpt":{"rendered":"<p>Tek y\u00f6nl\u00fc disk pulluk, trakt\u00f6r\u00fcn tam s\u00fcspansiyon ba\u011flant\u0131s\u0131 ile uyumludur. \u00c7al\u0131\u015fma s\u0131ras\u0131nda, pulluk b\u0131\u00e7a\u011f\u0131 toprak s\u00fcrmek ve \u00e7evirmek i\u00e7in d\u00f6ner. Otlar\u0131n dola\u015fmamas\u0131, t\u0131kan\u0131kl\u0131k olmamas\u0131, toprak olmamas\u0131, \u00fcr\u00fcn saplar\u0131n\u0131 ve rizomlar\u0131n\u0131 kesebilme yetene\u011fi ve daha az \u00e7al\u0131\u015fma engeli gibi avantajlara sahiptir. <\/p>","protected":false},"author":1,"featured_media":11973,"parent":0,"comment_status":"closed","ping_status":"closed","template":"","tags":[698],"product-type":[950],"class_list":["post-11968","product","type-product","status-publish","has-post-thumbnail","hentry","tag-tractor","product-type-arable-plows"],"_links":{"self":[{"href":"https:\/\/www.agriculture-machine.com\/tr\/wp-json\/wp\/v2\/product\/11968","targetHints":{"allow":["GET"]}}],"collection":[{"href":"https:\/\/www.agriculture-machine.com\/tr\/wp-json\/wp\/v2\/product"}],"about":[{"href":"https:\/\/www.agriculture-machine.com\/tr\/wp-json\/wp\/v2\/types\/product"}],"author":[{"embeddable":true,"href":"https:\/\/www.agriculture-machine.com\/tr\/wp-json\/wp\/v2\/users\/1"}],"replies":[{"embeddable":true,"href":"https:\/\/www.agriculture-machine.com\/tr\/wp-json\/wp\/v2\/comments?post=11968"}],"wp:featuredmedia":[{"embeddable":true,"href":"https:\/\/www.agriculture-machine.com\/tr\/wp-json\/wp\/v2\/media\/11973"}],"wp:attachment":[{"href":"https:\/\/www.agriculture-machine.com\/tr\/wp-json\/wp\/v2\/media?parent=11968"}],"wp:term":[{"taxonomy":"post_tag","embeddable":true,"href":"https:\/\/www.agriculture-machine.com\/tr\/wp-json\/wp\/v2\/tags?post=11968"},{"taxonomy":"product-type","embeddable":true,"href":"https:\/\/www.agriculture-machine.com\/tr\/wp-json\/wp\/v2\/product-type?post=11968"}],"curies":[{"name":"wp","href":"https:\/\/api.w.org\/{rel}","templated":true}]}}