{"id":12031,"date":"2021-11-09T17:47:22","date_gmt":"2021-11-09T09:47:22","guid":{"rendered":"https:\/\/www.agriculture-machine.com\/?p=12031"},"modified":"2024-09-23T11:22:40","modified_gmt":"2024-09-23T03:22:40","slug":"hand-held-gasoline-corn-planter","status":"publish","type":"product","link":"https:\/\/www.agriculture-machine.com\/tr\/hand-held-gasoline-corn-planter\/","title":{"rendered":"Benzinli el tipi yer f\u0131st\u0131\u011f\u0131 m\u0131s\u0131r tohumu ekici"},"content":{"rendered":"<h2 class=\"wp-block-heading\">Benzinli el tipi ekim makinelerinin k\u0131sa tan\u0131t\u0131m\u0131<\/h2>    <p class=\"translation-block\">Benzinli el tipi ekim makineleri, geleneksel <a href=\"https:\/\/www.agriculture-machine.com\/tr\/hand-operated-maize-corn-planter-machine-peanut-plant\/\">el tipi ekim makineleri<\/a> benzin g\u00fcc\u00fcyle \u00e7al\u0131\u015f\u0131r. Ve tamamen insan g\u00fcc\u00fcyle ekim yapan makinelerle kar\u015f\u0131la\u015ft\u0131r\u0131ld\u0131\u011f\u0131nda zaman ve emek tasarrufu sa\u011flar.<\/p>    <p>Ayr\u0131ca bu makine kuru tarlalarda tohum ekimi i\u00e7in uygundur. Fasulye, tah\u0131l ve sebze tohumu gibi gran\u00fcl tohumlar\u0131 ekebilirsiniz. Makinenin kolay ba\u015flatma, hafiflik, sa\u011flaml\u0131k, az toz ve az dola\u015fma \u00f6zellikleri vard\u0131r. Kuru arazi t\u00fcm \u00fcr\u00fcnler i\u00e7in uygundur ve \u00e7ift\u00e7ilere iyi bir yard\u0131mc\u0131d\u0131r.<\/p>    <figure class=\"wp-block-image size-large\"><img loading=\"lazy\" decoding=\"async\" width=\"720\" height=\"540\" src=\"https:\/\/www.agriculture-machine.com\/wp-content\/uploads\/2021\/11\/IMG_20190320_141834-720x540.jpg?v=1636449682\" alt=\"\" class=\"wp-image-12035\" srcset=\"https:\/\/www.agriculture-machine.com\/wp-content\/uploads\/2021\/11\/IMG_20190320_141834-720x540.jpg 720w, https:\/\/www.agriculture-machine.com\/wp-content\/uploads\/2021\/11\/IMG_20190320_141834-360x270.jpg 360w, https:\/\/www.agriculture-machine.com\/wp-content\/uploads\/2021\/11\/IMG_20190320_141834-240x180.jpg 240w, https:\/\/www.agriculture-machine.com\/wp-content\/uploads\/2021\/11\/IMG_20190320_141834-768x576.jpg 768w, https:\/\/www.agriculture-machine.com\/wp-content\/uploads\/2021\/11\/IMG_20190320_141834-1536x1152.jpg 1536w, https:\/\/www.agriculture-machine.com\/wp-content\/uploads\/2021\/11\/IMG_20190320_141834-2048x1536.jpg 2048w\" sizes=\"auto, (max-width: 720px) 100vw, 720px\" \/><figcaption>El ile tutulan benzinli m\u0131s\u0131r ekim makinesi<\/figcaption><\/figure>    <h2 class=\"wp-block-heading\" id=\"h-main-functions-of-hand-held-corn-planter-with-gasoline-power\">Benzinli el tipi m\u0131s\u0131r ekim makinesinin ana fonksiyonlar\u0131<\/h2>    <ol class=\"wp-block-list\" type=\"1\"><li>Tohumlar\u0131 topra\u011fa ekmek.<\/li><li>Tohumlar\u0131n yan\u0131na g\u00fcbre uygulay\u0131n.<\/li><li>Ekim yaparken topra\u011f\u0131 gev\u015fetin.<\/li><li>Ekimden \u00f6nce hendek a\u00e7\u0131n.<\/li><\/ol>    <h2 class=\"wp-block-heading\">Y\u00fcr\u00fcy\u00fc\u015f arkas\u0131 m\u0131s\u0131r ekim makinesinin kullan\u0131m alan\u0131&nbsp;<\/h2>    <p>1. Bu makine, bu\u011fday, soya fasulyesi, k\u0131rm\u0131z\u0131 fasulye, bezelye, m\u0131s\u0131r, b\u00f6r\u00fclce, fasulye, sorgum, dar\u0131 gibi gran\u00fcl tohumlar\u0131 ekebilir.<\/p>    <p>2. Ayr\u0131ca g\u00fcbreleyebilir.<\/p>    <p>3. Ayr\u0131ca, ekim miktar\u0131n\u0131, g\u00fcbre miktar\u0131n\u0131 ve ekim derinli\u011fini ayarlayabiliriz.<\/p>    <figure class=\"wp-block-image size-large\"><img loading=\"lazy\" decoding=\"async\" width=\"720\" height=\"540\" src=\"https:\/\/www.agriculture-machine.com\/wp-content\/uploads\/2021\/11\/IMG_20190320_141116-720x540.jpg?v=1636449780\" alt=\"\" class=\"wp-image-12036\" srcset=\"https:\/\/www.agriculture-machine.com\/wp-content\/uploads\/2021\/11\/IMG_20190320_141116-720x540.jpg 720w, https:\/\/www.agriculture-machine.com\/wp-content\/uploads\/2021\/11\/IMG_20190320_141116-360x270.jpg 360w, https:\/\/www.agriculture-machine.com\/wp-content\/uploads\/2021\/11\/IMG_20190320_141116-240x180.jpg 240w, https:\/\/www.agriculture-machine.com\/wp-content\/uploads\/2021\/11\/IMG_20190320_141116-768x576.jpg 768w, https:\/\/www.agriculture-machine.com\/wp-content\/uploads\/2021\/11\/IMG_20190320_141116-1536x1152.jpg 1536w, https:\/\/www.agriculture-machine.com\/wp-content\/uploads\/2021\/11\/IMG_20190320_141116-2048x1536.jpg 2048w\" sizes=\"auto, (max-width: 720px) 100vw, 720px\" \/><figcaption>Benzinli el tipi yer f\u0131st\u0131\u011f\u0131 ekim makinesi<\/figcaption><\/figure>    <h2 class=\"wp-block-heading\">El ile tutulan benzinli fasulye ekim makinesinin yap\u0131s\u0131<\/h2>    <p>H\u0131zland\u0131r\u0131c\u0131 kontrol kolu, el freni, itme kolu, tohum kutusu, ince tohum diski, zincir yay, derin ve s\u0131\u011f yay, arka kau\u00e7uk tekerlek, \u00e7er\u00e7eve, alt tohum a\u00e7\u0131s\u0131, yak\u0131t tank\u0131, kay\u0131\u015f kutusu, \u00f6n demir tekerlek.<\/p>    <figure class=\"wp-block-gallery columns-3 is-cropped wp-block-gallery-2 is-layout-flex wp-block-gallery-is-layout-flex\"><ul class=\"blocks-gallery-grid\"><li class=\"blocks-gallery-item\"><figure><img loading=\"lazy\" decoding=\"async\" width=\"720\" height=\"540\" src=\"https:\/\/www.agriculture-machine.com\/wp-content\/uploads\/2021\/11\/IMG_20190320_140522-720x540.jpg?v=1636450074\" alt=\"\" data-id=\"12044\" data-link=\"https:\/\/www.agriculture-machine.com\/?attachment_id=12044\" class=\"wp-image-12044\" srcset=\"https:\/\/www.agriculture-machine.com\/wp-content\/uploads\/2021\/11\/IMG_20190320_140522-720x540.jpg 720w, https:\/\/www.agriculture-machine.com\/wp-content\/uploads\/2021\/11\/IMG_20190320_140522-360x270.jpg 360w, https:\/\/www.agriculture-machine.com\/wp-content\/uploads\/2021\/11\/IMG_20190320_140522-240x180.jpg 240w, https:\/\/www.agriculture-machine.com\/wp-content\/uploads\/2021\/11\/IMG_20190320_140522-768x576.jpg 768w, https:\/\/www.agriculture-machine.com\/wp-content\/uploads\/2021\/11\/IMG_20190320_140522-1536x1152.jpg 1536w, https:\/\/www.agriculture-machine.com\/wp-content\/uploads\/2021\/11\/IMG_20190320_140522-2048x1536.jpg 2048w\" sizes=\"auto, (max-width: 720px) 100vw, 720px\" \/><figcaption class=\"blocks-gallery-item__caption\">rhdr<\/figcaption><\/figure><\/li><li class=\"blocks-gallery-item\"><figure><img loading=\"lazy\" decoding=\"async\" width=\"720\" height=\"540\" src=\"https:\/\/www.agriculture-machine.com\/wp-content\/uploads\/2021\/11\/IMG_20190320_140528-720x540.jpg?v=1636450106\" alt=\"\" data-id=\"12049\" data-link=\"https:\/\/www.agriculture-machine.com\/?attachment_id=12049\" class=\"wp-image-12049\" srcset=\"https:\/\/www.agriculture-machine.com\/wp-content\/uploads\/2021\/11\/IMG_20190320_140528-720x540.jpg 720w, https:\/\/www.agriculture-machine.com\/wp-content\/uploads\/2021\/11\/IMG_20190320_140528-360x270.jpg 360w, https:\/\/www.agriculture-machine.com\/wp-content\/uploads\/2021\/11\/IMG_20190320_140528-240x180.jpg 240w, https:\/\/www.agriculture-machine.com\/wp-content\/uploads\/2021\/11\/IMG_20190320_140528-768x576.jpg 768w, https:\/\/www.agriculture-machine.com\/wp-content\/uploads\/2021\/11\/IMG_20190320_140528-1536x1152.jpg 1536w, https:\/\/www.agriculture-machine.com\/wp-content\/uploads\/2021\/11\/IMG_20190320_140528-2048x1536.jpg 2048w\" sizes=\"auto, (max-width: 720px) 100vw, 720px\" \/><figcaption class=\"blocks-gallery-item__caption\">rhdr<\/figcaption><\/figure><\/li><li class=\"blocks-gallery-item\"><figure><img loading=\"lazy\" decoding=\"async\" width=\"720\" height=\"540\" src=\"https:\/\/www.agriculture-machine.com\/wp-content\/uploads\/2021\/11\/IMG_20190320_140541-720x540.jpg?v=1636450145\" alt=\"\" data-id=\"12051\" data-link=\"https:\/\/www.agriculture-machine.com\/?attachment_id=12051\" class=\"wp-image-12051\" srcset=\"https:\/\/www.agriculture-machine.com\/wp-content\/uploads\/2021\/11\/IMG_20190320_140541-720x540.jpg 720w, https:\/\/www.agriculture-machine.com\/wp-content\/uploads\/2021\/11\/IMG_20190320_140541-360x270.jpg 360w, https:\/\/www.agriculture-machine.com\/wp-content\/uploads\/2021\/11\/IMG_20190320_140541-240x180.jpg 240w, https:\/\/www.agriculture-machine.com\/wp-content\/uploads\/2021\/11\/IMG_20190320_140541-768x576.jpg 768w, https:\/\/www.agriculture-machine.com\/wp-content\/uploads\/2021\/11\/IMG_20190320_140541-1536x1152.jpg 1536w, https:\/\/www.agriculture-machine.com\/wp-content\/uploads\/2021\/11\/IMG_20190320_140541-2048x1536.jpg 2048w\" sizes=\"auto, (max-width: 720px) 100vw, 720px\" \/><figcaption class=\"blocks-gallery-item__caption\">oznor<\/figcaption><\/figure><\/li><li class=\"blocks-gallery-item\"><figure><img loading=\"lazy\" decoding=\"async\" width=\"720\" height=\"540\" src=\"https:\/\/www.agriculture-machine.com\/wp-content\/uploads\/2021\/11\/IMG_20190320_140550-720x540.jpg?v=1636450174\" alt=\"\" data-id=\"12053\" data-link=\"https:\/\/www.agriculture-machine.com\/?attachment_id=12053\" class=\"wp-image-12053\" srcset=\"https:\/\/www.agriculture-machine.com\/wp-content\/uploads\/2021\/11\/IMG_20190320_140550-720x540.jpg 720w, https:\/\/www.agriculture-machine.com\/wp-content\/uploads\/2021\/11\/IMG_20190320_140550-360x270.jpg 360w, https:\/\/www.agriculture-machine.com\/wp-content\/uploads\/2021\/11\/IMG_20190320_140550-240x180.jpg 240w, https:\/\/www.agriculture-machine.com\/wp-content\/uploads\/2021\/11\/IMG_20190320_140550-768x576.jpg 768w, https:\/\/www.agriculture-machine.com\/wp-content\/uploads\/2021\/11\/IMG_20190320_140550-1536x1152.jpg 1536w, https:\/\/www.agriculture-machine.com\/wp-content\/uploads\/2021\/11\/IMG_20190320_140550-2048x1536.jpg 2048w\" sizes=\"auto, (max-width: 720px) 100vw, 720px\" \/><figcaption class=\"blocks-gallery-item__caption\">oznor<\/figcaption><\/figure><\/li><li class=\"blocks-gallery-item\"><figure><img loading=\"lazy\" decoding=\"async\" width=\"720\" height=\"540\" src=\"https:\/\/www.agriculture-machine.com\/wp-content\/uploads\/2021\/11\/IMG_20190320_140937-1-720x540.jpg?v=1636450464\" alt=\"\" data-id=\"12054\" data-full-url=\"https:\/\/www.agriculture-machine.com\/wp-content\/uploads\/2021\/11\/IMG_20190320_140937-1-scaled.jpg?v=1636450464\" data-link=\"https:\/\/www.agriculture-machine.com\/?attachment_id=12054\" class=\"wp-image-12054\" srcset=\"https:\/\/www.agriculture-machine.com\/wp-content\/uploads\/2021\/11\/IMG_20190320_140937-1-720x540.jpg 720w, https:\/\/www.agriculture-machine.com\/wp-content\/uploads\/2021\/11\/IMG_20190320_140937-1-360x270.jpg 360w, https:\/\/www.agriculture-machine.com\/wp-content\/uploads\/2021\/11\/IMG_20190320_140937-1-240x180.jpg 240w, https:\/\/www.agriculture-machine.com\/wp-content\/uploads\/2021\/11\/IMG_20190320_140937-1-768x576.jpg 768w, https:\/\/www.agriculture-machine.com\/wp-content\/uploads\/2021\/11\/IMG_20190320_140937-1-1536x1152.jpg 1536w, https:\/\/www.agriculture-machine.com\/wp-content\/uploads\/2021\/11\/IMG_20190320_140937-1-2048x1536.jpg 2048w\" sizes=\"auto, (max-width: 720px) 100vw, 720px\" \/><figcaption class=\"blocks-gallery-item__caption\">smacap_Bright<\/figcaption><\/figure><\/li><\/ul><\/figure>    <h2 class=\"wp-block-heading\">Benzinli el tipi tohum ekim makinesinin \u00e7al\u0131\u015fma s\u00fcreci<\/h2>    <ol class=\"wp-block-list\" type=\"1\"><li>\u0130lk olarak, ihtiyac\u0131n\u0131z olan tohumu se\u00e7in. Ve tohumu tohum haznesine koyun.<\/li><li>Sonra benzin motorunu \u00e7al\u0131\u015ft\u0131r\u0131n.<\/li><li>Sonra bu makinenin tutamac\u0131n\u0131 tutun. Ve ayn\u0131 zamanda makineyle sabit h\u0131zda y\u00fcr\u00fcy\u00fcn.<\/li><li>Son olarak, tohumlar\u0131 ekmeyi bitirdikten sonra, benzin motorunu kapat\u0131n ve makineyi uygun \u015fekilde saklay\u0131n.<\/li><\/ol>    <h2 class=\"wp-block-heading\">Benzinli manuel m\u0131s\u0131r ekim makinesi \u00f6zellikleri&nbsp;<\/h2>    <p>1. K\u00fc\u00e7\u00fck boyut, hafiflik, esnek ve kullan\u0131\u015fl\u0131 operasyon. Seralarda, bah\u00e7elerde, ba\u011flarda, teraslarda, e\u011fimli alanlarda ve k\u00fc\u00e7\u00fck parsellerde kullan\u0131ma uygundur.<\/p>    <p>2. Tutamac\u0131n y\u00fcksekli\u011fi ve uzunlu\u011fu ayarlanabilir, herkes i\u00e7in uygundur.<\/p>    <p>3. Ekim ve g\u00fcbreleme \u00e7ift s\u0131ral\u0131, tek s\u0131ral\u0131, kullan\u0131m \u00f6ncesi ve sonras\u0131 olabilir.<\/p>    <p>4. Farkl\u0131 tohum kutular\u0131 de\u011fi\u015ftirerek \u00e7e\u015fitli \u00fcr\u00fcnler ekebilirsiniz. Kalitesi istikrarl\u0131 ve g\u00fcvenilirdir.<\/p>    <p>5. Birden fazla fonksiyona sahiptir. Bu makine, \u00e7al\u0131\u015fma arac\u0131n\u0131n de\u011fi\u015ftirilmesiyle ekim ve g\u00fcbreleme gibi \u00e7e\u015fitli tarla i\u015flemlerini tamamlayabilir.<\/p>    <p>6. Hem erkekler hem de kad\u0131nlar bu makineyi kullanabilir. Kalitesi istikrarl\u0131 ve g\u00fcvenilirdir.<\/p>    <h2 class=\"wp-block-heading\">El benzinli m\u0131s\u0131r ekim makinesi \u00fcr\u00fcn avantajlar\u0131<\/h2>    <p>1. Makinenin zincir transmisyonu yoktur ve kep\u00e7e, garanti yerine ge\u00e7er. Ekim do\u011frudur ve delik aral\u0131\u011f\u0131 tutarl\u0131d\u0131r.<\/p>    <p>2. Bu makineyi kullanarak verimi art\u0131r\u0131n. Delikler e\u015fit aral\u0131klarla oldu\u011fu i\u00e7in iyi havaland\u0131rma ve yeterli besin sa\u011flar, bu da \u00fcretimi -20 art\u0131rabilir.<\/p>    <p>3. Bu makine, s\u0131n\u0131rl\u0131 derinlikte tekerleklerle tasarlanm\u0131\u015ft\u0131r. Ekimden \u00f6nce ekim makinesinin derinlik s\u0131n\u0131rlama tekerle\u011fini ayarlay\u0131n, b\u00f6ylece her s\u0131ra ekim derinli\u011fi tutarl\u0131 olur.<\/p>    <p>5. Makine, tasar\u0131mda yenilik\u00e7i ve yap\u0131s\u0131 basittir. Kullan\u0131m\u0131 kolayd\u0131r, ayarlar\u0131 basittir ve neredeyse hi\u00e7 ar\u0131za yapmaz.<\/p>    <p>6. Sat\u0131r aral\u0131\u011f\u0131 ve bitki aral\u0131\u011f\u0131nda b\u00fcy\u00fck ayar aral\u0131\u011f\u0131. \u00c7imlenmi\u015f fidelerin neredeyse hi\u00e7 kesilmesine gerek kalmadan ideal etkiyi sa\u011flayabilir. Farkl\u0131 kullan\u0131c\u0131lar\u0131n farkl\u0131 tohumlar i\u00e7in gereksinimlerini kar\u015f\u0131lar.<\/p>    <figure class=\"wp-block-image size-large\"><img loading=\"lazy\" decoding=\"async\" width=\"720\" height=\"540\" src=\"https:\/\/www.agriculture-machine.com\/wp-content\/uploads\/2021\/11\/IMG_20190320_134914-720x540.jpg?v=1636450727\" alt=\"Benzinli el tipi ekim makineleri, geleneksel el tipi ekim makinelerine benzin g\u00fcc\u00fc eklenmi\u015f versiyonlar\u0131d\u0131r. Ve tamamen insan g\u00fcc\u00fcyle ekim yapan makinelerle kar\u015f\u0131la\u015ft\u0131r\u0131ld\u0131\u011f\u0131nda zaman ve emek tasarrufu sa\u011flar. Ayr\u0131ca bu makine kuru tarlalarda tohum ekimi i\u00e7in uygundur.\" class=\"wp-image-12057\" srcset=\"https:\/\/www.agriculture-machine.com\/wp-content\/uploads\/2021\/11\/IMG_20190320_134914-720x540.jpg 720w, https:\/\/www.agriculture-machine.com\/wp-content\/uploads\/2021\/11\/IMG_20190320_134914-360x270.jpg 360w, https:\/\/www.agriculture-machine.com\/wp-content\/uploads\/2021\/11\/IMG_20190320_134914-240x180.jpg 240w, https:\/\/www.agriculture-machine.com\/wp-content\/uploads\/2021\/11\/IMG_20190320_134914-768x576.jpg 768w, https:\/\/www.agriculture-machine.com\/wp-content\/uploads\/2021\/11\/IMG_20190320_134914-1536x1152.jpg 1536w, https:\/\/www.agriculture-machine.com\/wp-content\/uploads\/2021\/11\/IMG_20190320_134914-2048x1536.jpg 2048w\" sizes=\"auto, (max-width: 720px) 100vw, 720px\" \/><figcaption>Benzinli el tipi tohum ekim makinesi<\/figcaption><\/figure>","protected":false},"excerpt":{"rendered":"<p>Benzinli el tipi ekiciler, benzin g\u00fcc\u00fcyle \u00e7al\u0131\u015fan geleneksel el tipi ekicilere dayan\u0131r. Ve tamamen insan ekimine dayanan makinelerle kar\u015f\u0131la\u015ft\u0131r\u0131ld\u0131\u011f\u0131nda, zaman ve \u00e7aba tasarrufu sa\u011flar.<br \/> Ayr\u0131ca bu makine kuru tarlalara tohum ekimi i\u00e7in uygundur.<\/p>","protected":false},"author":1,"featured_media":12034,"parent":0,"comment_status":"closed","ping_status":"closed","template":"","tags":[491,797,492],"product-type":[870],"class_list":["post-12031","product","type-product","status-publish","has-post-thumbnail","hentry","tag-corn","tag-peanut","tag-planter","product-type-planter"],"_links":{"self":[{"href":"https:\/\/www.agriculture-machine.com\/tr\/wp-json\/wp\/v2\/product\/12031","targetHints":{"allow":["GET"]}}],"collection":[{"href":"https:\/\/www.agriculture-machine.com\/tr\/wp-json\/wp\/v2\/product"}],"about":[{"href":"https:\/\/www.agriculture-machine.com\/tr\/wp-json\/wp\/v2\/types\/product"}],"author":[{"embeddable":true,"href":"https:\/\/www.agriculture-machine.com\/tr\/wp-json\/wp\/v2\/users\/1"}],"replies":[{"embeddable":true,"href":"https:\/\/www.agriculture-machine.com\/tr\/wp-json\/wp\/v2\/comments?post=12031"}],"wp:featuredmedia":[{"embeddable":true,"href":"https:\/\/www.agriculture-machine.com\/tr\/wp-json\/wp\/v2\/media\/12034"}],"wp:attachment":[{"href":"https:\/\/www.agriculture-machine.com\/tr\/wp-json\/wp\/v2\/media?parent=12031"}],"wp:term":[{"taxonomy":"post_tag","embeddable":true,"href":"https:\/\/www.agriculture-machine.com\/tr\/wp-json\/wp\/v2\/tags?post=12031"},{"taxonomy":"product-type","embeddable":true,"href":"https:\/\/www.agriculture-machine.com\/tr\/wp-json\/wp\/v2\/product-type?post=12031"}],"curies":[{"name":"wp","href":"https:\/\/api.w.org\/{rel}","templated":true}]}}