{"id":12065,"date":"2021-11-10T18:14:42","date_gmt":"2021-11-10T10:14:42","guid":{"rendered":"https:\/\/www.agriculture-machine.com\/?p=12065"},"modified":"2024-09-18T16:22:35","modified_gmt":"2024-09-18T08:22:35","slug":"corn-planter-4-row-corn-planter-corn-planter-tractor-supply-sweet-corn-planter","status":"publish","type":"product","link":"https:\/\/www.agriculture-machine.com\/tr\/corn-planter-4-row-corn-planter-corn-planter-tractor-supply-sweet-corn-planter\/","title":{"rendered":"4 s\u0131ra tatl\u0131 m\u0131s\u0131r ekici trakt\u00f6r ekipman\u0131"},"content":{"rendered":"<p>G\u00fcn\u00fcm\u00fczde, m\u0131s\u0131r ekim makinesi bir\u00e7ok \u00e7ift\u00e7i taraf\u0131ndan yayg\u0131n olarak kullan\u0131lmaktad\u0131r. Ovalarda, \u00e7ift\u00e7iler b\u00fcy\u00fck alanlarda m\u0131s\u0131r ekmek zorundad\u0131r. \u00c7ift\u00e7iler, ekim ve g\u00fcbreleme i\u015flemlerini manuel olarak yapmak i\u00e7in \u00e7ok fazla insan g\u00fcc\u00fc harcamaktad\u0131r.<\/p>    <p class=\"translation-block\">Corn is one of the most widely planted crops in the world, and it is also the world&#8217;s most productive food crop. Therefore, the <strong>corn planter<\/strong> is a machine that can realize the mechanized planting of corn. It can complete the processes of digging, spotting, and fertilizing all at once. <\/p>    <figure class=\"wp-block-image aligncenter size-full\"><img loading=\"lazy\" decoding=\"async\" width=\"720\" height=\"540\" src=\"https:\/\/www.agriculture-machine.com\/wp-content\/uploads\/2021\/11\/corn-planter-for-sale.webp\" alt=\"Sat\u0131l\u0131k m\u0131s\u0131r ekim makinesi\" class=\"wp-image-15689\" srcset=\"https:\/\/www.agriculture-machine.com\/wp-content\/uploads\/2021\/11\/corn-planter-for-sale.webp 720w, https:\/\/www.agriculture-machine.com\/wp-content\/uploads\/2021\/11\/corn-planter-for-sale-360x270.webp 360w, https:\/\/www.agriculture-machine.com\/wp-content\/uploads\/2021\/11\/corn-planter-for-sale-240x180.webp 240w\" sizes=\"auto, (max-width: 720px) 100vw, 720px\" \/><figcaption class=\"wp-element-caption\">Sat\u0131l\u0131k m\u0131s\u0131r ekim makinesi<\/figcaption><\/figure>    <p class=\"translation-block\">Makine, y\u00fcksek verimlilik, zaman tasarrufu, emek tasarrufu, hassas ekim, y\u00fcksek fide \u00e7\u0131k\u0131\u015f oran\u0131 ve e\u015fit bitki aral\u0131\u011f\u0131 gibi m\u00fckemmel \u00f6zelliklere sahiptir. Ayr\u0131ca, <a href=\"https:\/\/www.agriculture-machine.com\/tr\/maize-peeler-and-thresher\/\"><strong><em>m\u0131s\u0131r ay\u0131klay\u0131c\u0131<\/em><\/strong><\/a>, tar\u0131m\u0131n mekanizasyonunu ger\u00e7ekle\u015ftirmeye yard\u0131mc\u0131 olabilir.<\/p>    <h2 class=\"wp-block-heading\" id=\"h-introduction-of-the-corn-planter\">M\u0131s\u0131r ekim makinesinin tan\u0131t\u0131m\u0131<\/h2>    <p>M\u0131s\u0131r ekim makinesi, ekim nesnesi olarak m\u0131s\u0131r tohumlar\u0131n\u0131 alan bir ekim makinesine at\u0131fta bulunur. Ve m\u0131s\u0131r ekim makinesi, m\u0131s\u0131r\u0131n hendek a\u00e7ma ve ekim gereksinimlerini verimli bir \u015fekilde tamamlayabilir. Bu makine y\u00fcksek kaliteli m\u0131s\u0131r ekim operasyonlar\u0131n\u0131 ger\u00e7ekle\u015ftirebilir.<\/p>    <p>Y\u00fcksek kaliteli mekanize ekim operasyonlar\u0131 sadece tohumlar\u0131n \u00e7imlenmesi ve b\u00fcy\u00fcmesi i\u00e7in iyi de\u011fildir. Ayn\u0131 zamanda takip eden mekanize bitki koruma, g\u00fcbreleme, hasat ve di\u011fer operasyonlar\u0131n uygulanmas\u0131 i\u00e7in de daha faydal\u0131d\u0131r.<\/p>    <figure class=\"wp-block-image aligncenter size-large\"><img loading=\"lazy\" decoding=\"async\" width=\"720\" height=\"480\" src=\"https:\/\/www.agriculture-machine.com\/wp-content\/uploads\/2021\/11\/IMG_6381-720x480.jpg?v=1636534021\" alt=\"M\u0131s\u0131r ekim makinesi, ekim nesnesi olarak m\u0131s\u0131r tohumlar\u0131n\u0131 alan bir makinedir. Ve m\u0131s\u0131r ekim makinesi, m\u0131s\u0131r\u0131n hendek a\u00e7ma ve ekim gereksinimlerini verimli bir \u015fekilde tamamlayabilir. Bu makine y\u00fcksek kaliteli m\u0131s\u0131r ekim operasyonlar\u0131n\u0131 ger\u00e7ekle\u015ftirebilir.\" class=\"wp-image-12069\" title=\"M\u0131s\u0131r Ekim Makinesi\" srcset=\"https:\/\/www.agriculture-machine.com\/wp-content\/uploads\/2021\/11\/IMG_6381-720x480.jpg 720w, https:\/\/www.agriculture-machine.com\/wp-content\/uploads\/2021\/11\/IMG_6381-360x240.jpg 360w, https:\/\/www.agriculture-machine.com\/wp-content\/uploads\/2021\/11\/IMG_6381-768x512.jpg 768w, https:\/\/www.agriculture-machine.com\/wp-content\/uploads\/2021\/11\/IMG_6381-1536x1024.jpg 1536w, https:\/\/www.agriculture-machine.com\/wp-content\/uploads\/2021\/11\/IMG_6381-2048x1365.jpg 2048w\" sizes=\"auto, (max-width: 720px) 100vw, 720px\" \/><figcaption class=\"wp-element-caption\">M\u0131s\u0131r Ekim Makinesi<\/figcaption><\/figure>    <h2 class=\"wp-block-heading\">4 s\u0131ral\u0131 m\u0131s\u0131r ekim makinesinin yap\u0131s\u0131<\/h2>    <p>M\u0131s\u0131r ekim makinesinin ana yap\u0131s\u0131, tohum kutusu, hendek a\u00e7\u0131c\u0131, tohum \u00f6l\u00e7er, g\u00fcbre kutusu, g\u00fcbre tahliyesi ve toprak kaplama ve bask\u0131 cihaz\u0131n\u0131 i\u00e7erir.<\/p>    <figure class=\"wp-block-gallery has-nested-images columns-default is-cropped wp-block-gallery-2 is-layout-flex wp-block-gallery-is-layout-flex\"> <figure class=\"wp-block-image size-large\"><img loading=\"lazy\" decoding=\"async\" width=\"720\" height=\"480\" data-id=\"12070\" src=\"https:\/\/www.agriculture-machine.com\/wp-content\/uploads\/2021\/11\/IMG_6392-720x480.jpg\" alt=\"4 s\u0131ral\u0131 m\u0131s\u0131r ekim makinesi\" class=\"wp-image-12070\" srcset=\"https:\/\/www.agriculture-machine.com\/wp-content\/uploads\/2021\/11\/IMG_6392-720x480.jpg 720w, https:\/\/www.agriculture-machine.com\/wp-content\/uploads\/2021\/11\/IMG_6392-360x240.jpg 360w, https:\/\/www.agriculture-machine.com\/wp-content\/uploads\/2021\/11\/IMG_6392-768x512.jpg 768w, https:\/\/www.agriculture-machine.com\/wp-content\/uploads\/2021\/11\/IMG_6392-1536x1024.jpg 1536w, https:\/\/www.agriculture-machine.com\/wp-content\/uploads\/2021\/11\/IMG_6392-2048x1365.jpg 2048w\" sizes=\"auto, (max-width: 720px) 100vw, 720px\" \/><\/figure>    <figure class=\"wp-block-image size-large\"><img loading=\"lazy\" decoding=\"async\" width=\"720\" height=\"480\" data-id=\"12072\" src=\"https:\/\/www.agriculture-machine.com\/wp-content\/uploads\/2021\/11\/IMG_6393-720x480.jpg\" alt=\"Sat\u0131l\u0131k m\u0131s\u0131r ekim makinesi\" class=\"wp-image-12072\" srcset=\"https:\/\/www.agriculture-machine.com\/wp-content\/uploads\/2021\/11\/IMG_6393-720x480.jpg 720w, https:\/\/www.agriculture-machine.com\/wp-content\/uploads\/2021\/11\/IMG_6393-360x240.jpg 360w, https:\/\/www.agriculture-machine.com\/wp-content\/uploads\/2021\/11\/IMG_6393-768x512.jpg 768w, https:\/\/www.agriculture-machine.com\/wp-content\/uploads\/2021\/11\/IMG_6393-1536x1024.jpg 1536w, https:\/\/www.agriculture-machine.com\/wp-content\/uploads\/2021\/11\/IMG_6393-2048x1365.jpg 2048w\" sizes=\"auto, (max-width: 720px) 100vw, 720px\" \/><\/figure>    <figure class=\"wp-block-image size-large\"><img loading=\"lazy\" decoding=\"async\" width=\"720\" height=\"480\" data-id=\"12075\" src=\"https:\/\/www.agriculture-machine.com\/wp-content\/uploads\/2021\/11\/IMG_6394-720x480.jpg\" alt=\"m\u0131s\u0131r ekim makinesi\" class=\"wp-image-12075\" srcset=\"https:\/\/www.agriculture-machine.com\/wp-content\/uploads\/2021\/11\/IMG_6394-720x480.jpg 720w, https:\/\/www.agriculture-machine.com\/wp-content\/uploads\/2021\/11\/IMG_6394-360x240.jpg 360w, https:\/\/www.agriculture-machine.com\/wp-content\/uploads\/2021\/11\/IMG_6394-768x512.jpg 768w, https:\/\/www.agriculture-machine.com\/wp-content\/uploads\/2021\/11\/IMG_6394-1536x1024.jpg 1536w, https:\/\/www.agriculture-machine.com\/wp-content\/uploads\/2021\/11\/IMG_6394-2048x1365.jpg 2048w\" sizes=\"auto, (max-width: 720px) 100vw, 720px\" \/><\/figure> <figcaption class=\"blocks-gallery-caption wp-element-caption\">M\u0131s\u0131r ekim makinesinin yap\u0131s\u0131<\/figcaption><\/figure>    <figure class=\"wp-block-gallery has-nested-images columns-default is-cropped wp-block-gallery-3 is-layout-flex wp-block-gallery-is-layout-flex\"> <figure class=\"wp-block-image size-large\"><img loading=\"lazy\" decoding=\"async\" width=\"360\" height=\"540\" data-id=\"12076\" src=\"https:\/\/www.agriculture-machine.com\/wp-content\/uploads\/2021\/11\/IMG_6414-360x540.jpg\" alt=\"makine detay\u0131\" class=\"wp-image-12076\" srcset=\"https:\/\/www.agriculture-machine.com\/wp-content\/uploads\/2021\/11\/IMG_6414-360x540.jpg 360w, https:\/\/www.agriculture-machine.com\/wp-content\/uploads\/2021\/11\/IMG_6414-180x270.jpg 180w, https:\/\/www.agriculture-machine.com\/wp-content\/uploads\/2021\/11\/IMG_6414-768x1152.jpg 768w, https:\/\/www.agriculture-machine.com\/wp-content\/uploads\/2021\/11\/IMG_6414-1024x1536.jpg 1024w, https:\/\/www.agriculture-machine.com\/wp-content\/uploads\/2021\/11\/IMG_6414-1365x2048.jpg 1365w, https:\/\/www.agriculture-machine.com\/wp-content\/uploads\/2021\/11\/IMG_6414-scaled.jpg 1707w\" sizes=\"auto, (max-width: 360px) 100vw, 360px\" \/><\/figure>    <figure class=\"wp-block-image size-large\"><img loading=\"lazy\" decoding=\"async\" width=\"360\" height=\"540\" data-id=\"12077\" src=\"https:\/\/www.agriculture-machine.com\/wp-content\/uploads\/2021\/11\/IMG_6415-360x540.jpg\" alt=\"m\u0131s\u0131r ekim makinesi detaylar\u0131\" class=\"wp-image-12077\" srcset=\"https:\/\/www.agriculture-machine.com\/wp-content\/uploads\/2021\/11\/IMG_6415-360x540.jpg 360w, https:\/\/www.agriculture-machine.com\/wp-content\/uploads\/2021\/11\/IMG_6415-180x270.jpg 180w, https:\/\/www.agriculture-machine.com\/wp-content\/uploads\/2021\/11\/IMG_6415-768x1152.jpg 768w, https:\/\/www.agriculture-machine.com\/wp-content\/uploads\/2021\/11\/IMG_6415-1024x1536.jpg 1024w, https:\/\/www.agriculture-machine.com\/wp-content\/uploads\/2021\/11\/IMG_6415-1365x2048.jpg 1365w, https:\/\/www.agriculture-machine.com\/wp-content\/uploads\/2021\/11\/IMG_6415-scaled.jpg 1707w\" sizes=\"auto, (max-width: 360px) 100vw, 360px\" \/><\/figure>    <figure class=\"wp-block-image size-large\"><img loading=\"lazy\" decoding=\"async\" width=\"360\" height=\"540\" data-id=\"12078\" src=\"https:\/\/www.agriculture-machine.com\/wp-content\/uploads\/2021\/11\/IMG_6416-360x540.jpg\" alt=\"m\u0131s\u0131r ekim makinesi g\u00f6sterimi\" class=\"wp-image-12078\" srcset=\"https:\/\/www.agriculture-machine.com\/wp-content\/uploads\/2021\/11\/IMG_6416-360x540.jpg 360w, https:\/\/www.agriculture-machine.com\/wp-content\/uploads\/2021\/11\/IMG_6416-180x270.jpg 180w, https:\/\/www.agriculture-machine.com\/wp-content\/uploads\/2021\/11\/IMG_6416-768x1152.jpg 768w, https:\/\/www.agriculture-machine.com\/wp-content\/uploads\/2021\/11\/IMG_6416-1024x1536.jpg 1024w, https:\/\/www.agriculture-machine.com\/wp-content\/uploads\/2021\/11\/IMG_6416-1365x2048.jpg 1365w, https:\/\/www.agriculture-machine.com\/wp-content\/uploads\/2021\/11\/IMG_6416-scaled.jpg 1707w\" sizes=\"auto, (max-width: 360px) 100vw, 360px\" \/><\/figure> <figcaption class=\"blocks-gallery-caption wp-element-caption\">M\u0131s\u0131r ekim makinesinin yap\u0131s\u0131<\/figcaption><\/figure>    <h2 class=\"wp-block-heading\">M\u0131s\u0131r ekim makinesi trakt\u00f6r tedarikinin \u00e7al\u0131\u015fma prensibi<\/h2>    <p>Ekim operasyonlar\u0131 s\u0131ras\u0131nda, ekim makinesinin ana g\u00fcc\u00fc trakt\u00f6r\u00fcn arka g\u00fc\u00e7 \u00e7\u0131k\u0131\u015f milinden gelir.<\/p>    <p>Trakt\u00f6r\u00fcn \u00e7eki\u015fi alt\u0131nda, a\u00e7\u0131c\u0131, \u00f6nceden belirlenmi\u015f derinlikte ekim ve g\u00fcbreleme i\u00e7in bir hendek a\u00e7ar.<\/p>    <p>S\u00fcrt\u00fcnme kuvveti nedeniyle, yer tekerle\u011fi s\u00fcrekli d\u00f6ner ve tohum bo\u015faltma cihaz\u0131n\u0131 \u00e7al\u0131\u015ft\u0131r\u0131r. Daha sonra, tohumlar ve g\u00fcbreler farkl\u0131 boru hatlar\u0131yla hendeklere bo\u015falt\u0131l\u0131r. Son olarak, toprak kaplama cihaz\u0131 ve bask\u0131 cihaz\u0131 kullan\u0131larak toprak kaplama ve s\u0131k\u0131\u015ft\u0131rma sa\u011flan\u0131r.<\/p>    <h2 class=\"wp-block-heading\">Tatl\u0131 m\u0131s\u0131r ekim makinesi \u00e7al\u0131\u015fma videosu<\/h2>    <figure class=\"wp-block-embed is-type-video is-provider-youtube wp-block-embed-youtube wp-embed-aspect-16-9 wp-has-aspect-ratio\"><div class=\"wp-block-embed__wrapper\"> <iframe loading=\"lazy\" title=\"M\u0131s\u0131r ekim makinesi\/4 s\u0131ral\u0131 m\u0131s\u0131r ekim makinesi\/m\u0131s\u0131r ekim trakt\u00f6r tedariki\/tatl\u0131 m\u0131s\u0131r ekim makinesi\/m\u0131s\u0131r ekim makinesi\" width=\"500\" height=\"281\" src=\"https:\/\/www.youtube.com\/embed\/snO8WSZ3oug?feature=oembed\" frameborder=\"0\" allow=\"accelerometer; autoplay; clipboard-write; encrypted-media; gyroscope; picture-in-picture; web-share\" referrerpolicy=\"strict-origin-when-cross-origin\" allowfullscreen><\/iframe> <\/div><figcaption class=\"wp-element-caption\">m\u0131s\u0131r ekim makinesi \u00e7al\u0131\u015fma videosu<\/figcaption><\/figure>    <h2 class=\"wp-block-heading\">M\u0131s\u0131r ekim ekipmanlar\u0131n\u0131n parametreleri<\/h2>    <figure class=\"wp-block-table is-style-stripes\"><table><tbody><tr><td>Model<\/td><td>Genel boyutlar(mm)<\/td><td>S\u0131ralar<\/td><td>S\u0131ra aral\u0131\u011f\u0131(mm)<\/td><td>Hendek a\u00e7ma derinli\u011fi(mm)<\/td><td>G\u00fcbreleme<br>(mm\uff09<\/td><td>Ekim derinli\u011fi(mm)<\/td><td>A\u011f\u0131rl\u0131k(kg)<\/td><td>Uygun G\u00fc\u00e7(HP)<\/td><\/tr><tr><td>2BYSF-4<\/td><td>1620*2350*1200<\/td><td>4<\/td><td>428-570<\/td><td>60-80<\/td><td>60-80<\/td><td>30-50<\/td><td>270<\/td><td>25-40<\/td><\/tr><\/tbody><\/table><figcaption class=\"wp-element-caption\">m\u0131s\u0131r ekim makinesi teknik verileri<\/figcaption><\/figure>    <h2 class=\"wp-block-heading\">M\u0131s\u0131r ekim makinesinin avantajlar\u0131<\/h2>    <p>1. Zaman ve emek tasarrufu sa\u011flar. M\u0131s\u0131r ekim makinesi, kazma, yerle\u015ftirme ve g\u00fcbreleme i\u015flemlerini ayn\u0131 anda tamamlayabilir.<\/p>    <p>2. M\u0131s\u0131r ekimi d\u0131\u015f\u0131nda, fasulye, sorgum ve di\u011fer ekim gereken bitkiler i\u00e7in de kullan\u0131labilir.<\/p>    <p>3. Makine esnektir ve dizel yak\u0131t tasarrufu sa\u011flar. Kompakt yap\u0131s\u0131, d\u00f6n\u00fc\u015flerde daha esnek olmas\u0131n\u0131 sa\u011flar. Ayn\u0131 zamanda, destek g\u00fcc\u00fc de azalt\u0131lm\u0131\u015ft\u0131r, bu da dizel kullan\u0131m\u0131n\u0131 azaltabilir. Ayr\u0131ca, makineyi \u00e7ekmek i\u00e7in \u00e7ok fazla g\u00fc\u00e7 gerekmez.<\/p>    <p>4. Makinenin s\u0131ra aral\u0131\u011f\u0131 ve bitki aral\u0131\u011f\u0131 ayarlanabilir. Ayr\u0131ca, ekim derinli\u011fi de ayarlanabilir. Farkl\u0131 arazi ekim ihtiya\u00e7lar\u0131n\u0131 kar\u015f\u0131layabilir.<\/p>    <p>5. Tohumlar e\u015fit \u015fekilde ekilir. Ekim derinli\u011finin tutarl\u0131 olmas\u0131n\u0131 sa\u011flar ve derin veya s\u0131\u011f olma durumu olmaz.<\/p>    <p>6. Y\u00fczde  y\u00fcksek \u00e7\u0131k\u0131\u015f oran\u0131. Bir ekim makinesi kullanarak m\u0131s\u0131r ekmek, m\u0131s\u0131r tohumlar\u0131n\u0131 nispeten yumu\u015fak toprakta yapabilir, b\u00f6ylece fide oran\u0131 belli bir garantiye sahip olur.<\/p>    <figure class=\"wp-block-image aligncenter size-full\"><img loading=\"lazy\" decoding=\"async\" width=\"720\" height=\"540\" src=\"https:\/\/www.agriculture-machine.com\/wp-content\/uploads\/2021\/11\/maize-planting-machine.webp\" alt=\"m\u0131s\u0131r ekim makinesi\" class=\"wp-image-15690\" srcset=\"https:\/\/www.agriculture-machine.com\/wp-content\/uploads\/2021\/11\/maize-planting-machine.webp 720w, https:\/\/www.agriculture-machine.com\/wp-content\/uploads\/2021\/11\/maize-planting-machine-360x270.webp 360w, https:\/\/www.agriculture-machine.com\/wp-content\/uploads\/2021\/11\/maize-planting-machine-240x180.webp 240w\" sizes=\"auto, (max-width: 720px) 100vw, 720px\" \/><figcaption class=\"wp-element-caption\">m\u0131s\u0131r ekim makinesi<\/figcaption><\/figure>    <h2 class=\"wp-block-heading\">Makineyi do\u011fru kullan\u0131rken a\u015fa\u011f\u0131daki noktalara dikkat edin<\/h2>    <h3 class=\"wp-block-heading\">Ekimden \u00f6nce<\/h3>    <div class=\"wp-block-group is-layout-flow wp-block-group-is-layout-flow\"> <ul class=\"wp-block-list\"> <li>Sahaya giri\u015f \u00f6ncesi bak\u0131m. Tozlukta ve a\u00e7\u0131c\u0131da kar\u0131\u015fm\u0131\u015f ot ve toprak kal\u0131nt\u0131lar\u0131n\u0131 temizleyin. Ve trakt\u00f6r ve ekim makinesinin transmisyon ve d\u00f6nen par\u00e7alar\u0131na kullan\u0131m k\u0131lavuzuna uygun olarak ya\u011flay\u0131c\u0131 ya\u011f\u0131 ekleyin. \u00d6zellikle transmisyon zincirinin ya\u011flamas\u0131na ve gerilmesine dikkat edin. Ayr\u0131ca, her operasyon \u00f6ncesinde ekim makinesinin civatalar\u0131n\u0131 s\u0131k\u0131n.<\/li>    <li>\u00c7er\u00e7eve e\u011fik olamaz. Ekim makinesi trakt\u00f6re ba\u011fland\u0131ktan sonra e\u011fik olmamal\u0131d\u0131r. \u00c7al\u0131\u015f\u0131rken, \u00e7er\u00e7evenin \u00f6n ve arka taraf\u0131 seviyede olmal\u0131d\u0131r.<\/li>    <li>\u00c7e\u015fitli ayarlamalar yap\u0131n. Kullan\u0131m k\u0131lavuzuna g\u00f6re, ekim miktar\u0131n\u0131 ve a\u00e7\u0131c\u0131 s\u0131ralar\u0131n\u0131 ayarlay\u0131n.<\/li>    <li>Tohum eklemeye dikkat edin. Eklenen tohumlar, safs\u0131zl\u0131k ve k\u00f6t\u00fc tohumlardan ar\u0131nd\u0131r\u0131lm\u0131\u015f olmal\u0131d\u0131r. Tohumlar\u0131n etkinli\u011fini sa\u011flamak i\u00e7in. Ayr\u0131ca, tohum kutusuna eklenen tohum miktar\u0131, giri\u015fin d\u00fczg\u00fcn olmas\u0131n\u0131 sa\u011flamak i\u00e7in en az\u0131ndan tohum kutusunun giri\u015fini kapatacak kadar olmal\u0131d\u0131r.<\/li>    <li>Deneme ekimi. Ekim kalitesini sa\u011flamak i\u00e7in. B\u00fcy\u00fck alan ekiminden \u00f6nce, 20 metre deneme ekimi yapmal\u0131y\u0131z. Daha sonra makinenin \u00e7al\u0131\u015fma durumunu g\u00f6zlemleyin. Yerel tar\u0131msal gereksinimlere uydu\u011fundan emin olduktan sonra, b\u00fcy\u00fck \u00f6l\u00e7ekli ekim yap\u0131l\u0131r.<\/li> <\/ul> <\/div>    <h3 class=\"wp-block-heading\">Ekim s\u0131ras\u0131nda<\/h3>    <div class=\"wp-block-group is-layout-flow wp-block-group-is-layout-flow\"> <ul class=\"wp-block-list\"> <li>D\u00fcz bir \u00e7izgide, sabit h\u0131zda s\u00fcrmeye dikkat edin. Tohum ekimi s\u0131ras\u0131nda, \u00e7ift\u00e7i d\u00fczg\u00fcnl\u00fck ve sabit h\u0131zda dikkat etmelidir. H\u0131zl\u0131 veya yava\u015f gitmek veya ortada durmak, atlamalara neden olabilir. A\u00e7\u0131c\u0131 t\u0131kanmas\u0131n\u0131 \u00f6nlemek i\u00e7in, makine kald\u0131r\u0131l\u0131p indirilirken hareket halinde olunmal\u0131d\u0131r. Geri giderken veya d\u00f6n\u00fc\u015f yaparken makineyi kald\u0131r\u0131n.<\/li>    <li>\u0130lk olarak topra\u011f\u0131 ekin. Topra\u011f\u0131 yatay olarak ekin, b\u00f6ylece topra\u011f\u0131 sertle\u015ftirmeyin ve tohumun \u00e7ok s\u0131\u011f olmas\u0131na neden olmay\u0131n.<\/li>    <li>S\u0131k s\u0131k g\u00f6zlemleyin. Tohum ekimi s\u0131ras\u0131nda, her zaman \u00f6l\u00e7\u00fcm cihaz\u0131, a\u00e7\u0131c\u0131, kapak ve transmisyon mekanizmas\u0131n\u0131n \u00e7al\u0131\u015fma durumunu g\u00f6zlemleyin. Killi, kar\u0131\u015fm\u0131\u015f ot veya tohum \u00f6rt\u00fcs\u00fc s\u0131k\u0131 de\u011filse, zaman\u0131nda \u00e7\u0131kar\u0131n. Ayarlamalar, tamirler, ya\u011flama veya kar\u0131\u015fm\u0131\u015f ot temizli\u011fi, park ettikten sonra yap\u0131lmal\u0131d\u0131r.<\/li>    <li>Makine par\u00e7alar\u0131n\u0131 koruyun. Ekim makinesi \u00e7al\u0131\u015f\u0131rken, geri gitmek veya keskin d\u00f6n\u00fc\u015fler yapmak kesinlikle yasakt\u0131r. Ekim makinesinin kald\u0131r\u0131lmas\u0131 veya indirilmesi yava\u015f yap\u0131lmal\u0131d\u0131r, b\u00f6ylece par\u00e7alara zarar verilmez.<\/li>    <li>Tohum kutusuna dikkat edin. \u00c7al\u0131\u015fma s\u0131ras\u0131nda, tohum kutusundaki tohumlar, kutu hacminin en az 1\/5'inden az olmamal\u0131d\u0131r. Nakliye veya par\u00e7a transferi s\u0131ras\u0131nda, tohum kutusunda tohum ve di\u011fer a\u011f\u0131r nesneler bulunmamal\u0131d\u0131r.<\/li> <\/ul> <\/div>    <p>Makine hakk\u0131nda daha fazla bilgi i\u00e7in bizimle ileti\u015fime ge\u00e7mekten \u00e7ekinmeyin.<\/p>","protected":false},"excerpt":{"rendered":"<p>M\u0131s\u0131r ekim makinesi, ekim nesnesi olarak m\u0131s\u0131r tohumlar\u0131n\u0131 alan bir makinedir. Ve m\u0131s\u0131r ekim makinesi, m\u0131s\u0131r\u0131n hendek a\u00e7ma ve ekim gereksinimlerini verimli bir \u015fekilde tamamlayabilir. Bu makine y\u00fcksek kaliteli m\u0131s\u0131r ekim operasyonlar\u0131n\u0131 ger\u00e7ekle\u015ftirebilir.<\/p>","protected":false},"author":1,"featured_media":12081,"parent":0,"comment_status":"closed","ping_status":"closed","template":"","tags":[491,492,698],"product-type":[882,870],"class_list":["post-12065","product","type-product","status-publish","has-post-thumbnail","hentry","tag-corn","tag-planter","tag-tractor","product-type-corn-planter","product-type-planter"],"_links":{"self":[{"href":"https:\/\/www.agriculture-machine.com\/tr\/wp-json\/wp\/v2\/product\/12065","targetHints":{"allow":["GET"]}}],"collection":[{"href":"https:\/\/www.agriculture-machine.com\/tr\/wp-json\/wp\/v2\/product"}],"about":[{"href":"https:\/\/www.agriculture-machine.com\/tr\/wp-json\/wp\/v2\/types\/product"}],"author":[{"embeddable":true,"href":"https:\/\/www.agriculture-machine.com\/tr\/wp-json\/wp\/v2\/users\/1"}],"replies":[{"embeddable":true,"href":"https:\/\/www.agriculture-machine.com\/tr\/wp-json\/wp\/v2\/comments?post=12065"}],"wp:featuredmedia":[{"embeddable":true,"href":"https:\/\/www.agriculture-machine.com\/tr\/wp-json\/wp\/v2\/media\/12081"}],"wp:attachment":[{"href":"https:\/\/www.agriculture-machine.com\/tr\/wp-json\/wp\/v2\/media?parent=12065"}],"wp:term":[{"taxonomy":"post_tag","embeddable":true,"href":"https:\/\/www.agriculture-machine.com\/tr\/wp-json\/wp\/v2\/tags?post=12065"},{"taxonomy":"product-type","embeddable":true,"href":"https:\/\/www.agriculture-machine.com\/tr\/wp-json\/wp\/v2\/product-type?post=12065"}],"curies":[{"name":"wp","href":"https:\/\/api.w.org\/{rel}","templated":true}]}}