{"id":1207,"date":"2018-10-22T05:52:41","date_gmt":"2018-10-21T21:52:41","guid":{"rendered":"https:\/\/www.agriculture-machine.com\/?p=1207"},"modified":"2026-02-25T17:00:43","modified_gmt":"2026-02-25T09:00:43","slug":"corn-grinder-machine","status":"publish","type":"product","link":"https:\/\/www.agriculture-machine.com\/tr\/corn-grinder-machine\/","title":{"rendered":"M\u0131s\u0131r \u00d6\u011f\u00fct\u00fcc\u00fc Makinesi | \u00d6\u011f\u00fctme Makinesi"},"content":{"rendered":"<p class=\"translation-block\"><strong>M\u0131s\u0131r \u00f6\u011f\u00fct\u00fcc\u00fc makinesi<\/strong> tah\u0131l ununa i\u015fleyebilir, g\u0131da i\u015fleme end\u00fcstrisinde yayg\u0131n olarak kullan\u0131l\u0131r. Tar\u0131m\u0131n geli\u015fmesiyle tah\u0131l \u00fcretimi b\u00fcy\u00fck \u00f6l\u00e7\u00fcde artt\u0131. <\/p>    <figure class=\"wp-block-embed is-type-video is-provider-youtube wp-block-embed-youtube wp-embed-aspect-16-9 wp-has-aspect-ratio\"><div class=\"wp-block-embed__wrapper\"> <iframe loading=\"lazy\" title=\"\u00e7ok ince toz! Disk veya diskli de\u011firmen m\u0131s\u0131r \u00f6\u011f\u00fct\u00fcc\u00fc\/m\u0131s\u0131r k\u0131r\u0131c\u0131 \/ m\u0131s\u0131r \u00f6\u011f\u00fct\u00fcc\u00fc makinesi\" width=\"500\" height=\"281\" src=\"https:\/\/www.youtube.com\/embed\/GpSOvkaJMOE?feature=oembed\" frameborder=\"0\" allow=\"accelerometer; autoplay; clipboard-write; encrypted-media; gyroscope; picture-in-picture; web-share\" referrerpolicy=\"strict-origin-when-cross-origin\" allowfullscreen><\/iframe> <\/div><figcaption class=\"wp-element-caption\">diskli tah\u0131l un yapma makinesi<\/figcaption><\/figure>    <p class=\"translation-block\">Ve tar\u0131m makinesi ekipmanlar\u0131 yayg\u0131n olarak kullan\u0131lmaktad\u0131r. Tar\u0131m makinesini \u00e7e\u015fitli \u00fcr\u00fcnlerde kullanabiliriz, \u00f6rne\u011fin m\u0131s\u0131r, bu\u011fday, fasulye, pirin\u00e7 vb. M\u0131s\u0131r i\u00e7in, m\u0131s\u0131r tohumlar\u0131n\u0131 topra\u011fa ekmek i\u00e7in m\u0131s\u0131r ekici kullanabiliriz. M\u0131s\u0131r al\u0131nd\u0131ktan sonra, m\u0131s\u0131r i\u015flemek i\u00e7in <a href=\"https:\/\/www.agriculture-machine.com\/tr\/maize-peeler-and-thresher\/\"><strong>m\u0131s\u0131r soyucu ve sap ay\u0131r\u0131c\u0131<\/strong><\/a> kullanabiliriz. B\u00f6ylece zaman ve enerji tasarrufu sa\u011flar. <\/p>    <p>Ayr\u0131ca, m\u0131s\u0131r\u0131 m\u0131s\u0131r ununa i\u015flemek i\u00e7in m\u0131s\u0131r \u00f6\u011f\u00fct\u00fcc\u00fcs\u00fcn\u00fc kullanabiliriz. Bu, tohum i\u015fleme operasyonlar\u0131, tah\u0131l ve ya\u011f piyasalar\u0131, s\u00fcpermarketler, okullar, kurumlar, kantinler ve di\u011fer birimler i\u00e7in uygundur. \u0130nsanlar i\u00e7in iyi bir yard\u0131mc\u0131d\u0131r. <\/p>    <h2 class=\"wp-block-heading\">M\u0131s\u0131r \u00f6\u011f\u00fct\u00fcc\u00fc makinesinin genel bak\u0131\u015f\u0131<\/h2>    <p class=\"translation-block\">\u015eirketimiz taraf\u0131ndan \u00fcretilen TZ serisi <strong> tah\u0131l de\u011firmeni<\/strong> \u00e7ok ama\u00e7l\u0131 bir makinedir ve m\u00fckemmel ezme etkisiyle de bilinir. <\/p>    <p>Bu\u011fday de\u011firmeni kompakt yap\u0131ya, g\u00fczel g\u00f6r\u00fcn\u00fcme, g\u00fcvenilir kullan\u0131ma, kolay bak\u0131m ve kurulum \u00f6zelliklerine sahiptir ve m\u0131s\u0131r, pirin\u00e7, bu\u011fday, fasulye vb. i\u00e7in yayg\u0131n olarak kullan\u0131l\u0131r. <\/p>    <p>Ekran\u0131n boyutu ihtiya\u00e7lar\u0131n\u0131za g\u00f6re \u00f6zelle\u015ftirilebilir. \u0130\u015flemden sonra \u00e7ok ince un elde edebilirsiniz.<\/p>    <figure class=\"wp-block-gallery aligncenter has-nested-images columns-2 is-cropped wp-block-gallery-2 is-layout-flex wp-block-gallery-is-layout-flex\"> <figure class=\"wp-block-image size-large\"><img loading=\"lazy\" decoding=\"async\" width=\"360\" height=\"540\" data-id=\"1210\" src=\"https:\/\/www.agriculture-machine.com\/wp-content\/uploads\/2018\/10\/corn-grinder-machine2-360x540.jpg\" alt=\"m\u0131s\u0131r \u00f6\u011f\u00fct\u00fcc\u00fc makinesi2\" class=\"wp-image-1210\" srcset=\"https:\/\/www.agriculture-machine.com\/wp-content\/uploads\/2018\/10\/corn-grinder-machine2-360x540.jpg 360w, https:\/\/www.agriculture-machine.com\/wp-content\/uploads\/2018\/10\/corn-grinder-machine2-180x270.jpg 180w, https:\/\/www.agriculture-machine.com\/wp-content\/uploads\/2018\/10\/corn-grinder-machine2.jpg 500w\" sizes=\"auto, (max-width: 360px) 100vw, 360px\" \/><figcaption class=\"wp-element-caption\">m\u0131s\u0131r \u00f6\u011f\u00fct\u00fcc\u00fc makinesi2<\/figcaption><\/figure>    <figure class=\"wp-block-image size-large\"><img loading=\"lazy\" decoding=\"async\" width=\"360\" height=\"540\" data-id=\"1209\" src=\"https:\/\/www.agriculture-machine.com\/wp-content\/uploads\/2018\/10\/corn-grinder-machine1-360x540.jpg\" alt=\"m\u0131s\u0131r \u00f6\u011f\u00fct\u00fcc\u00fc makinesi1\" class=\"wp-image-1209\" srcset=\"https:\/\/www.agriculture-machine.com\/wp-content\/uploads\/2018\/10\/corn-grinder-machine1-360x540.jpg 360w, https:\/\/www.agriculture-machine.com\/wp-content\/uploads\/2018\/10\/corn-grinder-machine1-180x270.jpg 180w, https:\/\/www.agriculture-machine.com\/wp-content\/uploads\/2018\/10\/corn-grinder-machine1.jpg 500w\" sizes=\"auto, (max-width: 360px) 100vw, 360px\" \/><figcaption class=\"wp-element-caption\">m\u0131s\u0131r \u00f6\u011f\u00fct\u00fcc\u00fc makinesi1<\/figcaption><\/figure> <\/figure>    <h2 class=\"wp-block-heading\">Tah\u0131l k\u0131rma makinesi teknik parametreleri<\/h2>    <figure class=\"wp-block-table is-style-stripes\"><table><tbody><tr><td>Model<\/td><td>9FZ-280<\/td><\/tr><tr><td>Kapasite<\/td><td>300-500kg\/h<\/td><\/tr><tr><td>A\u011f\u0131rl\u0131k<\/td><td>&nbsp;60kg<\/td><\/tr><tr><td>Boyut<\/td><td>530*420*440mm<\/td><\/tr><\/tbody><\/table><figcaption class=\"wp-element-caption\">Tah\u0131l diskli de\u011firmen model teknik verileri<\/figcaption><\/figure>    <h2 class=\"wp-block-heading\">Tah\u0131l \u00f6\u011f\u00fct\u00fcc\u00fcn\u00fcn avantajlar\u0131<\/h2>    <ol class=\"wp-block-list\"> <li>\u00c7ok ince un. M\u0131s\u0131r \u00f6\u011f\u00fct\u00fcc\u00fc makinesiyle i\u015flenen tah\u0131l \u00e7ok ince olur.<\/li>    <li>Farkl\u0131 modeller ve kapasiteler se\u00e7ebilirsiniz. Bu t\u00fcr makinelerin bir\u00e7ok \u00e7e\u015fidi var ve bir\u00e7ok se\u00e7ene\u011finiz bulunuyor.<\/li>    <li>Geni\u015f uygulama. Ham madde m\u0131s\u0131r, pirin\u00e7, fasulye, bu\u011fday vb. olabilir.<\/li>    <li>Y\u00fcksek kapasite, m\u00fckemmel performans ve kolay kullan\u0131m.<\/li> <\/ol>    <figure class=\"wp-block-gallery has-nested-images columns-2 is-cropped wp-block-gallery-3 is-layout-flex wp-block-gallery-is-layout-flex\"> <figure class=\"wp-block-image size-large\"><img loading=\"lazy\" decoding=\"async\" width=\"500\" height=\"333\" data-id=\"1212\" src=\"https:\/\/www.agriculture-machine.com\/wp-content\/uploads\/2018\/10\/corn-grinder-machine4.jpg\" alt=\"m\u0131s\u0131r \u00f6\u011f\u00fct\u00fcc\u00fc makinesi4\" class=\"wp-image-1212\" srcset=\"https:\/\/www.agriculture-machine.com\/wp-content\/uploads\/2018\/10\/corn-grinder-machine4.jpg 500w, https:\/\/www.agriculture-machine.com\/wp-content\/uploads\/2018\/10\/corn-grinder-machine4-360x240.jpg 360w\" sizes=\"auto, (max-width: 500px) 100vw, 500px\" \/><figcaption class=\"wp-element-caption\">m\u0131s\u0131r \u00f6\u011f\u00fct\u00fcc\u00fc makinesi4<\/figcaption><\/figure>    <figure class=\"wp-block-image size-large\"><img loading=\"lazy\" decoding=\"async\" width=\"500\" height=\"333\" data-id=\"1211\" src=\"https:\/\/www.agriculture-machine.com\/wp-content\/uploads\/2018\/10\/corn-grinder-machine3.jpg\" alt=\"m\u0131s\u0131r \u00f6\u011f\u00fct\u00fcc\u00fc makinesi3\" class=\"wp-image-1211\" srcset=\"https:\/\/www.agriculture-machine.com\/wp-content\/uploads\/2018\/10\/corn-grinder-machine3.jpg 500w, https:\/\/www.agriculture-machine.com\/wp-content\/uploads\/2018\/10\/corn-grinder-machine3-360x240.jpg 360w\" sizes=\"auto, (max-width: 500px) 100vw, 500px\" \/><figcaption class=\"wp-element-caption\">m\u0131s\u0131r \u00f6\u011f\u00fct\u00fcc\u00fc makinesi3<\/figcaption><\/figure> <\/figure>    <h2 class=\"wp-block-heading\">Diskli \u00f6\u011f\u00fct\u00fcc\u00fc hakk\u0131nda ipu\u00e7lar\u0131<\/h2>    <ol class=\"wp-block-list\"> <li>Bu, diskli tah\u0131l \u00f6\u011f\u00fct\u00fcc\u00fc makinedir.<\/li>    <li>\u0130\u00e7 yap\u0131.<\/li>    <li>Yuvarlak ekran ve disk plakas\u0131 iki \u00f6nemli par\u00e7ad\u0131r.<\/li>    <li>Ham maddeler aras\u0131nda karabiber, dar\u0131, bu\u011fday, y\u0131ld\u0131z anason vb. bulunur.<\/li>    <li>Bu, m\u0131s\u0131r \u00f6\u011f\u00fctme testi alan\u0131d\u0131r.<\/li>    <li>M\u0131s\u0131r\u0131 giri\u015fe d\u00f6k\u00fcn.<\/li>    <li>Makine \u015fu anda \u00e7al\u0131\u015f\u0131yor<\/li>    <li>Bir motor taraf\u0131ndan \u00e7al\u0131\u015ft\u0131r\u0131labilir.<\/li>    <li>Makine \u00e7al\u0131\u015f\u0131rken istikrarl\u0131 \u00e7al\u0131\u015f\u0131r ve farkl\u0131 \u00fclkelerden \u00e7ift\u00e7iler taraf\u0131ndan tercih edilir.<\/li>    <li>Son m\u0131s\u0131r tozu \u00e7ok ince olup hayvan yemi olarak kullan\u0131labilir.<\/li>    <li>Kapasitesi 300kg\/h olup, ev kullan\u0131m\u0131 i\u00e7in \u00e7ok uygundur.<\/li>    <li>Farkl\u0131 \u00fcr\u00fcnlerin boyutuna g\u00f6re ekranlar de\u011fi\u015ftirilebilir.<\/li> <\/ol>    <h2 class=\"wp-block-heading\"><span style=\"font-size: 24px; font-weight: bold;\">Tah\u0131l \u00f6\u011f\u00fct\u00fcc\u00fc ba\u015far\u0131 \u00f6rne\u011fi<\/span><\/h2>    <figure class=\"wp-block-gallery has-nested-images columns-2 is-cropped wp-block-gallery-4 is-layout-flex wp-block-gallery-is-layout-flex\"> <figure class=\"wp-block-image size-large\"><img loading=\"lazy\" decoding=\"async\" width=\"500\" height=\"500\" data-id=\"2991\" src=\"https:\/\/www.agriculture-machine.com\/wp-content\/uploads\/2018\/07\/333.jpg\" alt=\"G\u00f6nderi resmi\" class=\"wp-image-2991\" srcset=\"https:\/\/www.agriculture-machine.com\/wp-content\/uploads\/2018\/07\/333.jpg 500w, https:\/\/www.agriculture-machine.com\/wp-content\/uploads\/2018\/07\/333-270x270.jpg 270w\" sizes=\"auto, (max-width: 500px) 100vw, 500px\" \/><figcaption class=\"wp-element-caption\">G\u00f6nderi Resmi<\/figcaption><\/figure>    <figure class=\"wp-block-image size-large\"><img loading=\"lazy\" decoding=\"async\" width=\"500\" height=\"500\" data-id=\"2990\" src=\"https:\/\/www.agriculture-machine.com\/wp-content\/uploads\/2018\/07\/222.jpg\" alt=\"G\u00f6nderi resmi\" class=\"wp-image-2990\" srcset=\"https:\/\/www.agriculture-machine.com\/wp-content\/uploads\/2018\/07\/222.jpg 500w, https:\/\/www.agriculture-machine.com\/wp-content\/uploads\/2018\/07\/222-270x270.jpg 270w\" sizes=\"auto, (max-width: 500px) 100vw, 500px\" \/><figcaption class=\"wp-element-caption\">G\u00f6nderi resmi<\/figcaption><\/figure> <\/figure>    <h2 class=\"wp-block-heading\">Disk de\u011firmeni hakk\u0131nda SSS<\/h2>   <div id=\"rank-math-faq\" class=\"rank-math-block\"> <div class=\"rank-math-list\"> <div id=\"faq-question-1772009959207\" class=\"rank-math-list-item\"> <h3 class=\"rank-math-question\"><strong>Sihirli un bu\u011fday de\u011firmeninin kapasitesi nedir?<\/strong><\/h3> <div class=\"rank-math-answer\">  <p>Bu seri makinelerin bir\u00e7ok farkl\u0131 kapasitesi vard\u0131r ve ihtiya\u00e7lar\u0131n\u0131za g\u00f6re \u00f6zelle\u015ftirebilirsiniz.<\/p>  <\/div> <\/div> <div id=\"faq-question-1772009967837\" class=\"rank-math-list-item\"> <h3 class=\"rank-math-question\"><strong>Hammadde nedir?<\/strong><\/h3> <div class=\"rank-math-answer\">  <p>m\u0131s\u0131r, pirin\u00e7, fasulye, bu\u011fday.<\/p>  <\/div> <\/div> <div id=\"faq-question-1772009974632\" class=\"rank-math-list-item\"> <h3 class=\"rank-math-question\"><strong>Ezme etkisi nas\u0131l?<\/strong><\/h3> <div class=\"rank-math-answer\">  <p>Ezme etkisi \u00e7ok iyi ve m\u00fckemmel un elde edebilirsiniz.<\/p>  <\/div> <\/div> <\/div> <\/div>   <h2 class=\"wp-block-heading\">\u0130stedi\u011finiz zaman bizimle ileti\u015fime ge\u00e7in<\/h2>    <p>Disk \u00f6\u011f\u00fct\u00fcc\u00fc makinemize giri\u015f yapt\u0131\u011f\u0131n\u0131z i\u00e7in te\u015fekk\u00fcr ederiz. \u00dcr\u00fcnlerimizle ilgileniyorsan\u0131z veya herhangi bir sorunuz varsa, l\u00fctfen bizimle ileti\u015fime ge\u00e7mekten \u00e7ekinmeyin. Profesyonel ekibimiz size detayl\u0131 bilgi sa\u011flayacak ve fabrikam\u0131z\u0131 ziyaret ederek geli\u015fmi\u015f teknolojimizi ve y\u00fcksek kaliteli ekipmanlar\u0131m\u0131z\u0131 deneyimlemenize memnuniyetle yard\u0131mc\u0131 olacakt\u0131r. Size m\u00fckemmel hizmet sunmay\u0131 d\u00f6rt g\u00f6zle bekliyoruz!<\/p>","protected":false},"excerpt":{"rendered":"<p>Bu m\u0131s\u0131r \u00f6\u011f\u00fct\u00fcc\u00fc makinesi, verimli ve \u00e7ok y\u00f6nl\u00fc tasar\u0131m\u0131yla \u00f6ne \u00e7\u0131kar. Sadece y\u00fcksek kaliteli, homojen un \u00fcretmekle kalmaz, ayn\u0131 zamanda hassas ayar se\u00e7enekleri ve g\u00fcvenilir, dayan\u0131kl\u0131 yap\u0131s\u0131yla modern tah\u0131l i\u015fleme i\u00e7in idealdir.<\/p>","protected":false},"author":1,"featured_media":1213,"parent":0,"comment_status":"closed","ping_status":"closed","template":"","tags":[491,924],"product-type":[898],"class_list":["post-1207","product","type-product","status-publish","has-post-thumbnail","hentry","tag-corn","tag-flour","product-type-disk-mill"],"_links":{"self":[{"href":"https:\/\/www.agriculture-machine.com\/tr\/wp-json\/wp\/v2\/product\/1207","targetHints":{"allow":["GET"]}}],"collection":[{"href":"https:\/\/www.agriculture-machine.com\/tr\/wp-json\/wp\/v2\/product"}],"about":[{"href":"https:\/\/www.agriculture-machine.com\/tr\/wp-json\/wp\/v2\/types\/product"}],"author":[{"embeddable":true,"href":"https:\/\/www.agriculture-machine.com\/tr\/wp-json\/wp\/v2\/users\/1"}],"replies":[{"embeddable":true,"href":"https:\/\/www.agriculture-machine.com\/tr\/wp-json\/wp\/v2\/comments?post=1207"}],"wp:featuredmedia":[{"embeddable":true,"href":"https:\/\/www.agriculture-machine.com\/tr\/wp-json\/wp\/v2\/media\/1213"}],"wp:attachment":[{"href":"https:\/\/www.agriculture-machine.com\/tr\/wp-json\/wp\/v2\/media?parent=1207"}],"wp:term":[{"taxonomy":"post_tag","embeddable":true,"href":"https:\/\/www.agriculture-machine.com\/tr\/wp-json\/wp\/v2\/tags?post=1207"},{"taxonomy":"product-type","embeddable":true,"href":"https:\/\/www.agriculture-machine.com\/tr\/wp-json\/wp\/v2\/product-type?post=1207"}],"curies":[{"name":"wp","href":"https:\/\/api.w.org\/{rel}","templated":true}]}}