{"id":12085,"date":"2021-11-11T17:59:48","date_gmt":"2021-11-11T09:59:48","guid":{"rendered":"https:\/\/www.agriculture-machine.com\/?p=12085"},"modified":"2024-05-22T18:10:09","modified_gmt":"2024-05-22T10:10:09","slug":"wheat-planter-wheat-seed-planter-wheat-planting-machine-automatic-wheat-planter-6rows-wheat-planter","status":"publish","type":"product","link":"https:\/\/www.agriculture-machine.com\/tr\/wheat-planter-wheat-seed-planter-wheat-planting-machine-automatic-wheat-planter-6rows-wheat-planter\/","title":{"rendered":"Otomatik bu\u011fday tohum ekme makinesi 6 s\u0131ral\u0131 bu\u011fday ekim makinesi"},"content":{"rendered":"<p class=\"translation-block\"><strong>bu\u011fday ekicisi<\/strong> tohum ekme makinesidir ve bu\u011fday ekimi i\u00e7in \u00f6zelle\u015fmi\u015f bir tohum ekim makinesidir. Ayn\u0131 zamanda g\u00fcbreleme yapabilir. Trakt\u00f6rle i\u015fbirli\u011fi yaparak bu\u011fday ekimini otomatik hale getirir.<\/p>    <p>And because farmers plant wheat mostly in plains and hills, and the planting area is large. So if people plant wheat, the efficiency is low and the labor intensity is high. Also, the effect of planting may not meet people&#8217;s expectations.<\/p>    <figure class=\"wp-block-embed aligncenter is-type-video is-provider-youtube wp-block-embed-youtube wp-embed-aspect-16-9 wp-has-aspect-ratio\"><div class=\"wp-block-embed__wrapper\"> <iframe loading=\"lazy\" title=\"Bu\u011fday Tar\u0131m\u0131n\u0131z\u0131 Devrimle! \ud83c\udf3e En \u0130yi Bu\u011fday Ekim Makinesi Tan\u0131t\u0131ld\u0131!#wheat\" width=\"500\" height=\"281\" src=\"https:\/\/www.youtube.com\/embed\/Kssx3U4HezI?start=8&#038;feature=oembed\" frameborder=\"0\" allow=\"accelerometer; autoplay; clipboard-write; encrypted-media; gyroscope; picture-in-picture; web-share\" referrerpolicy=\"strict-origin-when-cross-origin\" allowfullscreen><\/iframe> <\/div><figcaption class=\"wp-element-caption\">bu\u011fday tohumu ekim makinesi \u00e7al\u0131\u015fma videosu<\/figcaption><\/figure>    <p class=\"translation-block\">Bu\u011fday ekicisi, y\u00fcksek verimli ve ekonomik olup, iyi tohumlama kalitesi ve y\u00fcksek verim sa\u011flar, bu da zaman ve insan g\u00fcc\u00fc tasarrufu sa\u011flar. Pirin\u00e7 ekimi tamamland\u0131ktan sonra, hasat i\u00e7in bizim <strong><em><a href=\"https:\/\/www.agriculture-machine.com\/tr\/combined-wheat-rice-harvester\/\">pirin\u00e7 ve bu\u011fday ay\u0131klay\u0131c\u0131y\u0131<\/a><\/em><\/strong> tercih edebilirsiniz.<\/p>    <h2 class=\"wp-block-heading\" id=\"h-brief-introduction-of-the-wheat-planter\">Bu\u011fday ekicisinin k\u0131sa tan\u0131t\u0131m\u0131<\/h2>    <p class=\"translation-block\"><strong>Bu\u011fday ekicisi <\/strong>, tohumlar\u0131 topra\u011fa ekmek i\u00e7in mekanik bir sistem kullanan bir makine t\u00fcr\u00fcd\u00fcr. Ayr\u0131ca, iyi genel performans, geni\u015f uygulama alan\u0131 ve homojen ekim \u00f6zelliklerine sahiptir.<\/p>    <p>Bu\u011fday ekicisi, rotary s\u00fcr\u00fcmden sonra do\u011frudan kullan\u0131labilir, toprak haz\u0131rl\u0131\u011f\u0131 gerekmez, zaman ve emek tasarrufu sa\u011flar. Tek bir i\u015flemle seviyelendirme, nem birle\u015ftirme, ekim, kapama, bask\u0131lama ve dikey s\u0131n\u0131rlar\u0131n dikilmesi gibi i\u015flemler tamamlanabilir.<\/p>    <p>Trakt\u00f6rler, bu\u011fday ekicileriyle ekim yapar. M\u00fc\u015fteri ihtiya\u00e7lar\u0131na g\u00f6re, esasen 12, 14, 16 ve 20 s\u0131ral\u0131 modeller mevcuttur. Ayr\u0131ca, farkl\u0131 ekim ihtiya\u00e7lar\u0131n\u0131 kar\u015f\u0131lamak i\u00e7in di\u011fer modeller de vard\u0131r. Farkl\u0131 fonksiyonlar, rotary s\u00fcr\u00fcm ve g\u00fcbreleme gibi, ihtiya\u00e7lar\u0131n\u0131za uygun \u015fekilde uyum sa\u011flar.<\/p>    <figure class=\"wp-block-image aligncenter size-large\"><img loading=\"lazy\" decoding=\"async\" width=\"720\" height=\"540\" src=\"https:\/\/www.agriculture-machine.com\/wp-content\/uploads\/2021\/11\/IMG_20210325_111430-720x540.jpg?v=1636621891\" alt=\"bu\u011fday ekicisi\" class=\"wp-image-12093\" srcset=\"https:\/\/www.agriculture-machine.com\/wp-content\/uploads\/2021\/11\/IMG_20210325_111430-720x540.jpg 720w, https:\/\/www.agriculture-machine.com\/wp-content\/uploads\/2021\/11\/IMG_20210325_111430-360x270.jpg 360w, https:\/\/www.agriculture-machine.com\/wp-content\/uploads\/2021\/11\/IMG_20210325_111430-240x180.jpg 240w, https:\/\/www.agriculture-machine.com\/wp-content\/uploads\/2021\/11\/IMG_20210325_111430-768x576.jpg 768w, https:\/\/www.agriculture-machine.com\/wp-content\/uploads\/2021\/11\/IMG_20210325_111430-1536x1152.jpg 1536w, https:\/\/www.agriculture-machine.com\/wp-content\/uploads\/2021\/11\/IMG_20210325_111430-2048x1536.jpg 2048w\" sizes=\"auto, (max-width: 720px) 100vw, 720px\" \/><figcaption class=\"wp-element-caption\">bu\u011fday ekicisi<\/figcaption><\/figure>    <h2 class=\"wp-block-heading\">Bu\u011fday tohum ekicisinin yap\u0131s\u0131<\/h2>    <p>Bu\u011fday ekicisi, bir \u00e7er\u00e7eve, tohum kutusu, g\u00fcbre kutusu, disk a\u00e7\u0131c\u0131, pres d\u00f6ner tambur, toprak kapama plakas\u0131 ve benzeri par\u00e7alardan olu\u015fur.<\/p>    <p>Ayr\u0131ca, \u00e7er\u00e7eve y\u00fcksek kaliteli kare t\u00fcplerden yap\u0131lm\u0131\u015ft\u0131r ve t\u00fcm fonksiyonel par\u00e7alar \u00fczerine monte edilmi\u015ftir. \u00c7er\u00e7evenin \u00fcst ve alt ask\u0131 kollar\u0131 arac\u0131l\u0131\u011f\u0131yla makine trakt\u00f6rle uyum sa\u011flar. Trakt\u00f6r kald\u0131rma kontrol\u00fcne dayanarak ekim ve parsel transferi yap\u0131l\u0131r.<\/p>    <ul class=\"wp-block-list\"> <li>\u00c7er\u00e7eve genellikle tek kiri\u015flidir. T\u00fcm \u00e7al\u0131\u015fma par\u00e7alar\u0131n\u0131 \u00fczerine monte eder ve makinenin tamam\u0131n\u0131 destekler.<\/li>    <li>Tohumlama bile\u015fenleri. Tohum kutusu, hassas tohum \u00f6l\u00e7\u00fcm\u00fcn\u00fc sa\u011flayan mekanik veya pn\u00f6matik bir ayg\u0131tla ba\u011flanm\u0131\u015ft\u0131r. Ayr\u0131ca ayarlanabilir tohum kaz\u0131y\u0131c\u0131 ve tohum itici ile ba\u011flant\u0131l\u0131d\u0131r.<\/li>    <li>G\u00fcbre bo\u015faltma par\u00e7alar\u0131, bo\u015faltma kutusu, bo\u015faltma cihaz\u0131, g\u00fcbre borusu ve g\u00fcbreleme a\u00e7\u0131c\u0131 dahil.<\/li>    <li>Toprak i\u015fleme par\u00e7alar\u0131. Kanal a\u00e7\u0131c\u0131, toprak kapama, profil tekerle\u011fi, pres tekerle\u011fi, tohum pres tekerle\u011fi ve ba\u011flant\u0131 mekanizmas\u0131 gibi par\u00e7alar\u0131 i\u00e7erir.<\/li> <\/ul>    <figure class=\"wp-block-gallery has-nested-images columns-default is-cropped wp-block-gallery-2 is-layout-flex wp-block-gallery-is-layout-flex\"> <figure class=\"wp-block-image size-large\"><img loading=\"lazy\" decoding=\"async\" width=\"720\" height=\"540\" data-id=\"12098\" src=\"https:\/\/www.agriculture-machine.com\/wp-content\/uploads\/2021\/11\/IMG_20210325_105551-1-720x540.jpg\" alt=\"\" class=\"wp-image-12098\" srcset=\"https:\/\/www.agriculture-machine.com\/wp-content\/uploads\/2021\/11\/IMG_20210325_105551-1-720x540.jpg 720w, https:\/\/www.agriculture-machine.com\/wp-content\/uploads\/2021\/11\/IMG_20210325_105551-1-360x270.jpg 360w, https:\/\/www.agriculture-machine.com\/wp-content\/uploads\/2021\/11\/IMG_20210325_105551-1-240x180.jpg 240w, https:\/\/www.agriculture-machine.com\/wp-content\/uploads\/2021\/11\/IMG_20210325_105551-1-768x576.jpg 768w, https:\/\/www.agriculture-machine.com\/wp-content\/uploads\/2021\/11\/IMG_20210325_105551-1-1536x1152.jpg 1536w, https:\/\/www.agriculture-machine.com\/wp-content\/uploads\/2021\/11\/IMG_20210325_105551-1-2048x1536.jpg 2048w\" sizes=\"auto, (max-width: 720px) 100vw, 720px\" \/><\/figure>    <figure class=\"wp-block-image size-large\"><img loading=\"lazy\" decoding=\"async\" width=\"720\" height=\"540\" data-id=\"12101\" src=\"https:\/\/www.agriculture-machine.com\/wp-content\/uploads\/2021\/11\/IMG_20210325_105615-1-720x540.jpg\" alt=\"\" class=\"wp-image-12101\" srcset=\"https:\/\/www.agriculture-machine.com\/wp-content\/uploads\/2021\/11\/IMG_20210325_105615-1-720x540.jpg 720w, https:\/\/www.agriculture-machine.com\/wp-content\/uploads\/2021\/11\/IMG_20210325_105615-1-360x270.jpg 360w, https:\/\/www.agriculture-machine.com\/wp-content\/uploads\/2021\/11\/IMG_20210325_105615-1-240x180.jpg 240w, https:\/\/www.agriculture-machine.com\/wp-content\/uploads\/2021\/11\/IMG_20210325_105615-1-768x576.jpg 768w, https:\/\/www.agriculture-machine.com\/wp-content\/uploads\/2021\/11\/IMG_20210325_105615-1-1536x1152.jpg 1536w, https:\/\/www.agriculture-machine.com\/wp-content\/uploads\/2021\/11\/IMG_20210325_105615-1-2048x1536.jpg 2048w\" sizes=\"auto, (max-width: 720px) 100vw, 720px\" \/><\/figure>    <figure class=\"wp-block-image size-large\"><img loading=\"lazy\" decoding=\"async\" width=\"720\" height=\"540\" data-id=\"12103\" src=\"https:\/\/www.agriculture-machine.com\/wp-content\/uploads\/2021\/11\/IMG_20210325_111410-2-720x540.jpg\" alt=\"\" class=\"wp-image-12103\" srcset=\"https:\/\/www.agriculture-machine.com\/wp-content\/uploads\/2021\/11\/IMG_20210325_111410-2-720x540.jpg 720w, https:\/\/www.agriculture-machine.com\/wp-content\/uploads\/2021\/11\/IMG_20210325_111410-2-360x270.jpg 360w, https:\/\/www.agriculture-machine.com\/wp-content\/uploads\/2021\/11\/IMG_20210325_111410-2-240x180.jpg 240w, https:\/\/www.agriculture-machine.com\/wp-content\/uploads\/2021\/11\/IMG_20210325_111410-2-768x576.jpg 768w, https:\/\/www.agriculture-machine.com\/wp-content\/uploads\/2021\/11\/IMG_20210325_111410-2-1536x1152.jpg 1536w, https:\/\/www.agriculture-machine.com\/wp-content\/uploads\/2021\/11\/IMG_20210325_111410-2-2048x1536.jpg 2048w\" sizes=\"auto, (max-width: 720px) 100vw, 720px\" \/><\/figure> <\/figure>    <h2 class=\"wp-block-heading\">Bu\u011fday ekim makinesinin i\u015f ak\u0131\u015f\u0131<\/h2>    <p>Trakt\u00f6r, bu\u011fday ekicisinin tohumlama ve g\u00fcbreleme cihaz\u0131n\u0131 \u00e7ekerek tarlay\u0131 g\u00fcbreler ve ekim yapar.<\/p>    <p>\u0130lk olarak, trakt\u00f6r, \u00e7ukurlu\u011fu a\u00e7mak i\u00e7in \u00e7apa\u011f\u0131 \u00e7eker. G\u00fcbre borusu, a\u00e7\u0131lan hende\u011fe girer ve g\u00fcbreleme ba\u015flar. Ard\u0131ndan, ekim cihaz\u0131 devreye girer ve topra\u011fa ekim yapar. Son olarak, s\u0131k\u0131\u015ft\u0131rma tekerle\u011fi, hende\u011fin i\u00e7indeki topra\u011f\u0131 gev\u015fetir ve s\u0131k\u0131\u015ft\u0131r\u0131r, bu da bu\u011fday ekim i\u015flemini tamamlar.<\/p>    <h2 class=\"wp-block-heading\">Otomatik bu\u011fday ekicisinin \u00e7al\u0131\u015fma videosu<\/h2>    <figure class=\"wp-block-embed is-type-video is-provider-youtube wp-block-embed-youtube wp-embed-aspect-16-9 wp-has-aspect-ratio\"><div class=\"wp-block-embed__wrapper\"> <iframe loading=\"lazy\" title=\"Bu\u011fday ekicisi \/ bu\u011fday tohumu ekicisi \/ bu\u011fday ekim makinesi \/ otomatik bu\u011fday ekicisi \/ 6 s\u0131ral\u0131 bu\u011fday ekicisi\" width=\"500\" height=\"281\" src=\"https:\/\/www.youtube.com\/embed\/NVatr6EXLnE?feature=oembed\" frameborder=\"0\" allow=\"accelerometer; autoplay; clipboard-write; encrypted-media; gyroscope; picture-in-picture; web-share\" referrerpolicy=\"strict-origin-when-cross-origin\" allowfullscreen><\/iframe> <\/div><figcaption class=\"wp-element-caption\">Bu\u011fday ekicisinin \u00e7al\u0131\u015fma videosu<\/figcaption><\/figure>    <h2 class=\"wp-block-heading\">Makinenin parametreleri<\/h2>    <figure class=\"wp-block-table is-style-stripes\"><table><tbody><tr><td>Model<\/td><td>2BXF-9<\/td><td> 2BXF-12<\/td><td> 2BXF-14<\/td><td> 2BXF-16<\/td><td> 2BXF-20 <\/td><\/tr><tr><td>Ekim s\u0131ralar\u0131<\/td><td>9<\/td><td>12<\/td><td>14<\/td><td>16<\/td><td>20<\/td><\/tr><tr><td>Genel boyutlar (mm)<\/td><td>1630*1750*1100<\/td><td>1630*2250*1100<\/td><td>1630*2450*1100<\/td><td>1630*2750*1300<\/td><td>1955*3486*1550<\/td><\/tr><tr><td>A\u011f\u0131rl\u0131k(kg)<\/td><td>298<\/td><td>360<\/td><td>450<\/td><td>520<\/td><td>1200<\/td><\/tr><tr><td>Toz gerek<\/td><td>18-30hp;<br>13.2-22kw<\/td><td>35-70hp<br>25.7-36.7kw<\/td><td>45-85hp<br>33-62.5kw<\/td><td>65-110hp<br>47.7-80.8kw<\/td><td>95-150hp<br>70-11okw<\/td><\/tr><tr><td>S\u0131ra aral\u0131\u011f\u0131 (mm) <\/td><td>160<\/td><td>150<\/td><td>160<\/td><td>150<\/td><td>150<\/td><\/tr><\/tbody><\/table><figcaption class=\"wp-element-caption\">bu\u011fday tohumu ekim makinesi teknik verileri<\/figcaption><\/figure>    <h2 class=\"wp-block-heading\">Bu\u011fday ekici ekipman\u0131n\u0131n avantajlar\u0131<\/h2>    <ul class=\"wp-block-list\"> <li>Tohumlar\u0131n tarlada en makul \u015fekilde yerle\u015ftirildi\u011finden ve ekim miktar\u0131n\u0131n do\u011fru oldu\u011fundan emin olun.<\/li>    <li>Ekim derinli\u011fi ayn\u0131 kal\u0131r, tohumlar\u0131n b\u00fcy\u00fcmesi ve geli\u015fimi i\u00e7in en iyi ko\u015fullar\u0131 sa\u011flar. B\u00f6ylece \u00e7ok say\u0131da tohum tasarrufu sa\u011flar, tarladaki fide eme\u011fini azalt\u0131r ve \u00fcr\u00fcnlerin istikrarl\u0131 ve y\u00fcksek verimle b\u00fcy\u00fcmesini sa\u011flar.<\/li>    <li>S\u0131ra aral\u0131\u011f\u0131 stabil olup, tohumlar\u0131 \u00e7ok iyi kaplar, tohum tasarrufu sa\u011flar ve verimlilik y\u00fcksektir.<\/li>    <li>Sorunsuz \u00e7al\u0131\u015fma ve y\u00fcksek tohumlama kalitesi.<\/li> <\/ul>    <h2 class=\"wp-block-heading\">\u00c7ok s\u0131ral\u0131 bu\u011fday ekicisinin \u00f6zellikleri<\/h2>    <ul class=\"wp-block-list\"> <li>\u0130ki set oluklu disk, bir ba\u011flay\u0131c\u0131 g\u00f6vde setidir ve her disk ba\u011f\u0131ms\u0131z \u00e7al\u0131\u015fabilir.<\/li>    <li>Her kanal a\u00e7ma diskinin \u00fcst ucunda ayar kolu bulunur, bu da kullan\u0131m\u0131 kolay ve h\u0131zl\u0131d\u0131r.<\/li>    <li>Kanal a\u00e7ma diski, tutarl\u0131 derinli\u011fi sa\u011flamak i\u00e7in derinlik s\u0131n\u0131rlay\u0131c\u0131 tekerlek ile donat\u0131lm\u0131\u015ft\u0131r.<\/li>    <li>Toprak k\u0131rma tekerle\u011fi ve toprak kapama plakas\u0131 i\u00e7in ayar kolu seti vard\u0131r, bu da kullan\u0131m\u0131 kolay ve h\u0131zl\u0131d\u0131r. Her toprak kapama plakas\u0131 seti, bir yay seti ile donat\u0131lm\u0131\u015ft\u0131r. Geni\u015flik, fide geni\u015fli\u011fi ile ayn\u0131d\u0131r ve aral\u0131k k\u00fc\u00e7\u00fckt\u00fcr, toprak kapama ve bask\u0131 etkisi iyidir.<\/li>    <li>Geni\u015fletilmi\u015f kiri\u015f kolayca monte edilir ve kullan\u0131l\u0131r.<\/li> <\/ul>    <figure class=\"wp-block-gallery has-nested-images columns-default is-cropped wp-block-gallery-3 is-layout-flex wp-block-gallery-is-layout-flex\"> <figure class=\"wp-block-image size-large\"><img loading=\"lazy\" decoding=\"async\" width=\"720\" height=\"540\" data-id=\"16066\" src=\"https:\/\/www.agriculture-machine.com\/wp-content\/uploads\/2021\/11\/rice-wheat-planter.webp\" alt=\"pirin\u00e7 bu\u011fday ekicisi\" class=\"wp-image-16066\" srcset=\"https:\/\/www.agriculture-machine.com\/wp-content\/uploads\/2021\/11\/rice-wheat-planter.webp 720w, https:\/\/www.agriculture-machine.com\/wp-content\/uploads\/2021\/11\/rice-wheat-planter-360x270.webp 360w, https:\/\/www.agriculture-machine.com\/wp-content\/uploads\/2021\/11\/rice-wheat-planter-240x180.webp 240w, https:\/\/www.agriculture-machine.com\/wp-content\/uploads\/2021\/11\/rice-wheat-planter-16x12.webp 16w\" sizes=\"auto, (max-width: 720px) 100vw, 720px\" \/><figcaption class=\"wp-element-caption\">pirin\u00e7 bu\u011fday ekicisi<\/figcaption><\/figure>    <figure class=\"wp-block-image size-large\"><img loading=\"lazy\" decoding=\"async\" width=\"720\" height=\"540\" data-id=\"16067\" src=\"https:\/\/www.agriculture-machine.com\/wp-content\/uploads\/2021\/11\/wheat-seeds-sowing-machine.webp\" alt=\"bu\u011fday tohumu ekim makinesi\" class=\"wp-image-16067\" srcset=\"https:\/\/www.agriculture-machine.com\/wp-content\/uploads\/2021\/11\/wheat-seeds-sowing-machine.webp 720w, https:\/\/www.agriculture-machine.com\/wp-content\/uploads\/2021\/11\/wheat-seeds-sowing-machine-360x270.webp 360w, https:\/\/www.agriculture-machine.com\/wp-content\/uploads\/2021\/11\/wheat-seeds-sowing-machine-240x180.webp 240w, https:\/\/www.agriculture-machine.com\/wp-content\/uploads\/2021\/11\/wheat-seeds-sowing-machine-16x12.webp 16w\" sizes=\"auto, (max-width: 720px) 100vw, 720px\" \/><figcaption class=\"wp-element-caption\">bu\u011fday tohumu ekim makinesi<\/figcaption><\/figure> <\/figure>    <h2 class=\"wp-block-heading\">6 s\u0131ral\u0131 bu\u011fday ekicisinin bak\u0131m\u0131<\/h2>    <p class=\"translation-block\"><a href=\"https:\/\/en.wikipedia.org\/wiki\/Wheat\" target=\"_blank\" rel=\"noopener\">bu\u011fday<\/a> ekicilerinin kullan\u0131m\u0131 g\u00fc\u00e7l\u00fc mevsimsellik g\u00f6sterir. Ekipman\u0131n bak\u0131m\u0131, iyi \u00e7al\u0131\u015fma ko\u015fullar\u0131 sa\u011flamak, ar\u0131zalar\u0131 azaltmak ve \u00e7al\u0131\u015fma verimlili\u011fini art\u0131rmak i\u00e7indir.<\/p>    <ul class=\"wp-block-list\"> <li>Makine y\u00fcksek h\u0131zda yolda giderken, trakt\u00f6r kald\u0131r\u0131c\u0131 kilitlenmelidir. Makineyi \u00e7ekerek s\u00fcrmek kesinlikle yasakt\u0131r.<\/li>    <li>Ekimden \u00f6nce t\u00fcm ba\u011flant\u0131 elemanlar\u0131n\u0131 ve ba\u011flant\u0131 noktalar\u0131n\u0131 kontrol edin. Gev\u015feklik varsa, zaman\u0131nda s\u0131k\u0131n.<\/li>    <li>\u0130\u015flem s\u0131ras\u0131nda, operat\u00f6r makinenin a\u015f\u0131nmas\u0131n\u0131 azaltmak i\u00e7in g\u00fcvenli \u00e7al\u0131\u015fma prosed\u00fcrlerine kesinlikle uymal\u0131d\u0131r.<\/li>    <li>Her vardiyadan sonra, makinenin t\u00fcm par\u00e7alar\u0131ndaki toprak temizlenmelidir.<\/li>    <li>Her d\u00f6ner \u00e7ifti hareketini d\u00fczenli olarak kontrol edin. A\u015f\u0131nma ciddi ise, ilgili par\u00e7alar zaman\u0131nda de\u011fi\u015ftirilmelidir. Boya soyulmu\u015f par\u00e7alar yeniden boyanmal\u0131d\u0131r.<\/li>    <li>Her sezon kullan\u0131mdan sonra, zaman\u0131nda temizlenmeli ve bak\u0131m\u0131 yap\u0131lmal\u0131d\u0131r. G\u00fcbreyi durulamal\u0131, t\u00fcm par\u00e7alar\u0131 kontrol etmeli ve pas \u00f6nleyici ya\u011f eklemeli. Ard\u0131ndan, depolama alan\u0131na koyulmal\u0131d\u0131r.<\/li> <\/ul>","protected":false},"excerpt":{"rendered":"<p>Bu bu\u011fday ekici, d\u00f6ner toprak i\u015fleme sonras\u0131 do\u011frudan kullan\u0131m i\u00e7in uygundur, toprak haz\u0131rl\u0131\u011f\u0131na gerek yoktur, zaman ve emek tasarrufu sa\u011flar. Ve tek bir i\u015flem, seviyelendirme, nemi birle\u015ftirme, ekim, \u00f6rtme, bask\u0131lama ve dikey s\u0131n\u0131rlar\u0131 dikme gibi i\u015flemleri tamamlayabilir.<\/p>","protected":false},"author":1,"featured_media":12210,"parent":0,"comment_status":"closed","ping_status":"closed","template":"","tags":[158],"product-type":[1],"class_list":["post-12085","product","type-product","status-publish","has-post-thumbnail","hentry","tag-wheat","product-type-other"],"_links":{"self":[{"href":"https:\/\/www.agriculture-machine.com\/tr\/wp-json\/wp\/v2\/product\/12085","targetHints":{"allow":["GET"]}}],"collection":[{"href":"https:\/\/www.agriculture-machine.com\/tr\/wp-json\/wp\/v2\/product"}],"about":[{"href":"https:\/\/www.agriculture-machine.com\/tr\/wp-json\/wp\/v2\/types\/product"}],"author":[{"embeddable":true,"href":"https:\/\/www.agriculture-machine.com\/tr\/wp-json\/wp\/v2\/users\/1"}],"replies":[{"embeddable":true,"href":"https:\/\/www.agriculture-machine.com\/tr\/wp-json\/wp\/v2\/comments?post=12085"}],"wp:featuredmedia":[{"embeddable":true,"href":"https:\/\/www.agriculture-machine.com\/tr\/wp-json\/wp\/v2\/media\/12210"}],"wp:attachment":[{"href":"https:\/\/www.agriculture-machine.com\/tr\/wp-json\/wp\/v2\/media?parent=12085"}],"wp:term":[{"taxonomy":"post_tag","embeddable":true,"href":"https:\/\/www.agriculture-machine.com\/tr\/wp-json\/wp\/v2\/tags?post=12085"},{"taxonomy":"product-type","embeddable":true,"href":"https:\/\/www.agriculture-machine.com\/tr\/wp-json\/wp\/v2\/product-type?post=12085"}],"curies":[{"name":"wp","href":"https:\/\/api.w.org\/{rel}","templated":true}]}}