{"id":12112,"date":"2021-11-12T18:33:28","date_gmt":"2021-11-12T10:33:28","guid":{"rendered":"https:\/\/www.agriculture-machine.com\/?p=12112"},"modified":"2024-09-23T11:23:30","modified_gmt":"2024-09-23T03:23:30","slug":"gasoline-self-propelled-vegetable-planter-six-row-push-seeder-wholesale-gasoline-vegetable-seeder","status":"publish","type":"product","link":"https:\/\/www.agriculture-machine.com\/tr\/gasoline-self-propelled-vegetable-planter-six-row-push-seeder-wholesale-gasoline-vegetable-seeder\/","title":{"rendered":"Benzinli kendi kendine hareket eden alt\u0131 s\u0131ral\u0131 sebze dikim makinesi"},"content":{"rendered":"<p><\/p>    <p>B\u00fcy\u00fck \u00f6l\u00e7ekli sebze yeti\u015ftiricili\u011finin geli\u015fmesiyle, bir\u00e7ok \u00e7ift\u00e7i ovalarda, tepelerde ve seralarda \u00e7e\u015fitli sebzeler yeti\u015ftirir. Bu nedenle, \u00e7ift\u00e7iler yayg\u0131n olarak kendi kendine hareket eden sebze dikim makinelerini kullan\u0131r. <\/p>    <p>Kendi kendine hareket eden sebze dikim makinesi, ovalar, tepeler, bah\u00e7eler, seralar, sebze tarlalar\u0131, kuru arazi ve da\u011fl\u0131k alanlar i\u00e7in uygundur. Ayr\u0131ca, bu makine, lahana, havu\u00e7, turp, \u0131spanak, marul, kereviz gibi \u00e7e\u015fitli sebzeleri dikebilir. Ayr\u0131ca, makinenin g\u00fc\u00e7 \u00e7eki\u015fi, hafif \u00e7al\u0131\u015fma, i\u015fg\u00fcc\u00fc tasarrufu sa\u011flar. Makinenin yap\u0131s\u0131 basit ve kullan\u0131m\u0131 kolayd\u0131r. Ayr\u0131ca, k\u00fc\u00e7\u00fck boyutlu ve yerden tasarruf sa\u011flar. Ekim kalitesi iyidir ve ekim teknolojisi tar\u0131msal standartlara uygundur.<\/p>    <h2 class=\"wp-block-heading\" id=\"h-introduction-of-the-self-propelled-vegetable-planter\">Kendi kendine hareket eden sebze dikim makinesinin tan\u0131t\u0131m\u0131<\/h2>    <p>Kendi kendine hareket eden sebze dikim makinesi b\u00fcy\u00fck alan operasyonlar\u0131 i\u00e7in uygundur. Ayn\u0131 zamanda, bu makine, hendek a\u00e7ma, ekim, toprak kaplama ve patlama bas\u0131nc\u0131 gibi i\u015flemleri ayn\u0131 anda tamamlayabilir. Makinenin kendi g\u00fcc\u00fc vard\u0131r, manuel kullan\u0131m kolayd\u0131r ve y\u00fcksek verimlidir. Makinenin \u00f6zel malzemeden yap\u0131lm\u0131\u015f ekim tekerle\u011fi, tohumlar\u0131 hassas \u015fekilde b\u0131rakabilir ve b\u0131rakma oran\u0131 0'd\u00fcr. Makinenin her iki taraf\u0131nda hareketli kau\u00e7uk tekerlekler bulunur, bu da dikim makinesinin depoya kolayca ta\u015f\u0131nmas\u0131n\u0131 sa\u011flar.<\/p>    <figure class=\"wp-block-image size-large\"><img loading=\"lazy\" decoding=\"async\" width=\"720\" height=\"540\" src=\"https:\/\/www.agriculture-machine.com\/wp-content\/uploads\/2021\/11\/\u5fae\u4fe1\u56fe\u7247_20201228103823-720x540.jpg?v=1636712471\" alt=\"\" class=\"wp-image-12116\" srcset=\"https:\/\/www.agriculture-machine.com\/wp-content\/uploads\/2021\/11\/\u5fae\u4fe1\u56fe\u7247_20201228103823-720x540.jpg 720w, https:\/\/www.agriculture-machine.com\/wp-content\/uploads\/2021\/11\/\u5fae\u4fe1\u56fe\u7247_20201228103823-360x270.jpg 360w, https:\/\/www.agriculture-machine.com\/wp-content\/uploads\/2021\/11\/\u5fae\u4fe1\u56fe\u7247_20201228103823-240x180.jpg 240w, https:\/\/www.agriculture-machine.com\/wp-content\/uploads\/2021\/11\/\u5fae\u4fe1\u56fe\u7247_20201228103823-768x576.jpg 768w, https:\/\/www.agriculture-machine.com\/wp-content\/uploads\/2021\/11\/\u5fae\u4fe1\u56fe\u7247_20201228103823.jpg 1440w\" sizes=\"auto, (max-width: 720px) 100vw, 720px\" \/><figcaption><br>6 s\u0131ral\u0131 manuel benzinli sebze dikim makinesi<\/figcaption><\/figure>    <h2 class=\"wp-block-heading\">Alt\u0131 s\u0131ral\u0131 itme sebze ekicisinin uygulanabilir alanlar\u0131<\/h2>    <h3 class=\"wp-block-heading\"><strong>Uygun arazi<\/strong><\/h3>    <p>da\u011flar, tepeler, seralar, bah\u00e7eler, sebze tarlalar\u0131, kuru arazi vb.<\/p>    <h3 class=\"wp-block-heading\"><strong>Kendi kendine hareket eden sebze dikim makinesinin uygulama alanlar\u0131<\/strong><\/h3>    <p>Paz\u0131, Kara lahana, Brokoli, Hardal, Kereviz, Amaranth, Bok choy, Roka, Yu Choi, Tayvan lahana, Ispanak, Paz\u0131, So\u011fan, P\u0131rasa, Ki\u015fni\u015f, Kan Kong, Napa lahana, Havu\u00e7, Renkli turp, Yabani turp vb.<\/p>    <h3 class=\"wp-block-heading\"><strong>Uygulama alanlar\u0131<\/strong><\/h3>    <p>tar\u0131m, tar\u0131msal ekim.<\/p>    <h2 class=\"wp-block-heading\">Alt\u0131 s\u0131ral\u0131 itme ekicisinin yap\u0131s\u0131<\/h2>    <p>Makine, ana g\u00f6vde, tahrik cihaz\u0131, hendek a\u00e7ma cihaz\u0131 ve ekim cihaz\u0131n\u0131 i\u00e7erir.<\/p>    <p>1. Ana g\u00f6vde, \u00e7er\u00e7eve, \u00f6n tahrik tekerle\u011fi, arka tahrik tekerle\u011fi, sol yan kutu, sa\u011f yan kutu, alt levha, kald\u0131rma \u00e7er\u00e7evesi, \u00f6n koruma \u00e7ubu\u011fu ve kol\u00e7ak i\u00e7erir.<\/p>    <p>2. Alt levha, tahrik cihaz\u0131n\u0131 tutar.<\/p>    <p>3. Kald\u0131rma \u00e7er\u00e7evesinde, ekim cihaz\u0131, sol ve sa\u011f yan kutularla mente\u015felerle ba\u011flanm\u0131\u015ft\u0131r.<\/p>    <p>4. Ekim cihaz\u0131n\u0131n kar\u015f\u0131s\u0131na, \u00e7er\u00e7eveye hendek a\u00e7ma cihaz\u0131n\u0131 kuruyoruz. Bu, ekim s\u0131ras\u0131nda hendek derinli\u011fini kontrol edebilir. Tohumlar\u0131 temizlemek kolayd\u0131r ve tohumlar\u0131 ka\u00e7\u0131rmaz, b\u00f6ylece tohum israf\u0131 olmaz. Ayn\u0131 zamanda, tarlada esnek\u00e7e d\u00f6nebilir veya ah\u0131rlara ve ah\u0131rlara transfer edilebilir.<\/p>    <figure class=\"wp-block-gallery columns-3 is-cropped wp-block-gallery-2 is-layout-flex wp-block-gallery-is-layout-flex\"><ul class=\"blocks-gallery-grid\"><li class=\"blocks-gallery-item\"><figure><img loading=\"lazy\" decoding=\"async\" width=\"720\" height=\"540\" src=\"https:\/\/www.agriculture-machine.com\/wp-content\/uploads\/2021\/11\/\u5fae\u4fe1\u56fe\u7247_20210111140404-720x540.jpg?v=1636712551\" alt=\"\" data-id=\"12117\" data-link=\"https:\/\/www.agriculture-machine.com\/?attachment_id=12117\" class=\"wp-image-12117\" srcset=\"https:\/\/www.agriculture-machine.com\/wp-content\/uploads\/2021\/11\/\u5fae\u4fe1\u56fe\u7247_20210111140404-720x540.jpg 720w, https:\/\/www.agriculture-machine.com\/wp-content\/uploads\/2021\/11\/\u5fae\u4fe1\u56fe\u7247_20210111140404-360x270.jpg 360w, https:\/\/www.agriculture-machine.com\/wp-content\/uploads\/2021\/11\/\u5fae\u4fe1\u56fe\u7247_20210111140404-240x180.jpg 240w, https:\/\/www.agriculture-machine.com\/wp-content\/uploads\/2021\/11\/\u5fae\u4fe1\u56fe\u7247_20210111140404-768x576.jpg 768w, https:\/\/www.agriculture-machine.com\/wp-content\/uploads\/2021\/11\/\u5fae\u4fe1\u56fe\u7247_20210111140404-1536x1152.jpg 1536w, https:\/\/www.agriculture-machine.com\/wp-content\/uploads\/2021\/11\/\u5fae\u4fe1\u56fe\u7247_20210111140404-2048x1536.jpg 2048w\" sizes=\"auto, (max-width: 720px) 100vw, 720px\" \/><\/figure><\/li><li class=\"blocks-gallery-item\"><figure><img loading=\"lazy\" decoding=\"async\" width=\"405\" height=\"540\" src=\"https:\/\/www.agriculture-machine.com\/wp-content\/uploads\/2021\/11\/\u5fae\u4fe1\u56fe\u7247_20210111140314-405x540.jpg?v=1636712725\" alt=\"\" data-id=\"12118\" data-link=\"https:\/\/www.agriculture-machine.com\/?attachment_id=12118\" class=\"wp-image-12118\" srcset=\"https:\/\/www.agriculture-machine.com\/wp-content\/uploads\/2021\/11\/\u5fae\u4fe1\u56fe\u7247_20210111140314-405x540.jpg 405w, https:\/\/www.agriculture-machine.com\/wp-content\/uploads\/2021\/11\/\u5fae\u4fe1\u56fe\u7247_20210111140314-203x270.jpg 203w, https:\/\/www.agriculture-machine.com\/wp-content\/uploads\/2021\/11\/\u5fae\u4fe1\u56fe\u7247_20210111140314-768x1024.jpg 768w, https:\/\/www.agriculture-machine.com\/wp-content\/uploads\/2021\/11\/\u5fae\u4fe1\u56fe\u7247_20210111140314-1152x1536.jpg 1152w, https:\/\/www.agriculture-machine.com\/wp-content\/uploads\/2021\/11\/\u5fae\u4fe1\u56fe\u7247_20210111140314-1536x2048.jpg 1536w, https:\/\/www.agriculture-machine.com\/wp-content\/uploads\/2021\/11\/\u5fae\u4fe1\u56fe\u7247_20210111140314-scaled.jpg 1920w\" sizes=\"auto, (max-width: 405px) 100vw, 405px\" \/><\/figure><\/li><li class=\"blocks-gallery-item\"><figure><img loading=\"lazy\" decoding=\"async\" width=\"405\" height=\"540\" src=\"https:\/\/www.agriculture-machine.com\/wp-content\/uploads\/2021\/11\/\u5fae\u4fe1\u56fe\u7247_202101111403145-405x540.jpg?v=1636712766\" alt=\"\" data-id=\"12119\" data-link=\"https:\/\/www.agriculture-machine.com\/?attachment_id=12119\" class=\"wp-image-12119\" srcset=\"https:\/\/www.agriculture-machine.com\/wp-content\/uploads\/2021\/11\/\u5fae\u4fe1\u56fe\u7247_202101111403145-405x540.jpg 405w, https:\/\/www.agriculture-machine.com\/wp-content\/uploads\/2021\/11\/\u5fae\u4fe1\u56fe\u7247_202101111403145-203x270.jpg 203w, https:\/\/www.agriculture-machine.com\/wp-content\/uploads\/2021\/11\/\u5fae\u4fe1\u56fe\u7247_202101111403145-768x1024.jpg 768w, https:\/\/www.agriculture-machine.com\/wp-content\/uploads\/2021\/11\/\u5fae\u4fe1\u56fe\u7247_202101111403145-1152x1536.jpg 1152w, https:\/\/www.agriculture-machine.com\/wp-content\/uploads\/2021\/11\/\u5fae\u4fe1\u56fe\u7247_202101111403145-1536x2048.jpg 1536w, https:\/\/www.agriculture-machine.com\/wp-content\/uploads\/2021\/11\/\u5fae\u4fe1\u56fe\u7247_202101111403145-scaled.jpg 1920w\" sizes=\"auto, (max-width: 405px) 100vw, 405px\" \/><\/figure><\/li><li class=\"blocks-gallery-item\"><figure><img loading=\"lazy\" decoding=\"async\" width=\"720\" height=\"540\" src=\"https:\/\/www.agriculture-machine.com\/wp-content\/uploads\/2021\/11\/\u5fae\u4fe1\u56fe\u7247_20210111140109-720x540.jpg?v=1636712791\" alt=\"\" data-id=\"12120\" data-link=\"https:\/\/www.agriculture-machine.com\/?attachment_id=12120\" class=\"wp-image-12120\" srcset=\"https:\/\/www.agriculture-machine.com\/wp-content\/uploads\/2021\/11\/\u5fae\u4fe1\u56fe\u7247_20210111140109-720x540.jpg 720w, https:\/\/www.agriculture-machine.com\/wp-content\/uploads\/2021\/11\/\u5fae\u4fe1\u56fe\u7247_20210111140109-360x270.jpg 360w, https:\/\/www.agriculture-machine.com\/wp-content\/uploads\/2021\/11\/\u5fae\u4fe1\u56fe\u7247_20210111140109-240x180.jpg 240w, https:\/\/www.agriculture-machine.com\/wp-content\/uploads\/2021\/11\/\u5fae\u4fe1\u56fe\u7247_20210111140109-768x576.jpg 768w, https:\/\/www.agriculture-machine.com\/wp-content\/uploads\/2021\/11\/\u5fae\u4fe1\u56fe\u7247_20210111140109-1536x1152.jpg 1536w, https:\/\/www.agriculture-machine.com\/wp-content\/uploads\/2021\/11\/\u5fae\u4fe1\u56fe\u7247_20210111140109-2048x1536.jpg 2048w\" sizes=\"auto, (max-width: 720px) 100vw, 720px\" \/><\/figure><\/li><li class=\"blocks-gallery-item\"><figure><img loading=\"lazy\" decoding=\"async\" width=\"720\" height=\"540\" src=\"https:\/\/www.agriculture-machine.com\/wp-content\/uploads\/2021\/11\/\u5fae\u4fe1\u56fe\u7247_202012281038235-1-720x540.jpg?v=1636712819\" alt=\"\" data-id=\"12122\" data-link=\"https:\/\/www.agriculture-machine.com\/?attachment_id=12122\" class=\"wp-image-12122\" srcset=\"https:\/\/www.agriculture-machine.com\/wp-content\/uploads\/2021\/11\/\u5fae\u4fe1\u56fe\u7247_202012281038235-1-720x540.jpg 720w, https:\/\/www.agriculture-machine.com\/wp-content\/uploads\/2021\/11\/\u5fae\u4fe1\u56fe\u7247_202012281038235-1-360x270.jpg 360w, https:\/\/www.agriculture-machine.com\/wp-content\/uploads\/2021\/11\/\u5fae\u4fe1\u56fe\u7247_202012281038235-1-240x180.jpg 240w, https:\/\/www.agriculture-machine.com\/wp-content\/uploads\/2021\/11\/\u5fae\u4fe1\u56fe\u7247_202012281038235-1-768x576.jpg 768w, https:\/\/www.agriculture-machine.com\/wp-content\/uploads\/2021\/11\/\u5fae\u4fe1\u56fe\u7247_202012281038235-1.jpg 1440w\" sizes=\"auto, (max-width: 720px) 100vw, 720px\" \/><\/figure><\/li><li class=\"blocks-gallery-item\"><figure><img loading=\"lazy\" decoding=\"async\" width=\"249\" height=\"540\" src=\"https:\/\/www.agriculture-machine.com\/wp-content\/uploads\/2021\/11\/\u5fae\u4fe1\u56fe\u7247_202101111401094-249x540.jpg?v=1636712835\" alt=\"\" data-id=\"12123\" data-full-url=\"https:\/\/www.agriculture-machine.com\/wp-content\/uploads\/2021\/11\/\u5fae\u4fe1\u56fe\u7247_202101111401094.jpg?v=1636712835\" data-link=\"https:\/\/www.agriculture-machine.com\/?attachment_id=12123\" class=\"wp-image-12123\" srcset=\"https:\/\/www.agriculture-machine.com\/wp-content\/uploads\/2021\/11\/\u5fae\u4fe1\u56fe\u7247_202101111401094-249x540.jpg 249w, https:\/\/www.agriculture-machine.com\/wp-content\/uploads\/2021\/11\/\u5fae\u4fe1\u56fe\u7247_202101111401094-125x270.jpg 125w, https:\/\/www.agriculture-machine.com\/wp-content\/uploads\/2021\/11\/\u5fae\u4fe1\u56fe\u7247_202101111401094-768x1662.jpg 768w, https:\/\/www.agriculture-machine.com\/wp-content\/uploads\/2021\/11\/\u5fae\u4fe1\u56fe\u7247_202101111401094-710x1536.jpg 710w, https:\/\/www.agriculture-machine.com\/wp-content\/uploads\/2021\/11\/\u5fae\u4fe1\u56fe\u7247_202101111401094.jpg 887w\" sizes=\"auto, (max-width: 249px) 100vw, 249px\" \/><\/figure><\/li><\/ul><\/figure>    <h2 class=\"wp-block-heading\">Toptan benzinli sebze dikim makinesinin \u00e7al\u0131\u015fma prensibi <\/h2>    <p>Ekim s\u0131ras\u0131nda makine ekim kontrol sistemiyle tohum say\u0131s\u0131n\u0131 hassas \u015fekilde kontrol ederek, ekim miktar\u0131na g\u00f6re makine mesafeyi belirler ve toprak tabakas\u0131na daha d\u00fczenli tek tohumlar b\u0131rak\u0131r. Fidanlar aras\u0131ndaki mesafe do\u011fal olarak makul olur ve manuel \u00e7\u00f6melme ve seyrelme i\u015f\u00e7ili\u011fi azal\u0131r. Ekim verimlili\u011fi, manuel ekimden en az 15 kat fazlad\u0131r.<\/p>    <p><\/p>    <h2 class=\"wp-block-heading\">Benzinli el tutmal\u0131 sebze dikim makinesinin \u00e7al\u0131\u015fma videosu<\/h2>    <figure class=\"wp-block-embed is-type-video is-provider-youtube wp-block-embed-youtube wp-embed-aspect-16-9 wp-has-aspect-ratio\"><div class=\"wp-block-embed__wrapper\"> <iframe loading=\"lazy\" title=\"Benzinli kendi kendine hareket eden sebze dikim makinesi \/ alt\u0131 s\u0131ral\u0131 itme dikim makinesi\" width=\"500\" height=\"281\" src=\"https:\/\/www.youtube.com\/embed\/xFGatr9bXmw?feature=oembed\" frameborder=\"0\" allow=\"accelerometer; autoplay; clipboard-write; encrypted-media; gyroscope; picture-in-picture; web-share\" referrerpolicy=\"strict-origin-when-cross-origin\" allowfullscreen><\/iframe> <\/div><figcaption>Benzinli el tutmal\u0131 sebze dikim makinesinin \u00e7al\u0131\u015fma videosu <\/figcaption><\/figure>    <h2 class=\"wp-block-heading\">Benzinli el tutmal\u0131 sebze dikim makinesinin avantajlar\u0131<\/h2>    <p>Ekim (s\u0131ra aral\u0131\u011f\u0131, bitki aral\u0131\u011f\u0131, ekim derinli\u011fi, delik ba\u015f\u0131na birka\u00e7 tohum) kontrol edilebilir. Ayr\u0131ca, bu makine, hendek a\u00e7ma, ekim, toprak kaplama ve patlama bas\u0131nc\u0131 i\u015flemlerini ayn\u0131 anda yapabilir, bu da i\u015fg\u00fcc\u00fc tasarrufu sa\u011flar.<\/p>    <p class=\"translation-block\"><strong>\u00d6zellikler:<\/strong><\/p>    <ol class=\"wp-block-list\"><li>Kendi kendine hareket eden dikim makinesi b\u00fcy\u00fck alan operasyonlar\u0131 i\u00e7in uygundur.<\/li><\/ol>    <p>2. K\u00fc\u00e7\u00fck tohumlar\u0131n yo\u011fun ekimi daha iyidir.<\/p>    <p>3. Kullan\u0131m\u0131 basittir ve d\u00f6n\u00fc\u015f kabiliyeti y\u00fcksektir.<\/p>    <p>4. Al\u00fcminyum malzemeden yap\u0131lm\u0131\u015f ekim tekerle\u011fi statik elektrik \u00fcretmez ve tohumlara yap\u0131\u015fmaz. Y\u00fcksek d\u00fczg\u00fcnl\u00fck, hassas ekim ve y\u00fcksek ekim oran\u0131na sahiptir.<\/p>    <p>5. Ekim y\u00f6ntemi: Tekerlek tipi, serbest montaj, \u00e7\u0131kar\u0131labilir, s\u0131ra say\u0131s\u0131n\u0131 art\u0131rmak veya azaltmak i\u00e7in.<\/p>    <p>6. S\u0131k\u0131\u015ft\u0131rma tekerle\u011fi, yap\u0131\u015fkan olmayan topraklar i\u00e7in tasarlanm\u0131\u015ft\u0131r ve diren\u00e7 azalt\u0131l\u0131r, \u00f6n ve arka tekerlekli ekim daha az emek gerektirir.<\/p>    <p>7. Her iki taraf da hareketli kau\u00e7uk tekerleklerle donat\u0131lm\u0131\u015ft\u0131r, bu da dikim makinesinin depoya kolayca ta\u015f\u0131nmas\u0131n\u0131 sa\u011flar.<\/p>    <h2 class=\"wp-block-heading\">Benzinli kendi kendine hareket eden sebze dikim makinesinin bak\u0131m\u0131n\u0131 nas\u0131l yapmal\u0131<\/h2>    <p>1. Benzinli kendi kendine hareket eden sebze dikim makinesinin t\u00fcm par\u00e7alar\u0131ndaki toprak temizli\u011fi.<\/p>    <p>2. G\u00fcbre kutusundan tohumlar\u0131 \u00e7\u0131kar\u0131n.<\/p>    <p>3. Dikim makinesinin hasar g\u00f6rm\u00fc\u015f ve a\u015f\u0131nm\u0131\u015f par\u00e7alar\u0131n\u0131 kontrol edin, gerekirse de\u011fi\u015ftirin veya tamir edin. Boya soyulmu\u015fsa, yeniden boyay\u0131n.<\/p>    <p>4. Makine uzun s\u00fcre sakland\u0131ktan sonra, \u00f6n\u00fcm\u00fczdeki sezon ekiminden \u00f6nce, makineyi bak\u0131m ve onar\u0131m yaparak, ekipman\u0131 sa\u011fl\u0131kl\u0131 tutmak gerekir.<\/p>    <figure class=\"wp-block-image size-large\"><img loading=\"lazy\" decoding=\"async\" width=\"720\" height=\"540\" src=\"https:\/\/www.agriculture-machine.com\/wp-content\/uploads\/2021\/11\/\u5fae\u4fe1\u56fe\u7247_202101111403146-720x540.jpg?v=1636713138\" alt=\"\" class=\"wp-image-12125\" srcset=\"https:\/\/www.agriculture-machine.com\/wp-content\/uploads\/2021\/11\/\u5fae\u4fe1\u56fe\u7247_202101111403146-720x540.jpg 720w, https:\/\/www.agriculture-machine.com\/wp-content\/uploads\/2021\/11\/\u5fae\u4fe1\u56fe\u7247_202101111403146-360x270.jpg 360w, https:\/\/www.agriculture-machine.com\/wp-content\/uploads\/2021\/11\/\u5fae\u4fe1\u56fe\u7247_202101111403146-240x180.jpg 240w, https:\/\/www.agriculture-machine.com\/wp-content\/uploads\/2021\/11\/\u5fae\u4fe1\u56fe\u7247_202101111403146-768x576.jpg 768w, https:\/\/www.agriculture-machine.com\/wp-content\/uploads\/2021\/11\/\u5fae\u4fe1\u56fe\u7247_202101111403146-1536x1152.jpg 1536w, https:\/\/www.agriculture-machine.com\/wp-content\/uploads\/2021\/11\/\u5fae\u4fe1\u56fe\u7247_202101111403146-2048x1536.jpg 2048w\" sizes=\"auto, (max-width: 720px) 100vw, 720px\" \/><\/figure>    <h2 class=\"wp-block-heading\">Manuel benzinli sebze dikim makinesinin kullan\u0131m\u0131 i\u00e7in \u00f6nlemler<\/h2>    <ol class=\"wp-block-list\"><li>Kuru ve havaland\u0131rmal\u0131 bir depoda veya ah\u0131rda manuel benzinli sebze ekicisini saklay\u0131n. A\u00e7\u0131k havada saklamaktan ka\u00e7\u0131n\u0131n.<\/li><\/ol>    <p>2. Saklama s\u0131ras\u0131nda, raf\u0131 sa\u011flam tutun. A\u00e7\u0131c\u0131 ve kapa\u011f\u0131 plaka ile destekleyin ve do\u011frudan yere temas ettirmeyin. A\u00e7\u0131c\u0131daki yayl\u0131 yay gev\u015fek olmal\u0131 ve serbest durumda tutulmal\u0131d\u0131r.<\/p>    <p>3. Toprak \u00e7al\u0131\u015fma par\u00e7alar\u0131 (a\u00e7\u0131c\u0131lar gibi) temizlendikten sonra, paslanmay\u0131 \u00f6nlemek i\u00e7in \u00fczerine tereya\u011f\u0131 veya at\u0131k motor ya\u011f\u0131 s\u00fcr\u00fcn.<\/p>    <p>4. Dikim s\u0131ras\u0131nda, makineyi ayarlamak, tamir etmek ve ya\u011flamak kesinlikle yasakt\u0131r.<\/p>    <p>5. Operat\u00f6r, operasyon s\u0131ras\u0131nda her zaman dikim makinesinin \u00e7al\u0131\u015fma durumunu g\u00f6zlemlemelidir. Ayr\u0131ca, tohum say\u0131m cihaz\u0131n\u0131n tohum ekip etmedi\u011fine, tohum borusunun t\u0131kal\u0131 olup olmad\u0131\u011f\u0131na ve tohum kutusunda yeterli tohum olup olmad\u0131\u011f\u0131na dikkat etmelidir.<\/p>    <p>6. Tohumlar pestisitlerle kar\u0131\u015ft\u0131r\u0131ld\u0131\u011f\u0131nda, dikim makineleri eldiven, maske, g\u00f6zl\u00fck gibi koruyucu ara\u00e7lar giymelidir.<\/p>    <p>7. Operasyon s\u0131ras\u0131nda, makine ve ara\u00e7lar\u0131n bak\u0131m\u0131 ve temizlik yap\u0131lmal\u0131, makine park halinde ve stabil olmal\u0131d\u0131r.<\/p>","protected":false},"excerpt":{"rendered":"<p>Kendi kendine hareketli sebze ekicisi, geni\u015f alanl\u0131 operasyonlar i\u00e7in uygundur. Ve bu makine ayn\u0131 anda hendekleme, tohum ekme, topra\u011f\u0131n kapat\u0131lmas\u0131 ve bas\u0131n\u00e7 patlatma i\u015flemlerini tamamlayabilir. Makinenin kendi g\u00fcc\u00fc vard\u0131r, manuel \u00e7al\u0131\u015fmas\u0131 kolayd\u0131r ve verimlidir.<\/p>","protected":false},"author":1,"featured_media":12115,"parent":0,"comment_status":"closed","ping_status":"closed","template":"","tags":[492,484],"product-type":[885],"class_list":["post-12112","product","type-product","status-publish","has-post-thumbnail","hentry","tag-planter","tag-vegetable","product-type-vegetable-planter"],"_links":{"self":[{"href":"https:\/\/www.agriculture-machine.com\/tr\/wp-json\/wp\/v2\/product\/12112","targetHints":{"allow":["GET"]}}],"collection":[{"href":"https:\/\/www.agriculture-machine.com\/tr\/wp-json\/wp\/v2\/product"}],"about":[{"href":"https:\/\/www.agriculture-machine.com\/tr\/wp-json\/wp\/v2\/types\/product"}],"author":[{"embeddable":true,"href":"https:\/\/www.agriculture-machine.com\/tr\/wp-json\/wp\/v2\/users\/1"}],"replies":[{"embeddable":true,"href":"https:\/\/www.agriculture-machine.com\/tr\/wp-json\/wp\/v2\/comments?post=12112"}],"wp:featuredmedia":[{"embeddable":true,"href":"https:\/\/www.agriculture-machine.com\/tr\/wp-json\/wp\/v2\/media\/12115"}],"wp:attachment":[{"href":"https:\/\/www.agriculture-machine.com\/tr\/wp-json\/wp\/v2\/media?parent=12112"}],"wp:term":[{"taxonomy":"post_tag","embeddable":true,"href":"https:\/\/www.agriculture-machine.com\/tr\/wp-json\/wp\/v2\/tags?post=12112"},{"taxonomy":"product-type","embeddable":true,"href":"https:\/\/www.agriculture-machine.com\/tr\/wp-json\/wp\/v2\/product-type?post=12112"}],"curies":[{"name":"wp","href":"https:\/\/api.w.org\/{rel}","templated":true}]}}