{"id":12134,"date":"2021-11-19T15:10:56","date_gmt":"2021-11-19T07:10:56","guid":{"rendered":"https:\/\/www.agriculture-machine.com\/?p=12134"},"modified":"2026-03-20T16:15:41","modified_gmt":"2026-03-20T08:15:41","slug":"automatic-square-straw-picking-and-strapping-machine","status":"publish","type":"product","link":"https:\/\/www.agriculture-machine.com\/tr\/automatic-square-straw-picking-and-strapping-machine\/","title":{"rendered":"Otomatik Kare Saman Toplama ve Ba\u011flama Makinesi"},"content":{"rendered":"<p>Otomatik kare saman toplama ve bantlama makinesi, bir trakt\u00f6rle birlikte \u00e7al\u0131\u015farak yem, soya fasulyesi, pirin\u00e7 saman\u0131, bu\u011fday, m\u0131s\u0131r ve di\u011fer \u00fcr\u00fcn saplar\u0131n\u0131n toplanmas\u0131 ve paketlenmesini tamamlar.<\/p>    <p>The resulting bales are small, compact, loose inside, and tight outside. Also, the bale has good air permeability, which makes it easy to transport and store. The machine has a baling rate of over 99%.<\/p>    <figure class=\"wp-block-embed aligncenter is-type-video is-provider-youtube wp-block-embed-youtube wp-embed-aspect-16-9 wp-has-aspect-ratio\"><div class=\"wp-block-embed__wrapper\"> <iframe loading=\"lazy\" title=\"Verimli Toplama ve Balyalama Entegrasyonu! Sat\u0131l\u0131k Kare Ot Balyalay\u0131c\u0131\" width=\"500\" height=\"281\" src=\"https:\/\/www.youtube.com\/embed\/VuYooF-GE2I?start=54&#038;feature=oembed\" frameborder=\"0\" allow=\"accelerometer; autoplay; clipboard-write; encrypted-media; gyroscope; picture-in-picture; web-share\" referrerpolicy=\"strict-origin-when-cross-origin\" allowfullscreen><\/iframe> <\/div><figcaption class=\"wp-element-caption\">Geni\u015f tarla alan\u0131nda saman balyalama makinesinin verimli saman toplama sahnesi.<\/figcaption><\/figure>    <p>Bu makinenin yayg\u0131nla\u015ft\u0131r\u0131lmas\u0131, saman geri d\u00f6n\u00fc\u015f\u00fcm\u00fcn\u00fcn \u00e7\u00f6z\u00fcm\u00fcnde b\u00fcy\u00fck rol oynam\u0131\u015ft\u0131r. Ayr\u0131ca k\u0131rsal alanlarda saman yakma nedeniyle olu\u015fan \u00e7evresel ko\u015fullar\u0131 iyile\u015ftirir. Bu, saman kullan\u0131m kalitesini art\u0131r\u0131r. <\/p>    <p>Yem toplama ve paketleme i\u00e7in ideal ekipmand\u0131r. Bu makinenin piyasaya s\u00fcr\u00fclmesinden bu yana, \u00e7ift\u00e7ilerin favori makinesi olmu\u015ftur. Ve bir servet kazanmak i\u00e7in iyi bir yard\u0131mc\u0131d\u0131r.<\/p>    <p class=\"translation-block\">Ya\u015f yem balyalama ve muhafaza i\u00e7in, bizim <strong><a href=\"https:\/\/www.agriculture-machine.com\/tr\/full-automatic-silage-baling-machine\/\">silaj balyalay\u0131c\u0131<\/a><\/strong> kullanabilirsiniz.<\/p>    <figure class=\"wp-block-image aligncenter size-large\"><img loading=\"lazy\" decoding=\"async\" width=\"720\" height=\"540\" src=\"https:\/\/www.agriculture-machine.com\/wp-content\/uploads\/2021\/11\/f0a30682d1d11e67c29d2a87d5b9e75-720x540.jpg?v=1637292670\" alt=\"Otomatik kare saman toplama ve bantlama makinesi\" class=\"wp-image-12140\" srcset=\"https:\/\/www.agriculture-machine.com\/wp-content\/uploads\/2021\/11\/f0a30682d1d11e67c29d2a87d5b9e75-720x540.jpg 720w, https:\/\/www.agriculture-machine.com\/wp-content\/uploads\/2021\/11\/f0a30682d1d11e67c29d2a87d5b9e75-360x270.jpg 360w, https:\/\/www.agriculture-machine.com\/wp-content\/uploads\/2021\/11\/f0a30682d1d11e67c29d2a87d5b9e75-240x180.jpg 240w, https:\/\/www.agriculture-machine.com\/wp-content\/uploads\/2021\/11\/f0a30682d1d11e67c29d2a87d5b9e75-768x576.jpg 768w, https:\/\/www.agriculture-machine.com\/wp-content\/uploads\/2021\/11\/f0a30682d1d11e67c29d2a87d5b9e75-1536x1152.jpg 1536w, https:\/\/www.agriculture-machine.com\/wp-content\/uploads\/2021\/11\/f0a30682d1d11e67c29d2a87d5b9e75-2048x1536.jpg 2048w\" sizes=\"auto, (max-width: 720px) 100vw, 720px\" \/><figcaption class=\"wp-element-caption\">Kare toplama ve bantlama makinesi<\/figcaption><\/figure>    <h2 class=\"wp-block-heading\">Saman toplay\u0131c\u0131 balya geri d\u00f6n\u00fc\u015f\u00fcm makinesi balya detaylar\u0131<\/h2>    <p>Bu otomatik kare saman toplama ve bantlama makinesi, toplam yakla\u015f\u0131k 1.000 balya yapmak i\u00e7in iki adet plastik iplik paketi kullan\u0131r, saatte 15-20 balya tamamlar.<\/p>    <figure class=\"wp-block-image aligncenter size-full\"><img loading=\"lazy\" decoding=\"async\" width=\"720\" height=\"540\" src=\"https:\/\/www.agriculture-machine.com\/wp-content\/uploads\/2021\/11\/silage-harvester-baler-plastic-rope.webp\" alt=\"Silaj hasat makinesi plastik iplikli balya\" class=\"wp-image-15607\" srcset=\"https:\/\/www.agriculture-machine.com\/wp-content\/uploads\/2021\/11\/silage-harvester-baler-plastic-rope.webp 720w, https:\/\/www.agriculture-machine.com\/wp-content\/uploads\/2021\/11\/silage-harvester-baler-plastic-rope-360x270.webp 360w, https:\/\/www.agriculture-machine.com\/wp-content\/uploads\/2021\/11\/silage-harvester-baler-plastic-rope-240x180.webp 240w\" sizes=\"auto, (max-width: 720px) 100vw, 720px\" \/><figcaption class=\"wp-element-caption\">Silaj hasat makinesi plastik iplikli balya<\/figcaption><\/figure>    <p>Makinenin maksimum hasat geni\u015fli\u011fi 2 metre, balya boyutu 114*40*30cm ve her balyan\u0131n a\u011f\u0131rl\u0131\u011f\u0131 25-35kg'dir. A\u015fa\u011f\u0131daki gibi basit bir balya sarmalama makinesi ile donat\u0131labilir.<\/p>    <figure class=\"wp-block-image aligncenter size-full\"><img loading=\"lazy\" decoding=\"async\" width=\"720\" height=\"540\" src=\"https:\/\/www.agriculture-machine.com\/wp-content\/uploads\/2021\/11\/silage-bale-wrapping-machine.webp\" alt=\"Silaj balyas\u0131 sarmalama makinesi\" class=\"wp-image-15600\" srcset=\"https:\/\/www.agriculture-machine.com\/wp-content\/uploads\/2021\/11\/silage-bale-wrapping-machine.webp 720w, https:\/\/www.agriculture-machine.com\/wp-content\/uploads\/2021\/11\/silage-bale-wrapping-machine-360x270.webp 360w, https:\/\/www.agriculture-machine.com\/wp-content\/uploads\/2021\/11\/silage-bale-wrapping-machine-240x180.webp 240w\" sizes=\"auto, (max-width: 720px) 100vw, 720px\" \/><figcaption class=\"wp-element-caption\">Silaj balyas\u0131 sarmalama makinesi<\/figcaption><\/figure>    <h2 class=\"wp-block-heading\">Otomatik kare saman toplama ve bantlama makinesi yap\u0131s\u0131<\/h2>    <p>Saman toplama ve balyalama makinesinin bile\u015fenleri: Bir \u00e7eki\u015f kiri\u015fi, bir toplay\u0131c\u0131, bir vida konvey\u00f6r\u00fc, bir besleme mekanizmas\u0131, bir piston, bir balyalama odas\u0131, bir balyalama mekanizmas\u0131, bir bale yo\u011funlu\u011fu ayar cihaz\u0131 ve bir transmisyon sistemi.<\/p>    <ul class=\"wp-block-list\"> <li>Toplay\u0131c\u0131n\u0131n g\u00f6revi, yere serili ot \u015feritlerini toplamakt\u0131r. Ve sonra besleme platformunu kald\u0131r\u0131r. Toplay\u0131c\u0131, d\u00f6rt s\u0131ral\u0131 yay di\u015fli silindir yap\u0131s\u0131 kullan\u0131r.<\/li>    <li>Ta\u015f\u0131ma ve besleme mekanizmas\u0131n\u0131n g\u00f6revi, malzemeleri yanlara toplamak ve sonra balyalama odas\u0131na beslemektir. Ayr\u0131ca bir vida konvey\u00f6r\u00fc ve besleme \u00e7atal mekanizmas\u0131 i\u00e7erir.<\/li>    <li>Piston ve balyalama odas\u0131n\u0131n fonksiyonu, malzemeyi s\u0131k\u0131\u015ft\u0131rmakt\u0131r. Ve sonra balyalama odas\u0131na beslenir. Piston, krank ba\u011flant\u0131 kolu mekanizmas\u0131d\u0131r. Ba\u011flama odas\u0131, kaynakl\u0131 \u00e7elik levhalardan olu\u015fan dikd\u00f6rtgen bir bo\u015fluktur.<\/li>    <li>Bale yo\u011funlu\u011fu kontrol cihaz\u0131n\u0131n g\u00f6revi, bale yo\u011funlu\u011funu ayarlamakt\u0131r. Yem t\u00fcr\u00fcne ve nem oran\u0131na g\u00f6re, operat\u00f6r yay gerilimini ayarlayarak uygun s\u0131k\u0131l\u0131kta bale elde edebilir.<\/li> <\/ul>    <figure class=\"wp-block-image aligncenter size-large is-resized\"><img loading=\"lazy\" decoding=\"async\" width=\"498\" height=\"540\" src=\"https:\/\/www.agriculture-machine.com\/wp-content\/uploads\/2021\/11\/XQ_14-498x540.jpg?v=1637292715\" alt=\"\" class=\"wp-image-12141\" srcset=\"https:\/\/www.agriculture-machine.com\/wp-content\/uploads\/2021\/11\/XQ_14-498x540.jpg 498w, https:\/\/www.agriculture-machine.com\/wp-content\/uploads\/2021\/11\/XQ_14-249x270.jpg 249w, https:\/\/www.agriculture-machine.com\/wp-content\/uploads\/2021\/11\/XQ_14.jpg 750w\" sizes=\"auto, (max-width: 498px) 100vw, 498px\" \/><figcaption class=\"wp-element-caption\"> Otomatik kare saman toplama ve bantlama makinesinin yap\u0131s\u0131 <\/figcaption><\/figure>    <h2 class=\"wp-block-heading\">Saman toplama ve balyalama makinesinin \u00e7al\u0131\u015fma prensibi<\/h2>   <div id=\"rank-math-howto\" class=\"rank-math-block\" > <div class=\"rank-math-howto-description\">  <p>Automatic square straw picking and strapping machine work through the tractor&#8217;s powder. In the process of field operations, the spring teeth of the picker pick up the ground grass strips.<\/p>  <\/div>  <div class=\"rank-math-steps\"> <div id=\"howto-step-1723021088729\" class=\"rank-math-step\"> <div class=\"rank-math-step-content\"><p>Simetrik vida konvey\u00f6r\u00fc, malzemeyi platformun her iki taraf\u0131ndan besleme giri\u015fine iter.<\/p> <\/div> <\/div> <div id=\"howto-step-1723021129739\" class=\"rank-math-step\"> <div class=\"rank-math-step-content\"><p>Besleme \u00e7atal\u0131, \u00e7al\u0131\u015fma s\u0131ras\u0131nda, besleme giri\u015fine birikmi\u015f samanlar\u0131 balyalama odas\u0131na ekleyecektir. Pistonun yukar\u0131 do\u011fru hareketi alt\u0131nda, saman yava\u015f yava\u015f s\u0131k\u0131\u015ft\u0131r\u0131l\u0131r.<\/p> <\/div> <\/div> <div id=\"howto-step-1723021134530\" class=\"rank-math-step\"> <div class=\"rank-math-step-content\"><p>Bale uzunlu\u011fu ayarlanm\u0131\u015f uzunlu\u011fa ula\u015ft\u0131\u011f\u0131nda, ba\u011flama mekanizmas\u0131 debriyaj\u0131 ba\u011flama i\u015flemini ba\u015flat\u0131r. D\u00fc\u011f\u00fcm atma s\u0131ras\u0131nda, iki iplik paketi balyay\u0131 sarar.<\/p> <\/div> <\/div> <div id=\"howto-step-1723021141074\" class=\"rank-math-step\"> <div class=\"rank-math-step-content\"><p>Daha sonra, sonraki malzemeler, balyalama odas\u0131n\u0131n \u00e7\u0131k\u0131\u015f\u0131na do\u011fru yava\u015f yava\u015f paketlenmi\u015f balyalar\u0131 iter. Ve sonra balyalama plakas\u0131 arac\u0131l\u0131\u011f\u0131yla yere d\u00fc\u015fer.<\/p> <\/div> <\/div> <\/div> <\/div>       <figure class=\"wp-block-embed aligncenter is-type-video is-provider-youtube wp-block-embed-youtube wp-embed-aspect-4-3 wp-has-aspect-ratio\"><div class=\"wp-block-embed__wrapper\"> <iframe loading=\"lazy\" title=\"Otomatik kare saman toplama ve bantlama makinesi\" width=\"500\" height=\"375\" src=\"https:\/\/www.youtube.com\/embed\/SpJXV_r_7yE?feature=oembed\" frameborder=\"0\" allow=\"accelerometer; autoplay; clipboard-write; encrypted-media; gyroscope; picture-in-picture; web-share\" referrerpolicy=\"strict-origin-when-cross-origin\" allowfullscreen><\/iframe> <\/div><figcaption class=\"wp-element-caption\">Saman\u0131 d\u00fczenli ve d\u00fczg\u00fcn bir \u015fekilde s\u0131k\u0131\u015ft\u0131r\u0131lm\u0131\u015f par\u00e7alara d\u00f6n\u00fc\u015ft\u00fcr\u00fcr.<\/figcaption><\/figure>    <h2 class=\"wp-block-heading\">Kare saman toplay\u0131c\u0131 ve balya makinesi parametreleri<\/h2>    <figure class=\"wp-block-table is-style-stripes\"><table><tbody><tr><td>Model<\/td><td>Toplay\u0131c\u0131 ile<\/td><td>Toplay\u0131c\u0131 yap\u0131 tipi<\/td><td>D\u00fc\u011f\u00fcm at\u0131c\u0131 tipi<\/td><td>D\u00fc\u011f\u00fcm at\u0131c\u0131 say\u0131s\u0131<\/td><td>Birlestirilmi\u015f pistonun tekrarlama s\u00fcreleri<\/td><td>Boyutlar<\/td><td>Destek g\u00fcc\u00fc<\/td><\/tr><tr><td>9YFQ-2.2<\/td><td>2240mm<\/td><td>Yay di\u015fi<\/td><td>D<\/td><td>2<\/td><td>100\/dakika<\/td><td>4150*2850*1800mm<\/td><td>\u226536.7kw<\/td><\/tr><\/tbody><\/table><figcaption class=\"wp-element-caption\">Otomatik m\u0131s\u0131r sap\u0131 toplama ve bantlama makinesi parametreleri <\/figcaption><\/figure>    <figure class=\"wp-block-image aligncenter size-large is-resized\"><img loading=\"lazy\" decoding=\"async\" width=\"538\" height=\"540\" src=\"https:\/\/www.agriculture-machine.com\/wp-content\/uploads\/2021\/11\/XQ_05-538x540.jpg?v=1637292767\" alt=\"\" class=\"wp-image-12142\" srcset=\"https:\/\/www.agriculture-machine.com\/wp-content\/uploads\/2021\/11\/XQ_05-538x540.jpg 538w, https:\/\/www.agriculture-machine.com\/wp-content\/uploads\/2021\/11\/XQ_05-269x270.jpg 269w, https:\/\/www.agriculture-machine.com\/wp-content\/uploads\/2021\/11\/XQ_05.jpg 750w\" sizes=\"auto, (max-width: 538px) 100vw, 538px\" \/><figcaption class=\"wp-element-caption\"> Saman toplama ve balyalama makinesi <\/figcaption><\/figure>    <h2 class=\"wp-block-heading\">Saman balyalama bi\u00e7erd\u00f6verinin ana \u00f6zellikleri<\/h2>    <ol class=\"wp-block-list\"> <li>Knotting device imported from Germany (Rasboa, Germany producing). The automatic square straw picking and strapping machine has high bundling density, and the bundling rate is as high as 99%.<\/li>    <li>T\u00fcm makine, uzunlamas\u0131na eksenin simetrik yap\u0131 tasar\u0131m\u0131n\u0131 benimser: orta montajl\u0131 \u00e7eki\u015f, iyi s\u00fcr\u00fc\u015f stabilitesi ve k\u00fc\u00e7\u00fck d\u00f6n\u00fc\u015f yar\u0131\u00e7ap\u0131.<\/li>    <li>H\u00fccreli bir vida yap\u0131s\u0131 kullanarak \u00fcr\u00fcn\u00fcn beslenmesini daha d\u00fczg\u00fcn hale getirir. Birikinti ve dola\u015fma olmaz.<\/li>    <li>\u00c7ift tarafl\u0131 frenli paketleme s\u00f6n\u00fcmleme cihaz\u0131, paketleme hareketini daha stabil hale getirir. \u00c7ift s\u0131ral\u0131 zincir, makineyi a\u011f\u0131r hizmet tipi paketleme i\u015flemlerine daha uygun hale getirir. Geni\u015f kesitli lastikler, y\u00fcr\u00fcme operasyonunu daha stabil yapar. <\/li>    <li>Depolama alan\u0131n\u0131 b\u00fcy\u00fck \u00f6l\u00e7\u00fcde azaltabilir, ta\u015f\u0131ma kapasitesini art\u0131rabilir ve yang\u0131n olas\u0131l\u0131\u011f\u0131n\u0131 azaltabilir.<\/li>    <li>Kolay saklama. Paketlenmi\u015f otun hacmi, paketlenmemi\u015f otun iki \u00fc\u00e7te biri kadard\u0131r, bu da mera alan\u0131n\u0131 b\u00fcy\u00fck \u00f6l\u00e7\u00fcde azaltabilir.<\/li>    <li>Y\u00fckleme, bo\u015faltma ve ta\u015f\u0131ma i\u00e7in uygundur. Makine, ta\u015f\u0131ma arac\u0131n\u0131n ta\u015f\u0131ma kapasitesinden tam anlam\u0131yla yararlanabilir. Genellikle, ta\u015f\u0131ma kapasitesi 2-3 kat artabilir. Ayr\u0131ca, i\u015f\u00e7ilik ve ta\u015f\u0131ma maliyetlerini P'den fazla tasarruf edebilir.<\/li> <\/ol>    <figure class=\"wp-block-image aligncenter size-full\"><img loading=\"lazy\" decoding=\"async\" width=\"720\" height=\"540\" src=\"https:\/\/www.agriculture-machine.com\/wp-content\/uploads\/2021\/11\/automatic-square-straw-picking-and-strapping-machine.webp\" alt=\"Otomatik kare saman toplama ve bantlama makinesi\" class=\"wp-image-15604\" srcset=\"https:\/\/www.agriculture-machine.com\/wp-content\/uploads\/2021\/11\/automatic-square-straw-picking-and-strapping-machine.webp 720w, https:\/\/www.agriculture-machine.com\/wp-content\/uploads\/2021\/11\/automatic-square-straw-picking-and-strapping-machine-360x270.webp 360w, https:\/\/www.agriculture-machine.com\/wp-content\/uploads\/2021\/11\/automatic-square-straw-picking-and-strapping-machine-240x180.webp 240w\" sizes=\"auto, (max-width: 720px) 100vw, 720px\" \/><figcaption class=\"wp-element-caption\">Otomatik kare saman toplama ve bantlama makinesi<\/figcaption><\/figure>    <figure class=\"wp-block-image aligncenter size-large\"><img loading=\"lazy\" decoding=\"async\" width=\"665\" height=\"540\" src=\"https:\/\/www.agriculture-machine.com\/wp-content\/uploads\/2021\/11\/XQ_17-665x540.jpg?v=1637292853\" alt=\"Saman balyalama makinesi geri d\u00f6n\u00fc\u015f\u00fcm uygulamas\u0131\" class=\"wp-image-12144\" srcset=\"https:\/\/www.agriculture-machine.com\/wp-content\/uploads\/2021\/11\/XQ_17-665x540.jpg 665w, https:\/\/www.agriculture-machine.com\/wp-content\/uploads\/2021\/11\/XQ_17-333x270.jpg 333w, https:\/\/www.agriculture-machine.com\/wp-content\/uploads\/2021\/11\/XQ_17.jpg 750w\" sizes=\"auto, (max-width: 665px) 100vw, 665px\" \/><figcaption class=\"wp-element-caption\">Saman balyalama makinesi geri d\u00f6n\u00fc\u015f\u00fcm uygulamas\u0131<\/figcaption><\/figure>    <h2 class=\"wp-block-heading\">\u0130stedi\u011finiz zaman bizimle ileti\u015fime ge\u00e7in<\/h2>    <p>Bu makale, otomatik kare saman toplama ve bantlama makinemiz hakk\u0131nda bilgi vermektedir. Herhangi bir sorunuz veya bu makine hakk\u0131nda detayl\u0131 bilgiye ihtiyac\u0131n\u0131z varsa, l\u00fctfen profesyonel ekibimizle ileti\u015fime ge\u00e7mekten \u00e7ekinmeyin. Sa\u011fdaki mesaj formu arac\u0131l\u0131\u011f\u0131yla \u00f6zel ihtiya\u00e7lar\u0131n\u0131z\u0131 bize iletebilirsiniz. Saman geri d\u00f6n\u00fc\u015f\u00fcm program\u0131n\u0131z i\u00e7in uygun ekipman\u0131 sa\u011flamay\u0131 umuyoruz.<\/p>","protected":false},"excerpt":{"rendered":"<p>Otomatik kare saman toplama ve bantlama makinesi, trakt\u00f6rle birlikte \u00e7al\u0131\u015fabilir. Tarla operasyonlar\u0131 s\u0131ras\u0131nda, toplay\u0131c\u0131n\u0131n yay di\u015fleri yerden ot \u015feritlerini toplar. Bu makinenin yap\u0131s\u0131, \u00e7al\u0131\u015fma prensibi ve videosu detayl\u0131 olarak anlat\u0131lmaktad\u0131r.<\/p>","protected":false},"author":1,"featured_media":17575,"parent":0,"comment_status":"closed","ping_status":"closed","template":"","tags":[591],"product-type":[876,908],"class_list":["post-12134","product","type-product","status-publish","has-post-thumbnail","hentry","tag-silage","product-type-silage-machine","product-type-sliage-baler"],"_links":{"self":[{"href":"https:\/\/www.agriculture-machine.com\/tr\/wp-json\/wp\/v2\/product\/12134","targetHints":{"allow":["GET"]}}],"collection":[{"href":"https:\/\/www.agriculture-machine.com\/tr\/wp-json\/wp\/v2\/product"}],"about":[{"href":"https:\/\/www.agriculture-machine.com\/tr\/wp-json\/wp\/v2\/types\/product"}],"author":[{"embeddable":true,"href":"https:\/\/www.agriculture-machine.com\/tr\/wp-json\/wp\/v2\/users\/1"}],"replies":[{"embeddable":true,"href":"https:\/\/www.agriculture-machine.com\/tr\/wp-json\/wp\/v2\/comments?post=12134"}],"wp:featuredmedia":[{"embeddable":true,"href":"https:\/\/www.agriculture-machine.com\/tr\/wp-json\/wp\/v2\/media\/17575"}],"wp:attachment":[{"href":"https:\/\/www.agriculture-machine.com\/tr\/wp-json\/wp\/v2\/media?parent=12134"}],"wp:term":[{"taxonomy":"post_tag","embeddable":true,"href":"https:\/\/www.agriculture-machine.com\/tr\/wp-json\/wp\/v2\/tags?post=12134"},{"taxonomy":"product-type","embeddable":true,"href":"https:\/\/www.agriculture-machine.com\/tr\/wp-json\/wp\/v2\/product-type?post=12134"}],"curies":[{"name":"wp","href":"https:\/\/api.w.org\/{rel}","templated":true}]}}