{"id":12170,"date":"2021-11-20T16:23:34","date_gmt":"2021-11-20T08:23:34","guid":{"rendered":"https:\/\/www.agriculture-machine.com\/?p=12170"},"modified":"2026-03-20T16:33:56","modified_gmt":"2026-03-20T08:33:56","slug":"round-straw-harvester-and-baler-machine-picking-and-bundling-machine","status":"publish","type":"product","link":"https:\/\/www.agriculture-machine.com\/tr\/round-silage-straw-harvester-and-baler-machine-picking-and-bundling-machine\/","title":{"rendered":"Yuvarlak Silaj Saman Hasat ve Ba\u011flama Makinesi, Toplama ve Ba\u011flama Makinesi"},"content":{"rendered":"<p>Yuvarlak saman hasad\u0131 ve balyalama makinesi, birden fazla fonksiyonu tek bir birimde birle\u015ftirir, alan saman\u0131n\u0131 par\u00e7alama, toplama ve balyalama i\u015flemlerini tek ge\u00e7i\u015fte yapabilir, b\u00f6ylece i\u015f\u00e7ilik ve ta\u015f\u0131ma maliyetlerini \u00f6nemli \u00f6l\u00e7\u00fcde azalt\u0131r. <\/p>    <p>Kompakt ve ak\u0131c\u0131 tasar\u0131m\u0131, kolay kullan\u0131m ve y\u00fcksek verimlilik sa\u011flar, farkl\u0131 b\u00fcy\u00fckl\u00fckte \u00e7iftlikler ve karma\u015f\u0131k arazi yap\u0131lar\u0131 i\u00e7in uygundur. M\u0131s\u0131r saplar\u0131, bu\u011fday saman\u0131, yonca, pamuk saplar\u0131 veya di\u011fer \u00fcr\u00fcn art\u0131klar\u0131 i\u015flenebilir, bu ekipman h\u0131zl\u0131 ve verimli hasat ve balyalama sa\u011flar. \u00c7ift\u00e7iler, hayvanc\u0131l\u0131k i\u015fletmeleri ve saman yak\u0131tl\u0131 enerji santralleri i\u00e7in g\u00fcvenilir bir hammadde kayna\u011f\u0131 sunar.<\/p>    <figure class=\"wp-block-embed aligncenter is-type-video is-provider-youtube wp-block-embed-youtube wp-embed-aspect-16-9 wp-has-aspect-ratio\"><div class=\"wp-block-embed__wrapper\"> <iframe loading=\"lazy\" title=\"Saman k\u0131rma ve balyalama makinesi | Saman kesme k\u0131r\u0131c\u0131 ve balyalama makinesi \u00e7al\u0131\u015fma alan\u0131\" width=\"500\" height=\"281\" src=\"https:\/\/www.youtube.com\/embed\/zbVtbyUgH64?feature=oembed\" frameborder=\"0\" allow=\"accelerometer; autoplay; clipboard-write; encrypted-media; gyroscope; picture-in-picture; web-share\" referrerpolicy=\"strict-origin-when-cross-origin\" allowfullscreen><\/iframe> <\/div><figcaption class=\"wp-element-caption\">Saman hasad\u0131 ve balyalama makinesinin \u00e7al\u0131\u015fma videosu<\/figcaption><\/figure>    <h2 class=\"wp-block-heading\">Yuvarlak saman hasad\u0131 ve balyalama makinesi uygulama alan\u0131<\/h2>    <p>Silaj saman k\u0131r\u0131c\u0131, toplama ve balyalama makinesi geni\u015f uygulama alan\u0131 sunar ve \u00e7e\u015fitli ortamlarda verimli \u00e7al\u0131\u015f\u0131r:<\/p>    <ul class=\"wp-block-list\"> <li>Tar\u0131m \u00fcr\u00fcnleri: m\u0131s\u0131r saplar\u0131, bu\u011fday saman\u0131, pirin\u00e7 saman\u0131, pamuk saplar\u0131, koyun otu, sazl\u0131klar vb.<\/li>    <li>Yem bitkileri: yonca, \u00e7ay\u0131r otu, yulaf otu ve di\u011fer yem bitkileri.<\/li>    <li>Uygun senaryolar: \u00e7iftlikler, otlaklar, silaj i\u015fleme alanlar\u0131, hayvanc\u0131l\u0131k \u00e7iftlikleri, saman geri d\u00f6n\u00fc\u015f\u00fcm tesisleri ve saman yak\u0131tl\u0131 enerji santralleri.<\/li>    <li>\u00c7al\u0131\u015fma ko\u015fullar\u0131: dik ve yat\u0131k saman\u0131 i\u015fler. Hasat \u00f6ncesi alan operasyonlar\u0131 ve hasat sonras\u0131 art\u0131klar\u0131n geri kazan\u0131m\u0131 yapabilir.<\/li> <\/ul>    <figure class=\"wp-block-image aligncenter size-large is-resized\"><img loading=\"lazy\" decoding=\"async\" width=\"540\" height=\"540\" src=\"https:\/\/www.agriculture-machine.com\/wp-content\/uploads\/2021\/11\/\u5fae\u4fe1\u56fe\u7247_202105051657083-540x540.jpg?v=1637396272\" alt=\"\" class=\"wp-image-12177\" srcset=\"https:\/\/www.agriculture-machine.com\/wp-content\/uploads\/2021\/11\/\u5fae\u4fe1\u56fe\u7247_202105051657083-540x540.jpg 540w, https:\/\/www.agriculture-machine.com\/wp-content\/uploads\/2021\/11\/\u5fae\u4fe1\u56fe\u7247_202105051657083-270x270.jpg 270w, https:\/\/www.agriculture-machine.com\/wp-content\/uploads\/2021\/11\/\u5fae\u4fe1\u56fe\u7247_202105051657083-768x768.jpg 768w, https:\/\/www.agriculture-machine.com\/wp-content\/uploads\/2021\/11\/\u5fae\u4fe1\u56fe\u7247_202105051657083.jpg 800w\" sizes=\"auto, (max-width: 540px) 100vw, 540px\" \/><figcaption class=\"wp-element-caption\"> yuvarlak k\u0131rma, toplama ve ba\u011flama makinesi <\/figcaption><\/figure>    <h2 class=\"wp-block-heading\">Yem k\u0131rma ve toplama balyalama yap\u0131s\u0131n\u0131n yap\u0131s\u0131<\/h2>    <p>Bu yuvarlak saman hasad\u0131 ve balyalama makinesi, PTO, k\u0131rma mekanizmas\u0131, toplama, besleme mekanizmas\u0131, ba\u011flama mekanizmas\u0131 ve di\u011fer par\u00e7alar\u0131 i\u00e7erir.<\/p>    <ul class=\"wp-block-list\"> <li>PTO: trakt\u00f6re di\u015fli \u015faft (8 anahtar) arac\u0131l\u0131\u011f\u0131yla ba\u011flan\u0131r. \u00d6nce trakt\u00f6r \u00e7al\u0131\u015ft\u0131r\u0131l\u0131r. Daha sonra g\u00fcc\u00fc makineye spline \u015faft arac\u0131l\u0131\u011f\u0131yla iletir.<\/li>    <li>K\u0131rma mekanizmas\u0131: saman\u0131 ilk \u00f6nce k\u0131rar.<\/li>    <li>Toplay\u0131c\u0131: k\u0131r\u0131lm\u0131\u015f saman\u0131 al\u0131r ve besleme platformuna kald\u0131r\u0131r.<\/li>    <li>Besleme mekanizmas\u0131: saman\u0131 balyalama mekanizmas\u0131na besler.<\/li>    <li>Ba\u011flama mekanizmas\u0131: piston ve balyalama odas\u0131 saman\u0131 s\u0131k\u0131\u015ft\u0131r\u0131r ve \u015fekillendirir.<\/li> <\/ul>    <figure class=\"wp-block-image aligncenter size-large\"><img loading=\"lazy\" decoding=\"async\" width=\"524\" height=\"540\" src=\"https:\/\/www.agriculture-machine.com\/wp-content\/uploads\/2021\/11\/XQ_08-524x540.jpg?v=1637396324\" alt=\"\" class=\"wp-image-12178\" srcset=\"https:\/\/www.agriculture-machine.com\/wp-content\/uploads\/2021\/11\/XQ_08-524x540.jpg 524w, https:\/\/www.agriculture-machine.com\/wp-content\/uploads\/2021\/11\/XQ_08-262x270.jpg 262w, https:\/\/www.agriculture-machine.com\/wp-content\/uploads\/2021\/11\/XQ_08.jpg 750w\" sizes=\"auto, (max-width: 524px) 100vw, 524px\" \/><figcaption class=\"wp-element-caption\"> Yem k\u0131rma ve toplama balyalama yap\u0131s\u0131n\u0131n yap\u0131s\u0131 <\/figcaption><\/figure>    <h2 class=\"wp-block-heading\">Silaj kesme, toplama ve ba\u011flama makinesi nas\u0131l \u00e7al\u0131\u015f\u0131r?<\/h2>    <p>\u0130lk olarak, yuvarlak saman hasad\u0131 ve balyalama makinesi saman\u0131 \u00f6nce yo\u011furur ve k\u0131rar. Daha sonra, malzeme makinenin ataletinde vida alt\u0131na at\u0131l\u0131r. Vida, malzemeyi besleme deli\u011fine iter.<\/p>    <p>Daha sonra, besleme \u00e7ubu\u011fu malzemeyi yuvarlak saman hasad\u0131 ve balyalama makinesinin s\u0131k\u0131\u015ft\u0131rma odas\u0131na g\u00f6nderir. <\/p>    <p>Son olarak, depo hidrolik olarak a\u00e7\u0131l\u0131r ve balyalan\u0131r. Balyalanm\u0131\u015f yem, ta\u015f\u0131maya, depolamaya ve daha fazla i\u015fleme uygundur. <\/p>    <figure class=\"wp-block-embed is-type-video is-provider-youtube wp-block-embed-youtube wp-embed-aspect-16-9 wp-has-aspect-ratio\"><div class=\"wp-block-embed__wrapper\"> <iframe loading=\"lazy\" title=\"Verimli Saman Balyalama: Zimbabve&#039;de Yuvarlak Toplay\u0131c\u0131 ve Balyalama Makinesi Geri Bildirimi!\" width=\"500\" height=\"281\" src=\"https:\/\/www.youtube.com\/embed\/fIpf3MBS6U4?feature=oembed\" frameborder=\"0\" allow=\"accelerometer; autoplay; clipboard-write; encrypted-media; gyroscope; picture-in-picture; web-share\" referrerpolicy=\"strict-origin-when-cross-origin\" allowfullscreen><\/iframe> <\/div><figcaption class=\"wp-element-caption\">Yuvarlak saman hasad\u0131 ve balyalama makinesi \u00e7al\u0131\u015fma videosu<\/figcaption><\/figure>    <p>Trakt\u00f6r\u00fcn g\u00fc\u00e7 \u00e7\u0131k\u0131\u015f mili, Cardan mili arac\u0131l\u0131\u011f\u0131yla yuvarlak saman hasad\u0131 ve balyalama makinesinin giri\u015f miline g\u00fc\u00e7 sa\u011flar. <\/p>    <p>Daha sonra, di\u015fli \u00e7ark ve zincir, s\u0131ralama ve presleme silindiri mekanizmas\u0131n\u0131 ve saman toplama mekanizmas\u0131n\u0131 s\u0131ras\u0131yla hareket ettirir. <\/p>    <p>Daha sonra, trakt\u00f6r hidrolik \u00e7\u0131k\u0131\u015f aray\u00fcz\u00fc kullan\u0131larak silindirin pistonunun geni\u015flemesi ve daralmas\u0131 kontrol edilir ve balya \u00e7\u00f6zme i\u015flemi ger\u00e7ekle\u015ftirilir.<\/p>    <figure class=\"wp-block-image aligncenter size-full\"><img loading=\"lazy\" decoding=\"async\" width=\"720\" height=\"540\" src=\"https:\/\/www.agriculture-machine.com\/wp-content\/uploads\/2021\/11\/straw-picking-and-crushing-baler.webp\" alt=\"Saman toplama ve k\u0131rma balyalama\" class=\"wp-image-16319\" srcset=\"https:\/\/www.agriculture-machine.com\/wp-content\/uploads\/2021\/11\/straw-picking-and-crushing-baler.webp 720w, https:\/\/www.agriculture-machine.com\/wp-content\/uploads\/2021\/11\/straw-picking-and-crushing-baler-360x270.webp 360w, https:\/\/www.agriculture-machine.com\/wp-content\/uploads\/2021\/11\/straw-picking-and-crushing-baler-240x180.webp 240w, https:\/\/www.agriculture-machine.com\/wp-content\/uploads\/2021\/11\/straw-picking-and-crushing-baler-16x12.webp 16w\" sizes=\"auto, (max-width: 720px) 100vw, 720px\" \/><figcaption class=\"wp-element-caption\">Saman toplama ve k\u0131rma balyalama<\/figcaption><\/figure>    <h2 class=\"wp-block-heading\">Otomatik m\u0131s\u0131r sap\u0131 hasad\u0131 ve balyalama makinesi parametresi<\/h2>    <figure class=\"wp-block-table is-style-stripes\"><table><tbody><tr><td>Model<\/td><td>Toplama geni\u015fli\u011fi(mm)<\/td><td>\u00c7al\u0131\u015fma verimlili\u011fi(acre\/g\u00fcn)<\/td><td>G\u00fc\u00e7(kw\/ml)<\/td><\/tr><tr><td>9YY-0.5<\/td><td>1650<\/td><td>30-50<\/td><td>&gt;50<\/td><\/tr><tr><td>9YY-0.7<\/td><td>1800<\/td><td>50-90<\/td><td>&gt;50<\/td><\/tr><\/tbody><\/table><figcaption class=\"wp-element-caption\">Otomatik ot hasad\u0131 ve balyalama makinesi parametreleri <\/figcaption><\/figure>    <figure class=\"wp-block-image aligncenter size-full is-resized\"><img loading=\"lazy\" decoding=\"async\" width=\"720\" height=\"540\" src=\"https:\/\/www.agriculture-machine.com\/wp-content\/uploads\/2021\/11\/straw-harvester-machine-with-tractor.webp\" alt=\"Trakt\u00f6rl\u00fc yuvarlak saman hasad\u0131 ve balyalama makinesi\" class=\"wp-image-16317\" style=\"width:720px;height:auto\" srcset=\"https:\/\/www.agriculture-machine.com\/wp-content\/uploads\/2021\/11\/straw-harvester-machine-with-tractor.webp 720w, https:\/\/www.agriculture-machine.com\/wp-content\/uploads\/2021\/11\/straw-harvester-machine-with-tractor-360x270.webp 360w, https:\/\/www.agriculture-machine.com\/wp-content\/uploads\/2021\/11\/straw-harvester-machine-with-tractor-240x180.webp 240w, https:\/\/www.agriculture-machine.com\/wp-content\/uploads\/2021\/11\/straw-harvester-machine-with-tractor-16x12.webp 16w\" sizes=\"auto, (max-width: 720px) 100vw, 720px\" \/><figcaption class=\"wp-element-caption\">Trakt\u00f6rl\u00fc saman hasad\u0131 makinesi<\/figcaption><\/figure>    <h2 class=\"wp-block-heading\">Yuvarlak sap k\u0131rma, toplama ve ba\u011flama makinesi \u00f6zelli\u011fi<\/h2>    <ul class=\"wp-block-list\"> <li>T\u00fcm fonksiyonlar\u0131 bir arada: ayn\u0131 anda k\u0131rar, toplar ve balyalama yapar, i\u015f\u00e7ilikten tasarruf sa\u011flar ve s\u00fcre\u00e7leri kolayla\u015ft\u0131r\u0131r.<\/li>    <li>Y\u00fcksek verimlilikli \u00e7al\u0131\u015fma: her ge\u00e7i\u015fte 0.82\u20131.3 d\u00f6n\u00fcm \u00fcr\u00fcn art\u0131\u011f\u0131n\u0131 i\u015fler, verimlili\u011fi \u00f6nemli \u00f6l\u00e7\u00fcde art\u0131r\u0131r.<\/li>    <li>Ayarlanabilir balyalama: ta\u015f\u0131ma ve depolama gereksinimlerine uygun olarak balya uzunlu\u011fu ve boyutlar\u0131n\u0131 esnek \u015fekilde \u00f6zelle\u015ftirin.<\/li>    <li>Operasyonel esneklik: kompakt tasar\u0131m k\u00fc\u00e7\u00fck parseller i\u00e7in uygundur, tek ki\u015fi taraf\u0131ndan kolayca kullan\u0131labilir.<\/li>    <li>Y\u00fcksek uyumluluk: k\u00fc\u00e7\u00fck ila orta b\u00fcy\u00fckl\u00fckte d\u00f6rt tekerlekli trakt\u00f6rlerle uyumlu, stabil g\u00fc\u00e7 sa\u011flar ve geni\u015f uygulama alan\u0131 sunar.<\/li>    <li>G\u00fcvenli ve g\u00fcvenilir: a\u015f\u0131r\u0131 y\u00fcklenmeyi \u00f6nlemek i\u00e7in otomatik olarak g\u00fc\u00e7 kesen g\u00fcvenlik kavramas\u0131 ve kesme vidas\u0131 mekanizmas\u0131 ile donat\u0131lm\u0131\u015ft\u0131r.<\/li>    <li>M\u00fckemmel balya kalitesi: Yo\u011fun, ancak nefes alabilir balyalar \u00fcretir, depolama, ta\u015f\u0131ma ve sonraki kullan\u0131mlar i\u00e7in idealdir.<\/li>    <li>Kolay bak\u0131m: basit yap\u0131ya sahip, d\u00fc\u015f\u00fck ar\u0131za oran\u0131, rutin bak\u0131m ve onar\u0131m maliyetlerini minimize eder.<\/li> <\/ul>    <figure class=\"wp-block-image aligncenter size-large is-resized\"><img loading=\"lazy\" decoding=\"async\" width=\"720\" height=\"512\" src=\"https:\/\/www.agriculture-machine.com\/wp-content\/uploads\/2021\/11\/SL_04-720x512.jpg?v=1637396482\" alt=\"\" class=\"wp-image-12180\" style=\"width:536px;height:381px\" srcset=\"https:\/\/www.agriculture-machine.com\/wp-content\/uploads\/2021\/11\/SL_04-720x512.jpg 720w, https:\/\/www.agriculture-machine.com\/wp-content\/uploads\/2021\/11\/SL_04-360x256.jpg 360w, https:\/\/www.agriculture-machine.com\/wp-content\/uploads\/2021\/11\/SL_04.jpg 750w\" sizes=\"auto, (max-width: 720px) 100vw, 720px\" \/><\/figure>    <h2 class=\"wp-block-heading\">Neden saman kesme, toplama ve ba\u011flama makinemizi se\u00e7melisiniz?<\/h2>    <p class=\"translation-block\">Saman silaj\u0131 beslemesi, hayvan yemi rezervleri veya saman yak\u0131t tedariki olsun, ekipman\u0131m\u0131z zaman ve i\u015f\u00e7ilik maliyetlerinden tasarruf etmenize yard\u0131mc\u0131 olurken, saman ta\u015f\u0131mac\u0131l\u0131\u011f\u0131 ve depolama ile ilgili zorluklar\u0131 da \u00e7\u00f6zer. <\/p>    <p class=\"translation-block\">Dengeli performans\u0131 ve geni\u015f uygulama alan\u0131 ile \u00e7ift\u00e7iler ve b\u00fcy\u00fck \u00f6l\u00e7ekli hayvanc\u0131l\u0131k i\u015fletmeleri i\u00e7in ideal se\u00e7im haline gelmi\u015ftir. Ayr\u0131ca, kare balya saman toplama balyalay\u0131c\u0131lar da mevcuttur. Daha fazla makine detay\u0131 ve \u00f6zelle\u015ftirilmi\u015f \u00e7\u00f6z\u00fcm teklifleri i\u00e7in bizimle ileti\u015fime ge\u00e7in!<\/p>","protected":false},"excerpt":{"rendered":"<p>Yuvarlak saman hasad\u0131 ve balyalama makinesi, k\u0131rma, toplama ve ba\u011flama i\u015flemlerini entegre eder. M\u0131s\u0131r, bu\u011fday, yonca ve di\u011fer \u00fcr\u00fcnleri verimli \u015fekilde i\u015fler, \u00e7iftliklerde, hayvanc\u0131l\u0131k i\u015fletmelerinde ve saman geri d\u00f6n\u00fc\u015f\u00fcm tesislerinde yayg\u0131n olarak kullan\u0131l\u0131r.<\/p>","protected":false},"author":1,"featured_media":17579,"parent":0,"comment_status":"closed","ping_status":"closed","template":"","tags":[591,761],"product-type":[876,908],"class_list":["post-12170","product","type-product","status-publish","has-post-thumbnail","hentry","tag-silage","tag-straw","product-type-silage-machine","product-type-sliage-baler"],"_links":{"self":[{"href":"https:\/\/www.agriculture-machine.com\/tr\/wp-json\/wp\/v2\/product\/12170","targetHints":{"allow":["GET"]}}],"collection":[{"href":"https:\/\/www.agriculture-machine.com\/tr\/wp-json\/wp\/v2\/product"}],"about":[{"href":"https:\/\/www.agriculture-machine.com\/tr\/wp-json\/wp\/v2\/types\/product"}],"author":[{"embeddable":true,"href":"https:\/\/www.agriculture-machine.com\/tr\/wp-json\/wp\/v2\/users\/1"}],"replies":[{"embeddable":true,"href":"https:\/\/www.agriculture-machine.com\/tr\/wp-json\/wp\/v2\/comments?post=12170"}],"wp:featuredmedia":[{"embeddable":true,"href":"https:\/\/www.agriculture-machine.com\/tr\/wp-json\/wp\/v2\/media\/17579"}],"wp:attachment":[{"href":"https:\/\/www.agriculture-machine.com\/tr\/wp-json\/wp\/v2\/media?parent=12170"}],"wp:term":[{"taxonomy":"post_tag","embeddable":true,"href":"https:\/\/www.agriculture-machine.com\/tr\/wp-json\/wp\/v2\/tags?post=12170"},{"taxonomy":"product-type","embeddable":true,"href":"https:\/\/www.agriculture-machine.com\/tr\/wp-json\/wp\/v2\/product-type?post=12170"}],"curies":[{"name":"wp","href":"https:\/\/api.w.org\/{rel}","templated":true}]}}