{"id":1235,"date":"2018-10-22T06:37:03","date_gmt":"2018-10-21T22:37:03","guid":{"rendered":"https:\/\/www.agriculture-machine.com\/?p=1235"},"modified":"2026-02-25T16:55:39","modified_gmt":"2026-02-25T08:55:39","slug":"8-rows-rice-transplanter","status":"publish","type":"product","link":"https:\/\/www.agriculture-machine.com\/tr\/8-rows-rice-transplanter\/","title":{"rendered":"Pirinc Dikim Makinesi | Pirin\u00e7 Nakil Makinesi"},"content":{"rendered":"<h2 class=\"wp-block-heading\">Bir tane: 8 s\u0131ral\u0131 pirin\u00e7 fidanl\u0131k makinesi<\/h2>    <p>8 s\u0131ral\u0131 pirin\u00e7 ekim makinesinin y\u00fcksek kapasite avantaj\u0131 vard\u0131r. B\u00fcy\u00fck bir \u00e7iftli\u011fi olan veya ekim makinesi i\u015fi yapmak isteyen m\u00fc\u015fteriler bu modeli se\u00e7ebilir. Pirin\u00e7 ekim makinesi her t\u00fcrl\u00fc tarlaya uygundur. Asma ask\u0131, pirin\u00e7 bitkisi y\u00fcksekli\u011fini farkl\u0131 tarlalara g\u00f6re ayarlayabilir. <\/p>    <p>Ekim alan\u0131, m\u00fc\u015fterinin gereksinimlerine g\u00f6re ayarlanabilir. S\u0131ra ile s\u0131ra aras\u0131 mesafe yakla\u015f\u0131k 300mm ve tepe ile tepe aras\u0131 mesafe 120-140mm'dir. 178F dizel motoru ile \u00e7al\u0131\u015ft\u0131r\u0131l\u0131r ve makineye daha fazla g\u00fc\u00e7 sa\u011flar.<\/p>    <h2 class=\"wp-block-heading\">8 s\u0131ral\u0131 pirin\u00e7 ekim makinesinin yap\u0131s\u0131<\/h2>    <p>8 s\u0131ral\u0131 pirin\u00e7 ekim makinesi esasen bir evrensel eklem, evrensel eklem kare, ekim kolu, ekim i\u011fneleri, zincir kutusu i\u00e7in arka kapak, teslimat deri kay\u0131\u015f\u0131, V-kay\u0131\u015f\u0131, stilus pim, ekim arka plaka ve vida mili gibi par\u00e7alardan olu\u015fmaktad\u0131r.<\/p>    <figure class=\"wp-block-gallery has-nested-images columns-1 is-cropped wp-block-gallery-2 is-layout-flex wp-block-gallery-is-layout-flex\"> <figure class=\"wp-block-image aligncenter size-large\"><img loading=\"lazy\" decoding=\"async\" width=\"523\" height=\"540\" data-id=\"2112\" src=\"https:\/\/www.agriculture-machine.com\/wp-content\/uploads\/2018\/10\/8-row-rice-transplanter2-1-523x540.jpg\" alt=\"8 s\u0131ral\u0131 pirin\u00e7 ekim makinesi2\" class=\"wp-image-2112\" srcset=\"https:\/\/www.agriculture-machine.com\/wp-content\/uploads\/2018\/10\/8-row-rice-transplanter2-1-523x540.jpg 523w, https:\/\/www.agriculture-machine.com\/wp-content\/uploads\/2018\/10\/8-row-rice-transplanter2-1-262x270.jpg 262w, https:\/\/www.agriculture-machine.com\/wp-content\/uploads\/2018\/10\/8-row-rice-transplanter2-1.jpg 750w\" sizes=\"auto, (max-width: 523px) 100vw, 523px\" \/><figcaption class=\"wp-element-caption\">8 s\u0131ral\u0131 pirin\u00e7 ekim makinesi2<\/figcaption><\/figure> <\/figure>    <h2 class=\"wp-block-heading\">Ekim makinemizin avantaj\u0131<\/h2>    <ol class=\"wp-block-list\"> <li>8 s\u0131ral\u0131 pirin\u00e7 ekim makineleri i\u015f g\u00fcc\u00fcnden tasarruf sa\u011flar ve iki ki\u015fi t\u00fcm i\u015fleri tamamlayabilir. Birisi makineyi kullan\u0131r, di\u011feri pirin\u00e7 fidelerini yerle\u015ftirir.<\/li>    <li>Fide ekim makinesi \u00e7ok kolay \u00e7al\u0131\u015ft\u0131r\u0131l\u0131r ve uzun bir hizmet \u00f6mr\u00fcne sahiptir.<\/li>    <li>Y\u00fcksek uygulanabilirlik, \u00e7al\u0131\u015fma \u00e7amurunu 15-35 cm i\u00e7inde tutabilir.<\/li>    <li>Makine, su bulunan tarlada bile kolayca ta\u015f\u0131nabilir.<\/li>    <li>Fideler topra\u011fa dik ve d\u00fczenli bir \u015fekilde yerle\u015ftirilebilir.<\/li>    <li>Paslanmaz \u00e7elik fide kutusu dayan\u0131kl\u0131d\u0131r.<\/li> <\/ol>    <figure class=\"wp-block-gallery has-nested-images columns-1 is-cropped wp-block-gallery-3 is-layout-flex wp-block-gallery-is-layout-flex\"> <figure class=\"wp-block-image aligncenter size-large\"><img loading=\"lazy\" decoding=\"async\" width=\"379\" height=\"540\" data-id=\"2113\" src=\"https:\/\/www.agriculture-machine.com\/wp-content\/uploads\/2018\/10\/8-row-rice-transplanter3-1-379x540.jpg\" alt=\"8 s\u0131ral\u0131 pirin\u00e7 ekim makinesi3\" class=\"wp-image-2113\" srcset=\"https:\/\/www.agriculture-machine.com\/wp-content\/uploads\/2018\/10\/8-row-rice-transplanter3-1-379x540.jpg 379w, https:\/\/www.agriculture-machine.com\/wp-content\/uploads\/2018\/10\/8-row-rice-transplanter3-1-190x270.jpg 190w, https:\/\/www.agriculture-machine.com\/wp-content\/uploads\/2018\/10\/8-row-rice-transplanter3-1.jpg 750w\" sizes=\"auto, (max-width: 379px) 100vw, 379px\" \/><figcaption class=\"wp-element-caption\">8 s\u0131ral\u0131 pirin\u00e7 ekim makinesi3<\/figcaption><\/figure> <\/figure>    <h2 class=\"wp-block-heading\">Bu ekipman\u0131n teknik parametreleri<\/h2>    <figure class=\"wp-block-table is-style-stripes\"><table><tbody><tr><td>Model<\/td><td>CY-8<\/td><\/tr><tr><td>Dizel Motor Modeli<\/td><td>178F el ile ba\u015flatma<\/td><\/tr><tr><td>Dizel Motor G\u00fcc\u00fc(KW\/HP)<\/td><td>4.05\/5.5<\/td><\/tr><tr><td>Dizel Motor D\u00f6nme H\u0131z\u0131(r\/dk)<\/td><td>1800<\/td><\/tr><tr><td>Ekim S\u0131ras\u0131 Say\u0131s\u0131<\/td><td>8<\/td><\/tr><tr><td>S\u0131ra ile S\u0131ra Aras\u0131 Mesafe(mm)<\/td><td>238mm<\/td><\/tr><tr><td>Tepe ile Tepe Aras\u0131 Mesafe(mm)<\/td><td>120\/140\/160\/190mm<\/td><\/tr><tr><td>Ekim Verimlili\u011fi<\/td><td>0.5-0.75 d\u00f6n\u00fcm\/H<\/td><\/tr><tr><td>Net A\u011f\u0131rl\u0131k<\/td><td>410kg<\/td><\/tr><tr><td>Boyut<\/td><td>2410*2165*1300mm<\/td><\/tr><tr><td>Br\u00fct A\u011f\u0131rl\u0131k<\/td><td>460kg<\/td><\/tr><tr><td>Paketleme Boyutu<\/td><td>2810*1760*600mm<\/td><\/tr><\/tbody><\/table><figcaption class=\"wp-element-caption\">8 s\u0131ral\u0131 pirin\u00e7 ekim makinesi teknik verileri<\/figcaption><\/figure>    <h2 class=\"wp-block-heading\">8 s\u0131ral\u0131 pirin\u00e7 ekim makinesinin \u00f6zellikleri<\/h2>    <ol class=\"wp-block-list\"> <li>Ayarlanabilirlik<br>Pirin\u00e7 ekim makinesinin hidrolik cihaz\u0131 \u00f6nemlidir, bu da toprak ko\u015fuluna ba\u011fl\u0131d\u0131r. Operat\u00f6rler, makinenin sabitli\u011fini ekim s\u0131kl\u0131\u011f\u0131na uyacak \u015fekilde ayarlayabilir.<\/li>    <li>Fide yerle\u015ftirme derinli\u011fi ayarlanabilir<br>Genel olarak, fide aral\u0131\u011f\u0131, tarlan\u0131n ihtiya\u00e7lar\u0131na g\u00f6re ayarlanmal\u0131d\u0131r. \u00c7al\u0131\u015fmadan \u00f6nce, yerel ekim ortam\u0131na ve pirincin \u00f6zelliklerine g\u00f6re pirin\u00e7 ekim yo\u011funlu\u011funu belirlemek gereklidir. Bu \u015fekilde, pirin\u00e7 verimi iyi olacakt\u0131r.<\/li>    <li>\u00dcst\u00fcn performans<br>Pirin\u00e7 ekim makinemiz sadece \u00e7al\u0131\u015fma verimlili\u011fini art\u0131rmakla kalmaz, ayn\u0131 zamanda \u00e7ok say\u0131da i\u015f\u00e7iyi serbest b\u0131rak\u0131r ve k\u0131rsal sanayi yap\u0131s\u0131n\u0131 optimize eder.<\/li> <\/ol>    <figure class=\"wp-block-image alignnone size-full wp-image-2114\"><img loading=\"lazy\" decoding=\"async\" width=\"750\" height=\"853\" src=\"https:\/\/www.agriculture-machine.com\/wp-content\/uploads\/2018\/10\/8-row-rice-transplanter4-1.jpg\" alt=\"8 s\u0131ral\u0131 pirin\u00e7 ekim makinesi4\" class=\"wp-image-2114\" srcset=\"https:\/\/www.agriculture-machine.com\/wp-content\/uploads\/2018\/10\/8-row-rice-transplanter4-1.jpg 750w, https:\/\/www.agriculture-machine.com\/wp-content\/uploads\/2018\/10\/8-row-rice-transplanter4-1-237x270.jpg 237w, https:\/\/www.agriculture-machine.com\/wp-content\/uploads\/2018\/10\/8-row-rice-transplanter4-1-475x540.jpg 475w\" sizes=\"auto, (max-width: 750px) 100vw, 750px\" \/><figcaption class=\"wp-element-caption\">8 s\u0131ral\u0131 pirin\u00e7 ekim makinesi <\/figcaption><\/figure>    <h2 class=\"wp-block-heading\">8 s\u0131ral\u0131 pirin\u00e7 ekim makinesinin \u00e7al\u0131\u015fma prensibi<\/h2>    <ol class=\"wp-block-list\"> <li>D\u00fczenli durumda olan fideler kutuya d\u00fczenli bir \u015fekilde yerle\u015ftirilir ve yanlara hareket ettirilir.<\/li>    <li>Pirin\u00e7 ekim makinesi \u00e7al\u0131\u015f\u0131rken, ekim i\u011fnesi a\u015fa\u011f\u0131 hareket eder. Belirlenen derinli\u011fe ula\u015ft\u0131\u011f\u0131nda, ekim \u00e7atal\u0131 fideleri i\u011fneden iterek belirli say\u0131da fideleri topra\u011fa yerle\u015ftirir.<\/li>    <li>Ayn\u0131 zamanda, hidrolik sistem, y\u00fczey plakas\u0131n\u0131n ve fide i\u011fnesinin g\u00f6reli konumunu kontrol edebilir, b\u00f6ylece ekim derinli\u011fini tutarl\u0131 hale getirir.<\/li>    <li>Ekim makinesi, fideleri tekrar almak i\u00e7in ayn\u0131 i\u015flemi yapar.<\/li> <\/ol>    <h2 class=\"wp-block-heading\">Tip iki: 6 s\u0131ral\u0131 pirin\u00e7 ekim makinesi<\/h2>    <p>Bu 6 s\u0131ral\u0131 pirin\u00e7 ekim makinesi, 8 s\u0131ral\u0131 pirin\u00e7 ekimi ile ayn\u0131 olup, y\u00fcksek verimlilikle donat\u0131lm\u0131\u015ft\u0131r ve 178F dizel motoru ile uyumludur. Pirin\u00e7 ekim makinesinin derinli\u011fi de\u011fi\u015ftirilebilir, yani 15 cm ile 35 cm aras\u0131nda. <\/p>    <p>Pirin\u00e7 ekim makinesinde ayr\u0131ca ayarlanabilir bir koltuk bulunmaktad\u0131r, bu da kullan\u0131c\u0131lar\u0131n rahat hissetmesini sa\u011flar. Fide koruyucular, fidelerin dik ve d\u00fczenli kalmas\u0131n\u0131 sa\u011flar.<\/p>    <h2 class=\"wp-block-heading\"><span style=\"color: #000000;\">6 s\u0131ral\u0131 pirin\u00e7 ekim makinesinin teknik parametreleri<\/span><\/h2>    <figure class=\"wp-block-table is-style-stripes\"><table><tbody><tr><td>Model<\/td><td>CY-6<\/td><\/tr><tr><td>Dizel Motor Modeli<\/td><td>175F el ile ba\u015flatma<\/td><\/tr><tr><td>Dizel Motor G\u00fcc\u00fc(kw\/HP)<\/td><td>3.72\/5.5<\/td><\/tr><tr><td>Dizel Motor D\u00f6nme H\u0131z\u0131(r\/dk)<\/td><td>2600<\/td><\/tr><tr><td>Ekim S\u0131ras\u0131 Say\u0131s\u0131<\/td><td>6<\/td><\/tr><tr><td>S\u0131ra ile S\u0131ra Aras\u0131 Mesafe(mm)<\/td><td>300mm<\/td><\/tr><tr><td>Tepe ile Tepe Aras\u0131 Mesafe(mm)<\/td><td>120\/140mm<\/td><\/tr><tr><td>Ekim Verimlili\u011fi<\/td><td>0.35-0.5 d\u00f6n\u00fcm\/H<\/td><\/tr><tr><td>Net A\u011f\u0131rl\u0131k<\/td><td>300kg<\/td><\/tr><tr><td>Boyut<\/td><td>2410*2132*1300mm<\/td><\/tr><tr><td>Br\u00fct A\u011f\u0131rl\u0131k<\/td><td>360kg<\/td><\/tr><tr><td>Paketleme Boyutu<\/td><td>2250*1760*600mm<\/td><\/tr><\/tbody><\/table><figcaption class=\"wp-element-caption\">6 s\u0131ral\u0131 ekim makinesi detayl\u0131 verileri<\/figcaption><\/figure>    <figure class=\"wp-block-image aligncenter wp-image-3004 size-full\"><img loading=\"lazy\" decoding=\"async\" width=\"500\" height=\"500\" src=\"https:\/\/www.agriculture-machine.com\/wp-content\/uploads\/2018\/10\/22.jpg\" alt=\"makine g\u00f6sterimi\" class=\"wp-image-3004\" srcset=\"https:\/\/www.agriculture-machine.com\/wp-content\/uploads\/2018\/10\/22.jpg 500w, https:\/\/www.agriculture-machine.com\/wp-content\/uploads\/2018\/10\/22-270x270.jpg 270w\" sizes=\"auto, (max-width: 500px) 100vw, 500px\" \/><figcaption class=\"wp-element-caption\">makine g\u00f6sterimi<\/figcaption><\/figure>    <figure class=\"wp-block-image aligncenter wp-image-3006 size-full\"><img loading=\"lazy\" decoding=\"async\" width=\"500\" height=\"500\" src=\"https:\/\/www.agriculture-machine.com\/wp-content\/uploads\/2018\/10\/44.jpg\" alt=\"\u00fcr\u00fcn a\u00e7\u0131klamas\u0131\" class=\"wp-image-3006\" srcset=\"https:\/\/www.agriculture-machine.com\/wp-content\/uploads\/2018\/10\/44.jpg 500w, https:\/\/www.agriculture-machine.com\/wp-content\/uploads\/2018\/10\/44-270x270.jpg 270w\" sizes=\"auto, (max-width: 500px) 100vw, 500px\" \/><figcaption class=\"wp-element-caption\">\u00fcr\u00fcn a\u00e7\u0131klamas\u0131<\/figcaption><\/figure>    <figure class=\"wp-block-image aligncenter wp-image-3009 size-full\"><img loading=\"lazy\" decoding=\"async\" width=\"500\" height=\"500\" src=\"https:\/\/www.agriculture-machine.com\/wp-content\/uploads\/2018\/10\/77.jpg\" alt=\"pirin\u00e7 ekim makinesi \u00fcr\u00fcn a\u00e7\u0131klamas\u0131 2\" class=\"wp-image-3009\" srcset=\"https:\/\/www.agriculture-machine.com\/wp-content\/uploads\/2018\/10\/77.jpg 500w, https:\/\/www.agriculture-machine.com\/wp-content\/uploads\/2018\/10\/77-270x270.jpg 270w\" sizes=\"auto, (max-width: 500px) 100vw, 500px\" \/><figcaption class=\"wp-element-caption\">pirin\u00e7 ekim makinesi \u00fcr\u00fcn a\u00e7\u0131klamas\u0131<\/figcaption><\/figure>    <h2 class=\"wp-block-heading\">SSS<\/h2>   <div id=\"rank-math-faq\" class=\"rank-math-block\"> <div class=\"rank-math-list\"> <div id=\"faq-question-1706172907425\" class=\"rank-math-list-item\"> <h3 class=\"rank-math-question\">Fide aral\u0131\u011f\u0131 ve s\u0131ra aral\u0131\u011f\u0131 ayarlanabilir mi?<\/h3> <div class=\"rank-math-answer\">  <p>Fide aral\u0131\u011f\u0131 120\/140\/160\/190mm olabilir ve s\u0131ra aral\u0131\u011f\u0131 238mm'dir.<\/p>  <\/div> <\/div> <div id=\"faq-question-1706172915468\" class=\"rank-math-list-item\"> <h3 class=\"rank-math-question\">Bu makinenin \u00e7al\u0131\u015fma verimlili\u011fi nas\u0131l?<\/h3> <div class=\"rank-math-answer\">  <p>0.5-0.75 d\u00f6n\u00fcm\/H.<\/p>  <\/div> <\/div> <div id=\"faq-question-1706172926072\" class=\"rank-math-list-item\"> <h3 class=\"rank-math-question\">\u00c7al\u0131\u015f\u0131rken ka\u00e7 ki\u015fiye ihtiya\u00e7 var?<\/h3> <div class=\"rank-math-answer\">  <p>Fidelerin ekim derinli\u011fi, \u00e7ift\u00e7i taraf\u0131ndan yerel gereksinimlere g\u00f6re belirlenir.<br \/>Ayarlama y\u00f6ntemi:<br \/>1. Ba\u011flama \u00e7elik telini gev\u015fetin ve kald\u0131rma \u00e7ubu\u011funu \u00e7evirin.<br \/>2. \u00c7ubu\u011fu saat y\u00f6n\u00fcnde \u00e7evirmek daha k\u00fc\u00e7\u00fck bir derinlik; saat y\u00f6n\u00fcn\u00fcn tersine \u00e7evirmek daha b\u00fcy\u00fck bir derinlik sa\u011flar.<br \/>3. Gerekli ekim derinli\u011fine ula\u015f\u0131ld\u0131\u011f\u0131nda, vida \u00e7ubu\u011funu tekrar ba\u011flama \u00e7elik teli ile kilitleyin.<\/p>  <\/div> <\/div> <\/div> <\/div>   <p class=\"translation-block\">A\u015fa\u011f\u0131daki ba\u011flant\u0131y\u0131 a\u00e7arak <em><strong><a href=\"https:\/\/www.agriculture-machine.com\/tr\/walk-behind-rice-transplanter-rice-planting-machine\/\">di\u011fer pirin\u00e7 fidanl\u0131k makinelerini<\/a><\/strong><\/em> g\u00f6rebilirsiniz.<\/p>    <p>Herhangi bir sorunuz varsa veya makine hakk\u0131nda daha fazla bilgi almak istiyorsan\u0131z, l\u00fctfen bizimle ileti\u015fime ge\u00e7mekten \u00e7ekinmeyin. Hizmetinize sab\u0131rla cevap verece\u011fiz ve en uygun makineyi sa\u011flayaca\u011f\u0131z.<\/p>","protected":false},"excerpt":{"rendered":"<p>Pirin\u00e7 ekim makinesi, verimli ve hassas pirin\u00e7 ekim i\u015flemini ger\u00e7ekle\u015ftirir, bu da pirin\u00e7 ekim verimlili\u011fini etkili bir \u015fekilde art\u0131r\u0131r.<\/p>","protected":false},"author":1,"featured_media":3038,"parent":0,"comment_status":"closed","ping_status":"closed","template":"","tags":[2607,151],"product-type":[914],"class_list":["post-1235","product","type-product","status-publish","has-post-thumbnail","hentry","tag-nursery","tag-transplanter","product-type-rice-transplanter"],"_links":{"self":[{"href":"https:\/\/www.agriculture-machine.com\/tr\/wp-json\/wp\/v2\/product\/1235","targetHints":{"allow":["GET"]}}],"collection":[{"href":"https:\/\/www.agriculture-machine.com\/tr\/wp-json\/wp\/v2\/product"}],"about":[{"href":"https:\/\/www.agriculture-machine.com\/tr\/wp-json\/wp\/v2\/types\/product"}],"author":[{"embeddable":true,"href":"https:\/\/www.agriculture-machine.com\/tr\/wp-json\/wp\/v2\/users\/1"}],"replies":[{"embeddable":true,"href":"https:\/\/www.agriculture-machine.com\/tr\/wp-json\/wp\/v2\/comments?post=1235"}],"wp:featuredmedia":[{"embeddable":true,"href":"https:\/\/www.agriculture-machine.com\/tr\/wp-json\/wp\/v2\/media\/3038"}],"wp:attachment":[{"href":"https:\/\/www.agriculture-machine.com\/tr\/wp-json\/wp\/v2\/media?parent=1235"}],"wp:term":[{"taxonomy":"post_tag","embeddable":true,"href":"https:\/\/www.agriculture-machine.com\/tr\/wp-json\/wp\/v2\/tags?post=1235"},{"taxonomy":"product-type","embeddable":true,"href":"https:\/\/www.agriculture-machine.com\/tr\/wp-json\/wp\/v2\/product-type?post=1235"}],"curies":[{"name":"wp","href":"https:\/\/api.w.org\/{rel}","templated":true}]}}