{"id":1248,"date":"2018-10-22T07:08:52","date_gmt":"2018-10-21T23:08:52","guid":{"rendered":"https:\/\/www.agriculture-machine.com\/?p=1248"},"modified":"2024-03-19T14:19:52","modified_gmt":"2024-03-19T06:19:52","slug":"sprayer","status":"publish","type":"product","link":"https:\/\/www.agriculture-machine.com\/tr\/sprayer\/","title":{"rendered":"S\u0131rt \u00e7antas\u0131 p\u00fcsk\u00fcrt\u00fcc\u00fcs\u00fc \/ en iyi drone \/ solo s\u0131rt \u00e7antas\u0131 p\u00fcsk\u00fcrt\u00fcc\u00fc"},"content":{"rendered":"<h2>S\u0131rt \u00e7antas\u0131 p\u00fcsk\u00fcrt\u00fcc\u00fcs\u00fcn\u00fcn Tan\u0131t\u0131m\u0131:<\/h2> <p class=\"translation-block\"><a href=\"https:\/\/www.agriculture-machine.com\/tr\/amazing-garden-sprayer-drones-in-agriculture-crop-spraying\/\"><strong>S\u0131rt \u00e7antas\u0131 p\u00fcsk\u00fcrt\u00fcc\u00fc<\/strong><\/a> \u00e7e\u015fitli uygulamalar i\u00e7in \u00e7e\u015fitli yedek memeler i\u00e7erir. Meyve a\u011fa\u00e7lar\u0131, \u00fcr\u00fcnler, \u00e7iftlik dezenfeksiyonu vb. i\u00e7in kullan\u0131labilir. Ayr\u0131ca, nefes alabilen s\u0131rt yast\u0131\u011f\u0131, operat\u00f6r\u00fcn s\u0131rt\u0131n\u0131 hasardan korur. Bu pil s\u0131rt \u00e7antas\u0131 p\u00fcsk\u00fcrt\u00fcc\u00fc, bitkide zararl\u0131lar\u0131 etkili bir \u015fekilde \u00f6ld\u00fcr\u00fcr, \u00e7iftlik verimini art\u0131r\u0131r ve i\u015f\u00e7ilik zaman\u0131n\u0131 tasarruf eder.<\/p> <p><center><\/center>&nbsp;<\/p> <p><center><img decoding=\"async\" style=\"width: 100%;\" src=\"https:\/\/www.agriculture-machine.com\/wp-content\/uploads\/2018\/10\/backpack-sprayer05.jpg\" alt=\"s\u0131rt \u00e7antas\u0131 p\u00fcsk\u00fcrt\u00fcc\u00fc05\" \/><\/center><\/p> <h2>S\u0131rt \u00e7antas\u0131 p\u00fcsk\u00fcrt\u00fcc\u00fcs\u00fcn\u00fcn avantajlar\u0131<\/h2> <p class=\"translation-block\">1. This<a href=\"https:\/\/www.agriculture-machine.com\/tr\/gasoline-engine-backpack-sprayer-best-garden-sprayer-spraying-pesticide\/\"> knapsack sprayer<\/a> combined with electric and manual operation can meet the requirements of small farms.<br \/> 2.Easy operation.You can use hand and press push handle if it is out of power,It\u2019s easy to operate<br \/> 3.There is a controllable switch,which will work immediately when you turn on.<br \/> 4.The amount of water mist is adjustable<\/p> <ol start=\"5\"> <li>The killing rate is more than 95%, which means that most of pest can be killed.<\/li> <li>Bu tar\u0131m p\u00fcsk\u00fcrtme drone'u hafiftir, bu da kullan\u0131m s\u0131ras\u0131nda ta\u015f\u0131may\u0131 kolayla\u015ft\u0131r\u0131r.<\/li> <\/ol> <p><center><img decoding=\"async\" style=\"width: 100%;\" src=\"https:\/\/www.agriculture-machine.com\/wp-content\/uploads\/2018\/10\/backpack-sprayer06.jpg\" alt=\"s\u0131rt \u00e7antas\u0131 p\u00fcsk\u00fcrt\u00fcc\u00fc06\" \/><\/center><\/p> <h2>S\u0131rt \u00e7antas\u0131 p\u00fcsk\u00fcrt\u00fcc\u00fc nas\u0131l kullan\u0131l\u0131r?<\/h2> <p class=\"translation-block\">1.Install the <strong><a href=\"https:\/\/www.agriculture-machine.com\/tr\/gasoline-engine-backpack-sprayer-best-garden-sprayer-spraying-pesticide\/\">knapsack sprayer<\/a> <\/strong>parts correctly. Check the connection for leaking. When using, install the water spray firstly, then refill the medicine.<br \/> 2.Before filling the liquid in the tank, please be sure to turn off the switch to prevent the liquid from leaking out.<br \/> 3.The liquid should be filtered by the filter, and it can not exceed the safe water line<br \/> 4.Put the Backpack sprayer on the back, press up and down button to a certain pressure in the left hand (the number of compression is about 30 times\/min),<\/p> <p><center><img decoding=\"async\" style=\"width: 100%;\" src=\"https:\/\/www.agriculture-machine.com\/wp-content\/uploads\/2018\/10\/backpack-sprayer04.jpg\" alt=\"s\u0131rt \u00e7antas\u0131 p\u00fcsk\u00fcrt\u00fcc\u00fc04\" \/><\/center><br \/> 5. Sa\u011f el, p\u00fcsk\u00fcrtme \u00e7ubu\u011funun tutama\u011f\u0131n\u0131 tutar, anahtar\u0131 a\u00e7ar ve p\u00fcsk\u00fcrtme \u00e7ubu\u011funu p\u00fcsk\u00fcrt\u00fclen bitkiye (veya alan) g\u00f6re sallayabilir. Anahtar\u0131 ayarlayarak memenin farkl\u0131 y\u00f6nlerde p\u00fcsk\u00fcrtmesini sa\u011flayabilirsiniz.<br \/> 6. S\u0131v\u0131 ilk kez dolduruldu\u011funda, hava odas\u0131 ve p\u00fcsk\u00fcrtme \u00e7ubu\u011fu temiz su i\u00e7erir. Ayn\u0131 zamanda, ilk 2 ila 3 dakika i\u00e7indeki s\u0131v\u0131 konsantrasyonu d\u00fc\u015f\u00fckt\u00fcr. Bu nedenle, p\u00fcsk\u00fcrtme etkisini etkilememek i\u00e7in p\u00fcsk\u00fcrt\u00fcme dikkat edilmelidir.<br \/> 7. \u0130\u015f tamamland\u0131ktan sonra, tanktaki kal\u0131nt\u0131 s\u0131v\u0131 zaman\u0131nda bo\u015falt\u0131lmal\u0131 ve sonra kurulanmal\u0131d\u0131r.<br \/> 8. Ayn\u0131 zamanda, hava odas\u0131nda su olup olmad\u0131\u011f\u0131n\u0131 kontrol edin. Operat\u00f6r, su ba\u011flant\u0131s\u0131n\u0131 \u00e7\u0131kar\u0131p biriken suyu bo\u015faltmal\u0131d\u0131r.<\/p> <p><center><img decoding=\"async\" style=\"width: 100%;\" src=\"https:\/\/www.agriculture-machine.com\/wp-content\/uploads\/2018\/10\/backpack-sprayer07.jpg\" alt=\"s\u0131rt \u00e7antas\u0131 p\u00fcsk\u00fcrt\u00fcc\u00fc07\" \/><\/center><\/p> <h2>\u00d6ncelik<\/h2> <p>1.Operat\u00f6r, pestisit kullan\u0131m\u0131n\u0131 i\u015fletme prosed\u00fcrlerine uygun \u015fekilde s\u0131k\u0131 s\u0131k\u0131ya uygulamal\u0131d\u0131r.<br \/> 2. S\u0131rt \u00e7antas\u0131 p\u00fcsk\u00fcrt\u00fcc\u00fc k\u0131sa s\u00fcre kullan\u0131lmayacaksa, ana par\u00e7alar temizlenmeli ve kurutulmal\u0131, serin ve kuru bir yerde saklanmal\u0131d\u0131r.<br \/> 3. Uzun s\u00fcre kullan\u0131lmayacaksa, her metal par\u00e7aya ya\u011f s\u00fcrmelisiniz, paslanmay\u0131 \u00f6nlemek i\u00e7in.<\/p> <p><center><img decoding=\"async\" style=\"width: 100%;\" src=\"https:\/\/www.agriculture-machine.com\/wp-content\/uploads\/2018\/10\/backpack-sprayer08.jpg\" alt=\"s\u0131rt \u00e7antas\u0131 p\u00fcsk\u00fcrt\u00fcc\u00fc08\" \/><\/center><\/p> <h2>S\u0131rt \u00e7antas\u0131 p\u00fcsk\u00fcrt\u00fcc\u00fc parametreleri<\/h2> <div class=\"table-responsive\"> <table class=\"table table-striped\"> <tbody> <tr> <td width=\"120\">\u0130sim<\/td> <td width=\"478\">Tar\u0131m P\u00fcsk\u00fcrt\u00fcc\u00fcs\u00fc<\/td> <\/tr> <tr> <td width=\"120\">G.W.<\/td> <td width=\"478\">5.5KG<\/td> <\/tr> <tr> <td width=\"120\">Boyut<\/td> <td width=\"478\">38*20*49cm<\/td> <\/tr> <tr> <td width=\"120\">Kapasite<\/td> <td width=\"478\">16L<\/td> <\/tr> <tr> <td width=\"120\">Malzeme<\/td> <td width=\"478\">PP tank<\/td> <\/tr> <tr> <td width=\"120\">G\u00fc\u00e7 T\u00fcr\u00fc<\/td> <td width=\"478\">Elektrikli \/ Manuel \/ Elektrikli ve Manuel 2'si bir arada 1<\/td> <\/tr> <tr> <td width=\"120\">Logo<\/td> <td width=\"478\">\u00d6zelle\u015ftirilmi\u015f<\/td> <\/tr> <tr> <td width=\"120\">Hortum Uzunlu\u011fu<\/td> <td width=\"478\">1.3M PVC hortum<\/td> <\/tr> <tr> <td width=\"120\">\u00d6zelle\u015ftirilmi\u015f Kapasite<\/td> <td width=\"478\">16L\/18L\/20L<\/td> <\/tr> <tr> <td width=\"120\">Bas\u0131n\u00e7<\/td> <td width=\"478\">0.15-0.4Mpa<\/td> <\/tr> <tr> <td width=\"120\">Namlu<\/td> <td width=\"478\">Ayarlanabilir paslanmaz \u00e7elik namlu<\/td> <\/tr> <tr> <td width=\"120\">Nozul<\/td> <td width=\"478\">Fan memesi,2 delikli meme ,1 delikli meme ,p\u00fcsk\u00fcrt\u00fcc\u00fc par\u00e7alar\u0131 \u00e7antas\u0131na uygun<\/td> <\/tr> <tr> <td width=\"120\">Pil<\/td> <td width=\"478\">Asit kur\u015fun pil 12V8AH\/10AH\/12AH<\/td> <\/tr> <tr> <td width=\"120\">Pompa<\/td> <td width=\"478\">Otomatik pompa\/geri ak\u0131\u015f pompas\u0131<\/td> <\/tr> <tr> <td width=\"120\">\u015earj cihaz\u0131<\/td> <td width=\"478\">Giri\u015f:110V-240V AC  \u00e7\u0131k\u0131\u015f:12V1.0A<\/p> <p>Giri\u015f:110V-240V AC  \u00e7\u0131k\u0131\u015f:12V1.7A<\/td> <\/tr> <tr> <td rowspan=\"2\" width=\"120\">\u00c7al\u0131\u015fma S\u00fcresi<\/td> <td width=\"478\">12V, 8Ah kur\u015fun-asit pil ile 10 saat \u015farj edildikten sonra, 4-5 saat \u00e7al\u0131\u015fabilir<\/td> <\/tr> <tr> <td width=\"478\">12V, 10Ah kur\u015fun-asit pil ile 10 saat \u015farj edildikten sonra, 6-7 saat \u00e7al\u0131\u015fabilir<\/td> <\/tr> <\/tbody> <\/table> <\/div> <p class=\"translation-block\"><img decoding=\"async\" style=\"width: 400px; float: left; margin-right: 10px;\" src=\"https:\/\/www.agriculture-machine.com\/wp-content\/uploads\/2018\/10\/backpack-sprayer01.jpg\" alt=\"backpack-sprayer01\" \/><img decoding=\"async\" style=\"width: 400px;\" src=\"https:\/\/www.agriculture-machine.com\/wp-content\/uploads\/2018\/10\/backpack-sprayer02.jpg\" alt=\"backpack-sprayer02\" \/><br \/> we also have <a href=\"https:\/\/www.agriculture-machine.com\/tr\/amazing-garden-sprayer-drones-in-agriculture-crop-spraying\/\">drone sprayer<\/a> with higher capacity that is designed by advanced technology,please click the following link about this sprayer to get more information:<br \/> <a href=\"https:\/\/www.agriculture-machine.com\/tr\/amazing-garden-sprayer-drones-in-agriculture-crop-spraying\/\">https:\/\/www.agriculture-machine.com\/agricultural-drone-sprayer-in-china\/<\/a><\/p> <h2>Ba\u015far\u0131l\u0131 s\u0131rt \u00e7antas\u0131 p\u00fcsk\u00fcrt\u00fcc\u00fc \u00f6rne\u011fi<\/h2> <p class=\"translation-block\">Mart 2019'da, 200 set<a href=\"https:\/\/www.agriculture-machine.com\/tr\/gasoline-engine-backpack-sprayer-best-garden-sprayer-spraying-pesticide\/\"><strong> pil s\u0131rt \u00e7antas\u0131 p\u00fcsk\u00fcrt\u00fcc\u00fc<\/strong> <\/a>Gana'ya satt\u0131k. M\u00fc\u015fteri \u00f6nce fabrikam\u0131z\u0131 ziyaret etti, test yapt\u0131 ve sonra p\u00fcsk\u00fcrt\u00fcc\u00fc detaylar\u0131yla ilgili g\u00f6r\u00fc\u015fmeler yapt\u0131. Pil s\u0131rt \u00e7antas\u0131 p\u00fcsk\u00fcrt\u00fcc\u00fcn\u00fcn kalitesinden tamamen emin olduktan sonra, bizden b\u00fcy\u00fck miktarda sipari\u015f verdi ve a\u015fa\u011f\u0131daki resimler onun.<\/p> <p><img loading=\"lazy\" decoding=\"async\" class=\"alignnone size-full wp-image-4051\" src=\"https:\/\/www.agriculture-machine.com\/wp-content\/uploads\/2018\/10\/garden-sprayer-6.jpg\" alt=\"\" width=\"750\" height=\"750\" srcset=\"https:\/\/www.agriculture-machine.com\/wp-content\/uploads\/2018\/10\/garden-sprayer-6.jpg 750w, https:\/\/www.agriculture-machine.com\/wp-content\/uploads\/2018\/10\/garden-sprayer-6-270x270.jpg 270w, https:\/\/www.agriculture-machine.com\/wp-content\/uploads\/2018\/10\/garden-sprayer-6-540x540.jpg 540w\" sizes=\"auto, (max-width: 750px) 100vw, 750px\" \/><\/p> <p><img loading=\"lazy\" decoding=\"async\" class=\"alignnone size-full wp-image-4048\" src=\"https:\/\/www.agriculture-machine.com\/wp-content\/uploads\/2018\/10\/garden-sprayer-3.jpg\" alt=\"\" width=\"750\" height=\"750\" srcset=\"https:\/\/www.agriculture-machine.com\/wp-content\/uploads\/2018\/10\/garden-sprayer-3.jpg 750w, https:\/\/www.agriculture-machine.com\/wp-content\/uploads\/2018\/10\/garden-sprayer-3-270x270.jpg 270w, https:\/\/www.agriculture-machine.com\/wp-content\/uploads\/2018\/10\/garden-sprayer-3-540x540.jpg 540w\" sizes=\"auto, (max-width: 750px) 100vw, 750px\" \/><\/p> <p><img loading=\"lazy\" decoding=\"async\" class=\"alignnone size-full wp-image-4047\" src=\"https:\/\/www.agriculture-machine.com\/wp-content\/uploads\/2018\/10\/garden-sprayer-2.jpg\" alt=\"\" width=\"750\" height=\"750\" srcset=\"https:\/\/www.agriculture-machine.com\/wp-content\/uploads\/2018\/10\/garden-sprayer-2.jpg 750w, https:\/\/www.agriculture-machine.com\/wp-content\/uploads\/2018\/10\/garden-sprayer-2-270x270.jpg 270w, https:\/\/www.agriculture-machine.com\/wp-content\/uploads\/2018\/10\/garden-sprayer-2-540x540.jpg 540w\" sizes=\"auto, (max-width: 750px) 100vw, 750px\" \/><\/p>","protected":false},"excerpt":{"rendered":"<p>Introduction of backpack sprayer: Backpack sprayer has a variety of replacement nozzles for a wide range of applications.It can be used for fruit trees, crops,farm disinfection,etc. there is breathable back cushion to protect the bac of operator\u00a0from damage.\u00a0This\u00a0battery backpack sprayer can effectively the pest on the plant, improving the farm yield and saving labor time. [&hellip;]<\/p>\n","protected":false},"author":1,"featured_media":2026,"parent":0,"comment_status":"open","ping_status":"open","template":"","tags":[136],"product-type":[920,1],"class_list":["post-1248","product","type-product","status-publish","has-post-thumbnail","hentry","tag-sprayer","product-type-drone-sprayer","product-type-other"],"_links":{"self":[{"href":"https:\/\/www.agriculture-machine.com\/tr\/wp-json\/wp\/v2\/product\/1248","targetHints":{"allow":["GET"]}}],"collection":[{"href":"https:\/\/www.agriculture-machine.com\/tr\/wp-json\/wp\/v2\/product"}],"about":[{"href":"https:\/\/www.agriculture-machine.com\/tr\/wp-json\/wp\/v2\/types\/product"}],"author":[{"embeddable":true,"href":"https:\/\/www.agriculture-machine.com\/tr\/wp-json\/wp\/v2\/users\/1"}],"replies":[{"embeddable":true,"href":"https:\/\/www.agriculture-machine.com\/tr\/wp-json\/wp\/v2\/comments?post=1248"}],"wp:featuredmedia":[{"embeddable":true,"href":"https:\/\/www.agriculture-machine.com\/tr\/wp-json\/wp\/v2\/media\/2026"}],"wp:attachment":[{"href":"https:\/\/www.agriculture-machine.com\/tr\/wp-json\/wp\/v2\/media?parent=1248"}],"wp:term":[{"taxonomy":"post_tag","embeddable":true,"href":"https:\/\/www.agriculture-machine.com\/tr\/wp-json\/wp\/v2\/tags?post=1248"},{"taxonomy":"product-type","embeddable":true,"href":"https:\/\/www.agriculture-machine.com\/tr\/wp-json\/wp\/v2\/product-type?post=1248"}],"curies":[{"name":"wp","href":"https:\/\/api.w.org\/{rel}","templated":true}]}}