{"id":12579,"date":"2022-01-21T17:00:56","date_gmt":"2022-01-21T09:00:56","guid":{"rendered":"https:\/\/www.agriculture-machine.com\/?p=12579"},"modified":"2024-03-19T14:20:11","modified_gmt":"2024-03-19T06:20:11","slug":"peanut-groundnut-shell-removing-machine","status":"publish","type":"product","link":"https:\/\/www.agriculture-machine.com\/tr\/peanut-groundnut-shell-removing-machine\/","title":{"rendered":"Yerf\u0131st\u0131\u011f\u0131 ve yerf\u0131st\u0131\u011f\u0131 kabu\u011fu \u00e7\u0131karma makinesi"},"content":{"rendered":"<p>Yerf\u0131st\u0131\u011f\u0131 kabu\u011fu \u00e7\u0131karma makinelerinin kullan\u0131m\u0131 her y\u0131l art\u0131yor. Bunun nedeni, yerf\u0131st\u0131\u011f\u0131n\u0131n ya\u011f bitkilerinden biri olmas\u0131d\u0131r. Ve insanlar, basit i\u015flemlerden sonra yiyebilirler. Yerf\u0131st\u0131\u011f\u0131 i\u015fleme s\u00fcrecinin ilk ad\u0131m\u0131, yerf\u0131st\u0131\u011f\u0131 kabu\u011funu \u00e7\u0131karmakt\u0131r.<\/p>    <figure class=\"wp-block-image aligncenter size-full\"><img loading=\"lazy\" decoding=\"async\" width=\"720\" height=\"540\" src=\"https:\/\/www.agriculture-machine.com\/wp-content\/uploads\/2022\/01\/peanut-shell-removing-machine-for-sale.webp\" alt=\"Yerf\u0131st\u0131\u011f\u0131 kabu\u011fu \u00e7\u0131karma makinesi sat\u0131l\u0131k\" class=\"wp-image-15636\" srcset=\"https:\/\/www.agriculture-machine.com\/wp-content\/uploads\/2022\/01\/peanut-shell-removing-machine-for-sale.webp 720w, https:\/\/www.agriculture-machine.com\/wp-content\/uploads\/2022\/01\/peanut-shell-removing-machine-for-sale-360x270.webp 360w, https:\/\/www.agriculture-machine.com\/wp-content\/uploads\/2022\/01\/peanut-shell-removing-machine-for-sale-240x180.webp 240w\" sizes=\"auto, (max-width: 720px) 100vw, 720px\" \/><figcaption class=\"wp-element-caption\">Yerf\u0131st\u0131\u011f\u0131 kabu\u011fu \u00e7\u0131karma makinesi sat\u0131l\u0131k<\/figcaption><\/figure>    <p class=\"translation-block\">\u015eimdi, yerf\u0131st\u0131\u011f\u0131 ekim alan\u0131 b\u00fcy\u00fck ve verim y\u00fcksektir. Bu nedenle, yerf\u0131st\u0131\u011f\u0131n\u0131 elle soyma \u00e7ok fazla insan g\u00fcc\u00fc ve zaman al\u0131r. Bir yerf\u0131st\u0131\u011f\u0131 kabu\u011fu \u00e7\u0131kar\u0131c\u0131 kullanmak bu sorunu \u00e7\u00f6zebilir. \u0130nsanlar\u0131n zaman tasarrufu yapmas\u0131na ve \u00e7al\u0131\u015fma verimlili\u011fini art\u0131rmas\u0131na yard\u0131mc\u0131 olur. \u0130\u015flenmi\u015f yerf\u0131st\u0131\u011f\u0131, daha az yabanc\u0131 madde ve daha d\u00fc\u015f\u00fck k\u0131r\u0131k oran\u0131na sahiptir. Ve insanlar, ya\u011f\u0131 s\u0131kmak i\u00e7in <strong><em>vida ya\u011f presi makinesi<\/em><\/strong> kullanabilirler.<\/p>    <p class=\"translation-block\">Ayr\u0131ca, di\u011fer tip yerf\u0131st\u0131\u011f\u0131 kabu\u011fu \u00e7\u0131karma makinelerimiz de mevcuttur, detaylar i\u00e7in t\u0131klay\u0131n: <a href=\"https:\/\/www.agriculture-machine.com\/tr\/peanut-groundmut-sheller-removing-machine\/\"><strong><em>Yerf\u0131st\u0131\u011f\u0131 kabu\u011fu \u00e7\u0131karma makinesi | yerf\u0131st\u0131\u011f\u0131 kabu\u011fu \u00e7\u0131karma<\/em><\/strong><\/a>, <a href=\"https:\/\/www.agriculture-machine.com\/tr\/peanut-groundmut-sheller-removing-machine\/\"><strong><em>Yerf\u0131st\u0131\u011f\u0131 kabu\u011fu \u00e7\u0131karma makinesi | yerf\u0131st\u0131\u011f\u0131 kabu\u011fu \u00e7\u0131karma<\/em><\/strong><\/a>, ve <a href=\"https:\/\/www.agriculture-machine.com\/tr\/peanut-sheller\/\"><strong><em>Yerf\u0131st\u0131\u011f\u0131 kabu\u011fu \u00e7\u0131karma makinesi \/ yerf\u0131st\u0131\u011f\u0131 kabu\u011fu fabrikas\u0131<\/em><\/strong><\/a>.<\/p>    <h2 class=\"wp-block-heading\" id=\"h-introduction-of-the-peanut-shell-removing-machine\">Yerf\u0131st\u0131\u011f\u0131 kabu\u011fu \u00e7\u0131karma makinesinin tan\u0131t\u0131m\u0131<\/h2>    <p>Bir yerf\u0131st\u0131\u011f\u0131 kabu\u011fu \u00e7\u0131karma makinesi, yerf\u0131st\u0131\u011f\u0131 kabuklar\u0131n\u0131 temizleyebilen ekipmand\u0131r. Tam makine modellerimiz var. Ve farkl\u0131 modellerin farkl\u0131 kapasiteleri vard\u0131r. Bu makale, saatte 200kg yerf\u0131st\u0131\u011f\u0131 i\u015fleyebilen TBH-200 yerf\u0131st\u0131\u011f\u0131 kabu\u011fu \u00e7\u0131karma makinesi hakk\u0131ndad\u0131r.<\/p>    <p>Yerf\u0131st\u0131\u011f\u0131 kabu\u011fu \u00e7\u0131karma makinesi, kompakt, hafif, ta\u015f\u0131nmas\u0131 kolay, kurulumu basit, y\u00fcksek \u00fcretim verimlili\u011fi ve iyi temizlik etkisi avantajlar\u0131na sahiptir. Bu nedenle, bu makineyi tarlaya da g\u00f6t\u00fcrebilirsiniz. TBH-200 yerf\u0131st\u0131\u011f\u0131 kabu\u011fu \u00e7\u0131kar\u0131c\u0131 i\u00e7in bir ekran vard\u0131r. Ve farkl\u0131 bo\u015fluklara sahip farkl\u0131 ekranlar\u0131m\u0131z var. Size uygun bir bo\u015fluk ekran\u0131 \u00f6nerece\u011fiz. G\u00fc\u00e7 a\u00e7\u0131s\u0131ndan, yerf\u0131st\u0131\u011f\u0131 kabu\u011fu \u00e7\u0131karma makinemiz elektrik motoru veya benzinli motorla \u00e7al\u0131\u015fabilir.<\/p>    <figure class=\"wp-block-image aligncenter size-full\"><img loading=\"lazy\" decoding=\"async\" width=\"720\" height=\"540\" src=\"https:\/\/www.agriculture-machine.com\/wp-content\/uploads\/2022\/01\/q1-1.jpg\" alt=\"\" class=\"wp-image-12585\" srcset=\"https:\/\/www.agriculture-machine.com\/wp-content\/uploads\/2022\/01\/q1-1.jpg 720w, https:\/\/www.agriculture-machine.com\/wp-content\/uploads\/2022\/01\/q1-1-360x270.jpg 360w, https:\/\/www.agriculture-machine.com\/wp-content\/uploads\/2022\/01\/q1-1-240x180.jpg 240w\" sizes=\"auto, (max-width: 720px) 100vw, 720px\" \/><figcaption class=\"wp-element-caption\"> Yerf\u0131st\u0131\u011f\u0131 kabu\u011fu \u00e7\u0131karma makinesi <\/figcaption><\/figure>    <h2 class=\"wp-block-heading\">Yerf\u0131st\u0131\u011f\u0131 kabu\u011fu \u00e7\u0131karma makinesinin yap\u0131s\u0131<\/h2>    <p>Yerf\u0131st\u0131\u011f\u0131 kabu\u011fu \u00e7\u0131karma makinesi, giri\u015f, ekran, silindir, \u015faft, yerf\u0131st\u0131\u011f\u0131 \u00e7ekirde\u011fi \u00e7\u0131k\u0131\u015f\u0131, fan, g\u00fc\u00e7 kayna\u011f\u0131 (elektrikli motor, benzinli motor) gibi ana bile\u015fenlerden olu\u015fur.<\/p>    <figure class=\"wp-block-image aligncenter size-full\"><img loading=\"lazy\" decoding=\"async\" width=\"720\" height=\"540\" src=\"https:\/\/www.agriculture-machine.com\/wp-content\/uploads\/2022\/01\/\u5728\u6587\u7ae0\u91cc720540-1.jpg\" alt=\"yerf\u0131st\u0131\u011f\u0131 kabu\u011fu \u00e7\u0131karma makinesi\" class=\"wp-image-12589\" title=\"yerf\u0131st\u0131\u011f\u0131 kabu\u011fu \u00e7\u0131karma makinesi\" srcset=\"https:\/\/www.agriculture-machine.com\/wp-content\/uploads\/2022\/01\/\u5728\u6587\u7ae0\u91cc720540-1.jpg 720w, https:\/\/www.agriculture-machine.com\/wp-content\/uploads\/2022\/01\/\u5728\u6587\u7ae0\u91cc720540-1-360x270.jpg 360w, https:\/\/www.agriculture-machine.com\/wp-content\/uploads\/2022\/01\/\u5728\u6587\u7ae0\u91cc720540-1-240x180.jpg 240w\" sizes=\"auto, (max-width: 720px) 100vw, 720px\" \/><figcaption class=\"wp-element-caption\"> yerf\u0131st\u0131\u011f\u0131 kabu\u011fu \u00e7\u0131karma makinesi <\/figcaption><\/figure>    <h2 class=\"wp-block-heading\">Yerf\u0131st\u0131\u011f\u0131 kabu\u011fu \u00e7\u0131karma ak\u0131\u015f \u015femas\u0131<\/h2>    <ol class=\"wp-block-list\"> <li>\u0130lk olarak, yerf\u0131st\u0131\u011f\u0131 kabu\u011fu \u00e7\u0131kar\u0131c\u0131y\u0131 ba\u015flat\u0131n. Sonra, yerf\u0131st\u0131\u011f\u0131n\u0131 giri\u015fe miktar\u0131na g\u00f6re, d\u00fczg\u00fcn ve s\u00fcrekli olarak koyun.<\/li>    <li>\u0130kinci olarak, yerf\u0131st\u0131\u011f\u0131 kabu\u011fu, rotorun tekrar tekrar darbeleri, s\u00fcrt\u00fcnme ve \u00e7arp\u0131\u015fmas\u0131yla k\u0131r\u0131l\u0131r.<\/li>    <li>\u00dc\u00e7\u00fcnc\u00fc olarak, d\u00f6nen r\u00fczgar bas\u0131nc\u0131 ve rotorun \u00fcfmesiyle, yerf\u0131st\u0131\u011f\u0131 taneleri ve k\u0131r\u0131k yerf\u0131st\u0131\u011f\u0131 kabuklar\u0131 bir ekran arac\u0131l\u0131\u011f\u0131yla ge\u00e7er.<\/li>    <li>Sonra, d\u00f6nen fan yerf\u0131st\u0131\u011f\u0131 kabu\u011funu bu yerf\u0131st\u0131\u011f\u0131 kabu\u011fu \u00e7\u0131karma makinesinden \u00fcfler. Yerf\u0131st\u0131\u011f\u0131 taneleri, temizlik amac\u0131yla titre\u015fimli bir ekran taraf\u0131ndan s\u00fcz\u00fcl\u00fcr.<\/li> <\/ol>    <h2 class=\"wp-block-heading\">Yerf\u0131st\u0131\u011f\u0131 soyma makinesinin \u00e7al\u0131\u015fma videosu<\/h2>    <figure class=\"wp-block-embed is-type-video is-provider-youtube wp-block-embed-youtube wp-embed-aspect-16-9 wp-has-aspect-ratio\"><div class=\"wp-block-embed__wrapper\"> <iframe loading=\"lazy\" title=\"Yer f\u0131st\u0131\u011f\u0131 kabuk ay\u0131r\u0131c\u0131 makine \/ kabuk soyma makinesi geri bildirim videosu\" width=\"500\" height=\"281\" src=\"https:\/\/www.youtube.com\/embed\/dxo5IU9mOk4?feature=oembed\" frameborder=\"0\" allow=\"accelerometer; autoplay; clipboard-write; encrypted-media; gyroscope; picture-in-picture; web-share\" referrerpolicy=\"strict-origin-when-cross-origin\" allowfullscreen><\/iframe> <\/div><figcaption class=\"wp-element-caption\"> Yerf\u0131st\u0131\u011f\u0131 soyma makinesinin \u00e7al\u0131\u015fma videosu <\/figcaption><\/figure>    <h2 class=\"wp-block-heading\">Yerf\u0131st\u0131\u011f\u0131 kabu\u011fu \u00e7\u0131karma makinesinin parametresi<\/h2>    <figure class=\"wp-block-table is-style-stripes\"><table><tbody><tr><td>Model<\/td><td>TBH-200<\/td><\/tr><tr><td>G\u00fc\u00e7<\/td><td>benzinli motor veya elektrik motoru<\/td><\/tr><tr><td>Kapasite<\/td><td>200-300kg\/h<\/td><\/tr><tr><td>A\u011f\u0131rl\u0131k<\/td><td>65kg<\/td><\/tr><tr><td>Boyut<\/td><td>650*560*1000mm<\/td><\/tr><tr><td>Minimum sipari\u015f miktar\u0131<\/td><td>10 adet<\/td><\/tr><\/tbody><\/table><figcaption class=\"wp-element-caption\"> Yerf\u0131st\u0131\u011f\u0131 kabu\u011fu \u00e7\u0131karma makinesinin parametresi <\/figcaption><\/figure>    <h2 class=\"wp-block-heading\">Yerf\u0131st\u0131\u011f\u0131 kabu\u011fu \u00e7\u0131karma makinesinin avantajlar\u0131<\/h2>    <ol class=\"wp-block-list\"> <li>Y\u00fcksek \u00fcretkenlik. Kapasite 200-300kg\/h. Ve temiz kabuklama. Kabukland\u0131ktan sonra yerf\u0131st\u0131\u011f\u0131nda neredeyse hi\u00e7 kir yok.<\/li>    <li>D\u00fc\u015f\u00fck kay\u0131p oran\u0131 ve az k\u0131r\u0131k oran\u0131. \u00c7ok az k\u0131r\u0131k yerf\u0131st\u0131\u011f\u0131 \u00e7ekirde\u011fi vard\u0131r.<\/li>    <li>Yap\u0131 basittir, kullan\u0131m\u0131 g\u00fcvenilirdir. Yerf\u0131st\u0131\u011f\u0131 kabu\u011fu \u00e7\u0131karma makinesi uzun hizmet \u00f6mr\u00fcne sahiptir.<\/li>    <li>Ayarlama kullan\u0131m\u0131 kolayd\u0131r ve enerji t\u00fcketimi d\u00fc\u015f\u00fckt\u00fcr.&nbsp;<\/li> <\/ol>    <figure class=\"wp-block-image aligncenter size-full\"><img loading=\"lazy\" decoding=\"async\" width=\"720\" height=\"540\" src=\"https:\/\/www.agriculture-machine.com\/wp-content\/uploads\/2022\/01\/\u6587\u7ae0\u91cc-1.jpg\" alt=\"yerf\u0131st\u0131\u011f\u0131 kabuklama makinesi\" class=\"wp-image-12590\" title=\"yerf\u0131st\u0131\u011f\u0131 kabuklama makinesi\" srcset=\"https:\/\/www.agriculture-machine.com\/wp-content\/uploads\/2022\/01\/\u6587\u7ae0\u91cc-1.jpg 720w, https:\/\/www.agriculture-machine.com\/wp-content\/uploads\/2022\/01\/\u6587\u7ae0\u91cc-1-360x270.jpg 360w, https:\/\/www.agriculture-machine.com\/wp-content\/uploads\/2022\/01\/\u6587\u7ae0\u91cc-1-240x180.jpg 240w\" sizes=\"auto, (max-width: 720px) 100vw, 720px\" \/><figcaption class=\"wp-element-caption\"> yerf\u0131st\u0131\u011f\u0131 kabuklama makinesi <\/figcaption><\/figure>    <h2 class=\"wp-block-heading\">Yerf\u0131st\u0131\u011f\u0131 kabu\u011fu \u00e7\u0131karma makinesinin \u00f6nlemleri<\/h2>    <p>1. Kullan\u0131mdan \u00f6nce, ba\u011flant\u0131 elemanlar\u0131n\u0131n s\u0131k\u0131 olup olmad\u0131\u011f\u0131n\u0131 kontrol edin. D\u00f6nen par\u00e7an\u0131n hareketli olup olmad\u0131\u011f\u0131n\u0131 ve her yatak i\u00e7inde ya\u011f olup olmad\u0131\u011f\u0131n\u0131 kontrol edin.<\/p>    <p>2. Yerf\u0131st\u0131klar\u0131n\u0131 e\u015fit ve uygun miktarda beslemeliyiz. Malzeme demir tala\u015f\u0131, ta\u015flar ve di\u011fer yabanc\u0131 maddeler i\u00e7ermemelidir, b\u00f6ylece yerf\u0131st\u0131\u011f\u0131 k\u0131r\u0131lmas\u0131n\u0131 ve mekanik ar\u0131zalar\u0131 \u00f6nleriz.<\/p>    <p>3. Makineyi saklamadan \u00f6nce, y\u00fczeydeki toz, kir ve kalan tohumlar\u0131 temizleyin. Ard\u0131ndan boyal\u0131 par\u00e7alar\u0131 yeniden boyay\u0131n. Boya kuruduktan sonra, makineyi kapat\u0131n ve kuru bir depoda saklay\u0131n. Kay\u0131\u015f\u0131 \u00e7\u0131karmal\u0131 ve i\u00e7 mekanda g\u00fcne\u015f g\u00f6rmeyecek bir duvara asmal\u0131y\u0131z.<\/p>    <h2 class=\"wp-block-heading\">\u0130stedi\u011finiz zaman bizimle ileti\u015fime ge\u00e7in<\/h2>    <p>\u0130leri k\u00fc\u00e7\u00fck yerf\u0131st\u0131\u011f\u0131 kabu\u011fu \u00e7\u0131karma makinemize ilgilenenler, l\u00fctfen daha fazla detay i\u00e7in profesyonel ekibimizle ileti\u015fime ge\u00e7in. Ayr\u0131ca, sizi fabrikam\u0131z\u0131 ziyaret etmeye ve makinelerimizin performans\u0131n\u0131 kendiniz deneyimlemeye davet ediyoruz. En iyi kalite \u00fcr\u00fcnler ve hizmetler sunmay\u0131 d\u00f6rt g\u00f6zle bekliyoruz!<\/p>","protected":false},"excerpt":{"rendered":"<p>Bu yerf\u0131st\u0131\u011f\u0131 kabu\u011fu \u00e7\u0131karma makinesi, k\u00fc\u00e7\u00fck \u00f6l\u00e7ekli \u00e7ift\u00e7iler ve i\u015fleme tesisleri i\u00e7in tasarlanm\u0131\u015f verimli ve kullan\u0131\u015fl\u0131 bir makinedir. Kompakt tasar\u0131m\u0131 ve g\u00fc\u00e7l\u00fc performans\u0131, yerf\u0131st\u0131\u011f\u0131 kabu\u011fu \u00e7\u0131karma i\u015flemi i\u00e7in idealdir. <\/p>","protected":false},"author":1,"featured_media":12584,"parent":0,"comment_status":"closed","ping_status":"closed","template":"","tags":[548,649,520,107,108,519,2450],"product-type":[895],"class_list":["post-12579","product","type-product","status-publish","has-post-thumbnail","hentry","tag-groundnut-shell-removing-machine","tag-groundnut-shelling","tag-groundnut-shelling-machine","tag-peanut-sheller","tag-peanut-sheller-machine","tag-peanut-shelling-machine","tag-peanut-shelling-machine-for-home","product-type-peanut-sheller"],"_links":{"self":[{"href":"https:\/\/www.agriculture-machine.com\/tr\/wp-json\/wp\/v2\/product\/12579","targetHints":{"allow":["GET"]}}],"collection":[{"href":"https:\/\/www.agriculture-machine.com\/tr\/wp-json\/wp\/v2\/product"}],"about":[{"href":"https:\/\/www.agriculture-machine.com\/tr\/wp-json\/wp\/v2\/types\/product"}],"author":[{"embeddable":true,"href":"https:\/\/www.agriculture-machine.com\/tr\/wp-json\/wp\/v2\/users\/1"}],"replies":[{"embeddable":true,"href":"https:\/\/www.agriculture-machine.com\/tr\/wp-json\/wp\/v2\/comments?post=12579"}],"wp:featuredmedia":[{"embeddable":true,"href":"https:\/\/www.agriculture-machine.com\/tr\/wp-json\/wp\/v2\/media\/12584"}],"wp:attachment":[{"href":"https:\/\/www.agriculture-machine.com\/tr\/wp-json\/wp\/v2\/media?parent=12579"}],"wp:term":[{"taxonomy":"post_tag","embeddable":true,"href":"https:\/\/www.agriculture-machine.com\/tr\/wp-json\/wp\/v2\/tags?post=12579"},{"taxonomy":"product-type","embeddable":true,"href":"https:\/\/www.agriculture-machine.com\/tr\/wp-json\/wp\/v2\/product-type?post=12579"}],"curies":[{"name":"wp","href":"https:\/\/api.w.org\/{rel}","templated":true}]}}