{"id":12594,"date":"2022-01-25T18:19:44","date_gmt":"2022-01-25T10:19:44","guid":{"rendered":"https:\/\/www.agriculture-machine.com\/?p=12594"},"modified":"2024-10-24T14:11:32","modified_gmt":"2024-10-24T06:11:32","slug":"industrial-combined-peanut-groundnut-shelling-machine","status":"publish","type":"product","link":"https:\/\/www.agriculture-machine.com\/tr\/industrial-combined-peanut-groundnut-shelling-machine\/","title":{"rendered":"End\u00fcstriyel kombine yerf\u0131st\u0131\u011f\u0131 ve yerf\u0131st\u0131\u011f\u0131 kabuklama makinesi"},"content":{"rendered":"<p class=\"translation-block\">K\u00fc\u00e7\u00fck modellerin yan\u0131 s\u0131ra, <a href=\"https:\/\/www.agriculture-machine.com\/tr\/thresher-sheller\/peanut-sheller\/\">yerf\u0131st\u0131\u011f\u0131 kabuklama makineleri<\/a> de fabrika kullan\u0131m\u0131 i\u00e7in daha b\u00fcy\u00fck modeller de mevcuttur. Genellikle, yerf\u0131st\u0131\u011f\u0131 kabuklama makinesi, yerf\u0131st\u0131\u011f\u0131 temizleme makinesiyle birlikte kullan\u0131l\u0131r. Bu b\u00fcy\u00fck boyutlu yerf\u0131st\u0131\u011f\u0131 k\u0131rma \u00fcnitesi, temiz kabuklama, y\u00fcksek \u00e7al\u0131\u015fma verimlili\u011fi ve d\u00fc\u015f\u00fck yabanc\u0131 madde oran\u0131 \u00f6zelliklerine sahiptir. Ayr\u0131ca, bu \u00f6zellikler, fabrikan\u0131n her g\u00fcn b\u00fcy\u00fck miktarda yerf\u0131st\u0131\u011f\u0131 i\u015flemesi gereksinimlerini kar\u015f\u0131lar.\u00a0<\/p>    <figure class=\"wp-block-embed aligncenter is-type-video is-provider-youtube wp-block-embed-youtube wp-embed-aspect-16-9 wp-has-aspect-ratio\"><div class=\"wp-block-embed__wrapper\"> <iframe loading=\"lazy\" title=\"Yerf\u0131st\u0131\u011f\u0131 \u0130\u015fleme Devrimi: Yenilik\u00e7i Yerf\u0131st\u0131\u011f\u0131 Kabuklama \u00dcnitesi (Temizlik ve Kabuklama)!#yerf\u0131st\u0131\u011f\u0131\" width=\"500\" height=\"281\" src=\"https:\/\/www.youtube.com\/embed\/egCUZvfcnFI?feature=oembed\" frameborder=\"0\" allow=\"accelerometer; autoplay; clipboard-write; encrypted-media; gyroscope; picture-in-picture; web-share\" referrerpolicy=\"strict-origin-when-cross-origin\" allowfullscreen><\/iframe> <\/div><figcaption class=\"wp-element-caption\">End\u00fcstriyel kombine yerf\u0131st\u0131\u011f\u0131 ve yerf\u0131st\u0131\u011f\u0131 kabuklama makinesi \u00e7al\u0131\u015fma videosu<\/figcaption><\/figure>    <p>Normal ko\u015fullarda, bu yerf\u0131st\u0131klar\u0131, temel olmayan yiyecek yapmak veya yerf\u0131st\u0131\u011f\u0131 ya\u011f\u0131 \u00e7\u0131karmak i\u00e7in kullan\u0131l\u0131r. Yerf\u0131st\u0131\u011f\u0131 ya\u011f\u0131, g\u00fcnl\u00fck hayatta s\u0131k\u00e7a t\u00fcketilen bir ya\u011fd\u0131r. Yerf\u0131st\u0131\u011f\u0131 ya\u011f\u0131 i\u015flemek i\u00e7in bir vida ya\u011f\u0131 \u00e7\u0131karma makinesi kullan\u0131labilir. Ayr\u0131ca, vida pres makinesi, susam, soya fasulyesi ve di\u011fer malzemeleri de i\u015fleyebilir.<\/p>    <h2 class=\"wp-block-heading\" id=\"h-brief-introduction-of-the-industrial-peanut-shelling-machine\">End\u00fcstriyel kombine yerf\u0131st\u0131\u011f\u0131 ve yerf\u0131st\u0131\u011f\u0131 kabuklama makinesinin k\u0131sa tan\u0131t\u0131m\u0131<\/h2>    <p>Our 6BHX series industrial combined peanut groundnut shelling machine includes 4 models. And in this passage, I will introduce the model of 6BHX-1500. This model of peanut shell remover&#8217;s capacity is 1000kg per hour. The power provider is an electric motor. <\/p>    <p>Ayr\u0131ca, bu yerf\u0131st\u0131\u011f\u0131 kabuk \u00e7\u0131karma makinesi 2 ekranl\u0131d\u0131r, bu da yerf\u0131st\u0131\u011f\u0131 temizleyiciyi kabuklama i\u015flemiyle birlikte yapar. K\u00fc\u00e7\u00fck boyutlu yerf\u0131st\u0131\u011f\u0131 kabuklama ile bu kombine yerf\u0131st\u0131\u011f\u0131 kabuklama makinesi aras\u0131ndaki fark, onun yerf\u0131st\u0131\u011f\u0131 temizleyici ile \u00e7al\u0131\u015fmas\u0131d\u0131r.<\/p>    <p>Yerf\u0131st\u0131\u011f\u0131 temizleyici, yerf\u0131st\u0131klar i\u00e7indeki topaklar\u0131, metal par\u00e7alar\u0131n\u0131, yerf\u0131st\u0131\u011f\u0131 saplar\u0131n\u0131 vb. bir fan yard\u0131m\u0131yla \u00e7\u0131karabilir. Temiz yerf\u0131st\u0131\u011f\u0131 daha sonra yerf\u0131st\u0131\u011f\u0131 kabuk ay\u0131rma makinesine g\u00f6nderilir. Bu seri makine, di\u011fer yerf\u0131st\u0131\u011f\u0131 ay\u0131r\u0131c\u0131 makinelerle kar\u015f\u0131la\u015ft\u0131r\u0131ld\u0131\u011f\u0131nda daha az toz \u00fcretir ve fabrikalar\u0131n b\u00fcy\u00fck miktarda yerf\u0131st\u0131\u011f\u0131 i\u015flemesine yard\u0131mc\u0131 olur. \u00a0\u00a0<\/p>    <figure class=\"wp-block-image aligncenter size-full is-resized\"><img loading=\"lazy\" decoding=\"async\" width=\"720\" height=\"540\" src=\"https:\/\/www.agriculture-machine.com\/wp-content\/uploads\/2023\/03\/industrial-peanut-shelling-machine-.webp\" alt=\"end\u00fcstriyel yerf\u0131st\u0131\u011f\u0131 kabuklama makinesi\" class=\"wp-image-14501\" style=\"width:720px;height:540px\" title=\"end\u00fcstriyel yerf\u0131st\u0131\u011f\u0131 kabuklama makinesi\"\/><\/figure>    <h2 class=\"wp-block-heading\">End\u00fcstriyel kombine yerf\u0131st\u0131\u011f\u0131 ve yerf\u0131st\u0131\u011f\u0131 kabuklama makinesinin yap\u0131s\u0131<\/h2>    <p>1. Kabuk ay\u0131rma sistemi yap\u0131s\u0131<\/p>    <p>Elektrik motoru, besleme haznesi, kabuklama yap\u0131s\u0131, s\u0131ralama ve ay\u0131rma ekran\u0131, krank mili, emi\u015f fan\u0131 ve hava ta\u015f\u0131ma cihaz\u0131ndan olu\u015fur.<\/p>    <p>2. Yerf\u0131st\u0131\u011f\u0131 temizleme sistemi yap\u0131s\u0131<\/p>    <p>Bir elektrik motoru, besleme haznesi, s\u0131ralama ekran\u0131, krank mili, emi\u015f fan\u0131 ve hava ta\u015f\u0131ma cihaz\u0131n\u0131 i\u00e7erir.<\/p>    <figure class=\"wp-block-image aligncenter size-full\"><img loading=\"lazy\" decoding=\"async\" width=\"720\" height=\"540\" src=\"https:\/\/www.agriculture-machine.com\/wp-content\/uploads\/2023\/03\/combined-groundnut-shelling-machine-s-structure-.webp\" alt=\"kombi yerf\u0131st\u0131\u011f\u0131 kabuklama makinesinin yap\u0131s\u0131\" class=\"wp-image-14504\" title=\"kombi yerf\u0131st\u0131\u011f\u0131 kabuklama makinesinin yap\u0131s\u0131\"\/><\/figure>    <h2 class=\"wp-block-heading\">End\u00fcstriyel yerf\u0131st\u0131\u011f\u0131 kabuklama makinesinin \u00e7al\u0131\u015fma prensibi<\/h2>    <p>1. Yerf\u0131st\u0131\u011f\u0131 temizleme sistemi<\/p>    <p>\u0130lk olarak, yabanc\u0131 maddeleri i\u00e7eren yerf\u0131st\u0131klar\u0131n\u0131 hazneye d\u00f6k\u00fcn ve s\u0131ralama ekran\u0131na ak\u0131\u015f\u0131n\u0131 sa\u011flay\u0131n. Ard\u0131ndan, s\u0131ralama ekran\u0131, emi\u015f fan\u0131 ve krank mili arac\u0131l\u0131\u011f\u0131yla k\u0131r\u0131k yapraklar ve y\u00fczen tozlar\u0131 makineden \u00e7eker. <\/p>    <p>A\u011f\u0131r yabanc\u0131 maddeler (toprak, ta\u015flar) s\u0131ralama ekran\u0131 arac\u0131l\u0131\u011f\u0131yla ayr\u0131l\u0131r ve ard\u0131ndan makineden \u00e7e\u015fitli \u00e7\u0131k\u0131\u015f noktas\u0131ndan d\u0131\u015far\u0131 at\u0131l\u0131r. Yabanc\u0131 maddeleri \u00e7\u0131kar\u0131lan yerf\u0131st\u0131klar\u0131, elek y\u00fczeyinden a\u015fa\u011f\u0131 iner ve hava ta\u015f\u0131ma cihaz\u0131na akar. Son olarak, hava kuvveti yerf\u0131st\u0131klar\u0131n\u0131 kabuklama sisteminin haznesine ta\u015f\u0131r.<\/p>    <p>2. Kabuk ay\u0131rma sistemi<\/p>    <p>Besleme haznesindeki yerf\u0131st\u0131klar\u0131, ilgili kabuklama tamburuna ak\u0131\u015f sa\u011flar. Yerf\u0131st\u0131klar\u0131, kabuklama i\u015flemi s\u0131ras\u0131nda kabuk ve yerf\u0131st\u0131\u011f\u0131 \u00e7ekirde\u011fi birbirine s\u00fcrt\u00fcnerek soyulur. \u0130\u015flem sonras\u0131, kar\u0131\u015f\u0131k malzemeler, s\u0131ralama ve ay\u0131rma eleklerine girer. <\/p>    <p>Yerf\u0131st\u0131\u011f\u0131 kabuklar\u0131, emi\u015f fan\u0131 arac\u0131l\u0131\u011f\u0131yla end\u00fcstriyel kombine yerf\u0131st\u0131\u011f\u0131 ve yerf\u0131st\u0131\u011f\u0131 kabuklama makinesinden d\u0131\u015far\u0131 at\u0131l\u0131r. S\u0131n\u0131fland\u0131rma ve ay\u0131rma elekinde, yerf\u0131st\u0131\u011f\u0131 \u00e7ekirdekleri elek y\u00fczeyinden makinenin \u00e7\u0131k\u0131\u015f noktas\u0131na do\u011fru hareket eder.\u00a0<\/p>    <figure class=\"wp-block-image aligncenter size-full\"><img loading=\"lazy\" decoding=\"async\" width=\"720\" height=\"540\" src=\"https:\/\/www.agriculture-machine.com\/wp-content\/uploads\/2023\/03\/Industrial-combined-peanut-groundnut-shelling-machine-.webp\" alt=\"End\u00fcstriyel kombine yerf\u0131st\u0131\u011f\u0131 ve yerf\u0131st\u0131\u011f\u0131 kabuklama makinesi\" class=\"wp-image-14512\" title=\"End\u00fcstriyel kombine yerf\u0131st\u0131\u011f\u0131 ve yerf\u0131st\u0131\u011f\u0131 kabuklama makinesi\"\/><\/figure>    <h2 class=\"wp-block-heading\">Kombine yerf\u0131st\u0131\u011f\u0131 kabuklama makinesi \u00e7al\u0131\u015fma videosu<\/h2>    <figure class=\"wp-block-embed aligncenter is-type-video is-provider-youtube wp-block-embed-youtube wp-embed-aspect-16-9 wp-has-aspect-ratio\"><div class=\"wp-block-embed__wrapper\"> <iframe loading=\"lazy\" title=\"M\u00fckemmel kabuklama oran\u0131! Kombine yerf\u0131st\u0131\u011f\u0131 kabuklama \/ yerf\u0131st\u0131\u011f\u0131 temizleme makinesi\" width=\"500\" height=\"281\" src=\"https:\/\/www.youtube.com\/embed\/OdT4xxAK-3k?feature=oembed\" frameborder=\"0\" allow=\"accelerometer; autoplay; clipboard-write; encrypted-media; gyroscope; picture-in-picture; web-share\" referrerpolicy=\"strict-origin-when-cross-origin\" allowfullscreen><\/iframe> <\/div><figcaption class=\"wp-element-caption\">End\u00fcstriyel kombine yerf\u0131st\u0131\u011f\u0131 ve yerf\u0131st\u0131\u011f\u0131 kabuklama makinesi \u00e7al\u0131\u015fma videosu <\/figcaption><\/figure>    <h2 class=\"wp-block-heading\">6BHX-1500 yerf\u0131st\u0131\u011f\u0131 kabuk ay\u0131rma makinesi parametresi<\/h2>    <figure class=\"wp-block-table is-style-stripes\"><table><tbody><tr><td>Model<\/td><td>6BHX-1500<\/td><\/tr><tr><td>Kapasite<\/td><td>1000kg\/h<\/td><\/tr><tr><td>Kabuklama Oran\u0131 (%)<\/td><td>\u226599<\/td><\/tr><tr><td>Temizlik Oran\u0131 (%)<\/td><td>\u226599<\/td><\/tr><tr><td>K\u0131r\u0131lma Oran\u0131 (%):<\/td><td>\u22645<\/td><\/tr><tr><td>Kay\u0131p Oran\u0131 (%)<\/td><td>\u22640.5<\/td><\/tr><tr><td>Nem (%)<\/td><td>10<\/td><\/tr><tr><td>Kabuklama Motoru<\/td><td>1.5KW 3KW<\/td><\/tr><tr><td>Temizlik Motoru<\/td><td>2.2KW<\/td><\/tr><tr><td>A\u011f\u0131rl\u0131k<\/td><td>520kg<\/td><\/tr><tr><td>Boyut<\/td><td>1500*1050*1460mm<\/td><\/tr><\/tbody><\/table><figcaption class=\"wp-element-caption\"> 6BHX-1500 yerf\u0131st\u0131\u011f\u0131 kabuk ay\u0131rma makinesi parametresi <\/figcaption><\/figure>    <h2 class=\"wp-block-heading\">End\u00fcstriyel yerf\u0131st\u0131\u011f\u0131 kabuklama makinesinin avantajlar\u0131<\/h2>    <p>1. Kabuklama olmayan asma s\u0131ralama<\/p>    <p>2. Silindir, sa\u011f ve sol d\u00f6n\u00fc\u015flere sahiptir ve kabuklama oran\u0131 daha y\u00fcksektir.<\/p>    <p>3. S\u0131zd\u0131rmaz titre\u015fimli ekran kutusu, daha y\u00fcksek temizlik oran\u0131na sahiptir ve tozun u\u00e7mas\u0131n\u0131 \u00f6nler.<\/p>    <p>4. K\u0131r\u0131lm\u0131\u015f yerf\u0131st\u0131\u011f\u0131 kabuklar\u0131, \u00f6zel bir fan taraf\u0131ndan \u00fcflenir ve do\u011frudan g\u00fcbre olarak kullan\u0131labilir. <\/p>    <h2 class=\"wp-block-heading\">\u0130htiyac\u0131n\u0131za uygun end\u00fcstriyel yerf\u0131st\u0131\u011f\u0131 kabuklama makinesini nas\u0131l se\u00e7ersiniz?<\/h2>    <ol class=\"wp-block-list\"> <li>Kapasi\u0307te\u0307t: Saatte kabuklanmas\u0131 gereken yerf\u0131st\u0131\u011f\u0131 say\u0131s\u0131n\u0131 belirler. Bu, end\u00fcstriyel se\u00e7iminizde yard\u0131mc\u0131 olur. <a href=\"https:\/\/www.agriculture-machine.com\/tr\/combined-peanut-cleaning-and-shelling-machine\/\">yerf\u0131st\u0131\u011f\u0131 kabuklama makinesi<\/a> \u0130htiyac\u0131n\u0131za uygun model.<\/li>    <li>\u0130yi \u00e7al\u0131\u015fma performans\u0131: Son yerf\u0131st\u0131\u011f\u0131 \u00e7ekirde\u011finin y\u00fcksek k\u0131r\u0131lma oran\u0131na sahip olup olmad\u0131\u011f\u0131n\u0131 kontrol edin. Daha k\u00fc\u00e7\u00fck k\u0131r\u0131lma oran\u0131na sahip yerf\u0131st\u0131\u011f\u0131 kabuklama makinesi se\u00e7in.<\/li>    <li>G\u00fc\u00e7: Yerf\u0131st\u0131\u011f\u0131 kabuklama makineleri, elektrik motorlar\u0131, dizel motorlar vb. ile donat\u0131labilir. \u0130htiyac\u0131n\u0131za uygun g\u00fc\u00e7 se\u00e7in. <\/li>    <li>B\u00fct\u00e7e: Farkl\u0131 model yerf\u0131st\u0131\u011f\u0131 kabuklama makineleri farkl\u0131 fiyatlara sahiptir, bu nedenle m\u00fc\u015fteriler b\u00fct\u00e7elerine uygun olan\u0131 se\u00e7ebilirler.<\/li>    <li>Marka ve m\u00fc\u015fteri geri bildirimi: Sat\u0131\u015f yapan yerf\u0131st\u0131\u011f\u0131 kabuklama makinesi \u00fcreticisinin m\u00fc\u015fteri geri bildirimlerini dikkatle kontrol edin.<\/li> <\/ol>    <figure class=\"wp-block-image aligncenter size-full\"><img loading=\"lazy\" decoding=\"async\" width=\"720\" height=\"540\" src=\"https:\/\/www.agriculture-machine.com\/wp-content\/uploads\/2023\/03\/groundnut-shell-remover-2.webp\" alt=\"yerf\u0131st\u0131\u011f\u0131 kabuk \u00e7\u0131kar\u0131c\u0131\" class=\"wp-image-14509\" title=\"yerf\u0131st\u0131\u011f\u0131 kabuk \u00e7\u0131kar\u0131c\u0131\"\/><\/figure>    <h2 class=\"wp-block-heading\">Yerf\u0131st\u0131\u011f\u0131 kabuk \u00e7\u0131kar\u0131c\u0131 kullanman\u0131n faydalar\u0131 nelerdir?<\/h2>    <ol class=\"wp-block-list\"> <li>Y\u00fcksek verimlilik: Yerf\u0131st\u0131\u011f\u0131 kabuk \u00e7\u0131kar\u0131c\u0131, y\u00fcksek kabuklama oran\u0131 ve d\u00fc\u015f\u00fck hasar oran\u0131na sahiptir, bu da k\u0131sa s\u00fcrede \u00e7ok say\u0131da yerf\u0131st\u0131\u011f\u0131 i\u015flenmesine olanak tan\u0131r. Bu, zaman ve i\u015f\u00e7ilik maliyetlerini tasarruf sa\u011flar.<\/li>    <li>Geli\u015ftirilmi\u015f kalite: Bu sat\u0131\u015fa sunulan yerf\u0131st\u0131\u011f\u0131 kabuklama makinesi, temiz ve hasars\u0131z yerf\u0131st\u0131\u011f\u0131 \u00fcretir, b\u00f6ylece kabuklu yerf\u0131st\u0131\u011f\u0131n\u0131n kalitesini art\u0131r\u0131r. Bu da piyasa de\u011ferlerini y\u00fckseltir. <\/li>    <li>\u00c7ok y\u00f6nl\u00fcl\u00fck: Otomatik yerf\u0131st\u0131\u011f\u0131 kabuklama makinesi, \u0130spanyol, Virginia ve Valencia gibi farkl\u0131 t\u00fcrdeki yerf\u0131st\u0131klar\u0131n\u0131 kabuklayabilir. Daha geni\u015f uygulama alanlar\u0131 sa\u011flar. <\/li>    <li>Kullan\u0131m\u0131 kolay: End\u00fcstriyel yerf\u0131st\u0131\u011f\u0131 kabuklama makinesi kullan\u0131m\u0131 kolayd\u0131r ve bir kez \u00f6\u011frenilebilir.<\/li>    <li>Dayan\u0131kl\u0131 ve g\u00fcvenilir: Otomatik yerf\u0131st\u0131\u011f\u0131 kabuklama makinesi y\u00fcksek kaliteli malzemelerle in\u015fa edilmi\u015ftir, bu da onu daha dayan\u0131kl\u0131 ve g\u00fcvenilir k\u0131lar. Ayr\u0131ca, onar\u0131m say\u0131s\u0131n\u0131 ve maliyeti azalt\u0131r.<\/li> <\/ol>    <figure class=\"wp-block-image aligncenter size-full\"><img loading=\"lazy\" decoding=\"async\" width=\"720\" height=\"540\" src=\"https:\/\/www.agriculture-machine.com\/wp-content\/uploads\/2023\/03\/industrial-peanut-shelling-machine-1-1.webp\" alt=\"end\u00fcstriyel yerf\u0131st\u0131\u011f\u0131 kabuklama makinesi \" class=\"wp-image-14505\" title=\"end\u00fcstriyel yerf\u0131st\u0131\u011f\u0131 kabuklama makinesi \"\/><\/figure>    <p>E\u011fer bu end\u00fcstriyel kombine yerf\u0131st\u0131\u011f\u0131 ve yerf\u0131st\u0131\u011f\u0131 kabuklama makinesi ile ilgileniyorsan\u0131z, daha fazla resim ve video ile teklif almak i\u00e7in bizimle ileti\u015fime ge\u00e7mekten \u00e7ekinmeyin. \u0130\u015fbirli\u011fi yapmay\u0131 d\u00f6rt g\u00f6zle bekliyoruz.<\/p>","protected":false},"excerpt":{"rendered":"<p>Ev kullan\u0131m\u0131 i\u00e7in uygun k\u00fc\u00e7\u00fck modellerin yan\u0131 s\u0131ra, yerf\u0131st\u0131\u011f\u0131 kabuklama makineleri fabrika kullan\u0131m\u0131 i\u00e7in daha b\u00fcy\u00fck modeller de mevcuttur. Genellikle, yerf\u0131st\u0131\u011f\u0131 kabuklama makinesi, yerf\u0131st\u0131\u011f\u0131 temizleme makinesi ile birlikte kullan\u0131l\u0131r. <\/p>","protected":false},"author":1,"featured_media":14499,"parent":0,"comment_status":"closed","ping_status":"closed","template":"","tags":[797,2613],"product-type":[895],"class_list":["post-12594","product","type-product","status-publish","has-post-thumbnail","hentry","tag-peanut","tag-peeling","product-type-peanut-sheller"],"_links":{"self":[{"href":"https:\/\/www.agriculture-machine.com\/tr\/wp-json\/wp\/v2\/product\/12594","targetHints":{"allow":["GET"]}}],"collection":[{"href":"https:\/\/www.agriculture-machine.com\/tr\/wp-json\/wp\/v2\/product"}],"about":[{"href":"https:\/\/www.agriculture-machine.com\/tr\/wp-json\/wp\/v2\/types\/product"}],"author":[{"embeddable":true,"href":"https:\/\/www.agriculture-machine.com\/tr\/wp-json\/wp\/v2\/users\/1"}],"replies":[{"embeddable":true,"href":"https:\/\/www.agriculture-machine.com\/tr\/wp-json\/wp\/v2\/comments?post=12594"}],"wp:featuredmedia":[{"embeddable":true,"href":"https:\/\/www.agriculture-machine.com\/tr\/wp-json\/wp\/v2\/media\/14499"}],"wp:attachment":[{"href":"https:\/\/www.agriculture-machine.com\/tr\/wp-json\/wp\/v2\/media?parent=12594"}],"wp:term":[{"taxonomy":"post_tag","embeddable":true,"href":"https:\/\/www.agriculture-machine.com\/tr\/wp-json\/wp\/v2\/tags?post=12594"},{"taxonomy":"product-type","embeddable":true,"href":"https:\/\/www.agriculture-machine.com\/tr\/wp-json\/wp\/v2\/product-type?post=12594"}],"curies":[{"name":"wp","href":"https:\/\/api.w.org\/{rel}","templated":true}]}}