{"id":12621,"date":"2022-01-26T17:28:30","date_gmt":"2022-01-26T09:28:30","guid":{"rendered":"https:\/\/www.agriculture-machine.com\/?p=12621"},"modified":"2024-09-18T16:22:10","modified_gmt":"2024-09-18T08:22:10","slug":"4-row-peanut-groundnut-seed-planter-equipment","status":"publish","type":"product","link":"https:\/\/www.agriculture-machine.com\/tr\/4-row-peanut-groundnut-seed-planter-equipment\/","title":{"rendered":"4 s\u0131ral\u0131 yerf\u0131st\u0131\u011f\u0131 ve yerf\u0131st\u0131\u011f\u0131 tohum ekim makinesi"},"content":{"rendered":"<p>As one of the world&#8217;s oil crops, peanuts are cultivated in large areas all over the world by using peanut seed planter equipment. Nowadays, with the development of agricultural technology, people usually use peanut seed planter equipment instead of manpower. The use of peanut seed planter machines saves a lot of manpower and improves work efficiency. <\/p>    <p>A good peanut planter\u2019s function can improve the survival rate of peanuts and increase the yield of peanut planting. And now there are many different models and functions of groundnut seed planters on the market, which can meet people&#8217;s different needs.<\/p>    <figure class=\"wp-block-embed is-type-video is-provider-youtube wp-block-embed-youtube wp-embed-aspect-16-9 wp-has-aspect-ratio\"><div class=\"wp-block-embed__wrapper\"> <iframe loading=\"lazy\" title=\"Bu, 4 s\u0131ral\u0131 yer f\u0131st\u0131\u011f\u0131 tohum ekme makinesi \u00e7ok fonksiyonlu yer f\u0131st\u0131\u011f\u0131 ekicidir\" width=\"500\" height=\"281\" src=\"https:\/\/www.youtube.com\/embed\/tW-xiob16FQ?feature=oembed\" frameborder=\"0\" allow=\"accelerometer; autoplay; clipboard-write; encrypted-media; gyroscope; picture-in-picture; web-share\" referrerpolicy=\"strict-origin-when-cross-origin\" allowfullscreen><\/iframe> <\/div><figcaption class=\"wp-element-caption\">yer f\u0131st\u0131\u011f\u0131 tohumu ekim videosu<\/figcaption><\/figure>    <h2 class=\"wp-block-heading\" id=\"h-introduction-of-4-row-peanut-seed-planter\">4 s\u0131ral\u0131 yer f\u0131st\u0131\u011f\u0131 tohum ekicisinin tan\u0131t\u0131m\u0131<\/h2>    <p>S\u00fcrekli ara\u015ft\u0131rma ve geli\u015ftirmelerimizle, y\u00fcksek kaliteli \u00e7ok s\u0131ral\u0131 yer f\u0131st\u0131\u011f\u0131 ekim makineleri \u00fcretiyoruz. Bu yer f\u0131st\u0131\u011f\u0131 tohum ekim makinesi serisi, 2, 4, 6 ve 8 s\u0131ral\u0131 modelleri i\u00e7ermektedir. <\/p>    <p>Bu makalenin geri kalan\u0131nda, 2BH-4 model yer f\u0131st\u0131\u011f\u0131 ekim makinesi tan\u0131t\u0131lmaktad\u0131r. Bu model yer f\u0131st\u0131\u011f\u0131 ekicisi d\u00f6rt s\u0131ra yer f\u0131st\u0131\u011f\u0131 ekebilir. Ayr\u0131ca, ekim fonksiyonuna sahiptir. <\/p>    <p>4 s\u0131ral\u0131 yer f\u0131st\u0131\u011f\u0131 ekicisi, g\u00fcbreleme, mulching, s\u0131rt ekimi ve yer ekimi gibi fonksiyonlar da g\u00f6rebilir. Bu nedenle, m\u00fc\u015fteriler kendi ihtiya\u00e7lar\u0131na g\u00f6re uygun fonksiyonlar\u0131 se\u00e7ebilirler. <\/p>    <p class=\"translation-block\">Makinenin, trakt\u00f6rle \u00e7al\u0131\u015fmas\u0131 gerekir ve ba\u011flant\u0131 \u00fc\u00e7 noktal\u0131 ask\u0131 ile yap\u0131l\u0131r. Makinenin kurulumu basittir ve kullan\u0131m\u0131 kolayd\u0131r. Ayr\u0131ca, yer f\u0131st\u0131\u011f\u0131 toplay\u0131c\u0131lar, yer f\u0131st\u0131\u011f\u0131 hasat makineleri ve<a href=\"https:\/\/www.agriculture-machine.com\/tr\/peanut-groundnut-shell-removing-machine\/\"> yer f\u0131st\u0131\u011f\u0131 kabuklama makinesi<\/a> mevcuttur. \u00dc\u00e7 makinenin kombinasyonu, \u00fcretim verimlili\u011fini ve insan g\u00fcc\u00fcn\u00fc b\u00fcy\u00fck \u00f6l\u00e7\u00fcde art\u0131rabilir. \u0130nsanlar, farkl\u0131 ihtiya\u00e7lar\u0131na g\u00f6re farkl\u0131 makineleri se\u00e7ebilirler.<\/p>    <figure class=\"wp-block-gallery has-nested-images columns-default is-cropped wp-block-gallery-2 is-layout-flex wp-block-gallery-is-layout-flex\"> <figure class=\"wp-block-image size-large\"><img loading=\"lazy\" decoding=\"async\" width=\"720\" height=\"540\" data-id=\"12630\" src=\"https:\/\/www.agriculture-machine.com\/wp-content\/uploads\/2022\/01\/3.jpg\" alt=\"\u00f6n 4 s\u0131ral\u0131 yer f\u0131st\u0131\u011f\u0131 tohum ekim makinesi\" class=\"wp-image-12630\" srcset=\"https:\/\/www.agriculture-machine.com\/wp-content\/uploads\/2022\/01\/3.jpg 720w, https:\/\/www.agriculture-machine.com\/wp-content\/uploads\/2022\/01\/3-360x270.jpg 360w, https:\/\/www.agriculture-machine.com\/wp-content\/uploads\/2022\/01\/3-240x180.jpg 240w\" sizes=\"auto, (max-width: 720px) 100vw, 720px\" \/><figcaption class=\"wp-element-caption\">\u00f6n 4 s\u0131ral\u0131 yer f\u0131st\u0131\u011f\u0131 tohum ekim makinesi<\/figcaption><\/figure>    <figure class=\"wp-block-image size-large\"><img loading=\"lazy\" decoding=\"async\" width=\"720\" height=\"540\" data-id=\"12631\" src=\"https:\/\/www.agriculture-machine.com\/wp-content\/uploads\/2022\/01\/4.jpg\" alt=\"\" class=\"wp-image-12631\" srcset=\"https:\/\/www.agriculture-machine.com\/wp-content\/uploads\/2022\/01\/4.jpg 720w, https:\/\/www.agriculture-machine.com\/wp-content\/uploads\/2022\/01\/4-360x270.jpg 360w, https:\/\/www.agriculture-machine.com\/wp-content\/uploads\/2022\/01\/4-240x180.jpg 240w\" sizes=\"auto, (max-width: 720px) 100vw, 720px\" \/><figcaption class=\"wp-element-caption\"> yan 4 s\u0131ral\u0131 yer f\u0131st\u0131\u011f\u0131 tohum ekicisi  <\/figcaption><\/figure> <figcaption class=\"blocks-gallery-caption wp-element-caption\"> 4 s\u0131ral\u0131 yer f\u0131st\u0131\u011f\u0131 tohum ekici <\/figcaption><\/figure>    <h2 class=\"wp-block-heading\">4 s\u0131ral\u0131 yer f\u0131st\u0131\u011f\u0131 ekicisinin yap\u0131s\u0131<\/h2>    <p>4 s\u0131ral\u0131 yer f\u0131st\u0131\u011f\u0131 ekicisinin ana par\u00e7alar\u0131 \u00e7er\u00e7eve, g\u00fcbre kutusu, tohum kutusu, tohumlama kontrol sistemi, s\u0131rt yapma cihaz\u0131 (yer ekim tekerle\u011fi) ve hendek a\u00e7\u0131c\u0131d\u0131r.<\/p>    <figure class=\"wp-block-image aligncenter size-full\"><img loading=\"lazy\" decoding=\"async\" width=\"720\" height=\"540\" src=\"https:\/\/www.agriculture-machine.com\/wp-content\/uploads\/2022\/01\/2.jpg\" alt=\"4 s\u0131ral\u0131 yer f\u0131st\u0131\u011f\u0131 ekicisinin yap\u0131s\u0131\" class=\"wp-image-12632\" title=\"4 s\u0131ral\u0131 yer f\u0131st\u0131\u011f\u0131 ekicisinin yap\u0131s\u0131\" srcset=\"https:\/\/www.agriculture-machine.com\/wp-content\/uploads\/2022\/01\/2.jpg 720w, https:\/\/www.agriculture-machine.com\/wp-content\/uploads\/2022\/01\/2-360x270.jpg 360w, https:\/\/www.agriculture-machine.com\/wp-content\/uploads\/2022\/01\/2-240x180.jpg 240w\" sizes=\"auto, (max-width: 720px) 100vw, 720px\" \/><figcaption class=\"wp-element-caption\"> 4 s\u0131ral\u0131 yer f\u0131st\u0131\u011f\u0131 ekicisinin yap\u0131s\u0131 <\/figcaption><\/figure>    <h2 class=\"wp-block-heading\">Yer f\u0131st\u0131\u011f\u0131 tohumu ekim makinesi \u00e7al\u0131\u015fma prensibi<\/h2>    <ol class=\"wp-block-list\"> <li>Yer f\u0131st\u0131\u011f\u0131 ekicisini kullan\u0131rken, tohumlama miktar\u0131 tohumlama kontrol sistemi taraf\u0131ndan hassas \u015fekilde kontrol edilir. Bu, tohumlar\u0131n d\u00fczenli olarak toprak tabakas\u0131na yerle\u015ftirilmesini sa\u011flar.<\/li>    <li>Yer f\u0131st\u0131\u011f\u0131 ekicisinin hendek a\u00e7\u0131c\u0131 k\u0131sm\u0131, toprak tabakas\u0131n\u0131 kaz\u0131r ve topra\u011fa g\u00fcbre uygular. Bu i\u015flem, do\u011fal tohum \u00e7\u0131k\u0131\u015f mesafesini sa\u011flar. Ayr\u0131ca, bu, fazla yer f\u0131st\u0131\u011f\u0131 filizlerinin manuel olarak \u00e7\u0131kar\u0131lma ihtiyac\u0131n\u0131 azalt\u0131r ve \u00e7al\u0131\u015fma verimlili\u011fini art\u0131r\u0131r.<\/li>    <li>Yer f\u0131st\u0131\u011f\u0131 ekicisi, g\u00fcbreleme, ekim, p\u00fcsk\u00fcrtme, mulching ve s\u0131rt yapma i\u015flemlerini ayn\u0131 anda tamamlayabilir.<\/li> <\/ol>    <h2 class=\"wp-block-heading\">4 s\u0131ral\u0131 yer f\u0131st\u0131\u011f\u0131 ekici \u00e7al\u0131\u015fma videosu<\/h2>    <figure class=\"wp-block-embed is-type-video is-provider-youtube wp-block-embed-youtube wp-embed-aspect-16-9 wp-has-aspect-ratio\"><div class=\"wp-block-embed__wrapper\"> <iframe loading=\"lazy\" title=\"Yer f\u0131st\u0131\u011f\u0131 ekim makinesi\/yer f\u0131st\u0131\u011f\u0131 ekici\/4 s\u0131ral\u0131 yer f\u0131st\u0131\u011f\u0131 ekici\" width=\"500\" height=\"281\" src=\"https:\/\/www.youtube.com\/embed\/g6o8jZJtyzg?feature=oembed\" frameborder=\"0\" allow=\"accelerometer; autoplay; clipboard-write; encrypted-media; gyroscope; picture-in-picture; web-share\" referrerpolicy=\"strict-origin-when-cross-origin\" allowfullscreen><\/iframe> <\/div><figcaption class=\"wp-element-caption\"> 4 s\u0131ral\u0131 yer f\u0131st\u0131\u011f\u0131 ekici \u00e7al\u0131\u015fma videosu <\/figcaption><\/figure>    <h2 class=\"wp-block-heading\">Yer f\u0131st\u0131\u011f\u0131 tohumu ekici parametreleri<\/h2>    <figure class=\"wp-block-table is-style-stripes\"><table><tbody><tr><td>Model<\/td><td>2BH-4<\/td><\/tr><tr><td>S\u0131ra aral\u0131\u011f\u0131<\/td><td>23,48cm<\/td><\/tr><tr><td>S\u0131ra<\/td><td>4 s\u0131ral\u0131<\/td><\/tr><tr><td>G\u00fc\u00e7<\/td><td>22-36kw<\/td><\/tr><tr><td>\u00c7al\u0131\u015fma geni\u015fli\u011fi<\/td><td>1420mm<\/td><\/tr><tr><td>Yer tekerle\u011fi \u00e7ap\u0131<\/td><td>40cm<\/td><\/tr><\/tbody><\/table><figcaption class=\"wp-element-caption\"> Yer f\u0131st\u0131\u011f\u0131 tohumu ekici parametreleri <\/figcaption><\/figure>    <h2 class=\"wp-block-heading\">Neden bizim yer f\u0131st\u0131\u011f\u0131 ekicimizi se\u00e7melisiniz?<\/h2>    <ol class=\"wp-block-list\"> <li>Yer f\u0131st\u0131\u011f\u0131 ekici makinesinin \u00fcst vida c\u0131vatalar\u0131, 8.8 performans derecesine sahip y\u00fcksek mukavemetli c\u0131vatalard\u0131r.<\/li>    <li>Bu yer f\u0131st\u0131\u011f\u0131 ekim makinesi serisi, \u00f6n s\u0131rt, ilk s\u0131rt ve ard\u0131ndan ekim ile donat\u0131lm\u0131\u015ft\u0131r. Bu, tohum derinli\u011finin tutarl\u0131 olmas\u0131n\u0131, h\u0131zl\u0131 \u00e7imlenmeyi, y\u00fcksek \u00e7imlenme oranlar\u0131n\u0131 ve daha y\u00fcksek ortalama verimleri sa\u011flar.<\/li>    <li>Yer tekerle\u011finin \u00e7ap\u0131 480mm art\u0131r\u0131lm\u0131\u015ft\u0131r, bu nedenle t\u00fcm yer f\u0131st\u0131\u011f\u0131 ekim makinesi y\u00fcksekli\u011fi \u00f6nceki versiyona g\u00f6re 50mm daha y\u00fcksektir. Geleneksel k\u00fc\u00e7\u00fck yer tekerle\u011fine k\u0131yasla, t\u0131kanma riski daha azd\u0131r ve ge\u00e7i\u015f kabiliyeti daha y\u00fcksektir.<\/li>    <li>\u00c7ift s\u0131ral\u0131 tohum \u00f6l\u00e7\u00fcm cihaz\u0131, t\u0131kan\u0131kl\u0131\u011f\u0131 etkin \u015fekilde azaltabilir ve bu\u011fday hasad\u0131ndan sonra do\u011frudan ekim i\u00e7in uygundur.<\/li>    <li>Daha hassas tohum \u00f6l\u00e7\u00fcm cihaz\u0131 geli\u015ftirilmesi i\u00e7in ortak ara\u015ft\u0131rma ve geli\u015ftirme \u00e7al\u0131\u015fmalar\u0131. B\u00f6ylece, tohumlar uniform taneli, \u00e7\u00fcr\u00fck tohumlar az ve bitki aral\u0131\u011f\u0131 daha g\u00fcvenli olur.<\/li>    <li>S\u0131rt geni\u015fli\u011fini 60-70cm aras\u0131nda ayarlayabiliriz, bu da farkl\u0131 yerel ko\u015fullara uyarlanabilir. Bu nedenle, yer f\u0131st\u0131\u011f\u0131 tohum ekim makinesi daha geni\u015f bir uygulama alan\u0131na sahiptir.<\/li> <\/ol>    <p>Yer f\u0131st\u0131\u011f\u0131 ekim makinemize ilgi duyuyor veya daha fazla detay almak istiyorsan\u0131z, l\u00fctfen sat\u0131\u015f ekibimizle ileti\u015fime ge\u00e7mekten \u00e7ekinmeyin. Verimli ve g\u00fcvenilir tar\u0131m makineleri \u00e7\u00f6z\u00fcmleri sunmaya kararl\u0131y\u0131z, b\u00f6ylece \u00e7ift\u00e7ilik i\u015finizi daha kolay ve daha keyifli hale getirebiliriz.<\/p>","protected":false},"excerpt":{"rendered":"<p>Bu makale, 4 s\u0131ral\u0131 yer f\u0131st\u0131\u011f\u0131 tohum ekim makinesi ekipman\u0131n\u0131 anlatmakta olup, ayn\u0131 anda hendek a\u00e7ma, g\u00fcbreleme, ekim ve toprak kaplama i\u015flemlerini tamamlayabilir. <\/p>","protected":false},"author":1,"featured_media":12629,"parent":0,"comment_status":"closed","ping_status":"closed","template":"","tags":[797,492],"product-type":[884,870],"class_list":["post-12621","product","type-product","status-publish","has-post-thumbnail","hentry","tag-peanut","tag-planter","product-type-peanut-planter","product-type-planter"],"_links":{"self":[{"href":"https:\/\/www.agriculture-machine.com\/tr\/wp-json\/wp\/v2\/product\/12621","targetHints":{"allow":["GET"]}}],"collection":[{"href":"https:\/\/www.agriculture-machine.com\/tr\/wp-json\/wp\/v2\/product"}],"about":[{"href":"https:\/\/www.agriculture-machine.com\/tr\/wp-json\/wp\/v2\/types\/product"}],"author":[{"embeddable":true,"href":"https:\/\/www.agriculture-machine.com\/tr\/wp-json\/wp\/v2\/users\/1"}],"replies":[{"embeddable":true,"href":"https:\/\/www.agriculture-machine.com\/tr\/wp-json\/wp\/v2\/comments?post=12621"}],"wp:featuredmedia":[{"embeddable":true,"href":"https:\/\/www.agriculture-machine.com\/tr\/wp-json\/wp\/v2\/media\/12629"}],"wp:attachment":[{"href":"https:\/\/www.agriculture-machine.com\/tr\/wp-json\/wp\/v2\/media?parent=12621"}],"wp:term":[{"taxonomy":"post_tag","embeddable":true,"href":"https:\/\/www.agriculture-machine.com\/tr\/wp-json\/wp\/v2\/tags?post=12621"},{"taxonomy":"product-type","embeddable":true,"href":"https:\/\/www.agriculture-machine.com\/tr\/wp-json\/wp\/v2\/product-type?post=12621"}],"curies":[{"name":"wp","href":"https:\/\/api.w.org\/{rel}","templated":true}]}}