{"id":12636,"date":"2022-01-27T17:12:03","date_gmt":"2022-01-27T09:12:03","guid":{"rendered":"https:\/\/www.agriculture-machine.com\/?p=12636"},"modified":"2024-08-20T17:41:30","modified_gmt":"2024-08-20T09:41:30","slug":"peanut-picking-machine","status":"publish","type":"product","link":"https:\/\/www.agriculture-machine.com\/tr\/peanut-picking-machine\/","title":{"rendered":"K\u00fc\u00e7\u00fck yerf\u0131st\u0131\u011f\u0131 toplay\u0131c\u0131 makinesi"},"content":{"rendered":"<p>K\u00fc\u00e7\u00fck yerf\u0131st\u0131\u011f\u0131 toprak yerf\u0131st\u0131\u011f\u0131 toplama makinesi, meyveyi otomatik olarak toplayabilen mekanik bir ekipmand\u0131r. Bu ekipman\u0131n kullan\u0131m\u0131, tar\u0131m \u00fcreticilerine veya operat\u00f6rlere h\u0131zl\u0131 \u00fcretim yapma imkan\u0131 sa\u011flar. Yerf\u0131st\u0131\u011f\u0131 toplama makinesi d\u00fc\u015f\u00fck t\u00fcketim, iyi meyve toplama etkisi ve d\u00fc\u015f\u00fck k\u0131r\u0131lma oran\u0131 \u00f6zelliklerine sahiptir.\u00a0<\/p>    <p>Bu t\u00fcr yerf\u0131st\u0131\u011f\u0131 toplama makinesi ev kullan\u0131m\u0131 i\u00e7in uygundur. \u00c7\u00fcnk\u00fc insanlar\u0131n g\u00fcnl\u00fck yerf\u0131st\u0131\u011f\u0131 i\u015fleme ihtiya\u00e7lar\u0131n\u0131 kar\u015f\u0131layabilir. Genellikle, bu makineyi kullanmadan \u00f6nce, sapl\u0131 yerf\u0131st\u0131\u011f\u0131n\u0131 yakla\u015f\u0131k iki g\u00fcn kurutmak gerekir.<\/p>    <figure class=\"wp-block-embed is-type-video is-provider-youtube wp-block-embed-youtube wp-embed-aspect-16-9 wp-has-aspect-ratio\"><div class=\"wp-block-embed__wrapper\"> <iframe loading=\"lazy\" title=\"yerf\u0131st\u0131\u011f\u0131 toplay\u0131c\u0131 makine\/yerf\u0131st\u0131\u011f\u0131 toplay\u0131c\u0131\/ Sri Lanka\u2019dan yerf\u0131st\u0131\u011f\u0131 \u00e7\u0131karma makinesi\/yerf\u0131st\u0131\u011f\u0131 \u00e7\u0131karma makinesi geri bildirimi\" width=\"500\" height=\"281\" src=\"https:\/\/www.youtube.com\/embed\/O1wqgGvVLIU?feature=oembed\" frameborder=\"0\" allow=\"accelerometer; autoplay; clipboard-write; encrypted-media; gyroscope; picture-in-picture; web-share\" referrerpolicy=\"strict-origin-when-cross-origin\" allowfullscreen><\/iframe> <\/div><figcaption class=\"wp-element-caption\">K\u00fc\u00e7\u00fck yerf\u0131st\u0131\u011f\u0131 toplay\u0131c\u0131 makinesinin \u00e7al\u0131\u015fma videosu<\/figcaption><\/figure>    <h2 class=\"wp-block-heading\" id=\"h-brief-introduction-of-small-peanut-picking-machine\">K\u00fc\u00e7\u00fck yerf\u0131st\u0131\u011f\u0131 toplama makinesinin k\u0131sa tan\u0131t\u0131m\u0131<\/h2>    <p>Bu makale k\u00fc\u00e7\u00fck yerf\u0131st\u0131\u011f\u0131 toplama makinesi hakk\u0131nda. \u0130ki t\u00fcr yerf\u0131st\u0131\u011f\u0131 toplay\u0131c\u0131 makinemiz var. Biri k\u00fc\u00e7\u00fck kuru yerf\u0131st\u0131\u011f\u0131 toplay\u0131c\u0131, di\u011feri ise b\u00fcy\u00fck boy yerf\u0131st\u0131\u011f\u0131 toplay\u0131c\u0131d\u0131r. <\/p>    <p>K\u00fc\u00e7\u00fck boy yerf\u0131st\u0131\u011f\u0131<\/p>    <p> picker can process 800-100kg of peanuts per hour. Meanwhile, the picking rate of the peanut picking machine can reach 99% and the breaking rate and impurity rate are less than 1%. Also, there is an elevator with a metal hook at the peanut outlet, you can hang a bag on it. So, it is convenient for us to collect the peanuts.<\/p>    <p class=\"translation-block\">Bu makinenin g\u00fcc\u00fc elektrik motoru veya dizel motor olabilir. Ayn\u0131 zamanda, gerekirse tekerlekli taban kurabiliriz, bu da yerf\u0131st\u0131\u011f\u0131 toplay\u0131c\u0131s\u0131n\u0131 her yere ta\u015f\u0131may\u0131 kolayla\u015ft\u0131r\u0131r. Ayr\u0131ca, yerf\u0131st\u0131\u011f\u0131 toplama makinelerinin yan\u0131 s\u0131ra <a href=\"https:\/\/www.agriculture-machine.com\/tr\/peanut-harvester\/\">yerf\u0131st\u0131\u011f\u0131 hasat makineleri<\/a> de mevcuttur. \u0130ki makine birlikte \u00e7al\u0131\u015ft\u0131\u011f\u0131nda i\u015f verimlili\u011fi ve kalite b\u00fcy\u00fck \u00f6l\u00e7\u00fcde artar.<\/p>    <figure class=\"wp-block-image aligncenter size-full is-resized\"><img loading=\"lazy\" decoding=\"async\" width=\"720\" height=\"540\" src=\"https:\/\/www.agriculture-machine.com\/wp-content\/uploads\/2022\/01\/IMG_9124_\u526f\u672c.jpg\" alt=\"k\u00fc\u00e7\u00fck yerf\u0131st\u0131\u011f\u0131 toplama makinesi\" class=\"wp-image-12641\" title=\"k\u00fc\u00e7\u00fck yerf\u0131st\u0131\u011f\u0131 toplama makinesi\" srcset=\"https:\/\/www.agriculture-machine.com\/wp-content\/uploads\/2022\/01\/IMG_9124_\u526f\u672c.jpg 720w, https:\/\/www.agriculture-machine.com\/wp-content\/uploads\/2022\/01\/IMG_9124_\u526f\u672c-360x270.jpg 360w, https:\/\/www.agriculture-machine.com\/wp-content\/uploads\/2022\/01\/IMG_9124_\u526f\u672c-240x180.jpg 240w\" sizes=\"auto, (max-width: 720px) 100vw, 720px\" \/><figcaption class=\"wp-element-caption\">k\u00fc\u00e7\u00fck yerf\u0131st\u0131\u011f\u0131 toplama makinesi<\/figcaption><\/figure>    <h2 class=\"wp-block-heading\" id=\"structure-of-the-groundnut-picking-machine\">K\u00fc\u00e7\u00fck yerf\u0131st\u0131\u011f\u0131 toprak yerf\u0131st\u0131\u011f\u0131 toplama makinesinin yap\u0131s\u0131<\/h2>    <p>Bu k\u00fc\u00e7\u00fck yerf\u0131st\u0131\u011f\u0131 toprak yerf\u0131st\u0131\u011f\u0131 toplama makinesi esasen bir giri\u015f, meyve toplama sistemi, b\u00fcy\u00fck kirletici \u00e7\u0131k\u0131\u015f\u0131, yerf\u0131st\u0131\u011f\u0131 \u00e7\u0131k\u0131\u015f\u0131, hafif kirletici \u00e7\u0131k\u0131\u015flar, kald\u0131r\u0131c\u0131 (asans\u00f6r), fan ve g\u00fc\u00e7 i\u00e7erir.<\/p>    <figure class=\"wp-block-gallery has-nested-images columns-default is-cropped wp-block-gallery-2 is-layout-flex wp-block-gallery-is-layout-flex\"> <figure class=\"wp-block-image size-large\"><img loading=\"lazy\" decoding=\"async\" width=\"720\" height=\"540\" data-id=\"12643\" src=\"https:\/\/www.agriculture-machine.com\/wp-content\/uploads\/2022\/01\/1-1.jpg\" alt=\"yerf\u0131st\u0131\u011f\u0131 toplama makinesinin yap\u0131s\u0131\" class=\"wp-image-12643\" srcset=\"https:\/\/www.agriculture-machine.com\/wp-content\/uploads\/2022\/01\/1-1.jpg 720w, https:\/\/www.agriculture-machine.com\/wp-content\/uploads\/2022\/01\/1-1-360x270.jpg 360w, https:\/\/www.agriculture-machine.com\/wp-content\/uploads\/2022\/01\/1-1-240x180.jpg 240w\" sizes=\"auto, (max-width: 720px) 100vw, 720px\" \/><figcaption class=\"wp-element-caption\"> yerf\u0131st\u0131\u011f\u0131 toplay\u0131c\u0131 makinesi<\/figcaption><\/figure>    <figure class=\"wp-block-image size-large\"><img loading=\"lazy\" decoding=\"async\" width=\"720\" height=\"540\" data-id=\"12642\" src=\"https:\/\/www.agriculture-machine.com\/wp-content\/uploads\/2022\/01\/2-1.jpg\" alt=\"yerf\u0131st\u0131\u011f\u0131 toplama makinesinin yap\u0131s\u0131\" class=\"wp-image-12642\" title=\"yerf\u0131st\u0131\u011f\u0131 toplama makinesinin yap\u0131s\u0131\" srcset=\"https:\/\/www.agriculture-machine.com\/wp-content\/uploads\/2022\/01\/2-1.jpg 720w, https:\/\/www.agriculture-machine.com\/wp-content\/uploads\/2022\/01\/2-1-360x270.jpg 360w, https:\/\/www.agriculture-machine.com\/wp-content\/uploads\/2022\/01\/2-1-240x180.jpg 240w\" sizes=\"auto, (max-width: 720px) 100vw, 720px\" \/><figcaption class=\"wp-element-caption\">groundnut picking machine&#8217;s structure<\/figcaption><\/figure> <figcaption class=\"blocks-gallery-caption wp-element-caption\">k\u00fc\u00e7\u00fck yerf\u0131st\u0131\u011f\u0131 toplay\u0131c\u0131 makinesi<\/figcaption><\/figure>    <h2 class=\"wp-block-heading\" id=\"what-is-the-working-flow-of-the-peanut-picker-work\">Yerf\u0131st\u0131\u011f\u0131 toplay\u0131c\u0131s\u0131n\u0131n \u00e7al\u0131\u015fma ak\u0131\u015f\u0131 nedir<\/h2>    <ol class=\"wp-block-list\"> <li>Makineyi kullanmadan \u00f6nce yerf\u0131st\u0131klar\u0131n\u0131 iki g\u00fcn kurutmam\u0131z gerekir.<\/li>    <li>Bu k\u00fc\u00e7\u00fck yerf\u0131st\u0131\u011f\u0131 toprak yerf\u0131st\u0131\u011f\u0131 toplama makinesini kullan\u0131rken, \u00f6nce makineyi ba\u015flat\u0131n ve sapl\u0131 yerf\u0131st\u0131\u011f\u0131n\u0131 makinenin giri\u015fine koyun.<\/li>    <li>Yerf\u0131st\u0131\u011f\u0131, meyve toplama sistemine girer. Meyve toplama sistemi, yerf\u0131st\u0131\u011f\u0131n\u0131 sap ve yapraktan ay\u0131r\u0131r.<\/li>    <li>Daha sonra fan, sap, yaprak ve b\u00fcy\u00fck kirleticileri b\u00fcy\u00fck kirletici \u00e7\u0131k\u0131\u015f\u0131ndan \u00fcfler. Ayn\u0131 zamanda, meyve ve daha a\u011f\u0131r saplar (k\u00fc\u00e7\u00fck miktarda) ay\u0131klama ekran\u0131na d\u00fc\u015fer.<\/li>    <li>Sonra, meyve ve az miktarda sap, toprak blo\u011fu ay\u0131klama ekran\u0131ndan d\u0131\u015far\u0131 akar. Saplar ve toprak, alt elek arac\u0131l\u0131\u011f\u0131yla yere d\u00fc\u015fer.<\/li>    <li>Son olarak, yerf\u0131st\u0131\u011f\u0131 meyvesi asans\u00f6re d\u00fc\u015fer. Bir asans\u00f6r, yerf\u0131st\u0131\u011f\u0131n\u0131 ask\u0131ya as\u0131lan torbaya g\u00f6t\u00fcr\u00fcr.<\/li> <\/ol>    <h2 class=\"wp-block-heading\" id=\"parameter-of-the-small-dry-peanut-picking-machine\">K\u00fc\u00e7\u00fck kuru yerf\u0131st\u0131\u011f\u0131 toplama makinesinin parametreleri<\/h2>    <figure class=\"wp-block-table is-style-stripes\"><table><tbody><tr><td>Model<\/td><td>5HZ-600<\/td><\/tr><tr><td>Boyut<\/td><td>1960*1500*1370mm<\/td><\/tr><tr><td>A\u011f\u0131rl\u0131k<\/td><td>150 Kg<\/td><\/tr><tr><td>G\u00fc\u00e7<\/td><td>7.5kw motor, 10HP dizel motor<\/td><\/tr><tr><td>Kapasite<\/td><td>800-1000kg\/h<\/td><\/tr><tr><td>Toplama oran\u0131<\/td><td>\uff1e99%<\/td><\/tr><tr><td>K\u0131r\u0131lma oran\u0131<\/td><td>\uff1c%1<\/td><\/tr><tr><td>Kirletici oran\u0131<\/td><td>\uff1c%1<\/td><\/tr><\/tbody><\/table><figcaption class=\"wp-element-caption\">K\u00fc\u00e7\u00fck kuru yerf\u0131st\u0131\u011f\u0131 toplama makinesinin parametreleri<\/figcaption><\/figure>    <h2 class=\"wp-block-heading\" id=\"advantages-of-high-output-groundnut-picking-machine\">Y\u00fcksek \u00e7\u0131kt\u0131 sa\u011flayan yerf\u0131st\u0131\u011f\u0131 toplama makinesinin avantajlar\u0131<\/h2>    <ol class=\"wp-block-list\"> <li>T\u00fcm \u00e7\u0131kt\u0131 yerf\u0131st\u0131\u011f\u0131 toplama makinesi yap\u0131s\u0131 makul ve ta\u015f\u0131nmas\u0131 kolayd\u0131r.<\/li>    <li>Bu yerf\u0131st\u0131\u011f\u0131 toplama makinesi y\u00fcksek sap kald\u0131rma oran\u0131na sahiptir. \u0130\u015flendikten sonra t\u00fcm yerf\u0131st\u0131klar\u0131 sap veya yaprak olmadan olur.<\/li>    <li>Ayr\u0131ca, k\u00fc\u00e7\u00fck yerf\u0131st\u0131\u011f\u0131 toplay\u0131c\u0131 makinemizin k\u0131r\u0131lma oran\u0131 %1\u2019den azd\u0131r.<\/li>    <li>Y\u00fcksek verimlilik, k\u00fc\u00e7\u00fck \u00e7ok fonksiyonlu yerf\u0131st\u0131\u011f\u0131 toplama makinemizin kapasitesi saatte 800-100 kg\u2019ye ula\u015fabilir. Bu \u00e7\u0131kt\u0131, \u00e7o\u011fu \u00e7ift\u00e7inin ihtiya\u00e7lar\u0131n\u0131 kar\u015f\u0131layabilir.<\/li> <\/ol>    <h2 class=\"wp-block-heading\" id=\"how-to-maintain-the-peanut-picking-machine\">Yerf\u0131st\u0131\u011f\u0131 toplay\u0131c\u0131 makinesinin bak\u0131m\u0131 nas\u0131l yap\u0131l\u0131r<\/h2>    <ol class=\"wp-block-list\"> <li>Kuru yerf\u0131st\u0131\u011f\u0131 toplay\u0131c\u0131 makine \u00e7al\u0131\u015fmadan \u00f6nce, makinenin t\u00fcm par\u00e7alar\u0131n\u0131 d\u00fczg\u00fcn \u00e7al\u0131\u015ft\u0131\u011f\u0131ndan emin olmak i\u00e7in kontrol edilmelidir.<\/li>    <li>Kullan\u0131m d\u0131\u015f\u0131 b\u0131rakmadan \u00f6nce suyla temas eden \u00e7e\u015fitli par\u00e7alar\u0131n paslanma ve hasar\u0131n\u0131 \u00f6nlemek i\u00e7in iyi bir su ge\u00e7irmezlik yap\u0131n.<\/li>    <li>A\u015f\u0131nmaya yatk\u0131n yerf\u0131st\u0131\u011f\u0131 toplama makinesinin par\u00e7alar\u0131na d\u00fczenli olarak ya\u011flay\u0131c\u0131 s\u00fcrmeliyiz, b\u00f6ylece par\u00e7alar\u0131n normal kullan\u0131m\u0131 korunur. \u00d6zellikle baz\u0131 a\u00e7\u0131k metal par\u00e7alar paslanmay\u0131 \u00f6nlemek i\u00e7in boyanmal\u0131d\u0131r.<\/li> <\/ol>    <p>K\u00fc\u00e7\u00fck yerf\u0131st\u0131\u011f\u0131 toplay\u0131c\u0131 makinemiz hakk\u0131nda daha detayl\u0131 bilgi almak veya \u00fcretim s\u00fcrecimizi kendiniz deneyimlemek ve anlamak i\u00e7in l\u00fctfen profesyonel ekibimizle ileti\u015fime ge\u00e7in. Ziyaretinizi d\u00f6rt g\u00f6zle bekliyor ve fabrikam\u0131za gelerek tar\u0131msal ihtiya\u00e7lar\u0131n\u0131z\u0131 nas\u0131l daha iyi kar\u015f\u0131layabilece\u011fimizi g\u00f6r\u00fc\u015fmekten memnuniyet duyar\u0131z. Ekibimiz size destek ve hizmet sunmaktan mutluluk duyacakt\u0131r.<\/p>","protected":false},"excerpt":{"rendered":"<p>K\u00fc\u00e7\u00fck yerf\u0131st\u0131\u011f\u0131 toplay\u0131c\u0131 makinesi, meyveyi otomatik olarak toplayabilen bir ekipmand\u0131r, operat\u00f6rlerin h\u0131zl\u0131 \u00fcretim yapmas\u0131na ve tam yerf\u0131st\u0131\u011f\u0131 elde etmesine yard\u0131mc\u0131 olur.<\/p>","protected":false},"author":1,"featured_media":12640,"parent":0,"comment_status":"closed","ping_status":"closed","template":"","tags":[2538,2532,2534,2527,2536,509,2525,2529,2540],"product-type":[890],"class_list":["post-12636","product","type-product","status-publish","has-post-thumbnail","hentry","tag-dry-peanut-picker","tag-groundnut-picking-machine","tag-high-efficiency-peanut-picking-machine","tag-mini-peanut-picker","tag-multifunctional-peanut-picking-machine","tag-peanut-picker","tag-peanut-picker-machine","tag-small-peanut-picker","tag-wholesale-peanut-picker-machine","product-type-peanut-picker"],"_links":{"self":[{"href":"https:\/\/www.agriculture-machine.com\/tr\/wp-json\/wp\/v2\/product\/12636","targetHints":{"allow":["GET"]}}],"collection":[{"href":"https:\/\/www.agriculture-machine.com\/tr\/wp-json\/wp\/v2\/product"}],"about":[{"href":"https:\/\/www.agriculture-machine.com\/tr\/wp-json\/wp\/v2\/types\/product"}],"author":[{"embeddable":true,"href":"https:\/\/www.agriculture-machine.com\/tr\/wp-json\/wp\/v2\/users\/1"}],"replies":[{"embeddable":true,"href":"https:\/\/www.agriculture-machine.com\/tr\/wp-json\/wp\/v2\/comments?post=12636"}],"wp:featuredmedia":[{"embeddable":true,"href":"https:\/\/www.agriculture-machine.com\/tr\/wp-json\/wp\/v2\/media\/12640"}],"wp:attachment":[{"href":"https:\/\/www.agriculture-machine.com\/tr\/wp-json\/wp\/v2\/media?parent=12636"}],"wp:term":[{"taxonomy":"post_tag","embeddable":true,"href":"https:\/\/www.agriculture-machine.com\/tr\/wp-json\/wp\/v2\/tags?post=12636"},{"taxonomy":"product-type","embeddable":true,"href":"https:\/\/www.agriculture-machine.com\/tr\/wp-json\/wp\/v2\/product-type?post=12636"}],"curies":[{"name":"wp","href":"https:\/\/api.w.org\/{rel}","templated":true}]}}