{"id":1307,"date":"2018-10-24T07:41:20","date_gmt":"2018-10-23T23:41:20","guid":{"rendered":"https:\/\/www.agriculture-machine.com\/?p=1307"},"modified":"2025-10-23T17:59:56","modified_gmt":"2025-10-23T09:59:56","slug":"hammer-mill-machine","status":"publish","type":"product","link":"https:\/\/www.agriculture-machine.com\/tr\/hammer-mill-machine\/","title":{"rendered":"\u00c7eki\u00e7li De\u011firmen Makinesi | M\u0131s\u0131r \u00d6\u011f\u00fctme Makinesi | \u00d6\u011f\u00fct\u00fcc\u00fc Makinesi"},"content":{"rendered":"<p>9FQ \u00e7eki\u00e7li de\u011firmen makinesi, esas olarak tah\u0131l, baklagil, m\u0131s\u0131r, bu\u011fday ve saman gibi tar\u0131msal at\u0131klar\u0131n i\u015flenmesine y\u00f6nelik \u00e7ok y\u00f6nl\u00fc bir k\u0131rma makinesidir. Y\u00fcksek h\u0131zda d\u00f6nen b\u0131\u00e7aklar ve \u00e7eki\u00e7 bile\u015fenleri kullanarak, hammaddeleri h\u0131zla homojen par\u00e7alara veya toza d\u00f6n\u00fc\u015ft\u00fcr\u00fcr. <\/p>    <p>K\u0131r\u0131c\u0131, \u00e7e\u015fitli malzemelerin farkl\u0131 partik\u00fcl boyutu gereksinimlerini kar\u015f\u0131lamak i\u00e7in farkl\u0131 ekran boyutlar\u0131yla donat\u0131labilir, \u00e7e\u015fitli m\u00fc\u015fteri ihtiya\u00e7lar\u0131n\u0131 kar\u015f\u0131lar.<\/p>    <p>Sa\u011flam ve dayan\u0131kl\u0131 yap\u0131s\u0131, basit ve g\u00fcvenli kullan\u0131m\u0131yla bu ekipman, tar\u0131m, hayvanc\u0131l\u0131k, yem i\u015fleme ve tah\u0131l i\u015fleme end\u00fcstrilerinde geni\u015f \u00e7apta kullan\u0131labilir. \u00dcretim verimlili\u011fini ve \u00f6\u011f\u00fctme kalitesini art\u0131rmak i\u00e7in ideal bir se\u00e7imdir.<\/p>    <figure class=\"wp-block-embed aligncenter is-type-video is-provider-youtube wp-block-embed-youtube wp-embed-aspect-16-9 wp-has-aspect-ratio\"><div class=\"wp-block-embed__wrapper\"> <iframe loading=\"lazy\" title=\"Harika makine! ot kesme makinesi fabrikas\u0131 \/ \u00e7eki\u00e7li de\u011firmen \/ m\u0131s\u0131r k\u0131r\u0131c\u0131 m\u0131s\u0131r \u00f6\u011f\u00fctme\" width=\"500\" height=\"281\" src=\"https:\/\/www.youtube.com\/embed\/6ij2mPeRQ9I?feature=oembed\" frameborder=\"0\" allow=\"accelerometer; autoplay; clipboard-write; encrypted-media; gyroscope; picture-in-picture; web-share\" referrerpolicy=\"strict-origin-when-cross-origin\" allowfullscreen><\/iframe> <\/div><figcaption class=\"wp-element-caption\">Tah\u0131l \u00e7eki\u00e7li de\u011firmen makinesi \u00e7al\u0131\u015fma videosu<\/figcaption><\/figure>    <h2 class=\"wp-block-heading\">Tane \u00e7eki\u00e7li de\u011firmen makinesi uygulamalar\u0131<\/h2>    <p>9FQ Tah\u0131l K\u0131r\u0131c\u0131, geni\u015f malzeme yelpazesinin i\u015flenmesine uygundur, bunlar aras\u0131nda:<\/p>    <ul class=\"wp-block-list\"> <li>Taneler: m\u0131s\u0131r, bu\u011fday, fasulye, yerf\u0131st\u0131\u011f\u0131 vb.<\/li>    <li>Yem: saman, kuru ot, fi\u011f, m\u0131s\u0131r sap\u0131 vb.<\/li>    <li>Yem i\u015fleme: domuz, s\u0131\u011f\u0131r, koyun ve di\u011fer hayvanlar i\u00e7in yem k\u0131rma.<\/li> <\/ul>    <p>Bu \u00e7eki\u00e7li de\u011firmen makinesi, kaba par\u00e7alar\u0131 h\u0131zla ince toz haline getirir, yem sindirilebilirli\u011fini ve hammaddenin kullan\u0131m\u0131n\u0131 art\u0131r\u0131r.<\/p>    <figure class=\"wp-block-image aligncenter size-full\"><img loading=\"lazy\" decoding=\"async\" width=\"720\" height=\"540\" src=\"https:\/\/www.agriculture-machine.com\/wp-content\/uploads\/2018\/10\/corn-hammer-mill.webp\" alt=\"m\u0131s\u0131r \u00e7eki\u00e7li de\u011firmen\" class=\"wp-image-17243\" srcset=\"https:\/\/www.agriculture-machine.com\/wp-content\/uploads\/2018\/10\/corn-hammer-mill.webp 720w, https:\/\/www.agriculture-machine.com\/wp-content\/uploads\/2018\/10\/corn-hammer-mill-360x270.webp 360w, https:\/\/www.agriculture-machine.com\/wp-content\/uploads\/2018\/10\/corn-hammer-mill-240x180.webp 240w, https:\/\/www.agriculture-machine.com\/wp-content\/uploads\/2018\/10\/corn-hammer-mill-16x12.webp 16w\" sizes=\"auto, (max-width: 720px) 100vw, 720px\" \/><figcaption class=\"wp-element-caption\">m\u0131s\u0131r \u00e7eki\u00e7li de\u011firmen<\/figcaption><\/figure>    <figure class=\"wp-block-image aligncenter size-full\"><img loading=\"lazy\" decoding=\"async\" width=\"720\" height=\"540\" src=\"https:\/\/www.agriculture-machine.com\/wp-content\/uploads\/2018\/10\/grain-crusher.webp\" alt=\"tah\u0131l k\u0131r\u0131c\u0131\" class=\"wp-image-17245\" srcset=\"https:\/\/www.agriculture-machine.com\/wp-content\/uploads\/2018\/10\/grain-crusher.webp 720w, https:\/\/www.agriculture-machine.com\/wp-content\/uploads\/2018\/10\/grain-crusher-360x270.webp 360w, https:\/\/www.agriculture-machine.com\/wp-content\/uploads\/2018\/10\/grain-crusher-240x180.webp 240w, https:\/\/www.agriculture-machine.com\/wp-content\/uploads\/2018\/10\/grain-crusher-16x12.webp 16w\" sizes=\"auto, (max-width: 720px) 100vw, 720px\" \/><figcaption class=\"wp-element-caption\">tah\u0131l k\u0131r\u0131c\u0131<\/figcaption><\/figure>    <h2 class=\"wp-block-heading\">M\u0131s\u0131r de\u011firmen makinesi avantajlar\u0131<\/h2>    <ul class=\"wp-block-list\"> <li>Geni\u015f uygulama alan\u0131: tah\u0131l, baklagil, saman, kuru ot ve \u00e7e\u015fitli \u00fcr\u00fcnleri k\u0131rabilir.<\/li>    <li>Y\u00fcksek verimli k\u0131rma: 24 y\u00fcksek mukavemetli \u00e7eki\u00e7 b\u0131\u00e7a\u011f\u0131 y\u00fcksek h\u0131zda d\u00f6ner, malzemenin tam \u00f6\u011f\u00fct\u00fclmesini sa\u011flar.<\/li>    <li>Ayarlanabilir ekran teli: farkl\u0131 malzemeler ve partik\u00fcl boyutu gereksinimlerine uygun de\u011fi\u015ftirilebilir ekranlar, esnek ve kontrol edilebilir k\u0131rma sonu\u00e7lar\u0131 sa\u011flar.<\/li>    <li>Toz ge\u00e7irmez tasar\u0131m: siklon tarz\u0131 bo\u015faltma portu, toz yay\u0131l\u0131m\u0131n\u0131 etkin \u015fekilde \u00f6nler.<\/li>    <li>Sa\u011flam yap\u0131, basit kullan\u0131m: dayan\u0131kl\u0131 ekipman, sorunsuz \u00e7al\u0131\u015f\u0131r ve kolay bak\u0131m sa\u011flar.<\/li> <\/ul>    <figure class=\"wp-block-image aligncenter size-full\"><img loading=\"lazy\" decoding=\"async\" width=\"720\" height=\"540\" src=\"https:\/\/www.agriculture-machine.com\/wp-content\/uploads\/2018\/10\/hammer-mill-grinder.webp\" alt=\"\u00e7eki\u00e7li de\u011firmen \u00f6\u011f\u00fct\u00fcc\u00fc\" class=\"wp-image-17246\" srcset=\"https:\/\/www.agriculture-machine.com\/wp-content\/uploads\/2018\/10\/hammer-mill-grinder.webp 720w, https:\/\/www.agriculture-machine.com\/wp-content\/uploads\/2018\/10\/hammer-mill-grinder-360x270.webp 360w, https:\/\/www.agriculture-machine.com\/wp-content\/uploads\/2018\/10\/hammer-mill-grinder-240x180.webp 240w, https:\/\/www.agriculture-machine.com\/wp-content\/uploads\/2018\/10\/hammer-mill-grinder-16x12.webp 16w\" sizes=\"auto, (max-width: 720px) 100vw, 720px\" \/><figcaption class=\"wp-element-caption\">\u00e7eki\u00e7li de\u011firmen \u00f6\u011f\u00fct\u00fcc\u00fc<\/figcaption><\/figure>    <figure class=\"wp-block-image aligncenter size-full\"><img loading=\"lazy\" decoding=\"async\" width=\"720\" height=\"540\" src=\"https:\/\/www.agriculture-machine.com\/wp-content\/uploads\/2018\/10\/grain-milling-machine.webp\" alt=\"tah\u0131l de\u011firmen makinesi\" class=\"wp-image-17247\" srcset=\"https:\/\/www.agriculture-machine.com\/wp-content\/uploads\/2018\/10\/grain-milling-machine.webp 720w, https:\/\/www.agriculture-machine.com\/wp-content\/uploads\/2018\/10\/grain-milling-machine-360x270.webp 360w, https:\/\/www.agriculture-machine.com\/wp-content\/uploads\/2018\/10\/grain-milling-machine-240x180.webp 240w, https:\/\/www.agriculture-machine.com\/wp-content\/uploads\/2018\/10\/grain-milling-machine-16x12.webp 16w\" sizes=\"auto, (max-width: 720px) 100vw, 720px\" \/><figcaption class=\"wp-element-caption\">tah\u0131l de\u011firmen makinesi<\/figcaption><\/figure>    <h2 class=\"wp-block-heading\">Nas\u0131l kullan\u0131l\u0131r <a href=\"https:\/\/www.agriculture-machine.com\/tr\/corn-grinder-machine\/\">m\u0131s\u0131r \u00f6\u011f\u00fctme makinesi<\/a>?<\/h2>    <p>9FQ tah\u0131l k\u0131r\u0131c\u0131, y\u00fcksek h\u0131zda d\u00f6nen \u00e7eki\u00e7ler ve b\u0131\u00e7aklar kullanarak hammaddeleri keser ve etkiler, istenen partik\u00fcl boyutuna getirir.<\/p>    <p>Hammadde, besleme giri\u015finden k\u0131rma odas\u0131na girer, s\u00fcrekli \u00e7eki\u00e7 darbeleri ve ekran filtrasyonu ge\u00e7irir ve \u00e7\u0131k\u0131\u015ftan d\u00fczg\u00fcn \u015fekilde bo\u015falt\u0131l\u0131r.<\/p>    <p>Siklon tarz\u0131 bo\u015faltma \u00e7\u0131k\u0131\u015f tasar\u0131m\u0131, toz yay\u0131l\u0131m\u0131n\u0131 etkin \u015fekilde azalt\u0131rken, partik\u00fcl boyut da\u011f\u0131l\u0131m\u0131n\u0131 da sa\u011flar.<\/p>    <figure class=\"wp-block-embed aligncenter is-type-video is-provider-youtube wp-block-embed-youtube wp-embed-aspect-16-9 wp-has-aspect-ratio\"><div class=\"wp-block-embed__wrapper\"> <iframe loading=\"lazy\" title=\"Paslanmaz \u00c7elik 9FQ \u00d6\u011f\u00fct\u00fcc\u00fc Makinesi | Y\u00fcksek Verimlilik &amp; Dayan\u0131kl\u0131l\u0131k#de\u011firmen #k\u0131r\u0131c\u0131 #\u00f6\u011f\u00fctme\" width=\"500\" height=\"281\" src=\"https:\/\/www.youtube.com\/embed\/g9e2AxqWE68?feature=oembed\" frameborder=\"0\" allow=\"accelerometer; autoplay; clipboard-write; encrypted-media; gyroscope; picture-in-picture; web-share\" referrerpolicy=\"strict-origin-when-cross-origin\" allowfullscreen><\/iframe> <\/div><figcaption class=\"wp-element-caption\">Paslanmaz \u00e7elik tah\u0131l k\u0131r\u0131c\u0131 de\u011firmen makinesi \u00e7al\u0131\u015fma videosu<\/figcaption><\/figure>    <h2 class=\"wp-block-heading\"><a href=\"https:\/\/www.agriculture-machine.com\/tr\/maintenance-and-troubleshooting-of-hammer-mill-machine\/\">\u00c7eki\u00e7li de\u011firmen makinesi onar\u0131m\u0131 ve bak\u0131m\u0131<\/a><\/h2>    <ul class=\"wp-block-list\"> <li>G\u00fcnl\u00fck kontrol: \u00e7eki\u00e7 plakalar\u0131, b\u0131\u00e7aklar ve ekranlar\u0131n a\u015f\u0131nma durumunu d\u00fczenli olarak kontrol edin, etkili k\u0131rma sa\u011flay\u0131n.<\/li>    <li>Ya\u011flama bak\u0131m\u0131: a\u015f\u0131nmaya e\u011filimli par\u00e7alara ya\u011flay\u0131c\u0131 ya\u011f s\u00fcr\u00fcn, pas ve ekipman a\u015f\u0131nmas\u0131n\u0131 \u00f6nleyin.<\/li>    <li>Kay\u0131\u015f ayar\u0131: uzun s\u00fcre kullan\u0131m sonras\u0131 kay\u0131\u015f gev\u015ferse, kay\u0131\u015f ile s\u00fcr\u00fcc\u00fc motoru aras\u0131ndaki mesafeyi ayarlay\u0131n.<\/li>    <li>Kalan temizlik: her vardiyadan sonra k\u0131rma odas\u0131n\u0131 temizleyin ve d\u0131\u015f tozu giderin, ard\u0131ndan pas \u00f6nleyici ya\u011f s\u00fcr\u00fcn.<\/li>    <li>G\u00fcvenli kullan\u0131m: \u00e7al\u0131\u015fmadan \u00f6nce t\u00fcm ekipman vidalar\u0131n\u0131 s\u0131k\u0131la\u015ft\u0131r\u0131n, stabil \u00e7al\u0131\u015fmay\u0131 sa\u011flay\u0131n. K\u0131rma s\u0131ras\u0131nda elinizi besleme giri\u015fine koymaktan ka\u00e7\u0131n\u0131n, kazalar\u0131 \u00f6nlemek i\u00e7in.<\/li> <\/ul>    <figure class=\"wp-block-image aligncenter\"><img decoding=\"async\" src=\"https:\/\/www.agriculture-machine.com\/wp-content\/uploads\/2018\/10\/hammer-mill-machine-1.jpg\" alt=\"\u00e7eki\u00e7li-de\u011firmen-makinesi-2\"\/><\/figure>    <figure class=\"wp-block-image aligncenter\"><img decoding=\"async\" src=\"https:\/\/www.agriculture-machine.com\/wp-content\/uploads\/2018\/10\/hammer-mill-machine-2.jpg\" alt=\"\u00e7eki\u00e7li-de\u011firmen-makinesi-1\"\/><\/figure>    <h2 class=\"wp-block-heading\">\u00c7eki\u00e7li de\u011firmen makinesi parametreleri<\/h2>    <figure class=\"wp-block-table is-style-stripes\"><table class=\"has-fixed-layout\"><tbody><tr><td><strong><strong>Model<\/strong><\/strong><\/td><td><strong>9FQ-500 \u00c7eki\u00e7li De\u011firmen<\/strong><\/td><\/tr><tr><td>G\u00fc\u00e7<\/td><td>15 HP dizel motor<\/td><\/tr><tr><td>Kapasite<\/td><td>600kg\/h<\/td><\/tr><tr><td>\u00c7eki\u00e7<\/td><td>24 adet<\/td><\/tr><tr><td>A\u011f\u0131rl\u0131k<\/td><td>150 kg<\/td><\/tr><tr><td>Boyut<\/td><td>2000*850*2200mm<\/td><\/tr><\/tbody><\/table><figcaption class=\"wp-element-caption\">Tane \u00e7eki\u00e7li de\u011firmen makinesi teknik verileri<\/figcaption><\/figure>    <h2 class=\"wp-block-heading\">Ba\u015far\u0131l\u0131 de\u011firmen makinesi \u00f6rne\u011fi<\/h2>    <p>May\u0131s ay\u0131nda, Nijerya\u2019dan m\u00fc\u015fterilerimiz 20GP ve 40GP tar\u0131m makineleri sipari\u015f etti, bunlar aras\u0131nda 10 set m\u0131s\u0131r \u00f6\u011f\u00fctme makinesi de vard\u0131. T\u00fcm \u00e7eki\u00e7li de\u011firmen makinelerini bir ay i\u00e7inde \u00fcrettik ve \u015fu anda makineleri teslim ald\u0131lar, piyasada sat\u0131yorlar. <\/p>    <p>Neden sadece ilk i\u015fbirli\u011fimizde bile bu kadar \u00e7ok makine al\u0131yoruz? Birincisi, profesyonel becerilerimiz ve samimi hizmetimiz onun g\u00fcvenini kazan\u0131r. \u0130kincisi, Nijerya tar\u0131msal altyap\u0131ya sahip bir \u00fclkedir, bu y\u00fczden sat\u0131n ald\u0131\u011f\u0131 makineler ona y\u00fcksek kazan\u00e7 sa\u011flar.<\/p>    <figure class=\"wp-block-image aligncenter\"><img decoding=\"async\" src=\"https:\/\/www.agriculture-machine.com\/wp-content\/uploads\/2018\/10\/hammer-mill-machine-3.jpg\" alt=\"\u00e7eki\u00e7li-de\u011firmen-makinesi-3\"\/><\/figure>    <figure class=\"wp-block-image aligncenter\"><img decoding=\"async\" src=\"https:\/\/www.agriculture-machine.com\/wp-content\/uploads\/2018\/10\/hammer-mill-machine-4.jpg\" alt=\"\u00e7eki\u00e7li-de\u011firmen-makinesi-4\"\/><\/figure>    <h2 class=\"wp-block-heading\">SSS<\/h2>   <div id=\"rank-math-faq\" class=\"rank-math-block\"> <div class=\"rank-math-list\"> <div id=\"faq-question-1706257572353\" class=\"rank-math-list-item\"> <h3 class=\"rank-math-question\">What&#8217;s the raw material?<\/h3> <div class=\"rank-math-answer\">  <p>Hammadde, tah\u0131l, m\u0131s\u0131r, dar\u0131, fasulye, \u00fcr\u00fcn sap\u0131 ve di\u011fer otlar gibi \u00fcr\u00fcnler olabilir.<\/p>  <\/div> <\/div> <div id=\"faq-question-1706257580636\" class=\"rank-math-list-item\"> <h3 class=\"rank-math-question\">Neden tek bir makine birden fazla \u00fcr\u00fcn k\u0131rabilir?<\/h3> <div class=\"rank-math-answer\">  <p>\u00c7\u00fcnk\u00fc i\u00e7 ekran, hammaddenin boyutuna g\u00f6re de\u011fi\u015ftirilebilir.<\/p>  <\/div> <\/div> <div id=\"faq-question-1706257587706\" class=\"rank-math-list-item\"> <h3 class=\"rank-math-question\">M\u0131s\u0131r \u00f6\u011f\u00fctme makinesinin motorunu se\u00e7ebilir miyim?<\/h3> <div class=\"rank-math-answer\">  <p>Evet, bu bir motor, benzinli motor veya dizel motor olabilir.<\/p>  <\/div> <\/div> <\/div> <\/div>   <p>Daha fazla detay i\u00e7in bizimle ileti\u015fime ge\u00e7mekten \u00e7ekinmeyin, ve fabrikam\u0131z\u0131 ziyaret etmenizden memnuniyet duyar\u0131z, b\u00f6ylece se\u00e7ti\u011finiz makinenin ihtiya\u00e7lar\u0131n\u0131z\u0131 kar\u015f\u0131lad\u0131\u011f\u0131ndan emin olabilirsiniz.<\/p>","protected":false},"excerpt":{"rendered":"<p>9FQ \u00e7eki\u00e7li de\u011firmen makinesi, tah\u0131llar, baklagiller ve saman gibi \u00fcr\u00fcnleri h\u0131zla homojen par\u00e7alara ay\u0131r\u0131r, yem i\u015fleme ve tah\u0131l ta\u015f\u0131ma alanlar\u0131nda geni\u015f kullan\u0131m alan\u0131 bulur.<\/p>","protected":false},"author":1,"featured_media":1314,"parent":0,"comment_status":"closed","ping_status":"closed","template":"","tags":[491,924,487],"product-type":[899],"class_list":["post-1307","product","type-product","status-publish","has-post-thumbnail","hentry","tag-corn","tag-flour","tag-grain","product-type-hammer-mill"],"_links":{"self":[{"href":"https:\/\/www.agriculture-machine.com\/tr\/wp-json\/wp\/v2\/product\/1307","targetHints":{"allow":["GET"]}}],"collection":[{"href":"https:\/\/www.agriculture-machine.com\/tr\/wp-json\/wp\/v2\/product"}],"about":[{"href":"https:\/\/www.agriculture-machine.com\/tr\/wp-json\/wp\/v2\/types\/product"}],"author":[{"embeddable":true,"href":"https:\/\/www.agriculture-machine.com\/tr\/wp-json\/wp\/v2\/users\/1"}],"replies":[{"embeddable":true,"href":"https:\/\/www.agriculture-machine.com\/tr\/wp-json\/wp\/v2\/comments?post=1307"}],"wp:featuredmedia":[{"embeddable":true,"href":"https:\/\/www.agriculture-machine.com\/tr\/wp-json\/wp\/v2\/media\/1314"}],"wp:attachment":[{"href":"https:\/\/www.agriculture-machine.com\/tr\/wp-json\/wp\/v2\/media?parent=1307"}],"wp:term":[{"taxonomy":"post_tag","embeddable":true,"href":"https:\/\/www.agriculture-machine.com\/tr\/wp-json\/wp\/v2\/tags?post=1307"},{"taxonomy":"product-type","embeddable":true,"href":"https:\/\/www.agriculture-machine.com\/tr\/wp-json\/wp\/v2\/product-type?post=1307"}],"curies":[{"name":"wp","href":"https:\/\/api.w.org\/{rel}","templated":true}]}}