{"id":138,"date":"2018-07-12T06:35:27","date_gmt":"2018-07-11T22:35:27","guid":{"rendered":"https:\/\/www.agriculture-machine.com\/?p=138"},"modified":"2024-10-24T14:11:29","modified_gmt":"2024-10-24T06:11:29","slug":"multifunctional-thresher-for-maize-beans-sorghum-millet","status":"publish","type":"product","link":"https:\/\/www.agriculture-machine.com\/tr\/multifunctional-thresher-for-maize-beans-sorghum-millet\/","title":{"rendered":"Maize, fasulye, sorgum, dar\u0131 i\u00e7in \u00e7ok fonksiyonlu m\u0131s\u0131r ay\u0131klay\u0131c\u0131"},"content":{"rendered":"<p class=\"translation-block\">Makine ba\u011f\u0131ms\u0131z manuel olarak \u00e7al\u0131\u015ft\u0131r\u0131lan  m\u0131s\u0131r ay\u0131klama makinesi  idi.  Teknolojinin geli\u015fmesiyle, \u00e7ok fonksiyonlu m\u0131s\u0131r ay\u0131klay\u0131c\u0131 s\u00fcrekli g\u00fcncelleniyor. Mevcut m\u0131s\u0131r ay\u0131klay\u0131c\u0131, benzinli motor, dizel motor veya motor taraf\u0131ndan g\u00fc\u00e7lendirilebilir. Ayn\u0131 zamanda, bir makine birden fazla \u00fcr\u00fcn ay\u0131klayabilir. Bu da \u00e7ok fonksiyonlu ay\u0131klay\u0131c\u0131n\u0131n pop\u00fcler olmas\u0131n\u0131n nedenidir.<\/p>    <h2 class=\"wp-block-heading\">\u00c7ok fonksiyonlu ay\u0131klay\u0131c\u0131n\u0131n \u00f6zellikleri<\/h2>    <p class=\"translation-block\">A <strong>multifunctional thresher<\/strong> is used to thresh many different sizes of crops such as maize, beans, sorghum, and millet, and it is equipped with high capacity(3-4t\/h). Its threshing rate can reach 98%, which means the final kernels are very clean. What\u2019s more, two rollers made of special materials won&#8217;t damage corn kernels during operation.<\/p>    <figure class=\"wp-block-image aligncenter alignnone size-full wp-image-8696\"><img loading=\"lazy\" decoding=\"async\" width=\"720\" height=\"540\" src=\"https:\/\/www.agriculture-machine.com\/wp-content\/uploads\/2018\/07\/Multifunctional-thresher.jpg\" alt=\"\u00c7ok fonksiyonlu ay\u0131klay\u0131c\u0131\" class=\"wp-image-8696\" srcset=\"https:\/\/www.agriculture-machine.com\/wp-content\/uploads\/2018\/07\/Multifunctional-thresher.jpg 720w, https:\/\/www.agriculture-machine.com\/wp-content\/uploads\/2018\/07\/Multifunctional-thresher-360x270.jpg 360w, https:\/\/www.agriculture-machine.com\/wp-content\/uploads\/2018\/07\/Multifunctional-thresher-240x180.jpg 240w\" sizes=\"auto, (max-width: 720px) 100vw, 720px\" \/><figcaption class=\"wp-element-caption\">\u00c7ok fonksiyonlu ay\u0131klay\u0131c\u0131<\/figcaption><\/figure>    <h2 class=\"wp-block-heading\">\u00c7ok fonksiyonlu ay\u0131klay\u0131c\u0131 kullan\u0131m videosu<\/h2>    <figure class=\"wp-block-embed aligncenter is-type-video is-provider-youtube wp-block-embed-youtube wp-embed-aspect-16-9 wp-has-aspect-ratio\"><div class=\"wp-block-embed__wrapper\"> <iframe loading=\"lazy\" title=\"Sat\u0131n almaktan asla pi\u015fman olmazs\u0131n\u0131z - m\u0131s\u0131r kabu\u011fu ay\u0131klay\u0131c\u0131 makinesi, dar\u0131, sorgum, fasulye, kabuklama m\u0131s\u0131r ay\u0131klay\u0131c\u0131 makinesi\" width=\"500\" height=\"281\" src=\"https:\/\/www.youtube.com\/embed\/GR28h0y-wcc?feature=oembed\" frameborder=\"0\" allow=\"accelerometer; autoplay; clipboard-write; encrypted-media; gyroscope; picture-in-picture; web-share\" referrerpolicy=\"strict-origin-when-cross-origin\" allowfullscreen><\/iframe> <\/div><figcaption class=\"wp-element-caption\">\u00c7ok fonksiyonlu m\u0131s\u0131r ay\u0131klay\u0131c\u0131 \u00e7al\u0131\u015fma videosu<\/figcaption><\/figure>    <p>This multifunctional thresher machine is easy to operate, and farmers just need to change screens with different shapes. The first&nbsp;is to thresher corn. You can see that the kernels are very clean, so users don&#8217;t need to use grain winnower to clean them again. The second is to thresh sorghum, and there is almost no impurity in the video. The third is to thresh millet. The vibrating screen at the exit can filter twice for a cleaner discharge.<\/p>    <h2 class=\"wp-block-heading\">\u00c7ok fonksiyonlu m\u0131s\u0131r kabu\u011fu ay\u0131klay\u0131c\u0131 makinesinin uygulamas\u0131<\/h2>    <figure class=\"wp-block-image aligncenter alignnone\"><img decoding=\"async\" src=\"https:\/\/www.agriculture-machine.com\/wp-content\/uploads\/2018\/07\/corn-sheller16.jpg\" alt=\"m\u0131s\u0131r kabu\u011fu ay\u0131klama makinesi\"\/><figcaption class=\"wp-element-caption\">m\u0131s\u0131r kabu\u011fu ay\u0131klama makinesi<\/figcaption><\/figure>    <figure class=\"wp-block-image aligncenter alignnone\"><img decoding=\"async\" src=\"https:\/\/www.agriculture-machine.com\/wp-content\/uploads\/2018\/07\/corn-sheller05-1.jpg\" alt=\"\u00c7ok fonksiyonlu ay\u0131klay\u0131c\u0131n\u0131n hammaddeleri\"\/><figcaption class=\"wp-element-caption\">\u00c7ok fonksiyonlu ay\u0131klay\u0131c\u0131n\u0131n hammaddeleri<\/figcaption><\/figure>    <p>Bu \u00e7ok fonksiyonlu ay\u0131klay\u0131c\u0131 veya m\u0131s\u0131r ay\u0131klay\u0131c\u0131, farkl\u0131 boyutlara sahip m\u0131s\u0131r, fasulye, sorgum ve dar\u0131 i\u00e7in uygundur ve \u00e7ift\u00e7iler sadece ekranlar\u0131 de\u011fi\u015ftirmelidir.<\/p>    <h2 class=\"wp-block-heading\">\u00c7ok fonksiyonlu m\u0131s\u0131r ay\u0131klay\u0131c\u0131 makinesi i\u00e7in uyumlu g\u00fc\u00e7<\/h2>    <p>Bu dar\u0131 ay\u0131klay\u0131c\u0131, motor, benzinli motor veya dizel motor ile ba\u011flanabilir ve \u00f6zellikle elektrik yetersiz b\u00f6lgelerde kullan\u0131m\u0131 kolayd\u0131r.<br>A\u015fa\u011f\u0131daki m\u0131s\u0131r kabuklama makinesi dizel motor ile uyumludur.<\/p>    <figure class=\"wp-block-image aligncenter alignnone\"><img decoding=\"async\" src=\"https:\/\/www.agriculture-machine.com\/wp-content\/uploads\/2018\/07\/corn-sheller15-1.jpg\" alt=\"Fasulye ay\u0131klama makinesi\"\/><figcaption class=\"wp-element-caption\">Fasulye ay\u0131klama makinesi<\/figcaption><\/figure>    <figure class=\"wp-block-image aligncenter alignnone\"><img decoding=\"async\" src=\"https:\/\/www.agriculture-machine.com\/wp-content\/uploads\/2018\/07\/corn-sheller06.jpg\" alt=\"Dar\u0131 ay\u0131klama makinesi\"\/><figcaption class=\"wp-element-caption\">Dar\u0131 ay\u0131klama makinesi<\/figcaption><\/figure>    <figure class=\"wp-block-image aligncenter alignnone size-full wp-image-8697\"><img loading=\"lazy\" decoding=\"async\" width=\"720\" height=\"540\" src=\"https:\/\/www.agriculture-machine.com\/wp-content\/uploads\/2018\/07\/Multifunctional-corn-thresher.jpg\" alt=\"\u00c7ok fonksiyonlu m\u0131s\u0131r ay\u0131klay\u0131c\u0131\" class=\"wp-image-8697\" srcset=\"https:\/\/www.agriculture-machine.com\/wp-content\/uploads\/2018\/07\/Multifunctional-corn-thresher.jpg 720w, https:\/\/www.agriculture-machine.com\/wp-content\/uploads\/2018\/07\/Multifunctional-corn-thresher-360x270.jpg 360w, https:\/\/www.agriculture-machine.com\/wp-content\/uploads\/2018\/07\/Multifunctional-corn-thresher-240x180.jpg 240w\" sizes=\"auto, (max-width: 720px) 100vw, 720px\" \/><figcaption class=\"wp-element-caption\">\u00c7ok fonksiyonlu m\u0131s\u0131r ay\u0131klay\u0131c\u0131<\/figcaption><\/figure>    <h2 class=\"wp-block-heading\">M\u0131s\u0131r kabu\u011fu ay\u0131klama makinesinin avantajlar\u0131<\/h2>    <ul class=\"wp-block-list\"> <li>\u00c7\u0131k\u0131\u015ftaki titre\u015fimli ekran, daha temiz bir bo\u015faltma i\u00e7in iki kez filtre yapabilir.<\/li>    <li>\u0130\u015flem s\u0131ras\u0131nda, sat\u0131l\u0131k m\u0131s\u0131r ay\u0131klay\u0131c\u0131 stabil kal\u0131r ve taneler kolayca zarar g\u00f6rmez.<\/li>    <li>Ay\u0131klama sonras\u0131, sadece az miktarda safs\u0131zl\u0131k kal\u0131r ve \u00e7ift\u00e7iler tekrar temizlemek i\u00e7in tah\u0131l ay\u0131r\u0131c\u0131 kullanmazlar.<\/li>    <li>D\u00f6rt tekerlek, hareketi kolayla\u015ft\u0131r\u0131r.<\/li> <\/ul>    <figure class=\"wp-block-image aligncenter alignnone\"><img decoding=\"async\" src=\"https:\/\/www.agriculture-machine.com\/wp-content\/uploads\/2018\/07\/corn-sheller12.jpg\" alt=\"Sorgum ay\u0131klay\u0131c\u0131\"\/><figcaption class=\"wp-element-caption\">Sorgum ay\u0131klay\u0131c\u0131<\/figcaption><\/figure>    <figure class=\"wp-block-image aligncenter alignnone\"><img decoding=\"async\" src=\"https:\/\/www.agriculture-machine.com\/wp-content\/uploads\/2018\/07\/corn-sheller13.jpg\" alt=\"Sorgum ay\u0131klay\u0131c\u0131\"\/><figcaption class=\"wp-element-caption\">Sorgum ay\u0131klay\u0131c\u0131<\/figcaption><\/figure>    <h2 class=\"wp-block-heading\">\u00c7ok fonksiyonlu m\u0131s\u0131r kabu\u011fu ay\u0131klay\u0131c\u0131 makinesinin ba\u015far\u0131l\u0131 bir \u00f6rne\u011fi<\/h2>    <p>Teknisyenlerimiz, makineyi teslim etmeden \u00f6nce kontrol ediyor. 2018 y\u0131l\u0131nda, bir\u00e7ok kez bizimle i\u015fbirli\u011fi yapan Nijeryal\u0131 m\u00fc\u015fterimiz, d\u00fc\u015f\u00fck fiyatla 200 set \u00e7ok fonksiyonlu m\u0131s\u0131r ay\u0131klay\u0131c\u0131 makinesi sipari\u015f etti. Her yedek par\u00e7ay\u0131 \u00f6zenle \u00fcretiyoruz ve makinenin kalitesini sa\u011fl\u0131yoruz, en iyi hizmeti sunuyoruz.<\/p>    <p>He distributed machines to local farmers after receiving them, what makes us is that farmers&#8217; living standards have been boosted a lot since they used our machines. Traditionally, they use their hands to shell corn, which wastes much time and energy, and they do not have available time for other meaningful things.<\/p>    <p>\u00c7ok ama\u00e7l\u0131 ay\u0131klay\u0131c\u0131 makine, y\u00fcksek kalite ile donat\u0131lm\u0131\u015ft\u0131r ve bir\u00e7ok teknolojiyi birle\u015ftiren yeni tasar\u0131m \u00fcr\u00fcnd\u00fcr.<\/p>    <figure class=\"wp-block-image aligncenter alignnone\"><img decoding=\"async\" src=\"https:\/\/www.agriculture-machine.com\/wp-content\/uploads\/2018\/07\/corn-sheller02.jpg\" alt=\"Bu\u011fday ay\u0131klama makinesi fabrikas\u0131\"\/><figcaption class=\"wp-element-caption\">Bu\u011fday ay\u0131klama makinesi fabrikas\u0131<\/figcaption><\/figure>    <figure class=\"wp-block-image aligncenter\"><img decoding=\"async\" src=\"https:\/\/www.agriculture-machine.com\/wp-content\/uploads\/2018\/07\/corn-sheller01.jpg\" alt=\"m\u0131s\u0131r-kabuklu01\"\/><figcaption class=\"wp-element-caption\">fabrikada \u00e7ok fonksiyonlu m\u0131s\u0131r ay\u0131klay\u0131c\u0131 makineleri<\/figcaption><\/figure>    <h2 class=\"wp-block-heading\">\u00c7ok fonksiyonlu ay\u0131klay\u0131c\u0131 hakk\u0131nda SSS<\/h2>   <div id=\"rank-math-faq\" class=\"rank-math-block\"> <div class=\"rank-math-list\"> <div id=\"faq-question-1716799607290\" class=\"rank-math-list-item\"> <h3 class=\"rank-math-question\">\u00c7ok fonksiyonlu ay\u0131klay\u0131c\u0131n\u0131n hammaddeleri nelerdir?<\/h3> <div class=\"rank-math-answer\">  <p>Hammaddeler, m\u0131s\u0131r, dar\u0131, sorgum ve fasulye olabilir.<\/p>  <\/div> <\/div> <div id=\"faq-question-1716799613565\" class=\"rank-math-list-item\"> <h3 class=\"rank-math-question\">Neden bir makine bir\u00e7ok \u00fcr\u00fcn ay\u0131klayabilir?<\/h3> <div class=\"rank-math-answer\">  <p>\u00c7ok fonksiyonlu m\u0131s\u0131r ay\u0131klay\u0131c\u0131 makinesinin i\u00e7indeki ekran, a\u015fa\u011f\u0131daki resimdeki gibi \u00fcr\u00fcnlerin farkl\u0131 boyutlar\u0131na g\u00f6re de\u011fi\u015ftirilebilir. S\u0131ras\u0131yla fasulye, dar\u0131 ve m\u0131s\u0131r ekranlar\u0131d\u0131r.<br \/><img decoding=\"async\" src=\"https:\/\/www.agriculture-machine.com\/wp-content\/uploads\/2018\/07\/corn-sheller07.jpg\" alt=\"\u00c7ok ama\u00e7l\u0131 ay\u0131klay\u0131c\u0131 makinenin ekran\u0131 \">\u00c7ok ama\u00e7l\u0131 ay\u0131klay\u0131c\u0131 makinenin ekran\u0131<\/p>  <\/div> <\/div> <div id=\"faq-question-1716799681132\" class=\"rank-math-list-item\"> <h3 class=\"rank-math-question\">Bu m\u0131s\u0131r ay\u0131klama makinesinin k\u0131r\u0131lgan par\u00e7alar\u0131 nelerdir?<\/h3> <div class=\"rank-math-answer\">  <p>Silindir ve ekran k\u0131r\u0131lgan par\u00e7alard\u0131r ve y\u0131ll\u0131k olarak de\u011fi\u015ftirilmelidir.<br \/><img decoding=\"async\" src=\"https:\/\/www.agriculture-machine.com\/wp-content\/uploads\/2018\/07\/corn-sheller11.jpg\" alt=\"\u00c7ok ama\u00e7l\u0131 ay\u0131klay\u0131c\u0131 makinenin ekran\u0131 \">\u00c7ok fonksiyonlu m\u0131s\u0131r ay\u0131klay\u0131c\u0131 makinesinin ekran\u0131<\/p>  <\/div> <\/div> <div id=\"faq-question-1716799749464\" class=\"rank-math-list-item\"> <h3 class=\"rank-math-question\">Daha \u00f6nce hangi \u00fclkeye ihra\u00e7 ettiniz?<\/h3> <div class=\"rank-math-answer\">  <p class=\"translation-block\">Bu m\u0131s\u0131r kabu\u011fu ay\u0131klama makinesini bir\u00e7ok \u00fclkeye ihra\u00e7 ettik, \u00f6rne\u011fin Hindistan, Nijerya, Kenya, Amerika Birle\u015fik Devletleri, Zimbabve, G\u00fcney Afrika vb.<\/p>  <\/div> <\/div> <\/div> <\/div>","protected":false},"excerpt":{"rendered":"<p>\u00c7ok fonksiyonlu m\u0131s\u0131r ay\u0131klay\u0131c\u0131, y\u00fcksek kapasiteli (3-4t\/h) bir\u00e7ok \u00fcr\u00fcnle uyumludur. Sonu\u00e7ta, taneler \u00e7ok temizdir. Ayr\u0131ca, \u00f6zel malzemelerden yap\u0131lm\u0131\u015f iki silindir, \u00e7al\u0131\u015fma s\u0131ras\u0131nda m\u0131s\u0131r tanelerine zarar vermez.<\/p>","protected":false},"author":1,"featured_media":0,"parent":0,"comment_status":"closed","ping_status":"closed","template":"","tags":[491,2619],"product-type":[893],"class_list":["post-138","product","type-product","status-publish","hentry","tag-corn","tag-sheller","product-type-corn-thresher"],"_links":{"self":[{"href":"https:\/\/www.agriculture-machine.com\/tr\/wp-json\/wp\/v2\/product\/138","targetHints":{"allow":["GET"]}}],"collection":[{"href":"https:\/\/www.agriculture-machine.com\/tr\/wp-json\/wp\/v2\/product"}],"about":[{"href":"https:\/\/www.agriculture-machine.com\/tr\/wp-json\/wp\/v2\/types\/product"}],"author":[{"embeddable":true,"href":"https:\/\/www.agriculture-machine.com\/tr\/wp-json\/wp\/v2\/users\/1"}],"replies":[{"embeddable":true,"href":"https:\/\/www.agriculture-machine.com\/tr\/wp-json\/wp\/v2\/comments?post=138"}],"wp:attachment":[{"href":"https:\/\/www.agriculture-machine.com\/tr\/wp-json\/wp\/v2\/media?parent=138"}],"wp:term":[{"taxonomy":"post_tag","embeddable":true,"href":"https:\/\/www.agriculture-machine.com\/tr\/wp-json\/wp\/v2\/tags?post=138"},{"taxonomy":"product-type","embeddable":true,"href":"https:\/\/www.agriculture-machine.com\/tr\/wp-json\/wp\/v2\/product-type?post=138"}],"curies":[{"name":"wp","href":"https:\/\/api.w.org\/{rel}","templated":true}]}}