{"id":14778,"date":"2023-09-11T14:17:49","date_gmt":"2023-09-11T06:17:49","guid":{"rendered":"https:\/\/www.agriculture-machine.com\/?post_type=product&#038;p=14778"},"modified":"2025-08-19T17:50:32","modified_gmt":"2025-08-19T09:50:32","slug":"groundnut-sheller-machine","status":"publish","type":"product","link":"https:\/\/www.agriculture-machine.com\/tr\/groundnut-sheller-machine\/","title":{"rendered":"Otomatik Yerf\u0131st\u0131\u011f\u0131 Kabuklama Makinesi Sat\u0131l\u0131k"},"content":{"rendered":"<p>The small groundnut sheller machine is widely used in farms and processing plants. The machine combines drum friction and air separation to shell peanuts, achieving a shelling rate of over 95% and effectively ensuring a kernel integrity rate of approximately 90%.<\/p>    <p>Geleneksel manuel kabuklamaya k\u0131yasla, verim birka\u00e7 kat artar, i\u015f\u00e7ilik maliyetlerini \u00f6nemli \u00f6l\u00e7\u00fcde azalt\u0131rken, f\u0131st\u0131k \u00e7ekirde\u011finin temizli\u011fi ve piyasa de\u011feri artar. K\u00fc\u00e7\u00fck \u00f6l\u00e7ekli \u00e7ift\u00e7iler veya orta \u00f6l\u00e7ekli i\u015fleme i\u015fletmeleri i\u00e7in bu ekipman, \u00fcretkenli\u011fi ve rekabet\u00e7ili\u011fi art\u0131rmak i\u00e7in idealdir.<\/p>    <figure class=\"wp-block-embed aligncenter is-type-video is-provider-youtube wp-block-embed-youtube wp-embed-aspect-16-9 wp-has-aspect-ratio\"><div class=\"wp-block-embed__wrapper\"> <iframe loading=\"lazy\" title=\"Verimli ve Pratik! Ev Kullan\u0131m\u0131 F\u0131st\u0131k Kabuklama Makinesi \u00c7\u0131lg\u0131nca Sat\u0131\u015fta!\" width=\"500\" height=\"281\" src=\"https:\/\/www.youtube.com\/embed\/_BhNMHRh6mY?feature=oembed\" frameborder=\"0\" allow=\"accelerometer; autoplay; clipboard-write; encrypted-media; gyroscope; picture-in-picture; web-share\" referrerpolicy=\"strict-origin-when-cross-origin\" allowfullscreen><\/iframe> <\/div><figcaption class=\"wp-element-caption\">Ev kullan\u0131m\u0131 i\u00e7in k\u00fc\u00e7\u00fck f\u0131st\u0131k kabuk \u00e7\u0131kar\u0131c\u0131 makinesi<\/figcaption><\/figure>    <h2 class=\"wp-block-heading\">Tamamlanan \u00fcr\u00fcnler sergisi<\/h2>    <ul class=\"wp-block-list\"> <li>Y\u00fcksek f\u0131st\u0131k \u00e7ekirde\u011fi b\u00fct\u00fcnl\u00fc\u011f\u00fc: kabuklama sonras\u0131, f\u0131st\u0131k \u00e7ekirdekleri d\u00fczg\u00fcn y\u00fczeyli ve k\u0131r\u0131lma oran\u0131 d\u00fc\u015f\u00fckt\u00fcr.<\/li>    <li>Tam kabuk-\u00e7ekirdek ay\u0131rma: kabuklar ve \u00e7ekirdekler verimli \u015fekilde ayr\u0131l\u0131r, ikincil ay\u0131rmaya gerek kalmaz.<\/li>    <li>Y\u00fcksek temizlik: f\u0131st\u0131k \u00e7ekirdekleri az miktarda kir i\u00e7erir, bu da do\u011frudan sonraki i\u015flemler i\u00e7in uygundur.<\/li>    <li>\u0130stikrarl\u0131 \u00e7\u0131kt\u0131: makine s\u00fcrekli \u00e7al\u0131\u015fabilir, toplu \u00fcretim gereksinimlerini kar\u015f\u0131lamak i\u00e7in uniform \u00e7\u0131kt\u0131 sa\u011flar.<\/li> <\/ul>    <figure class=\"wp-block-gallery aligncenter has-nested-images columns-default is-cropped wp-block-gallery-2 is-layout-flex wp-block-gallery-is-layout-flex\"> <figure class=\"wp-block-image size-large\"><img loading=\"lazy\" decoding=\"async\" width=\"720\" height=\"540\" data-id=\"14787\" src=\"https:\/\/www.agriculture-machine.com\/wp-content\/uploads\/2023\/09\/raw-peanut-material.webp\" alt=\"Ham f\u0131st\u0131k malzemesi\" class=\"wp-image-14787\" srcset=\"https:\/\/www.agriculture-machine.com\/wp-content\/uploads\/2023\/09\/raw-peanut-material.webp 720w, https:\/\/www.agriculture-machine.com\/wp-content\/uploads\/2023\/09\/raw-peanut-material-360x270.webp 360w, https:\/\/www.agriculture-machine.com\/wp-content\/uploads\/2023\/09\/raw-peanut-material-240x180.webp 240w\" sizes=\"auto, (max-width: 720px) 100vw, 720px\" \/><figcaption class=\"wp-element-caption\">Ham f\u0131st\u0131k malzemesi<\/figcaption><\/figure>    <figure class=\"wp-block-image size-large\"><img loading=\"lazy\" decoding=\"async\" width=\"720\" height=\"540\" data-id=\"14788\" src=\"https:\/\/www.agriculture-machine.com\/wp-content\/uploads\/2023\/09\/finished-groundnut-show.webp\" alt=\"Tamamlanm\u0131\u015f yer f\u0131st\u0131\u011f\u0131 g\u00f6sterimi\" class=\"wp-image-14788\" srcset=\"https:\/\/www.agriculture-machine.com\/wp-content\/uploads\/2023\/09\/finished-groundnut-show.webp 720w, https:\/\/www.agriculture-machine.com\/wp-content\/uploads\/2023\/09\/finished-groundnut-show-360x270.webp 360w, https:\/\/www.agriculture-machine.com\/wp-content\/uploads\/2023\/09\/finished-groundnut-show-240x180.webp 240w\" sizes=\"auto, (max-width: 720px) 100vw, 720px\" \/><figcaption class=\"wp-element-caption\">Tamamlanm\u0131\u015f yer f\u0131st\u0131\u011f\u0131 g\u00f6sterimi<\/figcaption><\/figure> <\/figure>    <h2 class=\"wp-block-heading\">F\u0131st\u0131k kabuklama makinesinin \u00f6zellikleri<\/h2>    <ul class=\"wp-block-list\"> <li>Y\u00fcksek verimli kabuklama: h\u0131zl\u0131 kabuklama h\u0131z\u0131, manuel i\u015f\u00e7ilikten 3-5 kat daha y\u00fcksek verimlilik sa\u011flar.<\/li>    <li>Y\u00fcksek uyarlanabilirlik: farkl\u0131 \u00f6zelliklere ve \u00e7e\u015fitlere sahip f\u0131st\u0131klar\u0131 i\u015fleyebilir.<\/li>    <li>Ayarlanabilir parametreler: baz\u0131 modeller, optimal kabuklama sonu\u00e7lar\u0131 i\u00e7in bo\u015fluk ve hava ak\u0131\u015f\u0131 ayar\u0131n\u0131 destekler.<\/li>    <li>Dayan\u0131kl\u0131 ve g\u00fcvenilir: y\u00fcksek kaliteli \u00e7elik ve a\u015f\u0131nma diren\u00e7li bile\u015fenlerle yap\u0131lm\u0131\u015f, uzun vadeli y\u00fcksek yo\u011funluklu operasyonlara uygun.<\/li>    <li>Y\u00fcksek kapasite: k\u00fc\u00e7\u00fck modeller saatte 300-800 kilogram i\u015fleyebilir, k\u00fc\u00e7\u00fck ve orta \u00f6l\u00e7ekli i\u015flemler i\u00e7in uygundur.<\/li>    <li>Kolay hareketlilik: baz\u0131 modellerde esnek hareket i\u00e7in tekerlekler bulunan kompakt tasar\u0131m.<\/li>    <li>\u0130\u015f\u00e7ilikten tasarruf: minimum manuel operasyon gerektirir, i\u015f\u00e7ilik yo\u011funlu\u011funu ve maliyetleri \u00f6nemli \u00f6l\u00e7\u00fcde azalt\u0131r.<\/li> <\/ul>    <figure class=\"wp-block-gallery aligncenter has-nested-images columns-2 is-cropped wp-block-gallery-3 is-layout-flex wp-block-gallery-is-layout-flex\"> <figure class=\"wp-block-image size-large\"><img loading=\"lazy\" decoding=\"async\" width=\"405\" height=\"540\" data-id=\"14785\" src=\"https:\/\/www.agriculture-machine.com\/wp-content\/uploads\/2023\/09\/groundnut-shell-removing-machine-405x540.webp\" alt=\"Yer f\u0131st\u0131\u011f\u0131 kabuk \u00e7\u0131karma makinesi\" class=\"wp-image-14785\" srcset=\"https:\/\/www.agriculture-machine.com\/wp-content\/uploads\/2023\/09\/groundnut-shell-removing-machine-405x540.webp 405w, https:\/\/www.agriculture-machine.com\/wp-content\/uploads\/2023\/09\/groundnut-shell-removing-machine-203x270.webp 203w, https:\/\/www.agriculture-machine.com\/wp-content\/uploads\/2023\/09\/groundnut-shell-removing-machine.webp 540w\" sizes=\"auto, (max-width: 405px) 100vw, 405px\" \/><figcaption class=\"wp-element-caption\">Yer f\u0131st\u0131\u011f\u0131 kabuk \u00e7\u0131karma makinesi<\/figcaption><\/figure>    <figure class=\"wp-block-image size-large\"><img loading=\"lazy\" decoding=\"async\" width=\"405\" height=\"540\" data-id=\"14786\" src=\"https:\/\/www.agriculture-machine.com\/wp-content\/uploads\/2023\/09\/peanut-cleaning-and-shelling-machine-405x540.webp\" alt=\"F\u0131st\u0131k Temizleme ve Kabuklama Makinesi\" class=\"wp-image-14786\" srcset=\"https:\/\/www.agriculture-machine.com\/wp-content\/uploads\/2023\/09\/peanut-cleaning-and-shelling-machine-405x540.webp 405w, https:\/\/www.agriculture-machine.com\/wp-content\/uploads\/2023\/09\/peanut-cleaning-and-shelling-machine-203x270.webp 203w, https:\/\/www.agriculture-machine.com\/wp-content\/uploads\/2023\/09\/peanut-cleaning-and-shelling-machine.webp 540w\" sizes=\"auto, (max-width: 405px) 100vw, 405px\" \/><figcaption class=\"wp-element-caption\">F\u0131st\u0131k Temizleme ve Kabuklama Makinesi<\/figcaption><\/figure> <\/figure>    <h2 class=\"wp-block-heading\">Ta\u015f\u0131nabilir yer f\u0131st\u0131\u011f\u0131 kabuklama makinelerinin bile\u015fenleri<\/h2>    <p>A\u015fa\u011f\u0131daki \u015fekil ile yer f\u0131st\u0131\u011f\u0131 kabuklama makinesinin basit yap\u0131s\u0131n\u0131 net bir \u015fekilde g\u00f6rebilirsiniz.<\/p>    <figure class=\"wp-block-image aligncenter size-full\"><img loading=\"lazy\" decoding=\"async\" width=\"720\" height=\"540\" src=\"https:\/\/www.agriculture-machine.com\/wp-content\/uploads\/2023\/09\/groundnut-shell-off-machine-structure.webp\" alt=\"Yer f\u0131st\u0131\u011f\u0131 kabuk \u00e7\u0131karma makinesi yap\u0131s\u0131\" class=\"wp-image-15493\" srcset=\"https:\/\/www.agriculture-machine.com\/wp-content\/uploads\/2023\/09\/groundnut-shell-off-machine-structure.webp 720w, https:\/\/www.agriculture-machine.com\/wp-content\/uploads\/2023\/09\/groundnut-shell-off-machine-structure-360x270.webp 360w, https:\/\/www.agriculture-machine.com\/wp-content\/uploads\/2023\/09\/groundnut-shell-off-machine-structure-240x180.webp 240w\" sizes=\"auto, (max-width: 720px) 100vw, 720px\" \/><figcaption class=\"wp-element-caption\">Yer f\u0131st\u0131\u011f\u0131 kabuk \u00e7\u0131karma makinesi yap\u0131s\u0131<\/figcaption><\/figure>    <h2 class=\"wp-block-heading\">Yer f\u0131st\u0131\u011f\u0131 kabuk \u00e7\u0131karma makinesinin ana yap\u0131s\u0131<\/h2>    <ul class=\"wp-block-list\"> <li><strong>Besleme \u00dcnitesi<\/strong>Kabuklama alan\u0131na ham f\u0131st\u0131k ta\u015f\u0131mak i\u00e7in kullan\u0131l\u0131r, genellikle konvey\u00f6r band\u0131 veya hopper \u015feklinde.<\/li>    <li><strong>Kabuklama Mekanizmas\u0131<\/strong>Makinenin ana bile\u015feni, genellikle iki silindir veya b\u0131\u00e7aklar, s\u00fcrt\u00fcnme veya s\u0131k\u0131\u015ft\u0131rma yoluyla f\u0131st\u0131klardan kabuklar\u0131 \u00e7\u0131kar\u0131r.<\/li>    <li><strong>Hava Ay\u0131r\u0131c\u0131<\/strong>Hava ak\u0131\u015f ilkelerini kullanarak, f\u0131st\u0131k kabuklar\u0131n\u0131 ve \u00e7ekirdeklerini ay\u0131r\u0131r, tam ay\u0131rma sa\u011flar.<\/li>    <li><strong>\u00c7\u0131k\u0131\u015f \u00dcnitesi<\/strong>Kabuklu f\u0131st\u0131k \u00e7ekirdeklerini bir sonraki i\u015flemi veya toplama kab\u0131na ileten konvey\u00f6r band\u0131 veya bo\u015faltma oluk \u015feklinde.<\/li>    <li><strong>Kontrol Sistemi<\/strong>D\u00fc\u011fmeler, anahtarlar veya ayar cihazlar\u0131yla makineyi ba\u015flat\/durdur ve parametreleri ayarlama kontrol\u00fc sa\u011flar. Baz\u0131 modeller otomatik kontrol sistemleri ile operasyonel kolayl\u0131k ve verimlilik sa\u011flar.<\/li> <\/ul>    <figure class=\"wp-block-gallery aligncenter has-nested-images columns-2 is-cropped wp-block-gallery-4 is-layout-flex wp-block-gallery-is-layout-flex\"> <figure class=\"wp-block-image size-medium\"><img loading=\"lazy\" decoding=\"async\" width=\"360\" height=\"270\" data-id=\"14780\" src=\"https:\/\/www.agriculture-machine.com\/wp-content\/uploads\/2023\/09\/groundnut-sheller-machine-inner-structure-1-360x270.webp\" alt=\"Yer f\u0131st\u0131\u011f\u0131 kabuklama makinesi i\u00e7 yap\u0131s\u0131\" class=\"wp-image-14780\" srcset=\"https:\/\/www.agriculture-machine.com\/wp-content\/uploads\/2023\/09\/groundnut-sheller-machine-inner-structure-1-360x270.webp 360w, https:\/\/www.agriculture-machine.com\/wp-content\/uploads\/2023\/09\/groundnut-sheller-machine-inner-structure-1-240x180.webp 240w, https:\/\/www.agriculture-machine.com\/wp-content\/uploads\/2023\/09\/groundnut-sheller-machine-inner-structure-1.webp 720w\" sizes=\"auto, (max-width: 360px) 100vw, 360px\" \/><figcaption class=\"wp-element-caption\">Yer f\u0131st\u0131\u011f\u0131 kabuklama makinesi i\u00e7 yap\u0131s\u0131<\/figcaption><\/figure>    <figure class=\"wp-block-image size-medium\"><img loading=\"lazy\" decoding=\"async\" width=\"360\" height=\"270\" data-id=\"14781\" src=\"https:\/\/www.agriculture-machine.com\/wp-content\/uploads\/2023\/09\/groundnut-sheller-machine-structure-360x270.webp\" alt=\"Yer f\u0131st\u0131\u011f\u0131 kabuklama makinesi yap\u0131s\u0131\" class=\"wp-image-14781\" srcset=\"https:\/\/www.agriculture-machine.com\/wp-content\/uploads\/2023\/09\/groundnut-sheller-machine-structure-360x270.webp 360w, https:\/\/www.agriculture-machine.com\/wp-content\/uploads\/2023\/09\/groundnut-sheller-machine-structure-240x180.webp 240w, https:\/\/www.agriculture-machine.com\/wp-content\/uploads\/2023\/09\/groundnut-sheller-machine-structure.webp 720w\" sizes=\"auto, (max-width: 360px) 100vw, 360px\" \/><figcaption class=\"wp-element-caption\">Yer f\u0131st\u0131\u011f\u0131 kabuklama makinesi yap\u0131s\u0131<\/figcaption><\/figure> <\/figure>    <figure class=\"wp-block-gallery has-nested-images columns-default is-cropped wp-block-gallery-5 is-layout-flex wp-block-gallery-is-layout-flex\"> <figure class=\"wp-block-image size-large\"><img loading=\"lazy\" decoding=\"async\" width=\"720\" height=\"540\" data-id=\"15491\" src=\"https:\/\/www.agriculture-machine.com\/wp-content\/uploads\/2023\/09\/peanut-sheller-inner-detail.webp\" alt=\"F\u0131st\u0131k kabuklama makinesi i\u00e7 detay\" class=\"wp-image-15491\" srcset=\"https:\/\/www.agriculture-machine.com\/wp-content\/uploads\/2023\/09\/peanut-sheller-inner-detail.webp 720w, https:\/\/www.agriculture-machine.com\/wp-content\/uploads\/2023\/09\/peanut-sheller-inner-detail-360x270.webp 360w, https:\/\/www.agriculture-machine.com\/wp-content\/uploads\/2023\/09\/peanut-sheller-inner-detail-240x180.webp 240w\" sizes=\"auto, (max-width: 720px) 100vw, 720px\" \/><figcaption class=\"wp-element-caption\">F\u0131st\u0131k kabuklama makinesi i\u00e7 detay<\/figcaption><\/figure>    <figure class=\"wp-block-image size-large\"><img loading=\"lazy\" decoding=\"async\" width=\"360\" height=\"270\" data-id=\"15495\" src=\"https:\/\/www.agriculture-machine.com\/wp-content\/uploads\/2023\/09\/peanut-peeling-machine-sieve-360x270-1.webp\" alt=\"F\u0131st\u0131k soyma makinesi elek\" class=\"wp-image-15495\" srcset=\"https:\/\/www.agriculture-machine.com\/wp-content\/uploads\/2023\/09\/peanut-peeling-machine-sieve-360x270-1.webp 360w, https:\/\/www.agriculture-machine.com\/wp-content\/uploads\/2023\/09\/peanut-peeling-machine-sieve-360x270-1-240x180.webp 240w\" sizes=\"auto, (max-width: 360px) 100vw, 360px\" \/><figcaption class=\"wp-element-caption\">F\u0131st\u0131k soyma makinesi elek<\/figcaption><\/figure> <\/figure>    <h2 class=\"wp-block-heading\">Yer f\u0131st\u0131\u011f\u0131 kabuklama makinesi \u00e7al\u0131\u015fma prensibi<\/h2>   <div id=\"rank-math-howto\" class=\"rank-math-block\" > <div class=\"rank-math-howto-description\"> <img loading=\"lazy\" decoding=\"async\" width=\"720\" height=\"540\" src=\"https:\/\/www.agriculture-machine.com\/wp-content\/uploads\/2023\/09\/peanut-thresher-machine-details.webp\" class=\"attachment-full size-full\" alt=\"F\u0131st\u0131k hasat makinesi detaylar\u0131\" srcset=\"https:\/\/www.agriculture-machine.com\/wp-content\/uploads\/2023\/09\/peanut-thresher-machine-details.webp 720w, https:\/\/www.agriculture-machine.com\/wp-content\/uploads\/2023\/09\/peanut-thresher-machine-details-360x270.webp 360w, https:\/\/www.agriculture-machine.com\/wp-content\/uploads\/2023\/09\/peanut-thresher-machine-details-240x180.webp 240w\" sizes=\"auto, (max-width: 720px) 100vw, 720px\" \/> <p>Yer f\u0131st\u0131\u011f\u0131 kabuklama makinesi temel olarak mekanik kuvvet ve hareketle f\u0131st\u0131\u011f\u0131n kabu\u011funu \u00e7\u0131kar\u0131r, genellikle \u015fu ad\u0131mlar\u0131 i\u00e7erir:<\/p>  <\/div>  <div class=\"rank-math-steps\"> <div id=\"howto-step-1694399210907\" class=\"rank-math-step\"> <h3 class=\"rank-math-step-title\">Besleme A\u015famas\u0131<\/h3> <div class=\"rank-math-step-content\"><p>Ham kabuklu f\u0131st\u0131klar, genellikle konvey\u00f6r band\u0131 veya palet kullan\u0131larak kabuklama makinesine beslenir.<\/p> <\/div> <\/div> <div id=\"howto-step-1694399276211\" class=\"rank-math-step\"> <h3 class=\"rank-math-step-title\">Fiziksel Ay\u0131rma<\/h3> <div class=\"rank-math-step-content\"><p>F\u0131st\u0131klar, yer f\u0131st\u0131\u011f\u0131 kabuklama makinesi i\u00e7inde fiziksel ay\u0131rma kuvvetlerine maruz kal\u0131r. Bu genellikle d\u00f6nen tamburlar, b\u0131\u00e7aklar veya di\u011fer kabuklama mekanizmalar\u0131yla ger\u00e7ekle\u015ftirilir.<\/p> <\/div> <\/div> <div id=\"howto-step-1694399294541\" class=\"rank-math-step\"> <h3 class=\"rank-math-step-title\">Kabuklama S\u00fcreci<\/h3> <div class=\"rank-math-step-content\"><p>F\u0131st\u0131klar kabuklama mekanizmas\u0131na beslenir ve kabuklar \u00e7ekirdeklerden ayr\u0131l\u0131r. Bu ad\u0131m\u0131n anahtar\u0131, genellikle s\u00fcrt\u00fcnme, titre\u015fim veya kesme kullanarak kabuklar\u0131 ay\u0131ran mekanizman\u0131n tasar\u0131m\u0131d\u0131r.<\/p> <\/div> <\/div> <div id=\"howto-step-1694399312065\" class=\"rank-math-step\"> <h3 class=\"rank-math-step-title\">Kabuk Ay\u0131rma<\/h3> <div class=\"rank-math-step-content\"><p>Kabuklama sonras\u0131, f\u0131st\u0131k \u00e7ekirdekleri ve kalan kabuklar, hava ay\u0131r\u0131c\u0131 veya elek arac\u0131l\u0131\u011f\u0131yla beslenir. Burada, hava ak\u0131\u015f\u0131 veya titre\u015fimle, hafif kabuk par\u00e7ac\u0131klar\u0131 \u00fcflenir veya taran\u0131r, daha a\u011f\u0131r f\u0131st\u0131k \u00e7ekirdekleri ise ilerler.<\/p> <\/div> <\/div> <div id=\"howto-step-1694399336420\" class=\"rank-math-step\"> <h3 class=\"rank-math-step-title\">Bo\u015faltma A\u015famas\u0131<\/h3> <div class=\"rank-math-step-content\"><p>Kabuklu f\u0131st\u0131k \u00e7ekirdekleri, genellikle bir konvey\u00f6r band\u0131 veya boru hatt\u0131 arac\u0131l\u0131\u011f\u0131yla bo\u015faltma \u00fcnitesine iletilir, daha sonra i\u015fleme veya toplama i\u00e7in.<\/p> <\/div> <\/div> <\/div> <\/div>       <h2 class=\"wp-block-heading\">Yer f\u0131st\u0131\u011f\u0131 kabuklama makinesi teknik verileri<\/h2>    <p>F\u0131st\u0131k kabuklama makinelerinin teknik parametreleri \u00fcreticiye, modele ve uygulamaya g\u00f6re de\u011fi\u015febilir, ancak a\u015fa\u011f\u0131daki baz\u0131 yayg\u0131n modeller referans i\u00e7in sunulmu\u015ftur:<\/p>    <div class=\"wp-block-media-text is-stacked-on-mobile\"><figure class=\"wp-block-media-text__media\"><img loading=\"lazy\" decoding=\"async\" width=\"720\" height=\"540\" src=\"https:\/\/www.agriculture-machine.com\/wp-content\/uploads\/2023\/09\/groundnut-shelling-machine-for-sale.webp\" alt=\"Sat\u0131l\u0131k yer f\u0131st\u0131\u011f\u0131 kabuklama makinesi\" class=\"wp-image-15492 size-full\" srcset=\"https:\/\/www.agriculture-machine.com\/wp-content\/uploads\/2023\/09\/groundnut-shelling-machine-for-sale.webp 720w, https:\/\/www.agriculture-machine.com\/wp-content\/uploads\/2023\/09\/groundnut-shelling-machine-for-sale-360x270.webp 360w, https:\/\/www.agriculture-machine.com\/wp-content\/uploads\/2023\/09\/groundnut-shelling-machine-for-sale-240x180.webp 240w\" sizes=\"auto, (max-width: 720px) 100vw, 720px\" \/><\/figure><div class=\"wp-block-media-text__content\"> <p>Model: TBH-200<\/p>    <p>Boyut: 650*560*1000mm<\/p>    <p>\u00dcretim: 200KG\/Saat<\/p>    <p>G\u00fc\u00e7: benzinli motor 170\/ motor\/dizel motor 6 beygir g\u00fcc\u00fc<\/p> <\/div><\/div>    <p class=\"translation-block\">Ayn\u0131 zamanda, \u015firketimiz b\u00fcy\u00fck \u00f6l\u00e7ekli kombine yer f\u0131st\u0131\u011f\u0131 kabuklama \u00fcnitesi satmaktad\u0131r, bu da f\u0131st\u0131klar\u0131n temizlenmesi ve kabuklanmas\u0131n\u0131 tek makinede ger\u00e7ekle\u015ftirir. Bu ekipman\u0131 \u015fu \u015fekilde anlayabilirsiniz: <a href=\"https:\/\/www.agriculture-machine.com\/tr\/industrial-combined-peanut-groundnut-shelling-machine\/\"><strong>End\u00fcstriyel kombine yer f\u0131st\u0131\u011f\u0131 kabuklama makinesi<\/strong><\/a>. Herhangi bir sorunuz varsa bizimle ileti\u015fime ge\u00e7mekten \u00e7ekinmeyin.<\/p>","protected":false},"excerpt":{"rendered":"<p>K\u00fc\u00e7\u00fck yer f\u0131st\u0131\u011f\u0131 kabuklama makinesi, y\u00fcksek kabuk-\u00e7ekirdek ay\u0131rma oran\u0131na sahiptir ve kullan\u0131m\u0131 kolayd\u0131r, bu da k\u00fc\u00e7\u00fck ve orta \u00f6l\u00e7ekli \u00e7iftlikler ve g\u0131da i\u015fleme tesislerinde yayg\u0131n olarak kullan\u0131l\u0131r.<\/p>","protected":false},"author":1,"featured_media":14790,"parent":0,"comment_status":"closed","ping_status":"closed","template":"","tags":[798,797],"product-type":[895,872],"class_list":["post-14778","product","type-product","status-publish","has-post-thumbnail","hentry","tag-groundnut","tag-peanut","product-type-peanut-sheller","product-type-thresher-sheller"],"_links":{"self":[{"href":"https:\/\/www.agriculture-machine.com\/tr\/wp-json\/wp\/v2\/product\/14778","targetHints":{"allow":["GET"]}}],"collection":[{"href":"https:\/\/www.agriculture-machine.com\/tr\/wp-json\/wp\/v2\/product"}],"about":[{"href":"https:\/\/www.agriculture-machine.com\/tr\/wp-json\/wp\/v2\/types\/product"}],"author":[{"embeddable":true,"href":"https:\/\/www.agriculture-machine.com\/tr\/wp-json\/wp\/v2\/users\/1"}],"replies":[{"embeddable":true,"href":"https:\/\/www.agriculture-machine.com\/tr\/wp-json\/wp\/v2\/comments?post=14778"}],"wp:featuredmedia":[{"embeddable":true,"href":"https:\/\/www.agriculture-machine.com\/tr\/wp-json\/wp\/v2\/media\/14790"}],"wp:attachment":[{"href":"https:\/\/www.agriculture-machine.com\/tr\/wp-json\/wp\/v2\/media?parent=14778"}],"wp:term":[{"taxonomy":"post_tag","embeddable":true,"href":"https:\/\/www.agriculture-machine.com\/tr\/wp-json\/wp\/v2\/tags?post=14778"},{"taxonomy":"product-type","embeddable":true,"href":"https:\/\/www.agriculture-machine.com\/tr\/wp-json\/wp\/v2\/product-type?post=14778"}],"curies":[{"name":"wp","href":"https:\/\/api.w.org\/{rel}","templated":true}]}}