{"id":15095,"date":"2023-11-09T15:07:38","date_gmt":"2023-11-09T07:07:38","guid":{"rendered":"https:\/\/www.agriculture-machine.com\/?post_type=product&#038;p=15095"},"modified":"2024-11-14T15:12:46","modified_gmt":"2024-11-14T07:12:46","slug":"rice-mill-plant","status":"publish","type":"product","link":"https:\/\/www.agriculture-machine.com\/tr\/rice-mill-plant\/","title":{"rendered":"15TPD Tam Pirin\u00e7 De\u011firmen Tesisi Ham Tah\u0131l \u0130\u015fleme Ekipmanlar\u0131"},"content":{"rendered":"<p class=\"translation-block\">Tam bir <strong><a href=\"https:\/\/www.agriculture-machine.com\/tr\/rice-milling-plant-machine\/\">pirin\u00e7 de\u011firmen tesisi<\/a><\/strong>, pirincin kabu\u011fu ve kepe\u011finin ayr\u0131lmas\u0131na ve sonunda rafine pirin\u00e7 \u00fcretimine yard\u0131mc\u0131 olan bir s\u00fcre\u00e7tir. Pirin\u00e7 de\u011firmen \u00fcnitemizi kullanarak, tamamen \u00f6\u011f\u00fct\u00fclm\u00fc\u015f, safs\u0131zl\u0131klardan ar\u0131nd\u0131r\u0131lm\u0131\u015f ve minimum k\u0131r\u0131k tah\u0131l i\u00e7eren beyaz pirin\u00e7 taneleri elde edebilirsiniz; beyaz pirin\u00e7 \u00e7\u0131k\u0131\u015f\u0131 i-72'ye kadar \u00e7\u0131kabilir.<\/p>    <figure class=\"wp-block-gallery has-nested-images columns-default is-cropped wp-block-gallery-2 is-layout-flex wp-block-gallery-is-layout-flex\"> <figure class=\"wp-block-image size-large\"><img loading=\"lazy\" decoding=\"async\" width=\"720\" height=\"540\" data-id=\"15101\" src=\"https:\/\/www.agriculture-machine.com\/wp-content\/uploads\/2023\/11\/rice-milling-machine-production-line.webp\" alt=\"pirin\u00e7 de\u011firmen makinesi \u00fcretim hatt\u0131\" class=\"wp-image-15101\" srcset=\"https:\/\/www.agriculture-machine.com\/wp-content\/uploads\/2023\/11\/rice-milling-machine-production-line.webp 720w, https:\/\/www.agriculture-machine.com\/wp-content\/uploads\/2023\/11\/rice-milling-machine-production-line-360x270.webp 360w, https:\/\/www.agriculture-machine.com\/wp-content\/uploads\/2023\/11\/rice-milling-machine-production-line-240x180.webp 240w\" sizes=\"auto, (max-width: 720px) 100vw, 720px\" \/><figcaption class=\"wp-element-caption\">pirin\u00e7 de\u011firmen makinesi \u00fcretim hatt\u0131<\/figcaption><\/figure>    <figure class=\"wp-block-image size-large\"><img loading=\"lazy\" decoding=\"async\" width=\"720\" height=\"540\" data-id=\"15100\" src=\"https:\/\/www.agriculture-machine.com\/wp-content\/uploads\/2023\/11\/rice-mill-plant.webp\" alt=\"pirin\u00e7 de\u011firmen tesisi\" class=\"wp-image-15100\" srcset=\"https:\/\/www.agriculture-machine.com\/wp-content\/uploads\/2023\/11\/rice-mill-plant.webp 720w, https:\/\/www.agriculture-machine.com\/wp-content\/uploads\/2023\/11\/rice-mill-plant-360x270.webp 360w, https:\/\/www.agriculture-machine.com\/wp-content\/uploads\/2023\/11\/rice-mill-plant-240x180.webp 240w\" sizes=\"auto, (max-width: 720px) 100vw, 720px\" \/><figcaption class=\"wp-element-caption\">pirin\u00e7 de\u011firmen tesisi<\/figcaption><\/figure> <\/figure>    <h2 class=\"wp-block-heading\">15TPD Pirin\u00e7 De\u011firmen Tesisi Teknik Verileri<\/h2>    <figure class=\"wp-block-table is-style-stripes\"><table><tbody><tr><td class=\"has-text-align-center\" data-align=\"center\"><strong>Hay\u0131r.<\/strong><\/td><td class=\"has-text-align-center\" data-align=\"center\"><strong>\u00dcr\u00fcn<\/strong><\/td><td class=\"has-text-align-center\" data-align=\"center\"><strong>Model<\/strong><\/td><td class=\"has-text-align-center\" data-align=\"center\"><strong>G\u00fc\u00e7\uff08KW\uff09<\/strong><\/td><\/tr><tr><td class=\"has-text-align-center\" data-align=\"center\">1<\/td><td class=\"has-text-align-center\" data-align=\"center\">Asans\u00f6r<\/td><td class=\"has-text-align-center\" data-align=\"center\">TDTG18\/07<\/td><td class=\"has-text-align-center\" data-align=\"center\">0.75<\/td><\/tr><tr><td class=\"has-text-align-center\" data-align=\"center\">2<\/td><td class=\"has-text-align-center\" data-align=\"center\">Pirincin Ta\u015f\u0131n\u0131c\u0131<\/td><td class=\"has-text-align-center\" data-align=\"center\">ZQS50<\/td><td class=\"has-text-align-center\" data-align=\"center\">0.75+0.75<\/td><\/tr><tr><td class=\"has-text-align-center\" data-align=\"center\">3<\/td><td class=\"has-text-align-center\" data-align=\"center\">Asans\u00f6r<\/td><td class=\"has-text-align-center\" data-align=\"center\">TDTG18\/07*2<\/td><td class=\"has-text-align-center\" data-align=\"center\">0.75<\/td><\/tr><tr><td class=\"has-text-align-center\" data-align=\"center\">4<\/td><td class=\"has-text-align-center\" data-align=\"center\">Pirincin Kabuk Soyucu (6 in\u00e7 Kau\u00e7uk Silindirik)&nbsp;<\/td><td class=\"has-text-align-center\" data-align=\"center\">LG15<\/td><td class=\"has-text-align-center\" data-align=\"center\">4<\/td><\/tr><tr><td class=\"has-text-align-center\" data-align=\"center\">5<\/td><td class=\"has-text-align-center\" data-align=\"center\">Yer\u00e7ekimli Pirin\u00e7 Ay\u0131r\u0131c\u0131<\/td><td class=\"has-text-align-center\" data-align=\"center\">MGCZ70*5<\/td><td class=\"has-text-align-center\" data-align=\"center\">0.75<\/td><\/tr><tr><td class=\"has-text-align-center\" data-align=\"center\">6<\/td><td class=\"has-text-align-center\" data-align=\"center\">&nbsp;Pirincin de\u011firmen (Emayeli Rulo)<\/td><td class=\"has-text-align-center\" data-align=\"center\">NS150<\/td><td class=\"has-text-align-center\" data-align=\"center\">15<\/td><\/tr><tr><td class=\"has-text-align-center\" data-align=\"center\">7<\/td><td class=\"has-text-align-center\" data-align=\"center\">Pirincin S\u0131n\u0131fland\u0131r\u0131c\u0131s\u0131<\/td><td class=\"has-text-align-center\" data-align=\"center\">40<\/td><td class=\"has-text-align-center\" data-align=\"center\">0.55<\/td><\/tr><\/tbody><\/table><\/figure>    <h2 class=\"wp-block-heading\">15TPD Entegre Pirin\u00e7 De\u011firmen Ekipmanlar\u0131n\u0131n Tan\u0131t\u0131m\u0131<\/h2>    <p>Bu 15 ton\/g\u00fcn \u00e7\u0131kt\u0131 sa\u011flayan pirin\u00e7 de\u011firmen tesisi, t\u00fcm s\u00fcreci otomatikle\u015ftirir ve yaln\u0131zca bireysel \u00e7ift\u00e7iler, pazar kasabalar\u0131, okullar ve di\u011fer birimler taraf\u0131ndan kullan\u0131lmak \u00fczere uygundur, ayr\u0131ca k\u00fc\u00e7\u00fck \u00f6l\u00e7ekli pirin\u00e7 \u00fcretimi ve i\u015fleme fabrikalar\u0131, tah\u0131l i\u015fleme giri\u015fimleri, k\u0131rsal kooperatifler ve tah\u0131l i\u015fleme kooperatifleri ve di\u011fer pirin\u00e7 i\u015fleme alanlar\u0131 i\u00e7in de uygundur.<\/p>    <figure class=\"wp-block-gallery has-nested-images columns-default is-cropped wp-block-gallery-3 is-layout-flex wp-block-gallery-is-layout-flex\"> <figure class=\"wp-block-image size-large\"><img loading=\"lazy\" decoding=\"async\" width=\"720\" height=\"540\" data-id=\"15103\" src=\"https:\/\/www.agriculture-machine.com\/wp-content\/uploads\/2023\/11\/industrial-rice-mill.webp\" alt=\"Sanayi Pirin\u00e7 De\u011firmeni\" class=\"wp-image-15103\" srcset=\"https:\/\/www.agriculture-machine.com\/wp-content\/uploads\/2023\/11\/industrial-rice-mill.webp 720w, https:\/\/www.agriculture-machine.com\/wp-content\/uploads\/2023\/11\/industrial-rice-mill-360x270.webp 360w, https:\/\/www.agriculture-machine.com\/wp-content\/uploads\/2023\/11\/industrial-rice-mill-240x180.webp 240w\" sizes=\"auto, (max-width: 720px) 100vw, 720px\" \/><figcaption class=\"wp-element-caption\">Sanayi Pirin\u00e7 De\u011firmeni<\/figcaption><\/figure>    <figure class=\"wp-block-image size-large\"><img loading=\"lazy\" decoding=\"async\" width=\"720\" height=\"540\" data-id=\"15102\" src=\"https:\/\/www.agriculture-machine.com\/wp-content\/uploads\/2023\/11\/commercial-rice-milling-machine.webp\" alt=\"ticari pirin\u00e7 de\u011firmen makinesi\" class=\"wp-image-15102\" srcset=\"https:\/\/www.agriculture-machine.com\/wp-content\/uploads\/2023\/11\/commercial-rice-milling-machine.webp 720w, https:\/\/www.agriculture-machine.com\/wp-content\/uploads\/2023\/11\/commercial-rice-milling-machine-360x270.webp 360w, https:\/\/www.agriculture-machine.com\/wp-content\/uploads\/2023\/11\/commercial-rice-milling-machine-240x180.webp 240w\" sizes=\"auto, (max-width: 720px) 100vw, 720px\" \/><figcaption class=\"wp-element-caption\">ticari pirin\u00e7 de\u011firmen makinesi<\/figcaption><\/figure> <\/figure>    <h2 class=\"wp-block-heading\">\u00c7al\u0131\u015fma Alan\u0131 Video Geri Bildirimi<\/h2>    <figure class=\"wp-block-embed is-type-video is-provider-youtube wp-block-embed-youtube wp-embed-aspect-16-9 wp-has-aspect-ratio\"><div class=\"wp-block-embed__wrapper\"> <iframe loading=\"lazy\" title=\"Y\u00fcksek verimli, k\u00fc\u00e7\u00fck kapasiteli pirin\u00e7 de\u011firmen \u00fcnitesi: \u0130yi Kalitede Pirin\u00e7 \u00dcretiminin Otomasyonu\" width=\"500\" height=\"281\" src=\"https:\/\/www.youtube.com\/embed\/etQycQKF09A?feature=oembed\" frameborder=\"0\" allow=\"accelerometer; autoplay; clipboard-write; encrypted-media; gyroscope; picture-in-picture; web-share\" referrerpolicy=\"strict-origin-when-cross-origin\" allowfullscreen><\/iframe> <\/div><\/figure>    <h2 class=\"wp-block-heading\">Ticari Pirin\u00e7 De\u011firmen Makinelerinin Avantajlar\u0131<\/h2>    <div class=\"wp-block-media-text is-stacked-on-mobile\"><figure class=\"wp-block-media-text__media\"><img loading=\"lazy\" decoding=\"async\" width=\"405\" height=\"540\" src=\"https:\/\/www.agriculture-machine.com\/wp-content\/uploads\/2023\/11\/rice-mill-applications-405x540.webp\" alt=\"pirin\u00e7 de\u011firmen uygulamalar\u0131\" class=\"wp-image-15099 size-full\" srcset=\"https:\/\/www.agriculture-machine.com\/wp-content\/uploads\/2023\/11\/rice-mill-applications-405x540.webp 405w, https:\/\/www.agriculture-machine.com\/wp-content\/uploads\/2023\/11\/rice-mill-applications-203x270.webp 203w, https:\/\/www.agriculture-machine.com\/wp-content\/uploads\/2023\/11\/rice-mill-applications.webp 540w\" sizes=\"auto, (max-width: 405px) 100vw, 405px\" \/><\/figure><div class=\"wp-block-media-text__content\"> <ol class=\"wp-block-list\"> <li>D\u00fc\u015f\u00fck g\u00fcr\u00fclt\u00fc, kirlilik yapmayan toz;<\/li>    <li>Tam otomatik \u00fcretim hatt\u0131, manuel m\u00fcdahale azalt\u0131lm\u0131\u015ft\u0131r;<\/li>    <li>Basit yap\u0131, bak\u0131m ve kullan\u0131m kolayl\u0131\u011f\u0131, g\u00f6rece uygun maliyetli;<\/li>    <li>\u00dcretilen pirin\u00e7 kabu\u011fu, hayvan yemi yapmak i\u00e7in kullan\u0131labilir;<\/li>    <li>High cleaning rate. Equipped with the de-stoning machine, it can remove more than 90% of impurities;<\/li>    <li>Y\u00fcksek kaliteli malzemeler ve \u00fcretim s\u00fcre\u00e7leri, \u00fcst\u00fcn dayan\u0131kl\u0131l\u0131k ve az bak\u0131m maliyetleri sa\u011flar.<\/li> <\/ol>    <p class=\"translation-block\">Ayr\u0131ca, farkl\u0131 \u00e7\u0131kt\u0131 se\u00e7enekleriyle 20, 25 ve 30 ton\/saat standart ayarlarla d\u00f6rt makine de yap\u0131yoruz , b\u00f6ylece end\u00fcstrinizin b\u00fcy\u00fckl\u00fc\u011f\u00fcne ve b\u00fct\u00e7enize g\u00f6re se\u00e7im yapabilirsiniz.<\/p> <\/div><\/div>    <h2 class=\"wp-block-heading\">Pirincin De\u011firmen Ana Makine Listesi<\/h2>    <p>T\u00fcm pirin\u00e7 de\u011firmen \u00fcnitesi, a\u015fa\u011f\u0131daki makinelerden olu\u015fur: iki asans\u00f6r, bir pirin\u00e7 destoner, bir pirin\u00e7 kabuklama makinesi, bir yer\u00e7ekimi pirin\u00e7 ay\u0131r\u0131c\u0131 ve bir pirin\u00e7 de\u011firmeni. Bu, en temel pirin\u00e7 de\u011firmen \u00fcnitesi tesisini temsil eder.<\/p>    <p>Pirincin temizlenmesi ve ta\u015f ay\u0131rma makinesi, tek bir asans\u00f6rle pirincin b\u00fcy\u00fck safs\u0131zl\u0131klar\u0131n\u0131 ve yan ta\u015flar\u0131 giderir, ard\u0131ndan \u00e7ift asans\u00f6rle kabu\u011fu soyulmu\u015f pirin\u00e7, pirin\u00e7 de\u011firmenine beslenir, burada pirin\u00e7 daha derin i\u015fleme tabi tutulur ve sonunda k\u0131r\u0131k pirin\u00e7ler taran\u0131r. <\/p>    <p>Asans\u00f6r, pirinci ay\u0131r\u0131c\u0131 elek i\u00e7in ta\u015f\u0131r, kabu\u011fu soyulmam\u0131\u015f pirin\u00e7 ay\u0131r\u0131c\u0131 elek taraf\u0131ndan geri g\u00f6nderilir ve kahverengi pirin\u00e7 pirin\u00e7 de\u011firmenine girer, burada pirin\u00e7 daha derin i\u015fleme tabi tutulur ve sonunda k\u0131r\u0131k pirin\u00e7ler i\u00e7in taran\u0131r. Her bir ekipman\u0131n detaylar\u0131 a\u015fa\u011f\u0131daki gibidir.<\/p>    <figure class=\"wp-block-image size-full\"><img loading=\"lazy\" decoding=\"async\" width=\"720\" height=\"540\" src=\"https:\/\/www.agriculture-machine.com\/wp-content\/uploads\/2023\/11\/15TPD-white-rice-making-line-structure.webp\" alt=\"15TPD Beyaz Pirin\u00e7 Yap\u0131m Hatt\u0131 Yap\u0131s\u0131\" class=\"wp-image-15147\" srcset=\"https:\/\/www.agriculture-machine.com\/wp-content\/uploads\/2023\/11\/15TPD-white-rice-making-line-structure.webp 720w, https:\/\/www.agriculture-machine.com\/wp-content\/uploads\/2023\/11\/15TPD-white-rice-making-line-structure-360x270.webp 360w, https:\/\/www.agriculture-machine.com\/wp-content\/uploads\/2023\/11\/15TPD-white-rice-making-line-structure-240x180.webp 240w\" sizes=\"auto, (max-width: 720px) 100vw, 720px\" \/><figcaption class=\"wp-element-caption\">15TPD Beyaz Pirin\u00e7 Yap\u0131m Hatt\u0131 Yap\u0131s\u0131<\/figcaption><\/figure>    <h2 class=\"wp-block-heading\">Beyaz Pirin\u00e7 \u0130\u015fleme Hatt\u0131 \u0130\u015f Ak\u0131\u015f\u0131<\/h2>   <div id=\"rank-math-faq\" class=\"rank-math-block\"> <div class=\"rank-math-list\"> <div id=\"faq-question-1699512742461\" class=\"rank-math-list-item\"> <h3 class=\"rank-math-question\">1. Pirin\u00e7 Destoner<\/h3> <div class=\"rank-math-answer\">  <p>Bu ekipman 2 kat elek i\u00e7erir, \u00fcstteki ilk kat b\u00fcy\u00fck saman kal\u0131nt\u0131lar\u0131n\u0131 temizler, alttaki ikinci kat ise ta\u015flar\u0131 giderir.<\/p>  <\/div> <\/div> <div id=\"faq-question-1699512762727\" class=\"rank-math-list-item\"> <h3 class=\"rank-math-question\">2. Pirin\u00e7 Kabuk Soyucu<\/h3> <div class=\"rank-math-answer\">  <p>Bu cihaz\u0131n i\u015flevi, kepe\u011fi \u00e7\u0131karmak ve elde edilen kahverengi pirin\u00e7 ile pirin\u00e7 sapl\u0131\u011f\u0131 kar\u0131\u015f\u0131m\u0131n\u0131 temizlemek\/ay\u0131rmakt\u0131r. Kabuk \u00e7\u0131karma oran\u0131 y\u00fczde 85-90 aras\u0131nda y\u00fcksektir.<\/p>  <\/div> <\/div> <div id=\"faq-question-1699512816614\" class=\"rank-math-list-item\"> <h3 class=\"rank-math-question\">3. Pirin\u00e7 Ay\u0131r\u0131c\u0131<\/h3> <div class=\"rank-math-answer\">  <p>Bu cihaz \u00fc\u00e7 b\u00f6lgeye ayr\u0131lm\u0131\u015ft\u0131r: kahverengi pirin\u00e7, pirin\u00e7 kahverengi pirin\u00e7 kar\u0131\u015f\u0131m\u0131 ve pirin\u00e7. Pirin\u00e7, ikincil i\u015flem i\u00e7in kabuk soyucuya geri g\u00f6nderilirken, kahverengi pirin\u00e7 pirin\u00e7 de\u011firmenine gider.<\/p>  <\/div> <\/div> <div id=\"faq-question-1699512826277\" class=\"rank-math-list-item\"> <h3 class=\"rank-math-question\">4. Pirin\u00e7 De\u011firmen Makinesi<\/h3> <div class=\"rank-math-answer\">  <p>Pirincin de\u011firmen tesisinde en merkezi makine, tah\u0131l par\u00e7ac\u0131klar\u0131n\u0131 \u00f6\u011f\u00fcten makinedir. Bu ad\u0131m, pirin\u00e7 veya un k\u0131sm\u0131n\u0131 daha fazla ay\u0131rmaya yard\u0131mc\u0131 olur.<\/p>  <\/div> <\/div> <div id=\"faq-question-1699512836037\" class=\"rank-math-list-item\"> <h3 class=\"rank-math-question\">5. Pirin\u00e7 S\u0131n\u0131fland\u0131r\u0131c\u0131<\/h3> <div class=\"rank-math-answer\">  <p>Sonunda %2 k\u0131r\u0131k pirin\u00e7 elde edilir, bu ekipman\u0131n fonksiyonu, tam pirin\u00e7 ile elek yapmakt\u0131r. Ham tah\u0131l\u0131n nem oran\u0131 en iyi .5'i ge\u00e7memelidir. Aksi takdirde, nem oran\u0131 artt\u0131k\u00e7a k\u0131r\u0131k pirin\u00e7 oran\u0131 da artar.<\/p>  <\/div> <\/div> <\/div> <\/div>   <figure class=\"wp-block-gallery has-nested-images columns-default is-cropped wp-block-gallery-4 is-layout-flex wp-block-gallery-is-layout-flex\"> <figure class=\"wp-block-image size-large\"><img loading=\"lazy\" decoding=\"async\" width=\"720\" height=\"540\" data-id=\"15105\" src=\"https:\/\/www.agriculture-machine.com\/wp-content\/uploads\/2023\/11\/mini-rice-mill-plant.webp\" alt=\"mini pirin\u00e7 de\u011firmen tesisi\" class=\"wp-image-15105\" srcset=\"https:\/\/www.agriculture-machine.com\/wp-content\/uploads\/2023\/11\/mini-rice-mill-plant.webp 720w, https:\/\/www.agriculture-machine.com\/wp-content\/uploads\/2023\/11\/mini-rice-mill-plant-360x270.webp 360w, https:\/\/www.agriculture-machine.com\/wp-content\/uploads\/2023\/11\/mini-rice-mill-plant-240x180.webp 240w\" sizes=\"auto, (max-width: 720px) 100vw, 720px\" \/><figcaption class=\"wp-element-caption\">mini pirin\u00e7 de\u011firmen tesisi<\/figcaption><\/figure>    <figure class=\"wp-block-image size-large\"><img loading=\"lazy\" decoding=\"async\" width=\"720\" height=\"540\" data-id=\"15104\" src=\"https:\/\/www.agriculture-machine.com\/wp-content\/uploads\/2023\/11\/efficient-rice-processing.webp\" alt=\"verimli pirin\u00e7 i\u015fleme\" class=\"wp-image-15104\" srcset=\"https:\/\/www.agriculture-machine.com\/wp-content\/uploads\/2023\/11\/efficient-rice-processing.webp 720w, https:\/\/www.agriculture-machine.com\/wp-content\/uploads\/2023\/11\/efficient-rice-processing-360x270.webp 360w, https:\/\/www.agriculture-machine.com\/wp-content\/uploads\/2023\/11\/efficient-rice-processing-240x180.webp 240w\" sizes=\"auto, (max-width: 720px) 100vw, 720px\" \/><figcaption class=\"wp-element-caption\">verimli pirin\u00e7 i\u015fleme<\/figcaption><\/figure> <\/figure>    <h2 class=\"wp-block-heading\">Verimli Pirin\u00e7 \u0130\u015fleme Tesisi Ba\u015far\u0131l\u0131 Vakalar<\/h2>    <p>Pirincin de\u011firmen tesisleri, \u00f6zellikle pirin\u00e7 ve bu\u011fday gibi tah\u0131llara yo\u011fun \u015fekilde ba\u011fl\u0131 \u00fclkelerde d\u00fcnya genelinde yayg\u0131n olarak kullan\u0131lmaktad\u0131r. \u015eirketimiz bu birimi Hindistan, Kenya, Endonezya, Banglade\u015f, Nijerya, \u0130ran, Gana, Togo, Malavi, Brezilya, Amerika Birle\u015fik Devletleri, Filipinler ve di\u011fer \u00fclkelere sevk etmi\u015ftir.<\/p>    <p class=\"translation-block\">A\u015fa\u011f\u0131da, makinenin y\u00fcklendi\u011fi ve sevk edildi\u011fi bir resim ve bizim fabrikay\u0131 ziyaret eden bir m\u00fc\u015fterinin resmi yer almaktad\u0131r .<\/p>    <figure class=\"wp-block-gallery has-nested-images columns-default is-cropped wp-block-gallery-5 is-layout-flex wp-block-gallery-is-layout-flex\"> <figure class=\"wp-block-image size-large\"><img loading=\"lazy\" decoding=\"async\" width=\"720\" height=\"540\" data-id=\"15107\" src=\"https:\/\/www.agriculture-machine.com\/wp-content\/uploads\/2023\/11\/paddy-processing-equipment.webp\" alt=\"pirin\u00e7 i\u015fleme ekipmanlar\u0131\" class=\"wp-image-15107\" srcset=\"https:\/\/www.agriculture-machine.com\/wp-content\/uploads\/2023\/11\/paddy-processing-equipment.webp 720w, https:\/\/www.agriculture-machine.com\/wp-content\/uploads\/2023\/11\/paddy-processing-equipment-360x270.webp 360w, https:\/\/www.agriculture-machine.com\/wp-content\/uploads\/2023\/11\/paddy-processing-equipment-240x180.webp 240w\" sizes=\"auto, (max-width: 720px) 100vw, 720px\" \/><figcaption class=\"wp-element-caption\">pirin\u00e7 i\u015fleme ekipmanlar\u0131<\/figcaption><\/figure>    <figure class=\"wp-block-image size-large\"><img loading=\"lazy\" decoding=\"async\" width=\"720\" height=\"540\" data-id=\"15106\" src=\"https:\/\/www.agriculture-machine.com\/wp-content\/uploads\/2023\/11\/advanced-milling-technology.webp\" alt=\"geli\u015fmi\u015f de\u011firmen teknolojisi\" class=\"wp-image-15106\" srcset=\"https:\/\/www.agriculture-machine.com\/wp-content\/uploads\/2023\/11\/advanced-milling-technology.webp 720w, https:\/\/www.agriculture-machine.com\/wp-content\/uploads\/2023\/11\/advanced-milling-technology-360x270.webp 360w, https:\/\/www.agriculture-machine.com\/wp-content\/uploads\/2023\/11\/advanced-milling-technology-240x180.webp 240w\" sizes=\"auto, (max-width: 720px) 100vw, 720px\" \/><figcaption class=\"wp-element-caption\">geli\u015fmi\u015f de\u011firmen teknolojisi<\/figcaption><\/figure> <\/figure>    <p>Elbette, pirin\u00e7 de\u011firmen tesisi parametreleri, kurulum ve bak\u0131m bilgileri hakk\u0131nda daha fazla bilgi edinmek veya daha b\u00fcy\u00fck \u00f6l\u00e7ekli \u00fcretim hatt\u0131 sat\u0131n almak istiyorsan\u0131z, l\u00fctfen web sitemizi ziyaret edin ve bizimle ileti\u015fime ge\u00e7mekten \u00e7ekinmeyin, i\u015f y\u00f6neticimiz 24 saat i\u00e7inde size cevap verecektir.<\/p>","protected":false},"excerpt":{"rendered":"<p>A complete rice mill plant is a process that helps to separate the husk and bran from the rice paddy to finally produce refined rice. By using our rice milling unit, you can get fully milled, white rice grains that are free from impurities and contain a minimum number of broken grains, and the white [&hellip;]<\/p>\n","protected":false},"author":1,"featured_media":15097,"parent":0,"comment_status":"closed","ping_status":"closed","template":"","tags":[796],"product-type":[875,906],"class_list":["post-15095","product","type-product","status-publish","has-post-thumbnail","hentry","tag-rice","product-type-rice-mill-category","product-type-rice-mill-production-line"],"_links":{"self":[{"href":"https:\/\/www.agriculture-machine.com\/tr\/wp-json\/wp\/v2\/product\/15095","targetHints":{"allow":["GET"]}}],"collection":[{"href":"https:\/\/www.agriculture-machine.com\/tr\/wp-json\/wp\/v2\/product"}],"about":[{"href":"https:\/\/www.agriculture-machine.com\/tr\/wp-json\/wp\/v2\/types\/product"}],"author":[{"embeddable":true,"href":"https:\/\/www.agriculture-machine.com\/tr\/wp-json\/wp\/v2\/users\/1"}],"replies":[{"embeddable":true,"href":"https:\/\/www.agriculture-machine.com\/tr\/wp-json\/wp\/v2\/comments?post=15095"}],"wp:featuredmedia":[{"embeddable":true,"href":"https:\/\/www.agriculture-machine.com\/tr\/wp-json\/wp\/v2\/media\/15097"}],"wp:attachment":[{"href":"https:\/\/www.agriculture-machine.com\/tr\/wp-json\/wp\/v2\/media?parent=15095"}],"wp:term":[{"taxonomy":"post_tag","embeddable":true,"href":"https:\/\/www.agriculture-machine.com\/tr\/wp-json\/wp\/v2\/tags?post=15095"},{"taxonomy":"product-type","embeddable":true,"href":"https:\/\/www.agriculture-machine.com\/tr\/wp-json\/wp\/v2\/product-type?post=15095"}],"curies":[{"name":"wp","href":"https:\/\/api.w.org\/{rel}","templated":true}]}}