{"id":15096,"date":"2023-11-09T15:54:45","date_gmt":"2023-11-09T07:54:45","guid":{"rendered":"https:\/\/www.agriculture-machine.com\/?post_type=product&#038;p=15096"},"modified":"2024-09-18T15:43:21","modified_gmt":"2024-09-18T07:43:21","slug":"paddy-processing-unit","status":"publish","type":"product","link":"https:\/\/www.agriculture-machine.com\/tr\/paddy-processing-unit\/","title":{"rendered":"20Ton\/G\u00fcn Paddy \u0130\u015fleme \u00dcnitesi Beyaz Pirin\u00e7 Yap\u0131m Tesisi i\u00e7in"},"content":{"rendered":"<p class=\"translation-block\"><strong><a href=\"https:\/\/www.agriculture-machine.com\/tr\/rice-milling-plant-machine\/\">pirin\u00e7 i\u015fleme \u00fcnitesi<\/a><\/strong>, pirinci kabu\u011fundan ay\u0131rarak y\u00fcksek kaliteli pirin\u00e7 \u00fcretmek i\u00e7in \u00f6zel olarak tasarlanm\u0131\u015f bir ekipman sistemidir. Bu hat genellikle kabuk soyma, kabuk ay\u0131rma, kabuk temizleme ve eleme gibi i\u015flemleri i\u00e7erir ve bu ad\u0131mlar\u0131n her biri, bir dizi \u00f6zel makine ve ekipman\u0131n birlikte \u00e7al\u0131\u015fmas\u0131yla ger\u00e7ekle\u015ftirilir.<\/p>    <figure class=\"wp-block-gallery has-nested-images columns-default is-cropped wp-block-gallery-2 is-layout-flex wp-block-gallery-is-layout-flex\"> <figure class=\"wp-block-image size-large\"><img loading=\"lazy\" decoding=\"async\" width=\"405\" height=\"540\" data-id=\"15110\" src=\"https:\/\/www.agriculture-machine.com\/wp-content\/uploads\/2023\/11\/white-rice-making-plant-405x540.webp\" alt=\"beyaz pirin\u00e7 \u00fcretim tesisi\" class=\"wp-image-15110\" srcset=\"https:\/\/www.agriculture-machine.com\/wp-content\/uploads\/2023\/11\/white-rice-making-plant-405x540.webp 405w, https:\/\/www.agriculture-machine.com\/wp-content\/uploads\/2023\/11\/white-rice-making-plant-203x270.webp 203w, https:\/\/www.agriculture-machine.com\/wp-content\/uploads\/2023\/11\/white-rice-making-plant.webp 540w\" sizes=\"auto, (max-width: 405px) 100vw, 405px\" \/><figcaption class=\"wp-element-caption\">beyaz pirin\u00e7 \u00fcretim tesisi<\/figcaption><\/figure>    <figure class=\"wp-block-image size-large\"><img loading=\"lazy\" decoding=\"async\" width=\"405\" height=\"540\" data-id=\"15109\" src=\"https:\/\/www.agriculture-machine.com\/wp-content\/uploads\/2023\/11\/paddy-processing-unit-405x540.webp\" alt=\"pirin\u00e7 i\u015fleme \u00fcnitesi\" class=\"wp-image-15109\" srcset=\"https:\/\/www.agriculture-machine.com\/wp-content\/uploads\/2023\/11\/paddy-processing-unit-405x540.webp 405w, https:\/\/www.agriculture-machine.com\/wp-content\/uploads\/2023\/11\/paddy-processing-unit-203x270.webp 203w, https:\/\/www.agriculture-machine.com\/wp-content\/uploads\/2023\/11\/paddy-processing-unit.webp 540w\" sizes=\"auto, (max-width: 405px) 100vw, 405px\" \/><figcaption class=\"wp-element-caption\">pirin\u00e7 i\u015fleme \u00fcnitesi<\/figcaption><\/figure> <\/figure>    <p class=\"translation-block\"><strong><a href=\"https:\/\/www.agriculture-machine.com\/tr\/rice-mill-category\/rice-mill-production-line\/\">Pirin\u00e7 de\u011firmeni hatlar\u0131<\/a><\/strong> talebe ba\u011fl\u0131 olarak boyut ve kapasitede de\u011fi\u015fiklik g\u00f6sterebilir, k\u00fc\u00e7\u00fck \u00f6l\u00e7ekli ev kullan\u0131mdan b\u00fcy\u00fck \u00f6l\u00e7ekli end\u00fcstriyel kullan\u0131ma kadar.<\/p>    <h2 class=\"wp-block-heading\">20TPD Pirin\u00e7 \u0130\u015fleme \u00dcnitesi Parametreleri<\/h2>    <figure class=\"wp-block-table is-style-stripes\"><table><tbody><tr><td class=\"has-text-align-center\" data-align=\"center\"><strong>Hay\u0131r.<\/strong><\/td><td class=\"has-text-align-center\" data-align=\"center\"><strong>\u00dcr\u00fcn<\/strong><\/td><td class=\"has-text-align-center\" data-align=\"center\"><strong>G\u00fc\u00e7\uff08KW\uff09<\/strong><\/td><td class=\"has-text-align-center\" data-align=\"center\"><strong>G\u00fc\u00e7\uff08KW\uff09<\/strong><\/td><\/tr><tr><td class=\"has-text-align-center\" data-align=\"center\">1<\/td><td class=\"has-text-align-center\" data-align=\"center\">Asans\u00f6r<\/td><td class=\"has-text-align-center\" data-align=\"center\">TDTG18\/08<\/td><td class=\"has-text-align-center\" data-align=\"center\">0.75<\/td><\/tr><tr><td class=\"has-text-align-center\" data-align=\"center\">2<\/td><td class=\"has-text-align-center\" data-align=\"center\">\u00d6n temizleyici &nbsp;<\/td><td class=\"has-text-align-center\" data-align=\"center\">SCQY40<\/td><td class=\"has-text-align-center\" data-align=\"center\">0.55<\/td><\/tr><tr><td class=\"has-text-align-center\" data-align=\"center\">3<\/td><td class=\"has-text-align-center\" data-align=\"center\">Pirincin Ta\u015f\u0131n\u0131c\u0131<\/td><td class=\"has-text-align-center\" data-align=\"center\">ZQS50A<\/td><td class=\"has-text-align-center\" data-align=\"center\">1.1+1.5<\/td><\/tr><tr><td class=\"has-text-align-center\" data-align=\"center\">4<\/td><td class=\"has-text-align-center\" data-align=\"center\">Asans\u00f6r<\/td><td class=\"has-text-align-center\" data-align=\"center\">TDTG18\/08*2<\/td><td class=\"has-text-align-center\" data-align=\"center\">0.75<\/td><\/tr><tr><td class=\"has-text-align-center\" data-align=\"center\">5<\/td><td class=\"has-text-align-center\" data-align=\"center\">Pirin\u00e7 Kabuklama Makinesi(6InchRubber Roller)<\/td><td class=\"has-text-align-center\" data-align=\"center\">LG15A<\/td><td class=\"has-text-align-center\" data-align=\"center\">4<\/td><\/tr><tr><td class=\"has-text-align-center\" data-align=\"center\">6<\/td><td class=\"has-text-align-center\" data-align=\"center\">Yer\u00e7ekimli Pirin\u00e7 Ay\u0131r\u0131c\u0131<\/td><td class=\"has-text-align-center\" data-align=\"center\">MGCZ70*5A<\/td><td class=\"has-text-align-center\" data-align=\"center\">0.75<\/td><\/tr><tr><td class=\"has-text-align-center\" data-align=\"center\">7<\/td><td class=\"has-text-align-center\" data-align=\"center\">Pirincin de\u011firmen (Emayeli Rulo)<\/td><td class=\"has-text-align-center\" data-align=\"center\">NS150<\/td><td class=\"has-text-align-center\" data-align=\"center\">15<\/td><\/tr><tr><td class=\"has-text-align-center\" data-align=\"center\">8<\/td><td class=\"has-text-align-center\" data-align=\"center\">Pirincin S\u0131n\u0131fland\u0131r\u0131c\u0131s\u0131<\/td><td class=\"has-text-align-center\" data-align=\"center\">40<\/td><td class=\"has-text-align-center\" data-align=\"center\">0.55<\/td><\/tr><\/tbody><\/table><\/figure>    <h2 class=\"wp-block-heading\">Pirin\u00e7 \u0130\u015fleme \u00dcnitesi \u0130\u015flenebilir Hammaddeleri G\u00f6sterir<\/h2>    <p>Bir pirin\u00e7 de\u011firmeni \u00fcretim hatt\u0131n\u0131n ana hammadde kayna\u011f\u0131 pirin\u00e7tir, genellikle i\u015flenmemi\u015f pirin\u00e7 tanesidir. Arpa ve bu\u011fday da i\u015flenebilir.<\/p>    <figure class=\"wp-block-gallery has-nested-images columns-default is-cropped wp-block-gallery-3 is-layout-flex wp-block-gallery-is-layout-flex\"> <figure class=\"wp-block-image size-large\"><img loading=\"lazy\" decoding=\"async\" width=\"720\" height=\"540\" data-id=\"15117\" src=\"https:\/\/www.agriculture-machine.com\/wp-content\/uploads\/2023\/11\/rice-paddy.webp\" alt=\"pirin\u00e7 paddy\" class=\"wp-image-15117\" srcset=\"https:\/\/www.agriculture-machine.com\/wp-content\/uploads\/2023\/11\/rice-paddy.webp 720w, https:\/\/www.agriculture-machine.com\/wp-content\/uploads\/2023\/11\/rice-paddy-360x270.webp 360w, https:\/\/www.agriculture-machine.com\/wp-content\/uploads\/2023\/11\/rice-paddy-240x180.webp 240w\" sizes=\"auto, (max-width: 720px) 100vw, 720px\" \/><figcaption class=\"wp-element-caption\">pirin\u00e7 paddy<\/figcaption><\/figure>    <figure class=\"wp-block-image size-large\"><img loading=\"lazy\" decoding=\"async\" width=\"720\" height=\"540\" data-id=\"15116\" src=\"https:\/\/www.agriculture-machine.com\/wp-content\/uploads\/2023\/11\/rice-crops.webp\" alt=\"pirin\u00e7 mahsulleri\" class=\"wp-image-15116\" srcset=\"https:\/\/www.agriculture-machine.com\/wp-content\/uploads\/2023\/11\/rice-crops.webp 720w, https:\/\/www.agriculture-machine.com\/wp-content\/uploads\/2023\/11\/rice-crops-360x270.webp 360w, https:\/\/www.agriculture-machine.com\/wp-content\/uploads\/2023\/11\/rice-crops-240x180.webp 240w\" sizes=\"auto, (max-width: 720px) 100vw, 720px\" \/><figcaption class=\"wp-element-caption\">pirin\u00e7 mahsulleri<\/figcaption><\/figure> <\/figure>    <h2 class=\"wp-block-heading\">Elde Edebilece\u011finiz Nihai \u00dcr\u00fcn<\/h2>    <p>Pirin\u00e7 i\u015fleme \u00fcniteleri genellikle d\u0131\u015f kepek (kabuk) tabakas\u0131 \u00e7\u0131kar\u0131lm\u0131\u015f beyaz pirin\u00e7 \u00fcretir. Bu beyaz pirin\u00e7 genellikle daha iyi bir tat ve g\u00f6r\u00fcn\u00fcm sundu\u011fu i\u00e7in tercih edilir. <\/p>    <p>Buna ek olarak, kabuklu pirin\u00e7ten elde edilen kabuk, ezilebilir ve daha sonra hayvan yemi yapmak i\u00e7in kullan\u0131labilir.<\/p>    <p>Farkl\u0131 pirin\u00e7 de\u011firmeni \u00fcretim hatlar\u0131, uzun taneli aromatik pirin\u00e7, k\u0131sa taneli pirin\u00e7, kahverengi pirin\u00e7 gibi farkl\u0131 pirin\u00e7 t\u00fcrleri \u00fcretebilir, b\u00f6ylece \u00e7e\u015fitli pazar taleplerini kar\u015f\u0131layabilir.<\/p>    <figure class=\"wp-block-gallery has-nested-images columns-default is-cropped wp-block-gallery-4 is-layout-flex wp-block-gallery-is-layout-flex\"> <figure class=\"wp-block-image size-large\"><img loading=\"lazy\" decoding=\"async\" width=\"720\" height=\"540\" data-id=\"15118\" src=\"https:\/\/www.agriculture-machine.com\/wp-content\/uploads\/2023\/11\/polished-rice.webp\" alt=\"i\u015flenmi\u015f pirin\u00e7\" class=\"wp-image-15118\" srcset=\"https:\/\/www.agriculture-machine.com\/wp-content\/uploads\/2023\/11\/polished-rice.webp 720w, https:\/\/www.agriculture-machine.com\/wp-content\/uploads\/2023\/11\/polished-rice-360x270.webp 360w, https:\/\/www.agriculture-machine.com\/wp-content\/uploads\/2023\/11\/polished-rice-240x180.webp 240w\" sizes=\"auto, (max-width: 720px) 100vw, 720px\" \/><figcaption class=\"wp-element-caption\">i\u015flenmi\u015f pirin\u00e7<\/figcaption><\/figure>    <figure class=\"wp-block-image size-large\"><img loading=\"lazy\" decoding=\"async\" width=\"720\" height=\"540\" data-id=\"15119\" src=\"https:\/\/www.agriculture-machine.com\/wp-content\/uploads\/2023\/11\/white-rice-production.webp\" alt=\"beyaz pirin\u00e7 \u00fcretimi\" class=\"wp-image-15119\" srcset=\"https:\/\/www.agriculture-machine.com\/wp-content\/uploads\/2023\/11\/white-rice-production.webp 720w, https:\/\/www.agriculture-machine.com\/wp-content\/uploads\/2023\/11\/white-rice-production-360x270.webp 360w, https:\/\/www.agriculture-machine.com\/wp-content\/uploads\/2023\/11\/white-rice-production-240x180.webp 240w\" sizes=\"auto, (max-width: 720px) 100vw, 720px\" \/><figcaption class=\"wp-element-caption\">beyaz pirin\u00e7 \u00fcretimi<\/figcaption><\/figure> <\/figure>    <figure class=\"wp-block-gallery has-nested-images columns-default is-cropped wp-block-gallery-5 is-layout-flex wp-block-gallery-is-layout-flex\"> <figure class=\"wp-block-image size-large\"><img loading=\"lazy\" decoding=\"async\" width=\"405\" height=\"540\" data-id=\"15137\" src=\"https:\/\/www.agriculture-machine.com\/wp-content\/uploads\/2023\/11\/white-and-brown-rice-405x540.webp\" alt=\"beyaz ve kahverengi pirin\u00e7\" class=\"wp-image-15137\" srcset=\"https:\/\/www.agriculture-machine.com\/wp-content\/uploads\/2023\/11\/white-and-brown-rice-405x540.webp 405w, https:\/\/www.agriculture-machine.com\/wp-content\/uploads\/2023\/11\/white-and-brown-rice-203x270.webp 203w, https:\/\/www.agriculture-machine.com\/wp-content\/uploads\/2023\/11\/white-and-brown-rice.webp 540w\" sizes=\"auto, (max-width: 405px) 100vw, 405px\" \/><figcaption class=\"wp-element-caption\">beyaz ve kahverengi pirin\u00e7<\/figcaption><\/figure>    <figure class=\"wp-block-image size-large\"><img loading=\"lazy\" decoding=\"async\" width=\"405\" height=\"540\" data-id=\"15138\" src=\"https:\/\/www.agriculture-machine.com\/wp-content\/uploads\/2023\/11\/white-rice-production-1-405x540.webp\" alt=\"beyaz pirin\u00e7 \u00fcretimi\" class=\"wp-image-15138\" srcset=\"https:\/\/www.agriculture-machine.com\/wp-content\/uploads\/2023\/11\/white-rice-production-1-405x540.webp 405w, https:\/\/www.agriculture-machine.com\/wp-content\/uploads\/2023\/11\/white-rice-production-1-203x270.webp 203w, https:\/\/www.agriculture-machine.com\/wp-content\/uploads\/2023\/11\/white-rice-production-1.webp 540w\" sizes=\"auto, (max-width: 405px) 100vw, 405px\" \/><figcaption class=\"wp-element-caption\">beyaz pirin\u00e7 \u00fcretimi<\/figcaption><\/figure> <\/figure>    <p>Ayr\u0131ca, kabuklu pirin\u00e7ten elde edilen pirin\u00e7 kabu\u011fu ezilebilir ve i\u015flenerek hayvan yemi yapmak i\u00e7in hammadde elde edilebilir. A\u015fa\u011f\u0131daki resimler, ezilmeden \u00f6nce ve sonra kabuk kar\u0131\u015f\u0131m\u0131n\u0131 g\u00f6stermektedir.<\/p>    <figure class=\"wp-block-gallery has-nested-images columns-default is-cropped wp-block-gallery-6 is-layout-flex wp-block-gallery-is-layout-flex\"> <figure class=\"wp-block-image size-large\"><img loading=\"lazy\" decoding=\"async\" width=\"405\" height=\"540\" data-id=\"15140\" src=\"https:\/\/www.agriculture-machine.com\/wp-content\/uploads\/2023\/11\/rice-husk-405x540.webp\" alt=\"pirin\u00e7 kabu\u011fu\" class=\"wp-image-15140\" srcset=\"https:\/\/www.agriculture-machine.com\/wp-content\/uploads\/2023\/11\/rice-husk-405x540.webp 405w, https:\/\/www.agriculture-machine.com\/wp-content\/uploads\/2023\/11\/rice-husk-203x270.webp 203w, https:\/\/www.agriculture-machine.com\/wp-content\/uploads\/2023\/11\/rice-husk.webp 540w\" sizes=\"auto, (max-width: 405px) 100vw, 405px\" \/><figcaption class=\"wp-element-caption\">pirin\u00e7 kabu\u011fu<\/figcaption><\/figure>    <figure class=\"wp-block-image size-large\"><img loading=\"lazy\" decoding=\"async\" width=\"405\" height=\"540\" data-id=\"15139\" src=\"https:\/\/www.agriculture-machine.com\/wp-content\/uploads\/2023\/11\/grain-chaff-mixture-405x540.webp\" alt=\"tah\u0131l kabu\u011fu kar\u0131\u015f\u0131m\u0131\" class=\"wp-image-15139\" srcset=\"https:\/\/www.agriculture-machine.com\/wp-content\/uploads\/2023\/11\/grain-chaff-mixture-405x540.webp 405w, https:\/\/www.agriculture-machine.com\/wp-content\/uploads\/2023\/11\/grain-chaff-mixture-203x270.webp 203w, https:\/\/www.agriculture-machine.com\/wp-content\/uploads\/2023\/11\/grain-chaff-mixture.webp 540w\" sizes=\"auto, (max-width: 405px) 100vw, 405px\" \/><figcaption class=\"wp-element-caption\">tah\u0131l kabu\u011fu kar\u0131\u015f\u0131m\u0131<\/figcaption><\/figure> <\/figure>    <h2 class=\"wp-block-heading\"><strong>20TPD Tam Pirin\u00e7 \u0130\u015fleme \u00dcnitesi \u00c7al\u0131\u015fma S\u00fcreci<\/strong><\/h2>    <p>Pirin\u00e7ten ulusal standart pirin\u00e7 elde etmek i\u00e7in, a\u015fa\u011f\u0131daki standart s\u00fcre\u00e7ten ge\u00e7mek gereklidir: hammadde besleme \u2192 titre\u015fimli temizleyici ve ta\u015f ay\u0131rma makinesi \u2192 kabuk soyma makinesi \u2192 pirin\u00e7 ay\u0131r\u0131c\u0131 \u2192 pirin\u00e7 de\u011firmeni \u2192 beyaz pirin\u00e7 s\u0131n\u0131fland\u0131rma ele\u011fi.<\/p>    <figure class=\"wp-block-image size-full\"><img loading=\"lazy\" decoding=\"async\" width=\"720\" height=\"540\" src=\"https:\/\/www.agriculture-machine.com\/wp-content\/uploads\/2023\/11\/paddy-rice-mill-production-plant.webp\" alt=\"pirin\u00e7 i\u015fleme tesisi\" class=\"wp-image-15112\" srcset=\"https:\/\/www.agriculture-machine.com\/wp-content\/uploads\/2023\/11\/paddy-rice-mill-production-plant.webp 720w, https:\/\/www.agriculture-machine.com\/wp-content\/uploads\/2023\/11\/paddy-rice-mill-production-plant-360x270.webp 360w, https:\/\/www.agriculture-machine.com\/wp-content\/uploads\/2023\/11\/paddy-rice-mill-production-plant-240x180.webp 240w\" sizes=\"auto, (max-width: 720px) 100vw, 720px\" \/><figcaption class=\"wp-element-caption\">pirin\u00e7 i\u015fleme tesisi<\/figcaption><\/figure>    <p>Pirin\u00e7 i\u015fleme \u00fcnitesinin ba\u015flang\u0131c\u0131nda, pirin\u00e7 tek bir elevat\u00f6rle temizlenir ve ta\u015flardan ar\u0131nd\u0131r\u0131l\u0131r, b\u00fcy\u00fck safs\u0131zl\u0131klar giderilir, ard\u0131ndan \u00e7ift elevat\u00f6rle kabuk soyma makinesine g\u00f6nderilir ve kabuk fan taraf\u0131ndan bo\u015falt\u0131l\u0131r veya eziciye \u00e7ekilir.<\/p>    <p>Kabuk, fan taraf\u0131ndan makineden d\u0131\u015far\u0131 at\u0131l\u0131r veya eziciye \u00e7ekilir ve tah\u0131l ve kahverengi kar\u0131\u015f\u0131m\u0131, \u00e7ift elevat\u00f6rle yer\u00e7ekimi ele\u011fine ta\u015f\u0131n\u0131r, kabuksuz pirin\u00e7 yer\u00e7ekimi ele\u011fi ile kabuk soyma makinesine geri g\u00f6nderilir.<\/p>    <p>Kabuksuz pirin\u00e7, yer\u00e7ekimi ele\u011fi ile bu kanala geri g\u00f6nderilir ve kahverengi pirin\u00e7 pirin\u00e7 de\u011firmenine girer, ince kabuk pirin\u00e7 de\u011firmeni taraf\u0131ndan parlat\u0131ld\u0131ktan sonra k\u0131r\u0131k pirin\u00e7 ele\u011fine \u00e7ekilir.<\/p>    <h2 class=\"wp-block-heading\">Ne <strong>20TPD Pirin\u00e7 De\u011firmeni Tesisi Nelerden Olu\u015fur<\/strong><\/h2>    <ul class=\"wp-block-list\"> <li><strong>\u00d6n temizleyici:<\/strong> Pirin\u00e7 tanesinden baz\u0131 safs\u0131zl\u0131klar\u0131n ve dolgun olmayan tanelerin \u00e7\u0131kar\u0131lmas\u0131;<\/li>    <li><strong>Ta\u015f Ay\u0131rma Makinesi:<\/strong> Pirin\u00e7 tanesinden k\u00fc\u00e7\u00fck ta\u015flar\u0131n ayr\u0131lmas\u0131;<\/li>    <li><strong>Kabuk soyma makinesi:<\/strong> Pirin\u00e7ten kahverengi pirin\u00e7 elde etmek i\u00e7in kabuklar\u0131n \u00e7\u0131kar\u0131lmas\u0131;<\/li>    <li><strong>Tah\u0131l Ay\u0131r\u0131c\u0131:<\/strong> Kahverengi pirin\u00e7ten kabuksuz tanenin ayr\u0131lmas\u0131;<\/li>    <li><strong>Pirin\u00e7 De\u011firmeni:<\/strong> Pirin\u00e7 i\u015fleme \u00fcnitesinin ana ekipman\u0131, kahverengi pirin\u00e7ten t\u00fcm veya k\u0131smi kepek tabakas\u0131n\u0131 ve filizi \u00e7\u0131kar\u0131r;<\/li>    <li><strong>Eleme Cihaz\u0131:<\/strong> \u00d6\u011f\u00fct\u00fclm\u00fc\u015f pirin\u00e7ten k\u00fc\u00e7\u00fck par\u00e7alar\u0131n ayr\u0131lmas\u0131.<\/li> <\/ul>    <figure class=\"wp-block-image size-full\"><img loading=\"lazy\" decoding=\"async\" width=\"720\" height=\"540\" src=\"https:\/\/www.agriculture-machine.com\/wp-content\/uploads\/2023\/11\/20TPD-paddy-rice-mill-production-plant.webp\" alt=\"20TPD pirin\u00e7 de\u011firmeni \u00fcretim tesisi\" class=\"wp-image-15149\" srcset=\"https:\/\/www.agriculture-machine.com\/wp-content\/uploads\/2023\/11\/20TPD-paddy-rice-mill-production-plant.webp 720w, https:\/\/www.agriculture-machine.com\/wp-content\/uploads\/2023\/11\/20TPD-paddy-rice-mill-production-plant-360x270.webp 360w, https:\/\/www.agriculture-machine.com\/wp-content\/uploads\/2023\/11\/20TPD-paddy-rice-mill-production-plant-240x180.webp 240w\" sizes=\"auto, (max-width: 720px) 100vw, 720px\" \/><figcaption class=\"wp-element-caption\">20TPD pirin\u00e7 de\u011firmeni \u00fcretim tesisi<\/figcaption><\/figure>    <h2 class=\"wp-block-heading\">Pirin\u00e7 De\u011firmeni \u00dcretim Tesisi Avantajlar\u0131<\/h2>    <p class=\"translation-block\"><strong><a href=\"https:\/\/www.agriculture-machine.com\/tr\/rice-mill-plant\/\">15TPD pirin\u00e7 i\u015fleme \u00fcnitesi<\/a><\/strong> ile benzer, ancak ta\u015f ay\u0131rmadan \u00f6nce bir temizleyici eklenmi\u015ftir.<\/p>    <ol class=\"wp-block-list\"> <li>kararl\u0131 mekanik performans, kullan\u0131m\u0131 ve bak\u0131m\u0131 kolay.<\/li>    <li>tam pirin\u00e7 de\u011firmeni ekipman seti k\u00fc\u00e7\u00fck bir alan kaplar ve d\u00fc\u015f\u00fck yat\u0131r\u0131m gerektirir.<\/li>    <li>Pirin\u00e7 verimini art\u0131r\u0131n ve k\u0131r\u0131k pirinci azalt\u0131n.<\/li>    <li>farkl\u0131 m\u00fc\u015fterilerin ihtiya\u00e7lar\u0131na g\u00f6re \u00f6zel olarak tasarlanm\u0131\u015f s\u00fcre\u00e7ler, esnek kombinasyonlar ve farkl\u0131 y\u00fcksek kaliteli pirin\u00e7lere i\u015flenmesi.<\/li>    <li>\u00e7elik yap\u0131 formu benimseyerek, her birim kolayca s\u00f6k\u00fcl\u00fcp tak\u0131labilir, bu da kullan\u0131c\u0131lar\u0131n ihtiya\u00e7 duydu\u011fu tek makine ve di\u011fer ekipmanlar\u0131 sat\u0131n almas\u0131n\u0131 kolayla\u015ft\u0131r\u0131r.<\/li> <\/ol>    <figure class=\"wp-block-gallery has-nested-images columns-default is-cropped wp-block-gallery-7 is-layout-flex wp-block-gallery-is-layout-flex\"> <figure class=\"wp-block-image size-large\"><img loading=\"lazy\" decoding=\"async\" width=\"720\" height=\"540\" data-id=\"15113\" src=\"https:\/\/www.agriculture-machine.com\/wp-content\/uploads\/2023\/11\/complete-rice-mill-plant-1.webp\" alt=\"tam pirin\u00e7 de\u011firmeni tesisi\" class=\"wp-image-15113\" srcset=\"https:\/\/www.agriculture-machine.com\/wp-content\/uploads\/2023\/11\/complete-rice-mill-plant-1.webp 720w, https:\/\/www.agriculture-machine.com\/wp-content\/uploads\/2023\/11\/complete-rice-mill-plant-1-360x270.webp 360w, https:\/\/www.agriculture-machine.com\/wp-content\/uploads\/2023\/11\/complete-rice-mill-plant-1-240x180.webp 240w\" sizes=\"auto, (max-width: 720px) 100vw, 720px\" \/><figcaption class=\"wp-element-caption\">tam pirin\u00e7 de\u011firmeni tesisi<\/figcaption><\/figure>    <figure class=\"wp-block-image size-full\"><img loading=\"lazy\" decoding=\"async\" width=\"720\" height=\"540\" data-id=\"15115\" src=\"https:\/\/www.agriculture-machine.com\/wp-content\/uploads\/2023\/11\/rice-milling-machine-production-line-1.webp\" alt=\"pirin\u00e7 de\u011firmen makinesi \u00fcretim hatt\u0131\" class=\"wp-image-15115\" srcset=\"https:\/\/www.agriculture-machine.com\/wp-content\/uploads\/2023\/11\/rice-milling-machine-production-line-1.webp 720w, https:\/\/www.agriculture-machine.com\/wp-content\/uploads\/2023\/11\/rice-milling-machine-production-line-1-360x270.webp 360w, https:\/\/www.agriculture-machine.com\/wp-content\/uploads\/2023\/11\/rice-milling-machine-production-line-1-240x180.webp 240w\" sizes=\"auto, (max-width: 720px) 100vw, 720px\" \/><figcaption class=\"wp-element-caption\">pirin\u00e7 de\u011firmen makinesi \u00fcretim hatt\u0131<\/figcaption><\/figure> <\/figure>    <h2 class=\"wp-block-heading\">B\u00fcy\u00fck Makinelerin Bak\u0131m\u0131<\/h2>    <ol class=\"wp-block-list\"> <li>T\u00fcm pirin\u00e7 i\u015fleme \u00fcnitesi bak\u0131m\u0131 her 3 ayda bir yap\u0131lmal\u0131 ve y\u0131lda bir kez b\u00fcy\u00fck bak\u0131m yap\u0131lmal\u0131d\u0131r.<\/li>    <li>T\u00fcm iletim par\u00e7alar\u0131 d\u00fczenli olarak ya\u011flanmal\u0131d\u0131r.<\/li>    <li>Rulman genellikle 6 ayda bir gres ile de\u011fi\u015ftirilir.<\/li>    <li>Ekran her vardiyada kontrol edilmeli ve temizlenmelidir, ekran deliklerinin t\u0131kanmas\u0131n\u0131 \u00f6nlemek i\u00e7in, ekran k\u0131r\u0131ld\u0131\u011f\u0131nda zaman\u0131nda de\u011fi\u015ftirilmelidir, b\u00f6ylece malzeme s\u0131z\u0131nt\u0131s\u0131 \u00f6nlenir.<\/li>    <li>Rulmanlar\u0131n a\u015f\u0131r\u0131 \u0131s\u0131nd\u0131\u011f\u0131, gresin sertle\u015fti\u011fi, gres renginin karard\u0131\u011f\u0131 veya gres y\u00fczeyinde su damlalar\u0131 ve kir bulundu\u011fu yerlerde, gres hemen de\u011fi\u015ftirilmelidir.<\/li> <\/ol>    <p>Daha ince beyaz pirin\u00e7 almak istiyorsan\u0131z, ayr\u0131ca y\u00fcksek kaliteli bir pirin\u00e7 i\u015fleme \u00fcnitesi \u00fcretim hatt\u0131m\u0131z da mevcuttur, bizimle ileti\u015fime ge\u00e7ebilirsiniz. Detayl\u0131 gereksinimlerinize g\u00f6re \u00f6zel bir pirin\u00e7 de\u011firmeni tasar\u0131m\u0131 \u00f6zelle\u015ftirece\u011fiz.<\/p>","protected":false},"excerpt":{"rendered":"<p>The paddy processing unit is a system of equipment specifically designed to process rice by removing the paddy from the husk and producing high-quality rice. This line typically includes processing such as de-husking, de-hulling, de-chaffing, and sieving, with each of these steps being performed by a range of specific machines and equipment working in tandem. [&hellip;]<\/p>\n","protected":false},"author":1,"featured_media":15108,"parent":0,"comment_status":"closed","ping_status":"closed","template":"","tags":[796],"product-type":[875,906],"class_list":["post-15096","product","type-product","status-publish","has-post-thumbnail","hentry","tag-rice","product-type-rice-mill-category","product-type-rice-mill-production-line"],"_links":{"self":[{"href":"https:\/\/www.agriculture-machine.com\/tr\/wp-json\/wp\/v2\/product\/15096","targetHints":{"allow":["GET"]}}],"collection":[{"href":"https:\/\/www.agriculture-machine.com\/tr\/wp-json\/wp\/v2\/product"}],"about":[{"href":"https:\/\/www.agriculture-machine.com\/tr\/wp-json\/wp\/v2\/types\/product"}],"author":[{"embeddable":true,"href":"https:\/\/www.agriculture-machine.com\/tr\/wp-json\/wp\/v2\/users\/1"}],"replies":[{"embeddable":true,"href":"https:\/\/www.agriculture-machine.com\/tr\/wp-json\/wp\/v2\/comments?post=15096"}],"wp:featuredmedia":[{"embeddable":true,"href":"https:\/\/www.agriculture-machine.com\/tr\/wp-json\/wp\/v2\/media\/15108"}],"wp:attachment":[{"href":"https:\/\/www.agriculture-machine.com\/tr\/wp-json\/wp\/v2\/media?parent=15096"}],"wp:term":[{"taxonomy":"post_tag","embeddable":true,"href":"https:\/\/www.agriculture-machine.com\/tr\/wp-json\/wp\/v2\/tags?post=15096"},{"taxonomy":"product-type","embeddable":true,"href":"https:\/\/www.agriculture-machine.com\/tr\/wp-json\/wp\/v2\/product-type?post=15096"}],"curies":[{"name":"wp","href":"https:\/\/api.w.org\/{rel}","templated":true}]}}