{"id":15120,"date":"2023-11-13T10:46:11","date_gmt":"2023-11-13T02:46:11","guid":{"rendered":"https:\/\/www.agriculture-machine.com\/?post_type=product&#038;p=15120"},"modified":"2024-09-18T15:43:33","modified_gmt":"2024-09-18T07:43:33","slug":"paddy-milling-line","status":"publish","type":"product","link":"https:\/\/www.agriculture-machine.com\/tr\/paddy-milling-line\/","title":{"rendered":"25 ve 30TPD Otomatik Pirin\u00e7 \u00d6\u011f\u00fctme Hatt\u0131"},"content":{"rendered":"<p class=\"translation-block\">Taizy 25 ve 30 Ton\/G\u00fcn kapasiteli <strong><a href=\"https:\/\/www.agriculture-machine.com\/tr\/rice-mill-category\/rice-mill-production-line\/\">pirin\u00e7 tarlas\u0131 \u00f6\u011f\u00fctme hatt\u0131<\/a><\/strong>, b\u00fcy\u00fck \u00f6l\u00e7ekli pirin\u00e7 \u00fcretimi i\u00e7in tasarlanm\u0131\u015f y\u00fcksek verimli, tamamen otomatik bir ekipmand\u0131r. Hatt\u0131, temizlik, kabuk soyma, \u00f6\u011f\u00fctme ve elekleme gibi birden fazla i\u015flemi entegre eder ve pirinci h\u0131zl\u0131ca y\u00fcksek kaliteli pirince d\u00f6n\u00fc\u015ft\u00fcrebilir.<\/p>    <figure class=\"wp-block-image size-full\"><img loading=\"lazy\" decoding=\"async\" width=\"720\" height=\"540\" src=\"https:\/\/www.agriculture-machine.com\/wp-content\/uploads\/2023\/11\/paddy-mill-rice-processing-line.webp\" alt=\"pirin\u00e7 i\u015fleme hatt\u0131\" class=\"wp-image-15153\" srcset=\"https:\/\/www.agriculture-machine.com\/wp-content\/uploads\/2023\/11\/paddy-mill-rice-processing-line.webp 720w, https:\/\/www.agriculture-machine.com\/wp-content\/uploads\/2023\/11\/paddy-mill-rice-processing-line-360x270.webp 360w, https:\/\/www.agriculture-machine.com\/wp-content\/uploads\/2023\/11\/paddy-mill-rice-processing-line-240x180.webp 240w\" sizes=\"auto, (max-width: 720px) 100vw, 720px\" \/><figcaption class=\"wp-element-caption\">pirin\u00e7 i\u015fleme hatt\u0131<\/figcaption><\/figure>    <p>Y\u00fcksek verimlilik ve geli\u015fmi\u015f teknoloji, \u00fcretim verimlili\u011fi ve \u00f6\u011f\u00fctme kalitesini sa\u011flar, hijyen ve g\u0131da g\u00fcvenli\u011fi standartlar\u0131na tam uyum sa\u011flar. Bu pirin\u00e7 \u00f6\u011f\u00fctme hatt\u0131, b\u00fcy\u00fck pirin\u00e7 tarlalar\u0131 veya pirin\u00e7 i\u015fleme tesisleri i\u00e7in uygundur ve kullan\u0131c\u0131lara g\u00fcvenilir ve s\u00fcrd\u00fcr\u00fclebilir bir pirin\u00e7 \u00fcretim \u00e7\u00f6z\u00fcm\u00fc sunar.<\/p>    <h2 class=\"wp-block-heading\">Milltec Pirin\u00e7 \u00d6\u011f\u00fctme \u00c7\u00f6z\u00fcmleri Yap\u0131s\u0131 ve Parametreleri<\/h2>    <p class=\"translation-block\">The machine&#8217;s composition of the 25 and 30-ton paddy milling lines is the same as that of the <strong><a href=\"https:\/\/www.agriculture-machine.com\/tr\/rice-mill-plant\/\">15TPD Rice Mill Plant<\/a><\/strong>. However, their size increases as production increases. The 25TPD destoner is larger than the <strong><a href=\"https:\/\/www.agriculture-machine.com\/tr\/paddy-processing-unit\/\">20TPD standard production line<\/a><\/strong> and is equipped with a flat gyratory screen.<\/p>    <p>Hem 25 hem de 30 TPD pirin\u00e7 \u00f6\u011f\u00fctme hatlar\u0131n\u0131n bile\u015fimi ve fonksiyonlar\u0131 ayn\u0131d\u0131r, yaln\u0131zca model ve gereken g\u00fc\u00e7 farkl\u0131d\u0131r. Dikkat edilmesi gereken nokta, arka tarafta iki kald\u0131r\u0131c\u0131yla donat\u0131lm\u0131\u015f olan ay\u0131r\u0131c\u0131d\u0131r ve i\u015flevleri \u015f\u00f6yledir:<\/p>    <ul class=\"wp-block-list\"> <li>Kanal 1: Temiz pirin\u00e7leri Pirin\u00e7 Kabu\u011fu Makinesine iletin<\/li>    <li>Kanal 2: Kahverengi pirin\u00e7 ve pirin\u00e7 kar\u0131\u015f\u0131m\u0131n\u0131 Geri D\u00f6n\u00fc\u015f\u00fcm Pirin\u00e7 Ay\u0131r\u0131c\u0131ya geri g\u00f6nder<\/li> <\/ul>    <h3 class=\"wp-block-heading\">25TPD Pirin\u00e7 Makinesi Parlat\u0131c\u0131lar\u0131<\/h3>    <div class=\"wp-block-media-text is-stacked-on-mobile\"><figure class=\"wp-block-media-text__media\"><img loading=\"lazy\" decoding=\"async\" width=\"720\" height=\"540\" src=\"https:\/\/www.agriculture-machine.com\/wp-content\/uploads\/2023\/11\/25T-rice-polishing-machines-structure.webp\" alt=\"25T pirin\u00e7 parlatma makineleri yap\u0131s\u0131\" class=\"wp-image-15122 size-full\" srcset=\"https:\/\/www.agriculture-machine.com\/wp-content\/uploads\/2023\/11\/25T-rice-polishing-machines-structure.webp 720w, https:\/\/www.agriculture-machine.com\/wp-content\/uploads\/2023\/11\/25T-rice-polishing-machines-structure-360x270.webp 360w, https:\/\/www.agriculture-machine.com\/wp-content\/uploads\/2023\/11\/25T-rice-polishing-machines-structure-240x180.webp 240w\" sizes=\"auto, (max-width: 720px) 100vw, 720px\" \/><\/figure><div class=\"wp-block-media-text__content\"> <figure class=\"wp-block-table is-style-stripes\"><table><tbody><tr><td class=\"has-text-align-center\" data-align=\"center\"><strong>Hay\u0131r.<\/strong><strong><\/strong><\/td><td class=\"has-text-align-center\" data-align=\"center\"><strong>\u00dcr\u00fcn<\/strong><strong><\/strong><\/td><td class=\"has-text-align-center\" data-align=\"center\"><strong>Model<\/strong><strong><\/strong><\/td><td class=\"has-text-align-center\" data-align=\"center\"><strong>G\u00fc\u00e7\uff08kw\uff09<\/strong><strong><\/strong><\/td><\/tr><tr><td class=\"has-text-align-center\" data-align=\"center\">1<\/td><td class=\"has-text-align-center\" data-align=\"center\">Asans\u00f6r<\/td><td class=\"has-text-align-center\" data-align=\"center\">TDTG18\/08<\/td><td class=\"has-text-align-center\" data-align=\"center\">0.75<\/td><\/tr><tr><td class=\"has-text-align-center\" data-align=\"center\">2<\/td><td class=\"has-text-align-center\" data-align=\"center\">Pirincin Ta\u015f\u0131n\u0131c\u0131<\/td><td class=\"has-text-align-center\" data-align=\"center\">ZQS60<\/td><td class=\"has-text-align-center\" data-align=\"center\">1.1+2.2<\/td><\/tr><tr><td class=\"has-text-align-center\" data-align=\"center\">3<\/td><td class=\"has-text-align-center\" data-align=\"center\">Asans\u00f6r<\/td><td class=\"has-text-align-center\" data-align=\"center\">TDTG18\/08*2<\/td><td class=\"has-text-align-center\" data-align=\"center\">0.75<\/td><\/tr><tr><td class=\"has-text-align-center\" data-align=\"center\">4<\/td><td class=\"has-text-align-center\" data-align=\"center\">Pirin\u00e7 Kabu\u011fu Makinesi (8 \u0130n\u00e7 Lastik Rulo)<\/td><td class=\"has-text-align-center\" data-align=\"center\">LG20<\/td><td class=\"has-text-align-center\" data-align=\"center\">5.5+1.1<\/td><\/tr><tr><td class=\"has-text-align-center\" data-align=\"center\">5<\/td><td class=\"has-text-align-center\" data-align=\"center\">Yer\u00e7ekimli Pirin\u00e7 Ay\u0131r\u0131c\u0131<\/td><td class=\"has-text-align-center\" data-align=\"center\">MGCZ80*5<\/td><td class=\"has-text-align-center\" data-align=\"center\">0.75<\/td><\/tr><tr><td class=\"has-text-align-center\" data-align=\"center\">6<\/td><td class=\"has-text-align-center\" data-align=\"center\">Pirincin de\u011firmen (Emayeli Rulo)<\/td><td class=\"has-text-align-center\" data-align=\"center\">NS150<\/td><td class=\"has-text-align-center\" data-align=\"center\">18.5<\/td><\/tr><tr><td class=\"has-text-align-center\" data-align=\"center\">7<\/td><td class=\"has-text-align-center\" data-align=\"center\">Pirincin S\u0131n\u0131fland\u0131r\u0131c\u0131s\u0131<\/td><td class=\"has-text-align-center\" data-align=\"center\">40<\/td><td class=\"has-text-align-center\" data-align=\"center\">0.55<\/td><\/tr><\/tbody><\/table><\/figure> <\/div><\/div>    <h3 class=\"wp-block-heading\">30TPD Pirin\u00e7 \u00d6\u011f\u00fctme \u0130\u015fleme Hatt\u0131<\/h3>    <div class=\"wp-block-media-text is-stacked-on-mobile\"><figure class=\"wp-block-media-text__media\"><img loading=\"lazy\" decoding=\"async\" width=\"720\" height=\"540\" src=\"https:\/\/www.agriculture-machine.com\/wp-content\/uploads\/2023\/11\/30T-rice-polishing-machines-structure.webp\" alt=\"30T pirin\u00e7 parlatma makineleri yap\u0131s\u0131\" class=\"wp-image-15123 size-full\" srcset=\"https:\/\/www.agriculture-machine.com\/wp-content\/uploads\/2023\/11\/30T-rice-polishing-machines-structure.webp 720w, https:\/\/www.agriculture-machine.com\/wp-content\/uploads\/2023\/11\/30T-rice-polishing-machines-structure-360x270.webp 360w, https:\/\/www.agriculture-machine.com\/wp-content\/uploads\/2023\/11\/30T-rice-polishing-machines-structure-240x180.webp 240w\" sizes=\"auto, (max-width: 720px) 100vw, 720px\" \/><\/figure><div class=\"wp-block-media-text__content\"> <figure class=\"wp-block-table is-style-stripes\"><table><tbody><tr><td class=\"has-text-align-center\" data-align=\"center\"><strong>Hay\u0131r.<\/strong><strong><\/strong><\/td><td class=\"has-text-align-center\" data-align=\"center\"><strong>\u00dcr\u00fcn<\/strong><strong><\/strong><\/td><td class=\"has-text-align-center\" data-align=\"center\"><strong>Model<\/strong><strong><\/strong><\/td><td class=\"has-text-align-center\" data-align=\"center\"><strong>G\u00fc\u00e7\uff08kw\uff09<\/strong><strong><\/strong><\/td><\/tr><tr><td class=\"has-text-align-center\" data-align=\"center\">1<\/td><td class=\"has-text-align-center\" data-align=\"center\">Asans\u00f6r<\/td><td class=\"has-text-align-center\" data-align=\"center\">TDTG20\/11<\/td><td class=\"has-text-align-center\" data-align=\"center\">1.1<\/td><\/tr><tr><td class=\"has-text-align-center\" data-align=\"center\">2<\/td><td class=\"has-text-align-center\" data-align=\"center\">Pirincin Ta\u015f\u0131n\u0131c\u0131<\/td><td class=\"has-text-align-center\" data-align=\"center\">ZQS70<\/td><td class=\"has-text-align-center\" data-align=\"center\">0.5+3<\/td><\/tr><tr><td class=\"has-text-align-center\" data-align=\"center\">3<\/td><td class=\"has-text-align-center\" data-align=\"center\">Asans\u00f6r<\/td><td class=\"has-text-align-center\" data-align=\"center\">TDTG18\/08*2<\/td><td class=\"has-text-align-center\" data-align=\"center\">1.1<\/td><\/tr><tr><td class=\"has-text-align-center\" data-align=\"center\">4<\/td><td class=\"has-text-align-center\" data-align=\"center\">Pirin\u00e7 Kabu\u011fu Makinesi (8 \u0130n\u00e7 Lastik Rulo)<\/td><td class=\"has-text-align-center\" data-align=\"center\">LG20<\/td><td class=\"has-text-align-center\" data-align=\"center\">5.5+1.1<\/td><\/tr><tr><td class=\"has-text-align-center\" data-align=\"center\">5<\/td><td class=\"has-text-align-center\" data-align=\"center\">Yer\u00e7ekimli Pirin\u00e7 Ay\u0131r\u0131c\u0131<\/td><td class=\"has-text-align-center\" data-align=\"center\">MGCZ80*7<\/td><td class=\"has-text-align-center\" data-align=\"center\">1.1<\/td><\/tr><tr><td class=\"has-text-align-center\" data-align=\"center\">6<\/td><td class=\"has-text-align-center\" data-align=\"center\">Pirinc \u0130\u015fleme Makinesi (Emery Rulo)<\/td><td class=\"has-text-align-center\" data-align=\"center\">MNMS15B<\/td><td class=\"has-text-align-center\" data-align=\"center\">18.5<\/td><\/tr><tr><td class=\"has-text-align-center\" data-align=\"center\">7<\/td><td class=\"has-text-align-center\" data-align=\"center\">Pirincin S\u0131n\u0131fland\u0131r\u0131c\u0131s\u0131<\/td><td class=\"has-text-align-center\" data-align=\"center\">40<\/td><td class=\"has-text-align-center\" data-align=\"center\">0.55<\/td><\/tr><\/tbody><\/table><\/figure> <\/div><\/div>    <h2 class=\"wp-block-heading\">Pirinc \u00d6\u011f\u00fctme Hatt\u0131 Ana Uygulamas\u0131<\/h2>    <p>Bu pirin\u00e7 \u00f6\u011f\u00fctme \u00fcnitemiz, tarladan hasat edilen pirinci (ham tah\u0131l nem oran\u0131 .5'in alt\u0131nda olmal\u0131) alabilir ve a\u015fa\u011f\u0131daki resimde g\u00f6sterildi\u011fi gibi bir dizi i\u015flemle beyaz, temiz pirin\u00e7 \u00fcretebilir. Elde edilen son pirin\u00e7, orijinal tah\u0131l\u0131n p'i, pirin\u00e7 kepe\u011fi ve embriyo ise 'dur. Normalde, 1000kg pirin\u00e7 giri\u015fi \u2192 700kg beyaz pirin\u00e7 \u00e7\u0131k\u0131\u015f\u0131 sa\u011flar.<\/p>    <figure class=\"wp-block-gallery has-nested-images columns-default is-cropped wp-block-gallery-2 is-layout-flex wp-block-gallery-is-layout-flex\"> <figure class=\"wp-block-image size-large\"><img loading=\"lazy\" decoding=\"async\" width=\"720\" height=\"540\" data-id=\"15125\" src=\"https:\/\/www.agriculture-machine.com\/wp-content\/uploads\/2023\/11\/rice-processing-plant-application.webp\" alt=\"pirin\u00e7 i\u015fleme tesisi uygulamas\u0131\" class=\"wp-image-15125\" srcset=\"https:\/\/www.agriculture-machine.com\/wp-content\/uploads\/2023\/11\/rice-processing-plant-application.webp 720w, https:\/\/www.agriculture-machine.com\/wp-content\/uploads\/2023\/11\/rice-processing-plant-application-360x270.webp 360w, https:\/\/www.agriculture-machine.com\/wp-content\/uploads\/2023\/11\/rice-processing-plant-application-240x180.webp 240w\" sizes=\"auto, (max-width: 720px) 100vw, 720px\" \/><figcaption class=\"wp-element-caption\">pirin\u00e7 i\u015fleme tesisi uygulamas\u0131<\/figcaption><\/figure> <\/figure>    <figure class=\"wp-block-image size-full\"><img loading=\"lazy\" decoding=\"async\" width=\"720\" height=\"540\" src=\"https:\/\/www.agriculture-machine.com\/wp-content\/uploads\/2023\/11\/rice-processing-analysis.webp\" alt=\"pirin\u00e7 i\u015fleme analizi\" class=\"wp-image-15126\" srcset=\"https:\/\/www.agriculture-machine.com\/wp-content\/uploads\/2023\/11\/rice-processing-analysis.webp 720w, https:\/\/www.agriculture-machine.com\/wp-content\/uploads\/2023\/11\/rice-processing-analysis-360x270.webp 360w, https:\/\/www.agriculture-machine.com\/wp-content\/uploads\/2023\/11\/rice-processing-analysis-240x180.webp 240w\" sizes=\"auto, (max-width: 720px) 100vw, 720px\" \/><figcaption class=\"wp-element-caption\">pirin\u00e7 i\u015fleme analizi<\/figcaption><\/figure>    <h2 class=\"wp-block-heading\">Otomatik Pirin\u00e7 Makinesi Faydalar\u0131 ve \u0130\u015flevleri<\/h2>    <ul class=\"wp-block-list\"> <li>Bu pirin\u00e7 \u00f6\u011f\u00fctme hatt\u0131, d\u00fczenlenme ve kombinasyon y\u00f6ntemiyle tasarlanm\u0131\u015f olup, g\u00f6r\u00fcn\u00fcm\u00fc daha g\u00fczel ve kompakt;<\/li>    <li>Eksenel \u00e7al\u0131\u015fan par\u00e7aya denge sa\u011flamak i\u00e7in ankraj vidalar\u0131 eklenmi\u015ftir;<\/li>    <li>The height of some parts of the machine is reduced, which makes it easy to operate (especially suitable for individual farmers&#8217; processing);<\/li>    <li>Her par\u00e7an\u0131n birle\u015fimi ve ayr\u0131m\u0131 ba\u011f\u0131ms\u0131z olarak yap\u0131labilir, bu da bak\u0131m ve ta\u015f\u0131may\u0131 daha uygun hale getirir.<\/li>    <li>Emme tipi ta\u015f ay\u0131r\u0131c\u0131 kullan\u0131larak, etkisi daha g\u00fcvenilir ve stabildir ve besleme s\u0131ras\u0131nda toz kirlili\u011fini de azaltabilir;<\/li>    <li>G\u00fc\u00e7l\u00fc pratiklik, bu pirin\u00e7 \u00f6\u011f\u00fctme hatt\u0131 yaln\u0131zca bireysel tar\u0131m \u00fcr\u00fcnlerini de\u011fil, ayn\u0131 zamanda ticari tah\u0131llar\u0131 da s\u00fcrekli i\u015fler;<\/li>    <li>Art\u0131r\u0131lm\u0131\u015f k\u0131rma i\u015flemi, \u00e7ift\u00e7ilerin b\u00fcy\u00fck saman ve a\u011f saman kar\u0131\u015f\u0131m\u0131n\u0131 kolayca kar\u0131\u015ft\u0131rmas\u0131n\u0131 sa\u011flar, tek seferlik i\u015flemle saman tozuna d\u00f6n\u00fc\u015ft\u00fcrerek yan \u00fcr\u00fcnlerin tam olarak de\u011ferlendirilmesini sa\u011flar.<\/li> <\/ul>    <figure class=\"wp-block-gallery has-nested-images columns-default is-cropped wp-block-gallery-3 is-layout-flex wp-block-gallery-is-layout-flex\"> <figure class=\"wp-block-image size-large\"><img loading=\"lazy\" decoding=\"async\" width=\"405\" height=\"540\" data-id=\"15130\" src=\"https:\/\/www.agriculture-machine.com\/wp-content\/uploads\/2023\/11\/paddy-milling-plant-405x540.webp\" alt=\"pirin\u00e7 \u00f6\u011f\u00fctme tesisi\" class=\"wp-image-15130\" srcset=\"https:\/\/www.agriculture-machine.com\/wp-content\/uploads\/2023\/11\/paddy-milling-plant-405x540.webp 405w, https:\/\/www.agriculture-machine.com\/wp-content\/uploads\/2023\/11\/paddy-milling-plant-203x270.webp 203w, https:\/\/www.agriculture-machine.com\/wp-content\/uploads\/2023\/11\/paddy-milling-plant.webp 540w\" sizes=\"auto, (max-width: 405px) 100vw, 405px\" \/><figcaption class=\"wp-element-caption\">pirin\u00e7 \u00f6\u011f\u00fctme tesisi<\/figcaption><\/figure>    <figure class=\"wp-block-image size-large\"><img loading=\"lazy\" decoding=\"async\" width=\"405\" height=\"540\" data-id=\"15129\" src=\"https:\/\/www.agriculture-machine.com\/wp-content\/uploads\/2023\/11\/30T-paddy-processing-line-405x540.webp\" alt=\"30T pirin\u00e7 i\u015fleme hatt\u0131\" class=\"wp-image-15129\" srcset=\"https:\/\/www.agriculture-machine.com\/wp-content\/uploads\/2023\/11\/30T-paddy-processing-line-405x540.webp 405w, https:\/\/www.agriculture-machine.com\/wp-content\/uploads\/2023\/11\/30T-paddy-processing-line-203x270.webp 203w, https:\/\/www.agriculture-machine.com\/wp-content\/uploads\/2023\/11\/30T-paddy-processing-line.webp 540w\" sizes=\"auto, (max-width: 405px) 100vw, 405px\" \/><figcaption class=\"wp-element-caption\">30T pirin\u00e7 i\u015fleme hatt\u0131<\/figcaption><\/figure> <\/figure>    <h2 class=\"wp-block-heading\">Beyaz Pirin\u00e7 Yapma Makineleri Detaylar\u0131 <\/h2>    <p>\u0130\u015fte makinenin \u00e7al\u0131\u015fmas\u0131n\u0131 sa\u011flayan baz\u0131 \u00f6nemli bile\u015fenler. Elbette, daha fazla resim ve video g\u00f6rmek isterseniz, bizimle ileti\u015fime ge\u00e7ebilirsiniz.<\/p>    <figure class=\"wp-block-gallery has-nested-images columns-default is-cropped wp-block-gallery-4 is-layout-flex wp-block-gallery-is-layout-flex\"> <figure class=\"wp-block-image size-large\"><img loading=\"lazy\" decoding=\"async\" width=\"405\" height=\"540\" data-id=\"15131\" src=\"https:\/\/www.agriculture-machine.com\/wp-content\/uploads\/2023\/11\/paddy-milling-line-detail-405x540.webp\" alt=\"pirin\u00e7 \u00f6\u011f\u00fctme hatt\u0131 detaylar\u0131\" class=\"wp-image-15131\" srcset=\"https:\/\/www.agriculture-machine.com\/wp-content\/uploads\/2023\/11\/paddy-milling-line-detail-405x540.webp 405w, https:\/\/www.agriculture-machine.com\/wp-content\/uploads\/2023\/11\/paddy-milling-line-detail-203x270.webp 203w, https:\/\/www.agriculture-machine.com\/wp-content\/uploads\/2023\/11\/paddy-milling-line-detail.webp 540w\" sizes=\"auto, (max-width: 405px) 100vw, 405px\" \/><figcaption class=\"wp-element-caption\">pirin\u00e7 \u00f6\u011f\u00fctme hatt\u0131 detaylar\u0131<\/figcaption><\/figure>    <figure class=\"wp-block-image size-large\"><img loading=\"lazy\" decoding=\"async\" width=\"405\" height=\"540\" data-id=\"15132\" src=\"https:\/\/www.agriculture-machine.com\/wp-content\/uploads\/2023\/11\/rice-grading-machine-405x540.webp\" alt=\"pirin\u00e7 s\u0131n\u0131fland\u0131rma makinesi\" class=\"wp-image-15132\" srcset=\"https:\/\/www.agriculture-machine.com\/wp-content\/uploads\/2023\/11\/rice-grading-machine-405x540.webp 405w, https:\/\/www.agriculture-machine.com\/wp-content\/uploads\/2023\/11\/rice-grading-machine-203x270.webp 203w, https:\/\/www.agriculture-machine.com\/wp-content\/uploads\/2023\/11\/rice-grading-machine.webp 540w\" sizes=\"auto, (max-width: 405px) 100vw, 405px\" \/><figcaption class=\"wp-element-caption\">pirin\u00e7 s\u0131n\u0131fland\u0131rma makinesi<\/figcaption><\/figure> <\/figure>    <h2 class=\"wp-block-heading\">Pirinc ve Pirin\u00e7 \u0130\u015fleme Makineleri Ba\u015far\u0131l\u0131 \u00d6rnekleri<\/h2>    <p>Pirin\u00e7 \u00f6\u011f\u00fctme hatlar\u0131n\u0131n farkl\u0131 pazarlardaki ihtiya\u00e7lar\u0131 kar\u015f\u0131lamadaki \u00e7ok y\u00f6nl\u00fcl\u00fc\u011f\u00fc ve uygulanabilirli\u011fi, genellikle Asya, Afrika ve Latin Amerika'n\u0131n ana pirin\u00e7 \u00fcretim b\u00f6lgelerinde daha pop\u00fclerdir. B\u00fcy\u00fck \u00f6l\u00e7ekli pirin\u00e7 makinelerimiz Kenya, Nijerya, Malavi, Gana, Pakistan ve daha bir\u00e7ok \u00fclkeye sevk edilmi\u015ftir.<\/p>    <figure class=\"wp-block-gallery has-nested-images columns-default is-cropped wp-block-gallery-5 is-layout-flex wp-block-gallery-is-layout-flex\"> <figure class=\"wp-block-image size-large\"><img loading=\"lazy\" decoding=\"async\" width=\"720\" height=\"540\" data-id=\"15127\" src=\"https:\/\/www.agriculture-machine.com\/wp-content\/uploads\/2023\/11\/rice-huller-machine.webp\" alt=\"pirin\u00e7 ay\u0131r\u0131c\u0131 makinesi\" class=\"wp-image-15127\" srcset=\"https:\/\/www.agriculture-machine.com\/wp-content\/uploads\/2023\/11\/rice-huller-machine.webp 720w, https:\/\/www.agriculture-machine.com\/wp-content\/uploads\/2023\/11\/rice-huller-machine-360x270.webp 360w, https:\/\/www.agriculture-machine.com\/wp-content\/uploads\/2023\/11\/rice-huller-machine-240x180.webp 240w\" sizes=\"auto, (max-width: 720px) 100vw, 720px\" \/><figcaption class=\"wp-element-caption\">pirin\u00e7 ay\u0131r\u0131c\u0131 makinesi<\/figcaption><\/figure>    <figure class=\"wp-block-image size-large\"><img loading=\"lazy\" decoding=\"async\" width=\"720\" height=\"540\" data-id=\"15128\" src=\"https:\/\/www.agriculture-machine.com\/wp-content\/uploads\/2023\/11\/rice-whitener.webp\" alt=\"pirin\u00e7 beyazlat\u0131c\u0131\" class=\"wp-image-15128\" srcset=\"https:\/\/www.agriculture-machine.com\/wp-content\/uploads\/2023\/11\/rice-whitener.webp 720w, https:\/\/www.agriculture-machine.com\/wp-content\/uploads\/2023\/11\/rice-whitener-360x270.webp 360w, https:\/\/www.agriculture-machine.com\/wp-content\/uploads\/2023\/11\/rice-whitener-240x180.webp 240w\" sizes=\"auto, (max-width: 720px) 100vw, 720px\" \/><figcaption class=\"wp-element-caption\">pirin\u00e7 beyazlat\u0131c\u0131<\/figcaption><\/figure> <\/figure>    <p>Baz\u0131 standart hatlar\u0131n yan\u0131 s\u0131ra, b\u00fct\u00e7e ve \u00fcr\u00fcn kalitesi gereksinimlerine g\u00f6re se\u00e7ebilece\u011finiz daha geli\u015fmi\u015f y\u00fckseltilmi\u015f uzant\u0131lar da mevcuttur. L\u00fctfen web sitemizi inceleyin ve bizimle ileti\u015fime ge\u00e7mekten \u00e7ekinmeyin!<\/p>","protected":false},"excerpt":{"rendered":"<p>Taizy 25 and 30 Ton\/Day capacity rice paddy milling line is a highly efficient, fully automated set of equipment designed for large-scale rice production. The line integrates multiple processes such as cleaning, hulling, milling, and sieving, and is capable of quickly processing paddy into high-quality rice. Its high throughput and advanced technology ensure production efficiency [&hellip;]<\/p>\n","protected":false},"author":1,"featured_media":15151,"parent":0,"comment_status":"closed","ping_status":"closed","template":"","tags":[796],"product-type":[875,906],"class_list":["post-15120","product","type-product","status-publish","has-post-thumbnail","hentry","tag-rice","product-type-rice-mill-category","product-type-rice-mill-production-line"],"_links":{"self":[{"href":"https:\/\/www.agriculture-machine.com\/tr\/wp-json\/wp\/v2\/product\/15120","targetHints":{"allow":["GET"]}}],"collection":[{"href":"https:\/\/www.agriculture-machine.com\/tr\/wp-json\/wp\/v2\/product"}],"about":[{"href":"https:\/\/www.agriculture-machine.com\/tr\/wp-json\/wp\/v2\/types\/product"}],"author":[{"embeddable":true,"href":"https:\/\/www.agriculture-machine.com\/tr\/wp-json\/wp\/v2\/users\/1"}],"replies":[{"embeddable":true,"href":"https:\/\/www.agriculture-machine.com\/tr\/wp-json\/wp\/v2\/comments?post=15120"}],"wp:featuredmedia":[{"embeddable":true,"href":"https:\/\/www.agriculture-machine.com\/tr\/wp-json\/wp\/v2\/media\/15151"}],"wp:attachment":[{"href":"https:\/\/www.agriculture-machine.com\/tr\/wp-json\/wp\/v2\/media?parent=15120"}],"wp:term":[{"taxonomy":"post_tag","embeddable":true,"href":"https:\/\/www.agriculture-machine.com\/tr\/wp-json\/wp\/v2\/tags?post=15120"},{"taxonomy":"product-type","embeddable":true,"href":"https:\/\/www.agriculture-machine.com\/tr\/wp-json\/wp\/v2\/product-type?post=15120"}],"curies":[{"name":"wp","href":"https:\/\/api.w.org\/{rel}","templated":true}]}}