{"id":15160,"date":"2023-11-16T14:46:25","date_gmt":"2023-11-16T06:46:25","guid":{"rendered":"https:\/\/www.agriculture-machine.com\/?post_type=product&#038;p=15160"},"modified":"2024-08-20T17:43:57","modified_gmt":"2024-08-20T09:43:57","slug":"combined-wheat-rice-harvester","status":"publish","type":"product","link":"https:\/\/www.agriculture-machine.com\/tr\/combined-wheat-rice-harvester\/","title":{"rendered":"Kombine Bu\u011fday Pirin\u00e7 Hasat Makinesi ve Ay\u0131klama Fonksiyonu"},"content":{"rendered":"<p class=\"translation-block\"><strong>Birle\u015fik bu\u011fday-pirin\u00e7 hasat makinesi<\/strong> \u00e7ok fonksiyonlu bir hasat makineleridir. K\u00fc\u00e7\u00fck \u00f6l\u00e7ekli pirin\u00e7 ve bu\u011fday hasad\u0131 i\u00e7in ana olarak uygundur. Bi\u00e7me, de\u011firme, temizleme, elek ve paketlemeyi tek seferde b\u00fct\u00fcnle\u015fik bir i\u015flemde birle\u015ftirir. <\/p>    <p>This machine can control wheat losses to within 3.5% and rice&#8217;s to within only 2%. It is suitable for mountainous regions, hilly terrain, paddy fields, terraced fields, and muddy areas where conventional combine harvesters cannot operate.<\/p>    <figure class=\"wp-block-embed aligncenter is-type-video is-provider-youtube wp-block-embed-youtube wp-embed-aspect-16-9 wp-has-aspect-ratio\"><div class=\"wp-block-embed__wrapper\"> <iframe loading=\"lazy\" title=\"Kombine Pirin\u00e7 Bu\u011fday Hasat ve De\u011ferlendirme Makinesi!#pirin\u00e7 #bu\u011fday\" width=\"500\" height=\"281\" src=\"https:\/\/www.youtube.com\/embed\/5PJ4BnZYd2M?feature=oembed\" frameborder=\"0\" allow=\"accelerometer; autoplay; clipboard-write; encrypted-media; gyroscope; picture-in-picture; web-share\" referrerpolicy=\"strict-origin-when-cross-origin\" allowfullscreen><\/iframe> <\/div><figcaption class=\"wp-element-caption\">Birle\u015fik pirin\u00e7 bu\u011fday hasat makinesi ve de\u011firmeni makinesi<\/figcaption><\/figure>    <p>Bu makine \u00e7ift\u00e7ilere hasat edilen tah\u0131llar\u0131n a\u011f\u0131r i\u015f y\u00fck\u00fcn\u00fc azalt\u0131r. G\u00fc\u00e7l\u00fc uyum, kompakt yap\u0131, g\u00fcvenilir performans, kullan\u0131c\u0131 dostu i\u015fletim ve bak\u0131m kolayl\u0131\u011f\u0131 nedeniyle yurti\u00e7i ve uluslararas\u0131 kullan\u0131c\u0131lar ile distrib\u00fct\u00f6rler aras\u0131nda pop\u00fclerdir.<\/p>    <figure class=\"wp-block-image aligncenter size-full\"><img loading=\"lazy\" decoding=\"async\" width=\"720\" height=\"540\" src=\"https:\/\/www.agriculture-machine.com\/wp-content\/uploads\/2023\/11\/combined-wheat-rice-harvester.webp\" alt=\"birle\u015fik bu\u011fday-pirin\u00e7 hasat makinesi\" class=\"wp-image-15163\" srcset=\"https:\/\/www.agriculture-machine.com\/wp-content\/uploads\/2023\/11\/combined-wheat-rice-harvester.webp 720w, https:\/\/www.agriculture-machine.com\/wp-content\/uploads\/2023\/11\/combined-wheat-rice-harvester-360x270.webp 360w, https:\/\/www.agriculture-machine.com\/wp-content\/uploads\/2023\/11\/combined-wheat-rice-harvester-240x180.webp 240w\" sizes=\"auto, (max-width: 720px) 100vw, 720px\" \/><figcaption class=\"wp-element-caption\">birle\u015fik bu\u011fday-pirin\u00e7 hasat makinesi<\/figcaption><\/figure>    <h2 class=\"wp-block-heading\">\u0130ki tip birle\u015fik bu\u011fday-pirin\u00e7 hasat makinesi<\/h2>    <p>Taizy \u015firketi iki ana tipi hasat makinesi \u00fcretir: \u00fc\u00e7gen izli ve d\u00fcz izli. M\u00fc\u015fteriler arazi topraklar\u0131na ve di\u011fer ko\u015fullara g\u00f6re se\u00e7im yapabilirler. <\/p>    <p>\u00dc\u00e7gen izli yol kuru topraklar ve derin \u00e7amursuz paddy tarlalar\u0131 i\u00e7in uygundur, d\u00fcz izli yol ise daha b\u00fcy\u00fck temas alan\u0131na sahiptir ve derin \u00e7amurlu paddy tarlalar\u0131na daha uygundur. Afrika\u2019ya ihracatta \u00fc\u00e7gen yol i\u015f g\u00f6rebilir, G\u00fcneydo\u011fu Asya i\u00e7in d\u00fcz yol \u00f6nerilir.<\/p>    <figure class=\"wp-block-gallery has-nested-images columns-default is-cropped wp-block-gallery-2 is-layout-flex wp-block-gallery-is-layout-flex\"> <figure class=\"wp-block-image size-large\"><img loading=\"lazy\" decoding=\"async\" width=\"720\" height=\"540\" data-id=\"15164\" src=\"https:\/\/www.agriculture-machine.com\/wp-content\/uploads\/2023\/11\/combine-harvester-for-sale.webp\" alt=\"sat\u0131\u015f i\u00e7in kombin hasat makinesi\" class=\"wp-image-15164\" srcset=\"https:\/\/www.agriculture-machine.com\/wp-content\/uploads\/2023\/11\/combine-harvester-for-sale.webp 720w, https:\/\/www.agriculture-machine.com\/wp-content\/uploads\/2023\/11\/combine-harvester-for-sale-360x270.webp 360w, https:\/\/www.agriculture-machine.com\/wp-content\/uploads\/2023\/11\/combine-harvester-for-sale-240x180.webp 240w\" sizes=\"auto, (max-width: 720px) 100vw, 720px\" \/><figcaption class=\"wp-element-caption\">sat\u0131\u015f i\u00e7in kombin hasat makinesi<\/figcaption><\/figure>    <figure class=\"wp-block-image size-large\"><img loading=\"lazy\" decoding=\"async\" width=\"720\" height=\"540\" data-id=\"15166\" src=\"https:\/\/www.agriculture-machine.com\/wp-content\/uploads\/2023\/11\/crop-harvesting-equipment.webp\" alt=\"bitkisel hasat ekipmanlar\u0131\" class=\"wp-image-15166\" srcset=\"https:\/\/www.agriculture-machine.com\/wp-content\/uploads\/2023\/11\/crop-harvesting-equipment.webp 720w, https:\/\/www.agriculture-machine.com\/wp-content\/uploads\/2023\/11\/crop-harvesting-equipment-360x270.webp 360w, https:\/\/www.agriculture-machine.com\/wp-content\/uploads\/2023\/11\/crop-harvesting-equipment-240x180.webp 240w\" sizes=\"auto, (max-width: 720px) 100vw, 720px\" \/><figcaption class=\"wp-element-caption\">bitkisel hasat ekipmanlar\u0131<\/figcaption><\/figure> <\/figure>    <h2 class=\"wp-block-heading\">Bu\u011fday hasat makinelerinin parametreleri<\/h2>    <p>\u0130stersen d\u00fcz tekerlekli kare teker veya \u00fc\u00e7gen tekerlek, her ikisi de farkl\u0131 arazi senaryolar\u0131 i\u00e7in uygundur. Ancak mevcut teknik parametreler ayn\u0131d\u0131r; a\u015fa\u011f\u0131da pirin\u00e7-bu\u011fday birle\u015fik hasat makinesinin \u00f6nemli teknik verilerinden baz\u0131lar\u0131 bulunmaktad\u0131r.<\/p>    <figure class=\"wp-block-table is-style-stripes\"><table><tbody><tr><td class=\"has-text-align-center\" data-align=\"center\">Boyut (MM)<\/td><td class=\"has-text-align-center\" data-align=\"center\">3100*1440*1630<\/td><\/tr><tr><td class=\"has-text-align-center\" data-align=\"center\">A\u011f\u0131rl\u0131k (KG)<\/td><td class=\"has-text-align-center\" data-align=\"center\">570<\/td><\/tr><tr><td class=\"has-text-align-center\" data-align=\"center\">Kesim geni\u015fli\u011fi (MM)<\/td><td class=\"has-text-align-center\" data-align=\"center\">1100<\/td><\/tr><tr><td class=\"has-text-align-center\" data-align=\"center\">ortalama yerden y\u00fckseklik (MM)<\/td><td class=\"has-text-align-center\" data-align=\"center\">190<\/td><\/tr><tr><td class=\"has-text-align-center\" data-align=\"center\">Ortalama yer bas\u0131nc\u0131 (KPA)<\/td><td class=\"has-text-align-center\" data-align=\"center\">10.9<\/td><\/tr><tr><td class=\"has-text-align-center\" data-align=\"center\">Besleme hacmi (KG\/S)<\/td><td class=\"has-text-align-center\" data-align=\"center\">1.05<\/td><\/tr><tr><td class=\"has-text-align-center\" data-align=\"center\">Vites ge\u00e7i\u015fi<\/td><td class=\"has-text-align-center\" data-align=\"center\">1,2,3,0,-1,-2,-3<\/td><\/tr><tr><td class=\"has-text-align-center\" data-align=\"center\">Motor modeli<\/td><td class=\"has-text-align-center\" data-align=\"center\">KD1100FB D\u0130ZEL<\/td><\/tr><tr><td class=\"has-text-align-center\" data-align=\"center\">De\u011ferlendirilmi\u015f g\u00fc\u00e7 (KW)<\/td><td class=\"has-text-align-center\" data-align=\"center\">11<\/td><\/tr><tr><td class=\"has-text-align-center\" data-align=\"center\">G\u00fc\u00e7\/Devir say\u0131s\u0131<\/td><td class=\"has-text-align-center\" data-align=\"center\">3600<\/td><\/tr><tr><td class=\"has-text-align-center\" data-align=\"center\">Ba\u015flatma y\u00f6ntemi<\/td><td class=\"has-text-align-center\" data-align=\"center\">Elektrik ile \u00e7al\u0131\u015ft\u0131rma<\/td><\/tr><tr><td class=\"has-text-align-center\" data-align=\"center\">Yak\u0131t<\/td><td class=\"has-text-align-center\" data-align=\"center\">Dizel<\/td><\/tr><\/tbody><\/table><figcaption class=\"wp-element-caption\">pirin\u00e7 hasat makinesi ve de\u011ferleyici makine teknik verileri<\/figcaption><\/figure>    <h2 class=\"wp-block-heading\">PirincBu\u011fday kombine hasat makinesi nas\u0131l \u00e7al\u0131\u015f\u0131r?<\/h2>   <div id=\"rank-math-howto\" class=\"rank-math-block\" > <div class=\"rank-math-howto-description\"> <img loading=\"lazy\" decoding=\"async\" width=\"720\" height=\"540\" src=\"https:\/\/www.agriculture-machine.com\/wp-content\/uploads\/2023\/11\/versatile-harvesting-machine.webp\" class=\"attachment-full size-full\" alt=\"\u00e7ok y\u00f6nl\u00fc hasat makinesi\" srcset=\"https:\/\/www.agriculture-machine.com\/wp-content\/uploads\/2023\/11\/versatile-harvesting-machine.webp 720w, https:\/\/www.agriculture-machine.com\/wp-content\/uploads\/2023\/11\/versatile-harvesting-machine-360x270.webp 360w, https:\/\/www.agriculture-machine.com\/wp-content\/uploads\/2023\/11\/versatile-harvesting-machine-240x180.webp 240w\" sizes=\"auto, (max-width: 720px) 100vw, 720px\" \/> <\/div>  <div class=\"rank-math-steps\"> <div id=\"howto-step-1700031329594\" class=\"rank-math-step\"> <h3 class=\"rank-math-step-title\">Hasat etmek<\/h3> <div class=\"rank-math-step-content\"><p>Birle\u015fik bu\u011fday-pirin\u00e7 hasat makinesi, pirin\u00e7 veya bu\u011fday gibi bitkileri b\u0131\u00e7aklar veya kesim tablalar\u0131 kullanarak keser ve hasat eder.<\/p> <\/div> <\/div> <div id=\"howto-step-1700031368960\" class=\"rank-math-step\"> <h3 class=\"rank-math-step-title\">Ta\u015f\u0131ma<\/h3> <div class=\"rank-math-step-content\"><p>Bir konvey\u00f6r band\u0131 veya ba\u015fka bir ta\u015f\u0131ma mekanizmas\u0131 kullan\u0131larak kesilen \u00fcr\u00fcn bir sonraki \u00e7al\u0131\u015fma birimine iletilir.<\/p> <\/div> <\/div> <div id=\"howto-step-1700031383697\" class=\"rank-math-step\"> <h3 class=\"rank-math-step-title\">De\u011firmenleme<\/h3> <div class=\"rank-math-step-content\"><p>\u00dcr\u00fcn, ba\u015fa ba\u011fl\u0131 bir de\u011firmen veya benzeri bir ayg\u0131tla saplardan (pirin\u00e7, bu\u011fday vb.) tohumlar\u0131 ay\u0131ran bir ay\u0131rma mekanizmas\u0131na ge\u00e7er.<\/p> <\/div> <\/div> <div id=\"howto-step-1700031397727\" class=\"rank-math-step\"> <h3 class=\"rank-math-step-title\">Temizleme<\/h3> <div class=\"rank-math-step-content\"><p>Ayr\u0131lan tohumlar temizleme sistemine g\u00f6nderilir; sonunda art\u0131k kirleticiler, saman ve di\u011fer istenmeyen materyaller temizlenir.<\/p> <\/div> <\/div> <div id=\"howto-step-1700031413232\" class=\"rank-math-step\"> <h3 class=\"rank-math-step-title\">Depolama\/Bo\u015falt\u0131m<\/h3> <div class=\"rank-math-step-content\"><p>The cleaned seeds can be stored in the machine&#8217;s grain storage tank or unloaded into the collector using a conveyor belt, etc. The cleaning system is highly automated.<\/p> <\/div> <\/div> <\/div> <\/div>       <figure class=\"wp-block-embed aligncenter is-type-video is-provider-youtube wp-block-embed-youtube wp-embed-aspect-16-9 wp-has-aspect-ratio\"><div class=\"wp-block-embed__wrapper\"> <iframe loading=\"lazy\" title=\"Geli\u015fmi\u015f Teknoloji, Tek Makine! Pirin\u00e7 Bu\u011fday Hasat ve Ay\u0131klama Makinesi \u015ea\u015f\u0131rt\u0131c\u0131 Bir G\u00f6r\u00fcn\u00fcm Sunuyor!\" width=\"500\" height=\"281\" src=\"https:\/\/www.youtube.com\/embed\/-JwfU0i0ZWo?start=1&#038;feature=oembed\" frameborder=\"0\" allow=\"accelerometer; autoplay; clipboard-write; encrypted-media; gyroscope; picture-in-picture; web-share\" referrerpolicy=\"strict-origin-when-cross-origin\" allowfullscreen><\/iframe> <\/div><figcaption class=\"wp-element-caption\">Pirin\u00e7 hasat\u0131 ve hasat makinesinin \u00e7al\u0131\u015fma sahas\u0131<\/figcaption><\/figure>    <h2 class=\"wp-block-heading\">Bu\u011fday pirin\u00e7 paddy kombine hasat makinesinin faydalar\u0131<\/h2>    <ul class=\"wp-block-list\"> <li>Hafif tasar\u0131m, kolay ve \u00e7evik y\u00f6nlendirme sa\u011flar.<\/li>    <li>Y\u00fcksek de\u011firmen teknolojisi tohumlar ile zemin aras\u0131nda temiz ve kapsaml\u0131 bir ayr\u0131m sa\u011flar.<\/li>    <li>\u00dc\u00e7\u00fc biri tambur kullan\u0131lmas\u0131, k\u00fc\u00e7\u00fck y\u00fck, d\u00fc\u015f\u00fck k\u0131r\u0131lma oran\u0131, sadece %5.<\/li>    <li>Ayarlanabilir kesim y\u00fcksekli\u011fi, genelde 12-75 cm.<\/li>    <li>Geni\u015f besleme a\u00e7\u0131kl\u0131\u011f\u0131, hammaddenin birle\u015fik bu\u011fday pirin\u00e7 hasat makinesine sorunsuz bir \u015fekilde aktar\u0131lmas\u0131n\u0131 sa\u011flar, t\u0131kanma yok.<\/li>    <li>Daha geni\u015f y\u00fckseltici konvey\u00f6r\u00fc, bitkilerin iletimini kolayla\u015ft\u0131r\u0131r.<\/li>    <li>Paddy tarlalar\u0131 i\u00e7in \u00f6zel tekerleklerle donat\u0131lm\u0131\u015ft\u0131r, \u00e7amur derinlikleri 30 cm'e kadar i\u015fleyebilir.<\/li> <\/ul>    <figure class=\"wp-block-gallery has-nested-images columns-default is-cropped wp-block-gallery-3 is-layout-flex wp-block-gallery-is-layout-flex\"> <figure class=\"wp-block-image size-large\"><img loading=\"lazy\" decoding=\"async\" width=\"720\" height=\"540\" data-id=\"15168\" src=\"https:\/\/www.agriculture-machine.com\/wp-content\/uploads\/2023\/11\/efficient-harvesting-technology.webp\" alt=\"verimli hasat teknolojisi\" class=\"wp-image-15168\" srcset=\"https:\/\/www.agriculture-machine.com\/wp-content\/uploads\/2023\/11\/efficient-harvesting-technology.webp 720w, https:\/\/www.agriculture-machine.com\/wp-content\/uploads\/2023\/11\/efficient-harvesting-technology-360x270.webp 360w, https:\/\/www.agriculture-machine.com\/wp-content\/uploads\/2023\/11\/efficient-harvesting-technology-240x180.webp 240w\" sizes=\"auto, (max-width: 720px) 100vw, 720px\" \/><figcaption class=\"wp-element-caption\">verimli hasat teknolojisi<\/figcaption><\/figure>    <figure class=\"wp-block-image size-large\"><img loading=\"lazy\" decoding=\"async\" width=\"720\" height=\"540\" data-id=\"15169\" src=\"https:\/\/www.agriculture-machine.com\/wp-content\/uploads\/2023\/11\/rice-wheat-harvester-factory.webp\" alt=\"pirin\u00e7 bu\u011fday hasat makinesi fabrikas\u0131\" class=\"wp-image-15169\" srcset=\"https:\/\/www.agriculture-machine.com\/wp-content\/uploads\/2023\/11\/rice-wheat-harvester-factory.webp 720w, https:\/\/www.agriculture-machine.com\/wp-content\/uploads\/2023\/11\/rice-wheat-harvester-factory-360x270.webp 360w, https:\/\/www.agriculture-machine.com\/wp-content\/uploads\/2023\/11\/rice-wheat-harvester-factory-240x180.webp 240w\" sizes=\"auto, (max-width: 720px) 100vw, 720px\" \/><figcaption class=\"wp-element-caption\">pirin\u00e7 bu\u011fday hasat makinesi fabrikas\u0131<\/figcaption><\/figure> <\/figure>    <h2 class=\"wp-block-heading\">Bu\u011fday-pirin\u00e7 hasat makinesi ba\u015far\u0131l\u0131 vakalar\u0131<\/h2>    <p>Birle\u015fik bu\u011fday-pirin\u00e7 hasat makineleri d\u00fcnya \u00e7ap\u0131nda pek \u00e7ok tar\u0131msal olarak geli\u015fmi\u015f ve tah\u0131l \u00fcreten \u00fclkede geni\u015f \u00f6l\u00e7\u00fcde pop\u00fclerdir. <\/p>    <p>Bir\u00e7ok \u00fclke pirin\u00e7 bu\u011fday vb. geni\u015f alanlar yeti\u015ftirdi\u011fi i\u00e7in bu makine \u00e7ok satan bir \u00fcr\u00fcnd\u00fcr ve daha \u00f6nce Hindistan, Vietnam, Tayland, Fransa, Almanya, Rusya, Amerika Birle\u015fik Devletleri, Kanada, Avustralya, Kenya, Nijerya, Brezilya, Arjantin ve benzeri \u00fclkelere sevk edilmi\u015ftir.<\/p>    <p class=\"translation-block\">A\u015fa\u011f\u0131daki Banglade\u015fli bir m\u00fc\u015fterinin pirin\u00e7-paddy tarlas\u0131yla ilgili canl\u0131 bir g\u00f6sterimidir(<em>\u0130lgili makale: <a href=\"https:\/\/www.agriculture-machine.com\/tr\/wheat-and-rice-harvester-thresher-machine-in-bangladesh\/\"><strong>Banglade\u015f M\u00fc\u015fterisi Taizy Bu\u011fday ve Pirin\u00e7 Hasat Makinesi Sat\u0131n Ald\u0131<\/strong><\/a><\/em>).<\/p>    <figure class=\"wp-block-gallery has-nested-images columns-2 is-cropped wp-block-gallery-4 is-layout-flex wp-block-gallery-is-layout-flex\"> <figure class=\"wp-block-image size-large\"><img loading=\"lazy\" decoding=\"async\" width=\"720\" height=\"540\" data-id=\"15171\" src=\"https:\/\/www.agriculture-machine.com\/wp-content\/uploads\/2023\/11\/wheat-rice-combine-paddy-harvester.webp\" alt=\"bu\u011fday pirin\u00e7 kombine biyotu hasatleyici\" class=\"wp-image-15171\" srcset=\"https:\/\/www.agriculture-machine.com\/wp-content\/uploads\/2023\/11\/wheat-rice-combine-paddy-harvester.webp 720w, https:\/\/www.agriculture-machine.com\/wp-content\/uploads\/2023\/11\/wheat-rice-combine-paddy-harvester-360x270.webp 360w, https:\/\/www.agriculture-machine.com\/wp-content\/uploads\/2023\/11\/wheat-rice-combine-paddy-harvester-240x180.webp 240w\" sizes=\"auto, (max-width: 720px) 100vw, 720px\" \/><figcaption class=\"wp-element-caption\">bu\u011fday pirin\u00e7 kombine biyotu hasatleyici<\/figcaption><\/figure>    <figure class=\"wp-block-image size-large\"><img loading=\"lazy\" decoding=\"async\" width=\"720\" height=\"540\" data-id=\"15170\" src=\"https:\/\/www.agriculture-machine.com\/wp-content\/uploads\/2023\/11\/crop-yield-optimization.webp\" alt=\"\u00fcr\u00fcn verimlili\u011fi optimizasyonu\" class=\"wp-image-15170\" srcset=\"https:\/\/www.agriculture-machine.com\/wp-content\/uploads\/2023\/11\/crop-yield-optimization.webp 720w, https:\/\/www.agriculture-machine.com\/wp-content\/uploads\/2023\/11\/crop-yield-optimization-360x270.webp 360w, https:\/\/www.agriculture-machine.com\/wp-content\/uploads\/2023\/11\/crop-yield-optimization-240x180.webp 240w\" sizes=\"auto, (max-width: 720px) 100vw, 720px\" \/><figcaption class=\"wp-element-caption\">\u00fcr\u00fcn verimlili\u011fi optimizasyonu<\/figcaption><\/figure>    <figure class=\"wp-block-image size-large\"><img loading=\"lazy\" decoding=\"async\" width=\"720\" height=\"540\" data-id=\"15173\" src=\"https:\/\/www.agriculture-machine.com\/wp-content\/uploads\/2023\/11\/wheat-harvesting-and-threshing-machine.webp\" alt=\"Bu\u011fday hasat ve temizleme makinesi \u00e7al\u0131\u015fma alan\u0131\" class=\"wp-image-15173\" srcset=\"https:\/\/www.agriculture-machine.com\/wp-content\/uploads\/2023\/11\/wheat-harvesting-and-threshing-machine.webp 720w, https:\/\/www.agriculture-machine.com\/wp-content\/uploads\/2023\/11\/wheat-harvesting-and-threshing-machine-360x270.webp 360w, https:\/\/www.agriculture-machine.com\/wp-content\/uploads\/2023\/11\/wheat-harvesting-and-threshing-machine-240x180.webp 240w\" sizes=\"auto, (max-width: 720px) 100vw, 720px\" \/><figcaption class=\"wp-element-caption\">Bu\u011fday hasat ve temizleme makinesi \u00e7al\u0131\u015fma alan\u0131<\/figcaption><\/figure>    <figure class=\"wp-block-image size-large\"><img loading=\"lazy\" decoding=\"async\" width=\"720\" height=\"540\" data-id=\"15172\" src=\"https:\/\/www.agriculture-machine.com\/wp-content\/uploads\/2023\/11\/customer-rice-field.webp\" alt=\"m\u00fc\u015fteri pirin\u00e7 tarlas\u0131\" class=\"wp-image-15172\" srcset=\"https:\/\/www.agriculture-machine.com\/wp-content\/uploads\/2023\/11\/customer-rice-field.webp 720w, https:\/\/www.agriculture-machine.com\/wp-content\/uploads\/2023\/11\/customer-rice-field-360x270.webp 360w, https:\/\/www.agriculture-machine.com\/wp-content\/uploads\/2023\/11\/customer-rice-field-240x180.webp 240w\" sizes=\"auto, (max-width: 720px) 100vw, 720px\" \/><figcaption class=\"wp-element-caption\">m\u00fc\u015fteri pirin\u00e7 tarlas\u0131<\/figcaption><\/figure> <\/figure>    <h2 class=\"wp-block-heading\">Hasat makinelerinin kullan\u0131m\u0131 i\u00e7in \u00d6nlemler<\/h2>    <p>Birle\u015fik bu\u011fday-pirin\u00e7 hasat makinesini kullan\u0131rken g\u00fcvenli ve verimli tar\u0131msal hasat i\u00e7in ak\u0131lda tutulmas\u0131 gereken baz\u0131 \u00f6nemli noktalar:<\/p>    <ul class=\"wp-block-list\"> <li><strong>\u0130nceleme ve bak\u0131m:<\/strong> kullan\u0131mdan \u00f6nce, makinenin t\u00fcm s\u00fcr\u00fcc\u00fc sistemlerinin, b\u0131\u00e7aklar\u0131n ve g\u00fcvenlik cihazlar\u0131n\u0131n do\u011fru durumda oldu\u011fundan emin olmak i\u00e7in t\u00fcm par\u00e7alar\u0131 dikkatle inceleyin. Makineyi iyi \u00e7al\u0131\u015fma durumunda tutmak i\u00e7in d\u00fczenli bak\u0131m yap\u0131n.<\/li>    <li><strong>\u00c7al\u0131\u015fma ortam\u0131 denetimi:<\/strong> \u00c7al\u0131\u015fmaya ba\u015flamadan \u00f6nce \u00e7al\u0131\u015fma alan\u0131n\u0131 kontrol edin, olas\u0131 engelleri kald\u0131r\u0131n ve makinenin sallanmas\u0131n\u0131 ve devrilmesini en aza indirmek i\u00e7in d\u00fczg\u00fcn ve sabit bir y\u00fczey sa\u011flay\u0131n.<\/li>    <li><strong>Uyum ve ayarlama:<\/strong> adjust the machine&#8217;s tool height, operating speed, and other parameters according to different crop types and growth stages to ensure optimal harvesting results.<\/li>    <li><strong>Sonunda temizleme:<\/strong> \u0130\u015fin sonunda, bir sonraki operasyonu etkilememesi i\u00e7in makineyi yeterince temizleyin; art\u0131klar\u0131 saplar ve kal\u0131nt\u0131lar temizlenmelidir.<\/li> <\/ul>    <p>Bu birle\u015fik bu\u011fday pirin\u00e7 hasat makinesinin hasat performans\u0131 hakk\u0131nda sorular\u0131n\u0131z varsa, daha fazla video veya ayr\u0131nt\u0131l\u0131 makine fiyatlar\u0131 ve teknik parametreler i\u00e7in sa\u011fdaki formdan do\u011frudan bizimle ileti\u015fime ge\u00e7ebilirsiniz!<\/p>","protected":false},"excerpt":{"rendered":"<p>Kombine bu\u011fday-pirin\u00e7 hasat makinesi hasat, temizleme ve ay\u0131rma i\u015flemlerini tek bir makinede birle\u015ftirir; bu makale nas\u0131l \u00e7al\u0131\u015ft\u0131\u011f\u0131n\u0131 ve kullan\u0131m i\u00e7in baz\u0131 \u00f6nlemleri ayr\u0131nt\u0131l\u0131 olarak g\u00f6sterir, tercih yapman\u0131za olanak sa\u011flar.<\/p>","protected":false},"author":1,"featured_media":15162,"parent":0,"comment_status":"closed","ping_status":"closed","template":"","tags":[796,158],"product-type":[871],"class_list":["post-15160","product","type-product","status-publish","has-post-thumbnail","hentry","tag-rice","tag-wheat","product-type-harvester"],"_links":{"self":[{"href":"https:\/\/www.agriculture-machine.com\/tr\/wp-json\/wp\/v2\/product\/15160","targetHints":{"allow":["GET"]}}],"collection":[{"href":"https:\/\/www.agriculture-machine.com\/tr\/wp-json\/wp\/v2\/product"}],"about":[{"href":"https:\/\/www.agriculture-machine.com\/tr\/wp-json\/wp\/v2\/types\/product"}],"author":[{"embeddable":true,"href":"https:\/\/www.agriculture-machine.com\/tr\/wp-json\/wp\/v2\/users\/1"}],"replies":[{"embeddable":true,"href":"https:\/\/www.agriculture-machine.com\/tr\/wp-json\/wp\/v2\/comments?post=15160"}],"wp:featuredmedia":[{"embeddable":true,"href":"https:\/\/www.agriculture-machine.com\/tr\/wp-json\/wp\/v2\/media\/15162"}],"wp:attachment":[{"href":"https:\/\/www.agriculture-machine.com\/tr\/wp-json\/wp\/v2\/media?parent=15160"}],"wp:term":[{"taxonomy":"post_tag","embeddable":true,"href":"https:\/\/www.agriculture-machine.com\/tr\/wp-json\/wp\/v2\/tags?post=15160"},{"taxonomy":"product-type","embeddable":true,"href":"https:\/\/www.agriculture-machine.com\/tr\/wp-json\/wp\/v2\/product-type?post=15160"}],"curies":[{"name":"wp","href":"https:\/\/api.w.org\/{rel}","templated":true}]}}