{"id":15161,"date":"2023-11-16T15:43:31","date_gmt":"2023-11-16T07:43:31","guid":{"rendered":"https:\/\/www.agriculture-machine.com\/?post_type=product&#038;p=15161"},"modified":"2024-09-18T16:09:44","modified_gmt":"2024-09-18T08:09:44","slug":"grain-threshing-machine","status":"publish","type":"product","link":"https:\/\/www.agriculture-machine.com\/tr\/grain-threshing-machine\/","title":{"rendered":"Pirincin ve bu\u011fday\u0131n tah\u0131l ay\u0131r\u0131c\u0131 makinesi, \u00e7ok \u00fcr\u00fcnl\u00fc ay\u0131r\u0131c\u0131 sat\u0131l\u0131k"},"content":{"rendered":"<p class=\"translation-block\">Pirinc ve Bu\u011fday Tah\u0131l\u0131 <strong><a href=\"https:\/\/www.agriculture-machine.com\/tr\/big-thresher-for-rice-wheat-beans-sorghum-millet\/\">Hasat Makinesi<\/a><\/strong>, pirin\u00e7 ve bu\u011fday gibi tah\u0131llar\u0131n hasad\u0131nda yayg\u0131n olarak kullan\u0131lan \u00f6zel bir tar\u0131m makinesidir. Makine, yerle\u015fik kesme ve hasat mekanizmas\u0131yla hasat edilen tah\u0131l par\u00e7ac\u0131klar\u0131n\u0131 kabuk tabakas\u0131ndan verimli bir \u015fekilde ay\u0131r\u0131r ve temiz tah\u0131l elde eder. <\/p>    <figure class=\"wp-block-image size-full\"><img loading=\"lazy\" decoding=\"async\" width=\"720\" height=\"540\" src=\"https:\/\/www.agriculture-machine.com\/wp-content\/uploads\/2023\/11\/multifunctional-thresher-for-sale.webp\" alt=\"\u00e7ok fonksiyonlu hasat makinesi sat\u0131l\u0131k\" class=\"wp-image-15183\" srcset=\"https:\/\/www.agriculture-machine.com\/wp-content\/uploads\/2023\/11\/multifunctional-thresher-for-sale.webp 720w, https:\/\/www.agriculture-machine.com\/wp-content\/uploads\/2023\/11\/multifunctional-thresher-for-sale-360x270.webp 360w, https:\/\/www.agriculture-machine.com\/wp-content\/uploads\/2023\/11\/multifunctional-thresher-for-sale-240x180.webp 240w\" sizes=\"auto, (max-width: 720px) 100vw, 720px\" \/><figcaption class=\"wp-element-caption\">\u00e7ok fonksiyonlu hasat makinesi sat\u0131l\u0131k<\/figcaption><\/figure>    <p>Bu makine y\u00fcksek \u00fcretim verimlili\u011fine, temiz hasada, k\u0131r\u0131lma olmadan ve d\u00fc\u015f\u00fck kirletici i\u00e7eri\u011fine sahiptir. Bu makine \u00fc\u00e7 t\u00fcr g\u00fcce uyum sa\u011flayabilir: dizel motor, benzinli motor ve elektrik motoru, ihtiya\u00e7lar\u0131n\u0131za g\u00f6re se\u00e7ebilirsiniz.<\/p>    <h2 class=\"wp-block-heading\">Tah\u0131l Hasat Makinesinin Geni\u015f Uygulamalar\u0131<\/h2>    <p class=\"translation-block\">Pirin\u00e7 ve bu\u011fday hasat makinesi, \u00e7e\u015fitli \u00fcr\u00fcnleri hasat etmek i\u00e7in kullan\u0131l\u0131r \u2014<strong>bu\u011fday, pirin\u00e7, soya fasulyesi, kanola, dar\u0131, sorgum, kinoa vb<\/strong>. Tah\u0131l hasat makinesinin ayarlanabilirli\u011fi ve uyarlanabilirli\u011fi, farkl\u0131 t\u00fcr ve boyuttaki \u00e7iftliklere uygun olmas\u0131n\u0131 sa\u011flar.<\/p>    <figure class=\"wp-block-gallery has-nested-images columns-default is-cropped wp-block-gallery-2 is-layout-flex wp-block-gallery-is-layout-flex\"> <figure class=\"wp-block-image size-large\"><img loading=\"lazy\" decoding=\"async\" width=\"405\" height=\"540\" data-id=\"15178\" src=\"https:\/\/www.agriculture-machine.com\/wp-content\/uploads\/2023\/11\/wheat-thresher-applications-405x540.webp\" alt=\"bu\u011fday hasat uygulamalar\u0131\" class=\"wp-image-15178\" srcset=\"https:\/\/www.agriculture-machine.com\/wp-content\/uploads\/2023\/11\/wheat-thresher-applications-405x540.webp 405w, https:\/\/www.agriculture-machine.com\/wp-content\/uploads\/2023\/11\/wheat-thresher-applications-203x270.webp 203w, https:\/\/www.agriculture-machine.com\/wp-content\/uploads\/2023\/11\/wheat-thresher-applications.webp 540w\" sizes=\"auto, (max-width: 405px) 100vw, 405px\" \/><figcaption class=\"wp-element-caption\">bu\u011fday hasat uygulamalar\u0131<\/figcaption><\/figure>    <figure class=\"wp-block-image size-large\"><img loading=\"lazy\" decoding=\"async\" width=\"405\" height=\"540\" data-id=\"15177\" src=\"https:\/\/www.agriculture-machine.com\/wp-content\/uploads\/2023\/11\/rice-thresher-applications-405x540.webp\" alt=\"pirin\u00e7 hasat uygulamalar\u0131\" class=\"wp-image-15177\" srcset=\"https:\/\/www.agriculture-machine.com\/wp-content\/uploads\/2023\/11\/rice-thresher-applications-405x540.webp 405w, https:\/\/www.agriculture-machine.com\/wp-content\/uploads\/2023\/11\/rice-thresher-applications-203x270.webp 203w, https:\/\/www.agriculture-machine.com\/wp-content\/uploads\/2023\/11\/rice-thresher-applications.webp 540w\" sizes=\"auto, (max-width: 405px) 100vw, 405px\" \/><figcaption class=\"wp-element-caption\">pirin\u00e7 hasat uygulamalar\u0131<\/figcaption><\/figure> <\/figure>    <h2 class=\"wp-block-heading\">K\u0131r\u0131c\u0131 Makine Bitmi\u015f \u00dcr\u00fcn G\u00f6sterimi<\/h2>    <p>Bu tah\u0131l hasat makinesinden elde edilen bitmi\u015f \u00fcr\u00fcn \u00e7ok temizdir ve tah\u0131l\u0131n b\u00fct\u00fcnl\u00fc\u011f\u00fcn\u00fc korur, tek tip tah\u0131llar sa\u011flar, b\u00f6ylece \u00fcr\u00fcn kalitesini art\u0131r\u0131r ve tah\u0131l hasat oran\u0131n\u0131 y\u00fckseltir.<\/p>    <figure class=\"wp-block-gallery has-nested-images columns-default is-cropped wp-block-gallery-3 is-layout-flex wp-block-gallery-is-layout-flex\"> <figure class=\"wp-block-image size-large\"><img loading=\"lazy\" decoding=\"async\" width=\"405\" height=\"540\" data-id=\"15179\" src=\"https:\/\/www.agriculture-machine.com\/wp-content\/uploads\/2023\/11\/beans-and-wheat-405x540.webp\" alt=\"fasulye ve bu\u011fday\" class=\"wp-image-15179\" srcset=\"https:\/\/www.agriculture-machine.com\/wp-content\/uploads\/2023\/11\/beans-and-wheat-405x540.webp 405w, https:\/\/www.agriculture-machine.com\/wp-content\/uploads\/2023\/11\/beans-and-wheat-203x270.webp 203w, https:\/\/www.agriculture-machine.com\/wp-content\/uploads\/2023\/11\/beans-and-wheat.webp 540w\" sizes=\"auto, (max-width: 405px) 100vw, 405px\" \/><figcaption class=\"wp-element-caption\">fasulye ve bu\u011fday<\/figcaption><\/figure>    <figure class=\"wp-block-image size-large\"><img loading=\"lazy\" decoding=\"async\" width=\"405\" height=\"540\" data-id=\"15180\" src=\"https:\/\/www.agriculture-machine.com\/wp-content\/uploads\/2023\/11\/paddy-rice-and-millet-405x540.webp\" alt=\"pirin\u00e7 ve dar\u0131\" class=\"wp-image-15180\" srcset=\"https:\/\/www.agriculture-machine.com\/wp-content\/uploads\/2023\/11\/paddy-rice-and-millet-405x540.webp 405w, https:\/\/www.agriculture-machine.com\/wp-content\/uploads\/2023\/11\/paddy-rice-and-millet-203x270.webp 203w, https:\/\/www.agriculture-machine.com\/wp-content\/uploads\/2023\/11\/paddy-rice-and-millet.webp 540w\" sizes=\"auto, (max-width: 405px) 100vw, 405px\" \/><figcaption class=\"wp-element-caption\">pirin\u00e7 ve dar\u0131<\/figcaption><\/figure>    <figure class=\"wp-block-image size-large\"><img loading=\"lazy\" decoding=\"async\" width=\"405\" height=\"540\" data-id=\"15181\" src=\"https:\/\/www.agriculture-machine.com\/wp-content\/uploads\/2023\/11\/sorghum-and-rapeseed-405x540.webp\" alt=\"sorgum ve kanola\" class=\"wp-image-15181\" srcset=\"https:\/\/www.agriculture-machine.com\/wp-content\/uploads\/2023\/11\/sorghum-and-rapeseed-405x540.webp 405w, https:\/\/www.agriculture-machine.com\/wp-content\/uploads\/2023\/11\/sorghum-and-rapeseed-203x270.webp 203w, https:\/\/www.agriculture-machine.com\/wp-content\/uploads\/2023\/11\/sorghum-and-rapeseed.webp 540w\" sizes=\"auto, (max-width: 405px) 100vw, 405px\" \/><figcaption class=\"wp-element-caption\">sorgum ve kanola<\/figcaption><\/figure> <\/figure>    <h2 class=\"wp-block-heading\">Bu\u011fday ve Pirin\u00e7 Hasat Makinesi Ana Yap\u0131s\u0131<\/h2>    <p>Bu tah\u0131l hasat makinesinin yap\u0131s\u0131 \u00e7ok basittir ve esas olarak bir besleme haznesi, \u00e7\u0131k\u0131\u015f, hasat tamburu, elek, \u00fcfleyici, motor vb. i\u00e7erir. Rulmanlar iyi tasarlanm\u0131\u015f ve tekerleklerle kolayca hareket ettirilebilir. Ayr\u0131ca, farkl\u0131 tah\u0131llar i\u00e7in farkl\u0131 boyutlarda elekler mevcuttur.<\/p>    <figure class=\"wp-block-image size-full\"><img loading=\"lazy\" decoding=\"async\" width=\"720\" height=\"540\" src=\"https:\/\/www.agriculture-machine.com\/wp-content\/uploads\/2023\/11\/crop-threshing-machine-structure.webp\" alt=\"\u00fcr\u00fcn hasat makinesi yap\u0131s\u0131\" class=\"wp-image-15182\" srcset=\"https:\/\/www.agriculture-machine.com\/wp-content\/uploads\/2023\/11\/crop-threshing-machine-structure.webp 720w, https:\/\/www.agriculture-machine.com\/wp-content\/uploads\/2023\/11\/crop-threshing-machine-structure-360x270.webp 360w, https:\/\/www.agriculture-machine.com\/wp-content\/uploads\/2023\/11\/crop-threshing-machine-structure-240x180.webp 240w\" sizes=\"auto, (max-width: 720px) 100vw, 720px\" \/><figcaption class=\"wp-element-caption\">\u00fcr\u00fcn hasat makinesi yap\u0131s\u0131<\/figcaption><\/figure>    <h2 class=\"wp-block-heading\">Bu\u011fday Pirin\u00e7 Hasat Makinesi Nas\u0131l \u00c7al\u0131\u015f\u0131r<\/h2>    <p>Pirinc ve bu\u011fday hasat makinesi iki ana a\u015famada \u00e7al\u0131\u015f\u0131r: kesme ve hasat.<\/p>    <ol class=\"wp-block-list\"> <li><strong>Kesme a\u015famas\u0131:<\/strong> Bu a\u015famada, tah\u0131l hasat makinesi, hasat edilen tah\u0131l\u0131n saplar\u0131n\u0131 keser (\u00f6rne\u011fin pirin\u00e7 veya bu\u011fday). Bu kesme i\u015flemi, t\u00fcm bitkinin k\u00f6klerden ayr\u0131lmas\u0131na yard\u0131mc\u0131 olur ve sonraki hasat i\u00e7in haz\u0131rl\u0131k sa\u011flar.<\/li>    <li><strong>Hasat a\u015famas\u0131:<\/strong> Kesilen bitki, hasat makinesinin hasat b\u00f6l\u00fcm\u00fcnden ge\u00e7er. Bu b\u00f6l\u00fcmde, makine genellikle di\u015fli veya oluklu di\u015flere sahip bir silindir veya rulo i\u00e7erir ve bir k\u00fcrek veya kaz\u0131y\u0131c\u0131 ile e\u015fle\u015ftirilmi\u015ftir. Bitki bu b\u00f6l\u00fcmlerden ge\u00e7erken, tah\u0131l mekanik kuvvetlere maruz kal\u0131r ve sap ve kabuklardan ayr\u0131l\u0131r. Bu sayede, makine tah\u0131l\u0131n yenilebilir k\u0131sm\u0131 (\u00e7ekirdekler) ile yenilemez k\u0131sm\u0131 (kabuklar ve saplar) verimli bir \u015fekilde ay\u0131rabilir.<\/li> <\/ol>    <figure class=\"wp-block-gallery has-nested-images columns-default is-cropped wp-block-gallery-4 is-layout-flex wp-block-gallery-is-layout-flex\"> <figure class=\"wp-block-image size-large\"><img loading=\"lazy\" decoding=\"async\" width=\"720\" height=\"540\" data-id=\"15185\" src=\"https:\/\/www.agriculture-machine.com\/wp-content\/uploads\/2023\/11\/wheat-rice-threshing-machine.webp\" alt=\"bu\u011fday pirin\u00e7 hasat makinesi\" class=\"wp-image-15185\" srcset=\"https:\/\/www.agriculture-machine.com\/wp-content\/uploads\/2023\/11\/wheat-rice-threshing-machine.webp 720w, https:\/\/www.agriculture-machine.com\/wp-content\/uploads\/2023\/11\/wheat-rice-threshing-machine-360x270.webp 360w, https:\/\/www.agriculture-machine.com\/wp-content\/uploads\/2023\/11\/wheat-rice-threshing-machine-240x180.webp 240w\" sizes=\"auto, (max-width: 720px) 100vw, 720px\" \/><figcaption class=\"wp-element-caption\">bu\u011fday pirin\u00e7 hasat makinesi<\/figcaption><\/figure>    <figure class=\"wp-block-image size-large\"><img loading=\"lazy\" decoding=\"async\" width=\"720\" height=\"540\" data-id=\"15184\" src=\"https:\/\/www.agriculture-machine.com\/wp-content\/uploads\/2023\/11\/crop-threshing-equipment.webp\" alt=\"\u00fcr\u00fcn hasat ekipman\u0131\" class=\"wp-image-15184\" srcset=\"https:\/\/www.agriculture-machine.com\/wp-content\/uploads\/2023\/11\/crop-threshing-equipment.webp 720w, https:\/\/www.agriculture-machine.com\/wp-content\/uploads\/2023\/11\/crop-threshing-equipment-360x270.webp 360w, https:\/\/www.agriculture-machine.com\/wp-content\/uploads\/2023\/11\/crop-threshing-equipment-240x180.webp 240w\" sizes=\"auto, (max-width: 720px) 100vw, 720px\" \/><figcaption class=\"wp-element-caption\">\u00fcr\u00fcn hasat ekipman\u0131<\/figcaption><\/figure> <\/figure>    <h2 class=\"wp-block-heading\">Paddy pirin\u00e7 hasat makinesinin faydalar\u0131<\/h2>    <ol class=\"wp-block-list\"> <li>Basit yap\u0131, kullan\u0131m\u0131 kolay ve bak\u0131m kolayd\u0131r.<\/li>    <li>The threshing rate is as high as 98%, and the final kernels are very clean.<\/li>    <li>Y\u00fcksek uyarlanabilirlik, pirin\u00e7, bu\u011fday, sorgum, dar\u0131, fasulye ve di\u011fer \u00fcr\u00fcnleri i\u015fleyebilir.<\/li>    <li>ayarlanabilir parametrelerle, \u00e7ift\u00e7iler tah\u0131l tipi ve nem gibi fakt\u00f6rlere g\u00f6re ayarlama yapabilir ve en iyi hasat sonu\u00e7lar\u0131n\u0131 elde edebilirler.<\/li> <\/ol>    <figure class=\"wp-block-gallery has-nested-images columns-default is-cropped wp-block-gallery-5 is-layout-flex wp-block-gallery-is-layout-flex\"> <figure class=\"wp-block-image size-large\"><img loading=\"lazy\" decoding=\"async\" width=\"720\" height=\"540\" data-id=\"15186\" src=\"https:\/\/www.agriculture-machine.com\/wp-content\/uploads\/2023\/11\/efficient-crop-processing-machine.webp\" alt=\"verimli \u00fcr\u00fcn i\u015fleme makinesi\" class=\"wp-image-15186\" srcset=\"https:\/\/www.agriculture-machine.com\/wp-content\/uploads\/2023\/11\/efficient-crop-processing-machine.webp 720w, https:\/\/www.agriculture-machine.com\/wp-content\/uploads\/2023\/11\/efficient-crop-processing-machine-360x270.webp 360w, https:\/\/www.agriculture-machine.com\/wp-content\/uploads\/2023\/11\/efficient-crop-processing-machine-240x180.webp 240w\" sizes=\"auto, (max-width: 720px) 100vw, 720px\" \/><figcaption class=\"wp-element-caption\">verimli \u00fcr\u00fcn i\u015fleme makinesi<\/figcaption><\/figure>    <figure class=\"wp-block-image size-large\"><img loading=\"lazy\" decoding=\"async\" width=\"720\" height=\"540\" data-id=\"15187\" src=\"https:\/\/www.agriculture-machine.com\/wp-content\/uploads\/2023\/11\/grain-threshing-machine-for-sale.webp\" alt=\"Tah\u0131l hasat makinesi sat\u0131l\u0131k\" class=\"wp-image-15187\" srcset=\"https:\/\/www.agriculture-machine.com\/wp-content\/uploads\/2023\/11\/grain-threshing-machine-for-sale.webp 720w, https:\/\/www.agriculture-machine.com\/wp-content\/uploads\/2023\/11\/grain-threshing-machine-for-sale-360x270.webp 360w, https:\/\/www.agriculture-machine.com\/wp-content\/uploads\/2023\/11\/grain-threshing-machine-for-sale-240x180.webp 240w\" sizes=\"auto, (max-width: 720px) 100vw, 720px\" \/><figcaption class=\"wp-element-caption\">Tah\u0131l hasat makinesi sat\u0131l\u0131k<\/figcaption><\/figure> <\/figure>    <p>Geleneksel manuel hasat y\u00f6ntemi verimsiz ve tah\u0131l kayb\u0131na e\u011filimlidir. \u00c7ok fonksiyonlu hasat makinesinin tan\u0131t\u0131m\u0131yla, ayn\u0131 zamanda daha fazla hasat yap\u0131labilir ve yiyecek israf\u0131 da azalt\u0131l\u0131r.<\/p>    <p>\u00c7ok ama\u00e7l\u0131 tah\u0131l hasat makinesi, \u00f6zellikle Asya, Afrika ve Latin Amerika gibi tar\u0131m\u0131n egemen oldu\u011fu bir\u00e7ok \u00fclkede yayg\u0131n olarak kullan\u0131lmakta ve Kenya, Nijerya, Hindistan, Endonezya, Amerika Birle\u015fik Devletleri, Rusya, Banglade\u015f, Avustralya ve di\u011fer \u00fclkelere sevk edilmi\u015ftir.<\/p>    <h2 class=\"wp-block-heading\">Paddy Hasat Makinesi Parametreleri<\/h2>    <ul class=\"wp-block-list\"> <li><strong>Model:<\/strong> 5TYC1-90<\/li>    <li><strong>G\u00fc\u00e7:<\/strong>170F benzinli motor, Dia 70cm kay\u0131\u015f tekerle\u011fi, nominal h\u0131z 3600 rpm<\/li>    <li><strong>Kapasite:<\/strong> 600-800kg\/h<\/li>    <li><strong>Hasat silindiri:<\/strong> \u00c7ap 360*Uzunluk 900mm <\/li>    <li><strong>Elek boyutu:<\/strong> 870*610mm<\/li>    <li><strong>A\u011f\u0131rl\u0131k:<\/strong> Motor olmadan 90kg<\/li>    <li><strong>Genel boyut:<\/strong>1640*1640*1280mm<\/li>    <li>24 adet\/20GP, 66 adet\/40HQ<\/li> <\/ul>    <p>Bu, \u00fcr\u00fcn i\u015fleme i\u00e7in halka a\u00e7\u0131k olan pop\u00fcler bir modeldir, ayr\u0131ca ba\u015fka modellerimiz de mevcuttur, l\u00fctfen daha fazla tah\u0131l hasat makinesi modeli ve ilgili bilgiler i\u00e7in bizimle ileti\u015fime ge\u00e7mekten \u00e7ekinmeyin.<\/p>","protected":false},"excerpt":{"rendered":"<p>Rice and Wheat Grain Threshing Machine is a specialized agricultural machine widely used in the threshing process of grains such as rice and wheat. The machine efficiently separates the harvested grain particles from the husk layer through the built-in cutting and threshing mechanism to obtain clean grains. This machine has high production efficiency, clean threshing, [&hellip;]<\/p>\n","protected":false},"author":1,"featured_media":16131,"parent":0,"comment_status":"closed","ping_status":"closed","template":"","tags":[2614],"product-type":[872],"class_list":["post-15161","product","type-product","status-publish","has-post-thumbnail","hentry","tag-thresher","product-type-thresher-sheller"],"_links":{"self":[{"href":"https:\/\/www.agriculture-machine.com\/tr\/wp-json\/wp\/v2\/product\/15161","targetHints":{"allow":["GET"]}}],"collection":[{"href":"https:\/\/www.agriculture-machine.com\/tr\/wp-json\/wp\/v2\/product"}],"about":[{"href":"https:\/\/www.agriculture-machine.com\/tr\/wp-json\/wp\/v2\/types\/product"}],"author":[{"embeddable":true,"href":"https:\/\/www.agriculture-machine.com\/tr\/wp-json\/wp\/v2\/users\/1"}],"replies":[{"embeddable":true,"href":"https:\/\/www.agriculture-machine.com\/tr\/wp-json\/wp\/v2\/comments?post=15161"}],"wp:featuredmedia":[{"embeddable":true,"href":"https:\/\/www.agriculture-machine.com\/tr\/wp-json\/wp\/v2\/media\/16131"}],"wp:attachment":[{"href":"https:\/\/www.agriculture-machine.com\/tr\/wp-json\/wp\/v2\/media?parent=15161"}],"wp:term":[{"taxonomy":"post_tag","embeddable":true,"href":"https:\/\/www.agriculture-machine.com\/tr\/wp-json\/wp\/v2\/tags?post=15161"},{"taxonomy":"product-type","embeddable":true,"href":"https:\/\/www.agriculture-machine.com\/tr\/wp-json\/wp\/v2\/product-type?post=15161"}],"curies":[{"name":"wp","href":"https:\/\/api.w.org\/{rel}","templated":true}]}}