{"id":15188,"date":"2023-11-17T10:22:59","date_gmt":"2023-11-17T02:22:59","guid":{"rendered":"https:\/\/www.agriculture-machine.com\/?post_type=product&#038;p=15188"},"modified":"2024-09-18T15:42:35","modified_gmt":"2024-09-18T07:42:35","slug":"rice-mill-production-line","status":"publish","type":"product","link":"https:\/\/www.agriculture-machine.com\/tr\/rice-mill-production-line\/","title":{"rendered":"15TPD Pirin\u00e7 \u0130\u015fleme Hatt\u0131 ve Parlat\u0131c\u0131 ile Beyaz Pirin\u00e7 S\u0131n\u0131fland\u0131r\u0131c\u0131"},"content":{"rendered":"<p class=\"translation-block\">Bu pirin\u00e7 de\u011firmen \u00fcretim hatt\u0131, ana g\u00f6revi taneleri kabu\u011fundan ay\u0131rmak, soymak ve \u00f6\u011f\u00fctmek olan <strong><a href=\"https:\/\/www.agriculture-machine.com\/tr\/rice-mill-plant\/\">standart 15TPD pirin\u00e7 de\u011firmen \u00fcnitesi<\/a><\/strong> ile ba\u015flar, bu da onlar\u0131 normal beyaz pirince d\u00f6n\u00fc\u015ft\u00fcr\u00fcr.<\/p>    <p>Sonra, parlatma makinesi devreye girer, beyaz pirincin y\u00fczeyinden d\u0131\u015f kabu\u011fun bir katman\u0131n\u0131 s\u00fcrt\u00fcnme yoluyla kald\u0131r\u0131r, taneleri daha p\u00fcr\u00fczs\u00fcz hale getirir ve genel g\u00f6r\u00fcn\u00fcm ve tad\u0131 art\u0131r\u0131r.<\/p>    <p>Daha sonra, beyaz pirin\u00e7 s\u0131n\u0131fland\u0131rma makinesi, tanelerin boyut ve \u015fekline g\u00f6re pirinci hassas bir \u015fekilde s\u0131n\u0131fland\u0131r\u0131r. Bu, \u00fcr\u00fcn tutarl\u0131l\u0131\u011f\u0131n\u0131 ve kalitesini korumaya yard\u0131mc\u0131 olur, her torban\u0131n uniform kaliteye sahip olmas\u0131n\u0131 ve piyasa talebini kar\u015f\u0131lamas\u0131n\u0131 sa\u011flar.<\/p>    <figure class=\"wp-block-image size-full\"><img loading=\"lazy\" decoding=\"async\" width=\"720\" height=\"540\" src=\"https:\/\/www.agriculture-machine.com\/wp-content\/uploads\/2023\/11\/15TPD-rice-milling-plant.webp\" alt=\"15TPD pirin\u00e7 de\u011firmen tesisi\" class=\"wp-image-15192\" srcset=\"https:\/\/www.agriculture-machine.com\/wp-content\/uploads\/2023\/11\/15TPD-rice-milling-plant.webp 720w, https:\/\/www.agriculture-machine.com\/wp-content\/uploads\/2023\/11\/15TPD-rice-milling-plant-360x270.webp 360w, https:\/\/www.agriculture-machine.com\/wp-content\/uploads\/2023\/11\/15TPD-rice-milling-plant-240x180.webp 240w\" sizes=\"auto, (max-width: 720px) 100vw, 720px\" \/><figcaption class=\"wp-element-caption\">15TPD pirin\u00e7 de\u011firmen tesisi<\/figcaption><\/figure>    <h2 class=\"wp-block-heading\">Pirincin De\u011firmen \u00dcretim Hatt\u0131 Ana Yap\u0131s\u0131<\/h2>    <figure class=\"wp-block-image size-full\"><img loading=\"lazy\" decoding=\"async\" width=\"720\" height=\"540\" src=\"https:\/\/www.agriculture-machine.com\/wp-content\/uploads\/2023\/11\/rice-mill-production-line-structure.webp\" alt=\"pirin\u00e7 de\u011firmen \u00fcretim hatt\u0131 yap\u0131s\u0131\" class=\"wp-image-15194\" srcset=\"https:\/\/www.agriculture-machine.com\/wp-content\/uploads\/2023\/11\/rice-mill-production-line-structure.webp 720w, https:\/\/www.agriculture-machine.com\/wp-content\/uploads\/2023\/11\/rice-mill-production-line-structure-360x270.webp 360w, https:\/\/www.agriculture-machine.com\/wp-content\/uploads\/2023\/11\/rice-mill-production-line-structure-240x180.webp 240w\" sizes=\"auto, (max-width: 720px) 100vw, 720px\" \/><figcaption class=\"wp-element-caption\">pirin\u00e7 de\u011firmen \u00fcretim hatt\u0131 yap\u0131s\u0131<\/figcaption><\/figure>    <h2 class=\"wp-block-heading\">Pirincin Parlatma Makinesi Prensibi<\/h2>    <ul class=\"wp-block-list\"> <li>Bu ekipman, esasen hafif s\u00fcrt\u00fcnme yoluyla, kabuk tozunun temizlenmesini sa\u011flayarak, beyaz pirincin y\u00fczeyinde yap\u0131\u015fmay\u0131 \u00f6nler, b\u00f6ylece pirincin temizli\u011fi, g\u00f6r\u00fcn\u00fcm\u00fcn\u00fc ve rengini iyile\u015ftirir, ayr\u0131ca pirin\u00e7 depolama ve pirin\u00e7 kepe\u011fi geri kazan\u0131m\u0131 i\u00e7in de uygundur, ayr\u0131ca sonraki beyaz pirin\u00e7 s\u0131n\u0131fland\u0131rma ekipmanlar\u0131n\u0131n \u00e7al\u0131\u015fma y\u00fczeyinin t\u0131kanmas\u0131n\u0131 \u00f6nler, s\u0131n\u0131fland\u0131rma etkisini sa\u011flar.<\/li>    <li>Rub rice process, because the white rice grain strength is low, so it should be slow and not strong, to prevent producing too much broken rice. The white rice out of the machine after rubbing the rice, produce the broken rice can&#8217;t be more than 1%, contain chaff quantity can&#8217;t be more than 0.1%.<\/li> <\/ul>    <figure class=\"wp-block-gallery has-nested-images columns-default is-cropped wp-block-gallery-2 is-layout-flex wp-block-gallery-is-layout-flex\"> <figure class=\"wp-block-image size-large\"><img loading=\"lazy\" decoding=\"async\" width=\"720\" height=\"540\" data-id=\"15196\" src=\"https:\/\/www.agriculture-machine.com\/wp-content\/uploads\/2023\/11\/rice-milling-machines.webp\" alt=\"pirin\u00e7 de\u011firmen makineleri\" class=\"wp-image-15196\" srcset=\"https:\/\/www.agriculture-machine.com\/wp-content\/uploads\/2023\/11\/rice-milling-machines.webp 720w, https:\/\/www.agriculture-machine.com\/wp-content\/uploads\/2023\/11\/rice-milling-machines-360x270.webp 360w, https:\/\/www.agriculture-machine.com\/wp-content\/uploads\/2023\/11\/rice-milling-machines-240x180.webp 240w\" sizes=\"auto, (max-width: 720px) 100vw, 720px\" \/><figcaption class=\"wp-element-caption\">pirin\u00e7 de\u011firmen makineleri<\/figcaption><\/figure>    <figure class=\"wp-block-image size-large\"><img loading=\"lazy\" decoding=\"async\" width=\"720\" height=\"540\" data-id=\"15195\" src=\"https:\/\/www.agriculture-machine.com\/wp-content\/uploads\/2023\/11\/complete-rice-milling-production-line.webp\" alt=\"Tam pirin\u00e7 de\u011firmen \u00fcretim hatt\u0131\" class=\"wp-image-15195\" srcset=\"https:\/\/www.agriculture-machine.com\/wp-content\/uploads\/2023\/11\/complete-rice-milling-production-line.webp 720w, https:\/\/www.agriculture-machine.com\/wp-content\/uploads\/2023\/11\/complete-rice-milling-production-line-360x270.webp 360w, https:\/\/www.agriculture-machine.com\/wp-content\/uploads\/2023\/11\/complete-rice-milling-production-line-240x180.webp 240w\" sizes=\"auto, (max-width: 720px) 100vw, 720px\" \/><figcaption class=\"wp-element-caption\">Tam pirin\u00e7 de\u011firmen \u00fcretim hatt\u0131<\/figcaption><\/figure> <\/figure>    <h2 class=\"wp-block-heading\">Beyaz Pirin\u00e7 S\u0131n\u0131fland\u0131r\u0131c\u0131s\u0131n\u0131n Rol\u00fc<\/h2>    <ul class=\"wp-block-list\"> <li>D\u00fcnyadaki \u00fclkeler, k\u0131r\u0131k pirinci pirin\u00e7 kalitesini ay\u0131rt etmek i\u00e7in \u00f6nemli bir g\u00f6sterge olarak kullan\u0131r. Bu nedenle, beyaz pirin\u00e7 s\u0131n\u0131fland\u0131rmas\u0131, pirin\u00e7 kalitesinin uluslararas\u0131 \u00f6zel gereksinimlerine uyum sa\u011flamak amac\u0131yla yap\u0131l\u0131r (genellikle k\u0131r\u0131k pirin\u00e7 oran\u0131na g\u00f6re s\u0131n\u0131fland\u0131r\u0131l\u0131r ve bir s\u00fcre\u00e7 kurulur). <\/li>    <li>Ayn\u0131 hassasiyette olan pirin\u00e7ler, k\u0131r\u0131k pir\u00e7in farkl\u0131l\u0131\u011f\u0131 nedeniyle b\u00fcy\u00fck fiyat farklar\u0131na sahip olabilir. Daha az k\u0131r\u0131k pirin\u00e7 i\u00e7erenler, daha y\u00fcksek fiyatlara sahip olur ve buharla\u015ft\u0131r\u0131lm\u0131\u015f pirincin kalitesi de \u00e7ok daha iyidir, bu y\u00fczden pirin\u00e7 de\u011firmen \u00fcretim hatt\u0131nda k\u0131r\u0131k pirin\u00e7 oran\u0131n\u0131 azaltmaya \u00e7al\u0131\u015f\u0131n.<\/li>    <li>Kullan\u0131lan Beyaz Pirin\u00e7 S\u0131n\u0131fland\u0131rma ekipmanlar\u0131: d\u00fcz d\u00f6ner elek, tambur se\u00e7ici ve benzeri. Beyaz pirin\u00e7 s\u0131n\u0131fland\u0131rma elek i\u015flemiyle, k\u00fc\u00e7\u00fck k\u0131r\u0131k pirin\u00e7, b\u00fcy\u00fck k\u0131r\u0131k pirin\u00e7 ve bitmi\u015f pirin\u00e7 olarak ayr\u0131l\u0131r ve ard\u0131ndan gereken s\u0131n\u0131f standard\u0131na g\u00f6re i\u015flenir.<\/li> <\/ul>    <figure class=\"wp-block-gallery has-nested-images columns-default is-cropped wp-block-gallery-3 is-layout-flex wp-block-gallery-is-layout-flex\"> <figure class=\"wp-block-image size-large\"><img loading=\"lazy\" decoding=\"async\" width=\"720\" height=\"540\" data-id=\"15198\" src=\"https:\/\/www.agriculture-machine.com\/wp-content\/uploads\/2023\/11\/rice-milling-machine-manufacturer.webp\" alt=\"pirin\u00e7 de\u011firmen makinesi \u00fcreticisi\" class=\"wp-image-15198\" srcset=\"https:\/\/www.agriculture-machine.com\/wp-content\/uploads\/2023\/11\/rice-milling-machine-manufacturer.webp 720w, https:\/\/www.agriculture-machine.com\/wp-content\/uploads\/2023\/11\/rice-milling-machine-manufacturer-360x270.webp 360w, https:\/\/www.agriculture-machine.com\/wp-content\/uploads\/2023\/11\/rice-milling-machine-manufacturer-240x180.webp 240w\" sizes=\"auto, (max-width: 720px) 100vw, 720px\" \/><figcaption class=\"wp-element-caption\">pirin\u00e7 de\u011firmen makinesi \u00fcreticisi<\/figcaption><\/figure>    <figure class=\"wp-block-image size-large\"><img loading=\"lazy\" decoding=\"async\" width=\"720\" height=\"540\" data-id=\"15197\" src=\"https:\/\/www.agriculture-machine.com\/wp-content\/uploads\/2023\/11\/integrated-rice-processing-line.webp\" alt=\"entegre pirin\u00e7 i\u015fleme hatt\u0131\" class=\"wp-image-15197\" srcset=\"https:\/\/www.agriculture-machine.com\/wp-content\/uploads\/2023\/11\/integrated-rice-processing-line.webp 720w, https:\/\/www.agriculture-machine.com\/wp-content\/uploads\/2023\/11\/integrated-rice-processing-line-360x270.webp 360w, https:\/\/www.agriculture-machine.com\/wp-content\/uploads\/2023\/11\/integrated-rice-processing-line-240x180.webp 240w\" sizes=\"auto, (max-width: 720px) 100vw, 720px\" \/><figcaption class=\"wp-element-caption\">entegre pirin\u00e7 i\u015fleme hatt\u0131<\/figcaption><\/figure> <\/figure>    <h2 class=\"wp-block-heading\">Pirincin \u0130\u015flenme \u0130\u015f Ak\u0131\u015f\u0131 <\/h2>   <div id=\"rank-math-howto\" class=\"rank-math-block\" > <div class=\"rank-math-howto-description\"> <img loading=\"lazy\" decoding=\"async\" width=\"720\" height=\"540\" src=\"https:\/\/www.agriculture-machine.com\/wp-content\/uploads\/2023\/11\/complete-rice-milling-plant.webp\" class=\"attachment-full size-full\" alt=\"Tam pirin\u00e7 de\u011firmen tesisi\" srcset=\"https:\/\/www.agriculture-machine.com\/wp-content\/uploads\/2023\/11\/complete-rice-milling-plant.webp 720w, https:\/\/www.agriculture-machine.com\/wp-content\/uploads\/2023\/11\/complete-rice-milling-plant-360x270.webp 360w, https:\/\/www.agriculture-machine.com\/wp-content\/uploads\/2023\/11\/complete-rice-milling-plant-240x180.webp 240w\" sizes=\"auto, (max-width: 720px) 100vw, 720px\" \/> <p>Geli\u015fmi\u015f otomatik kontrol sistemi, t\u00fcm pirin\u00e7 de\u011firmen \u00fcretim hatt\u0131n\u0131 y\u00f6netir. Bu, sadece \u00fcretim verimlili\u011fini art\u0131rmakla kalmaz, ayn\u0131 zamanda her ad\u0131m\u0131n hassas kontrol\u00fcn\u00fc sa\u011flar.<\/p>  <\/div>  <div class=\"rank-math-steps\"> <div id=\"howto-step-1700124463914\" class=\"rank-math-step\"> <h3 class=\"rank-math-step-title\">1. Standart Pirin\u00e7 \u00d6\u011f\u00fctme \u00dcnitesi<\/h3> <div class=\"rank-math-step-content\"><p>Bu ekipman seti, t\u00fcm pirin\u00e7 de\u011firmen \u00fcretim hatt\u0131n\u0131n \u00e7ekirde\u011fidir, kabuk ay\u0131rma, soyma ve \u00f6\u011f\u00fctme i\u015flemlerini entegre eder, taneleri verimli bir \u015fekilde yenilebilir beyaz pirince d\u00f6n\u00fc\u015ft\u00fcrebilir.<\/p> <\/div> <\/div> <div id=\"howto-step-1700124513712\" class=\"rank-math-step\"> <h3 class=\"rank-math-step-title\">2. Pirin\u00e7 Parlat\u0131c\u0131<\/h3> <div class=\"rank-math-step-content\"><p>Geli\u015fmi\u015f y\u00fczey i\u015fleme teknolojisi kullan\u0131larak, bu makine beyaz pirincin d\u0131\u015f y\u00fczeyini s\u00fcrt\u00fcnme ile kald\u0131r\u0131r, taneleri daha p\u00fcr\u00fczs\u00fcz hale getirir. Bu ad\u0131m, sadece pirincin g\u00f6r\u00fcn\u00fcm\u00fcn\u00fc art\u0131rmakla kalmaz, ayn\u0131 zamanda tad\u0131n\u0131 da geli\u015ftirir ve y\u00fcksek kaliteli pazar i\u00e7in daha fazla se\u00e7enek sunar.<\/p> <\/div> <\/div> <div id=\"howto-step-1700124538104\" class=\"rank-math-step\"> <h3 class=\"rank-math-step-title\">3. Beyaz Pirin\u00e7 S\u0131n\u0131fland\u0131r\u0131c\u0131 <\/h3> <div class=\"rank-math-step-content\"><p>Bu alanda, pirinci \u00fc\u00e7 seviyeye ay\u0131ran iki katl\u0131 elekler bulunur: sa\u011flam b\u00fcy\u00fck taneler, sa\u011flam k\u00fc\u00e7\u00fck taneler ve k\u0131r\u0131k pirin\u00e7. Bu, pirinci boyut ve \u015fekline g\u00f6re s\u0131n\u0131fland\u0131rmam\u0131za olanak tan\u0131r, b\u00f6ylece her pirin\u00e7 torbas\u0131n\u0131n uniform kaliteye sahip olmas\u0131n\u0131 sa\u011flar.<\/p> <\/div> <\/div> <\/div> <\/div>       <h2 class=\"wp-block-heading\">Pirin\u00e7 \u00d6\u011f\u00fctme Tesisi Kurulumu<\/h2>    <figure class=\"wp-block-gallery has-nested-images columns-default is-cropped wp-block-gallery-4 is-layout-flex wp-block-gallery-is-layout-flex\"> <figure class=\"wp-block-image size-large\"><img loading=\"lazy\" decoding=\"async\" width=\"720\" height=\"540\" data-id=\"15200\" src=\"https:\/\/www.agriculture-machine.com\/wp-content\/uploads\/2023\/11\/rice-mill-plant-installation-drawing.webp\" alt=\"pirin\u00e7 de\u011firmen tesisi montaj \u00e7izimi\" class=\"wp-image-15200\" srcset=\"https:\/\/www.agriculture-machine.com\/wp-content\/uploads\/2023\/11\/rice-mill-plant-installation-drawing.webp 720w, https:\/\/www.agriculture-machine.com\/wp-content\/uploads\/2023\/11\/rice-mill-plant-installation-drawing-360x270.webp 360w, https:\/\/www.agriculture-machine.com\/wp-content\/uploads\/2023\/11\/rice-mill-plant-installation-drawing-240x180.webp 240w\" sizes=\"auto, (max-width: 720px) 100vw, 720px\" \/><figcaption class=\"wp-element-caption\">pirin\u00e7 de\u011firmen tesisi montaj \u00e7izimi<\/figcaption><\/figure>    <figure class=\"wp-block-image size-large\"><img loading=\"lazy\" decoding=\"async\" width=\"720\" height=\"540\" data-id=\"15201\" src=\"https:\/\/www.agriculture-machine.com\/wp-content\/uploads\/2023\/11\/rice-mill-production-line-drawing.webp\" alt=\"pirin\u00e7 de\u011firmen \u00fcretim hatt\u0131 \u00e7izimi\" class=\"wp-image-15201\" srcset=\"https:\/\/www.agriculture-machine.com\/wp-content\/uploads\/2023\/11\/rice-mill-production-line-drawing.webp 720w, https:\/\/www.agriculture-machine.com\/wp-content\/uploads\/2023\/11\/rice-mill-production-line-drawing-360x270.webp 360w, https:\/\/www.agriculture-machine.com\/wp-content\/uploads\/2023\/11\/rice-mill-production-line-drawing-240x180.webp 240w\" sizes=\"auto, (max-width: 720px) 100vw, 720px\" \/><figcaption class=\"wp-element-caption\">pirin\u00e7 de\u011firmen \u00fcretim hatt\u0131 \u00e7izimi<\/figcaption><\/figure> <\/figure>    <h2 class=\"wp-block-heading\">Taizy Fabrika Makineleri Sergisi<\/h2>    <p>Pirincimiz \u00fcretim hatt\u0131 makine sergimizi ziyaret etmeye ho\u015f geldiniz, fabrikam\u0131zda verimli, geli\u015fmi\u015f pirin\u00e7 i\u015fleme ekipmanlar\u0131n\u0131n sergisi.<\/p>    <figure class=\"wp-block-gallery has-nested-images columns-default is-cropped wp-block-gallery-5 is-layout-flex wp-block-gallery-is-layout-flex\"> <figure class=\"wp-block-image size-large\"><img loading=\"lazy\" decoding=\"async\" width=\"720\" height=\"540\" data-id=\"15202\" src=\"https:\/\/www.agriculture-machine.com\/wp-content\/uploads\/2023\/11\/rice-mill-machines-factory.webp\" alt=\"pirin\u00e7 de\u011firmen makineleri fabrikas\u0131\" class=\"wp-image-15202\" srcset=\"https:\/\/www.agriculture-machine.com\/wp-content\/uploads\/2023\/11\/rice-mill-machines-factory.webp 720w, https:\/\/www.agriculture-machine.com\/wp-content\/uploads\/2023\/11\/rice-mill-machines-factory-360x270.webp 360w, https:\/\/www.agriculture-machine.com\/wp-content\/uploads\/2023\/11\/rice-mill-machines-factory-240x180.webp 240w\" sizes=\"auto, (max-width: 720px) 100vw, 720px\" \/><figcaption class=\"wp-element-caption\">pirin\u00e7 de\u011firmen makineleri fabrikas\u0131<\/figcaption><\/figure>    <figure class=\"wp-block-image size-large\"><img loading=\"lazy\" decoding=\"async\" width=\"720\" height=\"540\" data-id=\"15203\" src=\"https:\/\/www.agriculture-machine.com\/wp-content\/uploads\/2023\/11\/rice-mill-production-line-packing-and-shipping-site.webp\" alt=\"pirin\u00e7 de\u011firmen \u00fcretim hatt\u0131 paketleme ve sevkiyat alan\u0131\" class=\"wp-image-15203\" srcset=\"https:\/\/www.agriculture-machine.com\/wp-content\/uploads\/2023\/11\/rice-mill-production-line-packing-and-shipping-site.webp 720w, https:\/\/www.agriculture-machine.com\/wp-content\/uploads\/2023\/11\/rice-mill-production-line-packing-and-shipping-site-360x270.webp 360w, https:\/\/www.agriculture-machine.com\/wp-content\/uploads\/2023\/11\/rice-mill-production-line-packing-and-shipping-site-240x180.webp 240w\" sizes=\"auto, (max-width: 720px) 100vw, 720px\" \/><figcaption class=\"wp-element-caption\">pirin\u00e7 de\u011firmen \u00fcretim hatt\u0131 paketleme ve sevkiyat alan\u0131<\/figcaption><\/figure> <\/figure>    <p>Fabrikam\u0131z\u0131 istedi\u011finiz zaman ziyaret etmeye davetlisiniz, pirin\u00e7 de\u011firmen \u00fcretim hatt\u0131n\u0131n verimli \u00e7al\u0131\u015fmas\u0131n\u0131 ve geli\u015fmi\u015f teknolojinin cazibesini deneyimleyin, bu da \u00fcretim s\u00fcrecimiz ve teknolojik yeniliklerimiz hakk\u0131nda daha derin bir anlay\u0131\u015f sa\u011flar.<\/p>","protected":false},"excerpt":{"rendered":"<p>This rice mill production line begins with the standard 15TPD rice milling unit, whose main task is to hull, peel, and mill the grains to convert them into regular white rice. Next, the polishing machine comes into play, removing a layer of outer skin from the surface of the white rice by friction, making the [&hellip;]<\/p>\n","protected":false},"author":1,"featured_media":15193,"parent":0,"comment_status":"closed","ping_status":"closed","template":"","tags":[796],"product-type":[875,906],"class_list":["post-15188","product","type-product","status-publish","has-post-thumbnail","hentry","tag-rice","product-type-rice-mill-category","product-type-rice-mill-production-line"],"_links":{"self":[{"href":"https:\/\/www.agriculture-machine.com\/tr\/wp-json\/wp\/v2\/product\/15188","targetHints":{"allow":["GET"]}}],"collection":[{"href":"https:\/\/www.agriculture-machine.com\/tr\/wp-json\/wp\/v2\/product"}],"about":[{"href":"https:\/\/www.agriculture-machine.com\/tr\/wp-json\/wp\/v2\/types\/product"}],"author":[{"embeddable":true,"href":"https:\/\/www.agriculture-machine.com\/tr\/wp-json\/wp\/v2\/users\/1"}],"replies":[{"embeddable":true,"href":"https:\/\/www.agriculture-machine.com\/tr\/wp-json\/wp\/v2\/comments?post=15188"}],"wp:featuredmedia":[{"embeddable":true,"href":"https:\/\/www.agriculture-machine.com\/tr\/wp-json\/wp\/v2\/media\/15193"}],"wp:attachment":[{"href":"https:\/\/www.agriculture-machine.com\/tr\/wp-json\/wp\/v2\/media?parent=15188"}],"wp:term":[{"taxonomy":"post_tag","embeddable":true,"href":"https:\/\/www.agriculture-machine.com\/tr\/wp-json\/wp\/v2\/tags?post=15188"},{"taxonomy":"product-type","embeddable":true,"href":"https:\/\/www.agriculture-machine.com\/tr\/wp-json\/wp\/v2\/product-type?post=15188"}],"curies":[{"name":"wp","href":"https:\/\/api.w.org\/{rel}","templated":true}]}}