{"id":15191,"date":"2023-11-17T11:23:54","date_gmt":"2023-11-17T03:23:54","guid":{"rendered":"https:\/\/www.agriculture-machine.com\/?post_type=product&#038;p=15191"},"modified":"2024-09-18T15:42:45","modified_gmt":"2024-09-18T07:42:45","slug":"rice-processing-line","status":"publish","type":"product","link":"https:\/\/www.agriculture-machine.com\/tr\/rice-processing-line\/","title":{"rendered":"15TPD Y\u00fckseltilmi\u015f Pirin\u00e7 \u0130\u015fleme Hatt\u0131 ve Renk S\u0131ralama ve Paketleme Makineleri"},"content":{"rendered":"<p class=\"translation-block\">Bu geli\u015fmi\u015f pirin\u00e7 i\u015fleme hatt\u0131, <strong><a href=\"https:\/\/www.agriculture-machine.com\/tr\/rice-mill-production-line\/\">pirin\u00e7 de\u011firmeni \u00fcnitesinin<\/a><\/strong> y\u00fckseltilmesi ile birlikte renk ay\u0131r\u0131c\u0131 ve ambalaj makinesi ile olu\u015fturulmu\u015ftur ve pirin\u00e7 i\u015fleme kalitesini ve verimlili\u011fini art\u0131rmak i\u00e7in kapsaml\u0131 bir \u00e7\u00f6z\u00fcmd\u00fcr.<\/p>    <p>Renk ay\u0131r\u0131c\u0131, pirin\u00e7 tanelerini optik teknoloji arac\u0131l\u0131\u011f\u0131yla ak\u0131ll\u0131ca tarar ve bitmi\u015f \u00fcr\u00fcn\u00fcn daha tutarl\u0131 renk, \u015fekil ve kalitesini sa\u011flamak i\u00e7in \u00e7al\u0131\u015f\u0131r. Son olarak, ambalaj makinesi i\u015flenmi\u015f ve taranm\u0131\u015f pirinci otomatik olarak paketler ve \u00fcr\u00fcn\u00fcn tazeli\u011fini korur.<\/p>    <p>Bu \u00fcretim hatt\u0131, \u00fcr\u00fcn\u00fcn g\u00f6r\u00fcn\u00fcm\u00fcn\u00fc ve kalitesini optimize eder, pirin\u00e7 i\u015fleme end\u00fcstrisine daha y\u00fcksek bir otomasyon seviyesi ve standartla\u015ft\u0131r\u0131lm\u0131\u015f \u00fcretim getirir.<\/p>    <figure class=\"wp-block-gallery has-nested-images columns-default is-cropped wp-block-gallery-2 is-layout-flex wp-block-gallery-is-layout-flex\"> <figure class=\"wp-block-image size-large\"><img loading=\"lazy\" decoding=\"async\" width=\"720\" height=\"540\" data-id=\"15205\" src=\"https:\/\/www.agriculture-machine.com\/wp-content\/uploads\/2023\/11\/rice-processing-line-for-sale.webp\" alt=\"sat\u0131l\u0131k pirin\u00e7 i\u015fleme hatt\u0131\" class=\"wp-image-15205\" srcset=\"https:\/\/www.agriculture-machine.com\/wp-content\/uploads\/2023\/11\/rice-processing-line-for-sale.webp 720w, https:\/\/www.agriculture-machine.com\/wp-content\/uploads\/2023\/11\/rice-processing-line-for-sale-360x270.webp 360w, https:\/\/www.agriculture-machine.com\/wp-content\/uploads\/2023\/11\/rice-processing-line-for-sale-240x180.webp 240w\" sizes=\"auto, (max-width: 720px) 100vw, 720px\" \/><figcaption class=\"wp-element-caption\">sat\u0131l\u0131k pirin\u00e7 i\u015fleme hatt\u0131<\/figcaption><\/figure>    <figure class=\"wp-block-image size-full\"><img loading=\"lazy\" decoding=\"async\" width=\"720\" height=\"540\" data-id=\"15219\" src=\"https:\/\/www.agriculture-machine.com\/wp-content\/uploads\/2023\/11\/rice-mill-machine-application-1.webp\" alt=\"pirin\u00e7 de\u011firmeni makinesi uygulamas\u0131\" class=\"wp-image-15219\" srcset=\"https:\/\/www.agriculture-machine.com\/wp-content\/uploads\/2023\/11\/rice-mill-machine-application-1.webp 720w, https:\/\/www.agriculture-machine.com\/wp-content\/uploads\/2023\/11\/rice-mill-machine-application-1-360x270.webp 360w, https:\/\/www.agriculture-machine.com\/wp-content\/uploads\/2023\/11\/rice-mill-machine-application-1-240x180.webp 240w\" sizes=\"auto, (max-width: 720px) 100vw, 720px\" \/><figcaption class=\"wp-element-caption\">pirin\u00e7 de\u011firmeni makinesi uygulamas\u0131<\/figcaption><\/figure> <\/figure>    <h2 class=\"wp-block-heading\">Pirin\u00e7 \u0130\u015fleme Hatt\u0131 Ana Yap\u0131s\u0131<\/h2>    <figure class=\"wp-block-image size-full\"><img loading=\"lazy\" decoding=\"async\" width=\"720\" height=\"540\" src=\"https:\/\/www.agriculture-machine.com\/wp-content\/uploads\/2023\/11\/integrated-rice-mill-unit-structure.webp\" alt=\"entegre pirin\u00e7 de\u011firmeni \u00fcnitesi yap\u0131s\u0131\" class=\"wp-image-15206\" srcset=\"https:\/\/www.agriculture-machine.com\/wp-content\/uploads\/2023\/11\/integrated-rice-mill-unit-structure.webp 720w, https:\/\/www.agriculture-machine.com\/wp-content\/uploads\/2023\/11\/integrated-rice-mill-unit-structure-360x270.webp 360w, https:\/\/www.agriculture-machine.com\/wp-content\/uploads\/2023\/11\/integrated-rice-mill-unit-structure-240x180.webp 240w\" sizes=\"auto, (max-width: 720px) 100vw, 720px\" \/><figcaption class=\"wp-element-caption\">entegre pirin\u00e7 de\u011firmeni \u00fcnitesi yap\u0131s\u0131<\/figcaption><\/figure>    <h2 class=\"wp-block-heading\">Beyaz Pirin\u00e7 \u0130\u015fleme Ekipman\u0131n\u0131n \u0130\u015f Ak\u0131\u015f\u0131<\/h2>   <div id=\"rank-math-howto\" class=\"rank-math-block\" > <div class=\"rank-math-howto-description\">  <\/div>  <div class=\"rank-math-steps\"> <div id=\"howto-step-1700127739794\" class=\"rank-math-step\"> <h3 class=\"rank-math-step-title\">1. Pirin\u00e7 De\u011firmeni Birincil \u0130\u015fleme A\u015famas\u0131<\/h3> <div class=\"rank-math-step-content\"><p>Paddy \u00f6nce b\u00fcy\u00fck saman ve ta\u015flardan temizlenir, ard\u0131ndan kabuklar\u0131 soyulur, ard\u0131ndan \u00f6\u011f\u00fctme ve ikincil \u00f6\u011f\u00fctme (pirin\u00e7 beyazlat\u0131c\u0131) ve beyaz pirin\u00e7 s\u0131n\u0131fland\u0131rmas\u0131 yap\u0131l\u0131r.<\/p> <\/div> <\/div> <div id=\"howto-step-1700128013016\" class=\"rank-math-step\"> <h3 class=\"rank-math-step-title\">2. Renk Ay\u0131rma A\u015famas\u0131<\/h3> <div class=\"rank-math-step-content\"><p>Renk ay\u0131r\u0131c\u0131, pirin\u00e7 unundaki yabanc\u0131 maddeleri ve kalitesiz par\u00e7alar\u0131 ak\u0131ll\u0131 bir \u015fekilde tespit etmek i\u00e7in geli\u015fmi\u015f optik teknolojiyi kullan\u0131r. Tespit sonu\u00e7lar\u0131na dayanarak, renk ay\u0131r\u0131c\u0131 otomatik olarak renk farkl\u0131l\u0131klar\u0131 veya kalitesiz \u00fcr\u00fcnler i\u00e7eren pirin\u00e7 tanelerini ay\u0131rarak bitmi\u015f \u00fcr\u00fcnlerin renk ve kalitesini garanti eder.<\/p> <\/div> <\/div> <div id=\"howto-step-1700128062546\" class=\"rank-math-step\"> <h3 class=\"rank-math-step-title\">3. Ambalaj A\u015famas\u0131<\/h3> <div class=\"rank-math-step-content\"><p>Nitelikli y\u00fcksek kaliteli beyaz pirin\u00e7, ambalaj makinesine iletilir. Ambalaj makinesi, \u00f6nceden belirlenmi\u015f parametrelere g\u00f6re \u00f6l\u00e7er ve paketler, otomatik bir ambalajlama s\u00fcreci ger\u00e7ekle\u015ftirir. Bitmi\u015f \u00fcr\u00fcn paketlendikten sonra etiketlenebilir ve kaps\u00fcllenebilir ve ard\u0131ndan depoya veya pazara g\u00f6nderilebilir.<\/p> <\/div> <\/div> <\/div> <\/div>       <figure class=\"wp-block-gallery has-nested-images columns-default is-cropped wp-block-gallery-3 is-layout-flex wp-block-gallery-is-layout-flex\"> <figure class=\"wp-block-image size-large\"><img loading=\"lazy\" decoding=\"async\" width=\"720\" height=\"540\" data-id=\"15208\" src=\"https:\/\/www.agriculture-machine.com\/wp-content\/uploads\/2023\/11\/rice-processing-line.webp\" alt=\"pirin\u00e7 i\u015fleme hatt\u0131\" class=\"wp-image-15208\" srcset=\"https:\/\/www.agriculture-machine.com\/wp-content\/uploads\/2023\/11\/rice-processing-line.webp 720w, https:\/\/www.agriculture-machine.com\/wp-content\/uploads\/2023\/11\/rice-processing-line-360x270.webp 360w, https:\/\/www.agriculture-machine.com\/wp-content\/uploads\/2023\/11\/rice-processing-line-240x180.webp 240w\" sizes=\"auto, (max-width: 720px) 100vw, 720px\" \/><figcaption class=\"wp-element-caption\">pirin\u00e7 i\u015fleme hatt\u0131<\/figcaption><\/figure>    <figure class=\"wp-block-image size-large\"><img loading=\"lazy\" decoding=\"async\" width=\"720\" height=\"540\" data-id=\"15207\" src=\"https:\/\/www.agriculture-machine.com\/wp-content\/uploads\/2023\/11\/paddy-rice-processing-production-line.webp\" alt=\"paddy pirin\u00e7 i\u015fleme \u00fcretim hatt\u0131\" class=\"wp-image-15207\" srcset=\"https:\/\/www.agriculture-machine.com\/wp-content\/uploads\/2023\/11\/paddy-rice-processing-production-line.webp 720w, https:\/\/www.agriculture-machine.com\/wp-content\/uploads\/2023\/11\/paddy-rice-processing-production-line-360x270.webp 360w, https:\/\/www.agriculture-machine.com\/wp-content\/uploads\/2023\/11\/paddy-rice-processing-production-line-240x180.webp 240w\" sizes=\"auto, (max-width: 720px) 100vw, 720px\" \/><figcaption class=\"wp-element-caption\">paddy pirin\u00e7 i\u015fleme \u00fcretim hatt\u0131<\/figcaption><\/figure> <\/figure>    <h2 class=\"wp-block-heading\">Pirin\u00e7 \u0130\u015fleme Hatt\u0131nda Renk Ay\u0131r\u0131c\u0131 \u00c7al\u0131\u015fma Prensibi<\/h2>    <ul class=\"wp-block-list\"> <li>Renk Ay\u0131rma, fotoelektrik kullanarak anormal renge sahip veya zararl\u0131lar ve hastal\u0131klarla enfekte olmu\u015f bireyleri (taneler, toplar veya toplar) b\u00fcy\u00fck miktarda d\u00f6kme \u00fcr\u00fcnlerden tespit edip ay\u0131rma i\u015flemi olarak tan\u0131mlan\u0131r.<\/li>    <li>Depolama s\u00fcreci, \u0131s\u0131 ve di\u011fer nedenlerden dolay\u0131, pirincin bir k\u0131sm\u0131n\u0131n bozulmas\u0131na ve sar\u0131 taneli pirin\u00e7 haline gelmesine neden olacakt\u0131r. Sar\u0131 taneli pirin\u00e7 zararl\u0131 bile\u015fenler i\u00e7erir, bitmi\u015f pirin\u00e7te sar\u0131 taneli pirin\u00e7 bulunmas\u0131 yaln\u0131zca pirincin ticari de\u011ferini etkilemekle kalmaz, ayn\u0131 zamanda t\u00fcketicilerin sa\u011fl\u0131\u011f\u0131n\u0131 da etkiler ve m\u00fcmk\u00fcn oldu\u011funca \u00e7\u0131kar\u0131lmal\u0131d\u0131r.<\/li>    <li>Sar\u0131 taneli pirin\u00e7 ile normal beyaz pirin\u00e7 aras\u0131nda genel fiziksel \u00f6zellikler olmad\u0131\u011f\u0131ndan, sar\u0131 taneli pirin\u00e7 ile beyaz pirin\u00e7 aras\u0131ndaki fark yaln\u0131zca renk ve yans\u0131t\u0131c\u0131l\u0131k farkl\u0131l\u0131klar\u0131 ile kullan\u0131labilir ve fotoelektrik renk \u00f6l\u00e7\u00fcm y\u00f6ntemleri ve ekipmanlar\u0131 ile giderilir. Renk fark\u0131, pirince kar\u0131\u015fm\u0131\u015f k\u00fc\u00e7\u00fck cam ve k\u00fcl gibi yabanc\u0131 renkli taneleri \u00e7\u0131karmak i\u00e7in de kullan\u0131labilir.<\/li> <\/ul>    <figure class=\"wp-block-gallery has-nested-images columns-default is-cropped wp-block-gallery-4 is-layout-flex wp-block-gallery-is-layout-flex\"> <figure class=\"wp-block-image size-large\"><img loading=\"lazy\" decoding=\"async\" width=\"720\" height=\"540\" data-id=\"15209\" src=\"https:\/\/www.agriculture-machine.com\/wp-content\/uploads\/2023\/11\/color-sorter.webp\" alt=\"renk ay\u0131r\u0131c\u0131\" class=\"wp-image-15209\" srcset=\"https:\/\/www.agriculture-machine.com\/wp-content\/uploads\/2023\/11\/color-sorter.webp 720w, https:\/\/www.agriculture-machine.com\/wp-content\/uploads\/2023\/11\/color-sorter-360x270.webp 360w, https:\/\/www.agriculture-machine.com\/wp-content\/uploads\/2023\/11\/color-sorter-240x180.webp 240w\" sizes=\"auto, (max-width: 720px) 100vw, 720px\" \/><figcaption class=\"wp-element-caption\">renk ay\u0131r\u0131c\u0131<\/figcaption><\/figure>    <figure class=\"wp-block-image size-large\"><img loading=\"lazy\" decoding=\"async\" width=\"720\" height=\"540\" data-id=\"15210\" src=\"https:\/\/www.agriculture-machine.com\/wp-content\/uploads\/2023\/11\/rice-color-sorting-machine.webp\" alt=\"pirin\u00e7 rengi ay\u0131rma makinesi\" class=\"wp-image-15210\" srcset=\"https:\/\/www.agriculture-machine.com\/wp-content\/uploads\/2023\/11\/rice-color-sorting-machine.webp 720w, https:\/\/www.agriculture-machine.com\/wp-content\/uploads\/2023\/11\/rice-color-sorting-machine-360x270.webp 360w, https:\/\/www.agriculture-machine.com\/wp-content\/uploads\/2023\/11\/rice-color-sorting-machine-240x180.webp 240w\" sizes=\"auto, (max-width: 720px) 100vw, 720px\" \/><figcaption class=\"wp-element-caption\">pirin\u00e7 rengi ay\u0131rma makinesi<\/figcaption><\/figure> <\/figure>    <figure class=\"wp-block-gallery has-nested-images columns-default is-cropped wp-block-gallery-5 is-layout-flex wp-block-gallery-is-layout-flex\"> <figure class=\"wp-block-image size-large\"><img loading=\"lazy\" decoding=\"async\" width=\"720\" height=\"540\" data-id=\"15215\" src=\"https:\/\/www.agriculture-machine.com\/wp-content\/uploads\/2023\/11\/automatic-rice-milling-plant.webp\" alt=\"otomatik pirin\u00e7 de\u011firmeni tesisi\" class=\"wp-image-15215\" srcset=\"https:\/\/www.agriculture-machine.com\/wp-content\/uploads\/2023\/11\/automatic-rice-milling-plant.webp 720w, https:\/\/www.agriculture-machine.com\/wp-content\/uploads\/2023\/11\/automatic-rice-milling-plant-360x270.webp 360w, https:\/\/www.agriculture-machine.com\/wp-content\/uploads\/2023\/11\/automatic-rice-milling-plant-240x180.webp 240w\" sizes=\"auto, (max-width: 720px) 100vw, 720px\" \/><figcaption class=\"wp-element-caption\">otomatik pirin\u00e7 de\u011firmeni tesisi<\/figcaption><\/figure>    <figure class=\"wp-block-image size-large\"><img loading=\"lazy\" decoding=\"async\" width=\"720\" height=\"540\" data-id=\"15216\" src=\"https:\/\/www.agriculture-machine.com\/wp-content\/uploads\/2023\/11\/complete-paddy-rice-milling-line.webp\" alt=\"tam paddy pirin\u00e7 de\u011firmeni hatt\u0131\" class=\"wp-image-15216\" srcset=\"https:\/\/www.agriculture-machine.com\/wp-content\/uploads\/2023\/11\/complete-paddy-rice-milling-line.webp 720w, https:\/\/www.agriculture-machine.com\/wp-content\/uploads\/2023\/11\/complete-paddy-rice-milling-line-360x270.webp 360w, https:\/\/www.agriculture-machine.com\/wp-content\/uploads\/2023\/11\/complete-paddy-rice-milling-line-240x180.webp 240w\" sizes=\"auto, (max-width: 720px) 100vw, 720px\" \/><figcaption class=\"wp-element-caption\">tam paddy pirin\u00e7 de\u011firmeni hatt\u0131<\/figcaption><\/figure> <\/figure>    <h2 class=\"wp-block-heading\">Paddy De\u011firmeni \u00dcnitesi Yedek Par\u00e7a G\u00f6sterimi<\/h2>    <p>Daha y\u00fcksek \u00e7al\u0131\u015fma yo\u011funlu\u011funa sahip pirin\u00e7 i\u015fleme hatt\u0131 i\u00e7in, makinenin daha iyi korunmas\u0131 ve hizmet \u00f6mr\u00fcn\u00fcn uzat\u0131lmas\u0131 amac\u0131yla, a\u015f\u0131nan par\u00e7alar\u0131n d\u00fczenli olarak de\u011fi\u015ftirilmesi gerekmektedir. Par\u00e7alar indirimli olarak sat\u0131n al\u0131nabilir.<\/p>    <figure class=\"wp-block-gallery has-nested-images columns-default is-cropped wp-block-gallery-6 is-layout-flex wp-block-gallery-is-layout-flex\"> <figure class=\"wp-block-image size-large\"><img loading=\"lazy\" decoding=\"async\" width=\"720\" height=\"540\" data-id=\"15211\" src=\"https:\/\/www.agriculture-machine.com\/wp-content\/uploads\/2023\/11\/iron-roller.webp\" alt=\"demir silindiri\" class=\"wp-image-15211\" srcset=\"https:\/\/www.agriculture-machine.com\/wp-content\/uploads\/2023\/11\/iron-roller.webp 720w, https:\/\/www.agriculture-machine.com\/wp-content\/uploads\/2023\/11\/iron-roller-360x270.webp 360w, https:\/\/www.agriculture-machine.com\/wp-content\/uploads\/2023\/11\/iron-roller-240x180.webp 240w\" sizes=\"auto, (max-width: 720px) 100vw, 720px\" \/><figcaption class=\"wp-element-caption\">demir silindiri<\/figcaption><\/figure>    <figure class=\"wp-block-image size-large\"><img loading=\"lazy\" decoding=\"async\" width=\"720\" height=\"540\" data-id=\"15212\" src=\"https:\/\/www.agriculture-machine.com\/wp-content\/uploads\/2023\/11\/polisher-Emery-roller.webp\" alt=\"parlat\u0131c\u0131 Emery silindiri\" class=\"wp-image-15212\" srcset=\"https:\/\/www.agriculture-machine.com\/wp-content\/uploads\/2023\/11\/polisher-Emery-roller.webp 720w, https:\/\/www.agriculture-machine.com\/wp-content\/uploads\/2023\/11\/polisher-Emery-roller-360x270.webp 360w, https:\/\/www.agriculture-machine.com\/wp-content\/uploads\/2023\/11\/polisher-Emery-roller-240x180.webp 240w\" sizes=\"auto, (max-width: 720px) 100vw, 720px\" \/><figcaption class=\"wp-element-caption\">parlat\u0131c\u0131 Emery silindiri<\/figcaption><\/figure> <\/figure>    <p class=\"translation-block\">Bunlar aras\u0131nda iki t\u00fcr parlatma makinesi mevcuttur, demir silindirler ve emery silindirler. Aralar\u0131ndaki fark, <strong>demir silindirin<\/strong> yuvarlak pirin\u00e7 i\u00e7in uygun olmas\u0131 ve bitmi\u015f \u00fcr\u00fcn\u00fcn daha parlak olmas\u0131d\u0131r, ancak pirin\u00e7 kolayca k\u0131r\u0131labilir; <strong>emery silindiri<\/strong> \u00e7o\u011funlukla uzun pirin\u00e7 i\u00e7in uygundur, g\u00fcc\u00fc nispeten d\u00fc\u015f\u00fckt\u00fcr ve elde edilen pirin\u00e7 kolayca k\u0131r\u0131lmaz. Bu iki silindirin di\u011fer a\u015f\u0131nan par\u00e7alara k\u0131yasla daha uzun s\u00fcre kullan\u0131labilece\u011fi belirtilmelidir.<\/p>    <h2 class=\"wp-block-heading\">Pirin\u00e7 \u0130\u015fleme Hatt\u0131 Makineleri Fabrika G\u00f6sterimi<\/h2>    <figure class=\"wp-block-gallery has-nested-images columns-default is-cropped wp-block-gallery-7 is-layout-flex wp-block-gallery-is-layout-flex\"> <figure class=\"wp-block-image size-large\"><img loading=\"lazy\" decoding=\"async\" width=\"720\" height=\"540\" data-id=\"15214\" src=\"https:\/\/www.agriculture-machine.com\/wp-content\/uploads\/2023\/11\/rice-processing-line-factory-show.webp\" alt=\"pirin\u00e7 i\u015fleme hatt\u0131 fabrika g\u00f6sterimi\" class=\"wp-image-15214\" srcset=\"https:\/\/www.agriculture-machine.com\/wp-content\/uploads\/2023\/11\/rice-processing-line-factory-show.webp 720w, https:\/\/www.agriculture-machine.com\/wp-content\/uploads\/2023\/11\/rice-processing-line-factory-show-360x270.webp 360w, https:\/\/www.agriculture-machine.com\/wp-content\/uploads\/2023\/11\/rice-processing-line-factory-show-240x180.webp 240w\" sizes=\"auto, (max-width: 720px) 100vw, 720px\" \/><figcaption class=\"wp-element-caption\">pirin\u00e7 i\u015fleme hatt\u0131 fabrika g\u00f6sterimi<\/figcaption><\/figure>    <figure class=\"wp-block-image size-large\"><img loading=\"lazy\" decoding=\"async\" width=\"720\" height=\"540\" data-id=\"15213\" src=\"https:\/\/www.agriculture-machine.com\/wp-content\/uploads\/2023\/11\/paddy-processing-line-factory.webp\" alt=\"paddy i\u015fleme hatt\u0131 fabrikas\u0131\" class=\"wp-image-15213\" srcset=\"https:\/\/www.agriculture-machine.com\/wp-content\/uploads\/2023\/11\/paddy-processing-line-factory.webp 720w, https:\/\/www.agriculture-machine.com\/wp-content\/uploads\/2023\/11\/paddy-processing-line-factory-360x270.webp 360w, https:\/\/www.agriculture-machine.com\/wp-content\/uploads\/2023\/11\/paddy-processing-line-factory-240x180.webp 240w\" sizes=\"auto, (max-width: 720px) 100vw, 720px\" \/><figcaption class=\"wp-element-caption\">paddy i\u015fleme hatt\u0131 fabrikas\u0131<\/figcaption><\/figure> <\/figure>    <p>Fabrikam\u0131zda bir stok sergisi bulunmaktad\u0131r, geli\u015fmi\u015f g\u00fcncellenmi\u015f pirin\u00e7 de\u011firmeni \u00fcnite \u00fcretim hatt\u0131m\u0131z\u0131 ziyaret etmeye ho\u015f geldiniz, sizinle i\u015fbirli\u011fi yapmay\u0131 d\u00f6rt g\u00f6zle bekliyoruz. Ayr\u0131ca, makine hakk\u0131nda herhangi bir \u015f\u00fcpheniz varsa, l\u00fctfen bizimle ileti\u015fime ge\u00e7mekten \u00e7ekinmeyin.<\/p>","protected":false},"excerpt":{"rendered":"<p>This advanced rice processing line formed by upgrading the rice milling unit plus the color sorter and packaging machine is a comprehensive solution to improve the quality and efficiency of rice processing. The color sorter intelligently screens the rice grains through optical technology to ensure more consistent color, shape, and quality of the finished product. [&hellip;]<\/p>\n","protected":false},"author":1,"featured_media":15204,"parent":0,"comment_status":"closed","ping_status":"closed","template":"","tags":[796],"product-type":[875,906],"class_list":["post-15191","product","type-product","status-publish","has-post-thumbnail","hentry","tag-rice","product-type-rice-mill-category","product-type-rice-mill-production-line"],"_links":{"self":[{"href":"https:\/\/www.agriculture-machine.com\/tr\/wp-json\/wp\/v2\/product\/15191","targetHints":{"allow":["GET"]}}],"collection":[{"href":"https:\/\/www.agriculture-machine.com\/tr\/wp-json\/wp\/v2\/product"}],"about":[{"href":"https:\/\/www.agriculture-machine.com\/tr\/wp-json\/wp\/v2\/types\/product"}],"author":[{"embeddable":true,"href":"https:\/\/www.agriculture-machine.com\/tr\/wp-json\/wp\/v2\/users\/1"}],"replies":[{"embeddable":true,"href":"https:\/\/www.agriculture-machine.com\/tr\/wp-json\/wp\/v2\/comments?post=15191"}],"wp:featuredmedia":[{"embeddable":true,"href":"https:\/\/www.agriculture-machine.com\/tr\/wp-json\/wp\/v2\/media\/15204"}],"wp:attachment":[{"href":"https:\/\/www.agriculture-machine.com\/tr\/wp-json\/wp\/v2\/media?parent=15191"}],"wp:term":[{"taxonomy":"post_tag","embeddable":true,"href":"https:\/\/www.agriculture-machine.com\/tr\/wp-json\/wp\/v2\/tags?post=15191"},{"taxonomy":"product-type","embeddable":true,"href":"https:\/\/www.agriculture-machine.com\/tr\/wp-json\/wp\/v2\/product-type?post=15191"}],"curies":[{"name":"wp","href":"https:\/\/api.w.org\/{rel}","templated":true}]}}