{"id":15220,"date":"2023-11-20T11:46:30","date_gmt":"2023-11-20T03:46:30","guid":{"rendered":"https:\/\/www.agriculture-machine.com\/?post_type=product&#038;p=15220"},"modified":"2024-09-18T16:04:46","modified_gmt":"2024-09-18T08:04:46","slug":"rice-mill-line","status":"publish","type":"product","link":"https:\/\/www.agriculture-machine.com\/tr\/rice-mill-line\/","title":{"rendered":"Y\u00fcksek Standart 15TPD Pirin\u00e7 \u0130\u015fleme Hatt\u0131 Su Parlat\u0131c\u0131 ve Depolama Kas\u0131tl\u0131"},"content":{"rendered":"<p class=\"translation-block\">Welcome to our upgraded rice mill line&#8217;s advanced production plant, which combines color sorting and packaging machines with a high-standard water polishing machine and intelligent storage bin to provide you with the ultimate <strong><a href=\"https:\/\/www.agriculture-machine.com\/tr\/rice-mill-category\/\">rice processing experience<\/a><\/strong>.<\/p>    <figure class=\"wp-block-gallery has-nested-images columns-default is-cropped wp-block-gallery-2 is-layout-flex wp-block-gallery-is-layout-flex\"> <figure class=\"wp-block-image size-large\"><img loading=\"lazy\" decoding=\"async\" width=\"720\" height=\"540\" data-id=\"15222\" src=\"https:\/\/www.agriculture-machine.com\/wp-content\/uploads\/2023\/11\/rice-mill-line-for-sale.webp\" alt=\"Sat\u0131l\u0131k pirin\u00e7 fabrikas\u0131 hatt\u0131\" class=\"wp-image-15222\" srcset=\"https:\/\/www.agriculture-machine.com\/wp-content\/uploads\/2023\/11\/rice-mill-line-for-sale.webp 720w, https:\/\/www.agriculture-machine.com\/wp-content\/uploads\/2023\/11\/rice-mill-line-for-sale-360x270.webp 360w, https:\/\/www.agriculture-machine.com\/wp-content\/uploads\/2023\/11\/rice-mill-line-for-sale-240x180.webp 240w\" sizes=\"auto, (max-width: 720px) 100vw, 720px\" \/><figcaption class=\"wp-element-caption\">Sat\u0131l\u0131k pirin\u00e7 fabrikas\u0131 hatt\u0131<\/figcaption><\/figure>    <figure class=\"wp-block-image size-large\"><img loading=\"lazy\" decoding=\"async\" width=\"720\" height=\"540\" data-id=\"15223\" src=\"https:\/\/www.agriculture-machine.com\/wp-content\/uploads\/2023\/11\/united-rice-mill.webp\" alt=\"Birle\u015fik pirin\u00e7 fabrikas\u0131\" class=\"wp-image-15223\" srcset=\"https:\/\/www.agriculture-machine.com\/wp-content\/uploads\/2023\/11\/united-rice-mill.webp 720w, https:\/\/www.agriculture-machine.com\/wp-content\/uploads\/2023\/11\/united-rice-mill-360x270.webp 360w, https:\/\/www.agriculture-machine.com\/wp-content\/uploads\/2023\/11\/united-rice-mill-240x180.webp 240w\" sizes=\"auto, (max-width: 720px) 100vw, 720px\" \/><figcaption class=\"wp-element-caption\">Birle\u015fik pirin\u00e7 fabrikas\u0131<\/figcaption><\/figure> <\/figure>    <h2 class=\"wp-block-heading\">Y\u00fcksek Standart 15TPD Pirin\u00e7 Fabrikas\u0131 Hatt\u0131 Yap\u0131s\u0131<\/h2>    <p class=\"translation-block\"><strong>1. Gerekli Par\u00e7alar : (t\u00fcm\u00fcn\u00fc sat\u0131n alman\u0131z gerekir)<\/strong><\/p>    <p>Pre-cleaner&#8212; Destoner&#8212; Paddy Husker&#8211; Gravity Separator &#8212;-Rice Mill&#8212;<\/p>    <p class=\"translation-block\"><strong>2. Opsiyonel Par\u00e7alar : (a\u015fa\u011f\u0131daki makinelerden bir veya daha fazlas\u0131n\u0131 se\u00e7ebilirsiniz, b\u00fct\u00e7enize g\u00f6re)<\/strong><\/p>    <p>Rice Polisher&#8212;Rice Grader&#8212;-Color Sorter&#8212;Storage Bin &#8212;Weighting and Packing Scale<\/p>    <p class=\"translation-block\"><strong>Sonu\u00e7: Ne kadar \u00e7ok makine sat\u0131n al\u0131rsan\u0131z, pirin\u00e7 kalitesi o kadar beyaz ve p\u00fcr\u00fczs\u00fcz olur.<\/strong><\/p>    <figure class=\"wp-block-image size-full\"><img loading=\"lazy\" decoding=\"async\" width=\"720\" height=\"540\" src=\"https:\/\/www.agriculture-machine.com\/wp-content\/uploads\/2023\/11\/rice-mill-line-main-structure.webp\" alt=\"pirin\u00e7 fabrikas\u0131 ana yap\u0131s\u0131\" class=\"wp-image-15224\" srcset=\"https:\/\/www.agriculture-machine.com\/wp-content\/uploads\/2023\/11\/rice-mill-line-main-structure.webp 720w, https:\/\/www.agriculture-machine.com\/wp-content\/uploads\/2023\/11\/rice-mill-line-main-structure-360x270.webp 360w, https:\/\/www.agriculture-machine.com\/wp-content\/uploads\/2023\/11\/rice-mill-line-main-structure-240x180.webp 240w\" sizes=\"auto, (max-width: 720px) 100vw, 720px\" \/><figcaption class=\"wp-element-caption\">pirin\u00e7 fabrikas\u0131 ana yap\u0131s\u0131<\/figcaption><\/figure>    <h2 class=\"wp-block-heading\"><strong>600-800kg\/h Pirin\u00e7 Fabrikas\u0131 Ekipmanlar\u0131 \u00c7\u00f6z\u00fcm\u00fc<\/strong><\/h2>    <figure class=\"wp-block-table is-style-stripes\"><table><tbody><tr><td><strong>\u015eartname<\/strong><strong><\/strong><\/td><td><strong>&nbsp;\u0130\u015flev <\/strong><strong><\/strong><\/td><\/tr><tr><td><strong>Pirincin Kabuk\u00e7uk Makinesi <\/strong><br>Model: LG15 G\u00fc\u00e7:5.5kw<\/td><td>Gravity ve y\u00fczey s\u00fcrt\u00fcnmesi fark\u0131yla kahverengi pirinci ay\u0131r\u0131n<\/td><\/tr><tr><td><strong>Pirincin \u00d6n Temizleyicisi <\/strong><br>Model: SCQY40 G\u00fc\u00e7:0.75 3\u00a0\u00a0<\/td><td>\u00d6zellikle pirin\u00e7teki ta\u015flar\u0131 \u00e7\u0131karmak i\u00e7in kullan\u0131l\u0131r, ayr\u0131ca pirin\u00e7ten b\u00fcy\u00fck sap ve k\u00fc\u00e7\u00fck kum veya toz da \u00e7\u0131kar\u0131l\u0131r.<\/td><\/tr><tr><td><strong>Pirincin Kabuk\u00e7uk Makinesi <\/strong><br>Model: LG15 G\u00fc\u00e7:5.5kw<\/td><td>D\u0131\u015f kabu\u011fu \u00e7\u0131kararak kahverengi pirin\u00e7 elde edin<\/td><\/tr><tr><td><strong>Yer\u00e7ekimli Pirin\u00e7 Ay\u0131r\u0131c\u0131<\/strong><br>Model:MGCZ70*5 G\u00fc\u00e7 :0.75kw \u00a0\u00a0<\/td><td>Daha beyaz pirin\u00e7 elde etmek ve k\u0131r\u0131lma oran\u0131n\u0131 azaltmak i\u00e7in ikinci pirin\u00e7 fabrikas\u0131n\u0131 kullan\u0131n.<\/td><\/tr><tr><td><strong>\u0130lk Pirin\u00e7 Fabrikas\u0131<\/strong>\u00a0<br>Model:NS150 G\u00fc\u00e7:15kw \u00a0\u00a0\u00a0\u00a0\u00a0\u00a0<\/td><td>Beyaz pirin\u00e7 elde etmek i\u00e7in ilk pirin\u00e7 fabrikas\u0131n\u0131 kullan\u0131n<\/td><\/tr><tr><td><strong>Manyetik Ay\u0131r\u0131c\u0131<\/strong><\/td><td>Pirincin i\u00e7indeki k\u00fc\u00e7\u00fck metalleri \u00e7\u0131kar\u0131n<\/td><\/tr><tr><td><strong>Su ile Pirin\u00e7 Parlat\u0131c\u0131 <\/strong><br>Model: MP12.5 G\u00fc\u00e7:15kw 4kw<\/td><td>Beyaz pirin\u00e7ten ba\u015fka renkli pirin\u00e7 veya k\u00fcf pirinci ay\u0131rmak.<\/td><\/tr><tr><td><strong>Su ile Pirin\u00e7 Parlat\u0131c\u0131<\/strong><br>Model: MP12.5 G\u00fc\u00e7:15kw 4kw<\/td><td>Beyaz pirinci p\u00fcsk\u00fcrterek parlat\u0131n, daha beyaz ve hafif hale getirin.<\/td><\/tr><tr><td><strong>Renk S\u0131ralay\u0131c\u0131<\/strong><br>Model:6SXM-64(CCD) G\u00fc\u00e7 :1.5kw \u00a0<strong>\u00a0<\/strong><\/td><td>B\u00fct\u00fcn pirinci 2 s\u0131n\u0131fa ay\u0131r\u0131n ve b\u00fct\u00fcn pirin\u00e7 ile k\u0131r\u0131k pirinci ay\u0131r\u0131n.<\/td><\/tr><tr><td><strong>Beyaz Pirin\u00e7 Ay\u0131r\u0131c\u0131<\/strong><br>Model:MMJP50X2 G\u00fc\u00e7:0.35kw \u00a0<\/td><td>Tamamlanan pirin\u00e7 uzun s\u00fcre kutuda kalabilir, paketleme makinesi s\u00fcrekli \u00e7al\u0131\u015fmak zorunda kalmadan. E\u011fer i\u015f\u00e7ilikten tasarruf etmek isterseniz, paketleme makinesinden \u00f6nce bir depolama kutusu kurabiliriz.\u00a0<\/td><\/tr><tr><td><strong>Depolama Kutusu ve Asans\u00f6r<\/strong><br>Hacim:3 ton<strong>\u00a0\u00a0<\/strong><\/td><td>Toz, pirin\u00e7 kabu\u011fu ve di\u011fer k\u00fc\u00e7\u00fck safs\u0131zl\u0131klar\u0131 \u00e7\u0131karmak i\u00e7in<\/td><\/tr><tr><td><strong>A\u011f\u0131rl\u0131k ve Paketleme Makinesi <\/strong><br>Model: DCS-50 G\u00fc\u00e7:0.37 0.37kw<\/td><td>A\u011f\u0131rl\u0131k, torbaya doldurma ve dikme. A\u011f\u0131rl\u0131k aral\u0131\u011f\u0131: 5-50kg \u00a0\u00a0\u00a0<\/td><\/tr><tr><td><strong>Beyaz Pirin\u00e7 Ay\u0131r\u0131c\u0131<\/strong><br>Model: MMJP50X2 G\u00fc\u00e7:0.35kw \u00a0<\/td><td>T\u00fcm makineleri birbirine ba\u011flamak i\u00e7in kullan\u0131l\u0131r<\/td><\/tr><tr><td><strong>Toz toplama borular\u0131 ve Siklon ve di\u011fer k\u00fc\u00e7\u00fck aksesuarlar<\/strong><\/td><td>Toz, pirin\u00e7 kabu\u011fu ve di\u011fer k\u00fc\u00e7\u00fck safs\u0131zl\u0131klar\u0131 \u00e7\u0131karmak i\u00e7in<\/td><\/tr><tr><td><strong>Elektrikli Kabin <\/strong>\u00a0<\/td><td>Kolay ve g\u00fcvenli kullan\u0131m \u00a0<\/td><\/tr><tr><td><strong>Ara\u00e7lar<\/strong><\/td><td>Kurulum ve bak\u0131m ara\u00e7lar\u0131<\/td><\/tr><\/tbody><\/table><\/figure>    <h2 class=\"wp-block-heading\">Su Parlat\u0131c\u0131 Makine Neden Kullan\u0131l\u0131r<\/h2>    <ul class=\"wp-block-list\"> <li>Su parlat\u0131c\u0131 ve pirin\u00e7 fabrikas\u0131 makinesi \u00e7ok benzedi, ana fark ise su buhar\u0131 ile parlatma makinesinin su hortumu, su pompas\u0131 ve su kovas\u0131 ile donat\u0131lm\u0131\u015f olmas\u0131d\u0131r. <\/li>    <li>Pirin\u00e7 fabrikas\u0131 makinesi, demir silindirler veya z\u0131mpara silindirleri kullanabilir, su parlat\u0131c\u0131 ise demir silindirler kullan\u0131r. \u0130\u015flevi, ince su buhar\u0131 ile pirincin daha p\u00fcr\u00fczs\u00fcz ve daha beyaz hale gelmesini sa\u011flamakt\u0131r.<\/li> <\/ul>    <figure class=\"wp-block-gallery has-nested-images columns-default is-cropped wp-block-gallery-3 is-layout-flex wp-block-gallery-is-layout-flex\"> <figure class=\"wp-block-image size-large\"><img loading=\"lazy\" decoding=\"async\" width=\"720\" height=\"540\" data-id=\"15225\" src=\"https:\/\/www.agriculture-machine.com\/wp-content\/uploads\/2023\/11\/integrated-rice-milling-unit.webp\" alt=\"Entegre pirin\u00e7 i\u015fleme \u00fcnitesi\" class=\"wp-image-15225\" srcset=\"https:\/\/www.agriculture-machine.com\/wp-content\/uploads\/2023\/11\/integrated-rice-milling-unit.webp 720w, https:\/\/www.agriculture-machine.com\/wp-content\/uploads\/2023\/11\/integrated-rice-milling-unit-360x270.webp 360w, https:\/\/www.agriculture-machine.com\/wp-content\/uploads\/2023\/11\/integrated-rice-milling-unit-240x180.webp 240w\" sizes=\"auto, (max-width: 720px) 100vw, 720px\" \/><figcaption class=\"wp-element-caption\">Entegre pirin\u00e7 i\u015fleme \u00fcnitesi<\/figcaption><\/figure>    <figure class=\"wp-block-image size-large\"><img loading=\"lazy\" decoding=\"async\" width=\"720\" height=\"540\" data-id=\"15226\" src=\"https:\/\/www.agriculture-machine.com\/wp-content\/uploads\/2023\/11\/paddy-processing-unit-rice-mill.webp\" alt=\"pirin\u00e7 i\u015fleme \u00fcnitesi\" class=\"wp-image-15226\" srcset=\"https:\/\/www.agriculture-machine.com\/wp-content\/uploads\/2023\/11\/paddy-processing-unit-rice-mill.webp 720w, https:\/\/www.agriculture-machine.com\/wp-content\/uploads\/2023\/11\/paddy-processing-unit-rice-mill-360x270.webp 360w, https:\/\/www.agriculture-machine.com\/wp-content\/uploads\/2023\/11\/paddy-processing-unit-rice-mill-240x180.webp 240w\" sizes=\"auto, (max-width: 720px) 100vw, 720px\" \/><figcaption class=\"wp-element-caption\">pirin\u00e7 i\u015fleme \u00fcnitesi<\/figcaption><\/figure> <\/figure>    <h2 class=\"wp-block-heading\"><strong>Depolama Kutusunun \u0130\u015flevi Nedir<\/strong><\/h2>    <ul class=\"wp-block-list\"> <li>Paketleme makinesi \u00e7ok h\u0131zl\u0131 oldu\u011fu i\u00e7in, 50kg'l\u0131k bir pirin\u00e7 torbas\u0131n\u0131 bir dakikadan az s\u00fcrede paketleyebilir ve bu nedenle saatte \u00fc\u00e7 ton pirin\u00e7 paketlenebilir. 15TPD pirin\u00e7 fabrikas\u0131 hatt\u0131 saatte 600kg beyaz pirin\u00e7 \u00fcretir.<\/li>    <li>E\u011fer paketleme makinesinin \u00f6n\u00fcne 3 tonluk bir depolama kutusu yerle\u015ftirilirse, kutuyu doldurmak 5 saat s\u00fcrer. Kutu doldu\u011funda, paketleme makinesi \u00e7al\u0131\u015ft\u0131r\u0131l\u0131r ve paketleme i\u015flemi ba\u015flar. Bu \u015fekilde, paketleme makinesi s\u00fcrekli \u00e7al\u0131\u015fmak zorunda kalmaz ve bir operat\u00f6r her zaman orada olmak zorunda de\u011fildir.<\/li> <\/ul>    <figure class=\"wp-block-gallery has-nested-images columns-default is-cropped wp-block-gallery-4 is-layout-flex wp-block-gallery-is-layout-flex\"> <figure class=\"wp-block-image size-large\"><img loading=\"lazy\" decoding=\"async\" width=\"720\" height=\"540\" data-id=\"15228\" src=\"https:\/\/www.agriculture-machine.com\/wp-content\/uploads\/2023\/11\/rice-mill-processing-unit.webp\" alt=\"pirin\u00e7 fabrikas\u0131 i\u015fleme \u00fcnitesi\" class=\"wp-image-15228\" srcset=\"https:\/\/www.agriculture-machine.com\/wp-content\/uploads\/2023\/11\/rice-mill-processing-unit.webp 720w, https:\/\/www.agriculture-machine.com\/wp-content\/uploads\/2023\/11\/rice-mill-processing-unit-360x270.webp 360w, https:\/\/www.agriculture-machine.com\/wp-content\/uploads\/2023\/11\/rice-mill-processing-unit-240x180.webp 240w\" sizes=\"auto, (max-width: 720px) 100vw, 720px\" \/><figcaption class=\"wp-element-caption\">pirin\u00e7 fabrikas\u0131 i\u015fleme \u00fcnitesi<\/figcaption><\/figure>    <figure class=\"wp-block-image size-large\"><img loading=\"lazy\" decoding=\"async\" width=\"720\" height=\"540\" data-id=\"15227\" src=\"https:\/\/www.agriculture-machine.com\/wp-content\/uploads\/2023\/11\/fully-automatic-rice-mill-plant-cost.webp\" alt=\"Tam otomatik pirin\u00e7 fabrikas\u0131 maliyeti\" class=\"wp-image-15227\" srcset=\"https:\/\/www.agriculture-machine.com\/wp-content\/uploads\/2023\/11\/fully-automatic-rice-mill-plant-cost.webp 720w, https:\/\/www.agriculture-machine.com\/wp-content\/uploads\/2023\/11\/fully-automatic-rice-mill-plant-cost-360x270.webp 360w, https:\/\/www.agriculture-machine.com\/wp-content\/uploads\/2023\/11\/fully-automatic-rice-mill-plant-cost-240x180.webp 240w\" sizes=\"auto, (max-width: 720px) 100vw, 720px\" \/><figcaption class=\"wp-element-caption\">Tam otomatik pirin\u00e7 fabrikas\u0131 maliyeti<\/figcaption><\/figure> <\/figure>    <h2 class=\"wp-block-heading\">Referans Tasar\u0131m \u00c7izimleri<\/h2>    <figure class=\"wp-block-image size-full\"><img loading=\"lazy\" decoding=\"async\" width=\"720\" height=\"540\" src=\"https:\/\/www.agriculture-machine.com\/wp-content\/uploads\/2023\/11\/rice-mill-line-installation-drawing.webp\" alt=\"Pirinc\u00e7ilik hatt\u0131 montaj \u00e7izimi\" class=\"wp-image-15229\" srcset=\"https:\/\/www.agriculture-machine.com\/wp-content\/uploads\/2023\/11\/rice-mill-line-installation-drawing.webp 720w, https:\/\/www.agriculture-machine.com\/wp-content\/uploads\/2023\/11\/rice-mill-line-installation-drawing-360x270.webp 360w, https:\/\/www.agriculture-machine.com\/wp-content\/uploads\/2023\/11\/rice-mill-line-installation-drawing-240x180.webp 240w\" sizes=\"auto, (max-width: 720px) 100vw, 720px\" \/><figcaption class=\"wp-element-caption\">Pirinc\u00e7ilik hatt\u0131 montaj \u00e7izimi<\/figcaption><\/figure>    <h2 class=\"wp-block-heading\">Taizy Pirin\u00e7 Fabrikas\u0131 Makinalar\u0131 Fabrika G\u00f6sterisi<\/h2>    <figure class=\"wp-block-gallery has-nested-images columns-2 is-cropped wp-block-gallery-5 is-layout-flex wp-block-gallery-is-layout-flex\"> <figure class=\"wp-block-image size-large\"><img loading=\"lazy\" decoding=\"async\" width=\"720\" height=\"540\" data-id=\"15231\" src=\"https:\/\/www.agriculture-machine.com\/wp-content\/uploads\/2023\/11\/paddy-processing-machine-factory.webp\" alt=\"pirin\u00e7 i\u015fleme makinesi fabrikas\u0131\" class=\"wp-image-15231\" srcset=\"https:\/\/www.agriculture-machine.com\/wp-content\/uploads\/2023\/11\/paddy-processing-machine-factory.webp 720w, https:\/\/www.agriculture-machine.com\/wp-content\/uploads\/2023\/11\/paddy-processing-machine-factory-360x270.webp 360w, https:\/\/www.agriculture-machine.com\/wp-content\/uploads\/2023\/11\/paddy-processing-machine-factory-240x180.webp 240w\" sizes=\"auto, (max-width: 720px) 100vw, 720px\" \/><figcaption class=\"wp-element-caption\">pirin\u00e7 i\u015fleme makinesi fabrikas\u0131<\/figcaption><\/figure>    <figure class=\"wp-block-image size-large\"><img loading=\"lazy\" decoding=\"async\" width=\"720\" height=\"540\" data-id=\"15230\" src=\"https:\/\/www.agriculture-machine.com\/wp-content\/uploads\/2023\/11\/complete-rice-milling-plant-machinery.webp\" alt=\"tam pirin\u00e7 \u00f6\u011f\u00fctme tesisi makinalar\u0131\" class=\"wp-image-15230\" srcset=\"https:\/\/www.agriculture-machine.com\/wp-content\/uploads\/2023\/11\/complete-rice-milling-plant-machinery.webp 720w, https:\/\/www.agriculture-machine.com\/wp-content\/uploads\/2023\/11\/complete-rice-milling-plant-machinery-360x270.webp 360w, https:\/\/www.agriculture-machine.com\/wp-content\/uploads\/2023\/11\/complete-rice-milling-plant-machinery-240x180.webp 240w\" sizes=\"auto, (max-width: 720px) 100vw, 720px\" \/><figcaption class=\"wp-element-caption\">tam pirin\u00e7 \u00f6\u011f\u00fctme tesisi makinalar\u0131<\/figcaption><\/figure>    <figure class=\"wp-block-image size-large\"><img loading=\"lazy\" decoding=\"async\" width=\"720\" height=\"540\" data-id=\"15232\" src=\"https:\/\/www.agriculture-machine.com\/wp-content\/uploads\/2023\/11\/rice-mill-line-factory.webp\" alt=\"pirin\u00e7 fabrikas\u0131\" class=\"wp-image-15232\" srcset=\"https:\/\/www.agriculture-machine.com\/wp-content\/uploads\/2023\/11\/rice-mill-line-factory.webp 720w, https:\/\/www.agriculture-machine.com\/wp-content\/uploads\/2023\/11\/rice-mill-line-factory-360x270.webp 360w, https:\/\/www.agriculture-machine.com\/wp-content\/uploads\/2023\/11\/rice-mill-line-factory-240x180.webp 240w\" sizes=\"auto, (max-width: 720px) 100vw, 720px\" \/><figcaption class=\"wp-element-caption\">pirin\u00e7 fabrikas\u0131<\/figcaption><\/figure>    <figure class=\"wp-block-image size-large\"><img loading=\"lazy\" decoding=\"async\" width=\"720\" height=\"540\" data-id=\"15233\" src=\"https:\/\/www.agriculture-machine.com\/wp-content\/uploads\/2023\/11\/rice-milling-plant-packing-and-shipping.webp\" alt=\"pirin\u00e7 i\u015fleme tesisi paketleme ve sevkiyat\" class=\"wp-image-15233\" srcset=\"https:\/\/www.agriculture-machine.com\/wp-content\/uploads\/2023\/11\/rice-milling-plant-packing-and-shipping.webp 720w, https:\/\/www.agriculture-machine.com\/wp-content\/uploads\/2023\/11\/rice-milling-plant-packing-and-shipping-360x270.webp 360w, https:\/\/www.agriculture-machine.com\/wp-content\/uploads\/2023\/11\/rice-milling-plant-packing-and-shipping-240x180.webp 240w\" sizes=\"auto, (max-width: 720px) 100vw, 720px\" \/><figcaption class=\"wp-element-caption\">pirin\u00e7 i\u015fleme tesisi paketleme ve sevkiyat<\/figcaption><\/figure> <\/figure>    <p>Welcome to the advanced production line of our upgraded rice mill line, which combines color sorting and packaging machines with a high-quality rice polisher with water and an intelligent bin, presenting you with the ultimate rice processing experience and demonstrating our company&#8217;s commitment to providing advanced technology and high-quality rice production process, we look forward to your visit and cooperation.<\/p>","protected":false},"excerpt":{"rendered":"<p>Welcome to our upgraded rice mill line&#8217;s advanced production plant, which combines color sorting and packaging machines with a high-standard water polishing machine and intelligent storage bin to provide you with the ultimate rice processing experience. High Standard 15TPD Rice Mill Line Structure 1. Necessary Parts : (you need to buy all ) Pre-cleaner&#8212; Destoner&#8212; [&hellip;]<\/p>\n","protected":false},"author":1,"featured_media":15234,"parent":0,"comment_status":"closed","ping_status":"closed","template":"","tags":[796],"product-type":[875,906],"class_list":["post-15220","product","type-product","status-publish","has-post-thumbnail","hentry","tag-rice","product-type-rice-mill-category","product-type-rice-mill-production-line"],"_links":{"self":[{"href":"https:\/\/www.agriculture-machine.com\/tr\/wp-json\/wp\/v2\/product\/15220","targetHints":{"allow":["GET"]}}],"collection":[{"href":"https:\/\/www.agriculture-machine.com\/tr\/wp-json\/wp\/v2\/product"}],"about":[{"href":"https:\/\/www.agriculture-machine.com\/tr\/wp-json\/wp\/v2\/types\/product"}],"author":[{"embeddable":true,"href":"https:\/\/www.agriculture-machine.com\/tr\/wp-json\/wp\/v2\/users\/1"}],"replies":[{"embeddable":true,"href":"https:\/\/www.agriculture-machine.com\/tr\/wp-json\/wp\/v2\/comments?post=15220"}],"wp:featuredmedia":[{"embeddable":true,"href":"https:\/\/www.agriculture-machine.com\/tr\/wp-json\/wp\/v2\/media\/15234"}],"wp:attachment":[{"href":"https:\/\/www.agriculture-machine.com\/tr\/wp-json\/wp\/v2\/media?parent=15220"}],"wp:term":[{"taxonomy":"post_tag","embeddable":true,"href":"https:\/\/www.agriculture-machine.com\/tr\/wp-json\/wp\/v2\/tags?post=15220"},{"taxonomy":"product-type","embeddable":true,"href":"https:\/\/www.agriculture-machine.com\/tr\/wp-json\/wp\/v2\/product-type?post=15220"}],"curies":[{"name":"wp","href":"https:\/\/api.w.org\/{rel}","templated":true}]}}