{"id":15261,"date":"2023-11-24T15:08:23","date_gmt":"2023-11-24T07:08:23","guid":{"rendered":"https:\/\/www.agriculture-machine.com\/?post_type=product&#038;p=15261"},"modified":"2024-09-18T15:43:43","modified_gmt":"2024-09-18T07:43:43","slug":"25tpd-rice-miller-unit","status":"publish","type":"product","link":"https:\/\/www.agriculture-machine.com\/tr\/25tpd-rice-miller-unit\/","title":{"rendered":"25 Ton\/G\u00fcn Pirin\u00e7 \u00d6\u011f\u00fct\u00fcc\u00fc \u00dcnitesi \u00c7elik \u00c7er\u00e7evesiz"},"content":{"rendered":"<p>Son zamanlarda, g\u00fcnde 25 ton tah\u0131l i\u015fleyebilen gururlu pirin\u00e7 de\u011firmenimiz tekrar sat\u0131\u015fa sunuldu. Geleneksel tasar\u0131mdan farkl\u0131 olarak, bu \u00fcretim hatt\u0131 kas\u0131tl\u0131 olarak \u00e7elik \u00e7er\u00e7eve yap\u0131land\u0131rmas\u0131n\u0131 kald\u0131r\u0131r, b\u00f6ylece t\u00fcm\u00fc daha kompakt ve kullan\u0131\u015fl\u0131 hale gelir, her t\u00fcrl\u00fc tesis alan\u0131 s\u0131n\u0131rlamas\u0131na uyum sa\u011flar.<\/p>    <figure class=\"wp-block-image size-full\"><img loading=\"lazy\" decoding=\"async\" width=\"720\" height=\"540\" src=\"https:\/\/www.agriculture-machine.com\/wp-content\/uploads\/2023\/11\/25TPD-rice-miller-unit-main-structure.webp\" alt=\"25TPD pirin\u00e7 de\u011firmeni ana yap\u0131s\u0131\" class=\"wp-image-15274\" srcset=\"https:\/\/www.agriculture-machine.com\/wp-content\/uploads\/2023\/11\/25TPD-rice-miller-unit-main-structure.webp 720w, https:\/\/www.agriculture-machine.com\/wp-content\/uploads\/2023\/11\/25TPD-rice-miller-unit-main-structure-360x270.webp 360w, https:\/\/www.agriculture-machine.com\/wp-content\/uploads\/2023\/11\/25TPD-rice-miller-unit-main-structure-240x180.webp 240w\" sizes=\"auto, (max-width: 720px) 100vw, 720px\" \/><figcaption class=\"wp-element-caption\">25TPD pirin\u00e7 de\u011firmeni ana yap\u0131s\u0131<\/figcaption><\/figure>    <p class=\"translation-block\">Elbette, \u00e7elik \u00e7er\u00e7eve yap\u0131s\u0131na sahip kar\u015f\u0131l\u0131k gelen \u00fcretim hatt\u0131m\u0131z da var, l\u00fctfen t\u0131klayarak g\u00f6r\u00fcnt\u00fcleyin: <strong><a href=\"https:\/\/www.agriculture-machine.com\/tr\/25tpd-rice-milling-line\/\">25TPD Pirin\u00e7 \u00d6\u011f\u00fctme Hatt\u0131 \u00c7elik \u00c7er\u00e7eve ile<\/a><\/strong>.<\/p>    <h2 class=\"wp-block-heading\">Be\u015f Pirin\u00e7 De\u011firmeni \u00dcnitesi G\u00f6sterimi<\/h2>    <p>\u015eirketimizin gurur duydu\u011fu \u00fcr\u00fcn hatlar\u0131 aras\u0131nda, g\u00fcnl\u00fck 25 ton \u00e7\u0131kt\u0131 sa\u011flayan pirin\u00e7 de\u011firmeni \u00fcnitesi sadece y\u00fcksek \u00fcretim kapasitesiyle de\u011fil, ayn\u0131 zamanda farkl\u0131 ihtiya\u00e7lara esnek yan\u0131t verebilen \u00e7oklu yap\u0131land\u0131rmalar\u0131yla da m\u00fc\u015fteriler aras\u0131nda pop\u00fclerdir. T\u00fcm\u00fcn\u00fc ihtiya\u00e7 ve b\u00fct\u00e7enize g\u00f6re se\u00e7ebilirsiniz.<\/p>    <p>A\u015fa\u011f\u0131da be\u015f kombinasyon k\u0131saca listelenmi\u015ftir. Elbette, ba\u015fka fikirleriniz varsa, bizimle ileti\u015fime ge\u00e7mekten \u00e7ekinmeyin ve size en uygun se\u00e7ene\u011fi \u00f6nerece\u011fiz.<\/p>    <h3 class=\"wp-block-heading\">Tip 1<\/h3>    <figure class=\"wp-block-gallery has-nested-images columns-default is-cropped wp-block-gallery-2 is-layout-flex wp-block-gallery-is-layout-flex\"> <figure class=\"wp-block-image size-large\"><img loading=\"lazy\" decoding=\"async\" width=\"720\" height=\"540\" data-id=\"15264\" src=\"https:\/\/www.agriculture-machine.com\/wp-content\/uploads\/2023\/11\/rice-millers-for-sale.webp\" alt=\"sat\u0131l\u0131k pirin\u00e7 de\u011firmenleri\" class=\"wp-image-15264\" srcset=\"https:\/\/www.agriculture-machine.com\/wp-content\/uploads\/2023\/11\/rice-millers-for-sale.webp 720w, https:\/\/www.agriculture-machine.com\/wp-content\/uploads\/2023\/11\/rice-millers-for-sale-360x270.webp 360w, https:\/\/www.agriculture-machine.com\/wp-content\/uploads\/2023\/11\/rice-millers-for-sale-240x180.webp 240w\" sizes=\"auto, (max-width: 720px) 100vw, 720px\" \/><figcaption class=\"wp-element-caption\">sat\u0131l\u0131k pirin\u00e7 de\u011firmenleri<\/figcaption><\/figure>    <figure class=\"wp-block-image size-large\"><img loading=\"lazy\" decoding=\"async\" width=\"720\" height=\"540\" data-id=\"15263\" src=\"https:\/\/www.agriculture-machine.com\/wp-content\/uploads\/2023\/11\/paddy-rice-process-equipment.webp\" alt=\"pirin\u00e7 tarlas\u0131 i\u015fleme ekipmanlar\u0131\" class=\"wp-image-15263\" srcset=\"https:\/\/www.agriculture-machine.com\/wp-content\/uploads\/2023\/11\/paddy-rice-process-equipment.webp 720w, https:\/\/www.agriculture-machine.com\/wp-content\/uploads\/2023\/11\/paddy-rice-process-equipment-360x270.webp 360w, https:\/\/www.agriculture-machine.com\/wp-content\/uploads\/2023\/11\/paddy-rice-process-equipment-240x180.webp 240w\" sizes=\"auto, (max-width: 720px) 100vw, 720px\" \/><figcaption class=\"wp-element-caption\">pirin\u00e7 tarlas\u0131 i\u015fleme ekipmanlar\u0131<\/figcaption><\/figure> <\/figure>    <p class=\"translation-block\">Bu, nispeten basit bir pirin\u00e7 de\u011firmeni \u00fcnitesi kombinasyonudur ve t\u00fcm hat boyunca yer alan makineler s\u0131ras\u0131yla, bir besleme haznesi, bir ay\u0131klay\u0131c\u0131, bir pirin\u00e7 kabuk ay\u0131r\u0131c\u0131, bir yer\u00e7ekimi pirin\u00e7 ay\u0131r\u0131c\u0131, iki pirin\u00e7 de\u011firmeni ve bir beyaz pirin\u00e7 ay\u0131klay\u0131c\u0131d\u0131r. Genel yap\u0131land\u0131rma, 15T\/D(<a href=\"https:\/\/www.agriculture-machine.com\/tr\/rice-mill-production-line\/\"><strong>15TPD Pirin\u00e7 \u00dcretim Hatt\u0131 Parlat\u0131c\u0131 ve Beyaz Pirin\u00e7 Ay\u0131klay\u0131c\u0131 ile<\/strong><\/a>) ile ayn\u0131d\u0131r, ancak her makinenin boyutu buna g\u00f6re daha b\u00fcy\u00fckt\u00fcr.<\/p>    <h3 class=\"wp-block-heading\">Tip 4<\/h3>    <figure class=\"wp-block-gallery has-nested-images columns-default is-cropped wp-block-gallery-3 is-layout-flex wp-block-gallery-is-layout-flex\"> <figure class=\"wp-block-image size-large\"><img loading=\"lazy\" decoding=\"async\" width=\"720\" height=\"540\" data-id=\"15266\" src=\"https:\/\/www.agriculture-machine.com\/wp-content\/uploads\/2023\/11\/white-rice-making-line.webp\" alt=\"beyaz pirin\u00e7 yap\u0131m hatt\u0131\" class=\"wp-image-15266\" srcset=\"https:\/\/www.agriculture-machine.com\/wp-content\/uploads\/2023\/11\/white-rice-making-line.webp 720w, https:\/\/www.agriculture-machine.com\/wp-content\/uploads\/2023\/11\/white-rice-making-line-360x270.webp 360w, https:\/\/www.agriculture-machine.com\/wp-content\/uploads\/2023\/11\/white-rice-making-line-240x180.webp 240w\" sizes=\"auto, (max-width: 720px) 100vw, 720px\" \/><figcaption class=\"wp-element-caption\">beyaz pirin\u00e7 yap\u0131m hatt\u0131<\/figcaption><\/figure>    <figure class=\"wp-block-image size-large\"><img loading=\"lazy\" decoding=\"async\" width=\"720\" height=\"540\" data-id=\"15265\" src=\"https:\/\/www.agriculture-machine.com\/wp-content\/uploads\/2023\/11\/rice-paddy-processing-plant.webp\" alt=\"pirin\u00e7 tarlas\u0131 i\u015fleme tesisi\" class=\"wp-image-15265\" srcset=\"https:\/\/www.agriculture-machine.com\/wp-content\/uploads\/2023\/11\/rice-paddy-processing-plant.webp 720w, https:\/\/www.agriculture-machine.com\/wp-content\/uploads\/2023\/11\/rice-paddy-processing-plant-360x270.webp 360w, https:\/\/www.agriculture-machine.com\/wp-content\/uploads\/2023\/11\/rice-paddy-processing-plant-240x180.webp 240w\" sizes=\"auto, (max-width: 720px) 100vw, 720px\" \/><figcaption class=\"wp-element-caption\">pirin\u00e7 tarlas\u0131 i\u015fleme tesisi<\/figcaption><\/figure> <\/figure>    <p class=\"translation-block\">Bu makine grubu, <strong>Tip 1<\/strong> temel al\u0131narak, ek bir pirin\u00e7 de\u011firmeni ve parlat\u0131c\u0131 ile birlikte, hatt\u0131n sonunda bir pirin\u00e7 paketleme makinesi eklenmi\u015ftir.<\/p>    <h3 class=\"wp-block-heading\">otomatik pirin\u00e7 de\u011firmeni \u00fcretim hatt\u0131<\/h3>    <figure class=\"wp-block-gallery has-nested-images columns-default is-cropped wp-block-gallery-4 is-layout-flex wp-block-gallery-is-layout-flex\"> <figure class=\"wp-block-image size-large\"><img loading=\"lazy\" decoding=\"async\" width=\"720\" height=\"540\" data-id=\"15267\" src=\"https:\/\/www.agriculture-machine.com\/wp-content\/uploads\/2023\/11\/automatic-rice-mill-production-line.webp\" alt=\"pirin\u00e7 \u00f6\u011f\u00fctme sistemi\" class=\"wp-image-15267\" srcset=\"https:\/\/www.agriculture-machine.com\/wp-content\/uploads\/2023\/11\/automatic-rice-mill-production-line.webp 720w, https:\/\/www.agriculture-machine.com\/wp-content\/uploads\/2023\/11\/automatic-rice-mill-production-line-360x270.webp 360w, https:\/\/www.agriculture-machine.com\/wp-content\/uploads\/2023\/11\/automatic-rice-mill-production-line-240x180.webp 240w\" sizes=\"auto, (max-width: 720px) 100vw, 720px\" \/><figcaption class=\"wp-element-caption\">pirin\u00e7 \u00f6\u011f\u00fctme sistemi<\/figcaption><\/figure>    <figure class=\"wp-block-image size-large\"><img loading=\"lazy\" decoding=\"async\" width=\"720\" height=\"540\" data-id=\"15268\" src=\"https:\/\/www.agriculture-machine.com\/wp-content\/uploads\/2023\/11\/rice-milling-system.webp\" alt=\"pirin\u00e7 de\u011firmeni \u00fcnitesi\" class=\"wp-image-15268\" srcset=\"https:\/\/www.agriculture-machine.com\/wp-content\/uploads\/2023\/11\/rice-milling-system.webp 720w, https:\/\/www.agriculture-machine.com\/wp-content\/uploads\/2023\/11\/rice-milling-system-360x270.webp 360w, https:\/\/www.agriculture-machine.com\/wp-content\/uploads\/2023\/11\/rice-milling-system-240x180.webp 240w\" sizes=\"auto, (max-width: 720px) 100vw, 720px\" \/><figcaption class=\"wp-element-caption\">pirin\u00e7 de\u011firmeni \u00fcnitesi<\/figcaption><\/figure> <\/figure>    <p class=\"translation-block\">Bu pirin\u00e7 de\u011firmeni \u00fcnitesi kombinasyonu de olduk\u00e7a basittir, sadece <strong>Tip 1<\/strong> sonunda ek bir renk ay\u0131klay\u0131c\u0131 ve paketleme makinesi eklenmi\u015ftir. Bunlar aras\u0131nda, renk ay\u0131klay\u0131c\u0131, y\u00fcksek zekaya sahip optik sistem sayesinde pirincin rengini ve \u015feklini tespit eder, b\u00f6ylece uygun olmayan pirin\u00e7, renk lekeleri, yabanc\u0131 maddeler ve di\u011fer sorunlu pirin\u00e7ler reddedilir.<\/p>    <h3 class=\"wp-block-heading\">su parlat\u0131c\u0131, renk ay\u0131klay\u0131c\u0131<\/h3>    <figure class=\"wp-block-gallery has-nested-images columns-default is-cropped wp-block-gallery-5 is-layout-flex wp-block-gallery-is-layout-flex\"> <figure class=\"wp-block-image size-large\"><img loading=\"lazy\" decoding=\"async\" width=\"720\" height=\"540\" data-id=\"15269\" src=\"https:\/\/www.agriculture-machine.com\/wp-content\/uploads\/2023\/11\/rice-miller-unit.webp\" alt=\"entegre pirin\u00e7 i\u015fleme hatt\u0131\" class=\"wp-image-15269\" srcset=\"https:\/\/www.agriculture-machine.com\/wp-content\/uploads\/2023\/11\/rice-miller-unit.webp 720w, https:\/\/www.agriculture-machine.com\/wp-content\/uploads\/2023\/11\/rice-miller-unit-360x270.webp 360w, https:\/\/www.agriculture-machine.com\/wp-content\/uploads\/2023\/11\/rice-miller-unit-240x180.webp 240w\" sizes=\"auto, (max-width: 720px) 100vw, 720px\" \/><figcaption class=\"wp-element-caption\">entegre pirin\u00e7 i\u015fleme hatt\u0131<\/figcaption><\/figure>    <figure class=\"wp-block-image size-large\"><img loading=\"lazy\" decoding=\"async\" width=\"720\" height=\"540\" data-id=\"15270\" src=\"https:\/\/www.agriculture-machine.com\/wp-content\/uploads\/2023\/11\/water-polisher-color-sorter.webp\" alt=\"pirin\u00e7 ve pirin\u00e7 i\u015fleme de\u011firmenleri\" class=\"wp-image-15270\" srcset=\"https:\/\/www.agriculture-machine.com\/wp-content\/uploads\/2023\/11\/water-polisher-color-sorter.webp 720w, https:\/\/www.agriculture-machine.com\/wp-content\/uploads\/2023\/11\/water-polisher-color-sorter-360x270.webp 360w, https:\/\/www.agriculture-machine.com\/wp-content\/uploads\/2023\/11\/water-polisher-color-sorter-240x180.webp 240w\" sizes=\"auto, (max-width: 720px) 100vw, 720px\" \/><figcaption class=\"wp-element-caption\">pirin\u00e7 ve pirin\u00e7 i\u015fleme de\u011firmenleri<\/figcaption><\/figure> <\/figure>    <p class=\"translation-block\">Bu yap\u0131land\u0131rma, <strong>Tip 1<\/strong> \u00fczerine in\u015fa edilmi\u015ftir ve hemen ard\u0131ndan pirin\u00e7 de\u011firmeninden sonra bir su parlatma makinesi eklenmi\u015f, ayr\u0131ca beyaz pirin\u00e7 ay\u0131klay\u0131c\u0131dan sonra renk ay\u0131klama ve paketleme ekipmanlar\u0131 yerle\u015ftirilmi\u015ftir (ilave makinelerin detaylar\u0131 sa\u011fda g\u00f6sterilmi\u015ftir).<\/p>    <h3 class=\"wp-block-heading\">Tasar\u0131m \u00c7izim Hizmeti<\/h3>    <figure class=\"wp-block-gallery has-nested-images columns-default is-cropped wp-block-gallery-6 is-layout-flex wp-block-gallery-is-layout-flex\"> <figure class=\"wp-block-image size-large\"><img loading=\"lazy\" decoding=\"async\" width=\"720\" height=\"540\" data-id=\"15271\" src=\"https:\/\/www.agriculture-machine.com\/wp-content\/uploads\/2023\/11\/integrated-rice-processsing-line.webp\" alt=\"Depozito al\u0131nd\u0131ktan sonra, \u00fcretim at\u00f6lyesi yerle\u015fim \u00e7izimini g\u00f6nderebilirsiniz. M\u00fchendislerimiz, at\u00f6lye b\u00fcy\u00fckl\u00fc\u011f\u00fcn\u00fcze g\u00f6re t\u00fcm pirin\u00e7 de\u011firmeni \u00fcnitesi tasar\u0131m\u0131n\u0131 \u00e7izecektir. A\u015fa\u011f\u0131da bir \u00f6rnek \u00e7izim verilmi\u015ftir.\" class=\"wp-image-15271\" srcset=\"https:\/\/www.agriculture-machine.com\/wp-content\/uploads\/2023\/11\/integrated-rice-processsing-line.webp 720w, https:\/\/www.agriculture-machine.com\/wp-content\/uploads\/2023\/11\/integrated-rice-processsing-line-360x270.webp 360w, https:\/\/www.agriculture-machine.com\/wp-content\/uploads\/2023\/11\/integrated-rice-processsing-line-240x180.webp 240w\" sizes=\"auto, (max-width: 720px) 100vw, 720px\" \/><figcaption class=\"wp-element-caption\">Depozito al\u0131nd\u0131ktan sonra, \u00fcretim at\u00f6lyesi yerle\u015fim \u00e7izimini g\u00f6nderebilirsiniz. M\u00fchendislerimiz, at\u00f6lye b\u00fcy\u00fckl\u00fc\u011f\u00fcn\u00fcze g\u00f6re t\u00fcm pirin\u00e7 de\u011firmeni \u00fcnitesi tasar\u0131m\u0131n\u0131 \u00e7izecektir. A\u015fa\u011f\u0131da bir \u00f6rnek \u00e7izim verilmi\u015ftir.<\/figcaption><\/figure>    <figure class=\"wp-block-image size-large\"><img loading=\"lazy\" decoding=\"async\" width=\"720\" height=\"540\" data-id=\"15272\" src=\"https:\/\/www.agriculture-machine.com\/wp-content\/uploads\/2023\/11\/paddy-and-rice-processing-mills.webp\" alt=\"pirin\u00e7 de\u011firmeni kurulum \u00e7izimi\" class=\"wp-image-15272\" srcset=\"https:\/\/www.agriculture-machine.com\/wp-content\/uploads\/2023\/11\/paddy-and-rice-processing-mills.webp 720w, https:\/\/www.agriculture-machine.com\/wp-content\/uploads\/2023\/11\/paddy-and-rice-processing-mills-360x270.webp 360w, https:\/\/www.agriculture-machine.com\/wp-content\/uploads\/2023\/11\/paddy-and-rice-processing-mills-240x180.webp 240w\" sizes=\"auto, (max-width: 720px) 100vw, 720px\" \/><figcaption class=\"wp-element-caption\">pirin\u00e7 de\u011firmeni kurulum \u00e7izimi<\/figcaption><\/figure> <\/figure>    <p class=\"translation-block\">Set, <strong>Tip 4<\/strong> yap\u0131land\u0131rmas\u0131na benzer olup, baz\u0131 makinelerin yerle\u015ftirme s\u0131ras\u0131n\u0131n de\u011fi\u015fmi\u015f olmas\u0131 fark\u0131d\u0131r. Renk ay\u0131klay\u0131c\u0131, ilk pirin\u00e7 de\u011firmeninden sonra, su bu\u011fu parlat\u0131c\u0131, beyaz pirin\u00e7 ay\u0131klay\u0131c\u0131dan sonra yerle\u015ftirilmi\u015f ve hemen ard\u0131ndan ek bir depolama kutusu eklenmi\u015ftir, b\u00f6ylece \u00f6\u011f\u00fctme h\u0131z\u0131 paketleme makinesine yeti\u015febilir.<\/p>    <h2 class=\"wp-block-heading\">Yukar\u0131daki be\u015f farkl\u0131 pirin\u00e7 de\u011firmeni \u00fcnitesi kombinasyonuna dayanarak, pirin\u00e7 i\u015fleme makinesi sat\u0131n al\u0131rken se\u00e7eneklerinizin \u00e7ok esnek olabilece\u011fi a\u00e7\u0131kt\u0131r. Belirli ek makineleri sat\u0131n al\u0131p almamaya karar verebilir ve baz\u0131 makineleri tercihinize g\u00f6re ayarlayabilirsiniz. Bu \u00e7ok y\u00f6nl\u00fcl\u00fck, hatt\u0131n farkl\u0131 i\u015fleme gereksinimleriyle pirin\u00e7 \u00fcretim senaryolar\u0131n\u0131 kar\u015f\u0131lamas\u0131n\u0131 sa\u011flar.<\/h2>    <p>25TPD pirin\u00e7 \u00f6\u011f\u00fctme hatt\u0131<\/p>    <figure class=\"wp-block-image size-full\"><img loading=\"lazy\" decoding=\"async\" width=\"720\" height=\"540\" src=\"https:\/\/www.agriculture-machine.com\/wp-content\/uploads\/2023\/11\/rice-miller-unit-installation-drawing.webp\" alt=\"Son zamanlarda, g\u00fcnde 25 ton tah\u0131l i\u015fleyebilen gururlu pirin\u00e7 de\u011firmenimiz tekrar sat\u0131\u015fa sunuldu. Bu hat, \u00e7elik \u00e7er\u00e7eve yap\u0131land\u0131rmas\u0131n\u0131 kald\u0131r\u0131r, b\u00f6ylece t\u00fcm\u00fc daha kompakt ve kullan\u0131\u015fl\u0131 hale gelir, her t\u00fcrl\u00fc tesis alan\u0131 s\u0131n\u0131rlamas\u0131na uyum sa\u011flar.\" class=\"wp-image-15273\" srcset=\"https:\/\/www.agriculture-machine.com\/wp-content\/uploads\/2023\/11\/rice-miller-unit-installation-drawing.webp 720w, https:\/\/www.agriculture-machine.com\/wp-content\/uploads\/2023\/11\/rice-miller-unit-installation-drawing-360x270.webp 360w, https:\/\/www.agriculture-machine.com\/wp-content\/uploads\/2023\/11\/rice-miller-unit-installation-drawing-240x180.webp 240w\" sizes=\"auto, (max-width: 720px) 100vw, 720px\" \/><figcaption class=\"wp-element-caption\">Son zamanlarda, g\u00fcnde 25 ton tah\u0131l i\u015fleyebilen gururlu pirin\u00e7 de\u011firmenimiz tekrar sat\u0131\u015fa sunuldu. Bu hat, \u00e7elik \u00e7er\u00e7eve yap\u0131land\u0131rmas\u0131n\u0131 kald\u0131r\u0131r, b\u00f6ylece t\u00fcm\u00fc daha kompakt ve kullan\u0131\u015fl\u0131 hale gelir, her t\u00fcrl\u00fc tesis alan\u0131 s\u0131n\u0131rlamas\u0131na uyum sa\u011flar.<\/figcaption><\/figure>    <p>Based on the five different rice miller unit combinations above, it&#8217;s easy to see that your options can be very flexible when it comes to purchasing a machine to process rice. You can choose whether or not to purchase certain additional machines, and you can also adjust some of the machines to suit your preferences. This versatility allows the line to meet rice production scenarios with different processing requirements.<\/p>    <p class=\"translation-block\">Daha fazla pirin\u00e7 i\u015fleme hatt\u0131 yap\u0131land\u0131rmas\u0131 i\u00e7in l\u00fctfen bu web sitesini ziyaret edin: <a href=\"https:\/\/www.agriculture-machine.com\/tr\/rice-mill-category\/\"><strong>https:\/\/www.agriculture-machine.com\/rice-mill-category\/<\/strong><\/a>, ve dan\u0131\u015fma ve fiyat teklifi i\u00e7in bizimle ileti\u015fime ge\u00e7mekten \u00e7ekinmeyin.<\/p>","protected":false},"excerpt":{"rendered":"<p>Recently, our proud rice miller unit that can process 25 tons of grain per day has been successfully offered for sale again. Different from the traditional design, this production line purposely removes the steel frame configuration, making the whole more compact and convenient, adapting to all kinds of plant space limitations. Of course, we also [&hellip;]<\/p>\n","protected":false},"author":1,"featured_media":15262,"parent":0,"comment_status":"closed","ping_status":"closed","template":"","tags":[796],"product-type":[875,906],"class_list":["post-15261","product","type-product","status-publish","has-post-thumbnail","hentry","tag-rice","product-type-rice-mill-category","product-type-rice-mill-production-line"],"_links":{"self":[{"href":"https:\/\/www.agriculture-machine.com\/tr\/wp-json\/wp\/v2\/product\/15261","targetHints":{"allow":["GET"]}}],"collection":[{"href":"https:\/\/www.agriculture-machine.com\/tr\/wp-json\/wp\/v2\/product"}],"about":[{"href":"https:\/\/www.agriculture-machine.com\/tr\/wp-json\/wp\/v2\/types\/product"}],"author":[{"embeddable":true,"href":"https:\/\/www.agriculture-machine.com\/tr\/wp-json\/wp\/v2\/users\/1"}],"replies":[{"embeddable":true,"href":"https:\/\/www.agriculture-machine.com\/tr\/wp-json\/wp\/v2\/comments?post=15261"}],"wp:featuredmedia":[{"embeddable":true,"href":"https:\/\/www.agriculture-machine.com\/tr\/wp-json\/wp\/v2\/media\/15262"}],"wp:attachment":[{"href":"https:\/\/www.agriculture-machine.com\/tr\/wp-json\/wp\/v2\/media?parent=15261"}],"wp:term":[{"taxonomy":"post_tag","embeddable":true,"href":"https:\/\/www.agriculture-machine.com\/tr\/wp-json\/wp\/v2\/tags?post=15261"},{"taxonomy":"product-type","embeddable":true,"href":"https:\/\/www.agriculture-machine.com\/tr\/wp-json\/wp\/v2\/product-type?post=15261"}],"curies":[{"name":"wp","href":"https:\/\/api.w.org\/{rel}","templated":true}]}}