{"id":15278,"date":"2023-11-24T17:17:45","date_gmt":"2023-11-24T09:17:45","guid":{"rendered":"https:\/\/www.agriculture-machine.com\/?post_type=product&#038;p=15278"},"modified":"2024-09-18T15:44:15","modified_gmt":"2024-09-18T07:44:15","slug":"25tpd-rice-milling-line","status":"publish","type":"product","link":"https:\/\/www.agriculture-machine.com\/tr\/25tpd-rice-milling-line\/","title":{"rendered":"25TPD Pirin\u00e7 De\u011firmen Hatt\u0131, \u00c7elik \u00c7er\u00e7eve ile"},"content":{"rendered":"<p>Taizy \u015firketi, verimli ve g\u00fcvenilir bir \u00e7\u00f6z\u00fcm sa\u011flamak amac\u0131yla sa\u011flam \u00e7elik \u00e7er\u00e7eve yap\u0131land\u0131rmas\u0131na sahip 25 ton\/g\u00fcn \u00e7\u0131kt\u0131 sa\u011flayan pirin\u00e7 \u00f6\u011f\u00fctme hatt\u0131 sunar. 25 ton\/g\u00fcn kapasite, hem orta hem de b\u00fcy\u00fck pirin\u00e7 \u00fcreticilerinin b\u00fcy\u00fck \u00f6l\u00e7ekli pirin\u00e7 \u00f6\u011f\u00fctme ihtiya\u00e7lar\u0131n\u0131 kar\u015f\u0131laman\u0131z\u0131 sa\u011flar.<\/p>    <figure class=\"wp-block-image size-full\"><img loading=\"lazy\" decoding=\"async\" width=\"720\" height=\"540\" src=\"https:\/\/www.agriculture-machine.com\/wp-content\/uploads\/2023\/11\/rice-milling-line-with-frame-structure.webp\" alt=\"Taizy \u015firketi, verimli ve g\u00fcvenilir bir pirin\u00e7 \u00fcretim \u00e7\u00f6z\u00fcm\u00fc sa\u011flamak amac\u0131yla sa\u011flam \u00e7elik \u00e7er\u00e7eve yap\u0131land\u0131rmas\u0131na sahip 25 ton\/g\u00fcn \u00e7\u0131kt\u0131 sa\u011flayan pirin\u00e7 \u00f6\u011f\u00fctme hatt\u0131 sunar.\" class=\"wp-image-15282\" srcset=\"https:\/\/www.agriculture-machine.com\/wp-content\/uploads\/2023\/11\/rice-milling-line-with-frame-structure.webp 720w, https:\/\/www.agriculture-machine.com\/wp-content\/uploads\/2023\/11\/rice-milling-line-with-frame-structure-360x270.webp 360w, https:\/\/www.agriculture-machine.com\/wp-content\/uploads\/2023\/11\/rice-milling-line-with-frame-structure-240x180.webp 240w\" sizes=\"auto, (max-width: 720px) 100vw, 720px\" \/><figcaption class=\"wp-element-caption\">\u00e7er\u00e7eveli pirin\u00e7 \u00f6\u011f\u00fctme hatt\u0131<\/figcaption><\/figure>    <p class=\"translation-block\">Bu arada, ayn\u0131 \u00fcretim hatt\u0131n\u0131n \u00e7elik \u00e7er\u00e7evesiz versiyonu da mevcuttur, l\u00fctfen g\u00f6r\u00fcnt\u00fclemek i\u00e7in t\u0131klay\u0131n: <strong><a href=\"https:\/\/www.agriculture-machine.com\/tr\/25tpd-rice-miller-unit\/\">25Ton\/G\u00fcn Pirin\u00e7 \u00d6\u011f\u00fctme \u00dcnitesi \u00c7elik \u00c7er\u00e7evesiz<\/a><\/strong>.<\/p>    <h2 class=\"wp-block-heading\">This Paddy Processing Line&#8217;s Main Features<\/h2>    <ul class=\"wp-block-list\"> <li><strong>Sa\u011flam \u00c7elik \u00c7er\u00e7eve:<\/strong> Y\u00fcksek kaliteli \u00e7elik kullan\u0131larak tasarlanm\u0131\u015f, yap\u0131 sa\u011flam ve dayan\u0131kl\u0131d\u0131r, t\u00fcm \u00fcretim hatt\u0131n\u0131n istikrar\u0131n\u0131 ve uzun vadeli g\u00fcvenilirli\u011fini sa\u011flar.<\/li>    <li><strong>Y\u00fcksek \u00f6zelle\u015ftirilebilir:<\/strong> \u00dcretim \u00f6l\u00e7e\u011finize ve gereksinimlerinize g\u00f6re uygun konfig\u00fcrasyonu se\u00e7ebilirsiniz, bu da pirin\u00e7 \u00f6\u011f\u00fctme hatt\u0131n\u0131n y\u00fcksek derecede ki\u015fiselle\u015ftirilmesine olanak tan\u0131r.<\/li>    <li><strong>Yer Tasarrufu:<\/strong> Kompakt ve sa\u011flam \u00e7elik \u00e7er\u00e7eve yap\u0131s\u0131 sadece g\u00fc\u00e7l\u00fc destek sa\u011flamakla kalmaz, ayn\u0131 zamanda tesis alan\u0131n\u0131 etkin bir \u015fekilde kullanarak ekipman\u0131n d\u00fczenini sa\u011flar.<\/li>    <li><strong>Esnek Konfig\u00fcrasyon:<\/strong> It can be customized according to the customer&#8217;s needs, including components such as rice milling machine type, polishing machine, color sorter, etc. to meet different rice milling requirements.<\/li> <\/ul>    <figure class=\"wp-block-gallery has-nested-images columns-default is-cropped wp-block-gallery-2 is-layout-flex wp-block-gallery-is-layout-flex\"> <figure class=\"wp-block-image size-large\"><img loading=\"lazy\" decoding=\"async\" width=\"720\" height=\"540\" data-id=\"15280\" src=\"https:\/\/www.agriculture-machine.com\/wp-content\/uploads\/2023\/11\/paddy-mill-production-line.webp\" alt=\"pirin\u00e7 de\u011firmen \u00fcretim hatt\u0131\" class=\"wp-image-15280\" srcset=\"https:\/\/www.agriculture-machine.com\/wp-content\/uploads\/2023\/11\/paddy-mill-production-line.webp 720w, https:\/\/www.agriculture-machine.com\/wp-content\/uploads\/2023\/11\/paddy-mill-production-line-360x270.webp 360w, https:\/\/www.agriculture-machine.com\/wp-content\/uploads\/2023\/11\/paddy-mill-production-line-240x180.webp 240w\" sizes=\"auto, (max-width: 720px) 100vw, 720px\" \/><figcaption class=\"wp-element-caption\">pirin\u00e7 de\u011firmen \u00fcretim hatt\u0131<\/figcaption><\/figure>    <figure class=\"wp-block-image size-large\"><img loading=\"lazy\" decoding=\"async\" width=\"720\" height=\"540\" data-id=\"15281\" src=\"https:\/\/www.agriculture-machine.com\/wp-content\/uploads\/2023\/11\/paddy-rice-processing-system.webp\" alt=\"pirin\u00e7 i\u015fleme sistemi\" class=\"wp-image-15281\" srcset=\"https:\/\/www.agriculture-machine.com\/wp-content\/uploads\/2023\/11\/paddy-rice-processing-system.webp 720w, https:\/\/www.agriculture-machine.com\/wp-content\/uploads\/2023\/11\/paddy-rice-processing-system-360x270.webp 360w, https:\/\/www.agriculture-machine.com\/wp-content\/uploads\/2023\/11\/paddy-rice-processing-system-240x180.webp 240w\" sizes=\"auto, (max-width: 720px) 100vw, 720px\" \/><figcaption class=\"wp-element-caption\">pirin\u00e7 i\u015fleme sistemi<\/figcaption><\/figure> <\/figure>    <p>Altta yatan platform, t\u00fcm makinelerin ayn\u0131 seviyede sorunsuz \u00e7al\u0131\u015fmas\u0131n\u0131 sa\u011flamak i\u00e7in stratejik olarak entegre edilmi\u015ftir. Bu, uyumlu bir i\u015f ak\u0131\u015f\u0131n\u0131 te\u015fvik eder ve \u00e7e\u015fitli bile\u015fenler aras\u0131nda verimli ba\u011flant\u0131y\u0131 kolayla\u015ft\u0131r\u0131r. \u00dcst platform, asans\u00f6r incelemeleri ve bak\u0131m\u0131 i\u00e7in uygun bir alan sa\u011flar, ar\u0131zalar\u0131 azalt\u0131r ve birimin genel \u00f6mr\u00fcn\u00fc art\u0131r\u0131r.<\/p>    <h2 class=\"wp-block-heading\">\u00c7elik \u00c7er\u00e7eveli \u00dc\u00e7 T\u00fcrl\u00fc Pirin\u00e7 \u00d6\u011f\u00fctme Hatt\u0131<\/h2>    <p>Pirinc \u00f6\u011f\u00fctme \u00fcretim hatlar\u0131 \u00e7e\u015fitli \u015fekillerde birle\u015ftirilebilir. A\u015fa\u011f\u0131da \u00fc\u00e7 yap\u0131land\u0131rma listelenmi\u015f olup, her hatt\u0131n bile\u015fimini k\u0131saca a\u00e7\u0131klamaktad\u0131r.<\/p>    <h3 class=\"wp-block-heading\">Tip 1<\/h3>    <figure class=\"wp-block-gallery has-nested-images columns-default is-cropped wp-block-gallery-3 is-layout-flex wp-block-gallery-is-layout-flex\"> <figure class=\"wp-block-image size-large\"><img loading=\"lazy\" decoding=\"async\" width=\"720\" height=\"540\" data-id=\"15284\" src=\"https:\/\/www.agriculture-machine.com\/wp-content\/uploads\/2023\/11\/rice-miller-equipments.webp\" alt=\"25TPD Uygun Fiyatl\u0131 Otomatik Pirin\u00e7 \u00d6\u011f\u00fctme Hatt\u0131 ve \u00c7elik \u00c7er\u00e7eve Yap\u0131s\u0131\" class=\"wp-image-15284\" srcset=\"https:\/\/www.agriculture-machine.com\/wp-content\/uploads\/2023\/11\/rice-miller-equipments.webp 720w, https:\/\/www.agriculture-machine.com\/wp-content\/uploads\/2023\/11\/rice-miller-equipments-360x270.webp 360w, https:\/\/www.agriculture-machine.com\/wp-content\/uploads\/2023\/11\/rice-miller-equipments-240x180.webp 240w\" sizes=\"auto, (max-width: 720px) 100vw, 720px\" \/><figcaption class=\"wp-element-caption\">pirin\u00e7 de\u011firmen ekipmanlar\u0131<\/figcaption><\/figure>    <figure class=\"wp-block-image size-large\"><img loading=\"lazy\" decoding=\"async\" width=\"720\" height=\"540\" data-id=\"15283\" src=\"https:\/\/www.agriculture-machine.com\/wp-content\/uploads\/2023\/11\/complete-rice-milling-machine.webp\" alt=\"tam pirin\u00e7 \u00f6\u011f\u00fctme makinesi\" class=\"wp-image-15283\" srcset=\"https:\/\/www.agriculture-machine.com\/wp-content\/uploads\/2023\/11\/complete-rice-milling-machine.webp 720w, https:\/\/www.agriculture-machine.com\/wp-content\/uploads\/2023\/11\/complete-rice-milling-machine-360x270.webp 360w, https:\/\/www.agriculture-machine.com\/wp-content\/uploads\/2023\/11\/complete-rice-milling-machine-240x180.webp 240w\" sizes=\"auto, (max-width: 720px) 100vw, 720px\" \/><figcaption class=\"wp-element-caption\">tam pirin\u00e7 \u00f6\u011f\u00fctme makinesi<\/figcaption><\/figure> <\/figure>    <p>Bu pirin\u00e7 \u00f6\u011f\u00fctme hatt\u0131 kombinasyonu, geleneksel bir pirin\u00e7 ay\u0131r\u0131c\u0131, kabuk ay\u0131r\u0131c\u0131, yer\u00e7ekimi pirin\u00e7 ay\u0131r\u0131c\u0131, iki pirin\u00e7 de\u011firmeni, ard\u0131ndan bir renk ay\u0131r\u0131c\u0131, parlat\u0131c\u0131, beyaz pirin\u00e7 s\u0131n\u0131fland\u0131r\u0131c\u0131 ve tart\u0131m ve paketleme makinesi i\u00e7erir.<\/p>    <h3 class=\"wp-block-heading\">Tip 4<\/h3>    <figure class=\"wp-block-gallery has-nested-images columns-default is-cropped wp-block-gallery-4 is-layout-flex wp-block-gallery-is-layout-flex\"> <figure class=\"wp-block-image size-large\"><img loading=\"lazy\" decoding=\"async\" width=\"720\" height=\"540\" data-id=\"15285\" src=\"https:\/\/www.agriculture-machine.com\/wp-content\/uploads\/2023\/11\/complete-rice-processing-plant.webp\" alt=\"beyaz pirin\u00e7 i\u015fleme hizmeti\" class=\"wp-image-15285\" srcset=\"https:\/\/www.agriculture-machine.com\/wp-content\/uploads\/2023\/11\/complete-rice-processing-plant.webp 720w, https:\/\/www.agriculture-machine.com\/wp-content\/uploads\/2023\/11\/complete-rice-processing-plant-360x270.webp 360w, https:\/\/www.agriculture-machine.com\/wp-content\/uploads\/2023\/11\/complete-rice-processing-plant-240x180.webp 240w\" sizes=\"auto, (max-width: 720px) 100vw, 720px\" \/><figcaption class=\"wp-element-caption\">beyaz pirin\u00e7 i\u015fleme hizmeti<\/figcaption><\/figure>    <figure class=\"wp-block-image size-large\"><img loading=\"lazy\" decoding=\"async\" width=\"720\" height=\"540\" data-id=\"15286\" src=\"https:\/\/www.agriculture-machine.com\/wp-content\/uploads\/2023\/11\/white-rice-processing-service.webp\" alt=\"beyaz pirin\u00e7 yap\u0131m s\u00fcreci\" class=\"wp-image-15286\" srcset=\"https:\/\/www.agriculture-machine.com\/wp-content\/uploads\/2023\/11\/white-rice-processing-service.webp 720w, https:\/\/www.agriculture-machine.com\/wp-content\/uploads\/2023\/11\/white-rice-processing-service-360x270.webp 360w, https:\/\/www.agriculture-machine.com\/wp-content\/uploads\/2023\/11\/white-rice-processing-service-240x180.webp 240w\" sizes=\"auto, (max-width: 720px) 100vw, 720px\" \/><figcaption class=\"wp-element-caption\">beyaz pirin\u00e7 yap\u0131m s\u00fcreci<\/figcaption><\/figure> <\/figure>    <p class=\"translation-block\">This set is basically the same as the <strong>Type 1<\/strong>&#8216;s, with the only difference being the replacement of the polisher with a water-mist polishing machine, plus the addition of a storage bin after the white rice grader.<\/p>    <h3 class=\"wp-block-heading\">otomatik pirin\u00e7 de\u011firmeni \u00fcretim hatt\u0131<\/h3>    <figure class=\"wp-block-gallery has-nested-images columns-default is-cropped wp-block-gallery-5 is-layout-flex wp-block-gallery-is-layout-flex\"> <figure class=\"wp-block-image size-large\"><img loading=\"lazy\" decoding=\"async\" width=\"720\" height=\"540\" data-id=\"15288\" src=\"https:\/\/www.agriculture-machine.com\/wp-content\/uploads\/2023\/11\/white-rice-making-process.webp\" alt=\"Yukar\u0131daki iki yap\u0131land\u0131rmayla kar\u015f\u0131la\u015ft\u0131r\u0131ld\u0131\u011f\u0131nda, bu set \u00fc\u00e7 pirin\u00e7 de\u011firmeni kullanarak daha y\u00fcksek kaliteli pirin\u00e7 \u00fcretir. Ayr\u0131ca, pirincin tazeli\u011fini ve kalitesini korumak ve raf \u00f6mr\u00fcn\u00fc uzatmak i\u00e7in geli\u015fmi\u015f bir vakum paketleme makinesi kullan\u0131r.\" class=\"wp-image-15288\" srcset=\"https:\/\/www.agriculture-machine.com\/wp-content\/uploads\/2023\/11\/white-rice-making-process.webp 720w, https:\/\/www.agriculture-machine.com\/wp-content\/uploads\/2023\/11\/white-rice-making-process-360x270.webp 360w, https:\/\/www.agriculture-machine.com\/wp-content\/uploads\/2023\/11\/white-rice-making-process-240x180.webp 240w\" sizes=\"auto, (max-width: 720px) 100vw, 720px\" \/><figcaption class=\"wp-element-caption\">Yukar\u0131daki iki yap\u0131land\u0131rmayla kar\u015f\u0131la\u015ft\u0131r\u0131ld\u0131\u011f\u0131nda, bu set \u00fc\u00e7 pirin\u00e7 de\u011firmeni kullanarak daha y\u00fcksek kaliteli pirin\u00e7 \u00fcretir. Ayr\u0131ca, pirincin tazeli\u011fini ve kalitesini korumak ve raf \u00f6mr\u00fcn\u00fc uzatmak i\u00e7in geli\u015fmi\u015f bir vakum paketleme makinesi kullan\u0131r.<\/figcaption><\/figure>    <figure class=\"wp-block-image size-large\"><img loading=\"lazy\" decoding=\"async\" width=\"720\" height=\"540\" data-id=\"15287\" src=\"https:\/\/www.agriculture-machine.com\/wp-content\/uploads\/2023\/11\/modern-rice-milling-line-factory.webp\" alt=\"Fabrika G\u00f6sterisi ve M\u00fc\u015fteri Ziyareti\" class=\"wp-image-15287\" srcset=\"https:\/\/www.agriculture-machine.com\/wp-content\/uploads\/2023\/11\/modern-rice-milling-line-factory.webp 720w, https:\/\/www.agriculture-machine.com\/wp-content\/uploads\/2023\/11\/modern-rice-milling-line-factory-360x270.webp 360w, https:\/\/www.agriculture-machine.com\/wp-content\/uploads\/2023\/11\/modern-rice-milling-line-factory-240x180.webp 240w\" sizes=\"auto, (max-width: 720px) 100vw, 720px\" \/><figcaption class=\"wp-element-caption\">Fabrika G\u00f6sterisi ve M\u00fc\u015fteri Ziyareti<\/figcaption><\/figure> <\/figure>    <p>Fabrikam\u0131z\u0131 ziyaret etmeye ho\u015f geldiniz. G\u00fc\u00e7l\u00fc stoklar\u0131m\u0131z ve verimli lojistik a\u011f\u0131m\u0131zla zaman\u0131nda teslimat\u0131 sa\u011flayarak ihtiya\u00e7lar\u0131n\u0131z\u0131 kar\u015f\u0131l\u0131yoruz.<\/p>    <h2 class=\"wp-block-heading\">pirin\u00e7 \u00f6\u011f\u00fctme hatt\u0131 yerinde g\u00f6sterimi<\/h2>    <p>pirin\u00e7 de\u011firmen \u00fcnitesi m\u00fc\u015fteri ziyareti<\/p>    <figure class=\"wp-block-gallery has-nested-images columns-default is-cropped wp-block-gallery-6 is-layout-flex wp-block-gallery-is-layout-flex\"> <figure class=\"wp-block-image size-large\"><img loading=\"lazy\" decoding=\"async\" width=\"720\" height=\"540\" data-id=\"15290\" src=\"https:\/\/www.agriculture-machine.com\/wp-content\/uploads\/2023\/11\/rice-milling-line-on-site-demonstration.webp\" alt=\"Pirincin Sat\u0131\u015f Sonras\u0131 Hizmetleri\" class=\"wp-image-15290\" srcset=\"https:\/\/www.agriculture-machine.com\/wp-content\/uploads\/2023\/11\/rice-milling-line-on-site-demonstration.webp 720w, https:\/\/www.agriculture-machine.com\/wp-content\/uploads\/2023\/11\/rice-milling-line-on-site-demonstration-360x270.webp 360w, https:\/\/www.agriculture-machine.com\/wp-content\/uploads\/2023\/11\/rice-milling-line-on-site-demonstration-240x180.webp 240w\" sizes=\"auto, (max-width: 720px) 100vw, 720px\" \/><figcaption class=\"wp-element-caption\">Pirincin Sat\u0131\u015f Sonras\u0131 Hizmetleri<\/figcaption><\/figure>    <figure class=\"wp-block-image size-large\"><img loading=\"lazy\" decoding=\"async\" width=\"720\" height=\"540\" data-id=\"15289\" src=\"https:\/\/www.agriculture-machine.com\/wp-content\/uploads\/2023\/11\/rice-mill-unit-customer-visit.webp\" alt=\"T\u00fcm pirin\u00e7 \u00f6\u011f\u00fctme hatt\u0131 makinelerini tamamlad\u0131ktan sonra, her par\u00e7a etiketiyle i\u015faretlenecektir. Ayr\u0131ca, her makine i\u00e7in kullan\u0131m talimatlar\u0131 sa\u011fl\u0131yoruz.\" class=\"wp-image-15289\" srcset=\"https:\/\/www.agriculture-machine.com\/wp-content\/uploads\/2023\/11\/rice-mill-unit-customer-visit.webp 720w, https:\/\/www.agriculture-machine.com\/wp-content\/uploads\/2023\/11\/rice-mill-unit-customer-visit-360x270.webp 360w, https:\/\/www.agriculture-machine.com\/wp-content\/uploads\/2023\/11\/rice-mill-unit-customer-visit-240x180.webp 240w\" sizes=\"auto, (max-width: 720px) 100vw, 720px\" \/><figcaption class=\"wp-element-caption\">T\u00fcm pirin\u00e7 \u00f6\u011f\u00fctme hatt\u0131 makinelerini tamamlad\u0131ktan sonra, her par\u00e7a etiketiyle i\u015faretlenecektir. Ayr\u0131ca, her makine i\u00e7in kullan\u0131m talimatlar\u0131 sa\u011fl\u0131yoruz.<\/figcaption><\/figure> <\/figure>    <h2 class=\"wp-block-heading\">Her par\u00e7ay\u0131 fabrikam\u0131zda kuruyoruz ve kurulum s\u00fcrecinin net bir videosunu \u00e7ekiyoruz. Kurulum i\u00e7in resimlerimizi ve videolar\u0131m\u0131z\u0131 takip edebilirsiniz.<\/h2>    <ol class=\"wp-block-list\"> <li>Herhangi bir sorunuz varsa, resim ve videolar \u00e7ekebilirsiniz, \u00e7evrimi\u00e7i hizmet sa\u011fl\u0131yoruz. Veya do\u011frudan video sohbet yapabiliriz.<\/li>    <li>Kurulum, ayarlama ve personel e\u011fitimi i\u00e7in m\u00fchendislerimizi sizin yere y\u00f6nlendirebiliriz.<\/li>    <li>A\u015f\u0131nma par\u00e7alar\u0131, insan hasar\u0131 ve yanl\u0131\u015f kullan\u0131m d\u0131\u015f\u0131nda, ana ekipman ve motor 1 y\u0131l garanti alt\u0131ndad\u0131r ve \u00f6m\u00fcr boyu \u00e7evrimi\u00e7i teknik destek sa\u011fl\u0131yoruz.<\/li>    <li>\u00e7elik \u00e7er\u00e7eveli pirin\u00e7 de\u011firmeni hatt\u0131<\/li>    <li>\u00e7er\u00e7eveli pirin\u00e7 \u00f6\u011f\u00fctme hatt\u0131<\/li> <\/ol>    <p class=\"translation-block\">Pirince \u00e7\u00f6z\u00fcmler hakk\u0131nda daha fazla bilgi edinmek i\u00e7in bu web sitesini ziyaret edin <strong><a href=\"https:\/\/www.agriculture-machine.com\/tr\/rice-mill-category\/\">https:\/\/www.agriculture-machine.com\/rice-mill-category\/<\/a><\/strong>. Herhangi bir sorunuz olursa, l\u00fctfen bizimle ileti\u015fime ge\u00e7mekten \u00e7ekinmeyin, size en iyi \u00e7\u00f6z\u00fcm\u00fc sunuyoruz!<\/p>","protected":false},"excerpt":{"rendered":"<p>Taizy company offers a 25 tons per day output rice milling line that carries a sturdy steel frame configuration designed to provide an efficient and reliable solution for your rice production. The 25 tons per day capacity ensures that you can cope with large-scale rice milling needs for both medium and large rice producers. Meanwhile, [&hellip;]<\/p>\n","protected":false},"author":1,"featured_media":15279,"parent":0,"comment_status":"closed","ping_status":"closed","template":"","tags":[796],"product-type":[875,906],"class_list":["post-15278","product","type-product","status-publish","has-post-thumbnail","hentry","tag-rice","product-type-rice-mill-category","product-type-rice-mill-production-line"],"_links":{"self":[{"href":"https:\/\/www.agriculture-machine.com\/tr\/wp-json\/wp\/v2\/product\/15278","targetHints":{"allow":["GET"]}}],"collection":[{"href":"https:\/\/www.agriculture-machine.com\/tr\/wp-json\/wp\/v2\/product"}],"about":[{"href":"https:\/\/www.agriculture-machine.com\/tr\/wp-json\/wp\/v2\/types\/product"}],"author":[{"embeddable":true,"href":"https:\/\/www.agriculture-machine.com\/tr\/wp-json\/wp\/v2\/users\/1"}],"replies":[{"embeddable":true,"href":"https:\/\/www.agriculture-machine.com\/tr\/wp-json\/wp\/v2\/comments?post=15278"}],"wp:featuredmedia":[{"embeddable":true,"href":"https:\/\/www.agriculture-machine.com\/tr\/wp-json\/wp\/v2\/media\/15279"}],"wp:attachment":[{"href":"https:\/\/www.agriculture-machine.com\/tr\/wp-json\/wp\/v2\/media?parent=15278"}],"wp:term":[{"taxonomy":"post_tag","embeddable":true,"href":"https:\/\/www.agriculture-machine.com\/tr\/wp-json\/wp\/v2\/tags?post=15278"},{"taxonomy":"product-type","embeddable":true,"href":"https:\/\/www.agriculture-machine.com\/tr\/wp-json\/wp\/v2\/product-type?post=15278"}],"curies":[{"name":"wp","href":"https:\/\/api.w.org\/{rel}","templated":true}]}}