{"id":15356,"date":"2023-12-06T15:55:33","date_gmt":"2023-12-06T07:55:33","guid":{"rendered":"https:\/\/www.agriculture-machine.com\/?post_type=product&#038;p=15356"},"modified":"2024-09-18T15:44:23","modified_gmt":"2024-09-18T07:44:23","slug":"30tpd-rice-hulling-plant","status":"publish","type":"product","link":"https:\/\/www.agriculture-machine.com\/tr\/30tpd-rice-hulling-plant\/","title":{"rendered":"30TPD Modern Entegre Pirin\u00e7 Kabuklama Tesisi"},"content":{"rendered":"<p class=\"translation-block\"><strong>30TPD Pirin\u00e7 Kabuk Soyma Tesisi<\/strong> genellikle orta ve b\u00fcy\u00fck \u00f6l\u00e7ekli pirin\u00e7 de\u011firmenleri veya i\u015fleme tesisleri i\u00e7in uygundur ve yenilebilir beyaz pirin\u00e7 talebini kar\u015f\u0131lar. Se\u00e7ilebilecek \u00e7e\u015fitli tonajlar ve yap\u0131land\u0131rmalar mevcuttur, bunlar\u0131 bu sayfaya t\u0131klayarak g\u00f6rebilirsiniz: <strong><a href=\"https:\/\/www.agriculture-machine.com\/tr\/rice-mill-category\/\">https:\/\/www.agriculture-machine.com\/rice-mill-category\/<\/a><\/strong>.<\/p>    <figure class=\"wp-block-image size-full\"><img loading=\"lazy\" decoding=\"async\" width=\"720\" height=\"540\" src=\"https:\/\/www.agriculture-machine.com\/wp-content\/uploads\/2023\/12\/complete-rice-hulling-and-milling-line.webp\" alt=\"Tam pirin\u00e7 kabuk soyma ve \u00f6\u011f\u00fctme hatt\u0131\" class=\"wp-image-15361\" srcset=\"https:\/\/www.agriculture-machine.com\/wp-content\/uploads\/2023\/12\/complete-rice-hulling-and-milling-line.webp 720w, https:\/\/www.agriculture-machine.com\/wp-content\/uploads\/2023\/12\/complete-rice-hulling-and-milling-line-360x270.webp 360w, https:\/\/www.agriculture-machine.com\/wp-content\/uploads\/2023\/12\/complete-rice-hulling-and-milling-line-240x180.webp 240w\" sizes=\"auto, (max-width: 720px) 100vw, 720px\" \/><figcaption class=\"wp-element-caption\">Tam pirin\u00e7 kabuk soyma ve \u00f6\u011f\u00fctme hatt\u0131<\/figcaption><\/figure>    <h2 class=\"wp-block-heading\">30TPD Pirin\u00e7 Kabuk Soyma Tesisi Ana Ekipman Bile\u015fenleri<\/h2>    <p class=\"translation-block\">A\u015fa\u011f\u0131da g\u00f6sterilen kombinasyon nispeten basittir, i\u015f ak\u0131\u015f\u0131 soldan sa\u011fa do\u011fru ilerler; bir ay\u0131klay\u0131c\u0131, kabuk soyucu, yer\u00e7ekimi s\u0131n\u0131fland\u0131r\u0131c\u0131, pirin\u00e7 de\u011firmeni, ikinci pirin\u00e7 de\u011firmeni ve beyaz pirin\u00e7 ay\u0131r\u0131c\u0131dan olu\u015fur. Bu, 15 ton\/g\u00fcn geni\u015fletilmi\u015f hat ile benzerdir (<a href=\"https:\/\/www.agriculture-machine.com\/tr\/rice-mill-production-line\/\"><strong>15TPD Pirin\u00e7 Fabrikas\u0131 \u00dcretim Hatt\u0131 Parlat\u0131c\u0131 ve Beyaz Pirin\u00e7 Ay\u0131r\u0131c\u0131 ile<\/strong><\/a>), ancak her makine daha b\u00fcy\u00fck yap\u0131lm\u0131\u015ft\u0131r.<\/p>    <p>Elbette, ihtiya\u00e7lar\u0131n\u0131za ba\u011fl\u0131 olarak, su buhar\u0131 parlat\u0131c\u0131 da ekleyebilirsiniz. Ayr\u0131ca, renk ay\u0131r\u0131c\u0131lar, hazneler ve paketleme makinelerini daha sonra eklemeye devam edebilirsiniz.<\/p>    <figure class=\"wp-block-image size-full\"><img loading=\"lazy\" decoding=\"async\" width=\"720\" height=\"540\" src=\"https:\/\/www.agriculture-machine.com\/wp-content\/uploads\/2023\/12\/rice-hulling-plant-for-sale.webp\" alt=\"Pirincin Kabuk Soyma Tesisi Sat\u0131l\u0131k\" class=\"wp-image-15357\" srcset=\"https:\/\/www.agriculture-machine.com\/wp-content\/uploads\/2023\/12\/rice-hulling-plant-for-sale.webp 720w, https:\/\/www.agriculture-machine.com\/wp-content\/uploads\/2023\/12\/rice-hulling-plant-for-sale-360x270.webp 360w, https:\/\/www.agriculture-machine.com\/wp-content\/uploads\/2023\/12\/rice-hulling-plant-for-sale-240x180.webp 240w\" sizes=\"auto, (max-width: 720px) 100vw, 720px\" \/><\/figure>    <h2 class=\"wp-block-heading\">30 Ton\/G\u00fcn Pirin\u00e7 \u0130\u015fleme Hatt\u0131 Ekonomik Faydalar<\/h2>    <ol class=\"wp-block-list\"> <li><strong>Y\u00fcksek yat\u0131r\u0131m getirisi:<\/strong> Bu pirin\u00e7 kabuk soyma tesisinin y\u00fcksek verimli \u00fcretim kapasitesi sayesinde \u00e7\u0131kt\u0131 \u00f6nemli \u00f6l\u00e7\u00fcde artar ve b\u00f6ylece yat\u0131r\u0131m\u0131n geri d\u00f6n\u00fc\u015f\u00fc h\u0131zlan\u0131r; yat\u0131r\u0131mc\u0131lar y\u00fcksek getiri bekleyebilir.<\/li>    <li><strong>Daha d\u00fc\u015f\u00fck \u00fcretim maliyetleri:<\/strong> Otomatik kontrol sistemi, ak\u0131ll\u0131 \u00fcretim sa\u011flar; bu da at\u0131klar\u0131n azalt\u0131lmas\u0131na ve i\u015f\u00e7ilik maliyetleri ile enerji t\u00fcketiminin etkin bir \u015fekilde d\u00fc\u015f\u00fcr\u00fclmesine olanak tan\u0131r.<\/li>    <li><strong>Geli\u015ftirilmi\u015f \u00e7\u0131kt\u0131 ve verimlilik:<\/strong> More raw materials can be processed efficiently. This is essential for coping with fluctuations in market demand, handling large orders, and improving the company&#8217;s resilience.<\/li>    <li><strong>G\u00fc\u00e7l\u00fc piyasa rekabeti:<\/strong> Verimli \u00fcretim kapasitesi ve \u00fcst\u00fcn \u00fcr\u00fcn kalitesi sayesinde yat\u0131r\u0131mc\u0131lar piyasada avantajl\u0131 bir konum elde edebilir. Bu, i\u015fletmeye iyi bir marka imaj\u0131 kazand\u0131rabilir, pazar pay\u0131n\u0131 art\u0131rabilir ve daha fazla m\u00fc\u015fteri \u00e7ekebilir.<\/li> <\/ol>    <figure class=\"wp-block-image size-full\"><img loading=\"lazy\" decoding=\"async\" width=\"720\" height=\"540\" src=\"https:\/\/www.agriculture-machine.com\/wp-content\/uploads\/2023\/12\/rice-hulling-plant-factory.webp\" alt=\"pirin\u00e7 kabuk soyma fabrikas\u0131\" class=\"wp-image-15359\" srcset=\"https:\/\/www.agriculture-machine.com\/wp-content\/uploads\/2023\/12\/rice-hulling-plant-factory.webp 720w, https:\/\/www.agriculture-machine.com\/wp-content\/uploads\/2023\/12\/rice-hulling-plant-factory-360x270.webp 360w, https:\/\/www.agriculture-machine.com\/wp-content\/uploads\/2023\/12\/rice-hulling-plant-factory-240x180.webp 240w\" sizes=\"auto, (max-width: 720px) 100vw, 720px\" \/><figcaption class=\"wp-element-caption\">pirin\u00e7 kabuk soyma fabrikas\u0131<\/figcaption><\/figure>    <h2 class=\"wp-block-heading\">Pirin\u00e7 \u00d6\u011f\u00fctme Temel \u0130lkeleri<\/h2>    <p>Kahverengi pirin\u00e7, belirli bir ba\u011fa sahip olan ve endosperm ile ba\u011flant\u0131s\u0131 bulunan nispeten d\u00fczg\u00fcn ve sert bir deri tabakas\u0131na sahiptir; bu ba\u011flant\u0131y\u0131 k\u0131rmak i\u00e7in d\u0131\u015f kuvvet gerekir. <\/p>    <p>\u015eu anda \u00e7e\u015fitli pirin\u00e7 de\u011firmenlerinde s\u0131k\u00e7a kullan\u0131lan, pirin\u00e7 makinesi \u00f6\u011f\u00fctme beyaz odas\u0131 bile\u015fenleri ve pirin\u00e7 taneleri aras\u0131ndaki mekanik kuvvet ve \u00e7arp\u0131\u015fma s\u00fcrt\u00fcnmesi ile kahverengi pirincin beyaz hale getirilmesini sa\u011flar.<\/p>    <figure class=\"wp-block-image size-full\"><img loading=\"lazy\" decoding=\"async\" width=\"720\" height=\"540\" src=\"https:\/\/www.agriculture-machine.com\/wp-content\/uploads\/2023\/12\/paddy-processing-line-machines.webp\" alt=\"pirin\u00e7 i\u015fleme hatt\u0131 makineleri\" class=\"wp-image-15360\" srcset=\"https:\/\/www.agriculture-machine.com\/wp-content\/uploads\/2023\/12\/paddy-processing-line-machines.webp 720w, https:\/\/www.agriculture-machine.com\/wp-content\/uploads\/2023\/12\/paddy-processing-line-machines-360x270.webp 360w, https:\/\/www.agriculture-machine.com\/wp-content\/uploads\/2023\/12\/paddy-processing-line-machines-240x180.webp 240w\" sizes=\"auto, (max-width: 720px) 100vw, 720px\" \/><figcaption class=\"wp-element-caption\">Pirinc i\u015fleme hatt\u0131 makineleri<\/figcaption><\/figure>    <h2 class=\"wp-block-heading\">\u00dcr\u00fcn Kalite G\u00fcvencesi<\/h2>    <ul class=\"wp-block-list\" start=\"3\"> <li><strong>Verimli Tarama Sistemi:<\/strong> \u00d6nde gelen renk ay\u0131rma teknolojisi kullan\u0131labilir, bu da yabanc\u0131 maddeleri ve d\u00fc\u015f\u00fck kaliteli \u00fcr\u00fcnleri etkin \u015fekilde ay\u0131rarak nihai \u00fcr\u00fcnlerin safl\u0131\u011f\u0131n\u0131 ve kalitesini sa\u011flar.<\/li>    <li><strong>Y\u00fcksek kaliteli malzeme se\u00e7imi:<\/strong> Ana par\u00e7alar ve malzemeler, iyi a\u015f\u0131nma direnci, stabilite ve korozyon direnci sa\u011flamak i\u00e7in \u00f6zenle se\u00e7ilir; bu da pirin\u00e7 kabuk soyma tesisinin hizmet \u00f6mr\u00fcn\u00fc uzat\u0131r.<\/li>    <li><strong>S\u0131k\u0131 Kalite Kontrol S\u00fcreci:<\/strong> \u00dcretim s\u00fcrecinde s\u0131k\u0131 kalite kontrol noktalar\u0131 kurulur ve \u00e7ok katmanl\u0131 testler ile her \u00fcr\u00fcn\u00fcn y\u00fcksek kalite standartlar\u0131n\u0131 kar\u015f\u0131lamas\u0131 sa\u011flan\u0131r.<\/li>    <li><strong>Sat\u0131\u015f sonras\u0131 destek hizmetleri:<\/strong> Kapsaml\u0131 sat\u0131\u015f sonras\u0131 hizmetler sunuyoruz; e\u011fitim, bak\u0131m ve y\u00fckseltme gibi hizmetlerle m\u00fc\u015fterilerin kullan\u0131m s\u0131ras\u0131nda zaman\u0131nda destek almas\u0131n\u0131 ve ekipman\u0131n verimli \u00e7al\u0131\u015fmas\u0131n\u0131 sa\u011fl\u0131yoruz.<\/li> <\/ul>    <figure class=\"wp-block-image size-full\"><img loading=\"lazy\" decoding=\"async\" width=\"720\" height=\"540\" src=\"https:\/\/www.agriculture-machine.com\/wp-content\/uploads\/2023\/12\/25-30TPD-rice-hulling-plant-drawing.webp\" alt=\"25-30TPD pirin\u00e7 kabuk soyma tesisi \u00e7izimi\" class=\"wp-image-15358\" srcset=\"https:\/\/www.agriculture-machine.com\/wp-content\/uploads\/2023\/12\/25-30TPD-rice-hulling-plant-drawing.webp 720w, https:\/\/www.agriculture-machine.com\/wp-content\/uploads\/2023\/12\/25-30TPD-rice-hulling-plant-drawing-360x270.webp 360w, https:\/\/www.agriculture-machine.com\/wp-content\/uploads\/2023\/12\/25-30TPD-rice-hulling-plant-drawing-240x180.webp 240w\" sizes=\"auto, (max-width: 720px) 100vw, 720px\" \/><figcaption class=\"wp-element-caption\">25-30TPD pirin\u00e7 kabuk soyma tesisi \u00e7izimi<\/figcaption><\/figure>    <h2 class=\"wp-block-heading\">Ba\u015far\u0131 Hikayeleri<\/h2>    <p>Pirin\u00e7 \u00f6\u011f\u00fctme \u00fcnitesi \u00fcretim hatt\u0131m\u0131z Nijerya, Togo, Filipinler, Gana, Malavi, \u0130ran, Hindistan ve di\u011fer \u00fclkelere g\u00f6nderildi. \u0130\u015fte baz\u0131 \u00f6ne \u00e7\u0131kan \u00f6rnekler:<\/p>    <ol class=\"wp-block-list\"> <li>Endonezya'daki bir pirin\u00e7 fabrikas\u0131, 30TPD pirin\u00e7 kabuk soyma tesisimizi tan\u0131tt\u0131 ve \u00fcretim kapasitesini \u00f6nemli \u00f6l\u00e7\u00fcde art\u0131rd\u0131. Ekipman devreye al\u0131nd\u0131ktan sonra \u00fcretim 0 artt\u0131 ve \u00fcr\u00fcn kalitesi \u00f6nemli \u00f6l\u00e7\u00fcde iyile\u015fti.<\/li>    <li>Banglade\u015f'te k\u00fc\u00e7\u00fck \u00e7ift\u00e7i, \u00fcretim hatt\u0131m\u0131z\u0131 kullanarak pirin\u00e7 de\u011firmenleme s\u00fcrecini ba\u015far\u0131yla otomatikle\u015ftirdi. Bu sadece \u00fcretim verimlili\u011fini art\u0131rmakla kalmaz, ayn\u0131 zamanda \u00fcr\u00fcnleri i\u00e7in daha geni\u015f bir pazar a\u00e7ar.<\/li>    <li>Bir Vietnam pirin\u00e7 fabrikas\u0131, geli\u015fmi\u015f renk ay\u0131rma teknolojisi kullanarak \u00fcr\u00fcn kalitesini ba\u015far\u0131yla art\u0131rd\u0131. Bu, markalar\u0131n\u0131 rekabet\u00e7i piyasada konumland\u0131rmalar\u0131na yard\u0131mc\u0131 oldu.<\/li> <\/ol>    <p>\u0130htiyac\u0131n\u0131z ne olursa olsun, l\u00fctfen bizimle ileti\u015fime ge\u00e7mekten \u00e7ekinmeyin ve bize bildirin. \u0130\u015f ortaklar\u0131m\u0131z size en uygun ve ekonomik \u00e7\u00f6z\u00fcmle yard\u0131mc\u0131 olmaktan memnun olacakt\u0131r.<\/p>","protected":false},"excerpt":{"rendered":"<p>The 30TPD Rice Hulling Plant is usually suitable for medium to large-scale rice mills or processing plants to meet the market demand for edible white rice. There are various tonnages and configurations of rice milling equipment to choose from, which you can view by clicking on this page: https:\/\/www.agriculture-machine.com\/rice-mill-category\/. 30TPD Rice Hulling Plant Main Equipment [&hellip;]<\/p>\n","protected":false},"author":1,"featured_media":15399,"parent":0,"comment_status":"closed","ping_status":"closed","template":"","tags":[796],"product-type":[875,906],"class_list":["post-15356","product","type-product","status-publish","has-post-thumbnail","hentry","tag-rice","product-type-rice-mill-category","product-type-rice-mill-production-line"],"_links":{"self":[{"href":"https:\/\/www.agriculture-machine.com\/tr\/wp-json\/wp\/v2\/product\/15356","targetHints":{"allow":["GET"]}}],"collection":[{"href":"https:\/\/www.agriculture-machine.com\/tr\/wp-json\/wp\/v2\/product"}],"about":[{"href":"https:\/\/www.agriculture-machine.com\/tr\/wp-json\/wp\/v2\/types\/product"}],"author":[{"embeddable":true,"href":"https:\/\/www.agriculture-machine.com\/tr\/wp-json\/wp\/v2\/users\/1"}],"replies":[{"embeddable":true,"href":"https:\/\/www.agriculture-machine.com\/tr\/wp-json\/wp\/v2\/comments?post=15356"}],"wp:featuredmedia":[{"embeddable":true,"href":"https:\/\/www.agriculture-machine.com\/tr\/wp-json\/wp\/v2\/media\/15399"}],"wp:attachment":[{"href":"https:\/\/www.agriculture-machine.com\/tr\/wp-json\/wp\/v2\/media?parent=15356"}],"wp:term":[{"taxonomy":"post_tag","embeddable":true,"href":"https:\/\/www.agriculture-machine.com\/tr\/wp-json\/wp\/v2\/tags?post=15356"},{"taxonomy":"product-type","embeddable":true,"href":"https:\/\/www.agriculture-machine.com\/tr\/wp-json\/wp\/v2\/product-type?post=15356"}],"curies":[{"name":"wp","href":"https:\/\/api.w.org\/{rel}","templated":true}]}}